{"id":12,"date":"2025-06-04T09:07:32","date_gmt":"2025-06-04T09:07:32","guid":{"rendered":"https:\/\/chromeclair.com\/?page_id=12"},"modified":"2025-06-04T09:07:33","modified_gmt":"2025-06-04T09:07:33","slug":"refund_returns","status":"publish","type":"page","link":"https:\/\/chromeclair.com\/de\/refund_returns\/","title":{"rendered":"Erstattungs- und R\u00fcckgabebestimmungen"},"content":{"rendered":"<h1 class=\"wp-block-heading\">R\u00fcckgabe- und Erstattungsbedingungen<\/h1>\n\n\n\n<h1 class=\"wp-block-heading\"><\/h1>\n\n\n\n<p>Wir haben ein 30-t\u00e4giges R\u00fcckgaberecht, d. h. Sie haben 30 Tage nach Erhalt Ihres Artikels Zeit, eine R\u00fcckgabe zu beantragen.<br><br>Um f\u00fcr eine R\u00fcckgabe in Frage zu kommen, muss sich Ihr Artikel in demselben Zustand befinden, in dem Sie ihn erhalten haben: ungetragen oder unbenutzt, mit Etiketten und in der Originalverpackung. Au\u00dferdem ben\u00f6tigen Sie die Quittung oder den Kaufbeleg.<br><br>Um eine R\u00fccksendung einzuleiten, k\u00f6nnen Sie uns unter sales@chromeclair.com kontaktieren. Wenn Ihre R\u00fccksendung akzeptiert wird, erhalten Sie von uns Anweisungen, wie und wohin Sie Ihr Paket schicken k\u00f6nnen. Artikel, die an uns zur\u00fcckgeschickt werden, ohne dass zuvor eine R\u00fccksendung angefordert wurde, werden nicht angenommen.<br><br>Sie k\u00f6nnen uns bei Fragen zur R\u00fcckgabe jederzeit unter sales@chromeclair.com kontaktieren.<\/p>\n\n\n\n<p><strong>Geb\u00fchr f\u00fcr die R\u00fccksendung<\/strong><\/p>\n\n\n\n<p>Die R\u00fccksendekosten gehen zu Lasten des K\u00e4ufers.<\/p>\n\n\n\n<p><strong>Sch\u00e4den und Probleme<\/strong><br>Bitte \u00fcberpr\u00fcfen Sie Ihre Bestellung bei Erhalt und kontaktieren Sie uns sofort, wenn der Artikel defekt oder besch\u00e4digt ist oder wenn Sie den falschen Artikel erhalten haben, damit wir das Problem bewerten und beheben k\u00f6nnen.<\/p>\n\n\n\n<p><strong>Tauschb\u00f6rsen<\/strong><br>Der schnellste Weg, um sicherzustellen, dass Sie bekommen, was Sie wollen, ist die R\u00fcckgabe des Artikels, den Sie haben, und wenn die R\u00fcckgabe akzeptiert wird, machen Sie einen separaten Kauf f\u00fcr den neuen Artikel.<\/p>\n\n\n\n<p><strong>Erstattungen<\/strong><br>Wir werden Sie benachrichtigen, sobald wir Ihre R\u00fccksendung erhalten und gepr\u00fcft haben, und Ihnen mitteilen, ob die R\u00fcckerstattung genehmigt wurde oder nicht. Wenn dies der Fall ist, wird Ihnen die R\u00fcckerstattung automatisch auf Ihre urspr\u00fcngliche Zahlungsmethode \u00fcberwiesen. Bitte denken Sie daran, dass es einige Zeit dauern kann, bis Ihre Bank oder Ihr Kreditkartenunternehmen die Erstattung bearbeitet und verbucht hat.<\/p>","protected":false},"excerpt":{"rendered":"<p>Return &amp; Refund Policy We have a 30-day return policy, which means you have 30 days after receiving your item to request a return. To be eligible for a return, your item must be in the same condition that you received it, unworn or unused, with tags, and in its original packaging. You\u2019ll also need [&hellip;]<\/p>\n","protected":false},"author":1,"featured_media":0,"parent":0,"menu_order":0,"comment_status":"closed","ping_status":"closed","template":"","meta":{"footnotes":""},"class_list":["post-12","page","type-page","status-publish","hentry"],"yoast_head":"<!-- This site is optimized with the Yoast SEO plugin v27.4 - https:\/\/yoast.com\/product\/yoast-seo-wordpress\/ -->\n<title>Refund and Returns Policy - Cat Eye Gel Polish \u2013 HEMA-Free \uff06 TPO-Free<\/title>\n<meta name=\"robots\" content=\"index, follow, max-snippet:-1, max-image-preview:large, max-video-preview:-1\" \/>\n<link rel=\"canonical\" href=\"https:\/\/chromeclair.com\/de\/ruckerstattung_ruckgaben-2\/\" \/>\n<meta property=\"og:locale\" content=\"de_DE\" \/>\n<meta property=\"og:type\" content=\"article\" \/>\n<meta property=\"og:title\" content=\"Refund and Returns Policy - Cat Eye Gel Polish \u2013 HEMA-Free \uff06 TPO-Free\" \/>\n<meta property=\"og:description\" content=\"Return &amp; Refund Policy We have a 30-day return policy, which means you have 30 days after receiving your item to request a return. To be eligible for a return, your item must be in the same condition that you received it, unworn or unused, with tags, and in its original packaging. You\u2019ll also need [&hellip;]\" \/>\n<meta property=\"og:url\" content=\"https:\/\/chromeclair.com\/de\/ruckerstattung_ruckgaben-2\/\" \/>\n<meta property=\"og:site_name\" content=\"Cat Eye Gel Polish \u2013 HEMA-Free \uff06 TPO-Free\" \/>\n<meta property=\"article:modified_time\" content=\"2025-06-04T09:07:33+00:00\" \/>\n<meta name=\"twitter:card\" content=\"summary_large_image\" \/>\n<meta name=\"twitter:label1\" content=\"Gesch\u00e4tzte Lesezeit\" \/>\n\t<meta name=\"twitter:data1\" content=\"2\u00a0Minuten\" \/>\n<script type=\"application\/ld+json\" class=\"yoast-schema-graph\">{\"@context\":\"https:\\\/\\\/schema.org\",\"@graph\":[{\"@type\":\"WebPage\",\"@id\":\"https:\\\/\\\/chromeclair.com\\\/refund_returns\\\/\",\"url\":\"https:\\\/\\\/chromeclair.com\\\/refund_returns\\\/\",\"name\":\"Refund and Returns Policy - Cat Eye Gel Polish \u2013 HEMA-Free \uff06 TPO-Free\",\"isPartOf\":{\"@id\":\"https:\\\/\\\/chromeclair.com\\\/#website\"},\"datePublished\":\"2025-06-04T09:07:32+00:00\",\"dateModified\":\"2025-06-04T09:07:33+00:00\",\"inLanguage\":\"de\",\"potentialAction\":[{\"@type\":\"ReadAction\",\"target\":[\"https:\\\/\\\/chromeclair.com\\\/refund_returns\\\/\"]}]},{\"@type\":\"WebSite\",\"@id\":\"https:\\\/\\\/chromeclair.com\\\/#website\",\"url\":\"https:\\\/\\\/chromeclair.com\\\/\",\"name\":\"Cat Eye Gel Polish \u2013 HEMA-Free \uff06 TPO-Free\",\"description\":\"While others focus on having more colors, we focus on having safer ingredients.\",\"publisher\":{\"@id\":\"https:\\\/\\\/chromeclair.com\\\/#organization\"},\"potentialAction\":[{\"@type\":\"SearchAction\",\"target\":{\"@type\":\"EntryPoint\",\"urlTemplate\":\"https:\\\/\\\/chromeclair.com\\\/?s={search_term_string}\"},\"query-input\":{\"@type\":\"PropertyValueSpecification\",\"valueRequired\":true,\"valueName\":\"search_term_string\"}}],\"inLanguage\":\"de\"},{\"@type\":\"Organization\",\"@id\":\"https:\\\/\\\/chromeclair.com\\\/#organization\",\"name\":\"Cat Eye Gel Polish \u2013 HEMA-Free \uff06 TPO-Free\",\"url\":\"https:\\\/\\\/chromeclair.com\\\/\",\"logo\":{\"@type\":\"ImageObject\",\"inLanguage\":\"de\",\"@id\":\"https:\\\/\\\/chromeclair.com\\\/#\\\/schema\\\/logo\\\/image\\\/\",\"url\":\"https:\\\/\\\/chromeclair.com\\\/wp-content\\\/uploads\\\/2025\\\/06\\\/cropped-CHROMECLAIR-Logo-scaled-1.png\",\"contentUrl\":\"https:\\\/\\\/chromeclair.com\\\/wp-content\\\/uploads\\\/2025\\\/06\\\/cropped-CHROMECLAIR-Logo-scaled-1.png\",\"width\":2151,\"height\":429,\"caption\":\"Cat Eye Gel Polish \u2013 HEMA-Free \uff06 TPO-Free\"},\"image\":{\"@id\":\"https:\\\/\\\/chromeclair.com\\\/#\\\/schema\\\/logo\\\/image\\\/\"}}]}<\/script>\n<!-- \/ Yoast SEO plugin. -->","yoast_head_json":{"title":"Erstattungs- und R\u00fcckgabebedingungen - Cat Eye Gel Polish - HEMA-frei \uff06 TPO-frei","robots":{"index":"index","follow":"follow","max-snippet":"max-snippet:-1","max-image-preview":"max-image-preview:large","max-video-preview":"max-video-preview:-1"},"canonical":"https:\/\/chromeclair.com\/de\/ruckerstattung_ruckgaben-2\/","og_locale":"de_DE","og_type":"article","og_title":"Refund and Returns Policy - Cat Eye Gel Polish \u2013 HEMA-Free \uff06 TPO-Free","og_description":"Return &amp; Refund Policy We have a 30-day return policy, which means you have 30 days after receiving your item to request a return. To be eligible for a return, your item must be in the same condition that you received it, unworn or unused, with tags, and in its original packaging. You\u2019ll also need [&hellip;]","og_url":"https:\/\/chromeclair.com\/de\/ruckerstattung_ruckgaben-2\/","og_site_name":"Cat Eye Gel Polish \u2013 HEMA-Free \uff06 TPO-Free","article_modified_time":"2025-06-04T09:07:33+00:00","twitter_card":"summary_large_image","twitter_misc":{"Gesch\u00e4tzte Lesezeit":"2\u00a0Minuten"},"schema":{"@context":"https:\/\/schema.org","@graph":[{"@type":"WebPage","@id":"https:\/\/chromeclair.com\/refund_returns\/","url":"https:\/\/chromeclair.com\/refund_returns\/","name":"Erstattungs- und R\u00fcckgabebedingungen - Cat Eye Gel Polish - HEMA-frei \uff06 TPO-frei","isPartOf":{"@id":"https:\/\/chromeclair.com\/#website"},"datePublished":"2025-06-04T09:07:32+00:00","dateModified":"2025-06-04T09:07:33+00:00","inLanguage":"de","potentialAction":[{"@type":"ReadAction","target":["https:\/\/chromeclair.com\/refund_returns\/"]}]},{"@type":"WebSite","@id":"https:\/\/chromeclair.com\/#website","url":"https:\/\/chromeclair.com\/","name":"Cat Eye Gel Polish \u2013 HEMA-frei und TPO-frei","description":"W\u00e4hrend andere sich darauf konzentrieren, mehr Farben anzubieten, konzentrieren wir uns darauf, sicherere Inhaltsstoffe zu verwenden.","publisher":{"@id":"https:\/\/chromeclair.com\/#organization"},"potentialAction":[{"@type":"SearchAction","target":{"@type":"EntryPoint","urlTemplate":"https:\/\/chromeclair.com\/?s={search_term_string}"},"query-input":{"@type":"PropertyValueSpecification","valueRequired":true,"valueName":"search_term_string"}}],"inLanguage":"de"},{"@type":"Organization","@id":"https:\/\/chromeclair.com\/#organization","name":"Cat Eye Gel Polish \u2013 HEMA-frei und TPO-frei","url":"https:\/\/chromeclair.com\/","logo":{"@type":"ImageObject","inLanguage":"de","@id":"https:\/\/chromeclair.com\/#\/schema\/logo\/image\/","url":"https:\/\/chromeclair.com\/wp-content\/uploads\/2025\/06\/cropped-CHROMECLAIR-Logo-scaled-1.png","contentUrl":"https:\/\/chromeclair.com\/wp-content\/uploads\/2025\/06\/cropped-CHROMECLAIR-Logo-scaled-1.png","width":2151,"height":429,"caption":"Cat Eye Gel Polish \u2013 HEMA-Free \uff06 TPO-Free"},"image":{"@id":"https:\/\/chromeclair.com\/#\/schema\/logo\/image\/"}}]}},"_links":{"self":[{"href":"https:\/\/chromeclair.com\/de\/wp-json\/wp\/v2\/pages\/12","targetHints":{"allow":["GET"]}}],"collection":[{"href":"https:\/\/chromeclair.com\/de\/wp-json\/wp\/v2\/pages"}],"about":[{"href":"https:\/\/chromeclair.com\/de\/wp-json\/wp\/v2\/types\/page"}],"author":[{"embeddable":true,"href":"https:\/\/chromeclair.com\/de\/wp-json\/wp\/v2\/users\/1"}],"replies":[{"embeddable":true,"href":"https:\/\/chromeclair.com\/de\/wp-json\/wp\/v2\/comments?post=12"}],"version-history":[{"count":1,"href":"https:\/\/chromeclair.com\/de\/wp-json\/wp\/v2\/pages\/12\/revisions"}],"predecessor-version":[{"id":7088,"href":"https:\/\/chromeclair.com\/de\/wp-json\/wp\/v2\/pages\/12\/revisions\/7088"}],"wp:attachment":[{"href":"https:\/\/chromeclair.com\/de\/wp-json\/wp\/v2\/media?parent=12"}],"curies":[{"name":"wp","href":"https:\/\/api.w.org\/{rel}","templated":true}]}}