{"id":7089,"date":"2025-06-04T09:15:23","date_gmt":"2025-06-04T09:15:23","guid":{"rendered":"https:\/\/chromeclair.com\/?page_id=7089"},"modified":"2026-04-27T07:57:37","modified_gmt":"2026-04-27T07:57:37","slug":"shipping-policy","status":"publish","type":"page","link":"https:\/\/chromeclair.com\/de\/shipping-policy\/","title":{"rendered":"Versandpolitik"},"content":{"rendered":"<h1 class=\"wp-block-heading\"><\/h1>\n\n\n\n<p><\/p>\n\n\n\n<ol class=\"wp-block-list\">\n<li>Bei Bestellungen \u00fcber $40 versenden wir per Yanwen Express, und die Versandzeit betr\u00e4gt etwa 7-15 Tage, einschlie\u00dflich Einfuhrz\u00f6lle und Mehrwertsteuer.<\/li>\n<\/ol>\n\n\n\n<p>(Yanwen Express steht in folgenden L\u00e4ndern zur Verf\u00fcgung: Vereinigte Staaten, Kanada, Mexiko, Vereinigtes K\u00f6nigreich, Frankreich, Deutschland, Italien, Spanien, Niederlande, \u00d6sterreich, Belgien, Bulgarien, Schweiz, Zypern, Tschechische Republik, D\u00e4nemark, Estland, Finnland, Griechenland, Kroatien, Ungarn, Irland, Litauen, Luxemburg, Lettland, Malta, Norwegen, Polen, Portugal, Rum\u00e4nien, Schweden, Slowenien, Slowakei, Neuseeland, S\u00fcdkorea, Singapur, Vereinigte Arabische Emirate, Israel, S\u00fcdafrika, Australien)<\/p>\n\n\n\n<p>Versand &amp; Lieferung<\/p>\n\n\n\n<ol class=\"wp-block-list\">\n<li>Allgemeine Informationen<\/li>\n<\/ol>\n\n\n\n<p>Alle Bestellungen h\u00e4ngen von der Verf\u00fcgbarkeit der Produkte ab. Sollte ein Artikel zum Zeitpunkt Ihrer Bestellung nicht vorr\u00e4tig sein, werden wir Sie per E-Mail benachrichtigen und Ihnen den Gesamtbetrag Ihrer Bestellung unter Verwendung der urspr\u00fcnglichen Zahlungsmethode erstatten.<\/p>\n\n\n\n<ol start=\"2\" class=\"wp-block-list\">\n<li>Lieferort<\/li>\n<\/ol>\n\n\n\n<p>Die auf unserer Website angebotenen Artikel werden von unserem Lager in China verschickt. Wir akzeptieren Bestellungen von internationalen Kunden, die nur in die folgenden L\u00e4nder liefern (Sendungen au\u00dferhalb dieser Gebiete sind derzeit nicht m\u00f6glich):<\/p>\n\n\n\n<p>Vereinigte Staaten, Vereinigtes K\u00f6nigreich, Israel, Australien, \u00d6sterreich, Belgien, Bulgarien, Kanada, Tschechien, D\u00e4nemark, Finnland, Frankreich, Deutschland, Griechenland, Ungarn, Indonesien, Irland, Italien, Japan, Lettland, Litauen, Luxemburg, Malaysia, Niederlande, Norwegen, Polen, Portugal, Rum\u00e4nien, Singapur, Slowakei, Slowenien, S\u00fcdkorea, Spanien, Schweiz, Vietnam, Thailand, Vereinigtes K\u00f6nigreich, Kroatien, Zypern, Estland, Vereinigte Arabische Emirate, Schweden, Mauritius, Bahrain, Costa Rica, Algerien, Serbien, Katar, Philippinen, Seychellen, Kolumbien, Kenia, S\u00fcdafrika, Ghana, Nigeria, Mexiko, Neuseeland.<\/p>\n\n\n\n<ol start=\"3\" class=\"wp-block-list\">\n<li>Lieferfrist<\/li>\n<\/ol>\n\n\n\n<p>Eine gesch\u00e4tzte Lieferzeit wird Ihnen nach der Bestellung mitgeteilt. Bei den Lieferzeiten handelt es sich um Sch\u00e4tzungen, die mit dem Versanddatum und nicht mit dem Datum der Bestellung beginnen. Die Lieferzeiten sind nur als Richtwerte zu verstehen und gelten vorbehaltlich der Annahme und Genehmigung Ihrer Bestellung.<\/p>\n\n\n\n<p>Das Lieferdatum kann aufgrund der Versandpraktiken des Spediteurs, des Lieferorts, der Liefermethode und der bestellten Artikel variieren. Die Produkte k\u00f6nnen auch in getrennten Sendungen geliefert werden, da das Gewicht der einzelnen Pakete begrenzt ist.<\/p>\n\n\n\n<ol start=\"4\" class=\"wp-block-list\">\n<li>Anweisungen zur Lieferung<\/li>\n<\/ol>\n\n\n\n<p>Sie k\u00f6nnen uns auf der Check-out-Seite unserer Website einen Hinweis auf besondere Lieferanweisungen hinterlassen.<\/p>\n\n\n\n<ol start=\"5\" class=\"wp-block-list\">\n<li>Kosten f\u00fcr den Versand<\/li>\n<\/ol>\n\n\n\n<p>Wir bieten kostenlosen Versand f\u00fcr Bestellungen \u00fcber $40 von unserer Website.<\/p>\n\n\n\n<p>F\u00fcr Bestellungen unter $40 betr\u00e4gt die Versandgeb\u00fchr $5.<\/p>\n\n\n\n<p>Die Versandkosten richten sich nach dem Gewicht Ihrer Bestellung und der Versandart. Um herauszufinden, wie viel Ihre Bestellung kosten wird, legen Sie einfach die Artikel, die Sie kaufen m\u00f6chten, in Ihren Warenkorb und gehen Sie zur Kasse. An der Kasse werden die Versandkosten angezeigt. In abgelegenen Gebieten oder bei gro\u00dfen oder schweren Artikeln k\u00f6nnen zus\u00e4tzliche Versandkosten anfallen. Sie werden auf der Kassenseite \u00fcber die anfallenden Kosten informiert.<\/p>\n\n\n\n<p>Die Einfuhrsteuer wird nach den Zollbestimmungen des Landes erhoben, in das der Artikel versandt wird.<\/p>\n\n\n\n<ol start=\"6\" class=\"wp-block-list\">\n<li>Schifffahrtsgesellschaft<\/li>\n<\/ol>\n\n\n\n<p>Die meisten Bestellungen werden per Einschreiben, z. B. per Yanwen Express, versandt. <\/p>\n\n\n\n<ol start=\"7\" class=\"wp-block-list\">\n<li>Beim Transport besch\u00e4digte Gegenst\u00e4nde<\/li>\n<\/ol>\n\n\n\n<p>Sollte die Verpackung bei der Lieferung besch\u00e4digt sein, setzen Sie sich bitte sofort mit uns in Verbindung <a href=\"mailto:sales@chromeclair.com\"><strong><mark class=\"has-inline-color has-vivid-cyan-blue-color\">sales@chromeclair.com<\/mark><\/strong><\/a><\/p>\n\n\n\n<ol start=\"8\" class=\"wp-block-list\">\n<li>Fragen<\/li>\n<\/ol>\n\n\n\n<p>Wenn Sie Fragen zur Lieferung und zum Versand Ihrer Bestellung haben, kontaktieren Sie uns bitte unter <a href=\"mailto:sales@chromeclair.com\"><strong><mark class=\"has-inline-color has-vivid-cyan-blue-color\">sales@chromeclair.com<\/mark><\/strong><\/a><\/p>","protected":false},"excerpt":{"rendered":"<p>(Yanwen Express availble countries as follows: United States, Canada, Mexico, United Kingdom, France, Germany, Italy, Spain, Netherlands, Austria, Belgium, Bulgaria, Switzerland, Cyprus, Czech Republic, Denmark, Estonia, Finland, Greece, Croatia, Hungary, Ireland, Lithuania, Luxembourg, Latvia, Malta, Norway, Poland, Portugal, Romania, Sweden, Slovenia, Slovakia, New Zealand, South Korea, Singapore, United Arab Emirates, Israel, South Africa, Australia) Shipping [&hellip;]<\/p>\n","protected":false},"author":1,"featured_media":0,"parent":0,"menu_order":0,"comment_status":"closed","ping_status":"closed","template":"","meta":{"footnotes":""},"class_list":["post-7089","page","type-page","status-publish","hentry"],"yoast_head":"<!-- This site is optimized with the Yoast SEO plugin v27.4 - https:\/\/yoast.com\/product\/yoast-seo-wordpress\/ -->\n<title>Shipping Policy - Cat Eye Gel Polish \u2013 HEMA-Free \uff06 TPO-Free<\/title>\n<meta name=\"robots\" content=\"index, follow, max-snippet:-1, max-image-preview:large, max-video-preview:-1\" \/>\n<link rel=\"canonical\" href=\"https:\/\/chromeclair.com\/de\/schifffahrtspolitik-2\/\" \/>\n<meta property=\"og:locale\" content=\"de_DE\" \/>\n<meta property=\"og:type\" content=\"article\" \/>\n<meta property=\"og:title\" content=\"Shipping Policy - Cat Eye Gel Polish \u2013 HEMA-Free \uff06 TPO-Free\" \/>\n<meta property=\"og:description\" content=\"(Yanwen Express availble countries as follows: United States, Canada, Mexico, United Kingdom, France, Germany, Italy, Spain, Netherlands, Austria, Belgium, Bulgaria, Switzerland, Cyprus, Czech Republic, Denmark, Estonia, Finland, Greece, Croatia, Hungary, Ireland, Lithuania, Luxembourg, Latvia, Malta, Norway, Poland, Portugal, Romania, Sweden, Slovenia, Slovakia, New Zealand, South Korea, Singapore, United Arab Emirates, Israel, South Africa, Australia) Shipping [&hellip;]\" \/>\n<meta property=\"og:url\" content=\"https:\/\/chromeclair.com\/de\/schifffahrtspolitik-2\/\" \/>\n<meta property=\"og:site_name\" content=\"Cat Eye Gel Polish \u2013 HEMA-Free \uff06 TPO-Free\" \/>\n<meta property=\"article:modified_time\" content=\"2026-04-27T07:57:37+00:00\" \/>\n<meta name=\"twitter:card\" content=\"summary_large_image\" \/>\n<meta name=\"twitter:label1\" content=\"Gesch\u00e4tzte Lesezeit\" \/>\n\t<meta name=\"twitter:data1\" content=\"3\u00a0Minuten\" \/>\n<script type=\"application\/ld+json\" class=\"yoast-schema-graph\">{\"@context\":\"https:\\\/\\\/schema.org\",\"@graph\":[{\"@type\":\"WebPage\",\"@id\":\"https:\\\/\\\/chromeclair.com\\\/shipping-policy\\\/\",\"url\":\"https:\\\/\\\/chromeclair.com\\\/shipping-policy\\\/\",\"name\":\"Shipping Policy - Cat Eye Gel Polish \u2013 HEMA-Free \uff06 TPO-Free\",\"isPartOf\":{\"@id\":\"https:\\\/\\\/chromeclair.com\\\/#website\"},\"datePublished\":\"2025-06-04T09:15:23+00:00\",\"dateModified\":\"2026-04-27T07:57:37+00:00\",\"inLanguage\":\"de\",\"potentialAction\":[{\"@type\":\"ReadAction\",\"target\":[\"https:\\\/\\\/chromeclair.com\\\/shipping-policy\\\/\"]}]},{\"@type\":\"WebSite\",\"@id\":\"https:\\\/\\\/chromeclair.com\\\/#website\",\"url\":\"https:\\\/\\\/chromeclair.com\\\/\",\"name\":\"Cat Eye Gel Polish \u2013 HEMA-Free \uff06 TPO-Free\",\"description\":\"While others focus on having more colors, we focus on having safer ingredients.\",\"publisher\":{\"@id\":\"https:\\\/\\\/chromeclair.com\\\/#organization\"},\"potentialAction\":[{\"@type\":\"SearchAction\",\"target\":{\"@type\":\"EntryPoint\",\"urlTemplate\":\"https:\\\/\\\/chromeclair.com\\\/?s={search_term_string}\"},\"query-input\":{\"@type\":\"PropertyValueSpecification\",\"valueRequired\":true,\"valueName\":\"search_term_string\"}}],\"inLanguage\":\"de\"},{\"@type\":\"Organization\",\"@id\":\"https:\\\/\\\/chromeclair.com\\\/#organization\",\"name\":\"Cat Eye Gel Polish \u2013 HEMA-Free \uff06 TPO-Free\",\"url\":\"https:\\\/\\\/chromeclair.com\\\/\",\"logo\":{\"@type\":\"ImageObject\",\"inLanguage\":\"de\",\"@id\":\"https:\\\/\\\/chromeclair.com\\\/#\\\/schema\\\/logo\\\/image\\\/\",\"url\":\"https:\\\/\\\/chromeclair.com\\\/wp-content\\\/uploads\\\/2025\\\/06\\\/cropped-CHROMECLAIR-Logo-scaled-1.png\",\"contentUrl\":\"https:\\\/\\\/chromeclair.com\\\/wp-content\\\/uploads\\\/2025\\\/06\\\/cropped-CHROMECLAIR-Logo-scaled-1.png\",\"width\":2151,\"height\":429,\"caption\":\"Cat Eye Gel Polish \u2013 HEMA-Free \uff06 TPO-Free\"},\"image\":{\"@id\":\"https:\\\/\\\/chromeclair.com\\\/#\\\/schema\\\/logo\\\/image\\\/\"}}]}<\/script>\n<!-- \/ Yoast SEO plugin. -->","yoast_head_json":{"title":"Versandbedingungen - Cat Eye Gel Polish - HEMA-frei \uff06 TPO-frei","robots":{"index":"index","follow":"follow","max-snippet":"max-snippet:-1","max-image-preview":"max-image-preview:large","max-video-preview":"max-video-preview:-1"},"canonical":"https:\/\/chromeclair.com\/de\/schifffahrtspolitik-2\/","og_locale":"de_DE","og_type":"article","og_title":"Shipping Policy - Cat Eye Gel Polish \u2013 HEMA-Free \uff06 TPO-Free","og_description":"(Yanwen Express availble countries as follows: United States, Canada, Mexico, United Kingdom, France, Germany, Italy, Spain, Netherlands, Austria, Belgium, Bulgaria, Switzerland, Cyprus, Czech Republic, Denmark, Estonia, Finland, Greece, Croatia, Hungary, Ireland, Lithuania, Luxembourg, Latvia, Malta, Norway, Poland, Portugal, Romania, Sweden, Slovenia, Slovakia, New Zealand, South Korea, Singapore, United Arab Emirates, Israel, South Africa, Australia) Shipping [&hellip;]","og_url":"https:\/\/chromeclair.com\/de\/schifffahrtspolitik-2\/","og_site_name":"Cat Eye Gel Polish \u2013 HEMA-Free \uff06 TPO-Free","article_modified_time":"2026-04-27T07:57:37+00:00","twitter_card":"summary_large_image","twitter_misc":{"Gesch\u00e4tzte Lesezeit":"3\u00a0Minuten"},"schema":{"@context":"https:\/\/schema.org","@graph":[{"@type":"WebPage","@id":"https:\/\/chromeclair.com\/shipping-policy\/","url":"https:\/\/chromeclair.com\/shipping-policy\/","name":"Versandbedingungen - Cat Eye Gel Polish - HEMA-frei \uff06 TPO-frei","isPartOf":{"@id":"https:\/\/chromeclair.com\/#website"},"datePublished":"2025-06-04T09:15:23+00:00","dateModified":"2026-04-27T07:57:37+00:00","inLanguage":"de","potentialAction":[{"@type":"ReadAction","target":["https:\/\/chromeclair.com\/shipping-policy\/"]}]},{"@type":"WebSite","@id":"https:\/\/chromeclair.com\/#website","url":"https:\/\/chromeclair.com\/","name":"Cat Eye Gel Polish \u2013 HEMA-frei und TPO-frei","description":"W\u00e4hrend andere sich darauf konzentrieren, mehr Farben anzubieten, konzentrieren wir uns darauf, sicherere Inhaltsstoffe zu verwenden.","publisher":{"@id":"https:\/\/chromeclair.com\/#organization"},"potentialAction":[{"@type":"SearchAction","target":{"@type":"EntryPoint","urlTemplate":"https:\/\/chromeclair.com\/?s={search_term_string}"},"query-input":{"@type":"PropertyValueSpecification","valueRequired":true,"valueName":"search_term_string"}}],"inLanguage":"de"},{"@type":"Organization","@id":"https:\/\/chromeclair.com\/#organization","name":"Cat Eye Gel Polish \u2013 HEMA-frei und TPO-frei","url":"https:\/\/chromeclair.com\/","logo":{"@type":"ImageObject","inLanguage":"de","@id":"https:\/\/chromeclair.com\/#\/schema\/logo\/image\/","url":"https:\/\/chromeclair.com\/wp-content\/uploads\/2025\/06\/cropped-CHROMECLAIR-Logo-scaled-1.png","contentUrl":"https:\/\/chromeclair.com\/wp-content\/uploads\/2025\/06\/cropped-CHROMECLAIR-Logo-scaled-1.png","width":2151,"height":429,"caption":"Cat Eye Gel Polish \u2013 HEMA-Free \uff06 TPO-Free"},"image":{"@id":"https:\/\/chromeclair.com\/#\/schema\/logo\/image\/"}}]}},"_links":{"self":[{"href":"https:\/\/chromeclair.com\/de\/wp-json\/wp\/v2\/pages\/7089","targetHints":{"allow":["GET"]}}],"collection":[{"href":"https:\/\/chromeclair.com\/de\/wp-json\/wp\/v2\/pages"}],"about":[{"href":"https:\/\/chromeclair.com\/de\/wp-json\/wp\/v2\/types\/page"}],"author":[{"embeddable":true,"href":"https:\/\/chromeclair.com\/de\/wp-json\/wp\/v2\/users\/1"}],"replies":[{"embeddable":true,"href":"https:\/\/chromeclair.com\/de\/wp-json\/wp\/v2\/comments?post=7089"}],"version-history":[{"count":5,"href":"https:\/\/chromeclair.com\/de\/wp-json\/wp\/v2\/pages\/7089\/revisions"}],"predecessor-version":[{"id":11534,"href":"https:\/\/chromeclair.com\/de\/wp-json\/wp\/v2\/pages\/7089\/revisions\/11534"}],"wp:attachment":[{"href":"https:\/\/chromeclair.com\/de\/wp-json\/wp\/v2\/media?parent=7089"}],"curies":[{"name":"wp","href":"https:\/\/api.w.org\/{rel}","templated":true}]}}