{"id":7093,"date":"2025-06-04T09:32:00","date_gmt":"2025-06-04T09:32:00","guid":{"rendered":"https:\/\/chromeclair.com\/?page_id=7093"},"modified":"2026-01-21T07:38:30","modified_gmt":"2026-01-21T07:38:30","slug":"about-us","status":"publish","type":"page","link":"https:\/\/chromeclair.com\/de\/about-us\/","title":{"rendered":"\u00dcber uns"},"content":{"rendered":"<figure class=\"wp-block-embed is-type-video is-provider-youtube wp-block-embed-youtube wp-embed-aspect-16-9 wp-has-aspect-ratio\"><div class=\"wp-block-embed__wrapper\">\n<div class=\"video-container\"><iframe title=\"\ud83d\udd2c So k\u00f6nnen Sie uns besser kennenlernen. WEB\uff1ahttps:\/\/chromeclair.com\/\" width=\"563\" height=\"1000\" src=\"https:\/\/www.youtube.com\/embed\/SXO9GWrkvtE?feature=oembed\" frameborder=\"0\" allow=\"accelerometer; autoplay; clipboard-write; encrypted-media; gyroscope; picture-in-picture; web-share\" referrerpolicy=\"strict-origin-when-cross-origin\" allowfullscreen><\/iframe><\/div>\n<\/div><\/figure>\n\n\n\n<p>Hinter der schillernden Welt der Nagelkunst verbirgt sich eine Geschichte, die nur wenige kennen.<br>Seit 1996 gibt es in Changyi, China, ein Biochemieunternehmen namens <strong>Longchang<\/strong> begannen eine intensive und stille Erforschung der \u201cSch\u00f6nheit\u201d. Fast drei Jahrzehnte lang gab es in ihren Labors keine leuchtenden Farben \u2013 nur das unerm\u00fcdliche Streben nach Perfektion auf molekularer Ebene. Sie lieferten sichere, stabile Kerninhaltsstoffe an weltweit f\u00fchrende Marken, sch\u00fctzten die Sch\u00f6nheit an den Fingerspitzen weltweit und traten dabei nie ins Rampenlicht.<\/p>\n\n\n\n<p>Im Jahr 2024 wurde ein neuer Traum geboren \u2013<strong>CHROMA-GRUPPE BEGRENZT<\/strong>.<br>Wir haben uns gefragt: <em>Warum nicht fast drei\u00dfig Jahre Erfahrung im Bereich Biotechnologie in au\u00dfergew\u00f6hnliche Produkte umwandeln, die jeder Beauty-Liebhaber mit gutem Gewissen verwenden kann?<\/em><\/p>\n\n\n\n<p>Und so, <strong>CHROM\u00c9CLAIR UV-Gel-Nagellack<\/strong> wurde lebendig.<\/p>\n\n\n\n<p>Wir glauben, dass wahrer Luxus Sch\u00f6nheit ohne Kompromisse ist. W\u00e4hrend ein Gro\u00dfteil der Branche immer noch auf potenziell sensibilisierende Inhaltsstoffe wie <strong>TPO<\/strong> und <strong>HEMA<\/strong>, Unser Forschungs- und Entwicklungsteam lie\u00df sich von Tausenden von Rezepturen inspirieren, die bei Longchang entwickelt wurden, und machte sich daran, eine <strong>\u201cRevolution der sauberen Inhaltsstoffe\u201d.\u201d<\/strong><br>Es war ein anspruchsvoller Aufstieg \u2013 aber wir waren schon immer davon \u00fcberzeugt, dass Sicherheit die Grundlage f\u00fcr Sch\u00f6nheit ist.<\/p>\n\n\n\n<p>Heute k\u00f6nnen wir mit Stolz verk\u00fcnden, dass die neue Formel von CHROM\u00c9CLAIR unser Ziel erreicht hat. <strong>\u201cDoppelt frei\u201d-Versprechen \u2013 frei von TPO und HEMA.<\/strong><br>Es geht um mehr als nur das Entfernen von Inhaltsstoffen \u2013 es ist eine komplette Neudefinition dessen, was gesunde Nagelpflege sein kann.<br>Das bedeutet geringere Sensibilisierungsrisiken.<br>Das bedeutet Farbergebnisse und Glanz wie beim Friseur, kombiniert mit unvergleichlicher Sanftheit und Sicherheit.<\/p>\n\n\n\n<p><strong>CHROM\u00c9CLAIR<\/strong> bedeutet \u201cklar, blitzfarben, leuchtende Farbe\u201d.\u201d<br>Dieses Licht wird durch 29 Jahre wissenschaftliche Expertise von Longchang und durch unser Engagement, jeden Nutzer mit Selbstvertrauen strahlen zu lassen, erhellt.<\/p>\n\n\n\n<p>Wir sind nicht nur eine neue Marke. Wir sind die Erben und Innovatoren jahrzehntelanger Weisheit.<br>Wir laden Sie ein, dies zu erleben Seit 1996: Seelenfrieden.<\/p>\n\n\n\n<p><strong>\u201cSie w\u00e4hlen nicht nur eine Flasche Gel-Nagellack \u2013 Sie w\u00e4hlen einen neuen Standard f\u00fcr gesunde N\u00e4gel. W\u00e4hrend andere noch Formeln aus vergangenen Jahrzehnten verwenden, sind wir bereits zur n\u00e4chsten Generation \u00fcbergegangen.\u201d<\/strong><\/p>\n\n\n\n<p><strong><em>Wir kommen von der Formulierungsseite - und nicht nur vom Wiederverkauf von Gelpolitur. <\/em><em>Wir arbeiten seit Jahren mit UV-H\u00e4rtungssystemen und wissen daher, worauf es in der Flasche wirklich ankommt.<\/em><\/strong><\/p>\n\n\n\n<p><strong>Diese Formel wurde sp\u00e4ter nicht mehr angepasst. <\/strong><strong>Es wurde vom ersten Tag an so entwickelt, dass es den strengen europ\u00e4ischen Sicherheitsstandards entspricht. Sicherheit war f\u00fcr uns kein nachtr\u00e4glicher Gedanke - sie war der Ausgangspunkt.<\/strong><\/p>\n\n\n\n<figure class=\"wp-block-image size-large\"><img fetchpriority=\"high\" decoding=\"async\" width=\"1024\" height=\"683\" src=\"https:\/\/chromeclair.com\/wp-content\/uploads\/2025\/12\/CHROMECLAIR-factory-1024x683.webp\" alt=\"\" class=\"wp-image-10530\" srcset=\"https:\/\/chromeclair.com\/wp-content\/uploads\/2025\/12\/CHROMECLAIR-factory-1024x683.webp 1024w, https:\/\/chromeclair.com\/wp-content\/uploads\/2025\/12\/CHROMECLAIR-factory-300x200.webp 300w, https:\/\/chromeclair.com\/wp-content\/uploads\/2025\/12\/CHROMECLAIR-factory-768x512.webp 768w, https:\/\/chromeclair.com\/wp-content\/uploads\/2025\/12\/CHROMECLAIR-factory-1536x1024.webp 1536w, https:\/\/chromeclair.com\/wp-content\/uploads\/2025\/12\/CHROMECLAIR-factory-2048x1365.webp 2048w, https:\/\/chromeclair.com\/wp-content\/uploads\/2025\/12\/CHROMECLAIR-factory-18x12.webp 18w, https:\/\/chromeclair.com\/wp-content\/uploads\/2025\/12\/CHROMECLAIR-factory-990x660.webp 990w, https:\/\/chromeclair.com\/wp-content\/uploads\/2025\/12\/CHROMECLAIR-factory-441x294.webp 441w, https:\/\/chromeclair.com\/wp-content\/uploads\/2025\/12\/CHROMECLAIR-factory-800x533.webp 800w, https:\/\/chromeclair.com\/wp-content\/uploads\/2025\/12\/CHROMECLAIR-factory-150x100.webp 150w\" sizes=\"(max-width: 1024px) 100vw, 1024px\" \/><\/figure>\n\n\n\n<p><strong>Changyi Longchang Biochemische Co., Ltd.<\/strong><\/p>\n\n\n\n<p>Shibu-Entwicklungszone, Changyi-Stadt, Weifang-Stadt, Provinz Shandong.<\/p>\n\n\n\n<p><strong>Shandong Changhong Chemical Co., Ltd.<\/strong><\/p>\n\n\n\n<p>2411, Geb\u00e4ude 3, Aosheng Building, High-Tech-Zone, Jinan City, Provinz Shandong.<\/p>\n\n\n\n<p><strong>CHROMA-GRUPPE BEGRENZT<\/strong><\/p>\n\n\n\n<p>WOHNUNG 2304, 23\/F HO KING, COMM<\/p>\n\n\n\n<p>ZENTRUM, 2-16 FA YUEN STREET,<\/p>\n\n\n\n<p>MONG KOK<\/p>\n\n\n\n<p>HONGKONG<\/p>","protected":false},"excerpt":{"rendered":"<p>Behind the dazzling world of nail art lies a story few have ever heard.Since 1996, in Changyi, China, a biochemical company named Longchang began a deep and quiet exploration of \u201cbeauty.\u201d For nearly three decades, their laboratories held no vibrant colors\u2014only a relentless pursuit of perfection at the molecular level. They supplied safe, stable core [&hellip;]<\/p>\n","protected":false},"author":1,"featured_media":0,"parent":0,"menu_order":0,"comment_status":"closed","ping_status":"closed","template":"","meta":{"footnotes":""},"class_list":["post-7093","page","type-page","status-publish","hentry"],"yoast_head":"<!-- This site is optimized with the Yoast SEO plugin v27.4 - https:\/\/yoast.com\/product\/yoast-seo-wordpress\/ -->\n<title>About us - Cat Eye Gel Polish \u2013 HEMA-Free \uff06 TPO-Free<\/title>\n<meta name=\"robots\" content=\"index, follow, max-snippet:-1, max-image-preview:large, max-video-preview:-1\" \/>\n<link rel=\"canonical\" href=\"https:\/\/chromeclair.com\/de\/uber-uns-2\/\" \/>\n<meta property=\"og:locale\" content=\"de_DE\" \/>\n<meta property=\"og:type\" content=\"article\" \/>\n<meta property=\"og:title\" content=\"About us - Cat Eye Gel Polish \u2013 HEMA-Free \uff06 TPO-Free\" \/>\n<meta property=\"og:description\" content=\"Behind the dazzling world of nail art lies a story few have ever heard.Since 1996, in Changyi, China, a biochemical company named Longchang began a deep and quiet exploration of \u201cbeauty.\u201d For nearly three decades, their laboratories held no vibrant colors\u2014only a relentless pursuit of perfection at the molecular level. They supplied safe, stable core [&hellip;]\" \/>\n<meta property=\"og:url\" content=\"https:\/\/chromeclair.com\/de\/uber-uns-2\/\" \/>\n<meta property=\"og:site_name\" content=\"Cat Eye Gel Polish \u2013 HEMA-Free \uff06 TPO-Free\" \/>\n<meta property=\"article:modified_time\" content=\"2026-01-21T07:38:30+00:00\" \/>\n<meta property=\"og:image\" content=\"https:\/\/chromeclair.com\/wp-content\/uploads\/2025\/12\/CHROMECLAIR-factory-scaled.webp\" \/>\n\t<meta property=\"og:image:width\" content=\"2560\" \/>\n\t<meta property=\"og:image:height\" content=\"1707\" \/>\n\t<meta property=\"og:image:type\" content=\"image\/webp\" \/>\n<meta name=\"twitter:card\" content=\"summary_large_image\" \/>\n<meta name=\"twitter:label1\" content=\"Gesch\u00e4tzte Lesezeit\" \/>\n\t<meta name=\"twitter:data1\" content=\"3\u00a0Minuten\" \/>\n<script type=\"application\/ld+json\" class=\"yoast-schema-graph\">{\"@context\":\"https:\\\/\\\/schema.org\",\"@graph\":[{\"@type\":\"WebPage\",\"@id\":\"https:\\\/\\\/chromeclair.com\\\/about-us\\\/\",\"url\":\"https:\\\/\\\/chromeclair.com\\\/about-us\\\/\",\"name\":\"About us - Cat Eye Gel Polish \u2013 HEMA-Free \uff06 TPO-Free\",\"isPartOf\":{\"@id\":\"https:\\\/\\\/chromeclair.com\\\/#website\"},\"primaryImageOfPage\":{\"@id\":\"https:\\\/\\\/chromeclair.com\\\/about-us\\\/#primaryimage\"},\"image\":{\"@id\":\"https:\\\/\\\/chromeclair.com\\\/about-us\\\/#primaryimage\"},\"thumbnailUrl\":\"https:\\\/\\\/chromeclair.com\\\/wp-content\\\/uploads\\\/2025\\\/12\\\/CHROMECLAIR-factory-1024x683.webp\",\"datePublished\":\"2025-06-04T09:32:00+00:00\",\"dateModified\":\"2026-01-21T07:38:30+00:00\",\"inLanguage\":\"de\",\"potentialAction\":[{\"@type\":\"ReadAction\",\"target\":[\"https:\\\/\\\/chromeclair.com\\\/about-us\\\/\"]}]},{\"@type\":\"ImageObject\",\"inLanguage\":\"de\",\"@id\":\"https:\\\/\\\/chromeclair.com\\\/about-us\\\/#primaryimage\",\"url\":\"https:\\\/\\\/chromeclair.com\\\/wp-content\\\/uploads\\\/2025\\\/12\\\/CHROMECLAIR-factory-1024x683.webp\",\"contentUrl\":\"https:\\\/\\\/chromeclair.com\\\/wp-content\\\/uploads\\\/2025\\\/12\\\/CHROMECLAIR-factory-1024x683.webp\"},{\"@type\":\"WebSite\",\"@id\":\"https:\\\/\\\/chromeclair.com\\\/#website\",\"url\":\"https:\\\/\\\/chromeclair.com\\\/\",\"name\":\"Cat Eye Gel Polish \u2013 HEMA-Free \uff06 TPO-Free\",\"description\":\"While others focus on having more colors, we focus on having safer ingredients.\",\"publisher\":{\"@id\":\"https:\\\/\\\/chromeclair.com\\\/#organization\"},\"potentialAction\":[{\"@type\":\"SearchAction\",\"target\":{\"@type\":\"EntryPoint\",\"urlTemplate\":\"https:\\\/\\\/chromeclair.com\\\/?s={search_term_string}\"},\"query-input\":{\"@type\":\"PropertyValueSpecification\",\"valueRequired\":true,\"valueName\":\"search_term_string\"}}],\"inLanguage\":\"de\"},{\"@type\":\"Organization\",\"@id\":\"https:\\\/\\\/chromeclair.com\\\/#organization\",\"name\":\"Cat Eye Gel Polish \u2013 HEMA-Free \uff06 TPO-Free\",\"url\":\"https:\\\/\\\/chromeclair.com\\\/\",\"logo\":{\"@type\":\"ImageObject\",\"inLanguage\":\"de\",\"@id\":\"https:\\\/\\\/chromeclair.com\\\/#\\\/schema\\\/logo\\\/image\\\/\",\"url\":\"https:\\\/\\\/chromeclair.com\\\/wp-content\\\/uploads\\\/2025\\\/06\\\/cropped-CHROMECLAIR-Logo-scaled-1.png\",\"contentUrl\":\"https:\\\/\\\/chromeclair.com\\\/wp-content\\\/uploads\\\/2025\\\/06\\\/cropped-CHROMECLAIR-Logo-scaled-1.png\",\"width\":2151,\"height\":429,\"caption\":\"Cat Eye Gel Polish \u2013 HEMA-Free \uff06 TPO-Free\"},\"image\":{\"@id\":\"https:\\\/\\\/chromeclair.com\\\/#\\\/schema\\\/logo\\\/image\\\/\"}}]}<\/script>\n<!-- \/ Yoast SEO plugin. -->","yoast_head_json":{"title":"\u00dcber uns - Cat Eye Gel Polish - HEMA-frei \uff06 TPO-frei","robots":{"index":"index","follow":"follow","max-snippet":"max-snippet:-1","max-image-preview":"max-image-preview:large","max-video-preview":"max-video-preview:-1"},"canonical":"https:\/\/chromeclair.com\/de\/uber-uns-2\/","og_locale":"de_DE","og_type":"article","og_title":"About us - Cat Eye Gel Polish \u2013 HEMA-Free \uff06 TPO-Free","og_description":"Behind the dazzling world of nail art lies a story few have ever heard.Since 1996, in Changyi, China, a biochemical company named Longchang began a deep and quiet exploration of \u201cbeauty.\u201d For nearly three decades, their laboratories held no vibrant colors\u2014only a relentless pursuit of perfection at the molecular level. They supplied safe, stable core [&hellip;]","og_url":"https:\/\/chromeclair.com\/de\/uber-uns-2\/","og_site_name":"Cat Eye Gel Polish \u2013 HEMA-Free \uff06 TPO-Free","article_modified_time":"2026-01-21T07:38:30+00:00","og_image":[{"width":2560,"height":1707,"url":"https:\/\/chromeclair.com\/wp-content\/uploads\/2025\/12\/CHROMECLAIR-factory-scaled.webp","type":"image\/webp"}],"twitter_card":"summary_large_image","twitter_misc":{"Gesch\u00e4tzte Lesezeit":"3\u00a0Minuten"},"schema":{"@context":"https:\/\/schema.org","@graph":[{"@type":"WebPage","@id":"https:\/\/chromeclair.com\/about-us\/","url":"https:\/\/chromeclair.com\/about-us\/","name":"\u00dcber uns - Cat Eye Gel Polish - HEMA-frei \uff06 TPO-frei","isPartOf":{"@id":"https:\/\/chromeclair.com\/#website"},"primaryImageOfPage":{"@id":"https:\/\/chromeclair.com\/about-us\/#primaryimage"},"image":{"@id":"https:\/\/chromeclair.com\/about-us\/#primaryimage"},"thumbnailUrl":"https:\/\/chromeclair.com\/wp-content\/uploads\/2025\/12\/CHROMECLAIR-factory-1024x683.webp","datePublished":"2025-06-04T09:32:00+00:00","dateModified":"2026-01-21T07:38:30+00:00","inLanguage":"de","potentialAction":[{"@type":"ReadAction","target":["https:\/\/chromeclair.com\/about-us\/"]}]},{"@type":"ImageObject","inLanguage":"de","@id":"https:\/\/chromeclair.com\/about-us\/#primaryimage","url":"https:\/\/chromeclair.com\/wp-content\/uploads\/2025\/12\/CHROMECLAIR-factory-1024x683.webp","contentUrl":"https:\/\/chromeclair.com\/wp-content\/uploads\/2025\/12\/CHROMECLAIR-factory-1024x683.webp"},{"@type":"WebSite","@id":"https:\/\/chromeclair.com\/#website","url":"https:\/\/chromeclair.com\/","name":"Cat Eye Gel Polish \u2013 HEMA-frei und TPO-frei","description":"W\u00e4hrend andere sich darauf konzentrieren, mehr Farben anzubieten, konzentrieren wir uns darauf, sicherere Inhaltsstoffe zu verwenden.","publisher":{"@id":"https:\/\/chromeclair.com\/#organization"},"potentialAction":[{"@type":"SearchAction","target":{"@type":"EntryPoint","urlTemplate":"https:\/\/chromeclair.com\/?s={search_term_string}"},"query-input":{"@type":"PropertyValueSpecification","valueRequired":true,"valueName":"search_term_string"}}],"inLanguage":"de"},{"@type":"Organization","@id":"https:\/\/chromeclair.com\/#organization","name":"Cat Eye Gel Polish \u2013 HEMA-frei und TPO-frei","url":"https:\/\/chromeclair.com\/","logo":{"@type":"ImageObject","inLanguage":"de","@id":"https:\/\/chromeclair.com\/#\/schema\/logo\/image\/","url":"https:\/\/chromeclair.com\/wp-content\/uploads\/2025\/06\/cropped-CHROMECLAIR-Logo-scaled-1.png","contentUrl":"https:\/\/chromeclair.com\/wp-content\/uploads\/2025\/06\/cropped-CHROMECLAIR-Logo-scaled-1.png","width":2151,"height":429,"caption":"Cat Eye Gel Polish \u2013 HEMA-Free \uff06 TPO-Free"},"image":{"@id":"https:\/\/chromeclair.com\/#\/schema\/logo\/image\/"}}]}},"_links":{"self":[{"href":"https:\/\/chromeclair.com\/de\/wp-json\/wp\/v2\/pages\/7093","targetHints":{"allow":["GET"]}}],"collection":[{"href":"https:\/\/chromeclair.com\/de\/wp-json\/wp\/v2\/pages"}],"about":[{"href":"https:\/\/chromeclair.com\/de\/wp-json\/wp\/v2\/types\/page"}],"author":[{"embeddable":true,"href":"https:\/\/chromeclair.com\/de\/wp-json\/wp\/v2\/users\/1"}],"replies":[{"embeddable":true,"href":"https:\/\/chromeclair.com\/de\/wp-json\/wp\/v2\/comments?post=7093"}],"version-history":[{"count":10,"href":"https:\/\/chromeclair.com\/de\/wp-json\/wp\/v2\/pages\/7093\/revisions"}],"predecessor-version":[{"id":10939,"href":"https:\/\/chromeclair.com\/de\/wp-json\/wp\/v2\/pages\/7093\/revisions\/10939"}],"wp:attachment":[{"href":"https:\/\/chromeclair.com\/de\/wp-json\/wp\/v2\/media?parent=7093"}],"curies":[{"name":"wp","href":"https:\/\/api.w.org\/{rel}","templated":true}]}}