{"id":10029,"date":"2025-11-06T08:23:32","date_gmt":"2025-11-06T08:23:32","guid":{"rendered":"https:\/\/chromeclair.com\/?post_type=product&#038;p=10029"},"modified":"2026-04-13T05:56:55","modified_gmt":"2026-04-13T05:56:55","slug":"professional-nail-softener-20ml","status":"publish","type":"product","link":"https:\/\/chromeclair.com\/de\/product\/professional-nail-softener-20ml\/","title":{"rendered":"Professioneller Nagelaufweicher 20ml"},"content":{"rendered":"<p><strong>Verabschieden Sie sich vom schmerzhaften Schneiden dicker, harter Zehenn\u00e4gel! <\/strong><\/p>\n\n\n\n<p>Dieser Nagelaufweicher weicht harte Zehenn\u00e4gel effektiv auf und macht das Trimmen leicht und einfach. <\/p>\n\n\n\n<p>Angereichert mit pflegenden Inhaltsstoffen, genie\u00dfen Sie ein professionelles Pflegeerlebnis zu Hause.<\/p>","protected":false},"excerpt":{"rendered":"<p>Verabschieden Sie sich vom schmerzhaften Schneiden dicker, harter Zehenn\u00e4gel! Dieser Nagelaufweicher weicht harte Zehenn\u00e4gel effektiv auf und macht das Trimmen leicht und einfach. Angereichert mit pflegenden Inhaltsstoffen, genie\u00dfen Sie ein professionelles Pflegeerlebnis zu Hause.<\/p>","protected":false},"featured_media":10030,"comment_status":"open","ping_status":"closed","template":"","meta":[],"product_brand":[162],"product_cat":[202],"product_tag":[],"class_list":{"0":"post-10029","1":"product","2":"type-product","3":"status-publish","4":"has-post-thumbnail","6":"product_brand-chromeclair","7":"product_cat-cuticle-oil-cuticle-softener","9":"first","10":"instock","11":"shipping-taxable","12":"purchasable","13":"product-type-simple"},"yoast_head":"<!-- This site is optimized with the Yoast SEO plugin v27.4 - https:\/\/yoast.com\/product\/yoast-seo-wordpress\/ -->\n<title>Nail Softener for Thick &amp; Hard Nails Easy Trimming Nail Softener -CHROM\u00c9CLAIR<\/title>\n<meta name=\"description\" content=\"Say goodbye to the pain of trimming thick, hard toenails! This nail softener effectively softens tough toenails, making trimming easy and simple. Enriched with nourishing ingredients, enjoy a professional care experience at home -CHROM\u00c9CLAIR\" \/>\n<meta name=\"robots\" content=\"index, follow, max-snippet:-1, max-image-preview:large, max-video-preview:-1\" \/>\n<link rel=\"canonical\" href=\"https:\/\/chromeclair.com\/de\/produkt\/professional-nail-softener-20ml\/\" \/>\n<meta property=\"og:locale\" content=\"de_DE\" \/>\n<meta property=\"og:type\" content=\"article\" \/>\n<meta property=\"og:title\" content=\"Nail Softener for Thick &amp; Hard Nails Easy Trimming Nail Softener -CHROM\u00c9CLAIR\" \/>\n<meta property=\"og:description\" content=\"Say goodbye to the pain of trimming thick, hard toenails! This nail softener effectively softens tough toenails, making trimming easy and simple. Enriched with nourishing ingredients, enjoy a professional care experience at home -CHROM\u00c9CLAIR\" \/>\n<meta property=\"og:url\" content=\"https:\/\/chromeclair.com\/de\/produkt\/professional-nail-softener-20ml\/\" \/>\n<meta property=\"og:site_name\" content=\"Cat Eye Gel Polish \u2013 HEMA-Free \uff06 TPO-Free\" \/>\n<meta property=\"article:modified_time\" content=\"2026-04-13T05:56:55+00:00\" \/>\n<meta property=\"og:image\" content=\"https:\/\/chromeclair.com\/wp-content\/uploads\/2025\/11\/\u8f6f\u5316\u5242\u767d\u5e951.webp\" \/>\n\t<meta property=\"og:image:width\" content=\"1000\" \/>\n\t<meta property=\"og:image:height\" content=\"1000\" \/>\n\t<meta property=\"og:image:type\" content=\"image\/webp\" \/>\n<meta name=\"twitter:card\" content=\"summary_large_image\" \/>\n<meta name=\"twitter:label1\" content=\"Gesch\u00e4tzte Lesezeit\" \/>\n\t<meta name=\"twitter:data1\" content=\"1\u00a0Minute\" \/>\n<script type=\"application\/ld+json\" class=\"yoast-schema-graph\">{\"@context\":\"https:\\\/\\\/schema.org\",\"@graph\":[{\"@type\":\"WebPage\",\"@id\":\"https:\\\/\\\/chromeclair.com\\\/product\\\/professional-nail-softener-20ml\\\/\",\"url\":\"https:\\\/\\\/chromeclair.com\\\/product\\\/professional-nail-softener-20ml\\\/\",\"name\":\"Nail Softener for Thick & Hard Nails Easy Trimming Nail Softener -CHROM\u00c9CLAIR\",\"isPartOf\":{\"@id\":\"https:\\\/\\\/chromeclair.com\\\/#website\"},\"primaryImageOfPage\":{\"@id\":\"https:\\\/\\\/chromeclair.com\\\/product\\\/professional-nail-softener-20ml\\\/#primaryimage\"},\"image\":{\"@id\":\"https:\\\/\\\/chromeclair.com\\\/product\\\/professional-nail-softener-20ml\\\/#primaryimage\"},\"thumbnailUrl\":\"https:\\\/\\\/chromeclair.com\\\/wp-content\\\/uploads\\\/2025\\\/11\\\/\u8f6f\u5316\u5242\u767d\u5e951.webp\",\"datePublished\":\"2025-11-06T08:23:32+00:00\",\"dateModified\":\"2026-04-13T05:56:55+00:00\",\"description\":\"Say goodbye to the pain of trimming thick, hard toenails! This nail softener effectively softens tough toenails, making trimming easy and simple. Enriched with nourishing ingredients, enjoy a professional care experience at home -CHROM\u00c9CLAIR\",\"breadcrumb\":{\"@id\":\"https:\\\/\\\/chromeclair.com\\\/product\\\/professional-nail-softener-20ml\\\/#breadcrumb\"},\"inLanguage\":\"de\",\"potentialAction\":[{\"@type\":\"ReadAction\",\"target\":[\"https:\\\/\\\/chromeclair.com\\\/product\\\/professional-nail-softener-20ml\\\/\"]}]},{\"@type\":\"ImageObject\",\"inLanguage\":\"de\",\"@id\":\"https:\\\/\\\/chromeclair.com\\\/product\\\/professional-nail-softener-20ml\\\/#primaryimage\",\"url\":\"https:\\\/\\\/chromeclair.com\\\/wp-content\\\/uploads\\\/2025\\\/11\\\/\u8f6f\u5316\u5242\u767d\u5e951.webp\",\"contentUrl\":\"https:\\\/\\\/chromeclair.com\\\/wp-content\\\/uploads\\\/2025\\\/11\\\/\u8f6f\u5316\u5242\u767d\u5e951.webp\",\"width\":1000,\"height\":1000},{\"@type\":\"BreadcrumbList\",\"@id\":\"https:\\\/\\\/chromeclair.com\\\/product\\\/professional-nail-softener-20ml\\\/#breadcrumb\",\"itemListElement\":[{\"@type\":\"ListItem\",\"position\":1,\"name\":\"Home\",\"item\":\"https:\\\/\\\/chromeclair.com\\\/\"},{\"@type\":\"ListItem\",\"position\":2,\"name\":\"Shop\",\"item\":\"https:\\\/\\\/chromeclair.com\\\/shop\\\/\"},{\"@type\":\"ListItem\",\"position\":3,\"name\":\"Professional Nail Softener 20ml\"}]},{\"@type\":\"WebSite\",\"@id\":\"https:\\\/\\\/chromeclair.com\\\/#website\",\"url\":\"https:\\\/\\\/chromeclair.com\\\/\",\"name\":\"Cat Eye Gel Polish \u2013 HEMA-Free \uff06 TPO-Free\",\"description\":\"While others focus on having more colors, we focus on having safer ingredients.\",\"publisher\":{\"@id\":\"https:\\\/\\\/chromeclair.com\\\/#organization\"},\"potentialAction\":[{\"@type\":\"SearchAction\",\"target\":{\"@type\":\"EntryPoint\",\"urlTemplate\":\"https:\\\/\\\/chromeclair.com\\\/?s={search_term_string}\"},\"query-input\":{\"@type\":\"PropertyValueSpecification\",\"valueRequired\":true,\"valueName\":\"search_term_string\"}}],\"inLanguage\":\"de\"},{\"@type\":\"Organization\",\"@id\":\"https:\\\/\\\/chromeclair.com\\\/#organization\",\"name\":\"Cat Eye Gel Polish \u2013 HEMA-Free \uff06 TPO-Free\",\"url\":\"https:\\\/\\\/chromeclair.com\\\/\",\"logo\":{\"@type\":\"ImageObject\",\"inLanguage\":\"de\",\"@id\":\"https:\\\/\\\/chromeclair.com\\\/#\\\/schema\\\/logo\\\/image\\\/\",\"url\":\"https:\\\/\\\/chromeclair.com\\\/wp-content\\\/uploads\\\/2025\\\/06\\\/cropped-CHROMECLAIR-Logo-scaled-1.png\",\"contentUrl\":\"https:\\\/\\\/chromeclair.com\\\/wp-content\\\/uploads\\\/2025\\\/06\\\/cropped-CHROMECLAIR-Logo-scaled-1.png\",\"width\":2151,\"height\":429,\"caption\":\"Cat Eye Gel Polish \u2013 HEMA-Free \uff06 TPO-Free\"},\"image\":{\"@id\":\"https:\\\/\\\/chromeclair.com\\\/#\\\/schema\\\/logo\\\/image\\\/\"}}]}<\/script>\n<!-- \/ Yoast SEO plugin. -->","yoast_head_json":{"title":"Nagelaufweicher f\u00fcr dicke und harte N\u00e4gel Einfaches Trimmen Nagelaufweicher -CHROM\u00c9CLAIR","description":"Verabschieden Sie sich vom schmerzhaften Schneiden dicker, harter Zehenn\u00e4gel! Dieser Nagelaufweicher weicht harte Zehenn\u00e4gel effektiv auf und macht das Trimmen leicht und einfach. Angereichert mit pflegenden Inhaltsstoffen, genie\u00dfen Sie ein professionelles Pflegeerlebnis zu Hause -CHROM\u00c9CLAIR","robots":{"index":"index","follow":"follow","max-snippet":"max-snippet:-1","max-image-preview":"max-image-preview:large","max-video-preview":"max-video-preview:-1"},"canonical":"https:\/\/chromeclair.com\/de\/produkt\/professional-nail-softener-20ml\/","og_locale":"de_DE","og_type":"article","og_title":"Nail Softener for Thick & Hard Nails Easy Trimming Nail Softener -CHROM\u00c9CLAIR","og_description":"Say goodbye to the pain of trimming thick, hard toenails! This nail softener effectively softens tough toenails, making trimming easy and simple. Enriched with nourishing ingredients, enjoy a professional care experience at home -CHROM\u00c9CLAIR","og_url":"https:\/\/chromeclair.com\/de\/produkt\/professional-nail-softener-20ml\/","og_site_name":"Cat Eye Gel Polish \u2013 HEMA-Free \uff06 TPO-Free","article_modified_time":"2026-04-13T05:56:55+00:00","og_image":[{"width":1000,"height":1000,"url":"https:\/\/chromeclair.com\/wp-content\/uploads\/2025\/11\/\u8f6f\u5316\u5242\u767d\u5e951.webp","type":"image\/webp"}],"twitter_card":"summary_large_image","twitter_misc":{"Gesch\u00e4tzte Lesezeit":"1\u00a0Minute"},"schema":{"@context":"https:\/\/schema.org","@graph":[{"@type":"WebPage","@id":"https:\/\/chromeclair.com\/product\/professional-nail-softener-20ml\/","url":"https:\/\/chromeclair.com\/product\/professional-nail-softener-20ml\/","name":"Nagelaufweicher f\u00fcr dicke und harte N\u00e4gel Einfaches Trimmen Nagelaufweicher -CHROM\u00c9CLAIR","isPartOf":{"@id":"https:\/\/chromeclair.com\/#website"},"primaryImageOfPage":{"@id":"https:\/\/chromeclair.com\/product\/professional-nail-softener-20ml\/#primaryimage"},"image":{"@id":"https:\/\/chromeclair.com\/product\/professional-nail-softener-20ml\/#primaryimage"},"thumbnailUrl":"https:\/\/chromeclair.com\/wp-content\/uploads\/2025\/11\/\u8f6f\u5316\u5242\u767d\u5e951.webp","datePublished":"2025-11-06T08:23:32+00:00","dateModified":"2026-04-13T05:56:55+00:00","description":"Verabschieden Sie sich vom schmerzhaften Schneiden dicker, harter Zehenn\u00e4gel! Dieser Nagelaufweicher weicht harte Zehenn\u00e4gel effektiv auf und macht das Trimmen leicht und einfach. Angereichert mit pflegenden Inhaltsstoffen, genie\u00dfen Sie ein professionelles Pflegeerlebnis zu Hause -CHROM\u00c9CLAIR","breadcrumb":{"@id":"https:\/\/chromeclair.com\/product\/professional-nail-softener-20ml\/#breadcrumb"},"inLanguage":"de","potentialAction":[{"@type":"ReadAction","target":["https:\/\/chromeclair.com\/product\/professional-nail-softener-20ml\/"]}]},{"@type":"ImageObject","inLanguage":"de","@id":"https:\/\/chromeclair.com\/product\/professional-nail-softener-20ml\/#primaryimage","url":"https:\/\/chromeclair.com\/wp-content\/uploads\/2025\/11\/\u8f6f\u5316\u5242\u767d\u5e951.webp","contentUrl":"https:\/\/chromeclair.com\/wp-content\/uploads\/2025\/11\/\u8f6f\u5316\u5242\u767d\u5e951.webp","width":1000,"height":1000},{"@type":"BreadcrumbList","@id":"https:\/\/chromeclair.com\/product\/professional-nail-softener-20ml\/#breadcrumb","itemListElement":[{"@type":"ListItem","position":1,"name":"Home","item":"https:\/\/chromeclair.com\/"},{"@type":"ListItem","position":2,"name":"Shop","item":"https:\/\/chromeclair.com\/shop\/"},{"@type":"ListItem","position":3,"name":"Professional Nail Softener 20ml"}]},{"@type":"WebSite","@id":"https:\/\/chromeclair.com\/#website","url":"https:\/\/chromeclair.com\/","name":"Cat Eye Gel Polish \u2013 HEMA-frei und TPO-frei","description":"W\u00e4hrend andere sich darauf konzentrieren, mehr Farben anzubieten, konzentrieren wir uns darauf, sicherere Inhaltsstoffe zu verwenden.","publisher":{"@id":"https:\/\/chromeclair.com\/#organization"},"potentialAction":[{"@type":"SearchAction","target":{"@type":"EntryPoint","urlTemplate":"https:\/\/chromeclair.com\/?s={search_term_string}"},"query-input":{"@type":"PropertyValueSpecification","valueRequired":true,"valueName":"search_term_string"}}],"inLanguage":"de"},{"@type":"Organization","@id":"https:\/\/chromeclair.com\/#organization","name":"Cat Eye Gel Polish \u2013 HEMA-frei und TPO-frei","url":"https:\/\/chromeclair.com\/","logo":{"@type":"ImageObject","inLanguage":"de","@id":"https:\/\/chromeclair.com\/#\/schema\/logo\/image\/","url":"https:\/\/chromeclair.com\/wp-content\/uploads\/2025\/06\/cropped-CHROMECLAIR-Logo-scaled-1.png","contentUrl":"https:\/\/chromeclair.com\/wp-content\/uploads\/2025\/06\/cropped-CHROMECLAIR-Logo-scaled-1.png","width":2151,"height":429,"caption":"Cat Eye Gel Polish \u2013 HEMA-Free \uff06 TPO-Free"},"image":{"@id":"https:\/\/chromeclair.com\/#\/schema\/logo\/image\/"}}]}},"_links":{"self":[{"href":"https:\/\/chromeclair.com\/de\/wp-json\/wp\/v2\/product\/10029","targetHints":{"allow":["GET"]}}],"collection":[{"href":"https:\/\/chromeclair.com\/de\/wp-json\/wp\/v2\/product"}],"about":[{"href":"https:\/\/chromeclair.com\/de\/wp-json\/wp\/v2\/types\/product"}],"replies":[{"embeddable":true,"href":"https:\/\/chromeclair.com\/de\/wp-json\/wp\/v2\/comments?post=10029"}],"wp:featuredmedia":[{"embeddable":true,"href":"https:\/\/chromeclair.com\/de\/wp-json\/wp\/v2\/media\/10030"}],"wp:attachment":[{"href":"https:\/\/chromeclair.com\/de\/wp-json\/wp\/v2\/media?parent=10029"}],"wp:term":[{"taxonomy":"product_brand","embeddable":true,"href":"https:\/\/chromeclair.com\/de\/wp-json\/wp\/v2\/product_brand?post=10029"},{"taxonomy":"product_cat","embeddable":true,"href":"https:\/\/chromeclair.com\/de\/wp-json\/wp\/v2\/product_cat?post=10029"},{"taxonomy":"product_tag","embeddable":true,"href":"https:\/\/chromeclair.com\/de\/wp-json\/wp\/v2\/product_tag?post=10029"}],"curies":[{"name":"wp","href":"https:\/\/api.w.org\/{rel}","templated":true}]}}