{"id":10057,"date":"2025-11-06T09:49:47","date_gmt":"2025-11-06T09:49:47","guid":{"rendered":"https:\/\/chromeclair.com\/?post_type=product&#038;p=10057"},"modified":"2026-04-13T05:55:56","modified_gmt":"2026-04-13T05:55:56","slug":"professional-nail-form-guide-1-roll","status":"publish","type":"product","link":"https:\/\/chromeclair.com\/de\/product\/professional-nail-form-guide-1-roll\/","title":{"rendered":"Professionelle Nagelformf\u00fchrung 500PCS\/1 Rolle"},"content":{"rendered":"<p><strong>Techniken der Nagelmodellage lernen?<\/strong> <\/p>\n\n\n\n<p>Unsere \u00dcbungspapiervorlagen sind die perfekte Wahl. <\/p>\n\n\n\n<p>Jede Rolle enth\u00e4lt eine gro\u00dfe Menge, um Ihren Bedarf an wiederholten \u00dcbungen zu decken, was sie zu einem unentbehrlichen Basiswerkzeug f\u00fcr Nailart-Studenten und Enthusiasten macht.<\/p>\n\n\n\n<p><\/p>","protected":false},"excerpt":{"rendered":"<p>Lernen Sie Techniken der Nagelmodellage? Unsere \u00dcbungspapierschablonen sind die perfekte Wahl. Jede Rolle enth\u00e4lt eine gro\u00dfe Menge, um Ihren Bedarf an wiederholtem \u00dcben zu decken, was sie zu einem unverzichtbaren Basiswerkzeug f\u00fcr Nagelkunststudenten und -enthusiasten macht.<\/p>","protected":false},"featured_media":10058,"comment_status":"open","ping_status":"closed","template":"","meta":[],"product_brand":[162],"product_cat":[182],"product_tag":[],"class_list":{"0":"post-10057","1":"product","2":"type-product","3":"status-publish","4":"has-post-thumbnail","6":"product_brand-chromeclair","7":"product_cat-tools-accessories","9":"first","10":"instock","11":"shipping-taxable","12":"purchasable","13":"product-type-simple"},"yoast_head":"<!-- This site is optimized with the Yoast SEO plugin v27.4 - https:\/\/yoast.com\/product\/yoast-seo-wordpress\/ -->\n<title>Nail Form Guides Professional Nail Forms Create Custom Length &amp; Shape -CHROM\u00c9CLAIR<\/title>\n<meta name=\"description\" content=\"Professional nail art stencils, individually rolled for affordability. Made with high-quality adhesive, they conform perfectly to the nail cuticles without tassels, making them ideal for creating perfect custom designs and silk extensions. They help nail technicians achieve precise shaping and improve salon efficiency. -CHROM\u00c9CLAIR\" \/>\n<meta name=\"robots\" content=\"index, follow, max-snippet:-1, max-image-preview:large, max-video-preview:-1\" \/>\n<link rel=\"canonical\" href=\"https:\/\/chromeclair.com\/de\/produkt\/professional-nail-form-guide-1-roll\/\" \/>\n<meta property=\"og:locale\" content=\"de_DE\" \/>\n<meta property=\"og:type\" content=\"article\" \/>\n<meta property=\"og:title\" content=\"Nail Form Guides Professional Nail Forms Create Custom Length &amp; Shape -CHROM\u00c9CLAIR\" \/>\n<meta property=\"og:description\" content=\"Professional nail art stencils, individually rolled for affordability. Made with high-quality adhesive, they conform perfectly to the nail cuticles without tassels, making them ideal for creating perfect custom designs and silk extensions. They help nail technicians achieve precise shaping and improve salon efficiency. -CHROM\u00c9CLAIR\" \/>\n<meta property=\"og:url\" content=\"https:\/\/chromeclair.com\/de\/produkt\/professional-nail-form-guide-1-roll\/\" \/>\n<meta property=\"og:site_name\" content=\"Cat Eye Gel Polish \u2013 HEMA-Free \uff06 TPO-Free\" \/>\n<meta property=\"article:modified_time\" content=\"2026-04-13T05:55:56+00:00\" \/>\n<meta property=\"og:image\" content=\"https:\/\/chromeclair.com\/wp-content\/uploads\/2025\/11\/1-8.webp\" \/>\n\t<meta property=\"og:image:width\" content=\"800\" \/>\n\t<meta property=\"og:image:height\" content=\"800\" \/>\n\t<meta property=\"og:image:type\" content=\"image\/webp\" \/>\n<meta name=\"twitter:card\" content=\"summary_large_image\" \/>\n<meta name=\"twitter:label1\" content=\"Gesch\u00e4tzte Lesezeit\" \/>\n\t<meta name=\"twitter:data1\" content=\"1\u00a0Minute\" \/>\n<script type=\"application\/ld+json\" class=\"yoast-schema-graph\">{\"@context\":\"https:\\\/\\\/schema.org\",\"@graph\":[{\"@type\":\"WebPage\",\"@id\":\"https:\\\/\\\/chromeclair.com\\\/product\\\/professional-nail-form-guide-1-roll\\\/\",\"url\":\"https:\\\/\\\/chromeclair.com\\\/product\\\/professional-nail-form-guide-1-roll\\\/\",\"name\":\"Nail Form Guides Professional Nail Forms Create Custom Length & Shape -CHROM\u00c9CLAIR\",\"isPartOf\":{\"@id\":\"https:\\\/\\\/chromeclair.com\\\/#website\"},\"primaryImageOfPage\":{\"@id\":\"https:\\\/\\\/chromeclair.com\\\/product\\\/professional-nail-form-guide-1-roll\\\/#primaryimage\"},\"image\":{\"@id\":\"https:\\\/\\\/chromeclair.com\\\/product\\\/professional-nail-form-guide-1-roll\\\/#primaryimage\"},\"thumbnailUrl\":\"https:\\\/\\\/chromeclair.com\\\/wp-content\\\/uploads\\\/2025\\\/11\\\/1-8.webp\",\"datePublished\":\"2025-11-06T09:49:47+00:00\",\"dateModified\":\"2026-04-13T05:55:56+00:00\",\"description\":\"Professional nail art stencils, individually rolled for affordability. Made with high-quality adhesive, they conform perfectly to the nail cuticles without tassels, making them ideal for creating perfect custom designs and silk extensions. They help nail technicians achieve precise shaping and improve salon efficiency. -CHROM\u00c9CLAIR\",\"inLanguage\":\"de\",\"potentialAction\":[{\"@type\":\"ReadAction\",\"target\":[\"https:\\\/\\\/chromeclair.com\\\/product\\\/professional-nail-form-guide-1-roll\\\/\"]}]},{\"@type\":\"ImageObject\",\"inLanguage\":\"de\",\"@id\":\"https:\\\/\\\/chromeclair.com\\\/product\\\/professional-nail-form-guide-1-roll\\\/#primaryimage\",\"url\":\"https:\\\/\\\/chromeclair.com\\\/wp-content\\\/uploads\\\/2025\\\/11\\\/1-8.webp\",\"contentUrl\":\"https:\\\/\\\/chromeclair.com\\\/wp-content\\\/uploads\\\/2025\\\/11\\\/1-8.webp\",\"width\":800,\"height\":800},{\"@type\":\"WebSite\",\"@id\":\"https:\\\/\\\/chromeclair.com\\\/#website\",\"url\":\"https:\\\/\\\/chromeclair.com\\\/\",\"name\":\"Cat Eye Gel Polish \u2013 HEMA-Free \uff06 TPO-Free\",\"description\":\"While others focus on having more colors, we focus on having safer ingredients.\",\"publisher\":{\"@id\":\"https:\\\/\\\/chromeclair.com\\\/#organization\"},\"potentialAction\":[{\"@type\":\"SearchAction\",\"target\":{\"@type\":\"EntryPoint\",\"urlTemplate\":\"https:\\\/\\\/chromeclair.com\\\/?s={search_term_string}\"},\"query-input\":{\"@type\":\"PropertyValueSpecification\",\"valueRequired\":true,\"valueName\":\"search_term_string\"}}],\"inLanguage\":\"de\"},{\"@type\":\"Organization\",\"@id\":\"https:\\\/\\\/chromeclair.com\\\/#organization\",\"name\":\"Cat Eye Gel Polish \u2013 HEMA-Free \uff06 TPO-Free\",\"url\":\"https:\\\/\\\/chromeclair.com\\\/\",\"logo\":{\"@type\":\"ImageObject\",\"inLanguage\":\"de\",\"@id\":\"https:\\\/\\\/chromeclair.com\\\/#\\\/schema\\\/logo\\\/image\\\/\",\"url\":\"https:\\\/\\\/chromeclair.com\\\/wp-content\\\/uploads\\\/2025\\\/06\\\/cropped-CHROMECLAIR-Logo-scaled-1.png\",\"contentUrl\":\"https:\\\/\\\/chromeclair.com\\\/wp-content\\\/uploads\\\/2025\\\/06\\\/cropped-CHROMECLAIR-Logo-scaled-1.png\",\"width\":2151,\"height\":429,\"caption\":\"Cat Eye Gel Polish \u2013 HEMA-Free \uff06 TPO-Free\"},\"image\":{\"@id\":\"https:\\\/\\\/chromeclair.com\\\/#\\\/schema\\\/logo\\\/image\\\/\"}}]}<\/script>\n<!-- \/ Yoast SEO plugin. -->","yoast_head_json":{"title":"Nail Form Guides Professionelle Nagelformen f\u00fcr individuelle L\u00e4nge und Form -CHROM\u00c9CLAIR","description":"Professionelle Nailart-Schablonen, einzeln gerollt und daher erschwinglich. Mit hochwertigem Klebstoff hergestellt, passen sie sich perfekt an die Nagelhaut an, ohne zu fransen, und sind somit ideal f\u00fcr die Erstellung perfekter individueller Designs und Seidenverl\u00e4ngerungen. Sie helfen Nageltechnikern bei der pr\u00e4zisen Formgebung und verbessern die Effizienz im Salon. -CHROM\u00c9CLAIR","robots":{"index":"index","follow":"follow","max-snippet":"max-snippet:-1","max-image-preview":"max-image-preview:large","max-video-preview":"max-video-preview:-1"},"canonical":"https:\/\/chromeclair.com\/de\/produkt\/professional-nail-form-guide-1-roll\/","og_locale":"de_DE","og_type":"article","og_title":"Nail Form Guides Professional Nail Forms Create Custom Length & Shape -CHROM\u00c9CLAIR","og_description":"Professional nail art stencils, individually rolled for affordability. Made with high-quality adhesive, they conform perfectly to the nail cuticles without tassels, making them ideal for creating perfect custom designs and silk extensions. They help nail technicians achieve precise shaping and improve salon efficiency. -CHROM\u00c9CLAIR","og_url":"https:\/\/chromeclair.com\/de\/produkt\/professional-nail-form-guide-1-roll\/","og_site_name":"Cat Eye Gel Polish \u2013 HEMA-Free \uff06 TPO-Free","article_modified_time":"2026-04-13T05:55:56+00:00","og_image":[{"width":800,"height":800,"url":"https:\/\/chromeclair.com\/wp-content\/uploads\/2025\/11\/1-8.webp","type":"image\/webp"}],"twitter_card":"summary_large_image","twitter_misc":{"Gesch\u00e4tzte Lesezeit":"1\u00a0Minute"},"schema":{"@context":"https:\/\/schema.org","@graph":[{"@type":"WebPage","@id":"https:\/\/chromeclair.com\/product\/professional-nail-form-guide-1-roll\/","url":"https:\/\/chromeclair.com\/product\/professional-nail-form-guide-1-roll\/","name":"Nail Form Guides Professionelle Nagelformen f\u00fcr individuelle L\u00e4nge und Form -CHROM\u00c9CLAIR","isPartOf":{"@id":"https:\/\/chromeclair.com\/#website"},"primaryImageOfPage":{"@id":"https:\/\/chromeclair.com\/product\/professional-nail-form-guide-1-roll\/#primaryimage"},"image":{"@id":"https:\/\/chromeclair.com\/product\/professional-nail-form-guide-1-roll\/#primaryimage"},"thumbnailUrl":"https:\/\/chromeclair.com\/wp-content\/uploads\/2025\/11\/1-8.webp","datePublished":"2025-11-06T09:49:47+00:00","dateModified":"2026-04-13T05:55:56+00:00","description":"Professionelle Nailart-Schablonen, einzeln gerollt und daher erschwinglich. Mit hochwertigem Klebstoff hergestellt, passen sie sich perfekt an die Nagelhaut an, ohne zu fransen, und sind somit ideal f\u00fcr die Erstellung perfekter individueller Designs und Seidenverl\u00e4ngerungen. Sie helfen Nageltechnikern bei der pr\u00e4zisen Formgebung und verbessern die Effizienz im Salon. -CHROM\u00c9CLAIR","inLanguage":"de","potentialAction":[{"@type":"ReadAction","target":["https:\/\/chromeclair.com\/product\/professional-nail-form-guide-1-roll\/"]}]},{"@type":"ImageObject","inLanguage":"de","@id":"https:\/\/chromeclair.com\/product\/professional-nail-form-guide-1-roll\/#primaryimage","url":"https:\/\/chromeclair.com\/wp-content\/uploads\/2025\/11\/1-8.webp","contentUrl":"https:\/\/chromeclair.com\/wp-content\/uploads\/2025\/11\/1-8.webp","width":800,"height":800},{"@type":"WebSite","@id":"https:\/\/chromeclair.com\/#website","url":"https:\/\/chromeclair.com\/","name":"Cat Eye Gel Polish \u2013 HEMA-frei und TPO-frei","description":"W\u00e4hrend andere sich darauf konzentrieren, mehr Farben anzubieten, konzentrieren wir uns darauf, sicherere Inhaltsstoffe zu verwenden.","publisher":{"@id":"https:\/\/chromeclair.com\/#organization"},"potentialAction":[{"@type":"SearchAction","target":{"@type":"EntryPoint","urlTemplate":"https:\/\/chromeclair.com\/?s={search_term_string}"},"query-input":{"@type":"PropertyValueSpecification","valueRequired":true,"valueName":"search_term_string"}}],"inLanguage":"de"},{"@type":"Organization","@id":"https:\/\/chromeclair.com\/#organization","name":"Cat Eye Gel Polish \u2013 HEMA-frei und TPO-frei","url":"https:\/\/chromeclair.com\/","logo":{"@type":"ImageObject","inLanguage":"de","@id":"https:\/\/chromeclair.com\/#\/schema\/logo\/image\/","url":"https:\/\/chromeclair.com\/wp-content\/uploads\/2025\/06\/cropped-CHROMECLAIR-Logo-scaled-1.png","contentUrl":"https:\/\/chromeclair.com\/wp-content\/uploads\/2025\/06\/cropped-CHROMECLAIR-Logo-scaled-1.png","width":2151,"height":429,"caption":"Cat Eye Gel Polish \u2013 HEMA-Free \uff06 TPO-Free"},"image":{"@id":"https:\/\/chromeclair.com\/#\/schema\/logo\/image\/"}}]}},"_links":{"self":[{"href":"https:\/\/chromeclair.com\/de\/wp-json\/wp\/v2\/product\/10057","targetHints":{"allow":["GET"]}}],"collection":[{"href":"https:\/\/chromeclair.com\/de\/wp-json\/wp\/v2\/product"}],"about":[{"href":"https:\/\/chromeclair.com\/de\/wp-json\/wp\/v2\/types\/product"}],"replies":[{"embeddable":true,"href":"https:\/\/chromeclair.com\/de\/wp-json\/wp\/v2\/comments?post=10057"}],"wp:featuredmedia":[{"embeddable":true,"href":"https:\/\/chromeclair.com\/de\/wp-json\/wp\/v2\/media\/10058"}],"wp:attachment":[{"href":"https:\/\/chromeclair.com\/de\/wp-json\/wp\/v2\/media?parent=10057"}],"wp:term":[{"taxonomy":"product_brand","embeddable":true,"href":"https:\/\/chromeclair.com\/de\/wp-json\/wp\/v2\/product_brand?post=10057"},{"taxonomy":"product_cat","embeddable":true,"href":"https:\/\/chromeclair.com\/de\/wp-json\/wp\/v2\/product_cat?post=10057"},{"taxonomy":"product_tag","embeddable":true,"href":"https:\/\/chromeclair.com\/de\/wp-json\/wp\/v2\/product_tag?post=10057"}],"curies":[{"name":"wp","href":"https:\/\/api.w.org\/{rel}","templated":true}]}}