{"id":10076,"date":"2025-11-07T02:38:06","date_gmt":"2025-11-07T02:38:06","guid":{"rendered":"https:\/\/chromeclair.com\/?post_type=product&#038;p=10076"},"modified":"2026-04-13T05:55:14","modified_gmt":"2026-04-13T05:55:14","slug":"uv-led-lamp-for-nails-dryer","status":"publish","type":"product","link":"https:\/\/chromeclair.com\/de\/product\/uv-led-lamp-for-nails-dryer\/","title":{"rendered":"UV\/LED-Lampe f\u00fcr Nageltrockner"},"content":{"rendered":"<p>Machen Sie Ihre N\u00e4gel zu Hause mit Leichtigkeit! <\/p>\n\n\n\n<p>Die CHROM\u00c9CLAIR UV-Nageltrockenlampe ist einfach zu bedienen und h\u00e4rtet schnell und gleichm\u00e4\u00dfig aus. <\/p>\n\n\n\n<p>10S\/20S\/60S\/99S Automatischer Timer<\/p>\n\n\n\n<p>Er ist mit den meisten auf dem Markt erh\u00e4ltlichen Gelprodukten kompatibel und erm\u00f6glicht Ihnen eine lang anhaltende, gl\u00e4nzende Manik\u00fcre in Salonqualit\u00e4t, ohne das Haus verlassen zu m\u00fcssen.<\/p>","protected":false},"excerpt":{"rendered":"<p>Machen Sie Ihre N\u00e4gel zu Hause mit Leichtigkeit! Die CHROM\u00c9CLAIR UV-Nageltrockenlampe ist einfach zu bedienen und h\u00e4rtet schnell und gleichm\u00e4\u00dfig aus. 10S\/20S\/60S\/99S Automatischer Timer Kompatibel mit den meisten Gel-Produkten auf dem Markt, k\u00f6nnen Sie eine lang anhaltende, gl\u00e4nzende Manik\u00fcre in Salonqualit\u00e4t genie\u00dfen, ohne das Haus zu verlassen.<\/p>","protected":false},"featured_media":10077,"comment_status":"open","ping_status":"closed","template":"","meta":[],"product_brand":[162],"product_cat":[182],"product_tag":[],"class_list":{"0":"post-10076","1":"product","2":"type-product","3":"status-publish","4":"has-post-thumbnail","6":"product_brand-chromeclair","7":"product_cat-tools-accessories","9":"first","10":"instock","11":"shipping-taxable","12":"purchasable","13":"product-type-simple"},"yoast_head":"<!-- This site is optimized with the Yoast SEO plugin v27.4 - https:\/\/yoast.com\/product\/yoast-seo-wordpress\/ -->\n<title>Gel Nail Lamp UV\/LED Nail Lamp 120W Nail Lamp Smart Sensor Nail Lamp -CHROM\u00c9CLAIR<\/title>\n<meta name=\"description\" content=\"Professional-grade UV\/LED dual-light source nail lamp with 120W high power output, quickly curing all types of gel in 10-30 seconds. Intelligent sensing and timer functions free up your hands, making it a reliable choice for nail salons and professionals to improve efficiency. -CHROM\u00c9CLAIR\" \/>\n<meta name=\"robots\" content=\"index, follow, max-snippet:-1, max-image-preview:large, max-video-preview:-1\" \/>\n<link rel=\"canonical\" href=\"https:\/\/chromeclair.com\/de\/produkt\/uv-led-lamp-for-nails-dryer\/\" \/>\n<meta property=\"og:locale\" content=\"de_DE\" \/>\n<meta property=\"og:type\" content=\"article\" \/>\n<meta property=\"og:title\" content=\"Gel Nail Lamp UV\/LED Nail Lamp 120W Nail Lamp Smart Sensor Nail Lamp -CHROM\u00c9CLAIR\" \/>\n<meta property=\"og:description\" content=\"Professional-grade UV\/LED dual-light source nail lamp with 120W high power output, quickly curing all types of gel in 10-30 seconds. Intelligent sensing and timer functions free up your hands, making it a reliable choice for nail salons and professionals to improve efficiency. -CHROM\u00c9CLAIR\" \/>\n<meta property=\"og:url\" content=\"https:\/\/chromeclair.com\/de\/produkt\/uv-led-lamp-for-nails-dryer\/\" \/>\n<meta property=\"og:site_name\" content=\"Cat Eye Gel Polish \u2013 HEMA-Free \uff06 TPO-Free\" \/>\n<meta property=\"article:modified_time\" content=\"2026-04-13T05:55:14+00:00\" \/>\n<meta property=\"og:image\" content=\"https:\/\/chromeclair.com\/wp-content\/uploads\/2025\/11\/2-11.webp\" \/>\n\t<meta property=\"og:image:width\" content=\"800\" \/>\n\t<meta property=\"og:image:height\" content=\"800\" \/>\n\t<meta property=\"og:image:type\" content=\"image\/webp\" \/>\n<meta name=\"twitter:card\" content=\"summary_large_image\" \/>\n<meta name=\"twitter:label1\" content=\"Gesch\u00e4tzte Lesezeit\" \/>\n\t<meta name=\"twitter:data1\" content=\"1\u00a0Minute\" \/>\n<script type=\"application\/ld+json\" class=\"yoast-schema-graph\">{\"@context\":\"https:\\\/\\\/schema.org\",\"@graph\":[{\"@type\":\"WebPage\",\"@id\":\"https:\\\/\\\/chromeclair.com\\\/product\\\/uv-led-lamp-for-nails-dryer\\\/\",\"url\":\"https:\\\/\\\/chromeclair.com\\\/product\\\/uv-led-lamp-for-nails-dryer\\\/\",\"name\":\"Gel Nail Lamp UV\\\/LED Nail Lamp 120W Nail Lamp Smart Sensor Nail Lamp -CHROM\u00c9CLAIR\",\"isPartOf\":{\"@id\":\"https:\\\/\\\/chromeclair.com\\\/#website\"},\"primaryImageOfPage\":{\"@id\":\"https:\\\/\\\/chromeclair.com\\\/product\\\/uv-led-lamp-for-nails-dryer\\\/#primaryimage\"},\"image\":{\"@id\":\"https:\\\/\\\/chromeclair.com\\\/product\\\/uv-led-lamp-for-nails-dryer\\\/#primaryimage\"},\"thumbnailUrl\":\"https:\\\/\\\/chromeclair.com\\\/wp-content\\\/uploads\\\/2025\\\/11\\\/2-11.webp\",\"datePublished\":\"2025-11-07T02:38:06+00:00\",\"dateModified\":\"2026-04-13T05:55:14+00:00\",\"description\":\"Professional-grade UV\\\/LED dual-light source nail lamp with 120W high power output, quickly curing all types of gel in 10-30 seconds. Intelligent sensing and timer functions free up your hands, making it a reliable choice for nail salons and professionals to improve efficiency. -CHROM\u00c9CLAIR\",\"breadcrumb\":{\"@id\":\"https:\\\/\\\/chromeclair.com\\\/product\\\/uv-led-lamp-for-nails-dryer\\\/#breadcrumb\"},\"inLanguage\":\"de\",\"potentialAction\":[{\"@type\":\"ReadAction\",\"target\":[\"https:\\\/\\\/chromeclair.com\\\/product\\\/uv-led-lamp-for-nails-dryer\\\/\"]}]},{\"@type\":\"ImageObject\",\"inLanguage\":\"de\",\"@id\":\"https:\\\/\\\/chromeclair.com\\\/product\\\/uv-led-lamp-for-nails-dryer\\\/#primaryimage\",\"url\":\"https:\\\/\\\/chromeclair.com\\\/wp-content\\\/uploads\\\/2025\\\/11\\\/2-11.webp\",\"contentUrl\":\"https:\\\/\\\/chromeclair.com\\\/wp-content\\\/uploads\\\/2025\\\/11\\\/2-11.webp\",\"width\":800,\"height\":800},{\"@type\":\"BreadcrumbList\",\"@id\":\"https:\\\/\\\/chromeclair.com\\\/product\\\/uv-led-lamp-for-nails-dryer\\\/#breadcrumb\",\"itemListElement\":[{\"@type\":\"ListItem\",\"position\":1,\"name\":\"Home\",\"item\":\"https:\\\/\\\/chromeclair.com\\\/\"},{\"@type\":\"ListItem\",\"position\":2,\"name\":\"Shop\",\"item\":\"https:\\\/\\\/chromeclair.com\\\/shop\\\/\"},{\"@type\":\"ListItem\",\"position\":3,\"name\":\"UV\\\/LED Lamp For Nails Dryer\"}]},{\"@type\":\"WebSite\",\"@id\":\"https:\\\/\\\/chromeclair.com\\\/#website\",\"url\":\"https:\\\/\\\/chromeclair.com\\\/\",\"name\":\"Cat Eye Gel Polish \u2013 HEMA-Free \uff06 TPO-Free\",\"description\":\"While others focus on having more colors, we focus on having safer ingredients.\",\"publisher\":{\"@id\":\"https:\\\/\\\/chromeclair.com\\\/#organization\"},\"potentialAction\":[{\"@type\":\"SearchAction\",\"target\":{\"@type\":\"EntryPoint\",\"urlTemplate\":\"https:\\\/\\\/chromeclair.com\\\/?s={search_term_string}\"},\"query-input\":{\"@type\":\"PropertyValueSpecification\",\"valueRequired\":true,\"valueName\":\"search_term_string\"}}],\"inLanguage\":\"de\"},{\"@type\":\"Organization\",\"@id\":\"https:\\\/\\\/chromeclair.com\\\/#organization\",\"name\":\"Cat Eye Gel Polish \u2013 HEMA-Free \uff06 TPO-Free\",\"url\":\"https:\\\/\\\/chromeclair.com\\\/\",\"logo\":{\"@type\":\"ImageObject\",\"inLanguage\":\"de\",\"@id\":\"https:\\\/\\\/chromeclair.com\\\/#\\\/schema\\\/logo\\\/image\\\/\",\"url\":\"https:\\\/\\\/chromeclair.com\\\/wp-content\\\/uploads\\\/2025\\\/06\\\/cropped-CHROMECLAIR-Logo-scaled-1.png\",\"contentUrl\":\"https:\\\/\\\/chromeclair.com\\\/wp-content\\\/uploads\\\/2025\\\/06\\\/cropped-CHROMECLAIR-Logo-scaled-1.png\",\"width\":2151,\"height\":429,\"caption\":\"Cat Eye Gel Polish \u2013 HEMA-Free \uff06 TPO-Free\"},\"image\":{\"@id\":\"https:\\\/\\\/chromeclair.com\\\/#\\\/schema\\\/logo\\\/image\\\/\"}}]}<\/script>\n<!-- \/ Yoast SEO plugin. -->","yoast_head_json":{"title":"Gel-Nagellampe UV\/LED-Nagellampe 120W Nagellampe Smart Sensor Nagellampe -CHROM\u00c9CLAIR","description":"Professionelle UV\/LED-Nagellampe mit doppelter Lichtquelle und 120 W hoher Leistung, die alle Arten von Gel in 10-30 Sekunden aush\u00e4rtet. Intelligente Sensor- und Timer-Funktionen halten Ihnen die H\u00e4nde frei und machen sie zu einer zuverl\u00e4ssigen Wahl f\u00fcr Nagelstudios und Profis, um die Effizienz zu verbessern. -CHROM\u00c9CLAIR","robots":{"index":"index","follow":"follow","max-snippet":"max-snippet:-1","max-image-preview":"max-image-preview:large","max-video-preview":"max-video-preview:-1"},"canonical":"https:\/\/chromeclair.com\/de\/produkt\/uv-led-lamp-for-nails-dryer\/","og_locale":"de_DE","og_type":"article","og_title":"Gel Nail Lamp UV\/LED Nail Lamp 120W Nail Lamp Smart Sensor Nail Lamp -CHROM\u00c9CLAIR","og_description":"Professional-grade UV\/LED dual-light source nail lamp with 120W high power output, quickly curing all types of gel in 10-30 seconds. Intelligent sensing and timer functions free up your hands, making it a reliable choice for nail salons and professionals to improve efficiency. -CHROM\u00c9CLAIR","og_url":"https:\/\/chromeclair.com\/de\/produkt\/uv-led-lamp-for-nails-dryer\/","og_site_name":"Cat Eye Gel Polish \u2013 HEMA-Free \uff06 TPO-Free","article_modified_time":"2026-04-13T05:55:14+00:00","og_image":[{"width":800,"height":800,"url":"https:\/\/chromeclair.com\/wp-content\/uploads\/2025\/11\/2-11.webp","type":"image\/webp"}],"twitter_card":"summary_large_image","twitter_misc":{"Gesch\u00e4tzte Lesezeit":"1\u00a0Minute"},"schema":{"@context":"https:\/\/schema.org","@graph":[{"@type":"WebPage","@id":"https:\/\/chromeclair.com\/product\/uv-led-lamp-for-nails-dryer\/","url":"https:\/\/chromeclair.com\/product\/uv-led-lamp-for-nails-dryer\/","name":"Gel-Nagellampe UV\/LED-Nagellampe 120W Nagellampe Smart Sensor Nagellampe -CHROM\u00c9CLAIR","isPartOf":{"@id":"https:\/\/chromeclair.com\/#website"},"primaryImageOfPage":{"@id":"https:\/\/chromeclair.com\/product\/uv-led-lamp-for-nails-dryer\/#primaryimage"},"image":{"@id":"https:\/\/chromeclair.com\/product\/uv-led-lamp-for-nails-dryer\/#primaryimage"},"thumbnailUrl":"https:\/\/chromeclair.com\/wp-content\/uploads\/2025\/11\/2-11.webp","datePublished":"2025-11-07T02:38:06+00:00","dateModified":"2026-04-13T05:55:14+00:00","description":"Professionelle UV\/LED-Nagellampe mit doppelter Lichtquelle und 120 W hoher Leistung, die alle Arten von Gel in 10-30 Sekunden aush\u00e4rtet. Intelligente Sensor- und Timer-Funktionen halten Ihnen die H\u00e4nde frei und machen sie zu einer zuverl\u00e4ssigen Wahl f\u00fcr Nagelstudios und Profis, um die Effizienz zu verbessern. -CHROM\u00c9CLAIR","breadcrumb":{"@id":"https:\/\/chromeclair.com\/product\/uv-led-lamp-for-nails-dryer\/#breadcrumb"},"inLanguage":"de","potentialAction":[{"@type":"ReadAction","target":["https:\/\/chromeclair.com\/product\/uv-led-lamp-for-nails-dryer\/"]}]},{"@type":"ImageObject","inLanguage":"de","@id":"https:\/\/chromeclair.com\/product\/uv-led-lamp-for-nails-dryer\/#primaryimage","url":"https:\/\/chromeclair.com\/wp-content\/uploads\/2025\/11\/2-11.webp","contentUrl":"https:\/\/chromeclair.com\/wp-content\/uploads\/2025\/11\/2-11.webp","width":800,"height":800},{"@type":"BreadcrumbList","@id":"https:\/\/chromeclair.com\/product\/uv-led-lamp-for-nails-dryer\/#breadcrumb","itemListElement":[{"@type":"ListItem","position":1,"name":"Home","item":"https:\/\/chromeclair.com\/"},{"@type":"ListItem","position":2,"name":"Shop","item":"https:\/\/chromeclair.com\/shop\/"},{"@type":"ListItem","position":3,"name":"UV\/LED Lamp For Nails Dryer"}]},{"@type":"WebSite","@id":"https:\/\/chromeclair.com\/#website","url":"https:\/\/chromeclair.com\/","name":"Cat Eye Gel Polish \u2013 HEMA-frei und TPO-frei","description":"W\u00e4hrend andere sich darauf konzentrieren, mehr Farben anzubieten, konzentrieren wir uns darauf, sicherere Inhaltsstoffe zu verwenden.","publisher":{"@id":"https:\/\/chromeclair.com\/#organization"},"potentialAction":[{"@type":"SearchAction","target":{"@type":"EntryPoint","urlTemplate":"https:\/\/chromeclair.com\/?s={search_term_string}"},"query-input":{"@type":"PropertyValueSpecification","valueRequired":true,"valueName":"search_term_string"}}],"inLanguage":"de"},{"@type":"Organization","@id":"https:\/\/chromeclair.com\/#organization","name":"Cat Eye Gel Polish \u2013 HEMA-frei und TPO-frei","url":"https:\/\/chromeclair.com\/","logo":{"@type":"ImageObject","inLanguage":"de","@id":"https:\/\/chromeclair.com\/#\/schema\/logo\/image\/","url":"https:\/\/chromeclair.com\/wp-content\/uploads\/2025\/06\/cropped-CHROMECLAIR-Logo-scaled-1.png","contentUrl":"https:\/\/chromeclair.com\/wp-content\/uploads\/2025\/06\/cropped-CHROMECLAIR-Logo-scaled-1.png","width":2151,"height":429,"caption":"Cat Eye Gel Polish \u2013 HEMA-Free \uff06 TPO-Free"},"image":{"@id":"https:\/\/chromeclair.com\/#\/schema\/logo\/image\/"}}]}},"_links":{"self":[{"href":"https:\/\/chromeclair.com\/de\/wp-json\/wp\/v2\/product\/10076","targetHints":{"allow":["GET"]}}],"collection":[{"href":"https:\/\/chromeclair.com\/de\/wp-json\/wp\/v2\/product"}],"about":[{"href":"https:\/\/chromeclair.com\/de\/wp-json\/wp\/v2\/types\/product"}],"replies":[{"embeddable":true,"href":"https:\/\/chromeclair.com\/de\/wp-json\/wp\/v2\/comments?post=10076"}],"wp:featuredmedia":[{"embeddable":true,"href":"https:\/\/chromeclair.com\/de\/wp-json\/wp\/v2\/media\/10077"}],"wp:attachment":[{"href":"https:\/\/chromeclair.com\/de\/wp-json\/wp\/v2\/media?parent=10076"}],"wp:term":[{"taxonomy":"product_brand","embeddable":true,"href":"https:\/\/chromeclair.com\/de\/wp-json\/wp\/v2\/product_brand?post=10076"},{"taxonomy":"product_cat","embeddable":true,"href":"https:\/\/chromeclair.com\/de\/wp-json\/wp\/v2\/product_cat?post=10076"},{"taxonomy":"product_tag","embeddable":true,"href":"https:\/\/chromeclair.com\/de\/wp-json\/wp\/v2\/product_tag?post=10076"}],"curies":[{"name":"wp","href":"https:\/\/api.w.org\/{rel}","templated":true}]}}