{"id":10130,"date":"2025-11-11T08:43:10","date_gmt":"2025-11-11T08:43:10","guid":{"rendered":"https:\/\/chromeclair.com\/?post_type=product&#038;p=10130"},"modified":"2026-04-13T05:54:14","modified_gmt":"2026-04-13T05:54:14","slug":"hematpo-free-solid-color-sr-01-17ml","status":"publish","type":"product","link":"https:\/\/chromeclair.com\/de\/produkt\/hematpo-free-solid-color-sr-01-17ml\/","title":{"rendered":"HEMA&amp;TPO FREIE FESTE FARBE SR-01 17ML"},"content":{"rendered":"<p>Das Himbeerrosa, das keine Kompromisse bei der Sicherheit eingeht.<\/p>\n\n\n\n<p>Bis zu 54% der Gelbenutzer zu Hause berichten \u00fcber unerw\u00fcnschte Hautreaktionen - die meisten davon werden durch HEMA und TPO ausgel\u00f6st, die in herk\u00f6mmlichen Formeln enthalten sind. Wenn Ihre N\u00e4gel nach einer Gelmanik\u00fcre jemals gejuckt haben, sich gepellt haben oder aufgeplatzt sind, sind diese beiden Inhaltsstoffe h\u00f6chstwahrscheinlich die \u00dcbelt\u00e4ter. Die EU verbietet TPO im September 2025, das Vereinigte K\u00f6nigreich folgt im September 2026. Sie verdienen eine Formel, die der Entwicklung bereits voraus ist.<\/p>\n\n\n\n<p>SR-01 ist ein lebhaftes, warmes Himbeerrosa - kr\u00e4ftig genug, um einen Raum zu beherrschen, und sicher genug f\u00fcr die reaktivste Haut. Dieses professionelle 17-ml-Gel ist v\u00f6llig frei von HEMA und TPO und deckt mit einem einzigen Strich vollst\u00e4ndig ab. Die selbstnivellierende Formel l\u00e4sst sich streifenfrei auftragen und h\u00e4rtet zu einem hochgl\u00e4nzenden, splitterfreien Finish aus, das bis zu 3 Wochen h\u00e4lt, ohne abzuf\u00e4rben.<\/p>\n\n\n\n<p>Nageltechniker vertrauen auf die gleichm\u00e4\u00dfige Pigmentausbeute und die einfache Reinigung der Nagelhaut. Die Gr\u00f6\u00dfe von 17 ml bietet Salons und Heimanwendern deutlich mehr Produkt pro Flasche - weniger Nachf\u00fcllungen, mehr Manik\u00fcren, besseres Preis-Leistungs-Verh\u00e4ltnis.<\/p>\n\n\n\n<p>Perfekt f\u00fcr auff\u00e4llige Manik\u00fcre, gewagte French Tips, Nailart-Akzente und alle, die selbstbewusste Farbe wollen, ohne Angst vor einer Reaktion zu haben. Schmeichelt warmen und k\u00fchlen Hautt\u00f6nen gleicherma\u00dfen.<\/p>\n\n\n\n<p><strong>Vegan - Grausamkeitsfrei - HEMA-frei - TPO-frei - EU- und UK-konform<\/strong><\/p>","protected":false},"excerpt":{"rendered":"<p>Erfordert die Verwendung einer UV- oder LED-Lampe<\/p>","protected":false},"featured_media":10131,"comment_status":"open","ping_status":"closed","template":"","meta":[],"product_brand":[162],"product_cat":[180],"product_tag":[],"class_list":{"0":"post-10130","1":"product","2":"type-product","3":"status-publish","4":"has-post-thumbnail","6":"product_brand-chromeclair","7":"product_cat-solid-color-gel-polish","9":"first","10":"instock","11":"shipping-taxable","12":"purchasable","13":"product-type-simple"},"yoast_head":"<!-- This site is optimized with the Yoast SEO plugin v26.4 - https:\/\/yoast.com\/wordpress\/plugins\/seo\/ -->\n<title>HEMA &amp; TPO Free Gel Polish Hypoallergenic Solid Colors 5-Free Gel Polish -CHROM\u00c9CLAIR<\/title>\n<meta name=\"description\" content=\"Say goodbye to nail allergies! CHROM\u00c9CLAIR GEL POLISH has developed this gentle yet highly effective gel nail polish by eliminating common allergens such as HEMA and TPO. The generous 17ml packaging is designed for nail technicians and enthusiasts who prioritize safety and quality.\" \/>\n<meta name=\"robots\" content=\"index, follow, max-snippet:-1, max-image-preview:large, max-video-preview:-1\" \/>\n<link rel=\"canonical\" href=\"https:\/\/chromeclair.com\/de\/produkt\/hematpo-free-solid-color-sr-01-17ml\/\" \/>\n<meta property=\"og:locale\" content=\"de_DE\" \/>\n<meta property=\"og:type\" content=\"article\" \/>\n<meta property=\"og:title\" content=\"HEMA &amp; TPO Free Gel Polish Hypoallergenic Solid Colors 5-Free Gel Polish -CHROM\u00c9CLAIR\" \/>\n<meta property=\"og:description\" content=\"Say goodbye to nail allergies! CHROM\u00c9CLAIR GEL POLISH has developed this gentle yet highly effective gel nail polish by eliminating common allergens such as HEMA and TPO. The generous 17ml packaging is designed for nail technicians and enthusiasts who prioritize safety and quality.\" \/>\n<meta property=\"og:url\" content=\"https:\/\/chromeclair.com\/de\/produkt\/hematpo-free-solid-color-sr-01-17ml\/\" \/>\n<meta property=\"og:site_name\" content=\"Cat Eye Gel Polish \u2013 HEMA-Free \uff06 TPO-Free\" \/>\n<meta property=\"article:modified_time\" content=\"2026-04-13T05:54:14+00:00\" \/>\n<meta property=\"og:image\" content=\"https:\/\/chromeclair.com\/wp-content\/uploads\/2025\/11\/SR-01.webp\" \/>\n\t<meta property=\"og:image:width\" content=\"1024\" \/>\n\t<meta property=\"og:image:height\" content=\"1024\" \/>\n\t<meta property=\"og:image:type\" content=\"image\/webp\" \/>\n<meta name=\"twitter:card\" content=\"summary_large_image\" \/>\n<meta name=\"twitter:label1\" content=\"Gesch\u00e4tzte Lesezeit\" \/>\n\t<meta name=\"twitter:data1\" content=\"1\u00a0Minute\" \/>\n<script type=\"application\/ld+json\" class=\"yoast-schema-graph\">{\"@context\":\"https:\/\/schema.org\",\"@graph\":[{\"@type\":\"WebPage\",\"@id\":\"https:\/\/chromeclair.com\/product\/hematpo-free-solid-color-sr-01-17ml\/\",\"url\":\"https:\/\/chromeclair.com\/product\/hematpo-free-solid-color-sr-01-17ml\/\",\"name\":\"HEMA & TPO Free Gel Polish Hypoallergenic Solid Colors 5-Free Gel Polish -CHROM\u00c9CLAIR\",\"isPartOf\":{\"@id\":\"https:\/\/chromeclair.com\/#website\"},\"primaryImageOfPage\":{\"@id\":\"https:\/\/chromeclair.com\/product\/hematpo-free-solid-color-sr-01-17ml\/#primaryimage\"},\"image\":{\"@id\":\"https:\/\/chromeclair.com\/product\/hematpo-free-solid-color-sr-01-17ml\/#primaryimage\"},\"thumbnailUrl\":\"https:\/\/chromeclair.com\/wp-content\/uploads\/2025\/11\/SR-01.webp\",\"datePublished\":\"2025-11-11T08:43:10+00:00\",\"dateModified\":\"2026-04-13T05:54:14+00:00\",\"description\":\"Say goodbye to nail allergies! CHROM\u00c9CLAIR GEL POLISH has developed this gentle yet highly effective gel nail polish by eliminating common allergens such as HEMA and TPO. The generous 17ml packaging is designed for nail technicians and enthusiasts who prioritize safety and quality.\",\"breadcrumb\":{\"@id\":\"https:\/\/chromeclair.com\/product\/hematpo-free-solid-color-sr-01-17ml\/#breadcrumb\"},\"inLanguage\":\"de\",\"potentialAction\":[{\"@type\":\"ReadAction\",\"target\":[\"https:\/\/chromeclair.com\/product\/hematpo-free-solid-color-sr-01-17ml\/\"]}]},{\"@type\":\"ImageObject\",\"inLanguage\":\"de\",\"@id\":\"https:\/\/chromeclair.com\/product\/hematpo-free-solid-color-sr-01-17ml\/#primaryimage\",\"url\":\"https:\/\/chromeclair.com\/wp-content\/uploads\/2025\/11\/SR-01.webp\",\"contentUrl\":\"https:\/\/chromeclair.com\/wp-content\/uploads\/2025\/11\/SR-01.webp\",\"width\":1024,\"height\":1024,\"caption\":\"Hema-Free and Tpo-free Solid Color SR-02 Red shade-CHROM\u00c9CLAIR\"},{\"@type\":\"BreadcrumbList\",\"@id\":\"https:\/\/chromeclair.com\/product\/hematpo-free-solid-color-sr-01-17ml\/#breadcrumb\",\"itemListElement\":[{\"@type\":\"ListItem\",\"position\":1,\"name\":\"Home\",\"item\":\"https:\/\/chromeclair.com\/\"},{\"@type\":\"ListItem\",\"position\":2,\"name\":\"Shop\",\"item\":\"https:\/\/chromeclair.com\/shop\/\"},{\"@type\":\"ListItem\",\"position\":3,\"name\":\"HEMA&amp;TPO FREE SOLID COLOR SR-01 17ML\"}]},{\"@type\":\"WebSite\",\"@id\":\"https:\/\/chromeclair.com\/#website\",\"url\":\"https:\/\/chromeclair.com\/\",\"name\":\"Cat Eye Gel Polish \u2013 HEMA-Free \uff06 TPO-Free\",\"description\":\"While others focus on having more colors, we focus on having safer ingredients.\",\"publisher\":{\"@id\":\"https:\/\/chromeclair.com\/#organization\"},\"potentialAction\":[{\"@type\":\"SearchAction\",\"target\":{\"@type\":\"EntryPoint\",\"urlTemplate\":\"https:\/\/chromeclair.com\/?s={search_term_string}\"},\"query-input\":{\"@type\":\"PropertyValueSpecification\",\"valueRequired\":true,\"valueName\":\"search_term_string\"}}],\"inLanguage\":\"de\"},{\"@type\":\"Organization\",\"@id\":\"https:\/\/chromeclair.com\/#organization\",\"name\":\"Cat Eye Gel Polish \u2013 HEMA-Free \uff06 TPO-Free\",\"url\":\"https:\/\/chromeclair.com\/\",\"logo\":{\"@type\":\"ImageObject\",\"inLanguage\":\"de\",\"@id\":\"https:\/\/chromeclair.com\/#\/schema\/logo\/image\/\",\"url\":\"https:\/\/chromeclair.com\/wp-content\/uploads\/2025\/06\/cropped-CHROMECLAIR-Logo-scaled-1.png\",\"contentUrl\":\"https:\/\/chromeclair.com\/wp-content\/uploads\/2025\/06\/cropped-CHROMECLAIR-Logo-scaled-1.png\",\"width\":2151,\"height\":429,\"caption\":\"Cat Eye Gel Polish \u2013 HEMA-Free \uff06 TPO-Free\"},\"image\":{\"@id\":\"https:\/\/chromeclair.com\/#\/schema\/logo\/image\/\"}}]}<\/script>\n<!-- \/ Yoast SEO plugin. -->","yoast_head_json":{"title":"HEMA- &amp; TPO-freie Gel-Politur Hypoallergene feste Farben 5-Free Gel-Politur -CHROM\u00c9CLAIR","description":"Verabschieden Sie sich von Nagelallergien! CHROM\u00c9CLAIR GEL POLISH hat diesen sanften und dennoch hochwirksamen Gel-Nagellack entwickelt, indem es g\u00e4ngige Allergene wie HEMA und TPO eliminiert hat. Die gro\u00dfz\u00fcgige 17-ml-Verpackung ist f\u00fcr Nageltechniker und -liebhaber gedacht, die Wert auf Sicherheit und Qualit\u00e4t legen.","robots":{"index":"index","follow":"follow","max-snippet":"max-snippet:-1","max-image-preview":"max-image-preview:large","max-video-preview":"max-video-preview:-1"},"canonical":"https:\/\/chromeclair.com\/de\/produkt\/hematpo-free-solid-color-sr-01-17ml\/","og_locale":"de_DE","og_type":"article","og_title":"HEMA & TPO Free Gel Polish Hypoallergenic Solid Colors 5-Free Gel Polish -CHROM\u00c9CLAIR","og_description":"Say goodbye to nail allergies! CHROM\u00c9CLAIR GEL POLISH has developed this gentle yet highly effective gel nail polish by eliminating common allergens such as HEMA and TPO. The generous 17ml packaging is designed for nail technicians and enthusiasts who prioritize safety and quality.","og_url":"https:\/\/chromeclair.com\/de\/produkt\/hematpo-free-solid-color-sr-01-17ml\/","og_site_name":"Cat Eye Gel Polish \u2013 HEMA-Free \uff06 TPO-Free","article_modified_time":"2026-04-13T05:54:14+00:00","og_image":[{"width":1024,"height":1024,"url":"https:\/\/chromeclair.com\/wp-content\/uploads\/2025\/11\/SR-01.webp","type":"image\/webp"}],"twitter_card":"summary_large_image","twitter_misc":{"Gesch\u00e4tzte Lesezeit":"1\u00a0Minute"},"schema":{"@context":"https:\/\/schema.org","@graph":[{"@type":"WebPage","@id":"https:\/\/chromeclair.com\/product\/hematpo-free-solid-color-sr-01-17ml\/","url":"https:\/\/chromeclair.com\/product\/hematpo-free-solid-color-sr-01-17ml\/","name":"HEMA- &amp; TPO-freie Gel-Politur Hypoallergene feste Farben 5-Free Gel-Politur -CHROM\u00c9CLAIR","isPartOf":{"@id":"https:\/\/chromeclair.com\/#website"},"primaryImageOfPage":{"@id":"https:\/\/chromeclair.com\/product\/hematpo-free-solid-color-sr-01-17ml\/#primaryimage"},"image":{"@id":"https:\/\/chromeclair.com\/product\/hematpo-free-solid-color-sr-01-17ml\/#primaryimage"},"thumbnailUrl":"https:\/\/chromeclair.com\/wp-content\/uploads\/2025\/11\/SR-01.webp","datePublished":"2025-11-11T08:43:10+00:00","dateModified":"2026-04-13T05:54:14+00:00","description":"Verabschieden Sie sich von Nagelallergien! CHROM\u00c9CLAIR GEL POLISH hat diesen sanften und dennoch hochwirksamen Gel-Nagellack entwickelt, indem es g\u00e4ngige Allergene wie HEMA und TPO eliminiert hat. Die gro\u00dfz\u00fcgige 17-ml-Verpackung ist f\u00fcr Nageltechniker und -liebhaber gedacht, die Wert auf Sicherheit und Qualit\u00e4t legen.","breadcrumb":{"@id":"https:\/\/chromeclair.com\/product\/hematpo-free-solid-color-sr-01-17ml\/#breadcrumb"},"inLanguage":"de","potentialAction":[{"@type":"ReadAction","target":["https:\/\/chromeclair.com\/product\/hematpo-free-solid-color-sr-01-17ml\/"]}]},{"@type":"ImageObject","inLanguage":"de","@id":"https:\/\/chromeclair.com\/product\/hematpo-free-solid-color-sr-01-17ml\/#primaryimage","url":"https:\/\/chromeclair.com\/wp-content\/uploads\/2025\/11\/SR-01.webp","contentUrl":"https:\/\/chromeclair.com\/wp-content\/uploads\/2025\/11\/SR-01.webp","width":1024,"height":1024,"caption":"Hema-Free and Tpo-free Solid Color SR-02 Red shade-CHROM\u00c9CLAIR"},{"@type":"BreadcrumbList","@id":"https:\/\/chromeclair.com\/product\/hematpo-free-solid-color-sr-01-17ml\/#breadcrumb","itemListElement":[{"@type":"ListItem","position":1,"name":"Home","item":"https:\/\/chromeclair.com\/"},{"@type":"ListItem","position":2,"name":"Shop","item":"https:\/\/chromeclair.com\/shop\/"},{"@type":"ListItem","position":3,"name":"HEMA&amp;TPO FREE SOLID COLOR SR-01 17ML"}]},{"@type":"WebSite","@id":"https:\/\/chromeclair.com\/#website","url":"https:\/\/chromeclair.com\/","name":"Cat Eye Gel Polish \u2013 HEMA-frei und TPO-frei","description":"W\u00e4hrend andere sich darauf konzentrieren, mehr Farben anzubieten, konzentrieren wir uns darauf, sicherere Inhaltsstoffe zu verwenden.","publisher":{"@id":"https:\/\/chromeclair.com\/#organization"},"potentialAction":[{"@type":"SearchAction","target":{"@type":"EntryPoint","urlTemplate":"https:\/\/chromeclair.com\/?s={search_term_string}"},"query-input":{"@type":"PropertyValueSpecification","valueRequired":true,"valueName":"search_term_string"}}],"inLanguage":"de"},{"@type":"Organization","@id":"https:\/\/chromeclair.com\/#organization","name":"Cat Eye Gel Polish \u2013 HEMA-frei und TPO-frei","url":"https:\/\/chromeclair.com\/","logo":{"@type":"ImageObject","inLanguage":"de","@id":"https:\/\/chromeclair.com\/#\/schema\/logo\/image\/","url":"https:\/\/chromeclair.com\/wp-content\/uploads\/2025\/06\/cropped-CHROMECLAIR-Logo-scaled-1.png","contentUrl":"https:\/\/chromeclair.com\/wp-content\/uploads\/2025\/06\/cropped-CHROMECLAIR-Logo-scaled-1.png","width":2151,"height":429,"caption":"Cat Eye Gel Polish \u2013 HEMA-Free \uff06 TPO-Free"},"image":{"@id":"https:\/\/chromeclair.com\/#\/schema\/logo\/image\/"}}]}},"_links":{"self":[{"href":"https:\/\/chromeclair.com\/de\/wp-json\/wp\/v2\/product\/10130","targetHints":{"allow":["GET"]}}],"collection":[{"href":"https:\/\/chromeclair.com\/de\/wp-json\/wp\/v2\/product"}],"about":[{"href":"https:\/\/chromeclair.com\/de\/wp-json\/wp\/v2\/types\/product"}],"replies":[{"embeddable":true,"href":"https:\/\/chromeclair.com\/de\/wp-json\/wp\/v2\/comments?post=10130"}],"wp:featuredmedia":[{"embeddable":true,"href":"https:\/\/chromeclair.com\/de\/wp-json\/wp\/v2\/media\/10131"}],"wp:attachment":[{"href":"https:\/\/chromeclair.com\/de\/wp-json\/wp\/v2\/media?parent=10130"}],"wp:term":[{"taxonomy":"product_brand","embeddable":true,"href":"https:\/\/chromeclair.com\/de\/wp-json\/wp\/v2\/product_brand?post=10130"},{"taxonomy":"product_cat","embeddable":true,"href":"https:\/\/chromeclair.com\/de\/wp-json\/wp\/v2\/product_cat?post=10130"},{"taxonomy":"product_tag","embeddable":true,"href":"https:\/\/chromeclair.com\/de\/wp-json\/wp\/v2\/product_tag?post=10130"}],"curies":[{"name":"wp","href":"https:\/\/api.w.org\/{rel}","templated":true}]}}