{"id":10140,"date":"2025-11-12T02:23:59","date_gmt":"2025-11-12T02:23:59","guid":{"rendered":"https:\/\/chromeclair.com\/?post_type=product&#038;p=10140"},"modified":"2026-04-13T05:52:20","modified_gmt":"2026-04-13T05:52:20","slug":"hematpo-free-solid-color-sr-05-17ml","status":"publish","type":"product","link":"https:\/\/chromeclair.com\/de\/produkt\/hematpo-free-solid-color-sr-05-17ml\/","title":{"rendered":"HEMA- und TPO-frei, einfarbig, SR-05, 17 ml"},"content":{"rendered":"<p>Das Schwarz, vor dem Sie sich bisher gef\u00fcrchtet haben, ist jetzt die sicherste Farbe in Ihrer Kollektion.<\/p>\n\n\n\n<p>Dramatische Farben ziehen dramatische Formeln an - und herk\u00f6mmliche schwarze Gele sind da keine Ausnahme. Die meisten enthalten immer noch HEMA, ein wasserl\u00f6sliches Monomer, das bei wiederholtem Waschen in die Haut eindringt und eine dauerhafte, lebenslange Allergie ausl\u00f6sen kann. Die EU hat den Fotoinitiator TPO im September 2025 aus allen Gel-Nagelprodukten verbannt, weil er als fortpflanzungsgef\u00e4hrdend eingestuft wurde. SR-05 wurde vor diesem Zeitpunkt neu formuliert.<\/p>\n\n\n\n<p>SR-05 ist ein echtes, undurchsichtiges Tiefschwarz - ohne grauen Unterton, ohne Kompromisse. Mit einem einzigen Strich liefert er 100% Deckkraft mit einem spiegelnden Glanz, der bis zu 3 Wochen h\u00e4lt, ohne abzuf\u00e4rben, abzusplittern oder an den R\u00e4ndern zu schrumpfen. Die 17-ml-Profi-Flasche reicht f\u00fcr ca. 30 vollst\u00e4ndige Manik\u00fcren - oder weit mehr, wenn Sie sie f\u00fcr Nailart-Details und French Tips verwenden.<\/p>\n\n\n\n<p>Er wird von professionellen Nagelk\u00fcnstlern f\u00fcr kontrastreiche geometrische Designs, Negativ-Raum-Kunst und grafische French Manicures verwendet. Die selbstnivellierende Formel verzeiht eine unsichere Hand und reinigt die Nagelhaut sauber.<\/p>\n\n\n\n<p>F\u00fcr k\u00fchne, fl\u00e4chendeckende Manik\u00fcren, Ombre Fades, Nail Art Linework und jeden Look, der beweist, dass Eleganz und Sicherheit keine Gegens\u00e4tze sind.<\/p>\n\n\n\n<p><strong>Vegan - Grausamkeitsfrei - HEMA-frei - TPO-frei - EU- und UK-konform<\/strong><\/p>","protected":false},"excerpt":{"rendered":"<p>Das Schwarz, vor dem Sie sich bisher gef\u00fcrchtet haben, ist jetzt die sicherste Farbe in Ihrer Sammlung. Dramatische Farben ziehen dramatische Formeln an - und herk\u00f6mmliche schwarze Gele sind da keine Ausnahme. Die meisten enthalten immer noch HEMA, ein wasserl\u00f6sliches Monomer, das bei wiederholtem Waschen in die Haut eindringt und eine dauerhafte, lebenslange Allergie ausl\u00f6sen kann. Die EU verbot den Fotoinitiator TPO aus [...]<\/p>","protected":false},"featured_media":10141,"comment_status":"open","ping_status":"closed","template":"","meta":[],"product_brand":[162],"product_cat":[180],"product_tag":[],"class_list":{"0":"post-10140","1":"product","2":"type-product","3":"status-publish","4":"has-post-thumbnail","6":"product_brand-chromeclair","7":"product_cat-solid-color-gel-polish","9":"first","10":"instock","11":"shipping-taxable","12":"purchasable","13":"product-type-simple"},"yoast_head":"<!-- This site is optimized with the Yoast SEO plugin v26.4 - https:\/\/yoast.com\/wordpress\/plugins\/seo\/ -->\n<title>HEMA Free Black Gel Polish TPO Free Solid Jet Black SR-05, 17ML -CHROM\u00c9CLAIR<\/title>\n<meta name=\"description\" content=\"Discover CHROM\u00c9CLAIR SR-05, our deepest Jet Black in a HEMA &amp; TPO Free formula. This 17ML professional gel delivers unparalleled opacity and a high-gloss finish in one stroke. Achieve crisp nail art and intense, classic black manicures with a gentle, low-irritation gel trusted by professionals.\" \/>\n<meta name=\"robots\" content=\"index, follow, max-snippet:-1, max-image-preview:large, max-video-preview:-1\" \/>\n<link rel=\"canonical\" href=\"https:\/\/chromeclair.com\/de\/produkt\/hematpo-free-solid-color-sr-05-17ml\/\" \/>\n<meta property=\"og:locale\" content=\"de_DE\" \/>\n<meta property=\"og:type\" content=\"article\" \/>\n<meta property=\"og:title\" content=\"HEMA Free Black Gel Polish TPO Free Solid Jet Black SR-05, 17ML -CHROM\u00c9CLAIR\" \/>\n<meta property=\"og:description\" content=\"Discover CHROM\u00c9CLAIR SR-05, our deepest Jet Black in a HEMA &amp; TPO Free formula. This 17ML professional gel delivers unparalleled opacity and a high-gloss finish in one stroke. Achieve crisp nail art and intense, classic black manicures with a gentle, low-irritation gel trusted by professionals.\" \/>\n<meta property=\"og:url\" content=\"https:\/\/chromeclair.com\/de\/produkt\/hematpo-free-solid-color-sr-05-17ml\/\" \/>\n<meta property=\"og:site_name\" content=\"Cat Eye Gel Polish \u2013 HEMA-Free \uff06 TPO-Free\" \/>\n<meta property=\"article:modified_time\" content=\"2026-04-13T05:52:20+00:00\" \/>\n<meta property=\"og:image\" content=\"https:\/\/chromeclair.com\/wp-content\/uploads\/2025\/11\/SR-05.webp\" \/>\n\t<meta property=\"og:image:width\" content=\"1024\" \/>\n\t<meta property=\"og:image:height\" content=\"1024\" \/>\n\t<meta property=\"og:image:type\" content=\"image\/webp\" \/>\n<meta name=\"twitter:card\" content=\"summary_large_image\" \/>\n<meta name=\"twitter:label1\" content=\"Gesch\u00e4tzte Lesezeit\" \/>\n\t<meta name=\"twitter:data1\" content=\"1\u00a0Minute\" \/>\n<script type=\"application\/ld+json\" class=\"yoast-schema-graph\">{\"@context\":\"https:\/\/schema.org\",\"@graph\":[{\"@type\":\"WebPage\",\"@id\":\"https:\/\/chromeclair.com\/product\/hematpo-free-solid-color-sr-05-17ml\/\",\"url\":\"https:\/\/chromeclair.com\/product\/hematpo-free-solid-color-sr-05-17ml\/\",\"name\":\"HEMA Free Black Gel Polish TPO Free Solid Jet Black SR-05, 17ML -CHROM\u00c9CLAIR\",\"isPartOf\":{\"@id\":\"https:\/\/chromeclair.com\/#website\"},\"primaryImageOfPage\":{\"@id\":\"https:\/\/chromeclair.com\/product\/hematpo-free-solid-color-sr-05-17ml\/#primaryimage\"},\"image\":{\"@id\":\"https:\/\/chromeclair.com\/product\/hematpo-free-solid-color-sr-05-17ml\/#primaryimage\"},\"thumbnailUrl\":\"https:\/\/chromeclair.com\/wp-content\/uploads\/2025\/11\/SR-05.webp\",\"datePublished\":\"2025-11-12T02:23:59+00:00\",\"dateModified\":\"2026-04-13T05:52:20+00:00\",\"description\":\"Discover CHROM\u00c9CLAIR SR-05, our deepest Jet Black in a HEMA & TPO Free formula. This 17ML professional gel delivers unparalleled opacity and a high-gloss finish in one stroke. Achieve crisp nail art and intense, classic black manicures with a gentle, low-irritation gel trusted by professionals.\",\"breadcrumb\":{\"@id\":\"https:\/\/chromeclair.com\/product\/hematpo-free-solid-color-sr-05-17ml\/#breadcrumb\"},\"inLanguage\":\"de\",\"potentialAction\":[{\"@type\":\"ReadAction\",\"target\":[\"https:\/\/chromeclair.com\/product\/hematpo-free-solid-color-sr-05-17ml\/\"]}]},{\"@type\":\"ImageObject\",\"inLanguage\":\"de\",\"@id\":\"https:\/\/chromeclair.com\/product\/hematpo-free-solid-color-sr-05-17ml\/#primaryimage\",\"url\":\"https:\/\/chromeclair.com\/wp-content\/uploads\/2025\/11\/SR-05.webp\",\"contentUrl\":\"https:\/\/chromeclair.com\/wp-content\/uploads\/2025\/11\/SR-05.webp\",\"width\":1024,\"height\":1024,\"caption\":\"Hema-Free and Tpo-free Solid Color SR-05 Black shade-CHROM\u00c9CLAIR\"},{\"@type\":\"BreadcrumbList\",\"@id\":\"https:\/\/chromeclair.com\/product\/hematpo-free-solid-color-sr-05-17ml\/#breadcrumb\",\"itemListElement\":[{\"@type\":\"ListItem\",\"position\":1,\"name\":\"Home\",\"item\":\"https:\/\/chromeclair.com\/\"},{\"@type\":\"ListItem\",\"position\":2,\"name\":\"Shop\",\"item\":\"https:\/\/chromeclair.com\/shop\/\"},{\"@type\":\"ListItem\",\"position\":3,\"name\":\"HEMA&amp;TPO FREE SOLID COLOR SR-05 17ML\"}]},{\"@type\":\"WebSite\",\"@id\":\"https:\/\/chromeclair.com\/#website\",\"url\":\"https:\/\/chromeclair.com\/\",\"name\":\"Cat Eye Gel Polish \u2013 HEMA-Free \uff06 TPO-Free\",\"description\":\"While others focus on having more colors, we focus on having safer ingredients.\",\"publisher\":{\"@id\":\"https:\/\/chromeclair.com\/#organization\"},\"potentialAction\":[{\"@type\":\"SearchAction\",\"target\":{\"@type\":\"EntryPoint\",\"urlTemplate\":\"https:\/\/chromeclair.com\/?s={search_term_string}\"},\"query-input\":{\"@type\":\"PropertyValueSpecification\",\"valueRequired\":true,\"valueName\":\"search_term_string\"}}],\"inLanguage\":\"de\"},{\"@type\":\"Organization\",\"@id\":\"https:\/\/chromeclair.com\/#organization\",\"name\":\"Cat Eye Gel Polish \u2013 HEMA-Free \uff06 TPO-Free\",\"url\":\"https:\/\/chromeclair.com\/\",\"logo\":{\"@type\":\"ImageObject\",\"inLanguage\":\"de\",\"@id\":\"https:\/\/chromeclair.com\/#\/schema\/logo\/image\/\",\"url\":\"https:\/\/chromeclair.com\/wp-content\/uploads\/2025\/06\/cropped-CHROMECLAIR-Logo-scaled-1.png\",\"contentUrl\":\"https:\/\/chromeclair.com\/wp-content\/uploads\/2025\/06\/cropped-CHROMECLAIR-Logo-scaled-1.png\",\"width\":2151,\"height\":429,\"caption\":\"Cat Eye Gel Polish \u2013 HEMA-Free \uff06 TPO-Free\"},\"image\":{\"@id\":\"https:\/\/chromeclair.com\/#\/schema\/logo\/image\/\"}}]}<\/script>\n<!-- \/ Yoast SEO plugin. -->","yoast_head_json":{"title":"HEMA Free Black Gel Polish TPO Free Solid Jet Black SR-05, 17ML -CHROM\u00c9CLAIR","description":"Entdecken Sie CHROM\u00c9CLAIR SR-05, unser tiefstes Tiefschwarz in einer HEMA- und TPO-freien Formel. Dieses professionelle Gel (17 ml) bietet unvergleichliche Deckkraft und ein hochgl\u00e4nzendes Finish in einem Zug. Erzielen Sie gestochen scharfe Nailart und intensive, klassisch schwarze Manik\u00fcren mit einem sanften, reizarmen Gel, dem die Profis vertrauen.","robots":{"index":"index","follow":"follow","max-snippet":"max-snippet:-1","max-image-preview":"max-image-preview:large","max-video-preview":"max-video-preview:-1"},"canonical":"https:\/\/chromeclair.com\/de\/produkt\/hematpo-free-solid-color-sr-05-17ml\/","og_locale":"de_DE","og_type":"article","og_title":"HEMA Free Black Gel Polish TPO Free Solid Jet Black SR-05, 17ML -CHROM\u00c9CLAIR","og_description":"Discover CHROM\u00c9CLAIR SR-05, our deepest Jet Black in a HEMA & TPO Free formula. This 17ML professional gel delivers unparalleled opacity and a high-gloss finish in one stroke. Achieve crisp nail art and intense, classic black manicures with a gentle, low-irritation gel trusted by professionals.","og_url":"https:\/\/chromeclair.com\/de\/produkt\/hematpo-free-solid-color-sr-05-17ml\/","og_site_name":"Cat Eye Gel Polish \u2013 HEMA-Free \uff06 TPO-Free","article_modified_time":"2026-04-13T05:52:20+00:00","og_image":[{"width":1024,"height":1024,"url":"https:\/\/chromeclair.com\/wp-content\/uploads\/2025\/11\/SR-05.webp","type":"image\/webp"}],"twitter_card":"summary_large_image","twitter_misc":{"Gesch\u00e4tzte Lesezeit":"1\u00a0Minute"},"schema":{"@context":"https:\/\/schema.org","@graph":[{"@type":"WebPage","@id":"https:\/\/chromeclair.com\/product\/hematpo-free-solid-color-sr-05-17ml\/","url":"https:\/\/chromeclair.com\/product\/hematpo-free-solid-color-sr-05-17ml\/","name":"HEMA Free Black Gel Polish TPO Free Solid Jet Black SR-05, 17ML -CHROM\u00c9CLAIR","isPartOf":{"@id":"https:\/\/chromeclair.com\/#website"},"primaryImageOfPage":{"@id":"https:\/\/chromeclair.com\/product\/hematpo-free-solid-color-sr-05-17ml\/#primaryimage"},"image":{"@id":"https:\/\/chromeclair.com\/product\/hematpo-free-solid-color-sr-05-17ml\/#primaryimage"},"thumbnailUrl":"https:\/\/chromeclair.com\/wp-content\/uploads\/2025\/11\/SR-05.webp","datePublished":"2025-11-12T02:23:59+00:00","dateModified":"2026-04-13T05:52:20+00:00","description":"Entdecken Sie CHROM\u00c9CLAIR SR-05, unser tiefstes Tiefschwarz in einer HEMA- und TPO-freien Formel. Dieses professionelle Gel (17 ml) bietet unvergleichliche Deckkraft und ein hochgl\u00e4nzendes Finish in einem Zug. Erzielen Sie gestochen scharfe Nailart und intensive, klassisch schwarze Manik\u00fcren mit einem sanften, reizarmen Gel, dem die Profis vertrauen.","breadcrumb":{"@id":"https:\/\/chromeclair.com\/product\/hematpo-free-solid-color-sr-05-17ml\/#breadcrumb"},"inLanguage":"de","potentialAction":[{"@type":"ReadAction","target":["https:\/\/chromeclair.com\/product\/hematpo-free-solid-color-sr-05-17ml\/"]}]},{"@type":"ImageObject","inLanguage":"de","@id":"https:\/\/chromeclair.com\/product\/hematpo-free-solid-color-sr-05-17ml\/#primaryimage","url":"https:\/\/chromeclair.com\/wp-content\/uploads\/2025\/11\/SR-05.webp","contentUrl":"https:\/\/chromeclair.com\/wp-content\/uploads\/2025\/11\/SR-05.webp","width":1024,"height":1024,"caption":"Hema-Free and Tpo-free Solid Color SR-05 Black shade-CHROM\u00c9CLAIR"},{"@type":"BreadcrumbList","@id":"https:\/\/chromeclair.com\/product\/hematpo-free-solid-color-sr-05-17ml\/#breadcrumb","itemListElement":[{"@type":"ListItem","position":1,"name":"Home","item":"https:\/\/chromeclair.com\/"},{"@type":"ListItem","position":2,"name":"Shop","item":"https:\/\/chromeclair.com\/shop\/"},{"@type":"ListItem","position":3,"name":"HEMA&amp;TPO FREE SOLID COLOR SR-05 17ML"}]},{"@type":"WebSite","@id":"https:\/\/chromeclair.com\/#website","url":"https:\/\/chromeclair.com\/","name":"Cat Eye Gel Polish \u2013 HEMA-frei und TPO-frei","description":"W\u00e4hrend andere sich darauf konzentrieren, mehr Farben anzubieten, konzentrieren wir uns darauf, sicherere Inhaltsstoffe zu verwenden.","publisher":{"@id":"https:\/\/chromeclair.com\/#organization"},"potentialAction":[{"@type":"SearchAction","target":{"@type":"EntryPoint","urlTemplate":"https:\/\/chromeclair.com\/?s={search_term_string}"},"query-input":{"@type":"PropertyValueSpecification","valueRequired":true,"valueName":"search_term_string"}}],"inLanguage":"de"},{"@type":"Organization","@id":"https:\/\/chromeclair.com\/#organization","name":"Cat Eye Gel Polish \u2013 HEMA-frei und TPO-frei","url":"https:\/\/chromeclair.com\/","logo":{"@type":"ImageObject","inLanguage":"de","@id":"https:\/\/chromeclair.com\/#\/schema\/logo\/image\/","url":"https:\/\/chromeclair.com\/wp-content\/uploads\/2025\/06\/cropped-CHROMECLAIR-Logo-scaled-1.png","contentUrl":"https:\/\/chromeclair.com\/wp-content\/uploads\/2025\/06\/cropped-CHROMECLAIR-Logo-scaled-1.png","width":2151,"height":429,"caption":"Cat Eye Gel Polish \u2013 HEMA-Free \uff06 TPO-Free"},"image":{"@id":"https:\/\/chromeclair.com\/#\/schema\/logo\/image\/"}}]}},"_links":{"self":[{"href":"https:\/\/chromeclair.com\/de\/wp-json\/wp\/v2\/product\/10140","targetHints":{"allow":["GET"]}}],"collection":[{"href":"https:\/\/chromeclair.com\/de\/wp-json\/wp\/v2\/product"}],"about":[{"href":"https:\/\/chromeclair.com\/de\/wp-json\/wp\/v2\/types\/product"}],"replies":[{"embeddable":true,"href":"https:\/\/chromeclair.com\/de\/wp-json\/wp\/v2\/comments?post=10140"}],"wp:featuredmedia":[{"embeddable":true,"href":"https:\/\/chromeclair.com\/de\/wp-json\/wp\/v2\/media\/10141"}],"wp:attachment":[{"href":"https:\/\/chromeclair.com\/de\/wp-json\/wp\/v2\/media?parent=10140"}],"wp:term":[{"taxonomy":"product_brand","embeddable":true,"href":"https:\/\/chromeclair.com\/de\/wp-json\/wp\/v2\/product_brand?post=10140"},{"taxonomy":"product_cat","embeddable":true,"href":"https:\/\/chromeclair.com\/de\/wp-json\/wp\/v2\/product_cat?post=10140"},{"taxonomy":"product_tag","embeddable":true,"href":"https:\/\/chromeclair.com\/de\/wp-json\/wp\/v2\/product_tag?post=10140"}],"curies":[{"name":"wp","href":"https:\/\/api.w.org\/{rel}","templated":true}]}}