{"id":10166,"date":"2025-11-12T04:05:39","date_gmt":"2025-11-12T04:05:39","guid":{"rendered":"https:\/\/chromeclair.com\/?post_type=product&#038;p=10166"},"modified":"2026-04-13T05:49:58","modified_gmt":"2026-04-13T05:49:58","slug":"hematpo-free-solid-color-sr-17-17ml","status":"publish","type":"product","link":"https:\/\/chromeclair.com\/de\/product\/hematpo-free-solid-color-sr-17-17ml\/","title":{"rendered":"HEMA&amp;TPO FREIE FESTE FARBE SR-17 17ML"},"content":{"rendered":"<p>Espressobraun: die dunkle, neutrale Farbe, die Schwarz ersetzt, ohne dramatisch zu sein - und ohne Allergene.<\/p>\n\n\n\n<p>Dunkle Gele sind ein Hochrisikobereich f\u00fcr Sensibilisierung. Die tiefen Pigmentmengen, die f\u00fcr fast schwarze Farbt\u00f6ne ben\u00f6tigt werden, erfordern oft erh\u00f6hte Konzentrationen von Photoinitiatoren - einschlie\u00dflich TPO, das seit September 2025 in der EU f\u00fcr alle Nagelprodukte verboten ist. Jeder, der nach einer dunklen Gelmanik\u00fcre Juckreiz oder eine R\u00f6tung der Nagelhaut bemerkt hat, sollte sich genau ansehen, was seine Formel enth\u00e4lt. Mit SR-17 er\u00fcbrigt sich diese Frage v\u00f6llig.<\/p>\n\n\n\n<p>SR-17 ist ein tiefes Espressobraun - reichhaltig, warm get\u00f6nt und vielseitig in einer Weise, wie es reines Schwarz nicht ist. Die kaffeefarbenen Untert\u00f6ne verleihen ihm Dimension und Tragbarkeit und machen ihn zu einem anspruchsvollen neutralen Farbton f\u00fcr den t\u00e4glichen Gebrauch. Die 17-ml-Formel ist HEMA- und TPO-frei, deckt in einer Schicht vollst\u00e4ndig ab, h\u00e4rtet zu einem tiefen, lack\u00e4hnlichen Glanz aus und h\u00e4lt 2 bis 3 Wochen lang, ohne abzusplittern oder abzuheben.<\/p>\n\n\n\n<p>Ein beliebtes Produkt f\u00fcr professionelle Nagelk\u00fcnstler, die an Kunden arbeiten, die redaktionelle Tiefe w\u00fcnschen, ohne sich auf ein komplettes Schwarz festzulegen. Beliebt f\u00fcr minimalistische Manik\u00fcren, geometrische Nagelkunst und als erdende Akzentfarbe in mehrfarbigen Sets.<\/p>\n\n\n\n<p>Passt nat\u00fcrlich zu SR-30 Antikgold und SR-25 Blush Clay f\u00fcr eine herbstliche Tonkollektion oder zu SR-21 Wei\u00df f\u00fcr kontrastreiche Designs mit negativem Raum.<\/p>\n\n\n\n<p><strong>Vegan - Grausamkeitsfrei - HEMA-frei - TPO-frei - EU- und UK-konform<\/strong><\/p>","protected":false},"excerpt":{"rendered":"<p>Erfordert die Verwendung einer UV- oder LED-Lampe<\/p>","protected":false},"featured_media":10167,"comment_status":"open","ping_status":"closed","template":"","meta":[],"product_brand":[162],"product_cat":[180],"product_tag":[],"class_list":{"0":"post-10166","1":"product","2":"type-product","3":"status-publish","4":"has-post-thumbnail","6":"product_brand-chromeclair","7":"product_cat-solid-color-gel-polish","9":"first","10":"instock","11":"shipping-taxable","12":"purchasable","13":"product-type-simple"},"yoast_head":"<!-- This site is optimized with the Yoast SEO plugin v27.4 - https:\/\/yoast.com\/product\/yoast-seo-wordpress\/ -->\n<title>HEMA Free TPO Free Rich Mocha SR-17 Chocolate Brown Gel Polish 17ML -CHROM\u00c9CLAIR<\/title>\n<meta name=\"description\" content=\"Discover depth and warmth with CHROM\u00c9CLAIR SR-17. This rich chocolate brown is HEMA &amp; TPO Free, delivering a creamy, opaque finish in a safe 17ML bottle. Its mocha undertones create a comforting yet sophisticated effect, ideal for creating elegant nail art and timeless manicures that pair with everything.\" \/>\n<meta name=\"robots\" content=\"index, follow, max-snippet:-1, max-image-preview:large, max-video-preview:-1\" \/>\n<link rel=\"canonical\" href=\"https:\/\/chromeclair.com\/de\/produkt\/hematpo-free-solid-color-sr-17-17ml\/\" \/>\n<meta property=\"og:locale\" content=\"de_DE\" \/>\n<meta property=\"og:type\" content=\"article\" \/>\n<meta property=\"og:title\" content=\"HEMA Free TPO Free Rich Mocha SR-17 Chocolate Brown Gel Polish 17ML -CHROM\u00c9CLAIR\" \/>\n<meta property=\"og:description\" content=\"Discover depth and warmth with CHROM\u00c9CLAIR SR-17. This rich chocolate brown is HEMA &amp; TPO Free, delivering a creamy, opaque finish in a safe 17ML bottle. Its mocha undertones create a comforting yet sophisticated effect, ideal for creating elegant nail art and timeless manicures that pair with everything.\" \/>\n<meta property=\"og:url\" content=\"https:\/\/chromeclair.com\/de\/produkt\/hematpo-free-solid-color-sr-17-17ml\/\" \/>\n<meta property=\"og:site_name\" content=\"Cat Eye Gel Polish \u2013 HEMA-Free \uff06 TPO-Free\" \/>\n<meta property=\"article:modified_time\" content=\"2026-04-13T05:49:58+00:00\" \/>\n<meta property=\"og:image\" content=\"https:\/\/chromeclair.com\/wp-content\/uploads\/2025\/11\/SR-17.webp\" \/>\n\t<meta property=\"og:image:width\" content=\"1024\" \/>\n\t<meta property=\"og:image:height\" content=\"1024\" \/>\n\t<meta property=\"og:image:type\" content=\"image\/webp\" \/>\n<meta name=\"twitter:card\" content=\"summary_large_image\" \/>\n<meta name=\"twitter:label1\" content=\"Gesch\u00e4tzte Lesezeit\" \/>\n\t<meta name=\"twitter:data1\" content=\"1\u00a0Minute\" \/>\n<script type=\"application\/ld+json\" class=\"yoast-schema-graph\">{\"@context\":\"https:\\\/\\\/schema.org\",\"@graph\":[{\"@type\":\"WebPage\",\"@id\":\"https:\\\/\\\/chromeclair.com\\\/product\\\/hematpo-free-solid-color-sr-17-17ml\\\/\",\"url\":\"https:\\\/\\\/chromeclair.com\\\/product\\\/hematpo-free-solid-color-sr-17-17ml\\\/\",\"name\":\"HEMA Free TPO Free Rich Mocha SR-17 Chocolate Brown Gel Polish 17ML -CHROM\u00c9CLAIR\",\"isPartOf\":{\"@id\":\"https:\\\/\\\/chromeclair.com\\\/#website\"},\"primaryImageOfPage\":{\"@id\":\"https:\\\/\\\/chromeclair.com\\\/product\\\/hematpo-free-solid-color-sr-17-17ml\\\/#primaryimage\"},\"image\":{\"@id\":\"https:\\\/\\\/chromeclair.com\\\/product\\\/hematpo-free-solid-color-sr-17-17ml\\\/#primaryimage\"},\"thumbnailUrl\":\"https:\\\/\\\/chromeclair.com\\\/wp-content\\\/uploads\\\/2025\\\/11\\\/SR-17.webp\",\"datePublished\":\"2025-11-12T04:05:39+00:00\",\"dateModified\":\"2026-04-13T05:49:58+00:00\",\"description\":\"Discover depth and warmth with CHROM\u00c9CLAIR SR-17. This rich chocolate brown is HEMA & TPO Free, delivering a creamy, opaque finish in a safe 17ML bottle. Its mocha undertones create a comforting yet sophisticated effect, ideal for creating elegant nail art and timeless manicures that pair with everything.\",\"inLanguage\":\"de\",\"potentialAction\":[{\"@type\":\"ReadAction\",\"target\":[\"https:\\\/\\\/chromeclair.com\\\/product\\\/hematpo-free-solid-color-sr-17-17ml\\\/\"]}]},{\"@type\":\"ImageObject\",\"inLanguage\":\"de\",\"@id\":\"https:\\\/\\\/chromeclair.com\\\/product\\\/hematpo-free-solid-color-sr-17-17ml\\\/#primaryimage\",\"url\":\"https:\\\/\\\/chromeclair.com\\\/wp-content\\\/uploads\\\/2025\\\/11\\\/SR-17.webp\",\"contentUrl\":\"https:\\\/\\\/chromeclair.com\\\/wp-content\\\/uploads\\\/2025\\\/11\\\/SR-17.webp\",\"width\":1024,\"height\":1024,\"caption\":\"Hema-Free and Tpo-free Solid Color SR-17 Brown shade-CHROM\u00c9CLAIR\"},{\"@type\":\"WebSite\",\"@id\":\"https:\\\/\\\/chromeclair.com\\\/#website\",\"url\":\"https:\\\/\\\/chromeclair.com\\\/\",\"name\":\"Cat Eye Gel Polish \u2013 HEMA-Free \uff06 TPO-Free\",\"description\":\"While others focus on having more colors, we focus on having safer ingredients.\",\"publisher\":{\"@id\":\"https:\\\/\\\/chromeclair.com\\\/#organization\"},\"potentialAction\":[{\"@type\":\"SearchAction\",\"target\":{\"@type\":\"EntryPoint\",\"urlTemplate\":\"https:\\\/\\\/chromeclair.com\\\/?s={search_term_string}\"},\"query-input\":{\"@type\":\"PropertyValueSpecification\",\"valueRequired\":true,\"valueName\":\"search_term_string\"}}],\"inLanguage\":\"de\"},{\"@type\":\"Organization\",\"@id\":\"https:\\\/\\\/chromeclair.com\\\/#organization\",\"name\":\"Cat Eye Gel Polish \u2013 HEMA-Free \uff06 TPO-Free\",\"url\":\"https:\\\/\\\/chromeclair.com\\\/\",\"logo\":{\"@type\":\"ImageObject\",\"inLanguage\":\"de\",\"@id\":\"https:\\\/\\\/chromeclair.com\\\/#\\\/schema\\\/logo\\\/image\\\/\",\"url\":\"https:\\\/\\\/chromeclair.com\\\/wp-content\\\/uploads\\\/2025\\\/06\\\/cropped-CHROMECLAIR-Logo-scaled-1.png\",\"contentUrl\":\"https:\\\/\\\/chromeclair.com\\\/wp-content\\\/uploads\\\/2025\\\/06\\\/cropped-CHROMECLAIR-Logo-scaled-1.png\",\"width\":2151,\"height\":429,\"caption\":\"Cat Eye Gel Polish \u2013 HEMA-Free \uff06 TPO-Free\"},\"image\":{\"@id\":\"https:\\\/\\\/chromeclair.com\\\/#\\\/schema\\\/logo\\\/image\\\/\"}}]}<\/script>\n<!-- \/ Yoast SEO plugin. -->","yoast_head_json":{"title":"HEMA frei TPO frei Rich Mocha SR-17 Schokoladenbraun Gel Polish 17ML -CHROM\u00c9CLAIR","description":"Entdecken Sie Tiefe und W\u00e4rme mit CHROM\u00c9CLAIR SR-17. Dieses satte Schokoladenbraun ist HEMA- und TPO-frei und bietet ein cremiges, undurchsichtiges Finish in einer sicheren 17-ml-Flasche. Seine mokkafarbenen Untert\u00f6ne sorgen f\u00fcr einen beruhigenden und doch raffinierten Effekt, ideal f\u00fcr elegante Nail Art und zeitlose Manik\u00fcre, die zu allem passt.","robots":{"index":"index","follow":"follow","max-snippet":"max-snippet:-1","max-image-preview":"max-image-preview:large","max-video-preview":"max-video-preview:-1"},"canonical":"https:\/\/chromeclair.com\/de\/produkt\/hematpo-free-solid-color-sr-17-17ml\/","og_locale":"de_DE","og_type":"article","og_title":"HEMA Free TPO Free Rich Mocha SR-17 Chocolate Brown Gel Polish 17ML -CHROM\u00c9CLAIR","og_description":"Discover depth and warmth with CHROM\u00c9CLAIR SR-17. This rich chocolate brown is HEMA & TPO Free, delivering a creamy, opaque finish in a safe 17ML bottle. Its mocha undertones create a comforting yet sophisticated effect, ideal for creating elegant nail art and timeless manicures that pair with everything.","og_url":"https:\/\/chromeclair.com\/de\/produkt\/hematpo-free-solid-color-sr-17-17ml\/","og_site_name":"Cat Eye Gel Polish \u2013 HEMA-Free \uff06 TPO-Free","article_modified_time":"2026-04-13T05:49:58+00:00","og_image":[{"width":1024,"height":1024,"url":"https:\/\/chromeclair.com\/wp-content\/uploads\/2025\/11\/SR-17.webp","type":"image\/webp"}],"twitter_card":"summary_large_image","twitter_misc":{"Gesch\u00e4tzte Lesezeit":"1\u00a0Minute"},"schema":{"@context":"https:\/\/schema.org","@graph":[{"@type":"WebPage","@id":"https:\/\/chromeclair.com\/product\/hematpo-free-solid-color-sr-17-17ml\/","url":"https:\/\/chromeclair.com\/product\/hematpo-free-solid-color-sr-17-17ml\/","name":"HEMA frei TPO frei Rich Mocha SR-17 Schokoladenbraun Gel Polish 17ML -CHROM\u00c9CLAIR","isPartOf":{"@id":"https:\/\/chromeclair.com\/#website"},"primaryImageOfPage":{"@id":"https:\/\/chromeclair.com\/product\/hematpo-free-solid-color-sr-17-17ml\/#primaryimage"},"image":{"@id":"https:\/\/chromeclair.com\/product\/hematpo-free-solid-color-sr-17-17ml\/#primaryimage"},"thumbnailUrl":"https:\/\/chromeclair.com\/wp-content\/uploads\/2025\/11\/SR-17.webp","datePublished":"2025-11-12T04:05:39+00:00","dateModified":"2026-04-13T05:49:58+00:00","description":"Entdecken Sie Tiefe und W\u00e4rme mit CHROM\u00c9CLAIR SR-17. Dieses satte Schokoladenbraun ist HEMA- und TPO-frei und bietet ein cremiges, undurchsichtiges Finish in einer sicheren 17-ml-Flasche. Seine mokkafarbenen Untert\u00f6ne sorgen f\u00fcr einen beruhigenden und doch raffinierten Effekt, ideal f\u00fcr elegante Nail Art und zeitlose Manik\u00fcre, die zu allem passt.","inLanguage":"de","potentialAction":[{"@type":"ReadAction","target":["https:\/\/chromeclair.com\/product\/hematpo-free-solid-color-sr-17-17ml\/"]}]},{"@type":"ImageObject","inLanguage":"de","@id":"https:\/\/chromeclair.com\/product\/hematpo-free-solid-color-sr-17-17ml\/#primaryimage","url":"https:\/\/chromeclair.com\/wp-content\/uploads\/2025\/11\/SR-17.webp","contentUrl":"https:\/\/chromeclair.com\/wp-content\/uploads\/2025\/11\/SR-17.webp","width":1024,"height":1024,"caption":"Hema-Free and Tpo-free Solid Color SR-17 Brown shade-CHROM\u00c9CLAIR"},{"@type":"WebSite","@id":"https:\/\/chromeclair.com\/#website","url":"https:\/\/chromeclair.com\/","name":"Cat Eye Gel Polish \u2013 HEMA-frei und TPO-frei","description":"W\u00e4hrend andere sich darauf konzentrieren, mehr Farben anzubieten, konzentrieren wir uns darauf, sicherere Inhaltsstoffe zu verwenden.","publisher":{"@id":"https:\/\/chromeclair.com\/#organization"},"potentialAction":[{"@type":"SearchAction","target":{"@type":"EntryPoint","urlTemplate":"https:\/\/chromeclair.com\/?s={search_term_string}"},"query-input":{"@type":"PropertyValueSpecification","valueRequired":true,"valueName":"search_term_string"}}],"inLanguage":"de"},{"@type":"Organization","@id":"https:\/\/chromeclair.com\/#organization","name":"Cat Eye Gel Polish \u2013 HEMA-frei und TPO-frei","url":"https:\/\/chromeclair.com\/","logo":{"@type":"ImageObject","inLanguage":"de","@id":"https:\/\/chromeclair.com\/#\/schema\/logo\/image\/","url":"https:\/\/chromeclair.com\/wp-content\/uploads\/2025\/06\/cropped-CHROMECLAIR-Logo-scaled-1.png","contentUrl":"https:\/\/chromeclair.com\/wp-content\/uploads\/2025\/06\/cropped-CHROMECLAIR-Logo-scaled-1.png","width":2151,"height":429,"caption":"Cat Eye Gel Polish \u2013 HEMA-Free \uff06 TPO-Free"},"image":{"@id":"https:\/\/chromeclair.com\/#\/schema\/logo\/image\/"}}]}},"_links":{"self":[{"href":"https:\/\/chromeclair.com\/de\/wp-json\/wp\/v2\/product\/10166","targetHints":{"allow":["GET"]}}],"collection":[{"href":"https:\/\/chromeclair.com\/de\/wp-json\/wp\/v2\/product"}],"about":[{"href":"https:\/\/chromeclair.com\/de\/wp-json\/wp\/v2\/types\/product"}],"replies":[{"embeddable":true,"href":"https:\/\/chromeclair.com\/de\/wp-json\/wp\/v2\/comments?post=10166"}],"wp:featuredmedia":[{"embeddable":true,"href":"https:\/\/chromeclair.com\/de\/wp-json\/wp\/v2\/media\/10167"}],"wp:attachment":[{"href":"https:\/\/chromeclair.com\/de\/wp-json\/wp\/v2\/media?parent=10166"}],"wp:term":[{"taxonomy":"product_brand","embeddable":true,"href":"https:\/\/chromeclair.com\/de\/wp-json\/wp\/v2\/product_brand?post=10166"},{"taxonomy":"product_cat","embeddable":true,"href":"https:\/\/chromeclair.com\/de\/wp-json\/wp\/v2\/product_cat?post=10166"},{"taxonomy":"product_tag","embeddable":true,"href":"https:\/\/chromeclair.com\/de\/wp-json\/wp\/v2\/product_tag?post=10166"}],"curies":[{"name":"wp","href":"https:\/\/api.w.org\/{rel}","templated":true}]}}