{"id":10246,"date":"2025-11-14T07:05:43","date_gmt":"2025-11-14T07:05:43","guid":{"rendered":"https:\/\/chromeclair.com\/?post_type=product&#038;p=10246"},"modified":"2026-02-05T09:52:02","modified_gmt":"2026-02-05T09:52:02","slug":"hema-tpo-free-no-wipe-top-coat-15ml","status":"publish","type":"product","link":"https:\/\/chromeclair.com\/de\/produkt\/hema-tpo-free-no-wipe-top-coat-15ml\/","title":{"rendered":"HEMA- &amp; TPO-freier No Wipe Top Coat 15ML"},"content":{"rendered":"<p>Schnelligkeit und Perfektion zugleich. <\/p>\n\n\n\n<p>Unsere wischfeste Deckbeschichtung ist frei von HEMA und TPO, so dass keine Reinigung erforderlich ist und Sie wertvolle Servicezeit sparen. <\/p>\n\n\n\n<p>Diese professionelle 15-ml-Formel h\u00e4rtet zu einer kristallklaren, gl\u00e4nzenden Oberfl\u00e4che mit hervorragender Kratz- und Vergilbungsbest\u00e4ndigkeit aus. <\/p>\n\n\n\n<p>Verwenden Sie ihn zusammen mit unserem professionellen Spiegelpuder, damit Ihre Manik\u00fcre lange makellos bleibt.<\/p>\n\n\n\n<p><\/p>","protected":false},"excerpt":{"rendered":"<p>Erfordert die Verwendung einer UV- oder LED-Lampe<\/p>","protected":false},"featured_media":10715,"comment_status":"open","ping_status":"closed","template":"","meta":[],"product_brand":[162],"product_cat":[178],"product_tag":[],"class_list":{"0":"post-10246","1":"product","2":"type-product","3":"status-publish","4":"has-post-thumbnail","6":"product_brand-chromeclair","7":"product_cat-base-top-coat","9":"first","10":"instock","11":"shipping-taxable","12":"purchasable","13":"product-type-simple"},"yoast_head":"<!-- This site is optimized with the Yoast SEO plugin v26.4 - https:\/\/yoast.com\/wordpress\/plugins\/seo\/ -->\n<title>HEMA &amp; TPO Free No Wipe Top Coat - Fast Curing Mirror Finish 15ML -CHROM\u00c9CLAIR<\/title>\n<meta name=\"description\" content=\"Achieve a perfect mirror-like shine without wiping. CHROM\u00c9CLAIR no-wipe top coat gel is formulated with a strict safety margin, free of HEMA and TPO, making it hypoallergenic. It achieves a glass-like shine after UV\/LED lamp treatment. When used with the Magic Mirror Powder, its non-yellowing formula ensures your vibrant colors and intricate nail designs last a long time.\" \/>\n<meta name=\"robots\" content=\"index, follow, max-snippet:-1, max-image-preview:large, max-video-preview:-1\" \/>\n<link rel=\"canonical\" href=\"https:\/\/chromeclair.com\/de\/produkt\/hema-tpo-free-no-wipe-top-coat-15ml\/\" \/>\n<meta property=\"og:locale\" content=\"de_DE\" \/>\n<meta property=\"og:type\" content=\"article\" \/>\n<meta property=\"og:title\" content=\"HEMA &amp; TPO Free No Wipe Top Coat - Fast Curing Mirror Finish 15ML -CHROM\u00c9CLAIR\" \/>\n<meta property=\"og:description\" content=\"Achieve a perfect mirror-like shine without wiping. CHROM\u00c9CLAIR no-wipe top coat gel is formulated with a strict safety margin, free of HEMA and TPO, making it hypoallergenic. It achieves a glass-like shine after UV\/LED lamp treatment. When used with the Magic Mirror Powder, its non-yellowing formula ensures your vibrant colors and intricate nail designs last a long time.\" \/>\n<meta property=\"og:url\" content=\"https:\/\/chromeclair.com\/de\/produkt\/hema-tpo-free-no-wipe-top-coat-15ml\/\" \/>\n<meta property=\"og:site_name\" content=\"chromeclair.com\" \/>\n<meta property=\"article:modified_time\" content=\"2026-02-05T09:52:02+00:00\" \/>\n<meta property=\"og:image\" content=\"https:\/\/chromeclair.com\/wp-content\/uploads\/2025\/11\/No-Wipe-Top-Coat-1-2.webp\" \/>\n\t<meta property=\"og:image:width\" content=\"1000\" \/>\n\t<meta property=\"og:image:height\" content=\"1000\" \/>\n\t<meta property=\"og:image:type\" content=\"image\/webp\" \/>\n<meta name=\"twitter:card\" content=\"summary_large_image\" \/>\n<meta name=\"twitter:label1\" content=\"Gesch\u00e4tzte Lesezeit\" \/>\n\t<meta name=\"twitter:data1\" content=\"1\u00a0Minute\" \/>\n<script type=\"application\/ld+json\" class=\"yoast-schema-graph\">{\"@context\":\"https:\/\/schema.org\",\"@graph\":[{\"@type\":\"WebPage\",\"@id\":\"https:\/\/chromeclair.com\/product\/hema-tpo-free-no-wipe-top-coat-15ml\/\",\"url\":\"https:\/\/chromeclair.com\/product\/hema-tpo-free-no-wipe-top-coat-15ml\/\",\"name\":\"HEMA & TPO Free No Wipe Top Coat - Fast Curing Mirror Finish 15ML -CHROM\u00c9CLAIR\",\"isPartOf\":{\"@id\":\"https:\/\/chromeclair.com\/#website\"},\"primaryImageOfPage\":{\"@id\":\"https:\/\/chromeclair.com\/product\/hema-tpo-free-no-wipe-top-coat-15ml\/#primaryimage\"},\"image\":{\"@id\":\"https:\/\/chromeclair.com\/product\/hema-tpo-free-no-wipe-top-coat-15ml\/#primaryimage\"},\"thumbnailUrl\":\"https:\/\/chromeclair.com\/wp-content\/uploads\/2025\/11\/No-Wipe-Top-Coat-1-2.webp\",\"datePublished\":\"2025-11-14T07:05:43+00:00\",\"dateModified\":\"2026-02-05T09:52:02+00:00\",\"description\":\"Achieve a perfect mirror-like shine without wiping. CHROM\u00c9CLAIR no-wipe top coat gel is formulated with a strict safety margin, free of HEMA and TPO, making it hypoallergenic. It achieves a glass-like shine after UV\/LED lamp treatment. When used with the Magic Mirror Powder, its non-yellowing formula ensures your vibrant colors and intricate nail designs last a long time.\",\"breadcrumb\":{\"@id\":\"https:\/\/chromeclair.com\/product\/hema-tpo-free-no-wipe-top-coat-15ml\/#breadcrumb\"},\"inLanguage\":\"de\",\"potentialAction\":[{\"@type\":\"ReadAction\",\"target\":[\"https:\/\/chromeclair.com\/product\/hema-tpo-free-no-wipe-top-coat-15ml\/\"]}]},{\"@type\":\"ImageObject\",\"inLanguage\":\"de\",\"@id\":\"https:\/\/chromeclair.com\/product\/hema-tpo-free-no-wipe-top-coat-15ml\/#primaryimage\",\"url\":\"https:\/\/chromeclair.com\/wp-content\/uploads\/2025\/11\/No-Wipe-Top-Coat-1-2.webp\",\"contentUrl\":\"https:\/\/chromeclair.com\/wp-content\/uploads\/2025\/11\/No-Wipe-Top-Coat-1-2.webp\",\"width\":1000,\"height\":1000,\"caption\":\"Hema-Free and Tpo-Free No Wipe Top Coat-1 -CHROM\u00c9CLAIR\"},{\"@type\":\"BreadcrumbList\",\"@id\":\"https:\/\/chromeclair.com\/product\/hema-tpo-free-no-wipe-top-coat-15ml\/#breadcrumb\",\"itemListElement\":[{\"@type\":\"ListItem\",\"position\":1,\"name\":\"Home\",\"item\":\"https:\/\/chromeclair.com\/\"},{\"@type\":\"ListItem\",\"position\":2,\"name\":\"Shop\",\"item\":\"https:\/\/chromeclair.com\/shop\/\"},{\"@type\":\"ListItem\",\"position\":3,\"name\":\"HEMA &amp; TPO Free No Wipe Top Coat 15ML\"}]},{\"@type\":\"WebSite\",\"@id\":\"https:\/\/chromeclair.com\/#website\",\"url\":\"https:\/\/chromeclair.com\/\",\"name\":\"chromeclair.com\",\"description\":\"\",\"publisher\":{\"@id\":\"https:\/\/chromeclair.com\/#organization\"},\"potentialAction\":[{\"@type\":\"SearchAction\",\"target\":{\"@type\":\"EntryPoint\",\"urlTemplate\":\"https:\/\/chromeclair.com\/?s={search_term_string}\"},\"query-input\":{\"@type\":\"PropertyValueSpecification\",\"valueRequired\":true,\"valueName\":\"search_term_string\"}}],\"inLanguage\":\"de\"},{\"@type\":\"Organization\",\"@id\":\"https:\/\/chromeclair.com\/#organization\",\"name\":\"chromeclair.com\",\"url\":\"https:\/\/chromeclair.com\/\",\"logo\":{\"@type\":\"ImageObject\",\"inLanguage\":\"de\",\"@id\":\"https:\/\/chromeclair.com\/#\/schema\/logo\/image\/\",\"url\":\"https:\/\/chromeclair.com\/wp-content\/uploads\/2025\/06\/cropped-CHROMECLAIR-Logo-scaled-1.png\",\"contentUrl\":\"https:\/\/chromeclair.com\/wp-content\/uploads\/2025\/06\/cropped-CHROMECLAIR-Logo-scaled-1.png\",\"width\":2151,\"height\":429,\"caption\":\"chromeclair.com\"},\"image\":{\"@id\":\"https:\/\/chromeclair.com\/#\/schema\/logo\/image\/\"}}]}<\/script>\n<!-- \/ Yoast SEO plugin. -->","yoast_head_json":{"title":"HEMA- &amp; TPO-freier No Wipe Top Coat - Schnellh\u00e4rtender Spiegelglanz 15ML -CHROM\u00c9CLAIR","description":"Erzielen Sie einen perfekten Spiegelglanz ohne Abwischen. CHROM\u00c9CLAIR No-Wipe Top-Coat-Gel ist mit einer strengen Sicherheitsmarge formuliert, frei von HEMA und TPO, wodurch es hypoallergen ist. Nach der Behandlung mit einer UV\/LED-Lampe erh\u00e4lt es einen glasartigen Glanz. In Verbindung mit dem Magic Mirror Powder sorgt seine nicht vergilbende Formel daf\u00fcr, dass Ihre leuchtenden Farben und komplizierten Nageldesigns lange halten.","robots":{"index":"index","follow":"follow","max-snippet":"max-snippet:-1","max-image-preview":"max-image-preview:large","max-video-preview":"max-video-preview:-1"},"canonical":"https:\/\/chromeclair.com\/de\/produkt\/hema-tpo-free-no-wipe-top-coat-15ml\/","og_locale":"de_DE","og_type":"article","og_title":"HEMA & TPO Free No Wipe Top Coat - Fast Curing Mirror Finish 15ML -CHROM\u00c9CLAIR","og_description":"Achieve a perfect mirror-like shine without wiping. CHROM\u00c9CLAIR no-wipe top coat gel is formulated with a strict safety margin, free of HEMA and TPO, making it hypoallergenic. It achieves a glass-like shine after UV\/LED lamp treatment. When used with the Magic Mirror Powder, its non-yellowing formula ensures your vibrant colors and intricate nail designs last a long time.","og_url":"https:\/\/chromeclair.com\/de\/produkt\/hema-tpo-free-no-wipe-top-coat-15ml\/","og_site_name":"chromeclair.com","article_modified_time":"2026-02-05T09:52:02+00:00","og_image":[{"width":1000,"height":1000,"url":"https:\/\/chromeclair.com\/wp-content\/uploads\/2025\/11\/No-Wipe-Top-Coat-1-2.webp","type":"image\/webp"}],"twitter_card":"summary_large_image","twitter_misc":{"Gesch\u00e4tzte Lesezeit":"1\u00a0Minute"},"schema":{"@context":"https:\/\/schema.org","@graph":[{"@type":"WebPage","@id":"https:\/\/chromeclair.com\/product\/hema-tpo-free-no-wipe-top-coat-15ml\/","url":"https:\/\/chromeclair.com\/product\/hema-tpo-free-no-wipe-top-coat-15ml\/","name":"HEMA- &amp; TPO-freier No Wipe Top Coat - Schnellh\u00e4rtender Spiegelglanz 15ML -CHROM\u00c9CLAIR","isPartOf":{"@id":"https:\/\/chromeclair.com\/#website"},"primaryImageOfPage":{"@id":"https:\/\/chromeclair.com\/product\/hema-tpo-free-no-wipe-top-coat-15ml\/#primaryimage"},"image":{"@id":"https:\/\/chromeclair.com\/product\/hema-tpo-free-no-wipe-top-coat-15ml\/#primaryimage"},"thumbnailUrl":"https:\/\/chromeclair.com\/wp-content\/uploads\/2025\/11\/No-Wipe-Top-Coat-1-2.webp","datePublished":"2025-11-14T07:05:43+00:00","dateModified":"2026-02-05T09:52:02+00:00","description":"Erzielen Sie einen perfekten Spiegelglanz ohne Abwischen. CHROM\u00c9CLAIR No-Wipe Top-Coat-Gel ist mit einer strengen Sicherheitsmarge formuliert, frei von HEMA und TPO, wodurch es hypoallergen ist. Nach der Behandlung mit einer UV\/LED-Lampe erh\u00e4lt es einen glasartigen Glanz. In Verbindung mit dem Magic Mirror Powder sorgt seine nicht vergilbende Formel daf\u00fcr, dass Ihre leuchtenden Farben und komplizierten Nageldesigns lange halten.","breadcrumb":{"@id":"https:\/\/chromeclair.com\/product\/hema-tpo-free-no-wipe-top-coat-15ml\/#breadcrumb"},"inLanguage":"de","potentialAction":[{"@type":"ReadAction","target":["https:\/\/chromeclair.com\/product\/hema-tpo-free-no-wipe-top-coat-15ml\/"]}]},{"@type":"ImageObject","inLanguage":"de","@id":"https:\/\/chromeclair.com\/product\/hema-tpo-free-no-wipe-top-coat-15ml\/#primaryimage","url":"https:\/\/chromeclair.com\/wp-content\/uploads\/2025\/11\/No-Wipe-Top-Coat-1-2.webp","contentUrl":"https:\/\/chromeclair.com\/wp-content\/uploads\/2025\/11\/No-Wipe-Top-Coat-1-2.webp","width":1000,"height":1000,"caption":"Hema-Free and Tpo-Free No Wipe Top Coat-1 -CHROM\u00c9CLAIR"},{"@type":"BreadcrumbList","@id":"https:\/\/chromeclair.com\/product\/hema-tpo-free-no-wipe-top-coat-15ml\/#breadcrumb","itemListElement":[{"@type":"ListItem","position":1,"name":"Home","item":"https:\/\/chromeclair.com\/"},{"@type":"ListItem","position":2,"name":"Shop","item":"https:\/\/chromeclair.com\/shop\/"},{"@type":"ListItem","position":3,"name":"HEMA &amp; TPO Free No Wipe Top Coat 15ML"}]},{"@type":"WebSite","@id":"https:\/\/chromeclair.com\/#website","url":"https:\/\/chromeclair.com\/","name":"chromeclair.de","description":"","publisher":{"@id":"https:\/\/chromeclair.com\/#organization"},"potentialAction":[{"@type":"SearchAction","target":{"@type":"EntryPoint","urlTemplate":"https:\/\/chromeclair.com\/?s={search_term_string}"},"query-input":{"@type":"PropertyValueSpecification","valueRequired":true,"valueName":"search_term_string"}}],"inLanguage":"de"},{"@type":"Organization","@id":"https:\/\/chromeclair.com\/#organization","name":"chromeclair.de","url":"https:\/\/chromeclair.com\/","logo":{"@type":"ImageObject","inLanguage":"de","@id":"https:\/\/chromeclair.com\/#\/schema\/logo\/image\/","url":"https:\/\/chromeclair.com\/wp-content\/uploads\/2025\/06\/cropped-CHROMECLAIR-Logo-scaled-1.png","contentUrl":"https:\/\/chromeclair.com\/wp-content\/uploads\/2025\/06\/cropped-CHROMECLAIR-Logo-scaled-1.png","width":2151,"height":429,"caption":"chromeclair.com"},"image":{"@id":"https:\/\/chromeclair.com\/#\/schema\/logo\/image\/"}}]}},"_links":{"self":[{"href":"https:\/\/chromeclair.com\/de\/wp-json\/wp\/v2\/product\/10246","targetHints":{"allow":["GET"]}}],"collection":[{"href":"https:\/\/chromeclair.com\/de\/wp-json\/wp\/v2\/product"}],"about":[{"href":"https:\/\/chromeclair.com\/de\/wp-json\/wp\/v2\/types\/product"}],"replies":[{"embeddable":true,"href":"https:\/\/chromeclair.com\/de\/wp-json\/wp\/v2\/comments?post=10246"}],"wp:featuredmedia":[{"embeddable":true,"href":"https:\/\/chromeclair.com\/de\/wp-json\/wp\/v2\/media\/10715"}],"wp:attachment":[{"href":"https:\/\/chromeclair.com\/de\/wp-json\/wp\/v2\/media?parent=10246"}],"wp:term":[{"taxonomy":"product_brand","embeddable":true,"href":"https:\/\/chromeclair.com\/de\/wp-json\/wp\/v2\/product_brand?post=10246"},{"taxonomy":"product_cat","embeddable":true,"href":"https:\/\/chromeclair.com\/de\/wp-json\/wp\/v2\/product_cat?post=10246"},{"taxonomy":"product_tag","embeddable":true,"href":"https:\/\/chromeclair.com\/de\/wp-json\/wp\/v2\/product_tag?post=10246"}],"curies":[{"name":"wp","href":"https:\/\/api.w.org\/{rel}","templated":true}]}}