{"id":10429,"date":"2025-11-28T03:48:41","date_gmt":"2025-11-28T03:48:41","guid":{"rendered":"https:\/\/chromeclair.com\/?post_type=product&#038;p=10429"},"modified":"2026-04-13T04:23:36","modified_gmt":"2026-04-13T04:23:36","slug":"10ml-cat-eye-gel-polish-hema-free-and-tpo-free-ce11","status":"publish","type":"product","link":"https:\/\/chromeclair.com\/de\/produkt\/10ml-cat-eye-gel-polish-hema-free-and-tpo-free-ce11\/","title":{"rendered":"10 ml Cat Eye Gel-Nagellack, frei von HEMA und TPO, CE11"},"content":{"rendered":"<p><strong>\u2728 Magie in einer Flasche. Sicherheit in einer Formel. \u2728<\/strong><br>Entfesseln Sie Ihre Kreativit\u00e4t ohne Grenzen. <\/p>\n\n\n\n<p>Unser HEMA- und TPO-freies Cat Eye Gel ist mehr als nur ein Nagellack \u2013 es ist ein Mittel zur Selbstdarstellung, ein Statement f\u00fcr Selbstpflege und ein Beweis f\u00fcr Innovation. <\/p>\n\n\n\n<p>Jede 10-ml-Flasche birgt das Potenzial f\u00fcr unz\u00e4hlige umwerfende Designs. <\/p>\n\n\n\n<p>Zeigen Sie Selbstvertrauen. Zeigen Sie Integrit\u00e4t. Strahlen Sie Sicherheit aus.<\/p>","protected":false},"excerpt":{"rendered":"<p>Erfordert die Verwendung einer UV- oder LED-Lampe<\/p>","protected":false},"featured_media":10430,"comment_status":"open","ping_status":"closed","template":"","meta":[],"product_brand":[162],"product_cat":[209],"product_tag":[],"class_list":{"0":"post-10429","1":"product","2":"type-product","3":"status-publish","4":"has-post-thumbnail","6":"product_brand-chromeclair","7":"product_cat-cat-eye-gel-polish-10ml","9":"first","10":"instock","11":"shipping-taxable","12":"purchasable","13":"product-type-simple"},"yoast_head":"<!-- This site is optimized with the Yoast SEO plugin v26.4 - https:\/\/yoast.com\/wordpress\/plugins\/seo\/ -->\n<title>CHROM\u00c9CLAIR HEMA &amp; TPO Free Cat Eye Gel - 10ml | dermatologist-tested, Vegan, Magnetic<\/title>\n<meta name=\"description\" content=\"Trust in safer nail art. Our dermatologist-tested cat eye gel is HEMA &amp; TPO Free. 10ml of high-pigment, magnetic polish for a dazzling and safe manicure. Vegan. Learn more about our ethos.\" \/>\n<meta name=\"robots\" content=\"index, follow, max-snippet:-1, max-image-preview:large, max-video-preview:-1\" \/>\n<link rel=\"canonical\" href=\"https:\/\/chromeclair.com\/de\/produkt\/10ml-cat-eye-gel-polish-hema-free-and-tpo-free-ce11\/\" \/>\n<meta property=\"og:locale\" content=\"de_DE\" \/>\n<meta property=\"og:type\" content=\"article\" \/>\n<meta property=\"og:title\" content=\"CHROM\u00c9CLAIR HEMA &amp; TPO Free Cat Eye Gel - 10ml | dermatologist-tested, Vegan, Magnetic\" \/>\n<meta property=\"og:description\" content=\"Trust in safer nail art. Our dermatologist-tested cat eye gel is HEMA &amp; TPO Free. 10ml of high-pigment, magnetic polish for a dazzling and safe manicure. Vegan. Learn more about our ethos.\" \/>\n<meta property=\"og:url\" content=\"https:\/\/chromeclair.com\/de\/produkt\/10ml-cat-eye-gel-polish-hema-free-and-tpo-free-ce11\/\" \/>\n<meta property=\"og:site_name\" content=\"Cat Eye Gel Polish \u2013 HEMA-Free \uff06 TPO-Free\" \/>\n<meta property=\"article:modified_time\" content=\"2026-04-13T04:23:36+00:00\" \/>\n<meta property=\"og:image\" content=\"https:\/\/chromeclair.com\/wp-content\/uploads\/2025\/11\/CE-11-1.webp\" \/>\n\t<meta property=\"og:image:width\" content=\"1000\" \/>\n\t<meta property=\"og:image:height\" content=\"1000\" \/>\n\t<meta property=\"og:image:type\" content=\"image\/webp\" \/>\n<meta name=\"twitter:card\" content=\"summary_large_image\" \/>\n<meta name=\"twitter:label1\" content=\"Gesch\u00e4tzte Lesezeit\" \/>\n\t<meta name=\"twitter:data1\" content=\"1\u00a0Minute\" \/>\n<script type=\"application\/ld+json\" class=\"yoast-schema-graph\">{\"@context\":\"https:\/\/schema.org\",\"@graph\":[{\"@type\":\"WebPage\",\"@id\":\"https:\/\/chromeclair.com\/product\/10ml-cat-eye-gel-polish-hema-free-and-tpo-free-ce11\/\",\"url\":\"https:\/\/chromeclair.com\/product\/10ml-cat-eye-gel-polish-hema-free-and-tpo-free-ce11\/\",\"name\":\"CHROM\u00c9CLAIR HEMA & TPO Free Cat Eye Gel - 10ml | dermatologist-tested, Vegan, Magnetic\",\"isPartOf\":{\"@id\":\"https:\/\/chromeclair.com\/#website\"},\"primaryImageOfPage\":{\"@id\":\"https:\/\/chromeclair.com\/product\/10ml-cat-eye-gel-polish-hema-free-and-tpo-free-ce11\/#primaryimage\"},\"image\":{\"@id\":\"https:\/\/chromeclair.com\/product\/10ml-cat-eye-gel-polish-hema-free-and-tpo-free-ce11\/#primaryimage\"},\"thumbnailUrl\":\"https:\/\/chromeclair.com\/wp-content\/uploads\/2025\/11\/CE-11-1.webp\",\"datePublished\":\"2025-11-28T03:48:41+00:00\",\"dateModified\":\"2026-04-13T04:23:36+00:00\",\"description\":\"Trust in safer nail art. Our dermatologist-tested cat eye gel is HEMA & TPO Free. 10ml of high-pigment, magnetic polish for a dazzling and safe manicure. Vegan. Learn more about our ethos.\",\"breadcrumb\":{\"@id\":\"https:\/\/chromeclair.com\/product\/10ml-cat-eye-gel-polish-hema-free-and-tpo-free-ce11\/#breadcrumb\"},\"inLanguage\":\"de\",\"potentialAction\":[{\"@type\":\"ReadAction\",\"target\":[\"https:\/\/chromeclair.com\/product\/10ml-cat-eye-gel-polish-hema-free-and-tpo-free-ce11\/\"]}]},{\"@type\":\"ImageObject\",\"inLanguage\":\"de\",\"@id\":\"https:\/\/chromeclair.com\/product\/10ml-cat-eye-gel-polish-hema-free-and-tpo-free-ce11\/#primaryimage\",\"url\":\"https:\/\/chromeclair.com\/wp-content\/uploads\/2025\/11\/CE-11-1.webp\",\"contentUrl\":\"https:\/\/chromeclair.com\/wp-content\/uploads\/2025\/11\/CE-11-1.webp\",\"width\":1000,\"height\":1000,\"caption\":\"Hema-Free Tpo-Free Cat Eye Gel Polish CE11 10ml CHROM\u00c9CLAIR\"},{\"@type\":\"BreadcrumbList\",\"@id\":\"https:\/\/chromeclair.com\/product\/10ml-cat-eye-gel-polish-hema-free-and-tpo-free-ce11\/#breadcrumb\",\"itemListElement\":[{\"@type\":\"ListItem\",\"position\":1,\"name\":\"Home\",\"item\":\"https:\/\/chromeclair.com\/\"},{\"@type\":\"ListItem\",\"position\":2,\"name\":\"Shop\",\"item\":\"https:\/\/chromeclair.com\/shop\/\"},{\"@type\":\"ListItem\",\"position\":3,\"name\":\"10ML Cat Eye Gel Polish HEMA-Free and TPO-Free CE11\"}]},{\"@type\":\"WebSite\",\"@id\":\"https:\/\/chromeclair.com\/#website\",\"url\":\"https:\/\/chromeclair.com\/\",\"name\":\"Cat Eye Gel Polish \u2013 HEMA-Free \uff06 TPO-Free\",\"description\":\"While others focus on having more colors, we focus on having safer ingredients.\",\"publisher\":{\"@id\":\"https:\/\/chromeclair.com\/#organization\"},\"potentialAction\":[{\"@type\":\"SearchAction\",\"target\":{\"@type\":\"EntryPoint\",\"urlTemplate\":\"https:\/\/chromeclair.com\/?s={search_term_string}\"},\"query-input\":{\"@type\":\"PropertyValueSpecification\",\"valueRequired\":true,\"valueName\":\"search_term_string\"}}],\"inLanguage\":\"de\"},{\"@type\":\"Organization\",\"@id\":\"https:\/\/chromeclair.com\/#organization\",\"name\":\"Cat Eye Gel Polish \u2013 HEMA-Free \uff06 TPO-Free\",\"url\":\"https:\/\/chromeclair.com\/\",\"logo\":{\"@type\":\"ImageObject\",\"inLanguage\":\"de\",\"@id\":\"https:\/\/chromeclair.com\/#\/schema\/logo\/image\/\",\"url\":\"https:\/\/chromeclair.com\/wp-content\/uploads\/2025\/06\/cropped-CHROMECLAIR-Logo-scaled-1.png\",\"contentUrl\":\"https:\/\/chromeclair.com\/wp-content\/uploads\/2025\/06\/cropped-CHROMECLAIR-Logo-scaled-1.png\",\"width\":2151,\"height\":429,\"caption\":\"Cat Eye Gel Polish \u2013 HEMA-Free \uff06 TPO-Free\"},\"image\":{\"@id\":\"https:\/\/chromeclair.com\/#\/schema\/logo\/image\/\"}}]}<\/script>\n<!-- \/ Yoast SEO plugin. -->","yoast_head_json":{"title":"CHROM\u00c9CLAIR HEMA &amp; TPO Free Cat Eye Gel - 10ml | dermatologisch getestet, Vegan, Magnetic","description":"Vertrauen Sie auf sicherere Nagelkunst. Unser dermatologisch getestetes Katzenaugen-Gel ist HEMA- und TPO-frei. 10 ml hochpigmentierter, magnetischer Nagellack f\u00fcr eine schillernde und sichere Manik\u00fcre. Vegan. Erfahren Sie mehr \u00fcber unseren Ethos.","robots":{"index":"index","follow":"follow","max-snippet":"max-snippet:-1","max-image-preview":"max-image-preview:large","max-video-preview":"max-video-preview:-1"},"canonical":"https:\/\/chromeclair.com\/de\/produkt\/10ml-cat-eye-gel-polish-hema-free-and-tpo-free-ce11\/","og_locale":"de_DE","og_type":"article","og_title":"CHROM\u00c9CLAIR HEMA & TPO Free Cat Eye Gel - 10ml | dermatologist-tested, Vegan, Magnetic","og_description":"Trust in safer nail art. Our dermatologist-tested cat eye gel is HEMA & TPO Free. 10ml of high-pigment, magnetic polish for a dazzling and safe manicure. Vegan. Learn more about our ethos.","og_url":"https:\/\/chromeclair.com\/de\/produkt\/10ml-cat-eye-gel-polish-hema-free-and-tpo-free-ce11\/","og_site_name":"Cat Eye Gel Polish \u2013 HEMA-Free \uff06 TPO-Free","article_modified_time":"2026-04-13T04:23:36+00:00","og_image":[{"width":1000,"height":1000,"url":"https:\/\/chromeclair.com\/wp-content\/uploads\/2025\/11\/CE-11-1.webp","type":"image\/webp"}],"twitter_card":"summary_large_image","twitter_misc":{"Gesch\u00e4tzte Lesezeit":"1\u00a0Minute"},"schema":{"@context":"https:\/\/schema.org","@graph":[{"@type":"WebPage","@id":"https:\/\/chromeclair.com\/product\/10ml-cat-eye-gel-polish-hema-free-and-tpo-free-ce11\/","url":"https:\/\/chromeclair.com\/product\/10ml-cat-eye-gel-polish-hema-free-and-tpo-free-ce11\/","name":"CHROM\u00c9CLAIR HEMA &amp; TPO Free Cat Eye Gel - 10ml | dermatologisch getestet, Vegan, Magnetic","isPartOf":{"@id":"https:\/\/chromeclair.com\/#website"},"primaryImageOfPage":{"@id":"https:\/\/chromeclair.com\/product\/10ml-cat-eye-gel-polish-hema-free-and-tpo-free-ce11\/#primaryimage"},"image":{"@id":"https:\/\/chromeclair.com\/product\/10ml-cat-eye-gel-polish-hema-free-and-tpo-free-ce11\/#primaryimage"},"thumbnailUrl":"https:\/\/chromeclair.com\/wp-content\/uploads\/2025\/11\/CE-11-1.webp","datePublished":"2025-11-28T03:48:41+00:00","dateModified":"2026-04-13T04:23:36+00:00","description":"Vertrauen Sie auf sicherere Nagelkunst. Unser dermatologisch getestetes Katzenaugen-Gel ist HEMA- und TPO-frei. 10 ml hochpigmentierter, magnetischer Nagellack f\u00fcr eine schillernde und sichere Manik\u00fcre. Vegan. Erfahren Sie mehr \u00fcber unseren Ethos.","breadcrumb":{"@id":"https:\/\/chromeclair.com\/product\/10ml-cat-eye-gel-polish-hema-free-and-tpo-free-ce11\/#breadcrumb"},"inLanguage":"de","potentialAction":[{"@type":"ReadAction","target":["https:\/\/chromeclair.com\/product\/10ml-cat-eye-gel-polish-hema-free-and-tpo-free-ce11\/"]}]},{"@type":"ImageObject","inLanguage":"de","@id":"https:\/\/chromeclair.com\/product\/10ml-cat-eye-gel-polish-hema-free-and-tpo-free-ce11\/#primaryimage","url":"https:\/\/chromeclair.com\/wp-content\/uploads\/2025\/11\/CE-11-1.webp","contentUrl":"https:\/\/chromeclair.com\/wp-content\/uploads\/2025\/11\/CE-11-1.webp","width":1000,"height":1000,"caption":"Hema-Free Tpo-Free Cat Eye Gel Polish CE11 10ml CHROM\u00c9CLAIR"},{"@type":"BreadcrumbList","@id":"https:\/\/chromeclair.com\/product\/10ml-cat-eye-gel-polish-hema-free-and-tpo-free-ce11\/#breadcrumb","itemListElement":[{"@type":"ListItem","position":1,"name":"Home","item":"https:\/\/chromeclair.com\/"},{"@type":"ListItem","position":2,"name":"Shop","item":"https:\/\/chromeclair.com\/shop\/"},{"@type":"ListItem","position":3,"name":"10ML Cat Eye Gel Polish HEMA-Free and TPO-Free CE11"}]},{"@type":"WebSite","@id":"https:\/\/chromeclair.com\/#website","url":"https:\/\/chromeclair.com\/","name":"Cat Eye Gel Polish \u2013 HEMA-frei und TPO-frei","description":"W\u00e4hrend andere sich darauf konzentrieren, mehr Farben anzubieten, konzentrieren wir uns darauf, sicherere Inhaltsstoffe zu verwenden.","publisher":{"@id":"https:\/\/chromeclair.com\/#organization"},"potentialAction":[{"@type":"SearchAction","target":{"@type":"EntryPoint","urlTemplate":"https:\/\/chromeclair.com\/?s={search_term_string}"},"query-input":{"@type":"PropertyValueSpecification","valueRequired":true,"valueName":"search_term_string"}}],"inLanguage":"de"},{"@type":"Organization","@id":"https:\/\/chromeclair.com\/#organization","name":"Cat Eye Gel Polish \u2013 HEMA-frei und TPO-frei","url":"https:\/\/chromeclair.com\/","logo":{"@type":"ImageObject","inLanguage":"de","@id":"https:\/\/chromeclair.com\/#\/schema\/logo\/image\/","url":"https:\/\/chromeclair.com\/wp-content\/uploads\/2025\/06\/cropped-CHROMECLAIR-Logo-scaled-1.png","contentUrl":"https:\/\/chromeclair.com\/wp-content\/uploads\/2025\/06\/cropped-CHROMECLAIR-Logo-scaled-1.png","width":2151,"height":429,"caption":"Cat Eye Gel Polish \u2013 HEMA-Free \uff06 TPO-Free"},"image":{"@id":"https:\/\/chromeclair.com\/#\/schema\/logo\/image\/"}}]}},"_links":{"self":[{"href":"https:\/\/chromeclair.com\/de\/wp-json\/wp\/v2\/product\/10429","targetHints":{"allow":["GET"]}}],"collection":[{"href":"https:\/\/chromeclair.com\/de\/wp-json\/wp\/v2\/product"}],"about":[{"href":"https:\/\/chromeclair.com\/de\/wp-json\/wp\/v2\/types\/product"}],"replies":[{"embeddable":true,"href":"https:\/\/chromeclair.com\/de\/wp-json\/wp\/v2\/comments?post=10429"}],"wp:featuredmedia":[{"embeddable":true,"href":"https:\/\/chromeclair.com\/de\/wp-json\/wp\/v2\/media\/10430"}],"wp:attachment":[{"href":"https:\/\/chromeclair.com\/de\/wp-json\/wp\/v2\/media?parent=10429"}],"wp:term":[{"taxonomy":"product_brand","embeddable":true,"href":"https:\/\/chromeclair.com\/de\/wp-json\/wp\/v2\/product_brand?post=10429"},{"taxonomy":"product_cat","embeddable":true,"href":"https:\/\/chromeclair.com\/de\/wp-json\/wp\/v2\/product_cat?post=10429"},{"taxonomy":"product_tag","embeddable":true,"href":"https:\/\/chromeclair.com\/de\/wp-json\/wp\/v2\/product_tag?post=10429"}],"curies":[{"name":"wp","href":"https:\/\/api.w.org\/{rel}","templated":true}]}}