{"id":10795,"date":"2026-01-07T03:38:37","date_gmt":"2026-01-07T03:38:37","guid":{"rendered":"https:\/\/chromeclair.com\/?post_type=product&#038;p=10795"},"modified":"2026-04-13T03:34:11","modified_gmt":"2026-04-13T03:34:11","slug":"rotatable-resize-pattern-silicone-gel-nail-art-stamper","status":"publish","type":"product","link":"https:\/\/chromeclair.com\/de\/product\/rotatable-resize-pattern-silicone-gel-nail-art-stamper\/","title":{"rendered":"Drehbarer Stempel zum Ver\u00e4ndern der Gr\u00f6\u00dfe von Silikongel-Nageldesigns"},"content":{"rendered":"<p>Ein Stempel, unendliche M\u00f6glichkeiten. <\/p>\n\n\n\n<p>Mit unserem revolution\u00e4ren Magic Zoom Stamper k\u00f6nnen Sie jedes Stempelmuster in der Gr\u00f6\u00dfe anpassen, sodass es perfekt auf jeden Nagel passt \u2013 vom kleinen Finger bis zum Daumen! <\/p>\n\n\n\n<p>In Kombination mit einem um 360\u00b0 drehbaren Kopf f\u00fcr eine makellose Ausrichtung ist dies das ultimative Werkzeug, um mit beispielloser Leichtigkeit und Pr\u00e4zision ganz individuelle, salonreife Nageldesigns zu kreieren.<\/p>","protected":false},"excerpt":{"rendered":"<p>Ein Stampingger\u00e4t, unendlich viele M\u00f6glichkeiten. Mit unserem revolution\u00e4ren Magic Zoom Stamper k\u00f6nnen Sie die Gr\u00f6\u00dfe jedes Stamping-Musters so anpassen, dass es perfekt auf jeden Nagel passt - vom kleinen Finger bis zum Daumen! Kombiniert mit einem um 360\u00b0 drehbaren Kopf f\u00fcr eine makellose Ausrichtung ist dies das ultimative Werkzeug, um ganz individuelle, salon-perfekte Nailart mit noch nie dagewesener Leichtigkeit und Kontrolle zu kreieren.<\/p>","protected":false},"featured_media":10796,"comment_status":"open","ping_status":"closed","template":"","meta":[],"product_brand":[162],"product_cat":[182],"product_tag":[],"class_list":{"0":"post-10795","1":"product","2":"type-product","3":"status-publish","4":"has-post-thumbnail","6":"product_brand-chromeclair","7":"product_cat-tools-accessories","9":"first","10":"instock","11":"sale","12":"shipping-taxable","13":"purchasable","14":"product-type-simple"},"yoast_head":"<!-- This site is optimized with the Yoast SEO plugin v27.4 - https:\/\/yoast.com\/product\/yoast-seo-wordpress\/ -->\n<title>Magic Zoom Nail Stamper | Rotatable &amp; Resizable Silicone Head for Custom Designs CHROM\u00c9CLAIR<\/title>\n<meta name=\"description\" content=\"Unlock your creativity\u2019s full potential. Why be limited by a plate\u2019s single pattern size? With CHROM\u00c9CLAIR innovative zoom stamper, a single etching can become a delicate accent or a bold full-nail statement. The rotating silicone head ensures perfect placement every time. Redefine what\u2019s possible with stamping and create truly unique wearable art.\" \/>\n<meta name=\"robots\" content=\"index, follow, max-snippet:-1, max-image-preview:large, max-video-preview:-1\" \/>\n<link rel=\"canonical\" href=\"https:\/\/chromeclair.com\/de\/produkt\/rotatable-resize-pattern-silicone-gel-nail-art-stamper\/\" \/>\n<meta property=\"og:locale\" content=\"de_DE\" \/>\n<meta property=\"og:type\" content=\"article\" \/>\n<meta property=\"og:title\" content=\"Magic Zoom Nail Stamper | Rotatable &amp; Resizable Silicone Head for Custom Designs CHROM\u00c9CLAIR\" \/>\n<meta property=\"og:description\" content=\"Unlock your creativity\u2019s full potential. Why be limited by a plate\u2019s single pattern size? With CHROM\u00c9CLAIR innovative zoom stamper, a single etching can become a delicate accent or a bold full-nail statement. The rotating silicone head ensures perfect placement every time. Redefine what\u2019s possible with stamping and create truly unique wearable art.\" \/>\n<meta property=\"og:url\" content=\"https:\/\/chromeclair.com\/de\/produkt\/rotatable-resize-pattern-silicone-gel-nail-art-stamper\/\" \/>\n<meta property=\"og:site_name\" content=\"Cat Eye Gel Polish \u2013 HEMA-Free \uff06 TPO-Free\" \/>\n<meta property=\"article:modified_time\" content=\"2026-04-13T03:34:11+00:00\" \/>\n<meta property=\"og:image\" content=\"https:\/\/chromeclair.com\/wp-content\/uploads\/2026\/01\/tu3.webp\" \/>\n\t<meta property=\"og:image:width\" content=\"1000\" \/>\n\t<meta property=\"og:image:height\" content=\"1000\" \/>\n\t<meta property=\"og:image:type\" content=\"image\/webp\" \/>\n<meta name=\"twitter:card\" content=\"summary_large_image\" \/>\n<meta name=\"twitter:label1\" content=\"Gesch\u00e4tzte Lesezeit\" \/>\n\t<meta name=\"twitter:data1\" content=\"1\u00a0Minute\" \/>\n<script type=\"application\/ld+json\" class=\"yoast-schema-graph\">{\"@context\":\"https:\\\/\\\/schema.org\",\"@graph\":[{\"@type\":\"WebPage\",\"@id\":\"https:\\\/\\\/chromeclair.com\\\/product\\\/rotatable-resize-pattern-silicone-gel-nail-art-stamper\\\/\",\"url\":\"https:\\\/\\\/chromeclair.com\\\/product\\\/rotatable-resize-pattern-silicone-gel-nail-art-stamper\\\/\",\"name\":\"Magic Zoom Nail Stamper | Rotatable & Resizable Silicone Head for Custom Designs CHROM\u00c9CLAIR\",\"isPartOf\":{\"@id\":\"https:\\\/\\\/chromeclair.com\\\/#website\"},\"primaryImageOfPage\":{\"@id\":\"https:\\\/\\\/chromeclair.com\\\/product\\\/rotatable-resize-pattern-silicone-gel-nail-art-stamper\\\/#primaryimage\"},\"image\":{\"@id\":\"https:\\\/\\\/chromeclair.com\\\/product\\\/rotatable-resize-pattern-silicone-gel-nail-art-stamper\\\/#primaryimage\"},\"thumbnailUrl\":\"https:\\\/\\\/chromeclair.com\\\/wp-content\\\/uploads\\\/2026\\\/01\\\/tu3.webp\",\"datePublished\":\"2026-01-07T03:38:37+00:00\",\"dateModified\":\"2026-04-13T03:34:11+00:00\",\"description\":\"Unlock your creativity\u2019s full potential. Why be limited by a plate\u2019s single pattern size? With CHROM\u00c9CLAIR innovative zoom stamper, a single etching can become a delicate accent or a bold full-nail statement. The rotating silicone head ensures perfect placement every time. Redefine what\u2019s possible with stamping and create truly unique wearable art.\",\"inLanguage\":\"de\",\"potentialAction\":[{\"@type\":\"ReadAction\",\"target\":[\"https:\\\/\\\/chromeclair.com\\\/product\\\/rotatable-resize-pattern-silicone-gel-nail-art-stamper\\\/\"]}]},{\"@type\":\"ImageObject\",\"inLanguage\":\"de\",\"@id\":\"https:\\\/\\\/chromeclair.com\\\/product\\\/rotatable-resize-pattern-silicone-gel-nail-art-stamper\\\/#primaryimage\",\"url\":\"https:\\\/\\\/chromeclair.com\\\/wp-content\\\/uploads\\\/2026\\\/01\\\/tu3.webp\",\"contentUrl\":\"https:\\\/\\\/chromeclair.com\\\/wp-content\\\/uploads\\\/2026\\\/01\\\/tu3.webp\",\"width\":1000,\"height\":1000,\"caption\":\"Rotatable Resize pattern Silicone Gel Nail Art Stamper\"},{\"@type\":\"WebSite\",\"@id\":\"https:\\\/\\\/chromeclair.com\\\/#website\",\"url\":\"https:\\\/\\\/chromeclair.com\\\/\",\"name\":\"Cat Eye Gel Polish \u2013 HEMA-Free \uff06 TPO-Free\",\"description\":\"While others focus on having more colors, we focus on having safer ingredients.\",\"publisher\":{\"@id\":\"https:\\\/\\\/chromeclair.com\\\/#organization\"},\"potentialAction\":[{\"@type\":\"SearchAction\",\"target\":{\"@type\":\"EntryPoint\",\"urlTemplate\":\"https:\\\/\\\/chromeclair.com\\\/?s={search_term_string}\"},\"query-input\":{\"@type\":\"PropertyValueSpecification\",\"valueRequired\":true,\"valueName\":\"search_term_string\"}}],\"inLanguage\":\"de\"},{\"@type\":\"Organization\",\"@id\":\"https:\\\/\\\/chromeclair.com\\\/#organization\",\"name\":\"Cat Eye Gel Polish \u2013 HEMA-Free \uff06 TPO-Free\",\"url\":\"https:\\\/\\\/chromeclair.com\\\/\",\"logo\":{\"@type\":\"ImageObject\",\"inLanguage\":\"de\",\"@id\":\"https:\\\/\\\/chromeclair.com\\\/#\\\/schema\\\/logo\\\/image\\\/\",\"url\":\"https:\\\/\\\/chromeclair.com\\\/wp-content\\\/uploads\\\/2025\\\/06\\\/cropped-CHROMECLAIR-Logo-scaled-1.png\",\"contentUrl\":\"https:\\\/\\\/chromeclair.com\\\/wp-content\\\/uploads\\\/2025\\\/06\\\/cropped-CHROMECLAIR-Logo-scaled-1.png\",\"width\":2151,\"height\":429,\"caption\":\"Cat Eye Gel Polish \u2013 HEMA-Free \uff06 TPO-Free\"},\"image\":{\"@id\":\"https:\\\/\\\/chromeclair.com\\\/#\\\/schema\\\/logo\\\/image\\\/\"}}]}<\/script>\n<!-- \/ Yoast SEO plugin. -->","yoast_head_json":{"title":"Magic Zoom Nagelstempel | Drehbarer und gr\u00f6\u00dfenverstellbarer Silikonkopf f\u00fcr individuelle Designs CHROM\u00c9CLAIR","description":"Entfesseln Sie das volle Potenzial Ihrer Kreativit\u00e4t. Warum sollten Sie sich durch die Gr\u00f6\u00dfe eines einzigen Plattenmusters einschr\u00e4nken lassen? Mit dem innovativen Zoom-Stempel von CHROM\u00c9CLAIR kann eine einzige Gravur zu einem zarten Akzent oder einem auff\u00e4lligen Statement auf dem gesamten Nagel werden. Der drehbare Silikonkopf sorgt jedes Mal f\u00fcr eine perfekte Platzierung. Definieren Sie die M\u00f6glichkeiten des Stempelns neu und schaffen Sie wahrhaft einzigartige tragbare Kunst.","robots":{"index":"index","follow":"follow","max-snippet":"max-snippet:-1","max-image-preview":"max-image-preview:large","max-video-preview":"max-video-preview:-1"},"canonical":"https:\/\/chromeclair.com\/de\/produkt\/rotatable-resize-pattern-silicone-gel-nail-art-stamper\/","og_locale":"de_DE","og_type":"article","og_title":"Magic Zoom Nail Stamper | Rotatable & Resizable Silicone Head for Custom Designs CHROM\u00c9CLAIR","og_description":"Unlock your creativity\u2019s full potential. Why be limited by a plate\u2019s single pattern size? With CHROM\u00c9CLAIR innovative zoom stamper, a single etching can become a delicate accent or a bold full-nail statement. The rotating silicone head ensures perfect placement every time. Redefine what\u2019s possible with stamping and create truly unique wearable art.","og_url":"https:\/\/chromeclair.com\/de\/produkt\/rotatable-resize-pattern-silicone-gel-nail-art-stamper\/","og_site_name":"Cat Eye Gel Polish \u2013 HEMA-Free \uff06 TPO-Free","article_modified_time":"2026-04-13T03:34:11+00:00","og_image":[{"width":1000,"height":1000,"url":"https:\/\/chromeclair.com\/wp-content\/uploads\/2026\/01\/tu3.webp","type":"image\/webp"}],"twitter_card":"summary_large_image","twitter_misc":{"Gesch\u00e4tzte Lesezeit":"1\u00a0Minute"},"schema":{"@context":"https:\/\/schema.org","@graph":[{"@type":"WebPage","@id":"https:\/\/chromeclair.com\/product\/rotatable-resize-pattern-silicone-gel-nail-art-stamper\/","url":"https:\/\/chromeclair.com\/product\/rotatable-resize-pattern-silicone-gel-nail-art-stamper\/","name":"Magic Zoom Nagelstempel | Drehbarer und gr\u00f6\u00dfenverstellbarer Silikonkopf f\u00fcr individuelle Designs CHROM\u00c9CLAIR","isPartOf":{"@id":"https:\/\/chromeclair.com\/#website"},"primaryImageOfPage":{"@id":"https:\/\/chromeclair.com\/product\/rotatable-resize-pattern-silicone-gel-nail-art-stamper\/#primaryimage"},"image":{"@id":"https:\/\/chromeclair.com\/product\/rotatable-resize-pattern-silicone-gel-nail-art-stamper\/#primaryimage"},"thumbnailUrl":"https:\/\/chromeclair.com\/wp-content\/uploads\/2026\/01\/tu3.webp","datePublished":"2026-01-07T03:38:37+00:00","dateModified":"2026-04-13T03:34:11+00:00","description":"Entfesseln Sie das volle Potenzial Ihrer Kreativit\u00e4t. Warum sollten Sie sich durch die Gr\u00f6\u00dfe eines einzigen Plattenmusters einschr\u00e4nken lassen? Mit dem innovativen Zoom-Stempel von CHROM\u00c9CLAIR kann eine einzige Gravur zu einem zarten Akzent oder einem auff\u00e4lligen Statement auf dem gesamten Nagel werden. Der drehbare Silikonkopf sorgt jedes Mal f\u00fcr eine perfekte Platzierung. Definieren Sie die M\u00f6glichkeiten des Stempelns neu und schaffen Sie wahrhaft einzigartige tragbare Kunst.","inLanguage":"de","potentialAction":[{"@type":"ReadAction","target":["https:\/\/chromeclair.com\/product\/rotatable-resize-pattern-silicone-gel-nail-art-stamper\/"]}]},{"@type":"ImageObject","inLanguage":"de","@id":"https:\/\/chromeclair.com\/product\/rotatable-resize-pattern-silicone-gel-nail-art-stamper\/#primaryimage","url":"https:\/\/chromeclair.com\/wp-content\/uploads\/2026\/01\/tu3.webp","contentUrl":"https:\/\/chromeclair.com\/wp-content\/uploads\/2026\/01\/tu3.webp","width":1000,"height":1000,"caption":"Rotatable Resize pattern Silicone Gel Nail Art Stamper"},{"@type":"WebSite","@id":"https:\/\/chromeclair.com\/#website","url":"https:\/\/chromeclair.com\/","name":"Cat Eye Gel Polish \u2013 HEMA-frei und TPO-frei","description":"W\u00e4hrend andere sich darauf konzentrieren, mehr Farben anzubieten, konzentrieren wir uns darauf, sicherere Inhaltsstoffe zu verwenden.","publisher":{"@id":"https:\/\/chromeclair.com\/#organization"},"potentialAction":[{"@type":"SearchAction","target":{"@type":"EntryPoint","urlTemplate":"https:\/\/chromeclair.com\/?s={search_term_string}"},"query-input":{"@type":"PropertyValueSpecification","valueRequired":true,"valueName":"search_term_string"}}],"inLanguage":"de"},{"@type":"Organization","@id":"https:\/\/chromeclair.com\/#organization","name":"Cat Eye Gel Polish \u2013 HEMA-frei und TPO-frei","url":"https:\/\/chromeclair.com\/","logo":{"@type":"ImageObject","inLanguage":"de","@id":"https:\/\/chromeclair.com\/#\/schema\/logo\/image\/","url":"https:\/\/chromeclair.com\/wp-content\/uploads\/2025\/06\/cropped-CHROMECLAIR-Logo-scaled-1.png","contentUrl":"https:\/\/chromeclair.com\/wp-content\/uploads\/2025\/06\/cropped-CHROMECLAIR-Logo-scaled-1.png","width":2151,"height":429,"caption":"Cat Eye Gel Polish \u2013 HEMA-Free \uff06 TPO-Free"},"image":{"@id":"https:\/\/chromeclair.com\/#\/schema\/logo\/image\/"}}]}},"_links":{"self":[{"href":"https:\/\/chromeclair.com\/de\/wp-json\/wp\/v2\/product\/10795","targetHints":{"allow":["GET"]}}],"collection":[{"href":"https:\/\/chromeclair.com\/de\/wp-json\/wp\/v2\/product"}],"about":[{"href":"https:\/\/chromeclair.com\/de\/wp-json\/wp\/v2\/types\/product"}],"replies":[{"embeddable":true,"href":"https:\/\/chromeclair.com\/de\/wp-json\/wp\/v2\/comments?post=10795"}],"wp:featuredmedia":[{"embeddable":true,"href":"https:\/\/chromeclair.com\/de\/wp-json\/wp\/v2\/media\/10796"}],"wp:attachment":[{"href":"https:\/\/chromeclair.com\/de\/wp-json\/wp\/v2\/media?parent=10795"}],"wp:term":[{"taxonomy":"product_brand","embeddable":true,"href":"https:\/\/chromeclair.com\/de\/wp-json\/wp\/v2\/product_brand?post=10795"},{"taxonomy":"product_cat","embeddable":true,"href":"https:\/\/chromeclair.com\/de\/wp-json\/wp\/v2\/product_cat?post=10795"},{"taxonomy":"product_tag","embeddable":true,"href":"https:\/\/chromeclair.com\/de\/wp-json\/wp\/v2\/product_tag?post=10795"}],"curies":[{"name":"wp","href":"https:\/\/api.w.org\/{rel}","templated":true}]}}