{"id":7239,"date":"2025-06-19T08:46:07","date_gmt":"2025-06-19T08:46:07","guid":{"rendered":"https:\/\/chromeclair.com\/?post_type=product&#038;p=7239"},"modified":"2026-04-13T06:14:45","modified_gmt":"2026-04-13T06:14:45","slug":"hema-free-gel-polish-17ml-7pcs","status":"publish","type":"product","link":"https:\/\/chromeclair.com\/de\/product\/hema-free-gel-polish-17ml-7pcs\/","title":{"rendered":"UV1 Gel Polish Sets 17ml 7PCS"},"content":{"rendered":"<p><strong>Inhaltsstoffe<\/strong>:<\/p>\n\n\n\n<p><br>ACMO-Monomer, Photoinitiator TMO, epoxidiertes Sojabohnen\u00f6l, wei\u00dfer Ru\u00df, trockenes Glimmerpulver, Pigment Blau 29, Nano-Titandioxid, Eisenoxid, Eisenoxidgelb, Eisenoxidschwarz, Manganviolett, Acryl(ester)copolymer<\/p>\n\n\n\n<p><strong>1 PCS Basislack (17ML) \uff06 5 PCS Farbgel (17ML) \uff06 1 PCS Decklack (17ML).<\/strong><\/p>\n\n\n\n<p><strong>Aufgewertete Zutaten:&nbsp;<\/strong>HEMA-FREI, TPO-FREI, HPMA-FREI, was der EU-Norm entspricht.<\/p>\n\n\n\n<p><strong>Spielver\u00e4nderndes Flaschendesign:&nbsp;<\/strong>Die Farben, die auf dem Boden und an den Seiten der Flasche angezeigt werden, stimmen mit der Farbe des Nagellacks in der Flasche \u00fcberein.<\/p>\n\n\n\n<p><strong>Verbesserte Kapazit\u00e4t:&nbsp;<\/strong>17ML gro\u00dfe Kapazit\u00e4t, ist es geeignet f\u00fcr den Einsatz in verschiedenen Gelegenheiten und das ganze Jahr \u00fcber.<\/p>\n\n\n\n<p><strong>Langlebig:&nbsp;<\/strong>CHROM\u00c9CLAIR-Gelpolitur kann mehr als 20 Tage halten.<\/p>\n\n\n\n<p><strong>Schnelles Trocknen:&nbsp;<\/strong>30 bis 60 Sekunden lang unter UV- oder LED-Nagellampen aush\u00e4rten.<\/p>\n\n\n\n<p><strong>Wenn Sie mehr kaufen m\u00f6chten, kontaktieren Sie uns bitte per WhatsApp unter +8615169027439, und wir werden Ihnen einen ma\u00dfgeschneiderten Rabatt gew\u00e4hren.<\/strong><\/p>\n\n\n\n<p><\/p>","protected":false},"excerpt":{"rendered":"<p>Erfordert die Verwendung einer UV- oder LED-Lampe<\/p>","protected":false},"featured_media":7381,"comment_status":"open","ping_status":"closed","template":"","meta":[],"product_brand":[162],"product_cat":[50],"product_tag":[],"class_list":{"0":"post-7239","1":"product","2":"type-product","3":"status-publish","4":"has-post-thumbnail","6":"product_brand-chromeclair","7":"product_cat-gel-polish-sets","9":"first","10":"instock","11":"sale","12":"shipping-taxable","13":"purchasable","14":"product-type-simple"},"yoast_head":"<!-- This site is optimized with the Yoast SEO plugin v27.4 - https:\/\/yoast.com\/product\/yoast-seo-wordpress\/ -->\n<title>HEMA free Gel Polish and TPO-free Gel Polish - CHROM\u00c9CLAIR Gel Polish<\/title>\n<meta name=\"description\" content=\"CHROM\u00c9CLAIR Gel Nail Polish has updated its Hema\/HPMA\/TPO Free &amp; Vegan and Non-TOXIC formula to enjoy a safer, healthier and more environmentally friendly.\" \/>\n<meta name=\"robots\" content=\"index, follow, max-snippet:-1, max-image-preview:large, max-video-preview:-1\" \/>\n<link rel=\"canonical\" href=\"https:\/\/chromeclair.com\/de\/produkt\/hamafrei-gel-polnisch-17ml-7pcs\/\" \/>\n<meta property=\"og:locale\" content=\"de_DE\" \/>\n<meta property=\"og:type\" content=\"article\" \/>\n<meta property=\"og:title\" content=\"HEMA free Gel Polish and TPO-free Gel Polish - CHROM\u00c9CLAIR Gel Polish\" \/>\n<meta property=\"og:description\" content=\"CHROM\u00c9CLAIR Gel Nail Polish has updated its Hema\/HPMA\/TPO Free &amp; Vegan and Non-TOXIC formula to enjoy a safer, healthier and more environmentally friendly.\" \/>\n<meta property=\"og:url\" content=\"https:\/\/chromeclair.com\/de\/produkt\/hamafrei-gel-polnisch-17ml-7pcs\/\" \/>\n<meta property=\"og:site_name\" content=\"Cat Eye Gel Polish \u2013 HEMA-Free \uff06 TPO-Free\" \/>\n<meta property=\"article:modified_time\" content=\"2026-04-13T06:14:45+00:00\" \/>\n<meta property=\"og:image\" content=\"https:\/\/chromeclair.com\/wp-content\/uploads\/2025\/06\/CHROMECLAIR-Gel-polish-7PCS-SETS-UV1.jpg\" \/>\n\t<meta property=\"og:image:width\" content=\"1920\" \/>\n\t<meta property=\"og:image:height\" content=\"1788\" \/>\n\t<meta property=\"og:image:type\" content=\"image\/jpeg\" \/>\n<meta name=\"twitter:card\" content=\"summary_large_image\" \/>\n<meta name=\"twitter:label1\" content=\"Gesch\u00e4tzte Lesezeit\" \/>\n\t<meta name=\"twitter:data1\" content=\"1\u00a0Minute\" \/>\n<script type=\"application\/ld+json\" class=\"yoast-schema-graph\">{\"@context\":\"https:\\\/\\\/schema.org\",\"@graph\":[{\"@type\":\"WebPage\",\"@id\":\"https:\\\/\\\/chromeclair.com\\\/product\\\/hema-free-gel-polish-17ml-7pcs\\\/\",\"url\":\"https:\\\/\\\/chromeclair.com\\\/product\\\/hema-free-gel-polish-17ml-7pcs\\\/\",\"name\":\"HEMA free Gel Polish and TPO-free Gel Polish - CHROM\u00c9CLAIR Gel Polish\",\"isPartOf\":{\"@id\":\"https:\\\/\\\/chromeclair.com\\\/#website\"},\"primaryImageOfPage\":{\"@id\":\"https:\\\/\\\/chromeclair.com\\\/product\\\/hema-free-gel-polish-17ml-7pcs\\\/#primaryimage\"},\"image\":{\"@id\":\"https:\\\/\\\/chromeclair.com\\\/product\\\/hema-free-gel-polish-17ml-7pcs\\\/#primaryimage\"},\"thumbnailUrl\":\"https:\\\/\\\/chromeclair.com\\\/wp-content\\\/uploads\\\/2025\\\/06\\\/CHROMECLAIR-Gel-polish-7PCS-SETS-UV1.jpg\",\"datePublished\":\"2025-06-19T08:46:07+00:00\",\"dateModified\":\"2026-04-13T06:14:45+00:00\",\"description\":\"CHROM\u00c9CLAIR Gel Nail Polish has updated its Hema\\\/HPMA\\\/TPO Free & Vegan and Non-TOXIC formula to enjoy a safer, healthier and more environmentally friendly.\",\"inLanguage\":\"de\",\"potentialAction\":[{\"@type\":\"ReadAction\",\"target\":[\"https:\\\/\\\/chromeclair.com\\\/product\\\/hema-free-gel-polish-17ml-7pcs\\\/\"]}]},{\"@type\":\"ImageObject\",\"inLanguage\":\"de\",\"@id\":\"https:\\\/\\\/chromeclair.com\\\/product\\\/hema-free-gel-polish-17ml-7pcs\\\/#primaryimage\",\"url\":\"https:\\\/\\\/chromeclair.com\\\/wp-content\\\/uploads\\\/2025\\\/06\\\/CHROMECLAIR-Gel-polish-7PCS-SETS-UV1.jpg\",\"contentUrl\":\"https:\\\/\\\/chromeclair.com\\\/wp-content\\\/uploads\\\/2025\\\/06\\\/CHROMECLAIR-Gel-polish-7PCS-SETS-UV1.jpg\",\"width\":1920,\"height\":1788,\"caption\":\"CHROM\u00c9CLAIR Gel polish 7PCS SETS UV1\"},{\"@type\":\"WebSite\",\"@id\":\"https:\\\/\\\/chromeclair.com\\\/#website\",\"url\":\"https:\\\/\\\/chromeclair.com\\\/\",\"name\":\"Cat Eye Gel Polish \u2013 HEMA-Free \uff06 TPO-Free\",\"description\":\"While others focus on having more colors, we focus on having safer ingredients.\",\"publisher\":{\"@id\":\"https:\\\/\\\/chromeclair.com\\\/#organization\"},\"potentialAction\":[{\"@type\":\"SearchAction\",\"target\":{\"@type\":\"EntryPoint\",\"urlTemplate\":\"https:\\\/\\\/chromeclair.com\\\/?s={search_term_string}\"},\"query-input\":{\"@type\":\"PropertyValueSpecification\",\"valueRequired\":true,\"valueName\":\"search_term_string\"}}],\"inLanguage\":\"de\"},{\"@type\":\"Organization\",\"@id\":\"https:\\\/\\\/chromeclair.com\\\/#organization\",\"name\":\"Cat Eye Gel Polish \u2013 HEMA-Free \uff06 TPO-Free\",\"url\":\"https:\\\/\\\/chromeclair.com\\\/\",\"logo\":{\"@type\":\"ImageObject\",\"inLanguage\":\"de\",\"@id\":\"https:\\\/\\\/chromeclair.com\\\/#\\\/schema\\\/logo\\\/image\\\/\",\"url\":\"https:\\\/\\\/chromeclair.com\\\/wp-content\\\/uploads\\\/2025\\\/06\\\/cropped-CHROMECLAIR-Logo-scaled-1.png\",\"contentUrl\":\"https:\\\/\\\/chromeclair.com\\\/wp-content\\\/uploads\\\/2025\\\/06\\\/cropped-CHROMECLAIR-Logo-scaled-1.png\",\"width\":2151,\"height\":429,\"caption\":\"Cat Eye Gel Polish \u2013 HEMA-Free \uff06 TPO-Free\"},\"image\":{\"@id\":\"https:\\\/\\\/chromeclair.com\\\/#\\\/schema\\\/logo\\\/image\\\/\"}}]}<\/script>\n<!-- \/ Yoast SEO plugin. -->","yoast_head_json":{"title":"HEMA-freier Gel-Polish und TPO-freier Gel-Polish - CHROM\u00c9CLAIR Gel-Polish","description":"CHROM\u00c9CLAIR Gel-Nagellack hat seine Hema\/HPMA\/TPO-freie, vegane und nicht-toxische Formel aktualisiert, um eine sicherere, ges\u00fcndere und umweltfreundlichere Anwendung zu erm\u00f6glichen.","robots":{"index":"index","follow":"follow","max-snippet":"max-snippet:-1","max-image-preview":"max-image-preview:large","max-video-preview":"max-video-preview:-1"},"canonical":"https:\/\/chromeclair.com\/de\/produkt\/hamafrei-gel-polnisch-17ml-7pcs\/","og_locale":"de_DE","og_type":"article","og_title":"HEMA free Gel Polish and TPO-free Gel Polish - CHROM\u00c9CLAIR Gel Polish","og_description":"CHROM\u00c9CLAIR Gel Nail Polish has updated its Hema\/HPMA\/TPO Free & Vegan and Non-TOXIC formula to enjoy a safer, healthier and more environmentally friendly.","og_url":"https:\/\/chromeclair.com\/de\/produkt\/hamafrei-gel-polnisch-17ml-7pcs\/","og_site_name":"Cat Eye Gel Polish \u2013 HEMA-Free \uff06 TPO-Free","article_modified_time":"2026-04-13T06:14:45+00:00","og_image":[{"width":1920,"height":1788,"url":"https:\/\/chromeclair.com\/wp-content\/uploads\/2025\/06\/CHROMECLAIR-Gel-polish-7PCS-SETS-UV1.jpg","type":"image\/jpeg"}],"twitter_card":"summary_large_image","twitter_misc":{"Gesch\u00e4tzte Lesezeit":"1\u00a0Minute"},"schema":{"@context":"https:\/\/schema.org","@graph":[{"@type":"WebPage","@id":"https:\/\/chromeclair.com\/product\/hema-free-gel-polish-17ml-7pcs\/","url":"https:\/\/chromeclair.com\/product\/hema-free-gel-polish-17ml-7pcs\/","name":"HEMA-freier Gel-Polish und TPO-freier Gel-Polish - CHROM\u00c9CLAIR Gel-Polish","isPartOf":{"@id":"https:\/\/chromeclair.com\/#website"},"primaryImageOfPage":{"@id":"https:\/\/chromeclair.com\/product\/hema-free-gel-polish-17ml-7pcs\/#primaryimage"},"image":{"@id":"https:\/\/chromeclair.com\/product\/hema-free-gel-polish-17ml-7pcs\/#primaryimage"},"thumbnailUrl":"https:\/\/chromeclair.com\/wp-content\/uploads\/2025\/06\/CHROMECLAIR-Gel-polish-7PCS-SETS-UV1.jpg","datePublished":"2025-06-19T08:46:07+00:00","dateModified":"2026-04-13T06:14:45+00:00","description":"CHROM\u00c9CLAIR Gel-Nagellack hat seine Hema\/HPMA\/TPO-freie, vegane und nicht-toxische Formel aktualisiert, um eine sicherere, ges\u00fcndere und umweltfreundlichere Anwendung zu erm\u00f6glichen.","inLanguage":"de","potentialAction":[{"@type":"ReadAction","target":["https:\/\/chromeclair.com\/product\/hema-free-gel-polish-17ml-7pcs\/"]}]},{"@type":"ImageObject","inLanguage":"de","@id":"https:\/\/chromeclair.com\/product\/hema-free-gel-polish-17ml-7pcs\/#primaryimage","url":"https:\/\/chromeclair.com\/wp-content\/uploads\/2025\/06\/CHROMECLAIR-Gel-polish-7PCS-SETS-UV1.jpg","contentUrl":"https:\/\/chromeclair.com\/wp-content\/uploads\/2025\/06\/CHROMECLAIR-Gel-polish-7PCS-SETS-UV1.jpg","width":1920,"height":1788,"caption":"CHROM\u00c9CLAIR Gel polish 7PCS SETS UV1"},{"@type":"WebSite","@id":"https:\/\/chromeclair.com\/#website","url":"https:\/\/chromeclair.com\/","name":"Cat Eye Gel Polish \u2013 HEMA-frei und TPO-frei","description":"W\u00e4hrend andere sich darauf konzentrieren, mehr Farben anzubieten, konzentrieren wir uns darauf, sicherere Inhaltsstoffe zu verwenden.","publisher":{"@id":"https:\/\/chromeclair.com\/#organization"},"potentialAction":[{"@type":"SearchAction","target":{"@type":"EntryPoint","urlTemplate":"https:\/\/chromeclair.com\/?s={search_term_string}"},"query-input":{"@type":"PropertyValueSpecification","valueRequired":true,"valueName":"search_term_string"}}],"inLanguage":"de"},{"@type":"Organization","@id":"https:\/\/chromeclair.com\/#organization","name":"Cat Eye Gel Polish \u2013 HEMA-frei und TPO-frei","url":"https:\/\/chromeclair.com\/","logo":{"@type":"ImageObject","inLanguage":"de","@id":"https:\/\/chromeclair.com\/#\/schema\/logo\/image\/","url":"https:\/\/chromeclair.com\/wp-content\/uploads\/2025\/06\/cropped-CHROMECLAIR-Logo-scaled-1.png","contentUrl":"https:\/\/chromeclair.com\/wp-content\/uploads\/2025\/06\/cropped-CHROMECLAIR-Logo-scaled-1.png","width":2151,"height":429,"caption":"Cat Eye Gel Polish \u2013 HEMA-Free \uff06 TPO-Free"},"image":{"@id":"https:\/\/chromeclair.com\/#\/schema\/logo\/image\/"}}]}},"_links":{"self":[{"href":"https:\/\/chromeclair.com\/de\/wp-json\/wp\/v2\/product\/7239","targetHints":{"allow":["GET"]}}],"collection":[{"href":"https:\/\/chromeclair.com\/de\/wp-json\/wp\/v2\/product"}],"about":[{"href":"https:\/\/chromeclair.com\/de\/wp-json\/wp\/v2\/types\/product"}],"replies":[{"embeddable":true,"href":"https:\/\/chromeclair.com\/de\/wp-json\/wp\/v2\/comments?post=7239"}],"wp:featuredmedia":[{"embeddable":true,"href":"https:\/\/chromeclair.com\/de\/wp-json\/wp\/v2\/media\/7381"}],"wp:attachment":[{"href":"https:\/\/chromeclair.com\/de\/wp-json\/wp\/v2\/media?parent=7239"}],"wp:term":[{"taxonomy":"product_brand","embeddable":true,"href":"https:\/\/chromeclair.com\/de\/wp-json\/wp\/v2\/product_brand?post=7239"},{"taxonomy":"product_cat","embeddable":true,"href":"https:\/\/chromeclair.com\/de\/wp-json\/wp\/v2\/product_cat?post=7239"},{"taxonomy":"product_tag","embeddable":true,"href":"https:\/\/chromeclair.com\/de\/wp-json\/wp\/v2\/product_tag?post=7239"}],"curies":[{"name":"wp","href":"https:\/\/api.w.org\/{rel}","templated":true}]}}