{"id":7274,"date":"2025-07-09T10:06:27","date_gmt":"2025-07-09T10:06:27","guid":{"rendered":"https:\/\/chromeclair.com\/?post_type=product&#038;p=7274"},"modified":"2026-04-13T06:12:41","modified_gmt":"2026-04-13T06:12:41","slug":"hema-free-gel-nail-stickers","status":"publish","type":"product","link":"https:\/\/chromeclair.com\/de\/produkt\/hemafreie-gel-nagelsticker-2\/","title":{"rendered":"HEMA-freie Gel-Nagelsticker einfarbig 001-012"},"content":{"rendered":"<figure class=\"wp-block-embed is-type-video is-provider-youtube wp-block-embed-youtube wp-embed-aspect-16-9 wp-has-aspect-ratio\"><div class=\"wp-block-embed__wrapper\">\n<div class=\"video-container\"><iframe title=\"\ud83d\udc85\ud83d\udc9cEine Manik\u00fcre, die eine Anf\u00e4ngerin in zehn Minuten machen kann.#nailart2025 #shorts #shortvideo\" width=\"1170\" height=\"658\" src=\"https:\/\/www.youtube.com\/embed\/4j4LJcJZZRM?feature=oembed\" frameborder=\"0\" allow=\"accelerometer; autoplay; clipboard-write; encrypted-media; gyroscope; picture-in-picture; web-share\" referrerpolicy=\"strict-origin-when-cross-origin\" allowfullscreen><\/iframe><\/div>\n<\/div><\/figure>\n\n\n\n<p><strong>Anmeldung<\/strong><\/p>\n\n\n\n<p><strong>Vorbereitung<\/strong><br>Feilen Sie Ihre N\u00e4gel in die gew\u00fcnschte Form. Reinigen Sie Ihre N\u00e4gel mit einem Cleaner Pocket oder einem Nail Wipe mit Cleaner, um alle \u00d6le zu entfernen. Tragen Sie den Prep Booster auf die gesamte Nagelplatte auf und lassen Sie ihn 30 Sekunden lang an der Luft trocknen.<\/p>\n\n\n\n<p><strong>Schritt 1: W\u00e4hlen Sie den richtigen Aufkleber<\/strong><br>Halten Sie den Aufkleberbogen \u00fcber Ihren Nagel und w\u00e4hlen Sie den Aufkleber, der am besten passt. Achten Sie darauf, dass sich das Pink Gellac-Logo auf der rechten Seite befindet. Ziehen Sie die Schutzfolie vorsichtig ab. Wenn Sie unsicher sind, w\u00e4hlen Sie einen Aufkleber, der etwas schmaler als Ihr Nagel ist, um ein vorzeitiges Abl\u00f6sen zu verhindern. Ist der Aufkleber zu breit f\u00fcr Ihre N\u00e4gel? Schneiden Sie die Seiten ab, um die perfekte Passform zu erreichen.<\/p>\n\n\n\n<p><strong>Schritt 2: Auftragen und Aush\u00e4rten<\/strong><br>Legen Sie den Aufkleber auf Ihren Nagel und dr\u00fccken Sie ihn fest an. Gl\u00e4tten Sie die R\u00e4nder mit der flachen Seite eines Holzst\u00e4bchens und rollen Sie es \u00fcber den Aufkleber. Lassen Sie einen Abstand von 1 mm zwischen dem Aufkleber und Ihrer Nagelhaut, um ein Abheben zu verhindern. Schneiden Sie den Aufkleber auf die L\u00e4nge Ihres Naturnagels zu, lassen Sie einen kleinen Rand stehen und h\u00e4rten Sie ihn unter der LED-Lampe 120 Sekunden lang aus.<\/p>\n\n\n\n<p><strong>Schritt 3: Beenden<\/strong><br>Feilen Sie den ausgeh\u00e4rteten Aufkleber auf die gew\u00fcnschte L\u00e4nge und Form. Gl\u00e4tten Sie die Kanten durch Feilen in eine Richtung.<\/p>\n\n\n\n<p><strong>Optional: Top Coat auftragen<\/strong><br>F\u00fcr zus\u00e4tzlichen Glanz und Haltbarkeit tragen Sie eine d\u00fcnne Schicht Shine Top Coat auf. Vermeiden Sie Hautkontakt und entfernen Sie \u00fcbersch\u00fcssigen Lack vor dem Aush\u00e4rten mit einem Gel Polish Corrector Pen oder einem Holzst\u00e4bchen. Lassen Sie den Top Coat 60 Sekunden lang unter der LED-Lampe aush\u00e4rten. Entfernen Sie die klebrige Schicht mit einem Cleaner Pocket oder Nail Wipe, und tragen Sie nach 1 Minute ein pflegendes Nagelhaut\u00f6l auf, um zus\u00e4tzliche Feuchtigkeit zu spenden.<\/p>\n\n\n\n<p><strong>Umzug<\/strong><\/p>\n\n\n\n<p>Schieben Sie ein Holzst\u00e4bchen vorsichtig unter die R\u00e4nder des Aufklebers. Tragen Sie Nagelhaut\u00f6l entlang der R\u00e4nder des Aufklebers auf. Heben Sie den Aufkleber langsam vom Nagel ab und geben Sie dabei mehr \u00d6l unter den Aufkleber, um ihn zu lockern. Wiederholen Sie den Vorgang, bis der Aufkleber vollst\u00e4ndig entfernt ist.<\/p>\n\n\n\n<figure class=\"wp-block-image size-large\"><img fetchpriority=\"high\" decoding=\"async\" width=\"1024\" height=\"500\" src=\"https:\/\/chromeclair.com\/wp-content\/uploads\/2025\/07\/Packaging-1024x500.jpg\" alt=\"\" class=\"wp-image-7292\" srcset=\"https:\/\/chromeclair.com\/wp-content\/uploads\/2025\/07\/Packaging-1024x500.jpg 1024w, https:\/\/chromeclair.com\/wp-content\/uploads\/2025\/07\/Packaging-300x147.jpg 300w, https:\/\/chromeclair.com\/wp-content\/uploads\/2025\/07\/Packaging-768x375.jpg 768w, https:\/\/chromeclair.com\/wp-content\/uploads\/2025\/07\/Packaging-1536x750.jpg 1536w, https:\/\/chromeclair.com\/wp-content\/uploads\/2025\/07\/Packaging-2048x1000.jpg 2048w, https:\/\/chromeclair.com\/wp-content\/uploads\/2025\/07\/Packaging-990x484.jpg 990w, https:\/\/chromeclair.com\/wp-content\/uploads\/2025\/07\/Packaging-441x215.jpg 441w, https:\/\/chromeclair.com\/wp-content\/uploads\/2025\/07\/Packaging-800x391.jpg 800w, https:\/\/chromeclair.com\/wp-content\/uploads\/2025\/07\/Packaging-150x73.jpg 150w\" sizes=\"(max-width: 1024px) 100vw, 1024px\" \/><\/figure>\n\n\n\n<p><strong>Inhaltsstoffe<\/strong><\/p>\n\n\n\n<p>Acrylat-Copolymer, Polyacryls\u00e4ure, umweltfreundlicher Klebstoff, Farbstoff.<\/p>","protected":false},"excerpt":{"rendered":"<p><!-- wp:list --><\/p>\n<ul class=\"wp-block-list\"><!-- wp:list-item --><\/p>\n<li>1x Blatt mit 20 Gel-Nagelstickern<\/li>\n<p><!-- \/wp:list-item --><\/p>\n<p><!-- wp:list-item --><\/p>\n<li>1x 180\/180 Nagelfeile<\/li>\n<p><!-- \/wp:list-item --><\/p>\n<p><!-- wp:list-item --><\/p>\n<li>1x Holzstock<\/li>\n<p><!-- \/wp:list-item --><\/ul>\n<p>Gutschein f\u00fcr kostenlosen Versand: <span style=\"color: #00ccff;\"><strong>3tv6x36b<\/strong><\/span><\/p>\n<p>Erfordert die Verwendung einer UV- oder LED-Lampe<\/p>\n<p><!-- \/wp:list --><\/p>","protected":false},"featured_media":7290,"comment_status":"open","ping_status":"closed","template":"","meta":[],"product_brand":[],"product_cat":[116],"product_tag":[],"class_list":{"0":"post-7274","1":"product","2":"type-product","3":"status-publish","4":"has-post-thumbnail","6":"product_cat-gel-nail-stickers","8":"first","9":"instock","10":"sale","11":"shipping-taxable","12":"purchasable","13":"product-type-simple"},"yoast_head":"<!-- This site is optimized with the Yoast SEO plugin v26.4 - https:\/\/yoast.com\/wordpress\/plugins\/seo\/ -->\n<title>Get best HEMA-free Gel Nail Stickers price - CHROM\u00c9CLAIR<\/title>\n<meta name=\"description\" content=\"Make beautiful nails possible for every client with our Hema free gels. Boasting nudes, reds, greens, pinks, blues, purples as well as glitters &amp; shimmers.\" \/>\n<meta name=\"robots\" content=\"index, follow, max-snippet:-1, max-image-preview:large, max-video-preview:-1\" \/>\n<link rel=\"canonical\" href=\"https:\/\/chromeclair.com\/de\/produkt\/hemafreie-gel-nagelsticker-2\/\" \/>\n<meta property=\"og:locale\" content=\"de_DE\" \/>\n<meta property=\"og:type\" content=\"article\" \/>\n<meta property=\"og:title\" content=\"Get best HEMA-free Gel Nail Stickers price - CHROM\u00c9CLAIR\" \/>\n<meta property=\"og:description\" content=\"Make beautiful nails possible for every client with our Hema free gels. Boasting nudes, reds, greens, pinks, blues, purples as well as glitters &amp; shimmers.\" \/>\n<meta property=\"og:url\" content=\"https:\/\/chromeclair.com\/de\/produkt\/hemafreie-gel-nagelsticker-2\/\" \/>\n<meta property=\"og:site_name\" content=\"Cat Eye Gel Polish \u2013 HEMA-Free \uff06 TPO-Free\" \/>\n<meta property=\"article:modified_time\" content=\"2026-04-13T06:12:41+00:00\" \/>\n<meta property=\"og:image\" content=\"https:\/\/chromeclair.com\/wp-content\/uploads\/2025\/07\/CHROMECLAIR-Gel-Nail-Stickers-SC-003-scaled.jpg\" \/>\n\t<meta property=\"og:image:width\" content=\"2560\" \/>\n\t<meta property=\"og:image:height\" content=\"2560\" \/>\n\t<meta property=\"og:image:type\" content=\"image\/jpeg\" \/>\n<meta name=\"twitter:card\" content=\"summary_large_image\" \/>\n<meta name=\"twitter:label1\" content=\"Gesch\u00e4tzte Lesezeit\" \/>\n\t<meta name=\"twitter:data1\" content=\"2\u00a0Minuten\" \/>\n<script type=\"application\/ld+json\" class=\"yoast-schema-graph\">{\"@context\":\"https:\/\/schema.org\",\"@graph\":[{\"@type\":\"WebPage\",\"@id\":\"https:\/\/chromeclair.com\/product\/hema-free-gel-nail-stickers\/\",\"url\":\"https:\/\/chromeclair.com\/product\/hema-free-gel-nail-stickers\/\",\"name\":\"Get best HEMA-free Gel Nail Stickers price - CHROM\u00c9CLAIR\",\"isPartOf\":{\"@id\":\"https:\/\/chromeclair.com\/#website\"},\"primaryImageOfPage\":{\"@id\":\"https:\/\/chromeclair.com\/product\/hema-free-gel-nail-stickers\/#primaryimage\"},\"image\":{\"@id\":\"https:\/\/chromeclair.com\/product\/hema-free-gel-nail-stickers\/#primaryimage\"},\"thumbnailUrl\":\"https:\/\/chromeclair.com\/wp-content\/uploads\/2025\/07\/CHROMECLAIR-Gel-Nail-Stickers-SC-003-scaled.jpg\",\"datePublished\":\"2025-07-09T10:06:27+00:00\",\"dateModified\":\"2026-04-13T06:12:41+00:00\",\"description\":\"Make beautiful nails possible for every client with our Hema free gels. Boasting nudes, reds, greens, pinks, blues, purples as well as glitters & shimmers.\",\"breadcrumb\":{\"@id\":\"https:\/\/chromeclair.com\/product\/hema-free-gel-nail-stickers\/#breadcrumb\"},\"inLanguage\":\"de\",\"potentialAction\":[{\"@type\":\"ReadAction\",\"target\":[\"https:\/\/chromeclair.com\/product\/hema-free-gel-nail-stickers\/\"]}]},{\"@type\":\"ImageObject\",\"inLanguage\":\"de\",\"@id\":\"https:\/\/chromeclair.com\/product\/hema-free-gel-nail-stickers\/#primaryimage\",\"url\":\"https:\/\/chromeclair.com\/wp-content\/uploads\/2025\/07\/CHROMECLAIR-Gel-Nail-Stickers-SC-003-scaled.jpg\",\"contentUrl\":\"https:\/\/chromeclair.com\/wp-content\/uploads\/2025\/07\/CHROMECLAIR-Gel-Nail-Stickers-SC-003-scaled.jpg\",\"width\":2560,\"height\":2560,\"caption\":\"CHROM\u00c9CLAIR Gel Nail Stickers SC-003\"},{\"@type\":\"BreadcrumbList\",\"@id\":\"https:\/\/chromeclair.com\/product\/hema-free-gel-nail-stickers\/#breadcrumb\",\"itemListElement\":[{\"@type\":\"ListItem\",\"position\":1,\"name\":\"Home\",\"item\":\"https:\/\/chromeclair.com\/\"},{\"@type\":\"ListItem\",\"position\":2,\"name\":\"Shop\",\"item\":\"https:\/\/chromeclair.com\/shop\/\"},{\"@type\":\"ListItem\",\"position\":3,\"name\":\"HEMA-free Gel Nail Stickers Solid Color 001-012\"}]},{\"@type\":\"WebSite\",\"@id\":\"https:\/\/chromeclair.com\/#website\",\"url\":\"https:\/\/chromeclair.com\/\",\"name\":\"Cat Eye Gel Polish \u2013 HEMA-Free \uff06 TPO-Free\",\"description\":\"While others focus on having more colors, we focus on having safer ingredients.\",\"publisher\":{\"@id\":\"https:\/\/chromeclair.com\/#organization\"},\"potentialAction\":[{\"@type\":\"SearchAction\",\"target\":{\"@type\":\"EntryPoint\",\"urlTemplate\":\"https:\/\/chromeclair.com\/?s={search_term_string}\"},\"query-input\":{\"@type\":\"PropertyValueSpecification\",\"valueRequired\":true,\"valueName\":\"search_term_string\"}}],\"inLanguage\":\"de\"},{\"@type\":\"Organization\",\"@id\":\"https:\/\/chromeclair.com\/#organization\",\"name\":\"Cat Eye Gel Polish \u2013 HEMA-Free \uff06 TPO-Free\",\"url\":\"https:\/\/chromeclair.com\/\",\"logo\":{\"@type\":\"ImageObject\",\"inLanguage\":\"de\",\"@id\":\"https:\/\/chromeclair.com\/#\/schema\/logo\/image\/\",\"url\":\"https:\/\/chromeclair.com\/wp-content\/uploads\/2025\/06\/cropped-CHROMECLAIR-Logo-scaled-1.png\",\"contentUrl\":\"https:\/\/chromeclair.com\/wp-content\/uploads\/2025\/06\/cropped-CHROMECLAIR-Logo-scaled-1.png\",\"width\":2151,\"height\":429,\"caption\":\"Cat Eye Gel Polish \u2013 HEMA-Free \uff06 TPO-Free\"},\"image\":{\"@id\":\"https:\/\/chromeclair.com\/#\/schema\/logo\/image\/\"}}]}<\/script>\n<!-- \/ Yoast SEO plugin. -->","yoast_head_json":{"title":"Erhalten Sie den besten Preis f\u00fcr HEMA-freie Gel-Nagelsticker - CHROM\u00c9CLAIR","description":"Machen Sie mit unseren Hema-freien Gelen sch\u00f6ne N\u00e4gel f\u00fcr jede Kundin m\u00f6glich. Mit Nude-, Rot-, Gr\u00fcn-, Rosa-, Blau- und Violettt\u00f6nen sowie Glitzer und Schimmer.","robots":{"index":"index","follow":"follow","max-snippet":"max-snippet:-1","max-image-preview":"max-image-preview:large","max-video-preview":"max-video-preview:-1"},"canonical":"https:\/\/chromeclair.com\/de\/produkt\/hemafreie-gel-nagelsticker-2\/","og_locale":"de_DE","og_type":"article","og_title":"Get best HEMA-free Gel Nail Stickers price - CHROM\u00c9CLAIR","og_description":"Make beautiful nails possible for every client with our Hema free gels. Boasting nudes, reds, greens, pinks, blues, purples as well as glitters & shimmers.","og_url":"https:\/\/chromeclair.com\/de\/produkt\/hemafreie-gel-nagelsticker-2\/","og_site_name":"Cat Eye Gel Polish \u2013 HEMA-Free \uff06 TPO-Free","article_modified_time":"2026-04-13T06:12:41+00:00","og_image":[{"width":2560,"height":2560,"url":"https:\/\/chromeclair.com\/wp-content\/uploads\/2025\/07\/CHROMECLAIR-Gel-Nail-Stickers-SC-003-scaled.jpg","type":"image\/jpeg"}],"twitter_card":"summary_large_image","twitter_misc":{"Gesch\u00e4tzte Lesezeit":"2\u00a0Minuten"},"schema":{"@context":"https:\/\/schema.org","@graph":[{"@type":"WebPage","@id":"https:\/\/chromeclair.com\/product\/hema-free-gel-nail-stickers\/","url":"https:\/\/chromeclair.com\/product\/hema-free-gel-nail-stickers\/","name":"Erhalten Sie den besten Preis f\u00fcr HEMA-freie Gel-Nagelsticker - CHROM\u00c9CLAIR","isPartOf":{"@id":"https:\/\/chromeclair.com\/#website"},"primaryImageOfPage":{"@id":"https:\/\/chromeclair.com\/product\/hema-free-gel-nail-stickers\/#primaryimage"},"image":{"@id":"https:\/\/chromeclair.com\/product\/hema-free-gel-nail-stickers\/#primaryimage"},"thumbnailUrl":"https:\/\/chromeclair.com\/wp-content\/uploads\/2025\/07\/CHROMECLAIR-Gel-Nail-Stickers-SC-003-scaled.jpg","datePublished":"2025-07-09T10:06:27+00:00","dateModified":"2026-04-13T06:12:41+00:00","description":"Machen Sie mit unseren Hema-freien Gelen sch\u00f6ne N\u00e4gel f\u00fcr jede Kundin m\u00f6glich. Mit Nude-, Rot-, Gr\u00fcn-, Rosa-, Blau- und Violettt\u00f6nen sowie Glitzer und Schimmer.","breadcrumb":{"@id":"https:\/\/chromeclair.com\/product\/hema-free-gel-nail-stickers\/#breadcrumb"},"inLanguage":"de","potentialAction":[{"@type":"ReadAction","target":["https:\/\/chromeclair.com\/product\/hema-free-gel-nail-stickers\/"]}]},{"@type":"ImageObject","inLanguage":"de","@id":"https:\/\/chromeclair.com\/product\/hema-free-gel-nail-stickers\/#primaryimage","url":"https:\/\/chromeclair.com\/wp-content\/uploads\/2025\/07\/CHROMECLAIR-Gel-Nail-Stickers-SC-003-scaled.jpg","contentUrl":"https:\/\/chromeclair.com\/wp-content\/uploads\/2025\/07\/CHROMECLAIR-Gel-Nail-Stickers-SC-003-scaled.jpg","width":2560,"height":2560,"caption":"CHROM\u00c9CLAIR Gel Nail Stickers SC-003"},{"@type":"BreadcrumbList","@id":"https:\/\/chromeclair.com\/product\/hema-free-gel-nail-stickers\/#breadcrumb","itemListElement":[{"@type":"ListItem","position":1,"name":"Home","item":"https:\/\/chromeclair.com\/"},{"@type":"ListItem","position":2,"name":"Shop","item":"https:\/\/chromeclair.com\/shop\/"},{"@type":"ListItem","position":3,"name":"HEMA-free Gel Nail Stickers Solid Color 001-012"}]},{"@type":"WebSite","@id":"https:\/\/chromeclair.com\/#website","url":"https:\/\/chromeclair.com\/","name":"Cat Eye Gel Polish \u2013 HEMA-frei und TPO-frei","description":"W\u00e4hrend andere sich darauf konzentrieren, mehr Farben anzubieten, konzentrieren wir uns darauf, sicherere Inhaltsstoffe zu verwenden.","publisher":{"@id":"https:\/\/chromeclair.com\/#organization"},"potentialAction":[{"@type":"SearchAction","target":{"@type":"EntryPoint","urlTemplate":"https:\/\/chromeclair.com\/?s={search_term_string}"},"query-input":{"@type":"PropertyValueSpecification","valueRequired":true,"valueName":"search_term_string"}}],"inLanguage":"de"},{"@type":"Organization","@id":"https:\/\/chromeclair.com\/#organization","name":"Cat Eye Gel Polish \u2013 HEMA-frei und TPO-frei","url":"https:\/\/chromeclair.com\/","logo":{"@type":"ImageObject","inLanguage":"de","@id":"https:\/\/chromeclair.com\/#\/schema\/logo\/image\/","url":"https:\/\/chromeclair.com\/wp-content\/uploads\/2025\/06\/cropped-CHROMECLAIR-Logo-scaled-1.png","contentUrl":"https:\/\/chromeclair.com\/wp-content\/uploads\/2025\/06\/cropped-CHROMECLAIR-Logo-scaled-1.png","width":2151,"height":429,"caption":"Cat Eye Gel Polish \u2013 HEMA-Free \uff06 TPO-Free"},"image":{"@id":"https:\/\/chromeclair.com\/#\/schema\/logo\/image\/"}}]}},"_links":{"self":[{"href":"https:\/\/chromeclair.com\/de\/wp-json\/wp\/v2\/product\/7274","targetHints":{"allow":["GET"]}}],"collection":[{"href":"https:\/\/chromeclair.com\/de\/wp-json\/wp\/v2\/product"}],"about":[{"href":"https:\/\/chromeclair.com\/de\/wp-json\/wp\/v2\/types\/product"}],"replies":[{"embeddable":true,"href":"https:\/\/chromeclair.com\/de\/wp-json\/wp\/v2\/comments?post=7274"}],"wp:featuredmedia":[{"embeddable":true,"href":"https:\/\/chromeclair.com\/de\/wp-json\/wp\/v2\/media\/7290"}],"wp:attachment":[{"href":"https:\/\/chromeclair.com\/de\/wp-json\/wp\/v2\/media?parent=7274"}],"wp:term":[{"taxonomy":"product_brand","embeddable":true,"href":"https:\/\/chromeclair.com\/de\/wp-json\/wp\/v2\/product_brand?post=7274"},{"taxonomy":"product_cat","embeddable":true,"href":"https:\/\/chromeclair.com\/de\/wp-json\/wp\/v2\/product_cat?post=7274"},{"taxonomy":"product_tag","embeddable":true,"href":"https:\/\/chromeclair.com\/de\/wp-json\/wp\/v2\/product_tag?post=7274"}],"curies":[{"name":"wp","href":"https:\/\/api.w.org\/{rel}","templated":true}]}}