{"id":8423,"date":"2025-08-20T06:54:31","date_gmt":"2025-08-20T06:54:31","guid":{"rendered":"https:\/\/chromeclair.com\/?post_type=product&#038;p=8423"},"modified":"2026-04-13T06:08:06","modified_gmt":"2026-04-13T06:08:06","slug":"gel-polish-hema-free-and-tpo-free-10ml-cl01-06","status":"publish","type":"product","link":"https:\/\/chromeclair.com\/de\/product\/gel-polish-hema-free-and-tpo-free-10ml-cl01-06\/","title":{"rendered":"Gel-Politur HEMA-frei und TPO-frei 10ML CL01-06"},"content":{"rendered":"<p>\u3010Verbesserte Inhaltsstoffe - mehr Sicherheit\u3011Exklusive HEMA-FREIE &amp; TPO-FREIE Formel, die den strengen EU-Sicherheitsstandards entspricht, pflegt sanft Ihre empfindlichen Nagelbetten.<br>\u3010Gro\u00dfes Fassungsverm\u00f6gen - mehr Genuss\u301110ml salonf\u00e4higes gro\u00dfes Fassungsverm\u00f6gen, eine Flasche entspricht zwei, geeignet f\u00fcr alle Jahreszeiten, leicht unterzubringen verschiedene Nagelkunst Ideen.<br>\u3010Langanhaltende Farbsicherung - Bessere Leistung\u3011 Nutzt die CHROM\u00c9CLAIR Premium-Farbsicherungstechnologie, die ein gl\u00e4nzendes Finish f\u00fcr mehr als 20 Tage aufrechterh\u00e4lt!<br>\u301060-Sekunden-Schnelltrocknung - Effizienter\u3011Paar mit einer LED\/Nagellampe f\u00fcr Aush\u00e4rtung in nur 30 Sekunden, sparen Sie wertvolle Zeit.<br>\u3010Qualit\u00e4tszertifiziert - zuverl\u00e4ssiger\u3011Certified mit CE und MSDS, Gew\u00e4hrleistung der Sicherheit und Qualit\u00e4t k\u00f6nnen Sie vertrauen!<br>Klicken Sie jetzt, um zu kaufen und erleben Sie professionellen Nailart-Spa\u00df!<\/p>\n\n\n\n<figure class=\"wp-block-image size-full\"><img fetchpriority=\"high\" decoding=\"async\" width=\"1000\" height=\"600\" src=\"https:\/\/chromeclair.com\/wp-content\/uploads\/2025\/08\/CHROMECLAIR-CL-Color.jpg\" alt=\"\" class=\"wp-image-8438\" srcset=\"https:\/\/chromeclair.com\/wp-content\/uploads\/2025\/08\/CHROMECLAIR-CL-Color.jpg 1000w, https:\/\/chromeclair.com\/wp-content\/uploads\/2025\/08\/CHROMECLAIR-CL-Color-300x180.jpg 300w, https:\/\/chromeclair.com\/wp-content\/uploads\/2025\/08\/CHROMECLAIR-CL-Color-768x461.jpg 768w, https:\/\/chromeclair.com\/wp-content\/uploads\/2025\/08\/CHROMECLAIR-CL-Color-18x12.jpg 18w, https:\/\/chromeclair.com\/wp-content\/uploads\/2025\/08\/CHROMECLAIR-CL-Color-990x594.jpg 990w, https:\/\/chromeclair.com\/wp-content\/uploads\/2025\/08\/CHROMECLAIR-CL-Color-441x265.jpg 441w, https:\/\/chromeclair.com\/wp-content\/uploads\/2025\/08\/CHROMECLAIR-CL-Color-800x480.jpg 800w, https:\/\/chromeclair.com\/wp-content\/uploads\/2025\/08\/CHROMECLAIR-CL-Color-150x90.jpg 150w\" sizes=\"(max-width: 1000px) 100vw, 1000px\" \/><\/figure>\n\n\n\n<p>Schritt 1: Trimmen und polieren Wie \u00fcblich beginnen Sie mit der Reinigung und dem sanften Polieren der Nageloberfl\u00e4che, um die Basis vorzubereiten.<\/p>\n\n\n\n<p>Schritt 2: Gut sch\u00fctteln Vor der Anwendung die Flasche gr\u00fcndlich sch\u00fctteln. Dies ist ein kleines Geheimnis, um eine gleichm\u00e4\u00dfige und sch\u00f6ne Farbe zu erhalten!<\/p>\n\n\n\n<p>Schritt 3: Unterlack auftragen Tragen Sie zun\u00e4chst eine d\u00fcnne Schicht Unterlack auf. Er sch\u00fctzt Ihre N\u00e4gel und sorgt daf\u00fcr, dass die Manik\u00fcre l\u00e4nger h\u00e4lt. Lassen Sie ihn 60 Sekunden lang unter der Lampe aush\u00e4rten (UV- oder LED-Lampen sind beide geeignet).<\/p>\n\n\n\n<p>Schritt 4: Farbschicht auftragen Tragen Sie die Farbschicht in zwei d\u00fcnnen Schichten auf, um ein besseres Ergebnis zu erzielen!<\/p>\n\n\n\n<p>Erste Schicht: Eine d\u00fcnne Schicht auftragen und unter der Lampe 60 Sekunden lang aush\u00e4rten.<\/p>\n\n\n\n<p>Zweite Schicht: Tragen Sie eine weitere d\u00fcnne Schicht auf, und denken Sie daran, sofort nach dem Auftragen 60 Sekunden lang auszuh\u00e4rten.<\/p>\n\n\n\n<p>Schritt 5: Decklack auftragen Zum Schluss den Decklack auftragen und unter der Lampe aush\u00e4rten lassen, um den Prozess abzuschlie\u00dfen!<\/p>\n\n\n\n<p>Tipp! Denken Sie daran, jede Schicht d\u00fcnn aufzutragen, um ein besseres Aush\u00e4rtungsergebnis und eine l\u00e4ngere Haltbarkeit zu erzielen!<\/p>\n\n\n\n<p><strong>\ud83c\udfa8 Entfesseln Sie Ihre Kreativit\u00e4t auf sichere Weise mit unserem HEMA-freien Gel Polish!<\/strong><\/p>\n\n\n\n<p>Sind Sie es leid, die Gesundheit Ihrer N\u00e4gel f\u00fcr eine sch\u00f6ne Farbe zu opfern? Unser Profi&nbsp;<strong>10ml HEMA-freier Gel-Politur<\/strong>&nbsp;sorgt f\u00fcr leuchtende, lang anhaltende Farbe bei absoluter Sorglosigkeit. Ohne HEMA, HPMA und andere h\u00e4ufige Reizstoffe formuliert, ist es die perfekte Wahl f\u00fcr alle mit empfindlicher Haut oder f\u00fcr diejenigen, die eine ges\u00fcndere Manik\u00fcre-Routine suchen.<\/p>\n\n\n\n<p><strong>\u2728 Warum Sie es lieben werden:<\/strong><\/p>\n\n\n\n<ul class=\"wp-block-list\">\n<li><strong>\ud83d\udee1\ufe0f HYPOALLERGEN UND SICHER:<\/strong>\u00a0Speziell entwickelt, um das Risiko von allergischen Reaktionen zu minimieren. Genie\u00dfen Sie atemberaubende Geln\u00e4gel, ohne sich Sorgen machen zu m\u00fcssen.<\/li>\n\n\n\n<li><strong>\ud83d\udc8e INTENSIVE FARBE UND HOHER GLANZ:<\/strong>\u00a0Extrem reichhaltige Pigmente sorgen f\u00fcr eine vollst\u00e4ndige, gleichm\u00e4\u00dfige Abdeckung in nur einer Schicht. H\u00e4rtet zu einem brillanten, gl\u00e4nzenden Finish aus, das bis zu 3 Wochen h\u00e4lt, ohne abzusplittern.<\/li>\n\n\n\n<li><strong>\ud83e\uddf0 PROFESSIONELLE ERGEBNISSE ZU HAUSE:<\/strong>\u00a0Die perfekte 10-ml-Gr\u00f6\u00dfe sowohl f\u00fcr Heimwerker als auch f\u00fcr professionelle Nagelk\u00fcnstler. Einfach aufzutragen, selbstnivellierend und h\u00e4rtet in nur 60 Sekunden unter einer Standard-LED-Lampe von 48 W aus.<\/li>\n\n\n\n<li><strong>\ud83c\udf3f VEGAN &amp; TIERVERSUCHSFREI:<\/strong>\u00a0Wir sind stolz darauf, Leaping Bunny-zertifiziert zu sein. Unsere Produkte werden niemals an Tieren getestet.<\/li>\n\n\n\n<li><strong>\ud83c\udf08 BREITE PALETTE VON FARBEN:<\/strong>\u00a0Von klassischen Nude- und Rott\u00f6nen bis hin zu den neuesten Modetrends - finden Sie in unserer umfangreichen Kollektion Ihren perfekten Farbton.<\/li>\n<\/ul>\n\n\n\n<p><strong>Perfekt f\u00fcr:<\/strong>&nbsp;Manik\u00fcre-Sets f\u00fcr zu Hause, Nagelkunst-Anf\u00e4nger und -Profis, Personen mit Gel-Allergien und alle, die vegane und grausam-freie Sch\u00f6nheitsprodukte sch\u00e4tzen.<\/p>","protected":false},"excerpt":{"rendered":"<p>Erfordert die Verwendung einer UV- oder LED-Lampe<\/p>","protected":false},"featured_media":8424,"comment_status":"open","ping_status":"closed","template":"","meta":[],"product_brand":[162],"product_cat":[208],"product_tag":[],"class_list":{"0":"post-8423","1":"product","2":"type-product","3":"status-publish","4":"has-post-thumbnail","6":"product_brand-chromeclair","7":"product_cat-solid-color-gel-polish-10ml","9":"first","10":"instock","11":"sale","12":"shipping-taxable","13":"purchasable","14":"product-type-simple"},"yoast_head":"<!-- This site is optimized with the Yoast SEO plugin v27.4 - https:\/\/yoast.com\/product\/yoast-seo-wordpress\/ -->\n<title>10-Free Gel Nail Polish 10ml | HEMA, HPMA, Toxin Free, Vegan, Soak Off LED Lamp Required - CHROM\u00c9CLAIR<\/title>\n<meta name=\"description\" content=\"Discover our HEMA-Free Gel Nail Polish in 10ml. Achieve a salon-quality, long-lasting manicure at home without the risk of allergies. Our hypoallergenic, vegan formula is rich in pigment, easy to apply, and cures quickly under any LED lamp. Shop over 50 vibrant, trendy colors today!\" \/>\n<meta name=\"robots\" content=\"index, follow, max-snippet:-1, max-image-preview:large, max-video-preview:-1\" \/>\n<link rel=\"canonical\" href=\"https:\/\/chromeclair.com\/de\/produkt\/gel-polish-hema-free-and-tpo-free-10ml-cl01-06\/\" \/>\n<meta property=\"og:locale\" content=\"de_DE\" \/>\n<meta property=\"og:type\" content=\"article\" \/>\n<meta property=\"og:title\" content=\"10-Free Gel Nail Polish 10ml | HEMA, HPMA, Toxin Free, Vegan, Soak Off LED Lamp Required - CHROM\u00c9CLAIR\" \/>\n<meta property=\"og:description\" content=\"Discover our HEMA-Free Gel Nail Polish in 10ml. Achieve a salon-quality, long-lasting manicure at home without the risk of allergies. Our hypoallergenic, vegan formula is rich in pigment, easy to apply, and cures quickly under any LED lamp. Shop over 50 vibrant, trendy colors today!\" \/>\n<meta property=\"og:url\" content=\"https:\/\/chromeclair.com\/de\/produkt\/gel-polish-hema-free-and-tpo-free-10ml-cl01-06\/\" \/>\n<meta property=\"og:site_name\" content=\"Cat Eye Gel Polish \u2013 HEMA-Free \uff06 TPO-Free\" \/>\n<meta property=\"article:modified_time\" content=\"2026-04-13T06:08:06+00:00\" \/>\n<meta property=\"og:image\" content=\"https:\/\/chromeclair.com\/wp-content\/uploads\/2025\/08\/CL-01.jpg\" \/>\n\t<meta property=\"og:image:width\" content=\"800\" \/>\n\t<meta property=\"og:image:height\" content=\"800\" \/>\n\t<meta property=\"og:image:type\" content=\"image\/jpeg\" \/>\n<meta name=\"twitter:card\" content=\"summary_large_image\" \/>\n<meta name=\"twitter:label1\" content=\"Gesch\u00e4tzte Lesezeit\" \/>\n\t<meta name=\"twitter:data1\" content=\"3\u00a0Minuten\" \/>\n<script type=\"application\/ld+json\" class=\"yoast-schema-graph\">{\"@context\":\"https:\\\/\\\/schema.org\",\"@graph\":[{\"@type\":\"WebPage\",\"@id\":\"https:\\\/\\\/chromeclair.com\\\/product\\\/gel-polish-hema-free-and-tpo-free-10ml-cl01-06\\\/\",\"url\":\"https:\\\/\\\/chromeclair.com\\\/product\\\/gel-polish-hema-free-and-tpo-free-10ml-cl01-06\\\/\",\"name\":\"10-Free Gel Nail Polish 10ml | HEMA, HPMA, Toxin Free, Vegan, Soak Off LED Lamp Required - CHROM\u00c9CLAIR\",\"isPartOf\":{\"@id\":\"https:\\\/\\\/chromeclair.com\\\/#website\"},\"primaryImageOfPage\":{\"@id\":\"https:\\\/\\\/chromeclair.com\\\/product\\\/gel-polish-hema-free-and-tpo-free-10ml-cl01-06\\\/#primaryimage\"},\"image\":{\"@id\":\"https:\\\/\\\/chromeclair.com\\\/product\\\/gel-polish-hema-free-and-tpo-free-10ml-cl01-06\\\/#primaryimage\"},\"thumbnailUrl\":\"https:\\\/\\\/chromeclair.com\\\/wp-content\\\/uploads\\\/2025\\\/08\\\/CL-01.jpg\",\"datePublished\":\"2025-08-20T06:54:31+00:00\",\"dateModified\":\"2026-04-13T06:08:06+00:00\",\"description\":\"Discover our HEMA-Free Gel Nail Polish in 10ml. Achieve a salon-quality, long-lasting manicure at home without the risk of allergies. Our hypoallergenic, vegan formula is rich in pigment, easy to apply, and cures quickly under any LED lamp. Shop over 50 vibrant, trendy colors today!\",\"breadcrumb\":{\"@id\":\"https:\\\/\\\/chromeclair.com\\\/product\\\/gel-polish-hema-free-and-tpo-free-10ml-cl01-06\\\/#breadcrumb\"},\"inLanguage\":\"de\",\"potentialAction\":[{\"@type\":\"ReadAction\",\"target\":[\"https:\\\/\\\/chromeclair.com\\\/product\\\/gel-polish-hema-free-and-tpo-free-10ml-cl01-06\\\/\"]}]},{\"@type\":\"ImageObject\",\"inLanguage\":\"de\",\"@id\":\"https:\\\/\\\/chromeclair.com\\\/product\\\/gel-polish-hema-free-and-tpo-free-10ml-cl01-06\\\/#primaryimage\",\"url\":\"https:\\\/\\\/chromeclair.com\\\/wp-content\\\/uploads\\\/2025\\\/08\\\/CL-01.jpg\",\"contentUrl\":\"https:\\\/\\\/chromeclair.com\\\/wp-content\\\/uploads\\\/2025\\\/08\\\/CL-01.jpg\",\"width\":800,\"height\":800,\"caption\":\"CL-01\"},{\"@type\":\"BreadcrumbList\",\"@id\":\"https:\\\/\\\/chromeclair.com\\\/product\\\/gel-polish-hema-free-and-tpo-free-10ml-cl01-06\\\/#breadcrumb\",\"itemListElement\":[{\"@type\":\"ListItem\",\"position\":1,\"name\":\"Home\",\"item\":\"https:\\\/\\\/chromeclair.com\\\/\"},{\"@type\":\"ListItem\",\"position\":2,\"name\":\"Shop\",\"item\":\"https:\\\/\\\/chromeclair.com\\\/shop\\\/\"},{\"@type\":\"ListItem\",\"position\":3,\"name\":\"Gel Polish HEMA-free and TPO-free 10ML CL01-06\"}]},{\"@type\":\"WebSite\",\"@id\":\"https:\\\/\\\/chromeclair.com\\\/#website\",\"url\":\"https:\\\/\\\/chromeclair.com\\\/\",\"name\":\"Cat Eye Gel Polish \u2013 HEMA-Free \uff06 TPO-Free\",\"description\":\"While others focus on having more colors, we focus on having safer ingredients.\",\"publisher\":{\"@id\":\"https:\\\/\\\/chromeclair.com\\\/#organization\"},\"potentialAction\":[{\"@type\":\"SearchAction\",\"target\":{\"@type\":\"EntryPoint\",\"urlTemplate\":\"https:\\\/\\\/chromeclair.com\\\/?s={search_term_string}\"},\"query-input\":{\"@type\":\"PropertyValueSpecification\",\"valueRequired\":true,\"valueName\":\"search_term_string\"}}],\"inLanguage\":\"de\"},{\"@type\":\"Organization\",\"@id\":\"https:\\\/\\\/chromeclair.com\\\/#organization\",\"name\":\"Cat Eye Gel Polish \u2013 HEMA-Free \uff06 TPO-Free\",\"url\":\"https:\\\/\\\/chromeclair.com\\\/\",\"logo\":{\"@type\":\"ImageObject\",\"inLanguage\":\"de\",\"@id\":\"https:\\\/\\\/chromeclair.com\\\/#\\\/schema\\\/logo\\\/image\\\/\",\"url\":\"https:\\\/\\\/chromeclair.com\\\/wp-content\\\/uploads\\\/2025\\\/06\\\/cropped-CHROMECLAIR-Logo-scaled-1.png\",\"contentUrl\":\"https:\\\/\\\/chromeclair.com\\\/wp-content\\\/uploads\\\/2025\\\/06\\\/cropped-CHROMECLAIR-Logo-scaled-1.png\",\"width\":2151,\"height\":429,\"caption\":\"Cat Eye Gel Polish \u2013 HEMA-Free \uff06 TPO-Free\"},\"image\":{\"@id\":\"https:\\\/\\\/chromeclair.com\\\/#\\\/schema\\\/logo\\\/image\\\/\"}}]}<\/script>\n<!-- \/ Yoast SEO plugin. -->","yoast_head_json":{"title":"10-Free Gel-Nagellack 10ml | HEMA, HPMA, Toxinfrei, Vegan, Soak Off LED Lampe erforderlich - CHROM\u00c9CLAIR","description":"Entdecken Sie unseren HEMA-freien Gel-Nagellack in 10 ml. Erzielen Sie zu Hause eine lang anhaltende Manik\u00fcre in Salonqualit\u00e4t, ohne das Risiko von Allergien. Unsere hypoallergene, vegane Formel ist reich an Pigmenten, einfach aufzutragen und h\u00e4rtet unter jeder LED-Lampe schnell aus. Kaufen Sie noch heute \u00fcber 50 leuchtende, trendige Farben!","robots":{"index":"index","follow":"follow","max-snippet":"max-snippet:-1","max-image-preview":"max-image-preview:large","max-video-preview":"max-video-preview:-1"},"canonical":"https:\/\/chromeclair.com\/de\/produkt\/gel-polish-hema-free-and-tpo-free-10ml-cl01-06\/","og_locale":"de_DE","og_type":"article","og_title":"10-Free Gel Nail Polish 10ml | HEMA, HPMA, Toxin Free, Vegan, Soak Off LED Lamp Required - CHROM\u00c9CLAIR","og_description":"Discover our HEMA-Free Gel Nail Polish in 10ml. Achieve a salon-quality, long-lasting manicure at home without the risk of allergies. Our hypoallergenic, vegan formula is rich in pigment, easy to apply, and cures quickly under any LED lamp. Shop over 50 vibrant, trendy colors today!","og_url":"https:\/\/chromeclair.com\/de\/produkt\/gel-polish-hema-free-and-tpo-free-10ml-cl01-06\/","og_site_name":"Cat Eye Gel Polish \u2013 HEMA-Free \uff06 TPO-Free","article_modified_time":"2026-04-13T06:08:06+00:00","og_image":[{"width":800,"height":800,"url":"https:\/\/chromeclair.com\/wp-content\/uploads\/2025\/08\/CL-01.jpg","type":"image\/jpeg"}],"twitter_card":"summary_large_image","twitter_misc":{"Gesch\u00e4tzte Lesezeit":"3\u00a0Minuten"},"schema":{"@context":"https:\/\/schema.org","@graph":[{"@type":"WebPage","@id":"https:\/\/chromeclair.com\/product\/gel-polish-hema-free-and-tpo-free-10ml-cl01-06\/","url":"https:\/\/chromeclair.com\/product\/gel-polish-hema-free-and-tpo-free-10ml-cl01-06\/","name":"10-Free Gel-Nagellack 10ml | HEMA, HPMA, Toxinfrei, Vegan, Soak Off LED Lampe erforderlich - CHROM\u00c9CLAIR","isPartOf":{"@id":"https:\/\/chromeclair.com\/#website"},"primaryImageOfPage":{"@id":"https:\/\/chromeclair.com\/product\/gel-polish-hema-free-and-tpo-free-10ml-cl01-06\/#primaryimage"},"image":{"@id":"https:\/\/chromeclair.com\/product\/gel-polish-hema-free-and-tpo-free-10ml-cl01-06\/#primaryimage"},"thumbnailUrl":"https:\/\/chromeclair.com\/wp-content\/uploads\/2025\/08\/CL-01.jpg","datePublished":"2025-08-20T06:54:31+00:00","dateModified":"2026-04-13T06:08:06+00:00","description":"Entdecken Sie unseren HEMA-freien Gel-Nagellack in 10 ml. Erzielen Sie zu Hause eine lang anhaltende Manik\u00fcre in Salonqualit\u00e4t, ohne das Risiko von Allergien. Unsere hypoallergene, vegane Formel ist reich an Pigmenten, einfach aufzutragen und h\u00e4rtet unter jeder LED-Lampe schnell aus. Kaufen Sie noch heute \u00fcber 50 leuchtende, trendige Farben!","breadcrumb":{"@id":"https:\/\/chromeclair.com\/product\/gel-polish-hema-free-and-tpo-free-10ml-cl01-06\/#breadcrumb"},"inLanguage":"de","potentialAction":[{"@type":"ReadAction","target":["https:\/\/chromeclair.com\/product\/gel-polish-hema-free-and-tpo-free-10ml-cl01-06\/"]}]},{"@type":"ImageObject","inLanguage":"de","@id":"https:\/\/chromeclair.com\/product\/gel-polish-hema-free-and-tpo-free-10ml-cl01-06\/#primaryimage","url":"https:\/\/chromeclair.com\/wp-content\/uploads\/2025\/08\/CL-01.jpg","contentUrl":"https:\/\/chromeclair.com\/wp-content\/uploads\/2025\/08\/CL-01.jpg","width":800,"height":800,"caption":"CL-01"},{"@type":"BreadcrumbList","@id":"https:\/\/chromeclair.com\/product\/gel-polish-hema-free-and-tpo-free-10ml-cl01-06\/#breadcrumb","itemListElement":[{"@type":"ListItem","position":1,"name":"Home","item":"https:\/\/chromeclair.com\/"},{"@type":"ListItem","position":2,"name":"Shop","item":"https:\/\/chromeclair.com\/shop\/"},{"@type":"ListItem","position":3,"name":"Gel Polish HEMA-free and TPO-free 10ML CL01-06"}]},{"@type":"WebSite","@id":"https:\/\/chromeclair.com\/#website","url":"https:\/\/chromeclair.com\/","name":"Cat Eye Gel Polish \u2013 HEMA-frei und TPO-frei","description":"W\u00e4hrend andere sich darauf konzentrieren, mehr Farben anzubieten, konzentrieren wir uns darauf, sicherere Inhaltsstoffe zu verwenden.","publisher":{"@id":"https:\/\/chromeclair.com\/#organization"},"potentialAction":[{"@type":"SearchAction","target":{"@type":"EntryPoint","urlTemplate":"https:\/\/chromeclair.com\/?s={search_term_string}"},"query-input":{"@type":"PropertyValueSpecification","valueRequired":true,"valueName":"search_term_string"}}],"inLanguage":"de"},{"@type":"Organization","@id":"https:\/\/chromeclair.com\/#organization","name":"Cat Eye Gel Polish \u2013 HEMA-frei und TPO-frei","url":"https:\/\/chromeclair.com\/","logo":{"@type":"ImageObject","inLanguage":"de","@id":"https:\/\/chromeclair.com\/#\/schema\/logo\/image\/","url":"https:\/\/chromeclair.com\/wp-content\/uploads\/2025\/06\/cropped-CHROMECLAIR-Logo-scaled-1.png","contentUrl":"https:\/\/chromeclair.com\/wp-content\/uploads\/2025\/06\/cropped-CHROMECLAIR-Logo-scaled-1.png","width":2151,"height":429,"caption":"Cat Eye Gel Polish \u2013 HEMA-Free \uff06 TPO-Free"},"image":{"@id":"https:\/\/chromeclair.com\/#\/schema\/logo\/image\/"}}]}},"_links":{"self":[{"href":"https:\/\/chromeclair.com\/de\/wp-json\/wp\/v2\/product\/8423","targetHints":{"allow":["GET"]}}],"collection":[{"href":"https:\/\/chromeclair.com\/de\/wp-json\/wp\/v2\/product"}],"about":[{"href":"https:\/\/chromeclair.com\/de\/wp-json\/wp\/v2\/types\/product"}],"replies":[{"embeddable":true,"href":"https:\/\/chromeclair.com\/de\/wp-json\/wp\/v2\/comments?post=8423"}],"wp:featuredmedia":[{"embeddable":true,"href":"https:\/\/chromeclair.com\/de\/wp-json\/wp\/v2\/media\/8424"}],"wp:attachment":[{"href":"https:\/\/chromeclair.com\/de\/wp-json\/wp\/v2\/media?parent=8423"}],"wp:term":[{"taxonomy":"product_brand","embeddable":true,"href":"https:\/\/chromeclair.com\/de\/wp-json\/wp\/v2\/product_brand?post=8423"},{"taxonomy":"product_cat","embeddable":true,"href":"https:\/\/chromeclair.com\/de\/wp-json\/wp\/v2\/product_cat?post=8423"},{"taxonomy":"product_tag","embeddable":true,"href":"https:\/\/chromeclair.com\/de\/wp-json\/wp\/v2\/product_tag?post=8423"}],"curies":[{"name":"wp","href":"https:\/\/api.w.org\/{rel}","templated":true}]}}