{"id":8544,"date":"2025-08-23T08:29:13","date_gmt":"2025-08-23T08:29:13","guid":{"rendered":"https:\/\/chromeclair.com\/?post_type=product&#038;p=8544"},"modified":"2026-04-16T03:23:23","modified_gmt":"2026-04-16T03:23:23","slug":"cat-eye-gel-polish-hema-free-and-tpo-free-ce08","status":"publish","type":"product","link":"https:\/\/chromeclair.com\/de\/produkt\/cat-eye-gel-polish-hema-free-and-tpo-free-ce08\/","title":{"rendered":"Katzenaugen-Gelpolitur HEMA-frei und TPO-frei CE08"},"content":{"rendered":"<p><strong>\u274c Haben Sie genug von schwachen Katzenaugen-Effekten? Probieren Sie unseren HEMA-freien Profi-Lack (17 ml) \u274c<\/strong><br>K\u00e4mpfen Sie mit Gel-Allergien oder magnetischen Lacken, die kaum reagieren? Wir haben das Problem gel\u00f6st. Unser 17ml HEMA-freies Cat Eye Gel wurde f\u00fcr eine&nbsp;<strong>starke, sofortige magnetische Anziehungskraft<\/strong>&nbsp;der jedes Mal einen lebendigen 3D-Effekt erzeugt, w\u00e4hrend seine hypoallergene Formel Ihre Nagelgesundheit sch\u00fctzt.<br><strong>Die L\u00f6sung, auf die Sie gewartet haben:<\/strong><\/p>\n\n\n\n<ul class=\"wp-block-list\">\n<li><strong>Problem:<\/strong>\u00a0Schwache magnetische Wirkung.\u00a0<strong>L\u00f6sung:<\/strong>\u00a0Hoher Eisenoxidgehalt f\u00fcr eine schnelle, intensive Reaktion.<\/li>\n\n\n\n<li><strong>Problem:<\/strong>\u00a0Sorgen \u00fcber Allergien.\u00a0<strong>L\u00f6sung:<\/strong>\u00a0100% HEMA- und HPMA-freie, hypoallergene Formel.<\/li>\n\n\n\n<li><strong>Problem:<\/strong>\u00a0Kleine Flaschen.\u00a0<strong>L\u00f6sung:<\/strong>\u00a0Gro\u00dfes 17-ml-Profi-Format f\u00fcr mehr Wert.<\/li>\n\n\n\n<li><strong>Problem:<\/strong>\u00a0Stumpfes Finish.\u00a0<strong>L\u00f6sung:<\/strong>\u00a0Ein brillanter, wischfester Decklack mit lang anhaltendem Glanz.<br><strong>Machen Sie keine Kompromisse mehr. Verbessern Sie Ihr Nailart-Erlebnis mit einem Lack, der h\u00e4lt, was er verspricht.<\/strong><\/li>\n<\/ul>","protected":false},"excerpt":{"rendered":"<p>Erfordert die Verwendung einer UV- oder LED-Lampe<\/p>","protected":false},"featured_media":8545,"comment_status":"open","ping_status":"closed","template":"","meta":[],"product_brand":[162],"product_cat":[179],"product_tag":[],"class_list":{"0":"post-8544","1":"product","2":"type-product","3":"status-publish","4":"has-post-thumbnail","6":"product_brand-chromeclair","7":"product_cat-cat-eye-gel-polish","9":"first","10":"instock","11":"sale","12":"shipping-taxable","13":"purchasable","14":"product-type-simple"},"yoast_head":"<!-- This site is optimized with the Yoast SEO plugin v26.4 - https:\/\/yoast.com\/wordpress\/plugins\/seo\/ -->\n<title>10-Free HEMA Free Cat Eye Gel Polish 17ml - Hypoallergenic, Vegan, Non-Toxic Magnetic Nail Art Polish - CHROM\u00c9CLAIR<\/title>\n<meta name=\"description\" content=\"Dazzle for weeks! Our HEMA-Free Cat Eye Gel isn&#039;t just stunning; it&#039;s incredibly durable. The chip-resistant, high-gloss formula locks in the magnetic effect for a manicure that stays vibrant and perfect.\" \/>\n<meta name=\"robots\" content=\"index, follow, max-snippet:-1, max-image-preview:large, max-video-preview:-1\" \/>\n<link rel=\"canonical\" href=\"https:\/\/chromeclair.com\/de\/produkt\/cat-eye-gel-polish-hema-free-and-tpo-free-ce08\/\" \/>\n<meta property=\"og:locale\" content=\"de_DE\" \/>\n<meta property=\"og:type\" content=\"article\" \/>\n<meta property=\"og:title\" content=\"10-Free HEMA Free Cat Eye Gel Polish 17ml - Hypoallergenic, Vegan, Non-Toxic Magnetic Nail Art Polish - CHROM\u00c9CLAIR\" \/>\n<meta property=\"og:description\" content=\"Dazzle for weeks! Our HEMA-Free Cat Eye Gel isn&#039;t just stunning; it&#039;s incredibly durable. The chip-resistant, high-gloss formula locks in the magnetic effect for a manicure that stays vibrant and perfect.\" \/>\n<meta property=\"og:url\" content=\"https:\/\/chromeclair.com\/de\/produkt\/cat-eye-gel-polish-hema-free-and-tpo-free-ce08\/\" \/>\n<meta property=\"og:site_name\" content=\"Cat Eye Gel Polish \u2013 HEMA-Free \uff06 TPO-Free\" \/>\n<meta property=\"article:modified_time\" content=\"2026-04-16T03:23:23+00:00\" \/>\n<meta property=\"og:image\" content=\"https:\/\/chromeclair.com\/wp-content\/uploads\/2025\/08\/CE-08.jpg\" \/>\n\t<meta property=\"og:image:width\" content=\"800\" \/>\n\t<meta property=\"og:image:height\" content=\"800\" \/>\n\t<meta property=\"og:image:type\" content=\"image\/jpeg\" \/>\n<meta name=\"twitter:card\" content=\"summary_large_image\" \/>\n<meta name=\"twitter:label1\" content=\"Gesch\u00e4tzte Lesezeit\" \/>\n\t<meta name=\"twitter:data1\" content=\"1\u00a0Minute\" \/>\n<script type=\"application\/ld+json\" class=\"yoast-schema-graph\">{\"@context\":\"https:\/\/schema.org\",\"@graph\":[{\"@type\":\"WebPage\",\"@id\":\"https:\/\/chromeclair.com\/product\/cat-eye-gel-polish-hema-free-and-tpo-free-ce08\/\",\"url\":\"https:\/\/chromeclair.com\/product\/cat-eye-gel-polish-hema-free-and-tpo-free-ce08\/\",\"name\":\"10-Free HEMA Free Cat Eye Gel Polish 17ml - Hypoallergenic, Vegan, Non-Toxic Magnetic Nail Art Polish - CHROM\u00c9CLAIR\",\"isPartOf\":{\"@id\":\"https:\/\/chromeclair.com\/#website\"},\"primaryImageOfPage\":{\"@id\":\"https:\/\/chromeclair.com\/product\/cat-eye-gel-polish-hema-free-and-tpo-free-ce08\/#primaryimage\"},\"image\":{\"@id\":\"https:\/\/chromeclair.com\/product\/cat-eye-gel-polish-hema-free-and-tpo-free-ce08\/#primaryimage\"},\"thumbnailUrl\":\"https:\/\/chromeclair.com\/wp-content\/uploads\/2025\/08\/CE-08.jpg\",\"datePublished\":\"2025-08-23T08:29:13+00:00\",\"dateModified\":\"2026-04-16T03:23:23+00:00\",\"description\":\"Dazzle for weeks! Our HEMA-Free Cat Eye Gel isn't just stunning; it's incredibly durable. The chip-resistant, high-gloss formula locks in the magnetic effect for a manicure that stays vibrant and perfect.\",\"breadcrumb\":{\"@id\":\"https:\/\/chromeclair.com\/product\/cat-eye-gel-polish-hema-free-and-tpo-free-ce08\/#breadcrumb\"},\"inLanguage\":\"de\",\"potentialAction\":[{\"@type\":\"ReadAction\",\"target\":[\"https:\/\/chromeclair.com\/product\/cat-eye-gel-polish-hema-free-and-tpo-free-ce08\/\"]}]},{\"@type\":\"ImageObject\",\"inLanguage\":\"de\",\"@id\":\"https:\/\/chromeclair.com\/product\/cat-eye-gel-polish-hema-free-and-tpo-free-ce08\/#primaryimage\",\"url\":\"https:\/\/chromeclair.com\/wp-content\/uploads\/2025\/08\/CE-08.jpg\",\"contentUrl\":\"https:\/\/chromeclair.com\/wp-content\/uploads\/2025\/08\/CE-08.jpg\",\"width\":800,\"height\":800,\"caption\":\"Cat eye gel polish CE-08 CHROM\u00c9CLAIR\"},{\"@type\":\"BreadcrumbList\",\"@id\":\"https:\/\/chromeclair.com\/product\/cat-eye-gel-polish-hema-free-and-tpo-free-ce08\/#breadcrumb\",\"itemListElement\":[{\"@type\":\"ListItem\",\"position\":1,\"name\":\"Home\",\"item\":\"https:\/\/chromeclair.com\/\"},{\"@type\":\"ListItem\",\"position\":2,\"name\":\"Shop\",\"item\":\"https:\/\/chromeclair.com\/shop\/\"},{\"@type\":\"ListItem\",\"position\":3,\"name\":\"Cat Eye Gel Polish HEMA-Free and TPO-Free CE08\"}]},{\"@type\":\"WebSite\",\"@id\":\"https:\/\/chromeclair.com\/#website\",\"url\":\"https:\/\/chromeclair.com\/\",\"name\":\"Cat Eye Gel Polish \u2013 HEMA-Free \uff06 TPO-Free\",\"description\":\"While others focus on having more colors, we focus on having safer ingredients.\",\"publisher\":{\"@id\":\"https:\/\/chromeclair.com\/#organization\"},\"potentialAction\":[{\"@type\":\"SearchAction\",\"target\":{\"@type\":\"EntryPoint\",\"urlTemplate\":\"https:\/\/chromeclair.com\/?s={search_term_string}\"},\"query-input\":{\"@type\":\"PropertyValueSpecification\",\"valueRequired\":true,\"valueName\":\"search_term_string\"}}],\"inLanguage\":\"de\"},{\"@type\":\"Organization\",\"@id\":\"https:\/\/chromeclair.com\/#organization\",\"name\":\"Cat Eye Gel Polish \u2013 HEMA-Free \uff06 TPO-Free\",\"url\":\"https:\/\/chromeclair.com\/\",\"logo\":{\"@type\":\"ImageObject\",\"inLanguage\":\"de\",\"@id\":\"https:\/\/chromeclair.com\/#\/schema\/logo\/image\/\",\"url\":\"https:\/\/chromeclair.com\/wp-content\/uploads\/2025\/06\/cropped-CHROMECLAIR-Logo-scaled-1.png\",\"contentUrl\":\"https:\/\/chromeclair.com\/wp-content\/uploads\/2025\/06\/cropped-CHROMECLAIR-Logo-scaled-1.png\",\"width\":2151,\"height\":429,\"caption\":\"Cat Eye Gel Polish \u2013 HEMA-Free \uff06 TPO-Free\"},\"image\":{\"@id\":\"https:\/\/chromeclair.com\/#\/schema\/logo\/image\/\"}}]}<\/script>\n<!-- \/ Yoast SEO plugin. -->","yoast_head_json":{"title":"10-Free HEMA Free Cat Eye Gel Polish 17ml - Hypoallergen, Vegan, Non-Toxic Magnetic Nail Art Polish - CHROM\u00c9CLAIR","description":"Funkeln Sie wochenlang! Unser HEMA-freies Cat Eye Gel ist nicht nur atemberaubend, sondern auch unglaublich haltbar. Die splitterfreie, hochgl\u00e4nzende Formel sorgt f\u00fcr einen magnetischen Effekt und damit f\u00fcr eine strahlende und perfekte Manik\u00fcre.","robots":{"index":"index","follow":"follow","max-snippet":"max-snippet:-1","max-image-preview":"max-image-preview:large","max-video-preview":"max-video-preview:-1"},"canonical":"https:\/\/chromeclair.com\/de\/produkt\/cat-eye-gel-polish-hema-free-and-tpo-free-ce08\/","og_locale":"de_DE","og_type":"article","og_title":"10-Free HEMA Free Cat Eye Gel Polish 17ml - Hypoallergenic, Vegan, Non-Toxic Magnetic Nail Art Polish - CHROM\u00c9CLAIR","og_description":"Dazzle for weeks! Our HEMA-Free Cat Eye Gel isn't just stunning; it's incredibly durable. The chip-resistant, high-gloss formula locks in the magnetic effect for a manicure that stays vibrant and perfect.","og_url":"https:\/\/chromeclair.com\/de\/produkt\/cat-eye-gel-polish-hema-free-and-tpo-free-ce08\/","og_site_name":"Cat Eye Gel Polish \u2013 HEMA-Free \uff06 TPO-Free","article_modified_time":"2026-04-16T03:23:23+00:00","og_image":[{"width":800,"height":800,"url":"https:\/\/chromeclair.com\/wp-content\/uploads\/2025\/08\/CE-08.jpg","type":"image\/jpeg"}],"twitter_card":"summary_large_image","twitter_misc":{"Gesch\u00e4tzte Lesezeit":"1\u00a0Minute"},"schema":{"@context":"https:\/\/schema.org","@graph":[{"@type":"WebPage","@id":"https:\/\/chromeclair.com\/product\/cat-eye-gel-polish-hema-free-and-tpo-free-ce08\/","url":"https:\/\/chromeclair.com\/product\/cat-eye-gel-polish-hema-free-and-tpo-free-ce08\/","name":"10-Free HEMA Free Cat Eye Gel Polish 17ml - Hypoallergen, Vegan, Non-Toxic Magnetic Nail Art Polish - CHROM\u00c9CLAIR","isPartOf":{"@id":"https:\/\/chromeclair.com\/#website"},"primaryImageOfPage":{"@id":"https:\/\/chromeclair.com\/product\/cat-eye-gel-polish-hema-free-and-tpo-free-ce08\/#primaryimage"},"image":{"@id":"https:\/\/chromeclair.com\/product\/cat-eye-gel-polish-hema-free-and-tpo-free-ce08\/#primaryimage"},"thumbnailUrl":"https:\/\/chromeclair.com\/wp-content\/uploads\/2025\/08\/CE-08.jpg","datePublished":"2025-08-23T08:29:13+00:00","dateModified":"2026-04-16T03:23:23+00:00","description":"Funkeln Sie wochenlang! Unser HEMA-freies Cat Eye Gel ist nicht nur atemberaubend, sondern auch unglaublich haltbar. Die splitterfreie, hochgl\u00e4nzende Formel sorgt f\u00fcr einen magnetischen Effekt und damit f\u00fcr eine strahlende und perfekte Manik\u00fcre.","breadcrumb":{"@id":"https:\/\/chromeclair.com\/product\/cat-eye-gel-polish-hema-free-and-tpo-free-ce08\/#breadcrumb"},"inLanguage":"de","potentialAction":[{"@type":"ReadAction","target":["https:\/\/chromeclair.com\/product\/cat-eye-gel-polish-hema-free-and-tpo-free-ce08\/"]}]},{"@type":"ImageObject","inLanguage":"de","@id":"https:\/\/chromeclair.com\/product\/cat-eye-gel-polish-hema-free-and-tpo-free-ce08\/#primaryimage","url":"https:\/\/chromeclair.com\/wp-content\/uploads\/2025\/08\/CE-08.jpg","contentUrl":"https:\/\/chromeclair.com\/wp-content\/uploads\/2025\/08\/CE-08.jpg","width":800,"height":800,"caption":"Cat eye gel polish CE-08 CHROM\u00c9CLAIR"},{"@type":"BreadcrumbList","@id":"https:\/\/chromeclair.com\/product\/cat-eye-gel-polish-hema-free-and-tpo-free-ce08\/#breadcrumb","itemListElement":[{"@type":"ListItem","position":1,"name":"Home","item":"https:\/\/chromeclair.com\/"},{"@type":"ListItem","position":2,"name":"Shop","item":"https:\/\/chromeclair.com\/shop\/"},{"@type":"ListItem","position":3,"name":"Cat Eye Gel Polish HEMA-Free and TPO-Free CE08"}]},{"@type":"WebSite","@id":"https:\/\/chromeclair.com\/#website","url":"https:\/\/chromeclair.com\/","name":"Cat Eye Gel Polish \u2013 HEMA-frei und TPO-frei","description":"W\u00e4hrend andere sich darauf konzentrieren, mehr Farben anzubieten, konzentrieren wir uns darauf, sicherere Inhaltsstoffe zu verwenden.","publisher":{"@id":"https:\/\/chromeclair.com\/#organization"},"potentialAction":[{"@type":"SearchAction","target":{"@type":"EntryPoint","urlTemplate":"https:\/\/chromeclair.com\/?s={search_term_string}"},"query-input":{"@type":"PropertyValueSpecification","valueRequired":true,"valueName":"search_term_string"}}],"inLanguage":"de"},{"@type":"Organization","@id":"https:\/\/chromeclair.com\/#organization","name":"Cat Eye Gel Polish \u2013 HEMA-frei und TPO-frei","url":"https:\/\/chromeclair.com\/","logo":{"@type":"ImageObject","inLanguage":"de","@id":"https:\/\/chromeclair.com\/#\/schema\/logo\/image\/","url":"https:\/\/chromeclair.com\/wp-content\/uploads\/2025\/06\/cropped-CHROMECLAIR-Logo-scaled-1.png","contentUrl":"https:\/\/chromeclair.com\/wp-content\/uploads\/2025\/06\/cropped-CHROMECLAIR-Logo-scaled-1.png","width":2151,"height":429,"caption":"Cat Eye Gel Polish \u2013 HEMA-Free \uff06 TPO-Free"},"image":{"@id":"https:\/\/chromeclair.com\/#\/schema\/logo\/image\/"}}]}},"_links":{"self":[{"href":"https:\/\/chromeclair.com\/de\/wp-json\/wp\/v2\/product\/8544","targetHints":{"allow":["GET"]}}],"collection":[{"href":"https:\/\/chromeclair.com\/de\/wp-json\/wp\/v2\/product"}],"about":[{"href":"https:\/\/chromeclair.com\/de\/wp-json\/wp\/v2\/types\/product"}],"replies":[{"embeddable":true,"href":"https:\/\/chromeclair.com\/de\/wp-json\/wp\/v2\/comments?post=8544"}],"wp:featuredmedia":[{"embeddable":true,"href":"https:\/\/chromeclair.com\/de\/wp-json\/wp\/v2\/media\/8545"}],"wp:attachment":[{"href":"https:\/\/chromeclair.com\/de\/wp-json\/wp\/v2\/media?parent=8544"}],"wp:term":[{"taxonomy":"product_brand","embeddable":true,"href":"https:\/\/chromeclair.com\/de\/wp-json\/wp\/v2\/product_brand?post=8544"},{"taxonomy":"product_cat","embeddable":true,"href":"https:\/\/chromeclair.com\/de\/wp-json\/wp\/v2\/product_cat?post=8544"},{"taxonomy":"product_tag","embeddable":true,"href":"https:\/\/chromeclair.com\/de\/wp-json\/wp\/v2\/product_tag?post=8544"}],"curies":[{"name":"wp","href":"https:\/\/api.w.org\/{rel}","templated":true}]}}