{"id":8993,"date":"2025-09-05T07:42:22","date_gmt":"2025-09-05T07:42:22","guid":{"rendered":"https:\/\/chromeclair.com\/?post_type=product&#038;p=8993"},"modified":"2026-04-13T06:01:25","modified_gmt":"2026-04-13T06:01:25","slug":"10ml-cat-eye-gel-polish-ce02","status":"publish","type":"product","link":"https:\/\/chromeclair.com\/de\/produkt\/10ml-cat-eye-gel-polish-ce02\/","title":{"rendered":"10ML Katzenaugen-Gel Polish HEMA- und TPO-frei CE02"},"content":{"rendered":"<p><strong>\ud83c\udf1f Mehr als HEMA-frei: Warum es wichtig ist, TPO-frei zu sein. \ud83c\udf1f<\/strong><br>Sie haben schon von HEMA-Free geh\u00f6rt, aber die n\u00e4chste Stufe der sicheren Geln\u00e4gel ist\u00a0<strong>TPO-frei<\/strong>. Triphenylphosphat (TPO) ist ein Weichmacher, der h\u00e4ufig in Gelpolituren verwendet wird und gesundheitliche Bedenken hervorgerufen hat. Wir haben beides eliminiert. Unser 10-ml-Katzenaugen-Gel ist nicht nur sicherer, es ist auch ein Versprechen f\u00fcr Reinheit. Tauchen Sie ein in ein Spektrum leuchtender Farben und einen atemberaubenden Magneteffekt, der durch unser Engagement f\u00fcr Transparenz und Ihr Wohlbefinden unterst\u00fctzt wird. Das ist Nagelkunst, weiterentwickelt.<\/p>\n\n\n\n<p><strong>\u00a0<strong>\ud83c\udf1f <\/strong>SCHL\u00dcSSELVORTEILE:<\/strong><\/p>\n\n\n\n<ul class=\"wp-block-list\">\n<li><strong>\u00a0ULTIMATIVER SCHUTZ VOR ALLERGIEN:<\/strong>\u00a0Unsere HEMA- und TPO-freie Formel reduziert das Risiko von unerw\u00fcnschten Reaktionen drastisch und macht es zur zuverl\u00e4ssigen Wahl f\u00fcr Nageltechniker und Kunden mit Empfindlichkeiten.<\/li>\n\n\n\n<li><strong>\u00a0INTENSIVER 3D-MAGNETEFFEKT:<\/strong>\u00a0Durch die hohe Konzentration von Eisenoxid reagiert unser Lack sofort auf den Magneten und erzeugt einen scharfen, tiefen und dramatischen Katzenaugeneffekt, der lange anh\u00e4lt.<\/li>\n\n\n\n<li><strong>\u00a0PROFESSIONELLE 10ML GR\u00d6SSE:<\/strong>\u00a0Die perfekte Gr\u00f6\u00dfe f\u00fcr professionelle Nagelstudios und engagierte Heimwerker. Bietet ein hervorragendes Preis-Leistungs-Verh\u00e4ltnis und ist ideal, um komplizierte Nailart-Designs zu meistern.<\/li>\n\n\n\n<li><strong>\u00a0HOCHGL\u00c4NZENDE, SPANABHEBENDE OBERFL\u00c4CHE:<\/strong>\u00a0H\u00e4rtet zu einem tadellosen, wischfesten Spiegelglanz aus, der bis zu 3 Wochen lang gegen Absplittern, Kratzen und Verblassen best\u00e4ndig ist.<\/li>\n\n\n\n<li><strong>\u00a0VEGAN &amp; GRAUSAM-FREI:<\/strong>\u00a0Zertifiziert von PETA. Wir f\u00fchren keine Tierversuche durch, und unsere Produkte enthalten keine tierischen Inhaltsstoffe.<br><strong>PERFEKT F\u00dcR:<\/strong>\u00a0Professionelle Salons, Personen mit Gelallergien, empfindlicher Haut und alle, die Wert auf saubere Sch\u00f6nheit legen, ohne auf Leistung zu verzichten.<\/li>\n<\/ul>","protected":false},"excerpt":{"rendered":"<p>Erfordert die Verwendung einer UV- oder LED-Lampe<\/p>","protected":false},"featured_media":10425,"comment_status":"open","ping_status":"closed","template":"","meta":[],"product_brand":[162],"product_cat":[209],"product_tag":[],"class_list":{"0":"post-8993","1":"product","2":"type-product","3":"status-publish","4":"has-post-thumbnail","6":"product_brand-chromeclair","7":"product_cat-cat-eye-gel-polish-10ml","9":"first","10":"instock","11":"shipping-taxable","12":"purchasable","13":"product-type-simple"},"yoast_head":"<!-- This site is optimized with the Yoast SEO plugin v26.4 - https:\/\/yoast.com\/wordpress\/plugins\/seo\/ -->\n<title>Professional HEMA\/TPO Free Cat Eye Gel 10ml - For Salons &amp; Sensitive Clients, Strong Magnetic Pull - CHROM\u00c9CLAIR<\/title>\n<meta name=\"description\" content=\"Salon-professional cat eye gel polish that&#039;s safe for everyone. HEMA &amp; TPO Free formula prevents allergic reactions. 10ml size for pros. Achieve a fast, intense magnetic effect every time. Browse colors.\" \/>\n<meta name=\"robots\" content=\"index, follow, max-snippet:-1, max-image-preview:large, max-video-preview:-1\" \/>\n<link rel=\"canonical\" href=\"https:\/\/chromeclair.com\/de\/produkt\/10ml-cat-eye-gel-polish-ce02\/\" \/>\n<meta property=\"og:locale\" content=\"de_DE\" \/>\n<meta property=\"og:type\" content=\"article\" \/>\n<meta property=\"og:title\" content=\"Professional HEMA\/TPO Free Cat Eye Gel 10ml - For Salons &amp; Sensitive Clients, Strong Magnetic Pull - CHROM\u00c9CLAIR\" \/>\n<meta property=\"og:description\" content=\"Salon-professional cat eye gel polish that&#039;s safe for everyone. HEMA &amp; TPO Free formula prevents allergic reactions. 10ml size for pros. Achieve a fast, intense magnetic effect every time. Browse colors.\" \/>\n<meta property=\"og:url\" content=\"https:\/\/chromeclair.com\/de\/produkt\/10ml-cat-eye-gel-polish-ce02\/\" \/>\n<meta property=\"og:site_name\" content=\"Cat Eye Gel Polish \u2013 HEMA-Free \uff06 TPO-Free\" \/>\n<meta property=\"article:modified_time\" content=\"2026-04-13T06:01:25+00:00\" \/>\n<meta property=\"og:image\" content=\"https:\/\/chromeclair.com\/wp-content\/uploads\/2025\/09\/CE-2.webp\" \/>\n\t<meta property=\"og:image:width\" content=\"1000\" \/>\n\t<meta property=\"og:image:height\" content=\"1000\" \/>\n\t<meta property=\"og:image:type\" content=\"image\/webp\" \/>\n<meta name=\"twitter:card\" content=\"summary_large_image\" \/>\n<meta name=\"twitter:label1\" content=\"Gesch\u00e4tzte Lesezeit\" \/>\n\t<meta name=\"twitter:data1\" content=\"1\u00a0Minute\" \/>\n<script type=\"application\/ld+json\" class=\"yoast-schema-graph\">{\"@context\":\"https:\/\/schema.org\",\"@graph\":[{\"@type\":\"WebPage\",\"@id\":\"https:\/\/chromeclair.com\/product\/10ml-cat-eye-gel-polish-ce02\/\",\"url\":\"https:\/\/chromeclair.com\/product\/10ml-cat-eye-gel-polish-ce02\/\",\"name\":\"Professional HEMA\/TPO Free Cat Eye Gel 10ml - For Salons & Sensitive Clients, Strong Magnetic Pull - CHROM\u00c9CLAIR\",\"isPartOf\":{\"@id\":\"https:\/\/chromeclair.com\/#website\"},\"primaryImageOfPage\":{\"@id\":\"https:\/\/chromeclair.com\/product\/10ml-cat-eye-gel-polish-ce02\/#primaryimage\"},\"image\":{\"@id\":\"https:\/\/chromeclair.com\/product\/10ml-cat-eye-gel-polish-ce02\/#primaryimage\"},\"thumbnailUrl\":\"https:\/\/chromeclair.com\/wp-content\/uploads\/2025\/09\/CE-2.webp\",\"datePublished\":\"2025-09-05T07:42:22+00:00\",\"dateModified\":\"2026-04-13T06:01:25+00:00\",\"description\":\"Salon-professional cat eye gel polish that's safe for everyone. HEMA & TPO Free formula prevents allergic reactions. 10ml size for pros. Achieve a fast, intense magnetic effect every time. Browse colors.\",\"breadcrumb\":{\"@id\":\"https:\/\/chromeclair.com\/product\/10ml-cat-eye-gel-polish-ce02\/#breadcrumb\"},\"inLanguage\":\"de\",\"potentialAction\":[{\"@type\":\"ReadAction\",\"target\":[\"https:\/\/chromeclair.com\/product\/10ml-cat-eye-gel-polish-ce02\/\"]}]},{\"@type\":\"ImageObject\",\"inLanguage\":\"de\",\"@id\":\"https:\/\/chromeclair.com\/product\/10ml-cat-eye-gel-polish-ce02\/#primaryimage\",\"url\":\"https:\/\/chromeclair.com\/wp-content\/uploads\/2025\/09\/CE-2.webp\",\"contentUrl\":\"https:\/\/chromeclair.com\/wp-content\/uploads\/2025\/09\/CE-2.webp\",\"width\":1000,\"height\":1000,\"caption\":\"Hema-Free Tpo-Free Cat Eye Gel Polish CE02 10ml CHROM\u00c9CLAIR\"},{\"@type\":\"BreadcrumbList\",\"@id\":\"https:\/\/chromeclair.com\/product\/10ml-cat-eye-gel-polish-ce02\/#breadcrumb\",\"itemListElement\":[{\"@type\":\"ListItem\",\"position\":1,\"name\":\"Home\",\"item\":\"https:\/\/chromeclair.com\/\"},{\"@type\":\"ListItem\",\"position\":2,\"name\":\"Shop\",\"item\":\"https:\/\/chromeclair.com\/shop\/\"},{\"@type\":\"ListItem\",\"position\":3,\"name\":\"10ML Cat Eye Gel Polish HEMA-Free and TPO-Free CE02\"}]},{\"@type\":\"WebSite\",\"@id\":\"https:\/\/chromeclair.com\/#website\",\"url\":\"https:\/\/chromeclair.com\/\",\"name\":\"Cat Eye Gel Polish \u2013 HEMA-Free \uff06 TPO-Free\",\"description\":\"While others focus on having more colors, we focus on having safer ingredients.\",\"publisher\":{\"@id\":\"https:\/\/chromeclair.com\/#organization\"},\"potentialAction\":[{\"@type\":\"SearchAction\",\"target\":{\"@type\":\"EntryPoint\",\"urlTemplate\":\"https:\/\/chromeclair.com\/?s={search_term_string}\"},\"query-input\":{\"@type\":\"PropertyValueSpecification\",\"valueRequired\":true,\"valueName\":\"search_term_string\"}}],\"inLanguage\":\"de\"},{\"@type\":\"Organization\",\"@id\":\"https:\/\/chromeclair.com\/#organization\",\"name\":\"Cat Eye Gel Polish \u2013 HEMA-Free \uff06 TPO-Free\",\"url\":\"https:\/\/chromeclair.com\/\",\"logo\":{\"@type\":\"ImageObject\",\"inLanguage\":\"de\",\"@id\":\"https:\/\/chromeclair.com\/#\/schema\/logo\/image\/\",\"url\":\"https:\/\/chromeclair.com\/wp-content\/uploads\/2025\/06\/cropped-CHROMECLAIR-Logo-scaled-1.png\",\"contentUrl\":\"https:\/\/chromeclair.com\/wp-content\/uploads\/2025\/06\/cropped-CHROMECLAIR-Logo-scaled-1.png\",\"width\":2151,\"height\":429,\"caption\":\"Cat Eye Gel Polish \u2013 HEMA-Free \uff06 TPO-Free\"},\"image\":{\"@id\":\"https:\/\/chromeclair.com\/#\/schema\/logo\/image\/\"}}]}<\/script>\n<!-- \/ Yoast SEO plugin. -->","yoast_head_json":{"title":"Professionelles HEMA\/TPO-freies Katzenaugen-Gel 10ml - F\u00fcr Salons &amp; empfindliche Kunden, starke magnetische Anziehungskraft - CHROM\u00c9CLAIR","description":"Professioneller Gel-Lack f\u00fcr Katzenaugen, der f\u00fcr jeden sicher ist. Die HEMA- und TPO-freie Formel verhindert allergische Reaktionen. 10ml Gr\u00f6\u00dfe f\u00fcr Profis. Erzielen Sie jedes Mal einen schnellen, intensiven Magneteffekt. Farben durchsuchen.","robots":{"index":"index","follow":"follow","max-snippet":"max-snippet:-1","max-image-preview":"max-image-preview:large","max-video-preview":"max-video-preview:-1"},"canonical":"https:\/\/chromeclair.com\/de\/produkt\/10ml-cat-eye-gel-polish-ce02\/","og_locale":"de_DE","og_type":"article","og_title":"Professional HEMA\/TPO Free Cat Eye Gel 10ml - For Salons & Sensitive Clients, Strong Magnetic Pull - CHROM\u00c9CLAIR","og_description":"Salon-professional cat eye gel polish that's safe for everyone. HEMA & TPO Free formula prevents allergic reactions. 10ml size for pros. Achieve a fast, intense magnetic effect every time. Browse colors.","og_url":"https:\/\/chromeclair.com\/de\/produkt\/10ml-cat-eye-gel-polish-ce02\/","og_site_name":"Cat Eye Gel Polish \u2013 HEMA-Free \uff06 TPO-Free","article_modified_time":"2026-04-13T06:01:25+00:00","og_image":[{"width":1000,"height":1000,"url":"https:\/\/chromeclair.com\/wp-content\/uploads\/2025\/09\/CE-2.webp","type":"image\/webp"}],"twitter_card":"summary_large_image","twitter_misc":{"Gesch\u00e4tzte Lesezeit":"1\u00a0Minute"},"schema":{"@context":"https:\/\/schema.org","@graph":[{"@type":"WebPage","@id":"https:\/\/chromeclair.com\/product\/10ml-cat-eye-gel-polish-ce02\/","url":"https:\/\/chromeclair.com\/product\/10ml-cat-eye-gel-polish-ce02\/","name":"Professionelles HEMA\/TPO-freies Katzenaugen-Gel 10ml - F\u00fcr Salons &amp; empfindliche Kunden, starke magnetische Anziehungskraft - CHROM\u00c9CLAIR","isPartOf":{"@id":"https:\/\/chromeclair.com\/#website"},"primaryImageOfPage":{"@id":"https:\/\/chromeclair.com\/product\/10ml-cat-eye-gel-polish-ce02\/#primaryimage"},"image":{"@id":"https:\/\/chromeclair.com\/product\/10ml-cat-eye-gel-polish-ce02\/#primaryimage"},"thumbnailUrl":"https:\/\/chromeclair.com\/wp-content\/uploads\/2025\/09\/CE-2.webp","datePublished":"2025-09-05T07:42:22+00:00","dateModified":"2026-04-13T06:01:25+00:00","description":"Professioneller Gel-Lack f\u00fcr Katzenaugen, der f\u00fcr jeden sicher ist. Die HEMA- und TPO-freie Formel verhindert allergische Reaktionen. 10ml Gr\u00f6\u00dfe f\u00fcr Profis. Erzielen Sie jedes Mal einen schnellen, intensiven Magneteffekt. Farben durchsuchen.","breadcrumb":{"@id":"https:\/\/chromeclair.com\/product\/10ml-cat-eye-gel-polish-ce02\/#breadcrumb"},"inLanguage":"de","potentialAction":[{"@type":"ReadAction","target":["https:\/\/chromeclair.com\/product\/10ml-cat-eye-gel-polish-ce02\/"]}]},{"@type":"ImageObject","inLanguage":"de","@id":"https:\/\/chromeclair.com\/product\/10ml-cat-eye-gel-polish-ce02\/#primaryimage","url":"https:\/\/chromeclair.com\/wp-content\/uploads\/2025\/09\/CE-2.webp","contentUrl":"https:\/\/chromeclair.com\/wp-content\/uploads\/2025\/09\/CE-2.webp","width":1000,"height":1000,"caption":"Hema-Free Tpo-Free Cat Eye Gel Polish CE02 10ml CHROM\u00c9CLAIR"},{"@type":"BreadcrumbList","@id":"https:\/\/chromeclair.com\/product\/10ml-cat-eye-gel-polish-ce02\/#breadcrumb","itemListElement":[{"@type":"ListItem","position":1,"name":"Home","item":"https:\/\/chromeclair.com\/"},{"@type":"ListItem","position":2,"name":"Shop","item":"https:\/\/chromeclair.com\/shop\/"},{"@type":"ListItem","position":3,"name":"10ML Cat Eye Gel Polish HEMA-Free and TPO-Free CE02"}]},{"@type":"WebSite","@id":"https:\/\/chromeclair.com\/#website","url":"https:\/\/chromeclair.com\/","name":"Cat Eye Gel Polish \u2013 HEMA-frei und TPO-frei","description":"W\u00e4hrend andere sich darauf konzentrieren, mehr Farben anzubieten, konzentrieren wir uns darauf, sicherere Inhaltsstoffe zu verwenden.","publisher":{"@id":"https:\/\/chromeclair.com\/#organization"},"potentialAction":[{"@type":"SearchAction","target":{"@type":"EntryPoint","urlTemplate":"https:\/\/chromeclair.com\/?s={search_term_string}"},"query-input":{"@type":"PropertyValueSpecification","valueRequired":true,"valueName":"search_term_string"}}],"inLanguage":"de"},{"@type":"Organization","@id":"https:\/\/chromeclair.com\/#organization","name":"Cat Eye Gel Polish \u2013 HEMA-frei und TPO-frei","url":"https:\/\/chromeclair.com\/","logo":{"@type":"ImageObject","inLanguage":"de","@id":"https:\/\/chromeclair.com\/#\/schema\/logo\/image\/","url":"https:\/\/chromeclair.com\/wp-content\/uploads\/2025\/06\/cropped-CHROMECLAIR-Logo-scaled-1.png","contentUrl":"https:\/\/chromeclair.com\/wp-content\/uploads\/2025\/06\/cropped-CHROMECLAIR-Logo-scaled-1.png","width":2151,"height":429,"caption":"Cat Eye Gel Polish \u2013 HEMA-Free \uff06 TPO-Free"},"image":{"@id":"https:\/\/chromeclair.com\/#\/schema\/logo\/image\/"}}]}},"_links":{"self":[{"href":"https:\/\/chromeclair.com\/de\/wp-json\/wp\/v2\/product\/8993","targetHints":{"allow":["GET"]}}],"collection":[{"href":"https:\/\/chromeclair.com\/de\/wp-json\/wp\/v2\/product"}],"about":[{"href":"https:\/\/chromeclair.com\/de\/wp-json\/wp\/v2\/types\/product"}],"replies":[{"embeddable":true,"href":"https:\/\/chromeclair.com\/de\/wp-json\/wp\/v2\/comments?post=8993"}],"wp:featuredmedia":[{"embeddable":true,"href":"https:\/\/chromeclair.com\/de\/wp-json\/wp\/v2\/media\/10425"}],"wp:attachment":[{"href":"https:\/\/chromeclair.com\/de\/wp-json\/wp\/v2\/media?parent=8993"}],"wp:term":[{"taxonomy":"product_brand","embeddable":true,"href":"https:\/\/chromeclair.com\/de\/wp-json\/wp\/v2\/product_brand?post=8993"},{"taxonomy":"product_cat","embeddable":true,"href":"https:\/\/chromeclair.com\/de\/wp-json\/wp\/v2\/product_cat?post=8993"},{"taxonomy":"product_tag","embeddable":true,"href":"https:\/\/chromeclair.com\/de\/wp-json\/wp\/v2\/product_tag?post=8993"}],"curies":[{"name":"wp","href":"https:\/\/api.w.org\/{rel}","templated":true}]}}