{"id":9967,"date":"2025-11-06T06:26:22","date_gmt":"2025-11-06T06:26:22","guid":{"rendered":"https:\/\/chromeclair.com\/?post_type=product&#038;p=9967"},"modified":"2026-04-13T05:58:03","modified_gmt":"2026-04-13T05:58:03","slug":"nail-file","status":"publish","type":"product","link":"https:\/\/chromeclair.com\/de\/product\/nail-file\/","title":{"rendered":"Nagelfeilen-Set mit mehreren K\u00f6rnungen"},"content":{"rendered":"<p>9 PCS CHROM\u00c9CLAIR Profi-Nagelfeilen-Set<\/p>\n\n\n\n<p>Polnische Streifen: <strong>1000\/4000Korn<\/strong>   Macht die Nageloberfl\u00e4che gl\u00e4nzend und durchscheinend<\/p>\n\n\n\n<p>Ruber Board File: <strong>180\/240Korn<\/strong>  Deckschicht abschleifen<\/p>\n\n\n\n<p>Gummiplatte Datei: <strong>150\/150Korn<\/strong>  Deckschicht abschleifen<\/p>\n\n\n\n<p>Gummiplatte Datei: <strong>120\/180Korn <\/strong> Feine Politur<\/p>\n\n\n\n<p>Gummiplatte Datei: <strong>100\/180Korn<\/strong>  N\u00e4gel polieren und in Form bringen<\/p>\n\n\n\n<p>Sponge File: <strong>100\/180Korn<\/strong> Vor dem Auftragen des Unterlacks oder nach dem Entfernen des Nagellacks verwenden.<\/p>\n\n\n\n<p>Sponge File: <strong>220\/280Korn<\/strong> Vor dem Auftragen des Unterlacks oder nach dem Entfernen des Nagellacks verwenden.<\/p>\n\n\n\n<p>Holzsp\u00e4ne Datei: <strong>100\/180Korn<\/strong>  Feinpolieren, Trimmen der Nagelform<\/p>\n\n\n\n<p>Holzsp\u00e4ne Datei: <strong>100\/180Korn<\/strong>  N\u00e4gel polieren und in Form bringen<\/p>","protected":false},"excerpt":{"rendered":"<p>9 PCS CHROM\u00c9CLAIR Professional Nail Files Set Polish Strip: 1000\/4000Grit Makes nail surface shiny and translucent Ruber board File: 180\/240Grit Grind away top coat Rubber board File: 150\/150Grit Grind away top coat Rubber board File: 120\/180Grit Fine polish Rubber board File: 100\/180Grit Buffing and shaping nails Sponge File: 100\/180Grit Use before apply base coat or [&hellip;]<\/p>\n","protected":false},"featured_media":9980,"comment_status":"open","ping_status":"closed","template":"","meta":[],"product_brand":[162],"product_cat":[182],"product_tag":[],"class_list":{"0":"post-9967","1":"product","2":"type-product","3":"status-publish","4":"has-post-thumbnail","6":"product_brand-chromeclair","7":"product_cat-tools-accessories","9":"first","10":"instock","11":"shipping-taxable","12":"purchasable","13":"product-type-simple"},"yoast_head":"<!-- This site is optimized with the Yoast SEO plugin v27.4 - https:\/\/yoast.com\/product\/yoast-seo-wordpress\/ -->\n<title>9 PCS Professional Nail Files Set Home &amp; Salon Use -CHROM\u00c9CLAIR<\/title>\n<meta name=\"description\" content=\"Perfect for your home manicure and for shaping your own nails between salon treatments. CHROM\u00c9CLAIR Professional Nail File Double Sided Set(Multiple Grit)\" \/>\n<meta name=\"robots\" content=\"index, follow, max-snippet:-1, max-image-preview:large, max-video-preview:-1\" \/>\n<link rel=\"canonical\" href=\"https:\/\/chromeclair.com\/de\/produkt\/nail-file\/\" \/>\n<meta property=\"og:locale\" content=\"de_DE\" \/>\n<meta property=\"og:type\" content=\"article\" \/>\n<meta property=\"og:title\" content=\"9 PCS Professional Nail Files Set Home &amp; Salon Use -CHROM\u00c9CLAIR\" \/>\n<meta property=\"og:description\" content=\"Perfect for your home manicure and for shaping your own nails between salon treatments. CHROM\u00c9CLAIR Professional Nail File Double Sided Set(Multiple Grit)\" \/>\n<meta property=\"og:url\" content=\"https:\/\/chromeclair.com\/de\/produkt\/nail-file\/\" \/>\n<meta property=\"og:site_name\" content=\"Cat Eye Gel Polish \u2013 HEMA-Free \uff06 TPO-Free\" \/>\n<meta property=\"article:modified_time\" content=\"2026-04-13T05:58:03+00:00\" \/>\n<meta property=\"og:image\" content=\"https:\/\/chromeclair.com\/wp-content\/uploads\/2025\/11\/1-4.webp\" \/>\n\t<meta property=\"og:image:width\" content=\"800\" \/>\n\t<meta property=\"og:image:height\" content=\"800\" \/>\n\t<meta property=\"og:image:type\" content=\"image\/webp\" \/>\n<meta name=\"twitter:card\" content=\"summary_large_image\" \/>\n<meta name=\"twitter:label1\" content=\"Gesch\u00e4tzte Lesezeit\" \/>\n\t<meta name=\"twitter:data1\" content=\"1\u00a0Minute\" \/>\n<script type=\"application\/ld+json\" class=\"yoast-schema-graph\">{\"@context\":\"https:\\\/\\\/schema.org\",\"@graph\":[{\"@type\":\"WebPage\",\"@id\":\"https:\\\/\\\/chromeclair.com\\\/product\\\/nail-file\\\/\",\"url\":\"https:\\\/\\\/chromeclair.com\\\/product\\\/nail-file\\\/\",\"name\":\"9 PCS Professional Nail Files Set Home & Salon Use -CHROM\u00c9CLAIR\",\"isPartOf\":{\"@id\":\"https:\\\/\\\/chromeclair.com\\\/#website\"},\"primaryImageOfPage\":{\"@id\":\"https:\\\/\\\/chromeclair.com\\\/product\\\/nail-file\\\/#primaryimage\"},\"image\":{\"@id\":\"https:\\\/\\\/chromeclair.com\\\/product\\\/nail-file\\\/#primaryimage\"},\"thumbnailUrl\":\"https:\\\/\\\/chromeclair.com\\\/wp-content\\\/uploads\\\/2025\\\/11\\\/1-4.webp\",\"datePublished\":\"2025-11-06T06:26:22+00:00\",\"dateModified\":\"2026-04-13T05:58:03+00:00\",\"description\":\"Perfect for your home manicure and for shaping your own nails between salon treatments. CHROM\u00c9CLAIR Professional Nail File Double Sided Set(Multiple Grit)\",\"inLanguage\":\"de\",\"potentialAction\":[{\"@type\":\"ReadAction\",\"target\":[\"https:\\\/\\\/chromeclair.com\\\/product\\\/nail-file\\\/\"]}]},{\"@type\":\"ImageObject\",\"inLanguage\":\"de\",\"@id\":\"https:\\\/\\\/chromeclair.com\\\/product\\\/nail-file\\\/#primaryimage\",\"url\":\"https:\\\/\\\/chromeclair.com\\\/wp-content\\\/uploads\\\/2025\\\/11\\\/1-4.webp\",\"contentUrl\":\"https:\\\/\\\/chromeclair.com\\\/wp-content\\\/uploads\\\/2025\\\/11\\\/1-4.webp\",\"width\":800,\"height\":800},{\"@type\":\"WebSite\",\"@id\":\"https:\\\/\\\/chromeclair.com\\\/#website\",\"url\":\"https:\\\/\\\/chromeclair.com\\\/\",\"name\":\"Cat Eye Gel Polish \u2013 HEMA-Free \uff06 TPO-Free\",\"description\":\"While others focus on having more colors, we focus on having safer ingredients.\",\"publisher\":{\"@id\":\"https:\\\/\\\/chromeclair.com\\\/#organization\"},\"potentialAction\":[{\"@type\":\"SearchAction\",\"target\":{\"@type\":\"EntryPoint\",\"urlTemplate\":\"https:\\\/\\\/chromeclair.com\\\/?s={search_term_string}\"},\"query-input\":{\"@type\":\"PropertyValueSpecification\",\"valueRequired\":true,\"valueName\":\"search_term_string\"}}],\"inLanguage\":\"de\"},{\"@type\":\"Organization\",\"@id\":\"https:\\\/\\\/chromeclair.com\\\/#organization\",\"name\":\"Cat Eye Gel Polish \u2013 HEMA-Free \uff06 TPO-Free\",\"url\":\"https:\\\/\\\/chromeclair.com\\\/\",\"logo\":{\"@type\":\"ImageObject\",\"inLanguage\":\"de\",\"@id\":\"https:\\\/\\\/chromeclair.com\\\/#\\\/schema\\\/logo\\\/image\\\/\",\"url\":\"https:\\\/\\\/chromeclair.com\\\/wp-content\\\/uploads\\\/2025\\\/06\\\/cropped-CHROMECLAIR-Logo-scaled-1.png\",\"contentUrl\":\"https:\\\/\\\/chromeclair.com\\\/wp-content\\\/uploads\\\/2025\\\/06\\\/cropped-CHROMECLAIR-Logo-scaled-1.png\",\"width\":2151,\"height\":429,\"caption\":\"Cat Eye Gel Polish \u2013 HEMA-Free \uff06 TPO-Free\"},\"image\":{\"@id\":\"https:\\\/\\\/chromeclair.com\\\/#\\\/schema\\\/logo\\\/image\\\/\"}}]}<\/script>\n<!-- \/ Yoast SEO plugin. -->","yoast_head_json":{"title":"9 PCS Professionelle Nagelfeilen Set Haus &amp; Salon Verwendung -CHROM\u00c9CLAIR","description":"Perfekt f\u00fcr die Manik\u00fcre zu Hause und f\u00fcr die Formung der eigenen N\u00e4gel zwischen den Behandlungen im Salon. CHROM\u00c9CLAIR Professionelle Nagelfeile Doppelseitiges Set (Mehrere K\u00f6rnungen)","robots":{"index":"index","follow":"follow","max-snippet":"max-snippet:-1","max-image-preview":"max-image-preview:large","max-video-preview":"max-video-preview:-1"},"canonical":"https:\/\/chromeclair.com\/de\/produkt\/nail-file\/","og_locale":"de_DE","og_type":"article","og_title":"9 PCS Professional Nail Files Set Home & Salon Use -CHROM\u00c9CLAIR","og_description":"Perfect for your home manicure and for shaping your own nails between salon treatments. CHROM\u00c9CLAIR Professional Nail File Double Sided Set(Multiple Grit)","og_url":"https:\/\/chromeclair.com\/de\/produkt\/nail-file\/","og_site_name":"Cat Eye Gel Polish \u2013 HEMA-Free \uff06 TPO-Free","article_modified_time":"2026-04-13T05:58:03+00:00","og_image":[{"width":800,"height":800,"url":"https:\/\/chromeclair.com\/wp-content\/uploads\/2025\/11\/1-4.webp","type":"image\/webp"}],"twitter_card":"summary_large_image","twitter_misc":{"Gesch\u00e4tzte Lesezeit":"1\u00a0Minute"},"schema":{"@context":"https:\/\/schema.org","@graph":[{"@type":"WebPage","@id":"https:\/\/chromeclair.com\/product\/nail-file\/","url":"https:\/\/chromeclair.com\/product\/nail-file\/","name":"9 PCS Professionelle Nagelfeilen Set Haus &amp; Salon Verwendung -CHROM\u00c9CLAIR","isPartOf":{"@id":"https:\/\/chromeclair.com\/#website"},"primaryImageOfPage":{"@id":"https:\/\/chromeclair.com\/product\/nail-file\/#primaryimage"},"image":{"@id":"https:\/\/chromeclair.com\/product\/nail-file\/#primaryimage"},"thumbnailUrl":"https:\/\/chromeclair.com\/wp-content\/uploads\/2025\/11\/1-4.webp","datePublished":"2025-11-06T06:26:22+00:00","dateModified":"2026-04-13T05:58:03+00:00","description":"Perfekt f\u00fcr die Manik\u00fcre zu Hause und f\u00fcr die Formung der eigenen N\u00e4gel zwischen den Behandlungen im Salon. CHROM\u00c9CLAIR Professionelle Nagelfeile Doppelseitiges Set (Mehrere K\u00f6rnungen)","inLanguage":"de","potentialAction":[{"@type":"ReadAction","target":["https:\/\/chromeclair.com\/product\/nail-file\/"]}]},{"@type":"ImageObject","inLanguage":"de","@id":"https:\/\/chromeclair.com\/product\/nail-file\/#primaryimage","url":"https:\/\/chromeclair.com\/wp-content\/uploads\/2025\/11\/1-4.webp","contentUrl":"https:\/\/chromeclair.com\/wp-content\/uploads\/2025\/11\/1-4.webp","width":800,"height":800},{"@type":"WebSite","@id":"https:\/\/chromeclair.com\/#website","url":"https:\/\/chromeclair.com\/","name":"Cat Eye Gel Polish \u2013 HEMA-frei und TPO-frei","description":"W\u00e4hrend andere sich darauf konzentrieren, mehr Farben anzubieten, konzentrieren wir uns darauf, sicherere Inhaltsstoffe zu verwenden.","publisher":{"@id":"https:\/\/chromeclair.com\/#organization"},"potentialAction":[{"@type":"SearchAction","target":{"@type":"EntryPoint","urlTemplate":"https:\/\/chromeclair.com\/?s={search_term_string}"},"query-input":{"@type":"PropertyValueSpecification","valueRequired":true,"valueName":"search_term_string"}}],"inLanguage":"de"},{"@type":"Organization","@id":"https:\/\/chromeclair.com\/#organization","name":"Cat Eye Gel Polish \u2013 HEMA-frei und TPO-frei","url":"https:\/\/chromeclair.com\/","logo":{"@type":"ImageObject","inLanguage":"de","@id":"https:\/\/chromeclair.com\/#\/schema\/logo\/image\/","url":"https:\/\/chromeclair.com\/wp-content\/uploads\/2025\/06\/cropped-CHROMECLAIR-Logo-scaled-1.png","contentUrl":"https:\/\/chromeclair.com\/wp-content\/uploads\/2025\/06\/cropped-CHROMECLAIR-Logo-scaled-1.png","width":2151,"height":429,"caption":"Cat Eye Gel Polish \u2013 HEMA-Free \uff06 TPO-Free"},"image":{"@id":"https:\/\/chromeclair.com\/#\/schema\/logo\/image\/"}}]}},"_links":{"self":[{"href":"https:\/\/chromeclair.com\/de\/wp-json\/wp\/v2\/product\/9967","targetHints":{"allow":["GET"]}}],"collection":[{"href":"https:\/\/chromeclair.com\/de\/wp-json\/wp\/v2\/product"}],"about":[{"href":"https:\/\/chromeclair.com\/de\/wp-json\/wp\/v2\/types\/product"}],"replies":[{"embeddable":true,"href":"https:\/\/chromeclair.com\/de\/wp-json\/wp\/v2\/comments?post=9967"}],"wp:featuredmedia":[{"embeddable":true,"href":"https:\/\/chromeclair.com\/de\/wp-json\/wp\/v2\/media\/9980"}],"wp:attachment":[{"href":"https:\/\/chromeclair.com\/de\/wp-json\/wp\/v2\/media?parent=9967"}],"wp:term":[{"taxonomy":"product_brand","embeddable":true,"href":"https:\/\/chromeclair.com\/de\/wp-json\/wp\/v2\/product_brand?post=9967"},{"taxonomy":"product_cat","embeddable":true,"href":"https:\/\/chromeclair.com\/de\/wp-json\/wp\/v2\/product_cat?post=9967"},{"taxonomy":"product_tag","embeddable":true,"href":"https:\/\/chromeclair.com\/de\/wp-json\/wp\/v2\/product_tag?post=9967"}],"curies":[{"name":"wp","href":"https:\/\/api.w.org\/{rel}","templated":true}]}}