{"id":9996,"date":"2025-11-06T07:25:48","date_gmt":"2025-11-06T07:25:48","guid":{"rendered":"https:\/\/chromeclair.com\/?post_type=product&#038;p=9996"},"modified":"2026-04-13T05:57:49","modified_gmt":"2026-04-13T05:57:49","slug":"nail-art-brushes-set-15-pcs","status":"publish","type":"product","link":"https:\/\/chromeclair.com\/de\/product\/nail-art-brushes-set-15-pcs\/","title":{"rendered":"Professionelle Nail Art Pinsel Set 15 PCS"},"content":{"rendered":"<p><strong>Zeichnungsstift<\/strong>: Leicht zu zeichnende Linie, kann f\u00fcr Malerei, Muster, Einfassungen oder Portr\u00e4ts verwendet werden.<\/p>\n\n\n\n<p><strong>Stifte zum Ausmalen<\/strong>: kann verwendet werden, um Linien und Bl\u00e4tter zu zeichnen, Linien zu formen, Farben zu umrei\u00dfen und Gitter zu zeichnen.<\/p>\n\n\n\n<p><strong>Einf\u00e4delstift<\/strong>: Zum Zeichnen von Bl\u00fctenbl\u00e4ttern und Bl\u00e4ttern, Mustern, Rissen, Linien und zum Ausf\u00fcllen von Farben.<\/p>\n\n\n\n<p><strong>Funktionaler Stift<\/strong>: Weit verbreitet, kann zum Malen verwendet werden.<\/p>\n\n\n\n<p><strong>Chrysanthemenpinsel<\/strong>: Geeignet zum Zeichnen von Bl\u00fctenbl\u00e4ttern und Bl\u00e4ttern, zum Erstellen von Wellen und zum Ausf\u00fcllen von Farben.<\/p>\n\n\n\n<p><strong>Gitterb\u00fcrste<\/strong>: Geeignet zum Auftragen von Verl\u00e4ngerungsgel, Glitter und Pailletten.<\/p>\n\n\n\n<p><strong>Pinsel mit flacher Spitze<\/strong>: Die flache Spitze erleichtert das Aufnehmen von Materialien und das gleichm\u00e4\u00dfige Auftragen des UV-Gels.<\/p>\n\n\n\n<p><strong>Pinsel mit runder Spitze<\/strong>: Geeignet f\u00fcr Pinsel mit abgerundeten, flachen Spitzen; ideal f\u00fcr Verl\u00e4ngerungsgels, Glitter, Pailletten.<\/p>\n\n\n\n<p><strong>Gewinkelte B\u00fcrste<\/strong>: Geeignet f\u00fcr zweifarbiges Pinseln, Mischen und Malen.<\/p>\n\n\n\n<p><strong>Spitze Blume Stift<\/strong>: Geeignet f\u00fcr Farbverl\u00e4ufe und unregelm\u00e4\u00dfig strukturierte Linien<\/p>\n\n\n\n<p><strong>Abgewinkelter Blending-Pinsel<\/strong>: Geeignet zum Einf\u00e4rben von N\u00e4geln, f\u00fcr Farbverl\u00e4ufe, zum Verschmieren und Verblenden.<\/p>\n\n\n\n<p><strong>Zylindrischer Mischpinsel<\/strong>: Geeignet f\u00fcr French Manicures, zum Auftragen von Glitter, Pailletten und Gel-Lack.<\/p>\n\n\n\n<p><strong>F\u00e4cherf\u00f6rmiger Farbverlaufspinsel<\/strong>: Geeignet zum Erstellen von Farbverl\u00e4ufen, zum Auftragen von Glitter und zum Zeichnen unregelm\u00e4\u00dfiger Linien.<\/p>\n\n\n\n<p><strong>Schnitzstift<\/strong>: Geeignet f\u00fcr 3D-Schnitzereien und Zeichnungsmuster.<\/p>\n\n\n\n<p><strong>Kristall-Stift<\/strong>: Verwendung mit Kristallfl\u00fcssigkeit oder Kristallpulver.<\/p>","protected":false},"excerpt":{"rendered":"<p>Drawing pen: Easy-drawing line, can be used for painting, patterns, edging, or portraits. Coloring pens: can be used to draw lines and leaves, shape lines, outline colors, and draw grids. Threading pen: Used to draw petals and leaves, patterns, cracks, lines, and fill in colors. Functional pen: Widely used, can be used for painting. Chrysanthemum [&hellip;]<\/p>\n","protected":false},"featured_media":9997,"comment_status":"open","ping_status":"closed","template":"","meta":[],"product_brand":[162],"product_cat":[182],"product_tag":[],"class_list":{"0":"post-9996","1":"product","2":"type-product","3":"status-publish","4":"has-post-thumbnail","6":"product_brand-chromeclair","7":"product_cat-tools-accessories","9":"first","10":"instock","11":"shipping-taxable","12":"purchasable","13":"product-type-simple"},"yoast_head":"<!-- This site is optimized with the Yoast SEO plugin v27.4 - https:\/\/yoast.com\/product\/yoast-seo-wordpress\/ -->\n<title>Nail Art Brushes Set 15 PCS Professional &amp; Starter Kits -CHROM\u00c9CLAIR<\/title>\n<meta name=\"description\" content=\"Nail Art Brushes for Beginners - Easy to Use Starter Kit Professional Nail Art Brushes - Salon Quality Precision Tools Fine Liner &amp; Detail Brushes -CHROM\u00c9CLAIR\" \/>\n<meta name=\"robots\" content=\"index, follow, max-snippet:-1, max-image-preview:large, max-video-preview:-1\" \/>\n<link rel=\"canonical\" href=\"https:\/\/chromeclair.com\/de\/produkt\/nail-art-brushes-set-15-pcs\/\" \/>\n<meta property=\"og:locale\" content=\"de_DE\" \/>\n<meta property=\"og:type\" content=\"article\" \/>\n<meta property=\"og:title\" content=\"Nail Art Brushes Set 15 PCS Professional &amp; Starter Kits -CHROM\u00c9CLAIR\" \/>\n<meta property=\"og:description\" content=\"Nail Art Brushes for Beginners - Easy to Use Starter Kit Professional Nail Art Brushes - Salon Quality Precision Tools Fine Liner &amp; Detail Brushes -CHROM\u00c9CLAIR\" \/>\n<meta property=\"og:url\" content=\"https:\/\/chromeclair.com\/de\/produkt\/nail-art-brushes-set-15-pcs\/\" \/>\n<meta property=\"og:site_name\" content=\"Cat Eye Gel Polish \u2013 HEMA-Free \uff06 TPO-Free\" \/>\n<meta property=\"article:modified_time\" content=\"2026-04-13T05:57:49+00:00\" \/>\n<meta property=\"og:image\" content=\"https:\/\/chromeclair.com\/wp-content\/uploads\/2025\/11\/3-\u62f7\u8d1d.webp\" \/>\n\t<meta property=\"og:image:width\" content=\"800\" \/>\n\t<meta property=\"og:image:height\" content=\"800\" \/>\n\t<meta property=\"og:image:type\" content=\"image\/webp\" \/>\n<meta name=\"twitter:card\" content=\"summary_large_image\" \/>\n<meta name=\"twitter:label1\" content=\"Gesch\u00e4tzte Lesezeit\" \/>\n\t<meta name=\"twitter:data1\" content=\"2\u00a0Minuten\" \/>\n<script type=\"application\/ld+json\" class=\"yoast-schema-graph\">{\"@context\":\"https:\\\/\\\/schema.org\",\"@graph\":[{\"@type\":\"WebPage\",\"@id\":\"https:\\\/\\\/chromeclair.com\\\/product\\\/nail-art-brushes-set-15-pcs\\\/\",\"url\":\"https:\\\/\\\/chromeclair.com\\\/product\\\/nail-art-brushes-set-15-pcs\\\/\",\"name\":\"Nail Art Brushes Set 15 PCS Professional & Starter Kits -CHROM\u00c9CLAIR\",\"isPartOf\":{\"@id\":\"https:\\\/\\\/chromeclair.com\\\/#website\"},\"primaryImageOfPage\":{\"@id\":\"https:\\\/\\\/chromeclair.com\\\/product\\\/nail-art-brushes-set-15-pcs\\\/#primaryimage\"},\"image\":{\"@id\":\"https:\\\/\\\/chromeclair.com\\\/product\\\/nail-art-brushes-set-15-pcs\\\/#primaryimage\"},\"thumbnailUrl\":\"https:\\\/\\\/chromeclair.com\\\/wp-content\\\/uploads\\\/2025\\\/11\\\/3-\u62f7\u8d1d.webp\",\"datePublished\":\"2025-11-06T07:25:48+00:00\",\"dateModified\":\"2026-04-13T05:57:49+00:00\",\"description\":\"Nail Art Brushes for Beginners - Easy to Use Starter Kit Professional Nail Art Brushes - Salon Quality Precision Tools Fine Liner & Detail Brushes -CHROM\u00c9CLAIR\",\"inLanguage\":\"de\",\"potentialAction\":[{\"@type\":\"ReadAction\",\"target\":[\"https:\\\/\\\/chromeclair.com\\\/product\\\/nail-art-brushes-set-15-pcs\\\/\"]}]},{\"@type\":\"ImageObject\",\"inLanguage\":\"de\",\"@id\":\"https:\\\/\\\/chromeclair.com\\\/product\\\/nail-art-brushes-set-15-pcs\\\/#primaryimage\",\"url\":\"https:\\\/\\\/chromeclair.com\\\/wp-content\\\/uploads\\\/2025\\\/11\\\/3-\u62f7\u8d1d.webp\",\"contentUrl\":\"https:\\\/\\\/chromeclair.com\\\/wp-content\\\/uploads\\\/2025\\\/11\\\/3-\u62f7\u8d1d.webp\",\"width\":800,\"height\":800},{\"@type\":\"WebSite\",\"@id\":\"https:\\\/\\\/chromeclair.com\\\/#website\",\"url\":\"https:\\\/\\\/chromeclair.com\\\/\",\"name\":\"Cat Eye Gel Polish \u2013 HEMA-Free \uff06 TPO-Free\",\"description\":\"While others focus on having more colors, we focus on having safer ingredients.\",\"publisher\":{\"@id\":\"https:\\\/\\\/chromeclair.com\\\/#organization\"},\"potentialAction\":[{\"@type\":\"SearchAction\",\"target\":{\"@type\":\"EntryPoint\",\"urlTemplate\":\"https:\\\/\\\/chromeclair.com\\\/?s={search_term_string}\"},\"query-input\":{\"@type\":\"PropertyValueSpecification\",\"valueRequired\":true,\"valueName\":\"search_term_string\"}}],\"inLanguage\":\"de\"},{\"@type\":\"Organization\",\"@id\":\"https:\\\/\\\/chromeclair.com\\\/#organization\",\"name\":\"Cat Eye Gel Polish \u2013 HEMA-Free \uff06 TPO-Free\",\"url\":\"https:\\\/\\\/chromeclair.com\\\/\",\"logo\":{\"@type\":\"ImageObject\",\"inLanguage\":\"de\",\"@id\":\"https:\\\/\\\/chromeclair.com\\\/#\\\/schema\\\/logo\\\/image\\\/\",\"url\":\"https:\\\/\\\/chromeclair.com\\\/wp-content\\\/uploads\\\/2025\\\/06\\\/cropped-CHROMECLAIR-Logo-scaled-1.png\",\"contentUrl\":\"https:\\\/\\\/chromeclair.com\\\/wp-content\\\/uploads\\\/2025\\\/06\\\/cropped-CHROMECLAIR-Logo-scaled-1.png\",\"width\":2151,\"height\":429,\"caption\":\"Cat Eye Gel Polish \u2013 HEMA-Free \uff06 TPO-Free\"},\"image\":{\"@id\":\"https:\\\/\\\/chromeclair.com\\\/#\\\/schema\\\/logo\\\/image\\\/\"}}]}<\/script>\n<!-- \/ Yoast SEO plugin. -->","yoast_head_json":{"title":"Nail Art Pinsel Set 15 PCS Profi &amp; Starter Kits -CHROM\u00c9CLAIR","description":"Nail Art Pinsel f\u00fcr Anf\u00e4nger - Einfach zu bedienendes Starter Kit Professionelle Nail Art Pinsel - Salonqualit\u00e4t Pr\u00e4zisionswerkzeuge Feine Liner &amp; Detailpinsel -CHROM\u00c9CLAIR","robots":{"index":"index","follow":"follow","max-snippet":"max-snippet:-1","max-image-preview":"max-image-preview:large","max-video-preview":"max-video-preview:-1"},"canonical":"https:\/\/chromeclair.com\/de\/produkt\/nail-art-brushes-set-15-pcs\/","og_locale":"de_DE","og_type":"article","og_title":"Nail Art Brushes Set 15 PCS Professional & Starter Kits -CHROM\u00c9CLAIR","og_description":"Nail Art Brushes for Beginners - Easy to Use Starter Kit Professional Nail Art Brushes - Salon Quality Precision Tools Fine Liner & Detail Brushes -CHROM\u00c9CLAIR","og_url":"https:\/\/chromeclair.com\/de\/produkt\/nail-art-brushes-set-15-pcs\/","og_site_name":"Cat Eye Gel Polish \u2013 HEMA-Free \uff06 TPO-Free","article_modified_time":"2026-04-13T05:57:49+00:00","og_image":[{"width":800,"height":800,"url":"https:\/\/chromeclair.com\/wp-content\/uploads\/2025\/11\/3-\u62f7\u8d1d.webp","type":"image\/webp"}],"twitter_card":"summary_large_image","twitter_misc":{"Gesch\u00e4tzte Lesezeit":"2\u00a0Minuten"},"schema":{"@context":"https:\/\/schema.org","@graph":[{"@type":"WebPage","@id":"https:\/\/chromeclair.com\/product\/nail-art-brushes-set-15-pcs\/","url":"https:\/\/chromeclair.com\/product\/nail-art-brushes-set-15-pcs\/","name":"Nail Art Pinsel Set 15 PCS Profi &amp; Starter Kits -CHROM\u00c9CLAIR","isPartOf":{"@id":"https:\/\/chromeclair.com\/#website"},"primaryImageOfPage":{"@id":"https:\/\/chromeclair.com\/product\/nail-art-brushes-set-15-pcs\/#primaryimage"},"image":{"@id":"https:\/\/chromeclair.com\/product\/nail-art-brushes-set-15-pcs\/#primaryimage"},"thumbnailUrl":"https:\/\/chromeclair.com\/wp-content\/uploads\/2025\/11\/3-\u62f7\u8d1d.webp","datePublished":"2025-11-06T07:25:48+00:00","dateModified":"2026-04-13T05:57:49+00:00","description":"Nail Art Pinsel f\u00fcr Anf\u00e4nger - Einfach zu bedienendes Starter Kit Professionelle Nail Art Pinsel - Salonqualit\u00e4t Pr\u00e4zisionswerkzeuge Feine Liner &amp; Detailpinsel -CHROM\u00c9CLAIR","inLanguage":"de","potentialAction":[{"@type":"ReadAction","target":["https:\/\/chromeclair.com\/product\/nail-art-brushes-set-15-pcs\/"]}]},{"@type":"ImageObject","inLanguage":"de","@id":"https:\/\/chromeclair.com\/product\/nail-art-brushes-set-15-pcs\/#primaryimage","url":"https:\/\/chromeclair.com\/wp-content\/uploads\/2025\/11\/3-\u62f7\u8d1d.webp","contentUrl":"https:\/\/chromeclair.com\/wp-content\/uploads\/2025\/11\/3-\u62f7\u8d1d.webp","width":800,"height":800},{"@type":"WebSite","@id":"https:\/\/chromeclair.com\/#website","url":"https:\/\/chromeclair.com\/","name":"Cat Eye Gel Polish \u2013 HEMA-frei und TPO-frei","description":"W\u00e4hrend andere sich darauf konzentrieren, mehr Farben anzubieten, konzentrieren wir uns darauf, sicherere Inhaltsstoffe zu verwenden.","publisher":{"@id":"https:\/\/chromeclair.com\/#organization"},"potentialAction":[{"@type":"SearchAction","target":{"@type":"EntryPoint","urlTemplate":"https:\/\/chromeclair.com\/?s={search_term_string}"},"query-input":{"@type":"PropertyValueSpecification","valueRequired":true,"valueName":"search_term_string"}}],"inLanguage":"de"},{"@type":"Organization","@id":"https:\/\/chromeclair.com\/#organization","name":"Cat Eye Gel Polish \u2013 HEMA-frei und TPO-frei","url":"https:\/\/chromeclair.com\/","logo":{"@type":"ImageObject","inLanguage":"de","@id":"https:\/\/chromeclair.com\/#\/schema\/logo\/image\/","url":"https:\/\/chromeclair.com\/wp-content\/uploads\/2025\/06\/cropped-CHROMECLAIR-Logo-scaled-1.png","contentUrl":"https:\/\/chromeclair.com\/wp-content\/uploads\/2025\/06\/cropped-CHROMECLAIR-Logo-scaled-1.png","width":2151,"height":429,"caption":"Cat Eye Gel Polish \u2013 HEMA-Free \uff06 TPO-Free"},"image":{"@id":"https:\/\/chromeclair.com\/#\/schema\/logo\/image\/"}}]}},"_links":{"self":[{"href":"https:\/\/chromeclair.com\/de\/wp-json\/wp\/v2\/product\/9996","targetHints":{"allow":["GET"]}}],"collection":[{"href":"https:\/\/chromeclair.com\/de\/wp-json\/wp\/v2\/product"}],"about":[{"href":"https:\/\/chromeclair.com\/de\/wp-json\/wp\/v2\/types\/product"}],"replies":[{"embeddable":true,"href":"https:\/\/chromeclair.com\/de\/wp-json\/wp\/v2\/comments?post=9996"}],"wp:featuredmedia":[{"embeddable":true,"href":"https:\/\/chromeclair.com\/de\/wp-json\/wp\/v2\/media\/9997"}],"wp:attachment":[{"href":"https:\/\/chromeclair.com\/de\/wp-json\/wp\/v2\/media?parent=9996"}],"wp:term":[{"taxonomy":"product_brand","embeddable":true,"href":"https:\/\/chromeclair.com\/de\/wp-json\/wp\/v2\/product_brand?post=9996"},{"taxonomy":"product_cat","embeddable":true,"href":"https:\/\/chromeclair.com\/de\/wp-json\/wp\/v2\/product_cat?post=9996"},{"taxonomy":"product_tag","embeddable":true,"href":"https:\/\/chromeclair.com\/de\/wp-json\/wp\/v2\/product_tag?post=9996"}],"curies":[{"name":"wp","href":"https:\/\/api.w.org\/{rel}","templated":true}]}}