{"id":12,"date":"2025-06-04T09:07:32","date_gmt":"2025-06-04T09:07:32","guid":{"rendered":"https:\/\/chromeclair.com\/?page_id=12"},"modified":"2025-06-04T09:07:33","modified_gmt":"2025-06-04T09:07:33","slug":"refund_returns","status":"publish","type":"page","link":"https:\/\/chromeclair.com\/es\/refund_returns\/","title":{"rendered":"Pol\u00edtica de devoluciones y reembolsos"},"content":{"rendered":"<h1 class=\"wp-block-heading\">Pol\u00edtica de devoluciones y reembolsos<\/h1>\n\n\n\n<h1 class=\"wp-block-heading\"><\/h1>\n\n\n\n<p>Tenemos una pol\u00edtica de devoluci\u00f3n de 30 d\u00edas, lo que significa que tiene 30 d\u00edas despu\u00e9s de recibir su art\u00edculo para solicitar una devoluci\u00f3n.<br><br>Para poder realizar una devoluci\u00f3n, el art\u00edculo debe estar en las mismas condiciones en las que lo recibi\u00f3, sin usar, con las etiquetas y en su embalaje original. Tambi\u00e9n necesitar\u00e1s el recibo o la prueba de compra.<br><br>Para iniciar una devoluci\u00f3n, puede ponerse en contacto con nosotros en sales@chromeclair.com. Si su devoluci\u00f3n es aceptada, le enviaremos instrucciones sobre c\u00f3mo y d\u00f3nde enviar su paquete. No se aceptar\u00e1n los art\u00edculos que se nos env\u00eden sin haber solicitado previamente la devoluci\u00f3n.<br><br>Siempre puede ponerse en contacto con nosotros para cualquier consulta sobre devoluciones en sales@chromeclair.com.<\/p>\n\n\n\n<p><strong>Gastos de devoluci\u00f3n<\/strong><\/p>\n\n\n\n<p>Los gastos de env\u00edo de la devoluci\u00f3n corren a cargo del comprador.<\/p>\n\n\n\n<p><strong>Da\u00f1os y perjuicios<\/strong><br>Por favor, inspeccione su pedido al recibirlo y p\u00f3ngase en contacto con nosotros inmediatamente si el art\u00edculo est\u00e1 defectuoso, da\u00f1ado o si recibe un art\u00edculo equivocado, para que podamos evaluar el problema y solucionarlo.<\/p>\n\n\n\n<p><strong>Intercambios<\/strong><br>La forma m\u00e1s r\u00e1pida de asegurarse lo que quiere es devolver el art\u00edculo que tiene y, una vez aceptada la devoluci\u00f3n, hacer una compra por separado del nuevo art\u00edculo.<\/p>\n\n\n\n<p><strong>Reembolsos<\/strong><br>Le notificaremos una vez hayamos recibido e inspeccionado su devoluci\u00f3n, y le comunicaremos si el reembolso ha sido aprobado o no. Si se aprueba, se le reembolsar\u00e1 autom\u00e1ticamente en su m\u00e9todo de pago original. Recuerda que el banco o la entidad emisora de la tarjeta de cr\u00e9dito pueden tardar alg\u00fan tiempo en procesar y contabilizar el reembolso.<\/p>","protected":false},"excerpt":{"rendered":"<p>Return &amp; Refund Policy We have a 30-day return policy, which means you have 30 days after receiving your item to request a return. To be eligible for a return, your item must be in the same condition that you received it, unworn or unused, with tags, and in its original packaging. You\u2019ll also need [&hellip;]<\/p>\n","protected":false},"author":1,"featured_media":0,"parent":0,"menu_order":0,"comment_status":"closed","ping_status":"closed","template":"","meta":{"footnotes":""},"class_list":["post-12","page","type-page","status-publish","hentry"],"yoast_head":"<!-- This site is optimized with the Yoast SEO plugin v27.4 - https:\/\/yoast.com\/product\/yoast-seo-wordpress\/ -->\n<title>Refund and Returns Policy - Cat Eye Gel Polish \u2013 HEMA-Free \uff06 TPO-Free<\/title>\n<meta name=\"robots\" content=\"index, follow, max-snippet:-1, max-image-preview:large, max-video-preview:-1\" \/>\n<link rel=\"canonical\" href=\"https:\/\/chromeclair.com\/es\/devoluciones_devolucion-2\/\" \/>\n<meta property=\"og:locale\" content=\"es_ES\" \/>\n<meta property=\"og:type\" content=\"article\" \/>\n<meta property=\"og:title\" content=\"Refund and Returns Policy - Cat Eye Gel Polish \u2013 HEMA-Free \uff06 TPO-Free\" \/>\n<meta property=\"og:description\" content=\"Return &amp; Refund Policy We have a 30-day return policy, which means you have 30 days after receiving your item to request a return. To be eligible for a return, your item must be in the same condition that you received it, unworn or unused, with tags, and in its original packaging. You\u2019ll also need [&hellip;]\" \/>\n<meta property=\"og:url\" content=\"https:\/\/chromeclair.com\/es\/devoluciones_devolucion-2\/\" \/>\n<meta property=\"og:site_name\" content=\"Cat Eye Gel Polish \u2013 HEMA-Free \uff06 TPO-Free\" \/>\n<meta property=\"article:modified_time\" content=\"2025-06-04T09:07:33+00:00\" \/>\n<meta name=\"twitter:card\" content=\"summary_large_image\" \/>\n<meta name=\"twitter:label1\" content=\"Tiempo de lectura\" \/>\n\t<meta name=\"twitter:data1\" content=\"2 minutos\" \/>\n<script type=\"application\/ld+json\" class=\"yoast-schema-graph\">{\"@context\":\"https:\\\/\\\/schema.org\",\"@graph\":[{\"@type\":\"WebPage\",\"@id\":\"https:\\\/\\\/chromeclair.com\\\/refund_returns\\\/\",\"url\":\"https:\\\/\\\/chromeclair.com\\\/refund_returns\\\/\",\"name\":\"Refund and Returns Policy - Cat Eye Gel Polish \u2013 HEMA-Free \uff06 TPO-Free\",\"isPartOf\":{\"@id\":\"https:\\\/\\\/chromeclair.com\\\/#website\"},\"datePublished\":\"2025-06-04T09:07:32+00:00\",\"dateModified\":\"2025-06-04T09:07:33+00:00\",\"inLanguage\":\"es\",\"potentialAction\":[{\"@type\":\"ReadAction\",\"target\":[\"https:\\\/\\\/chromeclair.com\\\/refund_returns\\\/\"]}]},{\"@type\":\"WebSite\",\"@id\":\"https:\\\/\\\/chromeclair.com\\\/#website\",\"url\":\"https:\\\/\\\/chromeclair.com\\\/\",\"name\":\"Cat Eye Gel Polish \u2013 HEMA-Free \uff06 TPO-Free\",\"description\":\"While others focus on having more colors, we focus on having safer ingredients.\",\"publisher\":{\"@id\":\"https:\\\/\\\/chromeclair.com\\\/#organization\"},\"potentialAction\":[{\"@type\":\"SearchAction\",\"target\":{\"@type\":\"EntryPoint\",\"urlTemplate\":\"https:\\\/\\\/chromeclair.com\\\/?s={search_term_string}\"},\"query-input\":{\"@type\":\"PropertyValueSpecification\",\"valueRequired\":true,\"valueName\":\"search_term_string\"}}],\"inLanguage\":\"es\"},{\"@type\":\"Organization\",\"@id\":\"https:\\\/\\\/chromeclair.com\\\/#organization\",\"name\":\"Cat Eye Gel Polish \u2013 HEMA-Free \uff06 TPO-Free\",\"url\":\"https:\\\/\\\/chromeclair.com\\\/\",\"logo\":{\"@type\":\"ImageObject\",\"inLanguage\":\"es\",\"@id\":\"https:\\\/\\\/chromeclair.com\\\/#\\\/schema\\\/logo\\\/image\\\/\",\"url\":\"https:\\\/\\\/chromeclair.com\\\/wp-content\\\/uploads\\\/2025\\\/06\\\/cropped-CHROMECLAIR-Logo-scaled-1.png\",\"contentUrl\":\"https:\\\/\\\/chromeclair.com\\\/wp-content\\\/uploads\\\/2025\\\/06\\\/cropped-CHROMECLAIR-Logo-scaled-1.png\",\"width\":2151,\"height\":429,\"caption\":\"Cat Eye Gel Polish \u2013 HEMA-Free \uff06 TPO-Free\"},\"image\":{\"@id\":\"https:\\\/\\\/chromeclair.com\\\/#\\\/schema\\\/logo\\\/image\\\/\"}}]}<\/script>\n<!-- \/ Yoast SEO plugin. -->","yoast_head_json":{"title":"Pol\u00edtica de devoluciones y reembolsos - Esmalte en gel ojos de gato - Sin HEMA \uff06 Sin TPO","robots":{"index":"index","follow":"follow","max-snippet":"max-snippet:-1","max-image-preview":"max-image-preview:large","max-video-preview":"max-video-preview:-1"},"canonical":"https:\/\/chromeclair.com\/es\/devoluciones_devolucion-2\/","og_locale":"es_ES","og_type":"article","og_title":"Refund and Returns Policy - Cat Eye Gel Polish \u2013 HEMA-Free \uff06 TPO-Free","og_description":"Return &amp; Refund Policy We have a 30-day return policy, which means you have 30 days after receiving your item to request a return. To be eligible for a return, your item must be in the same condition that you received it, unworn or unused, with tags, and in its original packaging. You\u2019ll also need [&hellip;]","og_url":"https:\/\/chromeclair.com\/es\/devoluciones_devolucion-2\/","og_site_name":"Cat Eye Gel Polish \u2013 HEMA-Free \uff06 TPO-Free","article_modified_time":"2025-06-04T09:07:33+00:00","twitter_card":"summary_large_image","twitter_misc":{"Tiempo de lectura":"2 minutos"},"schema":{"@context":"https:\/\/schema.org","@graph":[{"@type":"WebPage","@id":"https:\/\/chromeclair.com\/refund_returns\/","url":"https:\/\/chromeclair.com\/refund_returns\/","name":"Pol\u00edtica de devoluciones y reembolsos - Esmalte en gel ojos de gato - Sin HEMA \uff06 Sin TPO","isPartOf":{"@id":"https:\/\/chromeclair.com\/#website"},"datePublished":"2025-06-04T09:07:32+00:00","dateModified":"2025-06-04T09:07:33+00:00","inLanguage":"es","potentialAction":[{"@type":"ReadAction","target":["https:\/\/chromeclair.com\/refund_returns\/"]}]},{"@type":"WebSite","@id":"https:\/\/chromeclair.com\/#website","url":"https:\/\/chromeclair.com\/","name":"Esmalte de u\u00f1as en gel Cat Eye \u2013 Sin HEMA ni TPO","description":"Mientras que otros se centran en ofrecer m\u00e1s colores, nosotros nos centramos en ofrecer ingredientes m\u00e1s seguros.","publisher":{"@id":"https:\/\/chromeclair.com\/#organization"},"potentialAction":[{"@type":"SearchAction","target":{"@type":"EntryPoint","urlTemplate":"https:\/\/chromeclair.com\/?s={search_term_string}"},"query-input":{"@type":"PropertyValueSpecification","valueRequired":true,"valueName":"search_term_string"}}],"inLanguage":"es"},{"@type":"Organization","@id":"https:\/\/chromeclair.com\/#organization","name":"Esmalte de u\u00f1as en gel Cat Eye \u2013 Sin HEMA ni TPO","url":"https:\/\/chromeclair.com\/","logo":{"@type":"ImageObject","inLanguage":"es","@id":"https:\/\/chromeclair.com\/#\/schema\/logo\/image\/","url":"https:\/\/chromeclair.com\/wp-content\/uploads\/2025\/06\/cropped-CHROMECLAIR-Logo-scaled-1.png","contentUrl":"https:\/\/chromeclair.com\/wp-content\/uploads\/2025\/06\/cropped-CHROMECLAIR-Logo-scaled-1.png","width":2151,"height":429,"caption":"Cat Eye Gel Polish \u2013 HEMA-Free \uff06 TPO-Free"},"image":{"@id":"https:\/\/chromeclair.com\/#\/schema\/logo\/image\/"}}]}},"_links":{"self":[{"href":"https:\/\/chromeclair.com\/es\/wp-json\/wp\/v2\/pages\/12","targetHints":{"allow":["GET"]}}],"collection":[{"href":"https:\/\/chromeclair.com\/es\/wp-json\/wp\/v2\/pages"}],"about":[{"href":"https:\/\/chromeclair.com\/es\/wp-json\/wp\/v2\/types\/page"}],"author":[{"embeddable":true,"href":"https:\/\/chromeclair.com\/es\/wp-json\/wp\/v2\/users\/1"}],"replies":[{"embeddable":true,"href":"https:\/\/chromeclair.com\/es\/wp-json\/wp\/v2\/comments?post=12"}],"version-history":[{"count":1,"href":"https:\/\/chromeclair.com\/es\/wp-json\/wp\/v2\/pages\/12\/revisions"}],"predecessor-version":[{"id":7088,"href":"https:\/\/chromeclair.com\/es\/wp-json\/wp\/v2\/pages\/12\/revisions\/7088"}],"wp:attachment":[{"href":"https:\/\/chromeclair.com\/es\/wp-json\/wp\/v2\/media?parent=12"}],"curies":[{"name":"wp","href":"https:\/\/api.w.org\/{rel}","templated":true}]}}