{"id":7093,"date":"2025-06-04T09:32:00","date_gmt":"2025-06-04T09:32:00","guid":{"rendered":"https:\/\/chromeclair.com\/?page_id=7093"},"modified":"2026-01-21T07:38:30","modified_gmt":"2026-01-21T07:38:30","slug":"about-us","status":"publish","type":"page","link":"https:\/\/chromeclair.com\/es\/acerca-de-nosotros\/","title":{"rendered":"Qui\u00e9nes somos"},"content":{"rendered":"<figure class=\"wp-block-embed is-type-video is-provider-youtube wp-block-embed-youtube wp-embed-aspect-16-9 wp-has-aspect-ratio\"><div class=\"wp-block-embed__wrapper\">\n<div class=\"video-container\"><iframe title=\"\ud83d\udd2cLe permite conocernos mejor. WEB\uff1ahttps:\/\/chromeclair.com\/\" width=\"563\" height=\"1000\" src=\"https:\/\/www.youtube.com\/embed\/SXO9GWrkvtE?feature=oembed\" frameborder=\"0\" allow=\"accelerometer; autoplay; clipboard-write; encrypted-media; gyroscope; picture-in-picture; web-share\" referrerpolicy=\"strict-origin-when-cross-origin\" allowfullscreen><\/iframe><\/div>\n<\/div><\/figure>\n\n\n\n<p>Detr\u00e1s del deslumbrante mundo del arte de las u\u00f1as se esconde una historia que pocos conocen.<br>Desde 1996, en Changyi, China, una empresa bioqu\u00edmica llamada <strong>Longchang<\/strong> comenz\u00f3 una profunda y silenciosa exploraci\u00f3n de la \u201cbelleza\u201d. Durante casi tres d\u00e9cadas, sus laboratorios no albergaron colores vibrantes, solo una b\u00fasqueda incesante de la perfecci\u00f3n a nivel molecular. Suministraron ingredientes b\u00e1sicos seguros y estables a marcas l\u00edderes mundiales, protegiendo la belleza de las manos de todo el mundo sin salir nunca a la luz p\u00fablica.<\/p>\n\n\n\n<p>En 2024, naci\u00f3 un nuevo sue\u00f1o:<strong>CHROMA GROUP LIMITED<\/strong>.<br>Nos preguntamos: <em>\u00bfPor qu\u00e9 no transformar casi treinta a\u00f1os de experiencia en biotecnolog\u00eda en productos excepcionales que todos los amantes de la belleza puedan usar con confianza?<\/em><\/p>\n\n\n\n<p>Y as\u00ed, <strong>Esmalte en gel CHROM\u00c9CLAIR UV<\/strong> cobr\u00f3 vida.<\/p>\n\n\n\n<p>Creemos que el verdadero lujo es la belleza sin concesiones. Aunque gran parte de la industria sigue dependiendo de ingredientes potencialmente sensibilizantes como <strong>TPO<\/strong> y <strong>HEMA<\/strong>, nuestro equipo de I+D se inspir\u00f3 en miles de f\u00f3rmulas desarrolladas en Longchang y se propuso impulsar una <strong>\u201cLa revoluci\u00f3n de los ingredientes limpios\u201d.\u201d<\/strong><br>Fue una escalada dif\u00edcil, pero siempre hemos cre\u00eddo que la seguridad es la base de la belleza.<\/p>\n\n\n\n<p>Hoy nos enorgullece anunciar que la nueva f\u00f3rmula de CHROM\u00c9CLAIR cumple con nuestro <strong>\u201cPromesa \u201ddoblemente libre\u00bb: sin TPO y sin HEMA.<\/strong><br>Esto es m\u00e1s que eliminar ingredientes; es una redefinici\u00f3n completa de lo que puede ser la belleza saludable de las u\u00f1as.<br>Significa menores riesgos de sensibilizaci\u00f3n.<br>Significa un rendimiento y brillo del color a nivel de sal\u00f3n de belleza, con una suavidad y tranquilidad sin igual.<\/p>\n\n\n\n<p><strong>CHROM\u00c9CLAIR<\/strong> significa \u201cclaro, color brillante, color vivo\u201d.\u201d<br>Esta luz se ilumina gracias a los 29 a\u00f1os de experiencia cient\u00edfica de Longchang y a nuestro compromiso de permitir que todos los usuarios brillen con confianza.<\/p>\n\n\n\n<p>No somos solo una marca nueva. Somos los herederos e innovadores de una sabidur\u00eda que se remonta a d\u00e9cadas atr\u00e1s.<br>Le invitamos a experimentar esto. Desde 1996, tranquilidad.<\/p>\n\n\n\n<p><strong>\u201cNo est\u00e1s eligiendo solo un frasco de esmalte en gel, est\u00e1s eligiendo un nuevo est\u00e1ndar para unas u\u00f1as sanas. Mientras otros siguen utilizando f\u00f3rmulas de hace d\u00e9cadas, nosotros ya hemos pasado a la siguiente generaci\u00f3n\u201d.\u201d<\/strong><\/p>\n\n\n\n<p><strong><em>Venimos del lado de la formulaci\u00f3n, no s\u00f3lo de la reventa de esmaltes en gel. <\/em><em>Llevamos a\u00f1os trabajando con sistemas de curado UV, por lo que sabemos lo que realmente importa dentro de la botella.<\/em><\/strong><\/p>\n\n\n\n<p><strong>Esta f\u00f3rmula no se adapt\u00f3 posteriormente. <\/strong><strong>Se desarroll\u00f3 desde el primer d\u00eda para cumplir las estrictas normas de seguridad europeas. Para nosotros, la seguridad no fue una idea tard\u00eda, sino el punto de partida.<\/strong><\/p>\n\n\n\n<figure class=\"wp-block-image size-large\"><img fetchpriority=\"high\" decoding=\"async\" width=\"1024\" height=\"683\" src=\"https:\/\/chromeclair.com\/wp-content\/uploads\/2025\/12\/CHROMECLAIR-factory-1024x683.webp\" alt=\"\" class=\"wp-image-10530\" srcset=\"https:\/\/chromeclair.com\/wp-content\/uploads\/2025\/12\/CHROMECLAIR-factory-1024x683.webp 1024w, https:\/\/chromeclair.com\/wp-content\/uploads\/2025\/12\/CHROMECLAIR-factory-300x200.webp 300w, https:\/\/chromeclair.com\/wp-content\/uploads\/2025\/12\/CHROMECLAIR-factory-768x512.webp 768w, https:\/\/chromeclair.com\/wp-content\/uploads\/2025\/12\/CHROMECLAIR-factory-1536x1024.webp 1536w, https:\/\/chromeclair.com\/wp-content\/uploads\/2025\/12\/CHROMECLAIR-factory-2048x1365.webp 2048w, https:\/\/chromeclair.com\/wp-content\/uploads\/2025\/12\/CHROMECLAIR-factory-18x12.webp 18w, https:\/\/chromeclair.com\/wp-content\/uploads\/2025\/12\/CHROMECLAIR-factory-990x660.webp 990w, https:\/\/chromeclair.com\/wp-content\/uploads\/2025\/12\/CHROMECLAIR-factory-441x294.webp 441w, https:\/\/chromeclair.com\/wp-content\/uploads\/2025\/12\/CHROMECLAIR-factory-800x533.webp 800w, https:\/\/chromeclair.com\/wp-content\/uploads\/2025\/12\/CHROMECLAIR-factory-150x100.webp 150w\" sizes=\"(max-width: 1024px) 100vw, 1024px\" \/><\/figure>\n\n\n\n<p><strong>Changyi Longchang Bio-chemical Co., Ltd.<\/strong><\/p>\n\n\n\n<p>Zona de desarrollo de Shibu, ciudad de Changyi, ciudad de Weifang, provincia de Shandong.<\/p>\n\n\n\n<p><strong>Shandong Changhong Chemical Co., Ltd.<\/strong><\/p>\n\n\n\n<p>2411, Edificio 3, Edificio Aosheng, Zona de Alta Tecnolog\u00eda, Ciudad de Jinan, Provincia de Shandong.<\/p>\n\n\n\n<p><strong>CHROMA GROUP LIMITED<\/strong><\/p>\n\n\n\n<p>PISO 2304, 23\/F HO KING, COMM<\/p>\n\n\n\n<p>CENTRO, 2-16 FA YUEN STREET,<\/p>\n\n\n\n<p>MONG KOK<\/p>\n\n\n\n<p>HONG KONG<\/p>","protected":false},"excerpt":{"rendered":"<p>Detr\u00e1s del deslumbrante mundo del nail art se esconde una historia que pocos han o\u00eddo.Desde 1996, en Changyi, China, una empresa bioqu\u00edmica llamada Longchang inici\u00f3 una profunda y silenciosa exploraci\u00f3n de la \u201cbelleza\u201d. Durante casi tres d\u00e9cadas, sus laboratorios no albergaron colores vibrantes, sino una b\u00fasqueda incesante de la perfecci\u00f3n a nivel molecular. Suministraban n\u00facleos seguros y estables [...]<\/p>","protected":false},"author":1,"featured_media":0,"parent":0,"menu_order":0,"comment_status":"closed","ping_status":"closed","template":"","meta":{"footnotes":""},"class_list":["post-7093","page","type-page","status-publish","hentry"],"yoast_head":"<!-- This site is optimized with the Yoast SEO plugin v26.4 - https:\/\/yoast.com\/wordpress\/plugins\/seo\/ -->\n<title>About us - Cat Eye Gel Polish \u2013 HEMA-Free \uff06 TPO-Free<\/title>\n<meta name=\"robots\" content=\"index, follow, max-snippet:-1, max-image-preview:large, max-video-preview:-1\" \/>\n<link rel=\"canonical\" href=\"https:\/\/chromeclair.com\/es\/acerca-de-nosotros\/\" \/>\n<meta property=\"og:locale\" content=\"es_ES\" \/>\n<meta property=\"og:type\" content=\"article\" \/>\n<meta property=\"og:title\" content=\"About us - Cat Eye Gel Polish \u2013 HEMA-Free \uff06 TPO-Free\" \/>\n<meta property=\"og:description\" content=\"Behind the dazzling world of nail art lies a story few have ever heard.Since 1996, in Changyi, China, a biochemical company named Longchang began a deep and quiet exploration of \u201cbeauty.\u201d For nearly three decades, their laboratories held no vibrant colors\u2014only a relentless pursuit of perfection at the molecular level. They supplied safe, stable core [&hellip;]\" \/>\n<meta property=\"og:url\" content=\"https:\/\/chromeclair.com\/es\/acerca-de-nosotros\/\" \/>\n<meta property=\"og:site_name\" content=\"Cat Eye Gel Polish \u2013 HEMA-Free \uff06 TPO-Free\" \/>\n<meta property=\"article:modified_time\" content=\"2026-01-21T07:38:30+00:00\" \/>\n<meta property=\"og:image\" content=\"https:\/\/chromeclair.com\/wp-content\/uploads\/2025\/12\/CHROMECLAIR-factory-scaled.webp\" \/>\n\t<meta property=\"og:image:width\" content=\"2560\" \/>\n\t<meta property=\"og:image:height\" content=\"1707\" \/>\n\t<meta property=\"og:image:type\" content=\"image\/webp\" \/>\n<meta name=\"twitter:card\" content=\"summary_large_image\" \/>\n<meta name=\"twitter:label1\" content=\"Tiempo de lectura\" \/>\n\t<meta name=\"twitter:data1\" content=\"3 minutos\" \/>\n<script type=\"application\/ld+json\" class=\"yoast-schema-graph\">{\"@context\":\"https:\/\/schema.org\",\"@graph\":[{\"@type\":\"WebPage\",\"@id\":\"https:\/\/chromeclair.com\/about-us\/\",\"url\":\"https:\/\/chromeclair.com\/about-us\/\",\"name\":\"About us - Cat Eye Gel Polish \u2013 HEMA-Free \uff06 TPO-Free\",\"isPartOf\":{\"@id\":\"https:\/\/chromeclair.com\/#website\"},\"primaryImageOfPage\":{\"@id\":\"https:\/\/chromeclair.com\/about-us\/#primaryimage\"},\"image\":{\"@id\":\"https:\/\/chromeclair.com\/about-us\/#primaryimage\"},\"thumbnailUrl\":\"https:\/\/chromeclair.com\/wp-content\/uploads\/2025\/12\/CHROMECLAIR-factory-1024x683.webp\",\"datePublished\":\"2025-06-04T09:32:00+00:00\",\"dateModified\":\"2026-01-21T07:38:30+00:00\",\"breadcrumb\":{\"@id\":\"https:\/\/chromeclair.com\/about-us\/#breadcrumb\"},\"inLanguage\":\"es\",\"potentialAction\":[{\"@type\":\"ReadAction\",\"target\":[\"https:\/\/chromeclair.com\/about-us\/\"]}]},{\"@type\":\"ImageObject\",\"inLanguage\":\"es\",\"@id\":\"https:\/\/chromeclair.com\/about-us\/#primaryimage\",\"url\":\"https:\/\/chromeclair.com\/wp-content\/uploads\/2025\/12\/CHROMECLAIR-factory-1024x683.webp\",\"contentUrl\":\"https:\/\/chromeclair.com\/wp-content\/uploads\/2025\/12\/CHROMECLAIR-factory-1024x683.webp\"},{\"@type\":\"BreadcrumbList\",\"@id\":\"https:\/\/chromeclair.com\/about-us\/#breadcrumb\",\"itemListElement\":[{\"@type\":\"ListItem\",\"position\":1,\"name\":\"Home\",\"item\":\"https:\/\/chromeclair.com\/\"},{\"@type\":\"ListItem\",\"position\":2,\"name\":\"About us\"}]},{\"@type\":\"WebSite\",\"@id\":\"https:\/\/chromeclair.com\/#website\",\"url\":\"https:\/\/chromeclair.com\/\",\"name\":\"Cat Eye Gel Polish \u2013 HEMA-Free \uff06 TPO-Free\",\"description\":\"While others focus on having more colors, we focus on having safer ingredients.\",\"publisher\":{\"@id\":\"https:\/\/chromeclair.com\/#organization\"},\"potentialAction\":[{\"@type\":\"SearchAction\",\"target\":{\"@type\":\"EntryPoint\",\"urlTemplate\":\"https:\/\/chromeclair.com\/?s={search_term_string}\"},\"query-input\":{\"@type\":\"PropertyValueSpecification\",\"valueRequired\":true,\"valueName\":\"search_term_string\"}}],\"inLanguage\":\"es\"},{\"@type\":\"Organization\",\"@id\":\"https:\/\/chromeclair.com\/#organization\",\"name\":\"Cat Eye Gel Polish \u2013 HEMA-Free \uff06 TPO-Free\",\"url\":\"https:\/\/chromeclair.com\/\",\"logo\":{\"@type\":\"ImageObject\",\"inLanguage\":\"es\",\"@id\":\"https:\/\/chromeclair.com\/#\/schema\/logo\/image\/\",\"url\":\"https:\/\/chromeclair.com\/wp-content\/uploads\/2025\/06\/cropped-CHROMECLAIR-Logo-scaled-1.png\",\"contentUrl\":\"https:\/\/chromeclair.com\/wp-content\/uploads\/2025\/06\/cropped-CHROMECLAIR-Logo-scaled-1.png\",\"width\":2151,\"height\":429,\"caption\":\"Cat Eye Gel Polish \u2013 HEMA-Free \uff06 TPO-Free\"},\"image\":{\"@id\":\"https:\/\/chromeclair.com\/#\/schema\/logo\/image\/\"}}]}<\/script>\n<!-- \/ Yoast SEO plugin. -->","yoast_head_json":{"title":"Sobre nosotros - Esmalte en gel para ojos de gato - Sin HEMA \uff06 Sin TPO","robots":{"index":"index","follow":"follow","max-snippet":"max-snippet:-1","max-image-preview":"max-image-preview:large","max-video-preview":"max-video-preview:-1"},"canonical":"https:\/\/chromeclair.com\/es\/acerca-de-nosotros\/","og_locale":"es_ES","og_type":"article","og_title":"About us - Cat Eye Gel Polish \u2013 HEMA-Free \uff06 TPO-Free","og_description":"Behind the dazzling world of nail art lies a story few have ever heard.Since 1996, in Changyi, China, a biochemical company named Longchang began a deep and quiet exploration of \u201cbeauty.\u201d For nearly three decades, their laboratories held no vibrant colors\u2014only a relentless pursuit of perfection at the molecular level. They supplied safe, stable core [&hellip;]","og_url":"https:\/\/chromeclair.com\/es\/acerca-de-nosotros\/","og_site_name":"Cat Eye Gel Polish \u2013 HEMA-Free \uff06 TPO-Free","article_modified_time":"2026-01-21T07:38:30+00:00","og_image":[{"width":2560,"height":1707,"url":"https:\/\/chromeclair.com\/wp-content\/uploads\/2025\/12\/CHROMECLAIR-factory-scaled.webp","type":"image\/webp"}],"twitter_card":"summary_large_image","twitter_misc":{"Tiempo de lectura":"3 minutos"},"schema":{"@context":"https:\/\/schema.org","@graph":[{"@type":"WebPage","@id":"https:\/\/chromeclair.com\/about-us\/","url":"https:\/\/chromeclair.com\/about-us\/","name":"Sobre nosotros - Esmalte en gel para ojos de gato - Sin HEMA \uff06 Sin TPO","isPartOf":{"@id":"https:\/\/chromeclair.com\/#website"},"primaryImageOfPage":{"@id":"https:\/\/chromeclair.com\/about-us\/#primaryimage"},"image":{"@id":"https:\/\/chromeclair.com\/about-us\/#primaryimage"},"thumbnailUrl":"https:\/\/chromeclair.com\/wp-content\/uploads\/2025\/12\/CHROMECLAIR-factory-1024x683.webp","datePublished":"2025-06-04T09:32:00+00:00","dateModified":"2026-01-21T07:38:30+00:00","breadcrumb":{"@id":"https:\/\/chromeclair.com\/about-us\/#breadcrumb"},"inLanguage":"es","potentialAction":[{"@type":"ReadAction","target":["https:\/\/chromeclair.com\/about-us\/"]}]},{"@type":"ImageObject","inLanguage":"es","@id":"https:\/\/chromeclair.com\/about-us\/#primaryimage","url":"https:\/\/chromeclair.com\/wp-content\/uploads\/2025\/12\/CHROMECLAIR-factory-1024x683.webp","contentUrl":"https:\/\/chromeclair.com\/wp-content\/uploads\/2025\/12\/CHROMECLAIR-factory-1024x683.webp"},{"@type":"BreadcrumbList","@id":"https:\/\/chromeclair.com\/about-us\/#breadcrumb","itemListElement":[{"@type":"ListItem","position":1,"name":"Home","item":"https:\/\/chromeclair.com\/"},{"@type":"ListItem","position":2,"name":"About us"}]},{"@type":"WebSite","@id":"https:\/\/chromeclair.com\/#website","url":"https:\/\/chromeclair.com\/","name":"Esmalte de u\u00f1as en gel Cat Eye \u2013 Sin HEMA ni TPO","description":"Mientras que otros se centran en ofrecer m\u00e1s colores, nosotros nos centramos en ofrecer ingredientes m\u00e1s seguros.","publisher":{"@id":"https:\/\/chromeclair.com\/#organization"},"potentialAction":[{"@type":"SearchAction","target":{"@type":"EntryPoint","urlTemplate":"https:\/\/chromeclair.com\/?s={search_term_string}"},"query-input":{"@type":"PropertyValueSpecification","valueRequired":true,"valueName":"search_term_string"}}],"inLanguage":"es"},{"@type":"Organization","@id":"https:\/\/chromeclair.com\/#organization","name":"Esmalte de u\u00f1as en gel Cat Eye \u2013 Sin HEMA ni TPO","url":"https:\/\/chromeclair.com\/","logo":{"@type":"ImageObject","inLanguage":"es","@id":"https:\/\/chromeclair.com\/#\/schema\/logo\/image\/","url":"https:\/\/chromeclair.com\/wp-content\/uploads\/2025\/06\/cropped-CHROMECLAIR-Logo-scaled-1.png","contentUrl":"https:\/\/chromeclair.com\/wp-content\/uploads\/2025\/06\/cropped-CHROMECLAIR-Logo-scaled-1.png","width":2151,"height":429,"caption":"Cat Eye Gel Polish \u2013 HEMA-Free \uff06 TPO-Free"},"image":{"@id":"https:\/\/chromeclair.com\/#\/schema\/logo\/image\/"}}]}},"_links":{"self":[{"href":"https:\/\/chromeclair.com\/es\/wp-json\/wp\/v2\/pages\/7093","targetHints":{"allow":["GET"]}}],"collection":[{"href":"https:\/\/chromeclair.com\/es\/wp-json\/wp\/v2\/pages"}],"about":[{"href":"https:\/\/chromeclair.com\/es\/wp-json\/wp\/v2\/types\/page"}],"author":[{"embeddable":true,"href":"https:\/\/chromeclair.com\/es\/wp-json\/wp\/v2\/users\/1"}],"replies":[{"embeddable":true,"href":"https:\/\/chromeclair.com\/es\/wp-json\/wp\/v2\/comments?post=7093"}],"version-history":[{"count":10,"href":"https:\/\/chromeclair.com\/es\/wp-json\/wp\/v2\/pages\/7093\/revisions"}],"predecessor-version":[{"id":10939,"href":"https:\/\/chromeclair.com\/es\/wp-json\/wp\/v2\/pages\/7093\/revisions\/10939"}],"wp:attachment":[{"href":"https:\/\/chromeclair.com\/es\/wp-json\/wp\/v2\/media?parent=7093"}],"curies":[{"name":"wp","href":"https:\/\/api.w.org\/{rel}","templated":true}]}}