{"id":10032,"date":"2025-11-06T09:12:29","date_gmt":"2025-11-06T09:12:29","guid":{"rendered":"https:\/\/chromeclair.com\/?post_type=product&#038;p=10032"},"modified":"2025-11-14T10:30:00","modified_gmt":"2025-11-14T10:30:00","slug":"multi-size-nail-tips-100pcs-box","status":"publish","type":"product","link":"https:\/\/chromeclair.com\/es\/producto\/multi-size-nail-tips-100pcs-box\/","title":{"rendered":"Puntas para u\u00f1as de varios tama\u00f1os 100PCS\/Caja"},"content":{"rendered":"<p><strong>\u00bfEres nuevo en el arte de las u\u00f1as?<\/strong> <\/p>\n\n\n\n<p>Nuestro kit de tips de u\u00f1as para principiantes incluye todo lo que necesitas: una variedad de formas populares de tips de u\u00f1as, pegamento de alta calidad y herramientas para ayudarte a crear f\u00e1cilmente en casa un nail art de calidad de sal\u00f3n de belleza.<\/p>\n\n\n\n<p>Desde las cl\u00e1sicas formas almendradas hasta los modernos trapecios y elipses, ofrecemos una gran variedad de materiales y tama\u00f1os para satisfacer las necesidades de <strong>t\u00e9cnicos de u\u00f1as y aficionados al bricolaje por igual.<\/strong><\/p>","protected":false},"excerpt":{"rendered":"<p>\u00bfEres nueva en el arte de las u\u00f1as? Nuestro kit para principiantes incluye todo lo que necesitas: una variedad de formas populares de u\u00f1as postizas, pegamento de alta calidad y herramientas que te ayudar\u00e1n a crear f\u00e1cilmente dise\u00f1os de u\u00f1as con calidad de sal\u00f3n en casa. Desde las cl\u00e1sicas formas almendradas hasta las modernas trapezoidales y el\u00edpticas, ofrecemos una variedad de materiales y tama\u00f1os para satisfacer las necesidades [\u2026]<\/p>","protected":false},"featured_media":10044,"comment_status":"open","ping_status":"closed","template":"","meta":[],"product_brand":[162],"product_cat":[182],"product_tag":[],"class_list":{"0":"post-10032","1":"product","2":"type-product","3":"status-publish","4":"has-post-thumbnail","6":"product_brand-chromeclair","7":"product_cat-tools-accessories","9":"first","10":"instock","11":"shipping-taxable","12":"purchasable","13":"product-type-variable"},"yoast_head":"<!-- This site is optimized with the Yoast SEO plugin v26.4 - https:\/\/yoast.com\/wordpress\/plugins\/seo\/ -->\n<title>Acrylic &amp; Gel Nail Tips For Professionals &amp; DIY False Nail Tips Nail Extensions Tips -CHROM\u00c9CLAIR<\/title>\n<meta name=\"description\" content=\"Explore the full range of CHROM\u00c9CLAIR professional nail tips. From classic almond shapes to trendy trapezoids and ellipse, we offer a variety of materials and sizes to meet the needs of nail technicians and DIY enthusiasts alike.\" \/>\n<meta name=\"robots\" content=\"index, follow, max-snippet:-1, max-image-preview:large, max-video-preview:-1\" \/>\n<link rel=\"canonical\" href=\"https:\/\/chromeclair.com\/es\/producto\/multi-size-nail-tips-100pcs-box\/\" \/>\n<meta property=\"og:locale\" content=\"es_ES\" \/>\n<meta property=\"og:type\" content=\"article\" \/>\n<meta property=\"og:title\" content=\"Acrylic &amp; Gel Nail Tips For Professionals &amp; DIY False Nail Tips Nail Extensions Tips -CHROM\u00c9CLAIR\" \/>\n<meta property=\"og:description\" content=\"Explore the full range of CHROM\u00c9CLAIR professional nail tips. From classic almond shapes to trendy trapezoids and ellipse, we offer a variety of materials and sizes to meet the needs of nail technicians and DIY enthusiasts alike.\" \/>\n<meta property=\"og:url\" content=\"https:\/\/chromeclair.com\/es\/producto\/multi-size-nail-tips-100pcs-box\/\" \/>\n<meta property=\"og:site_name\" content=\"chromeclair.com\" \/>\n<meta property=\"article:modified_time\" content=\"2025-11-14T10:30:00+00:00\" \/>\n<meta property=\"og:image\" content=\"https:\/\/chromeclair.com\/wp-content\/uploads\/2025\/11\/\u52a0\u957f\u68af.webp\" \/>\n\t<meta property=\"og:image:width\" content=\"800\" \/>\n\t<meta property=\"og:image:height\" content=\"800\" \/>\n\t<meta property=\"og:image:type\" content=\"image\/webp\" \/>\n<meta name=\"twitter:card\" content=\"summary_large_image\" \/>\n<meta name=\"twitter:label1\" content=\"Tiempo de lectura\" \/>\n\t<meta name=\"twitter:data1\" content=\"1 minuto\" \/>\n<script type=\"application\/ld+json\" class=\"yoast-schema-graph\">{\"@context\":\"https:\/\/schema.org\",\"@graph\":[{\"@type\":\"WebPage\",\"@id\":\"https:\/\/chromeclair.com\/product\/multi-size-nail-tips-100pcs-box\/\",\"url\":\"https:\/\/chromeclair.com\/product\/multi-size-nail-tips-100pcs-box\/\",\"name\":\"Acrylic & Gel Nail Tips For Professionals & DIY False Nail Tips Nail Extensions Tips -CHROM\u00c9CLAIR\",\"isPartOf\":{\"@id\":\"https:\/\/chromeclair.com\/#website\"},\"primaryImageOfPage\":{\"@id\":\"https:\/\/chromeclair.com\/product\/multi-size-nail-tips-100pcs-box\/#primaryimage\"},\"image\":{\"@id\":\"https:\/\/chromeclair.com\/product\/multi-size-nail-tips-100pcs-box\/#primaryimage\"},\"thumbnailUrl\":\"https:\/\/chromeclair.com\/wp-content\/uploads\/2025\/11\/\u52a0\u957f\u68af.webp\",\"datePublished\":\"2025-11-06T09:12:29+00:00\",\"dateModified\":\"2025-11-14T10:30:00+00:00\",\"description\":\"Explore the full range of CHROM\u00c9CLAIR professional nail tips. From classic almond shapes to trendy trapezoids and ellipse, we offer a variety of materials and sizes to meet the needs of nail technicians and DIY enthusiasts alike.\",\"breadcrumb\":{\"@id\":\"https:\/\/chromeclair.com\/product\/multi-size-nail-tips-100pcs-box\/#breadcrumb\"},\"inLanguage\":\"es\",\"potentialAction\":[{\"@type\":\"ReadAction\",\"target\":[\"https:\/\/chromeclair.com\/product\/multi-size-nail-tips-100pcs-box\/\"]}]},{\"@type\":\"ImageObject\",\"inLanguage\":\"es\",\"@id\":\"https:\/\/chromeclair.com\/product\/multi-size-nail-tips-100pcs-box\/#primaryimage\",\"url\":\"https:\/\/chromeclair.com\/wp-content\/uploads\/2025\/11\/\u52a0\u957f\u68af.webp\",\"contentUrl\":\"https:\/\/chromeclair.com\/wp-content\/uploads\/2025\/11\/\u52a0\u957f\u68af.webp\",\"width\":800,\"height\":800},{\"@type\":\"BreadcrumbList\",\"@id\":\"https:\/\/chromeclair.com\/product\/multi-size-nail-tips-100pcs-box\/#breadcrumb\",\"itemListElement\":[{\"@type\":\"ListItem\",\"position\":1,\"name\":\"Home\",\"item\":\"https:\/\/chromeclair.com\/\"},{\"@type\":\"ListItem\",\"position\":2,\"name\":\"Shop\",\"item\":\"https:\/\/chromeclair.com\/shop\/\"},{\"@type\":\"ListItem\",\"position\":3,\"name\":\"Multi-Size Nail Tips 100PCS\/Box\"}]},{\"@type\":\"WebSite\",\"@id\":\"https:\/\/chromeclair.com\/#website\",\"url\":\"https:\/\/chromeclair.com\/\",\"name\":\"chromeclair.com\",\"description\":\"\",\"publisher\":{\"@id\":\"https:\/\/chromeclair.com\/#organization\"},\"potentialAction\":[{\"@type\":\"SearchAction\",\"target\":{\"@type\":\"EntryPoint\",\"urlTemplate\":\"https:\/\/chromeclair.com\/?s={search_term_string}\"},\"query-input\":{\"@type\":\"PropertyValueSpecification\",\"valueRequired\":true,\"valueName\":\"search_term_string\"}}],\"inLanguage\":\"es\"},{\"@type\":\"Organization\",\"@id\":\"https:\/\/chromeclair.com\/#organization\",\"name\":\"chromeclair.com\",\"url\":\"https:\/\/chromeclair.com\/\",\"logo\":{\"@type\":\"ImageObject\",\"inLanguage\":\"es\",\"@id\":\"https:\/\/chromeclair.com\/#\/schema\/logo\/image\/\",\"url\":\"https:\/\/chromeclair.com\/wp-content\/uploads\/2025\/06\/cropped-CHROMECLAIR-Logo-scaled-1.png\",\"contentUrl\":\"https:\/\/chromeclair.com\/wp-content\/uploads\/2025\/06\/cropped-CHROMECLAIR-Logo-scaled-1.png\",\"width\":2151,\"height\":429,\"caption\":\"chromeclair.com\"},\"image\":{\"@id\":\"https:\/\/chromeclair.com\/#\/schema\/logo\/image\/\"}}]}<\/script>\n<!-- \/ Yoast SEO plugin. -->","yoast_head_json":{"title":"U\u00f1as acr\u00edlicas y de gel Tips para profesionales y bricolaje U\u00f1as postizas Tips para extensiones de u\u00f1as -CHROM\u00c9CLAIR","description":"Explore toda la gama de tips de u\u00f1as profesionales CHROM\u00c9CLAIR. Desde las cl\u00e1sicas formas almendradas hasta las modernas trapezoidales y el\u00edpticas, ofrecemos una gran variedad de materiales y tama\u00f1os para satisfacer las necesidades tanto de los t\u00e9cnicos de u\u00f1as como de los aficionados al bricolaje.","robots":{"index":"index","follow":"follow","max-snippet":"max-snippet:-1","max-image-preview":"max-image-preview:large","max-video-preview":"max-video-preview:-1"},"canonical":"https:\/\/chromeclair.com\/es\/producto\/multi-size-nail-tips-100pcs-box\/","og_locale":"es_ES","og_type":"article","og_title":"Acrylic & Gel Nail Tips For Professionals & DIY False Nail Tips Nail Extensions Tips -CHROM\u00c9CLAIR","og_description":"Explore the full range of CHROM\u00c9CLAIR professional nail tips. From classic almond shapes to trendy trapezoids and ellipse, we offer a variety of materials and sizes to meet the needs of nail technicians and DIY enthusiasts alike.","og_url":"https:\/\/chromeclair.com\/es\/producto\/multi-size-nail-tips-100pcs-box\/","og_site_name":"chromeclair.com","article_modified_time":"2025-11-14T10:30:00+00:00","og_image":[{"width":800,"height":800,"url":"https:\/\/chromeclair.com\/wp-content\/uploads\/2025\/11\/\u52a0\u957f\u68af.webp","type":"image\/webp"}],"twitter_card":"summary_large_image","twitter_misc":{"Tiempo de lectura":"1 minuto"},"schema":{"@context":"https:\/\/schema.org","@graph":[{"@type":"WebPage","@id":"https:\/\/chromeclair.com\/product\/multi-size-nail-tips-100pcs-box\/","url":"https:\/\/chromeclair.com\/product\/multi-size-nail-tips-100pcs-box\/","name":"U\u00f1as acr\u00edlicas y de gel Tips para profesionales y bricolaje U\u00f1as postizas Tips para extensiones de u\u00f1as -CHROM\u00c9CLAIR","isPartOf":{"@id":"https:\/\/chromeclair.com\/#website"},"primaryImageOfPage":{"@id":"https:\/\/chromeclair.com\/product\/multi-size-nail-tips-100pcs-box\/#primaryimage"},"image":{"@id":"https:\/\/chromeclair.com\/product\/multi-size-nail-tips-100pcs-box\/#primaryimage"},"thumbnailUrl":"https:\/\/chromeclair.com\/wp-content\/uploads\/2025\/11\/\u52a0\u957f\u68af.webp","datePublished":"2025-11-06T09:12:29+00:00","dateModified":"2025-11-14T10:30:00+00:00","description":"Explore toda la gama de tips de u\u00f1as profesionales CHROM\u00c9CLAIR. Desde las cl\u00e1sicas formas almendradas hasta las modernas trapezoidales y el\u00edpticas, ofrecemos una gran variedad de materiales y tama\u00f1os para satisfacer las necesidades tanto de los t\u00e9cnicos de u\u00f1as como de los aficionados al bricolaje.","breadcrumb":{"@id":"https:\/\/chromeclair.com\/product\/multi-size-nail-tips-100pcs-box\/#breadcrumb"},"inLanguage":"es","potentialAction":[{"@type":"ReadAction","target":["https:\/\/chromeclair.com\/product\/multi-size-nail-tips-100pcs-box\/"]}]},{"@type":"ImageObject","inLanguage":"es","@id":"https:\/\/chromeclair.com\/product\/multi-size-nail-tips-100pcs-box\/#primaryimage","url":"https:\/\/chromeclair.com\/wp-content\/uploads\/2025\/11\/\u52a0\u957f\u68af.webp","contentUrl":"https:\/\/chromeclair.com\/wp-content\/uploads\/2025\/11\/\u52a0\u957f\u68af.webp","width":800,"height":800},{"@type":"BreadcrumbList","@id":"https:\/\/chromeclair.com\/product\/multi-size-nail-tips-100pcs-box\/#breadcrumb","itemListElement":[{"@type":"ListItem","position":1,"name":"Home","item":"https:\/\/chromeclair.com\/"},{"@type":"ListItem","position":2,"name":"Shop","item":"https:\/\/chromeclair.com\/shop\/"},{"@type":"ListItem","position":3,"name":"Multi-Size Nail Tips 100PCS\/Box"}]},{"@type":"WebSite","@id":"https:\/\/chromeclair.com\/#website","url":"https:\/\/chromeclair.com\/","name":"chromeclair.com","description":"","publisher":{"@id":"https:\/\/chromeclair.com\/#organization"},"potentialAction":[{"@type":"SearchAction","target":{"@type":"EntryPoint","urlTemplate":"https:\/\/chromeclair.com\/?s={search_term_string}"},"query-input":{"@type":"PropertyValueSpecification","valueRequired":true,"valueName":"search_term_string"}}],"inLanguage":"es"},{"@type":"Organization","@id":"https:\/\/chromeclair.com\/#organization","name":"chromeclair.com","url":"https:\/\/chromeclair.com\/","logo":{"@type":"ImageObject","inLanguage":"es","@id":"https:\/\/chromeclair.com\/#\/schema\/logo\/image\/","url":"https:\/\/chromeclair.com\/wp-content\/uploads\/2025\/06\/cropped-CHROMECLAIR-Logo-scaled-1.png","contentUrl":"https:\/\/chromeclair.com\/wp-content\/uploads\/2025\/06\/cropped-CHROMECLAIR-Logo-scaled-1.png","width":2151,"height":429,"caption":"chromeclair.com"},"image":{"@id":"https:\/\/chromeclair.com\/#\/schema\/logo\/image\/"}}]}},"_links":{"self":[{"href":"https:\/\/chromeclair.com\/es\/wp-json\/wp\/v2\/product\/10032","targetHints":{"allow":["GET"]}}],"collection":[{"href":"https:\/\/chromeclair.com\/es\/wp-json\/wp\/v2\/product"}],"about":[{"href":"https:\/\/chromeclair.com\/es\/wp-json\/wp\/v2\/types\/product"}],"replies":[{"embeddable":true,"href":"https:\/\/chromeclair.com\/es\/wp-json\/wp\/v2\/comments?post=10032"}],"wp:featuredmedia":[{"embeddable":true,"href":"https:\/\/chromeclair.com\/es\/wp-json\/wp\/v2\/media\/10044"}],"wp:attachment":[{"href":"https:\/\/chromeclair.com\/es\/wp-json\/wp\/v2\/media?parent=10032"}],"wp:term":[{"taxonomy":"product_brand","embeddable":true,"href":"https:\/\/chromeclair.com\/es\/wp-json\/wp\/v2\/product_brand?post=10032"},{"taxonomy":"product_cat","embeddable":true,"href":"https:\/\/chromeclair.com\/es\/wp-json\/wp\/v2\/product_cat?post=10032"},{"taxonomy":"product_tag","embeddable":true,"href":"https:\/\/chromeclair.com\/es\/wp-json\/wp\/v2\/product_tag?post=10032"}],"curies":[{"name":"wp","href":"https:\/\/api.w.org\/{rel}","templated":true}]}}