{"id":10049,"date":"2025-11-06T09:29:18","date_gmt":"2025-11-06T09:29:18","guid":{"rendered":"https:\/\/chromeclair.com\/?post_type=product&#038;p=10049"},"modified":"2026-04-13T05:56:28","modified_gmt":"2026-04-13T05:56:28","slug":"triple-effect-nail-art-magnet","status":"publish","type":"product","link":"https:\/\/chromeclair.com\/es\/product\/triple-effect-nail-art-magnet\/","title":{"rendered":"Im\u00e1n nail art triple efecto"},"content":{"rendered":"<p>Nuestros imanes de triple efecto para u\u00f1as son f\u00e1ciles de usar y aprender\u00e1s en un abrir y cerrar de ojos. <\/p>\n\n\n\n<p>Con un solo im\u00e1n, puedes crear tres o m\u00e1s dise\u00f1os exquisitos para mantener brillantes las yemas de tus dedos.<\/p>\n\n\n\n<p>Cuando se utiliza con el esmalte de gel CHROM\u00c9CLAIR Cat Eye, es una herramienta esencial para los t\u00e9cnicos de u\u00f1as y los entusiastas del nail art.<\/p>","protected":false},"excerpt":{"rendered":"<p>Nuestros imanes de triple efecto para u\u00f1as son f\u00e1ciles de usar y aprender\u00e1s en un abrir y cerrar de ojos. Con un solo im\u00e1n, puede crear tres o m\u00e1s dise\u00f1os exquisitos para mantener brillantes las yemas de sus dedos. Cuando se utiliza con el esmalte de gel CHROM\u00c9CLAIR Cat Eye, es una herramienta esencial para los t\u00e9cnicos de u\u00f1as y los entusiastas del nail art.<\/p>","protected":false},"featured_media":10050,"comment_status":"open","ping_status":"closed","template":"","meta":[],"product_brand":[],"product_cat":[182],"product_tag":[],"class_list":{"0":"post-10049","1":"product","2":"type-product","3":"status-publish","4":"has-post-thumbnail","6":"product_cat-tools-accessories","8":"first","9":"instock","10":"shipping-taxable","11":"purchasable","12":"product-type-simple"},"yoast_head":"<!-- This site is optimized with the Yoast SEO plugin v27.4 - https:\/\/yoast.com\/product\/yoast-seo-wordpress\/ -->\n<title>Nail Art Magnet Triple Effect Nail Magnet Magnetic Nail Polish Magnet -CHROM\u00c9CLAIR<\/title>\n<meta name=\"description\" content=\"One magnet, three effects! Our professional nail magnets easily create classic cat-eye, dynamic waves, and dazzling ray effects. Used with magnetic nail polish, it&#039;s an essential tool for nail technicians and nail art enthusiasts. -CHROM\u00c9CLAIR\" \/>\n<meta name=\"robots\" content=\"index, follow, max-snippet:-1, max-image-preview:large, max-video-preview:-1\" \/>\n<link rel=\"canonical\" href=\"https:\/\/chromeclair.com\/es\/producto\/triple-effect-nail-art-magnet\/\" \/>\n<meta property=\"og:locale\" content=\"es_ES\" \/>\n<meta property=\"og:type\" content=\"article\" \/>\n<meta property=\"og:title\" content=\"Nail Art Magnet Triple Effect Nail Magnet Magnetic Nail Polish Magnet -CHROM\u00c9CLAIR\" \/>\n<meta property=\"og:description\" content=\"One magnet, three effects! Our professional nail magnets easily create classic cat-eye, dynamic waves, and dazzling ray effects. Used with magnetic nail polish, it&#039;s an essential tool for nail technicians and nail art enthusiasts. -CHROM\u00c9CLAIR\" \/>\n<meta property=\"og:url\" content=\"https:\/\/chromeclair.com\/es\/producto\/triple-effect-nail-art-magnet\/\" \/>\n<meta property=\"og:site_name\" content=\"Cat Eye Gel Polish \u2013 HEMA-Free \uff06 TPO-Free\" \/>\n<meta property=\"article:modified_time\" content=\"2026-04-13T05:56:28+00:00\" \/>\n<meta property=\"og:image\" content=\"https:\/\/chromeclair.com\/wp-content\/uploads\/2025\/11\/3-IN-1-cat-eye-magnet.webp\" \/>\n\t<meta property=\"og:image:width\" content=\"800\" \/>\n\t<meta property=\"og:image:height\" content=\"800\" \/>\n\t<meta property=\"og:image:type\" content=\"image\/webp\" \/>\n<meta name=\"twitter:card\" content=\"summary_large_image\" \/>\n<meta name=\"twitter:label1\" content=\"Tiempo de lectura\" \/>\n\t<meta name=\"twitter:data1\" content=\"1 minuto\" \/>\n<script type=\"application\/ld+json\" class=\"yoast-schema-graph\">{\"@context\":\"https:\\\/\\\/schema.org\",\"@graph\":[{\"@type\":\"WebPage\",\"@id\":\"https:\\\/\\\/chromeclair.com\\\/product\\\/triple-effect-nail-art-magnet\\\/\",\"url\":\"https:\\\/\\\/chromeclair.com\\\/product\\\/triple-effect-nail-art-magnet\\\/\",\"name\":\"Nail Art Magnet Triple Effect Nail Magnet Magnetic Nail Polish Magnet -CHROM\u00c9CLAIR\",\"isPartOf\":{\"@id\":\"https:\\\/\\\/chromeclair.com\\\/#website\"},\"primaryImageOfPage\":{\"@id\":\"https:\\\/\\\/chromeclair.com\\\/product\\\/triple-effect-nail-art-magnet\\\/#primaryimage\"},\"image\":{\"@id\":\"https:\\\/\\\/chromeclair.com\\\/product\\\/triple-effect-nail-art-magnet\\\/#primaryimage\"},\"thumbnailUrl\":\"https:\\\/\\\/chromeclair.com\\\/wp-content\\\/uploads\\\/2025\\\/11\\\/3-IN-1-cat-eye-magnet.webp\",\"datePublished\":\"2025-11-06T09:29:18+00:00\",\"dateModified\":\"2026-04-13T05:56:28+00:00\",\"description\":\"One magnet, three effects! Our professional nail magnets easily create classic cat-eye, dynamic waves, and dazzling ray effects. Used with magnetic nail polish, it's an essential tool for nail technicians and nail art enthusiasts. -CHROM\u00c9CLAIR\",\"inLanguage\":\"es\",\"potentialAction\":[{\"@type\":\"ReadAction\",\"target\":[\"https:\\\/\\\/chromeclair.com\\\/product\\\/triple-effect-nail-art-magnet\\\/\"]}]},{\"@type\":\"ImageObject\",\"inLanguage\":\"es\",\"@id\":\"https:\\\/\\\/chromeclair.com\\\/product\\\/triple-effect-nail-art-magnet\\\/#primaryimage\",\"url\":\"https:\\\/\\\/chromeclair.com\\\/wp-content\\\/uploads\\\/2025\\\/11\\\/3-IN-1-cat-eye-magnet.webp\",\"contentUrl\":\"https:\\\/\\\/chromeclair.com\\\/wp-content\\\/uploads\\\/2025\\\/11\\\/3-IN-1-cat-eye-magnet.webp\",\"width\":800,\"height\":800,\"caption\":\"Triple effect nail art magnet\"},{\"@type\":\"WebSite\",\"@id\":\"https:\\\/\\\/chromeclair.com\\\/#website\",\"url\":\"https:\\\/\\\/chromeclair.com\\\/\",\"name\":\"Cat Eye Gel Polish \u2013 HEMA-Free \uff06 TPO-Free\",\"description\":\"While others focus on having more colors, we focus on having safer ingredients.\",\"publisher\":{\"@id\":\"https:\\\/\\\/chromeclair.com\\\/#organization\"},\"potentialAction\":[{\"@type\":\"SearchAction\",\"target\":{\"@type\":\"EntryPoint\",\"urlTemplate\":\"https:\\\/\\\/chromeclair.com\\\/?s={search_term_string}\"},\"query-input\":{\"@type\":\"PropertyValueSpecification\",\"valueRequired\":true,\"valueName\":\"search_term_string\"}}],\"inLanguage\":\"es\"},{\"@type\":\"Organization\",\"@id\":\"https:\\\/\\\/chromeclair.com\\\/#organization\",\"name\":\"Cat Eye Gel Polish \u2013 HEMA-Free \uff06 TPO-Free\",\"url\":\"https:\\\/\\\/chromeclair.com\\\/\",\"logo\":{\"@type\":\"ImageObject\",\"inLanguage\":\"es\",\"@id\":\"https:\\\/\\\/chromeclair.com\\\/#\\\/schema\\\/logo\\\/image\\\/\",\"url\":\"https:\\\/\\\/chromeclair.com\\\/wp-content\\\/uploads\\\/2025\\\/06\\\/cropped-CHROMECLAIR-Logo-scaled-1.png\",\"contentUrl\":\"https:\\\/\\\/chromeclair.com\\\/wp-content\\\/uploads\\\/2025\\\/06\\\/cropped-CHROMECLAIR-Logo-scaled-1.png\",\"width\":2151,\"height\":429,\"caption\":\"Cat Eye Gel Polish \u2013 HEMA-Free \uff06 TPO-Free\"},\"image\":{\"@id\":\"https:\\\/\\\/chromeclair.com\\\/#\\\/schema\\\/logo\\\/image\\\/\"}}]}<\/script>\n<!-- \/ Yoast SEO plugin. -->","yoast_head_json":{"title":"Im\u00e1n Nail Art Triple Efecto Im\u00e1n Esmalte de U\u00f1as -CHROM\u00c9CLAIR","description":"Un im\u00e1n, \u00a1tres efectos! Nuestros imanes profesionales para u\u00f1as crean f\u00e1cilmente efectos cl\u00e1sicos de ojos de gato, ondas din\u00e1micas y rayos deslumbrantes. Utilizado con esmalte magn\u00e9tico, es una herramienta esencial para t\u00e9cnicos de u\u00f1as y entusiastas del nail art. -CHROM\u00c9CLAIR","robots":{"index":"index","follow":"follow","max-snippet":"max-snippet:-1","max-image-preview":"max-image-preview:large","max-video-preview":"max-video-preview:-1"},"canonical":"https:\/\/chromeclair.com\/es\/producto\/triple-effect-nail-art-magnet\/","og_locale":"es_ES","og_type":"article","og_title":"Nail Art Magnet Triple Effect Nail Magnet Magnetic Nail Polish Magnet -CHROM\u00c9CLAIR","og_description":"One magnet, three effects! Our professional nail magnets easily create classic cat-eye, dynamic waves, and dazzling ray effects. Used with magnetic nail polish, it's an essential tool for nail technicians and nail art enthusiasts. -CHROM\u00c9CLAIR","og_url":"https:\/\/chromeclair.com\/es\/producto\/triple-effect-nail-art-magnet\/","og_site_name":"Cat Eye Gel Polish \u2013 HEMA-Free \uff06 TPO-Free","article_modified_time":"2026-04-13T05:56:28+00:00","og_image":[{"width":800,"height":800,"url":"https:\/\/chromeclair.com\/wp-content\/uploads\/2025\/11\/3-IN-1-cat-eye-magnet.webp","type":"image\/webp"}],"twitter_card":"summary_large_image","twitter_misc":{"Tiempo de lectura":"1 minuto"},"schema":{"@context":"https:\/\/schema.org","@graph":[{"@type":"WebPage","@id":"https:\/\/chromeclair.com\/product\/triple-effect-nail-art-magnet\/","url":"https:\/\/chromeclair.com\/product\/triple-effect-nail-art-magnet\/","name":"Im\u00e1n Nail Art Triple Efecto Im\u00e1n Esmalte de U\u00f1as -CHROM\u00c9CLAIR","isPartOf":{"@id":"https:\/\/chromeclair.com\/#website"},"primaryImageOfPage":{"@id":"https:\/\/chromeclair.com\/product\/triple-effect-nail-art-magnet\/#primaryimage"},"image":{"@id":"https:\/\/chromeclair.com\/product\/triple-effect-nail-art-magnet\/#primaryimage"},"thumbnailUrl":"https:\/\/chromeclair.com\/wp-content\/uploads\/2025\/11\/3-IN-1-cat-eye-magnet.webp","datePublished":"2025-11-06T09:29:18+00:00","dateModified":"2026-04-13T05:56:28+00:00","description":"Un im\u00e1n, \u00a1tres efectos! Nuestros imanes profesionales para u\u00f1as crean f\u00e1cilmente efectos cl\u00e1sicos de ojos de gato, ondas din\u00e1micas y rayos deslumbrantes. Utilizado con esmalte magn\u00e9tico, es una herramienta esencial para t\u00e9cnicos de u\u00f1as y entusiastas del nail art. -CHROM\u00c9CLAIR","inLanguage":"es","potentialAction":[{"@type":"ReadAction","target":["https:\/\/chromeclair.com\/product\/triple-effect-nail-art-magnet\/"]}]},{"@type":"ImageObject","inLanguage":"es","@id":"https:\/\/chromeclair.com\/product\/triple-effect-nail-art-magnet\/#primaryimage","url":"https:\/\/chromeclair.com\/wp-content\/uploads\/2025\/11\/3-IN-1-cat-eye-magnet.webp","contentUrl":"https:\/\/chromeclair.com\/wp-content\/uploads\/2025\/11\/3-IN-1-cat-eye-magnet.webp","width":800,"height":800,"caption":"Triple effect nail art magnet"},{"@type":"WebSite","@id":"https:\/\/chromeclair.com\/#website","url":"https:\/\/chromeclair.com\/","name":"Esmalte de u\u00f1as en gel Cat Eye \u2013 Sin HEMA ni TPO","description":"Mientras que otros se centran en ofrecer m\u00e1s colores, nosotros nos centramos en ofrecer ingredientes m\u00e1s seguros.","publisher":{"@id":"https:\/\/chromeclair.com\/#organization"},"potentialAction":[{"@type":"SearchAction","target":{"@type":"EntryPoint","urlTemplate":"https:\/\/chromeclair.com\/?s={search_term_string}"},"query-input":{"@type":"PropertyValueSpecification","valueRequired":true,"valueName":"search_term_string"}}],"inLanguage":"es"},{"@type":"Organization","@id":"https:\/\/chromeclair.com\/#organization","name":"Esmalte de u\u00f1as en gel Cat Eye \u2013 Sin HEMA ni TPO","url":"https:\/\/chromeclair.com\/","logo":{"@type":"ImageObject","inLanguage":"es","@id":"https:\/\/chromeclair.com\/#\/schema\/logo\/image\/","url":"https:\/\/chromeclair.com\/wp-content\/uploads\/2025\/06\/cropped-CHROMECLAIR-Logo-scaled-1.png","contentUrl":"https:\/\/chromeclair.com\/wp-content\/uploads\/2025\/06\/cropped-CHROMECLAIR-Logo-scaled-1.png","width":2151,"height":429,"caption":"Cat Eye Gel Polish \u2013 HEMA-Free \uff06 TPO-Free"},"image":{"@id":"https:\/\/chromeclair.com\/#\/schema\/logo\/image\/"}}]}},"_links":{"self":[{"href":"https:\/\/chromeclair.com\/es\/wp-json\/wp\/v2\/product\/10049","targetHints":{"allow":["GET"]}}],"collection":[{"href":"https:\/\/chromeclair.com\/es\/wp-json\/wp\/v2\/product"}],"about":[{"href":"https:\/\/chromeclair.com\/es\/wp-json\/wp\/v2\/types\/product"}],"replies":[{"embeddable":true,"href":"https:\/\/chromeclair.com\/es\/wp-json\/wp\/v2\/comments?post=10049"}],"wp:featuredmedia":[{"embeddable":true,"href":"https:\/\/chromeclair.com\/es\/wp-json\/wp\/v2\/media\/10050"}],"wp:attachment":[{"href":"https:\/\/chromeclair.com\/es\/wp-json\/wp\/v2\/media?parent=10049"}],"wp:term":[{"taxonomy":"product_brand","embeddable":true,"href":"https:\/\/chromeclair.com\/es\/wp-json\/wp\/v2\/product_brand?post=10049"},{"taxonomy":"product_cat","embeddable":true,"href":"https:\/\/chromeclair.com\/es\/wp-json\/wp\/v2\/product_cat?post=10049"},{"taxonomy":"product_tag","embeddable":true,"href":"https:\/\/chromeclair.com\/es\/wp-json\/wp\/v2\/product_tag?post=10049"}],"curies":[{"name":"wp","href":"https:\/\/api.w.org\/{rel}","templated":true}]}}