{"id":10057,"date":"2025-11-06T09:49:47","date_gmt":"2025-11-06T09:49:47","guid":{"rendered":"https:\/\/chromeclair.com\/?post_type=product&#038;p=10057"},"modified":"2026-04-13T05:55:56","modified_gmt":"2026-04-13T05:55:56","slug":"professional-nail-form-guide-1-roll","status":"publish","type":"product","link":"https:\/\/chromeclair.com\/es\/product\/professional-nail-form-guide-1-roll\/","title":{"rendered":"Gu\u00eda Profesional de U\u00f1as 500PCS\/1 Rollo"},"content":{"rendered":"<p><strong>\u00bfAprender t\u00e9cnicas de esculpido de u\u00f1as?<\/strong> <\/p>\n\n\n\n<p>Nuestras plantillas de papel de pr\u00e1cticas son la elecci\u00f3n perfecta. <\/p>\n\n\n\n<p>Cada rollo contiene una gran cantidad para satisfacer sus necesidades de pr\u00e1ctica repetida, lo que las convierte en una herramienta b\u00e1sica esencial para estudiantes y aficionados al arte de las u\u00f1as.<\/p>\n\n\n\n<p><\/p>","protected":false},"excerpt":{"rendered":"<p>\u00bfEst\u00e1 aprendiendo t\u00e9cnicas de esculpido de u\u00f1as? Nuestras plantillas de papel de pr\u00e1ctica son la elecci\u00f3n perfecta. Cada rollo contiene una gran cantidad para satisfacer sus necesidades de pr\u00e1ctica repetida, lo que las convierte en una herramienta b\u00e1sica esencial para estudiantes y entusiastas del nail art.<\/p>","protected":false},"featured_media":10058,"comment_status":"open","ping_status":"closed","template":"","meta":[],"product_brand":[162],"product_cat":[182],"product_tag":[],"class_list":{"0":"post-10057","1":"product","2":"type-product","3":"status-publish","4":"has-post-thumbnail","6":"product_brand-chromeclair","7":"product_cat-tools-accessories","9":"first","10":"instock","11":"shipping-taxable","12":"purchasable","13":"product-type-simple"},"yoast_head":"<!-- This site is optimized with the Yoast SEO plugin v27.4 - https:\/\/yoast.com\/product\/yoast-seo-wordpress\/ -->\n<title>Nail Form Guides Professional Nail Forms Create Custom Length &amp; Shape -CHROM\u00c9CLAIR<\/title>\n<meta name=\"description\" content=\"Professional nail art stencils, individually rolled for affordability. Made with high-quality adhesive, they conform perfectly to the nail cuticles without tassels, making them ideal for creating perfect custom designs and silk extensions. They help nail technicians achieve precise shaping and improve salon efficiency. -CHROM\u00c9CLAIR\" \/>\n<meta name=\"robots\" content=\"index, follow, max-snippet:-1, max-image-preview:large, max-video-preview:-1\" \/>\n<link rel=\"canonical\" href=\"https:\/\/chromeclair.com\/es\/producto\/professional-nail-form-guide-1-roll\/\" \/>\n<meta property=\"og:locale\" content=\"es_ES\" \/>\n<meta property=\"og:type\" content=\"article\" \/>\n<meta property=\"og:title\" content=\"Nail Form Guides Professional Nail Forms Create Custom Length &amp; Shape -CHROM\u00c9CLAIR\" \/>\n<meta property=\"og:description\" content=\"Professional nail art stencils, individually rolled for affordability. Made with high-quality adhesive, they conform perfectly to the nail cuticles without tassels, making them ideal for creating perfect custom designs and silk extensions. They help nail technicians achieve precise shaping and improve salon efficiency. -CHROM\u00c9CLAIR\" \/>\n<meta property=\"og:url\" content=\"https:\/\/chromeclair.com\/es\/producto\/professional-nail-form-guide-1-roll\/\" \/>\n<meta property=\"og:site_name\" content=\"Cat Eye Gel Polish \u2013 HEMA-Free \uff06 TPO-Free\" \/>\n<meta property=\"article:modified_time\" content=\"2026-04-13T05:55:56+00:00\" \/>\n<meta property=\"og:image\" content=\"https:\/\/chromeclair.com\/wp-content\/uploads\/2025\/11\/1-8.webp\" \/>\n\t<meta property=\"og:image:width\" content=\"800\" \/>\n\t<meta property=\"og:image:height\" content=\"800\" \/>\n\t<meta property=\"og:image:type\" content=\"image\/webp\" \/>\n<meta name=\"twitter:card\" content=\"summary_large_image\" \/>\n<meta name=\"twitter:label1\" content=\"Tiempo de lectura\" \/>\n\t<meta name=\"twitter:data1\" content=\"1 minuto\" \/>\n<script type=\"application\/ld+json\" class=\"yoast-schema-graph\">{\"@context\":\"https:\\\/\\\/schema.org\",\"@graph\":[{\"@type\":\"WebPage\",\"@id\":\"https:\\\/\\\/chromeclair.com\\\/product\\\/professional-nail-form-guide-1-roll\\\/\",\"url\":\"https:\\\/\\\/chromeclair.com\\\/product\\\/professional-nail-form-guide-1-roll\\\/\",\"name\":\"Nail Form Guides Professional Nail Forms Create Custom Length & Shape -CHROM\u00c9CLAIR\",\"isPartOf\":{\"@id\":\"https:\\\/\\\/chromeclair.com\\\/#website\"},\"primaryImageOfPage\":{\"@id\":\"https:\\\/\\\/chromeclair.com\\\/product\\\/professional-nail-form-guide-1-roll\\\/#primaryimage\"},\"image\":{\"@id\":\"https:\\\/\\\/chromeclair.com\\\/product\\\/professional-nail-form-guide-1-roll\\\/#primaryimage\"},\"thumbnailUrl\":\"https:\\\/\\\/chromeclair.com\\\/wp-content\\\/uploads\\\/2025\\\/11\\\/1-8.webp\",\"datePublished\":\"2025-11-06T09:49:47+00:00\",\"dateModified\":\"2026-04-13T05:55:56+00:00\",\"description\":\"Professional nail art stencils, individually rolled for affordability. Made with high-quality adhesive, they conform perfectly to the nail cuticles without tassels, making them ideal for creating perfect custom designs and silk extensions. They help nail technicians achieve precise shaping and improve salon efficiency. -CHROM\u00c9CLAIR\",\"inLanguage\":\"es\",\"potentialAction\":[{\"@type\":\"ReadAction\",\"target\":[\"https:\\\/\\\/chromeclair.com\\\/product\\\/professional-nail-form-guide-1-roll\\\/\"]}]},{\"@type\":\"ImageObject\",\"inLanguage\":\"es\",\"@id\":\"https:\\\/\\\/chromeclair.com\\\/product\\\/professional-nail-form-guide-1-roll\\\/#primaryimage\",\"url\":\"https:\\\/\\\/chromeclair.com\\\/wp-content\\\/uploads\\\/2025\\\/11\\\/1-8.webp\",\"contentUrl\":\"https:\\\/\\\/chromeclair.com\\\/wp-content\\\/uploads\\\/2025\\\/11\\\/1-8.webp\",\"width\":800,\"height\":800},{\"@type\":\"WebSite\",\"@id\":\"https:\\\/\\\/chromeclair.com\\\/#website\",\"url\":\"https:\\\/\\\/chromeclair.com\\\/\",\"name\":\"Cat Eye Gel Polish \u2013 HEMA-Free \uff06 TPO-Free\",\"description\":\"While others focus on having more colors, we focus on having safer ingredients.\",\"publisher\":{\"@id\":\"https:\\\/\\\/chromeclair.com\\\/#organization\"},\"potentialAction\":[{\"@type\":\"SearchAction\",\"target\":{\"@type\":\"EntryPoint\",\"urlTemplate\":\"https:\\\/\\\/chromeclair.com\\\/?s={search_term_string}\"},\"query-input\":{\"@type\":\"PropertyValueSpecification\",\"valueRequired\":true,\"valueName\":\"search_term_string\"}}],\"inLanguage\":\"es\"},{\"@type\":\"Organization\",\"@id\":\"https:\\\/\\\/chromeclair.com\\\/#organization\",\"name\":\"Cat Eye Gel Polish \u2013 HEMA-Free \uff06 TPO-Free\",\"url\":\"https:\\\/\\\/chromeclair.com\\\/\",\"logo\":{\"@type\":\"ImageObject\",\"inLanguage\":\"es\",\"@id\":\"https:\\\/\\\/chromeclair.com\\\/#\\\/schema\\\/logo\\\/image\\\/\",\"url\":\"https:\\\/\\\/chromeclair.com\\\/wp-content\\\/uploads\\\/2025\\\/06\\\/cropped-CHROMECLAIR-Logo-scaled-1.png\",\"contentUrl\":\"https:\\\/\\\/chromeclair.com\\\/wp-content\\\/uploads\\\/2025\\\/06\\\/cropped-CHROMECLAIR-Logo-scaled-1.png\",\"width\":2151,\"height\":429,\"caption\":\"Cat Eye Gel Polish \u2013 HEMA-Free \uff06 TPO-Free\"},\"image\":{\"@id\":\"https:\\\/\\\/chromeclair.com\\\/#\\\/schema\\\/logo\\\/image\\\/\"}}]}<\/script>\n<!-- \/ Yoast SEO plugin. -->","yoast_head_json":{"title":"Nail Form Guides Formas de u\u00f1as profesionales Crean longitud y forma personalizadas -CHROM\u00c9CLAIR","description":"Plantillas profesionales para nail art, enrolladas individualmente para que sean asequibles. Fabricadas con adhesivo de alta calidad, se ajustan perfectamente a las cut\u00edculas de las u\u00f1as sin borlas, lo que las hace ideales para crear dise\u00f1os personalizados perfectos y extensiones de seda. Ayudan a los t\u00e9cnicos de u\u00f1as a conseguir un moldeado preciso y mejoran la eficacia del sal\u00f3n. -CHROM\u00c9CLAIR","robots":{"index":"index","follow":"follow","max-snippet":"max-snippet:-1","max-image-preview":"max-image-preview:large","max-video-preview":"max-video-preview:-1"},"canonical":"https:\/\/chromeclair.com\/es\/producto\/professional-nail-form-guide-1-roll\/","og_locale":"es_ES","og_type":"article","og_title":"Nail Form Guides Professional Nail Forms Create Custom Length & Shape -CHROM\u00c9CLAIR","og_description":"Professional nail art stencils, individually rolled for affordability. Made with high-quality adhesive, they conform perfectly to the nail cuticles without tassels, making them ideal for creating perfect custom designs and silk extensions. They help nail technicians achieve precise shaping and improve salon efficiency. -CHROM\u00c9CLAIR","og_url":"https:\/\/chromeclair.com\/es\/producto\/professional-nail-form-guide-1-roll\/","og_site_name":"Cat Eye Gel Polish \u2013 HEMA-Free \uff06 TPO-Free","article_modified_time":"2026-04-13T05:55:56+00:00","og_image":[{"width":800,"height":800,"url":"https:\/\/chromeclair.com\/wp-content\/uploads\/2025\/11\/1-8.webp","type":"image\/webp"}],"twitter_card":"summary_large_image","twitter_misc":{"Tiempo de lectura":"1 minuto"},"schema":{"@context":"https:\/\/schema.org","@graph":[{"@type":"WebPage","@id":"https:\/\/chromeclair.com\/product\/professional-nail-form-guide-1-roll\/","url":"https:\/\/chromeclair.com\/product\/professional-nail-form-guide-1-roll\/","name":"Nail Form Guides Formas de u\u00f1as profesionales Crean longitud y forma personalizadas -CHROM\u00c9CLAIR","isPartOf":{"@id":"https:\/\/chromeclair.com\/#website"},"primaryImageOfPage":{"@id":"https:\/\/chromeclair.com\/product\/professional-nail-form-guide-1-roll\/#primaryimage"},"image":{"@id":"https:\/\/chromeclair.com\/product\/professional-nail-form-guide-1-roll\/#primaryimage"},"thumbnailUrl":"https:\/\/chromeclair.com\/wp-content\/uploads\/2025\/11\/1-8.webp","datePublished":"2025-11-06T09:49:47+00:00","dateModified":"2026-04-13T05:55:56+00:00","description":"Plantillas profesionales para nail art, enrolladas individualmente para que sean asequibles. Fabricadas con adhesivo de alta calidad, se ajustan perfectamente a las cut\u00edculas de las u\u00f1as sin borlas, lo que las hace ideales para crear dise\u00f1os personalizados perfectos y extensiones de seda. Ayudan a los t\u00e9cnicos de u\u00f1as a conseguir un moldeado preciso y mejoran la eficacia del sal\u00f3n. -CHROM\u00c9CLAIR","inLanguage":"es","potentialAction":[{"@type":"ReadAction","target":["https:\/\/chromeclair.com\/product\/professional-nail-form-guide-1-roll\/"]}]},{"@type":"ImageObject","inLanguage":"es","@id":"https:\/\/chromeclair.com\/product\/professional-nail-form-guide-1-roll\/#primaryimage","url":"https:\/\/chromeclair.com\/wp-content\/uploads\/2025\/11\/1-8.webp","contentUrl":"https:\/\/chromeclair.com\/wp-content\/uploads\/2025\/11\/1-8.webp","width":800,"height":800},{"@type":"WebSite","@id":"https:\/\/chromeclair.com\/#website","url":"https:\/\/chromeclair.com\/","name":"Esmalte de u\u00f1as en gel Cat Eye \u2013 Sin HEMA ni TPO","description":"Mientras que otros se centran en ofrecer m\u00e1s colores, nosotros nos centramos en ofrecer ingredientes m\u00e1s seguros.","publisher":{"@id":"https:\/\/chromeclair.com\/#organization"},"potentialAction":[{"@type":"SearchAction","target":{"@type":"EntryPoint","urlTemplate":"https:\/\/chromeclair.com\/?s={search_term_string}"},"query-input":{"@type":"PropertyValueSpecification","valueRequired":true,"valueName":"search_term_string"}}],"inLanguage":"es"},{"@type":"Organization","@id":"https:\/\/chromeclair.com\/#organization","name":"Esmalte de u\u00f1as en gel Cat Eye \u2013 Sin HEMA ni TPO","url":"https:\/\/chromeclair.com\/","logo":{"@type":"ImageObject","inLanguage":"es","@id":"https:\/\/chromeclair.com\/#\/schema\/logo\/image\/","url":"https:\/\/chromeclair.com\/wp-content\/uploads\/2025\/06\/cropped-CHROMECLAIR-Logo-scaled-1.png","contentUrl":"https:\/\/chromeclair.com\/wp-content\/uploads\/2025\/06\/cropped-CHROMECLAIR-Logo-scaled-1.png","width":2151,"height":429,"caption":"Cat Eye Gel Polish \u2013 HEMA-Free \uff06 TPO-Free"},"image":{"@id":"https:\/\/chromeclair.com\/#\/schema\/logo\/image\/"}}]}},"_links":{"self":[{"href":"https:\/\/chromeclair.com\/es\/wp-json\/wp\/v2\/product\/10057","targetHints":{"allow":["GET"]}}],"collection":[{"href":"https:\/\/chromeclair.com\/es\/wp-json\/wp\/v2\/product"}],"about":[{"href":"https:\/\/chromeclair.com\/es\/wp-json\/wp\/v2\/types\/product"}],"replies":[{"embeddable":true,"href":"https:\/\/chromeclair.com\/es\/wp-json\/wp\/v2\/comments?post=10057"}],"wp:featuredmedia":[{"embeddable":true,"href":"https:\/\/chromeclair.com\/es\/wp-json\/wp\/v2\/media\/10058"}],"wp:attachment":[{"href":"https:\/\/chromeclair.com\/es\/wp-json\/wp\/v2\/media?parent=10057"}],"wp:term":[{"taxonomy":"product_brand","embeddable":true,"href":"https:\/\/chromeclair.com\/es\/wp-json\/wp\/v2\/product_brand?post=10057"},{"taxonomy":"product_cat","embeddable":true,"href":"https:\/\/chromeclair.com\/es\/wp-json\/wp\/v2\/product_cat?post=10057"},{"taxonomy":"product_tag","embeddable":true,"href":"https:\/\/chromeclair.com\/es\/wp-json\/wp\/v2\/product_tag?post=10057"}],"curies":[{"name":"wp","href":"https:\/\/api.w.org\/{rel}","templated":true}]}}