{"id":10109,"date":"2025-11-07T06:45:28","date_gmt":"2025-11-07T06:45:28","guid":{"rendered":"https:\/\/chromeclair.com\/?post_type=product&#038;p=10109"},"modified":"2026-04-13T05:54:41","modified_gmt":"2026-04-13T05:54:41","slug":"alcohol-wipes-prep-pads-50pcs","status":"publish","type":"product","link":"https:\/\/chromeclair.com\/es\/product\/alcohol-wipes-prep-pads-50pcs\/","title":{"rendered":"Toallitas con alcohol (50 uds.)"},"content":{"rendered":"<p>Imprescindible en los salones de manicura profesionales. <\/p>\n\n\n\n<p>Nuestras almohadillas de preparaci\u00f3n a base de alcohol limpian eficazmente las u\u00f1as de grasa y suciedad, eliminando la humedad para conseguir una base perfecta para su manicura. <\/p>\n\n\n\n<p>Un econ\u00f3mico paquete de 50 almohadillas satisface las exigencias del uso diario en el sal\u00f3n de belleza, garantizando un servicio higi\u00e9nico y una adherencia duradera del esmalte.<\/p>\n\n\n\n<p><\/p>","protected":false},"excerpt":{"rendered":"<p>Imprescindibles en los salones de manicura profesionales. Nuestras almohadillas preparadoras a base de alcohol limpian eficazmente las u\u00f1as de grasa y suciedad, eliminando la humedad para conseguir una base perfecta para su manicura. El econ\u00f3mico paquete de 50 almohadillas satisface las exigencias del uso diario en el sal\u00f3n, garantizando un servicio higi\u00e9nico y una adherencia duradera del esmalte.<\/p>","protected":false},"featured_media":10120,"comment_status":"open","ping_status":"closed","template":"","meta":[],"product_brand":[162],"product_cat":[182],"product_tag":[],"class_list":{"0":"post-10109","1":"product","2":"type-product","3":"status-publish","4":"has-post-thumbnail","6":"product_brand-chromeclair","7":"product_cat-tools-accessories","9":"first","10":"instock","11":"shipping-taxable","12":"purchasable","13":"product-type-simple"},"yoast_head":"<!-- This site is optimized with the Yoast SEO plugin v27.4 - https:\/\/yoast.com\/product\/yoast-seo-wordpress\/ -->\n<title>Alcohol Wipes\/Prep Pads (50pcs) For Nails, First Aid &amp; Cleaning -CHROM\u00c9CLAIR<\/title>\n<meta name=\"description\" content=\"CHROM\u00c9CLAIR 75% Isopropyl Alcohol Wipes (50 wipes per pack) are the top choice for multi-purpose cleaning and care. Individually wrapped wipes\/conveniently sealed pouches ensure hygiene and convenience. Suitable for pre-manicure disinfection, wound cleaning, and is an essential consumable for homes and salons.\" \/>\n<meta name=\"robots\" content=\"index, follow, max-snippet:-1, max-image-preview:large, max-video-preview:-1\" \/>\n<link rel=\"canonical\" href=\"https:\/\/chromeclair.com\/es\/producto\/alcohol-wipes-prep-pads-50pcs\/\" \/>\n<meta property=\"og:locale\" content=\"es_ES\" \/>\n<meta property=\"og:type\" content=\"article\" \/>\n<meta property=\"og:title\" content=\"Alcohol Wipes\/Prep Pads (50pcs) For Nails, First Aid &amp; Cleaning -CHROM\u00c9CLAIR\" \/>\n<meta property=\"og:description\" content=\"CHROM\u00c9CLAIR 75% Isopropyl Alcohol Wipes (50 wipes per pack) are the top choice for multi-purpose cleaning and care. Individually wrapped wipes\/conveniently sealed pouches ensure hygiene and convenience. Suitable for pre-manicure disinfection, wound cleaning, and is an essential consumable for homes and salons.\" \/>\n<meta property=\"og:url\" content=\"https:\/\/chromeclair.com\/es\/producto\/alcohol-wipes-prep-pads-50pcs\/\" \/>\n<meta property=\"og:site_name\" content=\"Cat Eye Gel Polish \u2013 HEMA-Free \uff06 TPO-Free\" \/>\n<meta property=\"article:modified_time\" content=\"2026-04-13T05:54:41+00:00\" \/>\n<meta property=\"og:image\" content=\"https:\/\/chromeclair.com\/wp-content\/uploads\/2025\/11\/unnamed-file.webp\" \/>\n\t<meta property=\"og:image:width\" content=\"800\" \/>\n\t<meta property=\"og:image:height\" content=\"800\" \/>\n\t<meta property=\"og:image:type\" content=\"image\/webp\" \/>\n<meta name=\"twitter:card\" content=\"summary_large_image\" \/>\n<meta name=\"twitter:label1\" content=\"Tiempo de lectura\" \/>\n\t<meta name=\"twitter:data1\" content=\"1 minuto\" \/>\n<script type=\"application\/ld+json\" class=\"yoast-schema-graph\">{\"@context\":\"https:\\\/\\\/schema.org\",\"@graph\":[{\"@type\":\"WebPage\",\"@id\":\"https:\\\/\\\/chromeclair.com\\\/product\\\/alcohol-wipes-prep-pads-50pcs\\\/\",\"url\":\"https:\\\/\\\/chromeclair.com\\\/product\\\/alcohol-wipes-prep-pads-50pcs\\\/\",\"name\":\"Alcohol Wipes\\\/Prep Pads (50pcs) For Nails, First Aid & Cleaning -CHROM\u00c9CLAIR\",\"isPartOf\":{\"@id\":\"https:\\\/\\\/chromeclair.com\\\/#website\"},\"primaryImageOfPage\":{\"@id\":\"https:\\\/\\\/chromeclair.com\\\/product\\\/alcohol-wipes-prep-pads-50pcs\\\/#primaryimage\"},\"image\":{\"@id\":\"https:\\\/\\\/chromeclair.com\\\/product\\\/alcohol-wipes-prep-pads-50pcs\\\/#primaryimage\"},\"thumbnailUrl\":\"https:\\\/\\\/chromeclair.com\\\/wp-content\\\/uploads\\\/2025\\\/11\\\/unnamed-file.webp\",\"datePublished\":\"2025-11-07T06:45:28+00:00\",\"dateModified\":\"2026-04-13T05:54:41+00:00\",\"description\":\"CHROM\u00c9CLAIR 75% Isopropyl Alcohol Wipes (50 wipes per pack) are the top choice for multi-purpose cleaning and care. Individually wrapped wipes\\\/conveniently sealed pouches ensure hygiene and convenience. Suitable for pre-manicure disinfection, wound cleaning, and is an essential consumable for homes and salons.\",\"inLanguage\":\"es\",\"potentialAction\":[{\"@type\":\"ReadAction\",\"target\":[\"https:\\\/\\\/chromeclair.com\\\/product\\\/alcohol-wipes-prep-pads-50pcs\\\/\"]}]},{\"@type\":\"ImageObject\",\"inLanguage\":\"es\",\"@id\":\"https:\\\/\\\/chromeclair.com\\\/product\\\/alcohol-wipes-prep-pads-50pcs\\\/#primaryimage\",\"url\":\"https:\\\/\\\/chromeclair.com\\\/wp-content\\\/uploads\\\/2025\\\/11\\\/unnamed-file.webp\",\"contentUrl\":\"https:\\\/\\\/chromeclair.com\\\/wp-content\\\/uploads\\\/2025\\\/11\\\/unnamed-file.webp\",\"width\":800,\"height\":800},{\"@type\":\"WebSite\",\"@id\":\"https:\\\/\\\/chromeclair.com\\\/#website\",\"url\":\"https:\\\/\\\/chromeclair.com\\\/\",\"name\":\"Cat Eye Gel Polish \u2013 HEMA-Free \uff06 TPO-Free\",\"description\":\"While others focus on having more colors, we focus on having safer ingredients.\",\"publisher\":{\"@id\":\"https:\\\/\\\/chromeclair.com\\\/#organization\"},\"potentialAction\":[{\"@type\":\"SearchAction\",\"target\":{\"@type\":\"EntryPoint\",\"urlTemplate\":\"https:\\\/\\\/chromeclair.com\\\/?s={search_term_string}\"},\"query-input\":{\"@type\":\"PropertyValueSpecification\",\"valueRequired\":true,\"valueName\":\"search_term_string\"}}],\"inLanguage\":\"es\"},{\"@type\":\"Organization\",\"@id\":\"https:\\\/\\\/chromeclair.com\\\/#organization\",\"name\":\"Cat Eye Gel Polish \u2013 HEMA-Free \uff06 TPO-Free\",\"url\":\"https:\\\/\\\/chromeclair.com\\\/\",\"logo\":{\"@type\":\"ImageObject\",\"inLanguage\":\"es\",\"@id\":\"https:\\\/\\\/chromeclair.com\\\/#\\\/schema\\\/logo\\\/image\\\/\",\"url\":\"https:\\\/\\\/chromeclair.com\\\/wp-content\\\/uploads\\\/2025\\\/06\\\/cropped-CHROMECLAIR-Logo-scaled-1.png\",\"contentUrl\":\"https:\\\/\\\/chromeclair.com\\\/wp-content\\\/uploads\\\/2025\\\/06\\\/cropped-CHROMECLAIR-Logo-scaled-1.png\",\"width\":2151,\"height\":429,\"caption\":\"Cat Eye Gel Polish \u2013 HEMA-Free \uff06 TPO-Free\"},\"image\":{\"@id\":\"https:\\\/\\\/chromeclair.com\\\/#\\\/schema\\\/logo\\\/image\\\/\"}}]}<\/script>\n<!-- \/ Yoast SEO plugin. -->","yoast_head_json":{"title":"Toallitas con Alcohol\/Preparadores (50uds.) Para U\u00f1as, Primeros Auxilios y Limpieza -CHROM\u00c9CLAIR","description":"CHROM\u00c9CLAIR 75% Toallitas con alcohol isoprop\u00edlico (50 toallitas por envase) son la mejor elecci\u00f3n para la limpieza y el cuidado multiusos. Las toallitas envueltas individualmente\/bolsas convenientemente cerradas garantizan higiene y comodidad. Adecuadas para la desinfecci\u00f3n previa a la manicura, la limpieza de heridas y son un consumible esencial para hogares y salones de belleza.","robots":{"index":"index","follow":"follow","max-snippet":"max-snippet:-1","max-image-preview":"max-image-preview:large","max-video-preview":"max-video-preview:-1"},"canonical":"https:\/\/chromeclair.com\/es\/producto\/alcohol-wipes-prep-pads-50pcs\/","og_locale":"es_ES","og_type":"article","og_title":"Alcohol Wipes\/Prep Pads (50pcs) For Nails, First Aid & Cleaning -CHROM\u00c9CLAIR","og_description":"CHROM\u00c9CLAIR 75% Isopropyl Alcohol Wipes (50 wipes per pack) are the top choice for multi-purpose cleaning and care. Individually wrapped wipes\/conveniently sealed pouches ensure hygiene and convenience. Suitable for pre-manicure disinfection, wound cleaning, and is an essential consumable for homes and salons.","og_url":"https:\/\/chromeclair.com\/es\/producto\/alcohol-wipes-prep-pads-50pcs\/","og_site_name":"Cat Eye Gel Polish \u2013 HEMA-Free \uff06 TPO-Free","article_modified_time":"2026-04-13T05:54:41+00:00","og_image":[{"width":800,"height":800,"url":"https:\/\/chromeclair.com\/wp-content\/uploads\/2025\/11\/unnamed-file.webp","type":"image\/webp"}],"twitter_card":"summary_large_image","twitter_misc":{"Tiempo de lectura":"1 minuto"},"schema":{"@context":"https:\/\/schema.org","@graph":[{"@type":"WebPage","@id":"https:\/\/chromeclair.com\/product\/alcohol-wipes-prep-pads-50pcs\/","url":"https:\/\/chromeclair.com\/product\/alcohol-wipes-prep-pads-50pcs\/","name":"Toallitas con Alcohol\/Preparadores (50uds.) Para U\u00f1as, Primeros Auxilios y Limpieza -CHROM\u00c9CLAIR","isPartOf":{"@id":"https:\/\/chromeclair.com\/#website"},"primaryImageOfPage":{"@id":"https:\/\/chromeclair.com\/product\/alcohol-wipes-prep-pads-50pcs\/#primaryimage"},"image":{"@id":"https:\/\/chromeclair.com\/product\/alcohol-wipes-prep-pads-50pcs\/#primaryimage"},"thumbnailUrl":"https:\/\/chromeclair.com\/wp-content\/uploads\/2025\/11\/unnamed-file.webp","datePublished":"2025-11-07T06:45:28+00:00","dateModified":"2026-04-13T05:54:41+00:00","description":"CHROM\u00c9CLAIR 75% Toallitas con alcohol isoprop\u00edlico (50 toallitas por envase) son la mejor elecci\u00f3n para la limpieza y el cuidado multiusos. Las toallitas envueltas individualmente\/bolsas convenientemente cerradas garantizan higiene y comodidad. Adecuadas para la desinfecci\u00f3n previa a la manicura, la limpieza de heridas y son un consumible esencial para hogares y salones de belleza.","inLanguage":"es","potentialAction":[{"@type":"ReadAction","target":["https:\/\/chromeclair.com\/product\/alcohol-wipes-prep-pads-50pcs\/"]}]},{"@type":"ImageObject","inLanguage":"es","@id":"https:\/\/chromeclair.com\/product\/alcohol-wipes-prep-pads-50pcs\/#primaryimage","url":"https:\/\/chromeclair.com\/wp-content\/uploads\/2025\/11\/unnamed-file.webp","contentUrl":"https:\/\/chromeclair.com\/wp-content\/uploads\/2025\/11\/unnamed-file.webp","width":800,"height":800},{"@type":"WebSite","@id":"https:\/\/chromeclair.com\/#website","url":"https:\/\/chromeclair.com\/","name":"Esmalte de u\u00f1as en gel Cat Eye \u2013 Sin HEMA ni TPO","description":"Mientras que otros se centran en ofrecer m\u00e1s colores, nosotros nos centramos en ofrecer ingredientes m\u00e1s seguros.","publisher":{"@id":"https:\/\/chromeclair.com\/#organization"},"potentialAction":[{"@type":"SearchAction","target":{"@type":"EntryPoint","urlTemplate":"https:\/\/chromeclair.com\/?s={search_term_string}"},"query-input":{"@type":"PropertyValueSpecification","valueRequired":true,"valueName":"search_term_string"}}],"inLanguage":"es"},{"@type":"Organization","@id":"https:\/\/chromeclair.com\/#organization","name":"Esmalte de u\u00f1as en gel Cat Eye \u2013 Sin HEMA ni TPO","url":"https:\/\/chromeclair.com\/","logo":{"@type":"ImageObject","inLanguage":"es","@id":"https:\/\/chromeclair.com\/#\/schema\/logo\/image\/","url":"https:\/\/chromeclair.com\/wp-content\/uploads\/2025\/06\/cropped-CHROMECLAIR-Logo-scaled-1.png","contentUrl":"https:\/\/chromeclair.com\/wp-content\/uploads\/2025\/06\/cropped-CHROMECLAIR-Logo-scaled-1.png","width":2151,"height":429,"caption":"Cat Eye Gel Polish \u2013 HEMA-Free \uff06 TPO-Free"},"image":{"@id":"https:\/\/chromeclair.com\/#\/schema\/logo\/image\/"}}]}},"_links":{"self":[{"href":"https:\/\/chromeclair.com\/es\/wp-json\/wp\/v2\/product\/10109","targetHints":{"allow":["GET"]}}],"collection":[{"href":"https:\/\/chromeclair.com\/es\/wp-json\/wp\/v2\/product"}],"about":[{"href":"https:\/\/chromeclair.com\/es\/wp-json\/wp\/v2\/types\/product"}],"replies":[{"embeddable":true,"href":"https:\/\/chromeclair.com\/es\/wp-json\/wp\/v2\/comments?post=10109"}],"wp:featuredmedia":[{"embeddable":true,"href":"https:\/\/chromeclair.com\/es\/wp-json\/wp\/v2\/media\/10120"}],"wp:attachment":[{"href":"https:\/\/chromeclair.com\/es\/wp-json\/wp\/v2\/media?parent=10109"}],"wp:term":[{"taxonomy":"product_brand","embeddable":true,"href":"https:\/\/chromeclair.com\/es\/wp-json\/wp\/v2\/product_brand?post=10109"},{"taxonomy":"product_cat","embeddable":true,"href":"https:\/\/chromeclair.com\/es\/wp-json\/wp\/v2\/product_cat?post=10109"},{"taxonomy":"product_tag","embeddable":true,"href":"https:\/\/chromeclair.com\/es\/wp-json\/wp\/v2\/product_tag?post=10109"}],"curies":[{"name":"wp","href":"https:\/\/api.w.org\/{rel}","templated":true}]}}