{"id":10140,"date":"2025-11-12T02:23:59","date_gmt":"2025-11-12T02:23:59","guid":{"rendered":"https:\/\/chromeclair.com\/?post_type=product&#038;p=10140"},"modified":"2026-04-13T05:52:20","modified_gmt":"2026-04-13T05:52:20","slug":"hematpo-free-solid-color-sr-05-17ml","status":"publish","type":"product","link":"https:\/\/chromeclair.com\/es\/producto\/hematpo-free-solid-color-sr-05-17ml\/","title":{"rendered":"HEMA Y TPO LIBRES COLOR S\u00d3LIDO SR-05 17 ML"},"content":{"rendered":"<p>El negro que tem\u00edas llevar es ahora el color m\u00e1s seguro de tu colecci\u00f3n.<\/p>\n\n\n\n<p>Los colores espectaculares atraen f\u00f3rmulas espectaculares, y los geles negros convencionales no son una excepci\u00f3n. La mayor\u00eda siguen conteniendo HEMA, un mon\u00f3mero soluble en agua que penetra en la piel con los lavados repetidos y puede provocar una alergia permanente de por vida. La UE prohibi\u00f3 el fotoiniciador TPO en todos los productos de u\u00f1as de gel en septiembre de 2025 por estar clasificado como t\u00f3xico para la reproducci\u00f3n. SR-05 se reformul\u00f3 antes que ambos.<\/p>\n\n\n\n<p>SR-05 es un negro azabache opaco y aut\u00e9ntico, sin matices grises ni compromisos. Con una sola pasada proporciona una cobertura 100% con un brillo de espejo que se mantiene hasta 3 semanas sin levantarse, descascarillarse ni encogerse en los bordes. El envase profesional de 17 ml es suficiente para aproximadamente 30 manicuras completas, o mucho m\u00e1s si se utiliza para detalles de nail art y puntas francesas.<\/p>\n\n\n\n<p>En el que conf\u00edan los artistas de u\u00f1as profesionales para dise\u00f1os geom\u00e9tricos de alto contraste, arte de espacio negativo y manicuras francesas gr\u00e1ficas. Igualmente fiable para uso dom\u00e9stico: la f\u00f3rmula autonivelante perdona la mano inestable y limpia limpiamente la cut\u00edcula.<\/p>\n\n\n\n<p>Para manicuras atrevidas de cobertura total, difuminados ombr\u00e9, nail art con l\u00edneas y cualquier look que demuestre que la elegancia y la seguridad no son opuestas.<\/p>\n\n\n\n<p><strong>Vegano - Sin crueldad - Sin HEMA - Sin TPO - Conforme a la UE y al Reino Unido<\/strong><\/p>","protected":false},"excerpt":{"rendered":"<p>El negro que tem\u00eda llevar es ahora el color m\u00e1s seguro de su colecci\u00f3n. Los colores dram\u00e1ticos atraen f\u00f3rmulas dram\u00e1ticas, y los geles negros convencionales no son una excepci\u00f3n. La mayor\u00eda siguen conteniendo HEMA, un mon\u00f3mero soluble en agua que penetra en la piel con los lavados repetidos y puede provocar una alergia permanente de por vida. La UE prohibi\u00f3 el fotoiniciador TPO [...]<\/p>","protected":false},"featured_media":10141,"comment_status":"open","ping_status":"closed","template":"","meta":[],"product_brand":[162],"product_cat":[180],"product_tag":[],"class_list":{"0":"post-10140","1":"product","2":"type-product","3":"status-publish","4":"has-post-thumbnail","6":"product_brand-chromeclair","7":"product_cat-solid-color-gel-polish","9":"first","10":"instock","11":"shipping-taxable","12":"purchasable","13":"product-type-simple"},"yoast_head":"<!-- This site is optimized with the Yoast SEO plugin v26.4 - https:\/\/yoast.com\/wordpress\/plugins\/seo\/ -->\n<title>HEMA Free Black Gel Polish TPO Free Solid Jet Black SR-05, 17ML -CHROM\u00c9CLAIR<\/title>\n<meta name=\"description\" content=\"Discover CHROM\u00c9CLAIR SR-05, our deepest Jet Black in a HEMA &amp; TPO Free formula. This 17ML professional gel delivers unparalleled opacity and a high-gloss finish in one stroke. Achieve crisp nail art and intense, classic black manicures with a gentle, low-irritation gel trusted by professionals.\" \/>\n<meta name=\"robots\" content=\"index, follow, max-snippet:-1, max-image-preview:large, max-video-preview:-1\" \/>\n<link rel=\"canonical\" href=\"https:\/\/chromeclair.com\/es\/producto\/hematpo-free-solid-color-sr-05-17ml\/\" \/>\n<meta property=\"og:locale\" content=\"es_ES\" \/>\n<meta property=\"og:type\" content=\"article\" \/>\n<meta property=\"og:title\" content=\"HEMA Free Black Gel Polish TPO Free Solid Jet Black SR-05, 17ML -CHROM\u00c9CLAIR\" \/>\n<meta property=\"og:description\" content=\"Discover CHROM\u00c9CLAIR SR-05, our deepest Jet Black in a HEMA &amp; TPO Free formula. This 17ML professional gel delivers unparalleled opacity and a high-gloss finish in one stroke. Achieve crisp nail art and intense, classic black manicures with a gentle, low-irritation gel trusted by professionals.\" \/>\n<meta property=\"og:url\" content=\"https:\/\/chromeclair.com\/es\/producto\/hematpo-free-solid-color-sr-05-17ml\/\" \/>\n<meta property=\"og:site_name\" content=\"Cat Eye Gel Polish \u2013 HEMA-Free \uff06 TPO-Free\" \/>\n<meta property=\"article:modified_time\" content=\"2026-04-13T05:52:20+00:00\" \/>\n<meta property=\"og:image\" content=\"https:\/\/chromeclair.com\/wp-content\/uploads\/2025\/11\/SR-05.webp\" \/>\n\t<meta property=\"og:image:width\" content=\"1024\" \/>\n\t<meta property=\"og:image:height\" content=\"1024\" \/>\n\t<meta property=\"og:image:type\" content=\"image\/webp\" \/>\n<meta name=\"twitter:card\" content=\"summary_large_image\" \/>\n<meta name=\"twitter:label1\" content=\"Tiempo de lectura\" \/>\n\t<meta name=\"twitter:data1\" content=\"1 minuto\" \/>\n<script type=\"application\/ld+json\" class=\"yoast-schema-graph\">{\"@context\":\"https:\/\/schema.org\",\"@graph\":[{\"@type\":\"WebPage\",\"@id\":\"https:\/\/chromeclair.com\/product\/hematpo-free-solid-color-sr-05-17ml\/\",\"url\":\"https:\/\/chromeclair.com\/product\/hematpo-free-solid-color-sr-05-17ml\/\",\"name\":\"HEMA Free Black Gel Polish TPO Free Solid Jet Black SR-05, 17ML -CHROM\u00c9CLAIR\",\"isPartOf\":{\"@id\":\"https:\/\/chromeclair.com\/#website\"},\"primaryImageOfPage\":{\"@id\":\"https:\/\/chromeclair.com\/product\/hematpo-free-solid-color-sr-05-17ml\/#primaryimage\"},\"image\":{\"@id\":\"https:\/\/chromeclair.com\/product\/hematpo-free-solid-color-sr-05-17ml\/#primaryimage\"},\"thumbnailUrl\":\"https:\/\/chromeclair.com\/wp-content\/uploads\/2025\/11\/SR-05.webp\",\"datePublished\":\"2025-11-12T02:23:59+00:00\",\"dateModified\":\"2026-04-13T05:52:20+00:00\",\"description\":\"Discover CHROM\u00c9CLAIR SR-05, our deepest Jet Black in a HEMA & TPO Free formula. This 17ML professional gel delivers unparalleled opacity and a high-gloss finish in one stroke. Achieve crisp nail art and intense, classic black manicures with a gentle, low-irritation gel trusted by professionals.\",\"breadcrumb\":{\"@id\":\"https:\/\/chromeclair.com\/product\/hematpo-free-solid-color-sr-05-17ml\/#breadcrumb\"},\"inLanguage\":\"es\",\"potentialAction\":[{\"@type\":\"ReadAction\",\"target\":[\"https:\/\/chromeclair.com\/product\/hematpo-free-solid-color-sr-05-17ml\/\"]}]},{\"@type\":\"ImageObject\",\"inLanguage\":\"es\",\"@id\":\"https:\/\/chromeclair.com\/product\/hematpo-free-solid-color-sr-05-17ml\/#primaryimage\",\"url\":\"https:\/\/chromeclair.com\/wp-content\/uploads\/2025\/11\/SR-05.webp\",\"contentUrl\":\"https:\/\/chromeclair.com\/wp-content\/uploads\/2025\/11\/SR-05.webp\",\"width\":1024,\"height\":1024,\"caption\":\"Hema-Free and Tpo-free Solid Color SR-05 Black shade-CHROM\u00c9CLAIR\"},{\"@type\":\"BreadcrumbList\",\"@id\":\"https:\/\/chromeclair.com\/product\/hematpo-free-solid-color-sr-05-17ml\/#breadcrumb\",\"itemListElement\":[{\"@type\":\"ListItem\",\"position\":1,\"name\":\"Home\",\"item\":\"https:\/\/chromeclair.com\/\"},{\"@type\":\"ListItem\",\"position\":2,\"name\":\"Shop\",\"item\":\"https:\/\/chromeclair.com\/shop\/\"},{\"@type\":\"ListItem\",\"position\":3,\"name\":\"HEMA&amp;TPO FREE SOLID COLOR SR-05 17ML\"}]},{\"@type\":\"WebSite\",\"@id\":\"https:\/\/chromeclair.com\/#website\",\"url\":\"https:\/\/chromeclair.com\/\",\"name\":\"Cat Eye Gel Polish \u2013 HEMA-Free \uff06 TPO-Free\",\"description\":\"While others focus on having more colors, we focus on having safer ingredients.\",\"publisher\":{\"@id\":\"https:\/\/chromeclair.com\/#organization\"},\"potentialAction\":[{\"@type\":\"SearchAction\",\"target\":{\"@type\":\"EntryPoint\",\"urlTemplate\":\"https:\/\/chromeclair.com\/?s={search_term_string}\"},\"query-input\":{\"@type\":\"PropertyValueSpecification\",\"valueRequired\":true,\"valueName\":\"search_term_string\"}}],\"inLanguage\":\"es\"},{\"@type\":\"Organization\",\"@id\":\"https:\/\/chromeclair.com\/#organization\",\"name\":\"Cat Eye Gel Polish \u2013 HEMA-Free \uff06 TPO-Free\",\"url\":\"https:\/\/chromeclair.com\/\",\"logo\":{\"@type\":\"ImageObject\",\"inLanguage\":\"es\",\"@id\":\"https:\/\/chromeclair.com\/#\/schema\/logo\/image\/\",\"url\":\"https:\/\/chromeclair.com\/wp-content\/uploads\/2025\/06\/cropped-CHROMECLAIR-Logo-scaled-1.png\",\"contentUrl\":\"https:\/\/chromeclair.com\/wp-content\/uploads\/2025\/06\/cropped-CHROMECLAIR-Logo-scaled-1.png\",\"width\":2151,\"height\":429,\"caption\":\"Cat Eye Gel Polish \u2013 HEMA-Free \uff06 TPO-Free\"},\"image\":{\"@id\":\"https:\/\/chromeclair.com\/#\/schema\/logo\/image\/\"}}]}<\/script>\n<!-- \/ Yoast SEO plugin. -->","yoast_head_json":{"title":"Esmalte en gel negro sin HEMA TPO Free Solid Jet Black SR-05, 17ML -CHROM\u00c9CLAIR","description":"Descubra CHROM\u00c9CLAIR SR-05, nuestro Jet Black m\u00e1s profundo en una f\u00f3rmula sin HEMA ni TPO. Este gel profesional de 17ML proporciona una opacidad sin igual y un acabado de alto brillo en una sola pasada. Consigue un nail art n\u00edtido y una manicura negra intensa y cl\u00e1sica con un gel suave y de baja irritaci\u00f3n en el que conf\u00edan los profesionales.","robots":{"index":"index","follow":"follow","max-snippet":"max-snippet:-1","max-image-preview":"max-image-preview:large","max-video-preview":"max-video-preview:-1"},"canonical":"https:\/\/chromeclair.com\/es\/producto\/hematpo-free-solid-color-sr-05-17ml\/","og_locale":"es_ES","og_type":"article","og_title":"HEMA Free Black Gel Polish TPO Free Solid Jet Black SR-05, 17ML -CHROM\u00c9CLAIR","og_description":"Discover CHROM\u00c9CLAIR SR-05, our deepest Jet Black in a HEMA & TPO Free formula. This 17ML professional gel delivers unparalleled opacity and a high-gloss finish in one stroke. Achieve crisp nail art and intense, classic black manicures with a gentle, low-irritation gel trusted by professionals.","og_url":"https:\/\/chromeclair.com\/es\/producto\/hematpo-free-solid-color-sr-05-17ml\/","og_site_name":"Cat Eye Gel Polish \u2013 HEMA-Free \uff06 TPO-Free","article_modified_time":"2026-04-13T05:52:20+00:00","og_image":[{"width":1024,"height":1024,"url":"https:\/\/chromeclair.com\/wp-content\/uploads\/2025\/11\/SR-05.webp","type":"image\/webp"}],"twitter_card":"summary_large_image","twitter_misc":{"Tiempo de lectura":"1 minuto"},"schema":{"@context":"https:\/\/schema.org","@graph":[{"@type":"WebPage","@id":"https:\/\/chromeclair.com\/product\/hematpo-free-solid-color-sr-05-17ml\/","url":"https:\/\/chromeclair.com\/product\/hematpo-free-solid-color-sr-05-17ml\/","name":"Esmalte en gel negro sin HEMA TPO Free Solid Jet Black SR-05, 17ML -CHROM\u00c9CLAIR","isPartOf":{"@id":"https:\/\/chromeclair.com\/#website"},"primaryImageOfPage":{"@id":"https:\/\/chromeclair.com\/product\/hematpo-free-solid-color-sr-05-17ml\/#primaryimage"},"image":{"@id":"https:\/\/chromeclair.com\/product\/hematpo-free-solid-color-sr-05-17ml\/#primaryimage"},"thumbnailUrl":"https:\/\/chromeclair.com\/wp-content\/uploads\/2025\/11\/SR-05.webp","datePublished":"2025-11-12T02:23:59+00:00","dateModified":"2026-04-13T05:52:20+00:00","description":"Descubra CHROM\u00c9CLAIR SR-05, nuestro Jet Black m\u00e1s profundo en una f\u00f3rmula sin HEMA ni TPO. Este gel profesional de 17ML proporciona una opacidad sin igual y un acabado de alto brillo en una sola pasada. Consigue un nail art n\u00edtido y una manicura negra intensa y cl\u00e1sica con un gel suave y de baja irritaci\u00f3n en el que conf\u00edan los profesionales.","breadcrumb":{"@id":"https:\/\/chromeclair.com\/product\/hematpo-free-solid-color-sr-05-17ml\/#breadcrumb"},"inLanguage":"es","potentialAction":[{"@type":"ReadAction","target":["https:\/\/chromeclair.com\/product\/hematpo-free-solid-color-sr-05-17ml\/"]}]},{"@type":"ImageObject","inLanguage":"es","@id":"https:\/\/chromeclair.com\/product\/hematpo-free-solid-color-sr-05-17ml\/#primaryimage","url":"https:\/\/chromeclair.com\/wp-content\/uploads\/2025\/11\/SR-05.webp","contentUrl":"https:\/\/chromeclair.com\/wp-content\/uploads\/2025\/11\/SR-05.webp","width":1024,"height":1024,"caption":"Hema-Free and Tpo-free Solid Color SR-05 Black shade-CHROM\u00c9CLAIR"},{"@type":"BreadcrumbList","@id":"https:\/\/chromeclair.com\/product\/hematpo-free-solid-color-sr-05-17ml\/#breadcrumb","itemListElement":[{"@type":"ListItem","position":1,"name":"Home","item":"https:\/\/chromeclair.com\/"},{"@type":"ListItem","position":2,"name":"Shop","item":"https:\/\/chromeclair.com\/shop\/"},{"@type":"ListItem","position":3,"name":"HEMA&amp;TPO FREE SOLID COLOR SR-05 17ML"}]},{"@type":"WebSite","@id":"https:\/\/chromeclair.com\/#website","url":"https:\/\/chromeclair.com\/","name":"Esmalte de u\u00f1as en gel Cat Eye \u2013 Sin HEMA ni TPO","description":"Mientras que otros se centran en ofrecer m\u00e1s colores, nosotros nos centramos en ofrecer ingredientes m\u00e1s seguros.","publisher":{"@id":"https:\/\/chromeclair.com\/#organization"},"potentialAction":[{"@type":"SearchAction","target":{"@type":"EntryPoint","urlTemplate":"https:\/\/chromeclair.com\/?s={search_term_string}"},"query-input":{"@type":"PropertyValueSpecification","valueRequired":true,"valueName":"search_term_string"}}],"inLanguage":"es"},{"@type":"Organization","@id":"https:\/\/chromeclair.com\/#organization","name":"Esmalte de u\u00f1as en gel Cat Eye \u2013 Sin HEMA ni TPO","url":"https:\/\/chromeclair.com\/","logo":{"@type":"ImageObject","inLanguage":"es","@id":"https:\/\/chromeclair.com\/#\/schema\/logo\/image\/","url":"https:\/\/chromeclair.com\/wp-content\/uploads\/2025\/06\/cropped-CHROMECLAIR-Logo-scaled-1.png","contentUrl":"https:\/\/chromeclair.com\/wp-content\/uploads\/2025\/06\/cropped-CHROMECLAIR-Logo-scaled-1.png","width":2151,"height":429,"caption":"Cat Eye Gel Polish \u2013 HEMA-Free \uff06 TPO-Free"},"image":{"@id":"https:\/\/chromeclair.com\/#\/schema\/logo\/image\/"}}]}},"_links":{"self":[{"href":"https:\/\/chromeclair.com\/es\/wp-json\/wp\/v2\/product\/10140","targetHints":{"allow":["GET"]}}],"collection":[{"href":"https:\/\/chromeclair.com\/es\/wp-json\/wp\/v2\/product"}],"about":[{"href":"https:\/\/chromeclair.com\/es\/wp-json\/wp\/v2\/types\/product"}],"replies":[{"embeddable":true,"href":"https:\/\/chromeclair.com\/es\/wp-json\/wp\/v2\/comments?post=10140"}],"wp:featuredmedia":[{"embeddable":true,"href":"https:\/\/chromeclair.com\/es\/wp-json\/wp\/v2\/media\/10141"}],"wp:attachment":[{"href":"https:\/\/chromeclair.com\/es\/wp-json\/wp\/v2\/media?parent=10140"}],"wp:term":[{"taxonomy":"product_brand","embeddable":true,"href":"https:\/\/chromeclair.com\/es\/wp-json\/wp\/v2\/product_brand?post=10140"},{"taxonomy":"product_cat","embeddable":true,"href":"https:\/\/chromeclair.com\/es\/wp-json\/wp\/v2\/product_cat?post=10140"},{"taxonomy":"product_tag","embeddable":true,"href":"https:\/\/chromeclair.com\/es\/wp-json\/wp\/v2\/product_tag?post=10140"}],"curies":[{"name":"wp","href":"https:\/\/api.w.org\/{rel}","templated":true}]}}