{"id":10239,"date":"2025-11-14T06:56:26","date_gmt":"2025-11-14T06:56:26","guid":{"rendered":"https:\/\/chromeclair.com\/?post_type=product&#038;p=10239"},"modified":"2026-04-13T04:29:21","modified_gmt":"2026-04-13T04:29:21","slug":"hema-tpo-free-diamond-top-coat-15ml","status":"publish","type":"product","link":"https:\/\/chromeclair.com\/es\/product\/hema-tpo-free-diamond-top-coat-15ml\/","title":{"rendered":"HEMA &amp; TPO Free Diamond Top Coat 15ML"},"content":{"rendered":"<p>La elecci\u00f3n de los profesionales para un acabado impecable. <\/p>\n\n\n\n<p>Nuestra capa superior Diamond 15ML no contiene HEMA ni TPO, lo que crea un escudo resistente y flexible que resiste los ara\u00f1azos y el amarilleamiento. <\/p>\n\n\n\n<p>Este gel superior Diamond garantiza que sus dise\u00f1os permanezcan vibrantes y brillantes, alargando significativamente la vida de cualquier manicura de gel.<\/p>","protected":false},"excerpt":{"rendered":"<p>Requiere el uso de una l\u00e1mpara UV o LED<\/p>","protected":false},"featured_media":10717,"comment_status":"open","ping_status":"closed","template":"","meta":[],"product_brand":[162],"product_cat":[178],"product_tag":[],"class_list":{"0":"post-10239","1":"product","2":"type-product","3":"status-publish","4":"has-post-thumbnail","6":"product_brand-chromeclair","7":"product_cat-base-top-coat","9":"first","10":"instock","11":"shipping-taxable","12":"purchasable","13":"product-type-simple"},"yoast_head":"<!-- This site is optimized with the Yoast SEO plugin v27.4 - https:\/\/yoast.com\/product\/yoast-seo-wordpress\/ -->\n<title>HEMA &amp; TPO Free Diamond Top Coat ong Lasting No Scratch Finish -CHROM\u00c9CLAIR<\/title>\n<meta name=\"description\" content=\"Seal in perfection with a brilliant, glass-like shine. CHROM\u00c9CLAIR HEMA &amp; TPO Free Diamond Top Coat is a no-wipe formula that delivers a durable, scratch-resistant finish. This 15ML professional top coat locks in color and nail art for weeks, providing ultimate protection without compromising on safety or gloss.\" \/>\n<meta name=\"robots\" content=\"index, follow, max-snippet:-1, max-image-preview:large, max-video-preview:-1\" \/>\n<link rel=\"canonical\" href=\"https:\/\/chromeclair.com\/es\/producto\/hema-tpo-free-diamond-top-coat-15ml\/\" \/>\n<meta property=\"og:locale\" content=\"es_ES\" \/>\n<meta property=\"og:type\" content=\"article\" \/>\n<meta property=\"og:title\" content=\"HEMA &amp; TPO Free Diamond Top Coat ong Lasting No Scratch Finish -CHROM\u00c9CLAIR\" \/>\n<meta property=\"og:description\" content=\"Seal in perfection with a brilliant, glass-like shine. CHROM\u00c9CLAIR HEMA &amp; TPO Free Diamond Top Coat is a no-wipe formula that delivers a durable, scratch-resistant finish. This 15ML professional top coat locks in color and nail art for weeks, providing ultimate protection without compromising on safety or gloss.\" \/>\n<meta property=\"og:url\" content=\"https:\/\/chromeclair.com\/es\/producto\/hema-tpo-free-diamond-top-coat-15ml\/\" \/>\n<meta property=\"og:site_name\" content=\"Cat Eye Gel Polish \u2013 HEMA-Free \uff06 TPO-Free\" \/>\n<meta property=\"article:modified_time\" content=\"2026-04-13T04:29:21+00:00\" \/>\n<meta property=\"og:image\" content=\"https:\/\/chromeclair.com\/wp-content\/uploads\/2025\/11\/Diamond-Top-Coat-1-1.webp\" \/>\n\t<meta property=\"og:image:width\" content=\"1000\" \/>\n\t<meta property=\"og:image:height\" content=\"1000\" \/>\n\t<meta property=\"og:image:type\" content=\"image\/webp\" \/>\n<meta name=\"twitter:card\" content=\"summary_large_image\" \/>\n<meta name=\"twitter:label1\" content=\"Tiempo de lectura\" \/>\n\t<meta name=\"twitter:data1\" content=\"1 minuto\" \/>\n<script type=\"application\/ld+json\" class=\"yoast-schema-graph\">{\"@context\":\"https:\\\/\\\/schema.org\",\"@graph\":[{\"@type\":\"WebPage\",\"@id\":\"https:\\\/\\\/chromeclair.com\\\/product\\\/hema-tpo-free-diamond-top-coat-15ml\\\/\",\"url\":\"https:\\\/\\\/chromeclair.com\\\/product\\\/hema-tpo-free-diamond-top-coat-15ml\\\/\",\"name\":\"HEMA & TPO Free Diamond Top Coat ong Lasting No Scratch Finish -CHROM\u00c9CLAIR\",\"isPartOf\":{\"@id\":\"https:\\\/\\\/chromeclair.com\\\/#website\"},\"primaryImageOfPage\":{\"@id\":\"https:\\\/\\\/chromeclair.com\\\/product\\\/hema-tpo-free-diamond-top-coat-15ml\\\/#primaryimage\"},\"image\":{\"@id\":\"https:\\\/\\\/chromeclair.com\\\/product\\\/hema-tpo-free-diamond-top-coat-15ml\\\/#primaryimage\"},\"thumbnailUrl\":\"https:\\\/\\\/chromeclair.com\\\/wp-content\\\/uploads\\\/2025\\\/11\\\/Diamond-Top-Coat-1-1.webp\",\"datePublished\":\"2025-11-14T06:56:26+00:00\",\"dateModified\":\"2026-04-13T04:29:21+00:00\",\"description\":\"Seal in perfection with a brilliant, glass-like shine. CHROM\u00c9CLAIR HEMA & TPO Free Diamond Top Coat is a no-wipe formula that delivers a durable, scratch-resistant finish. This 15ML professional top coat locks in color and nail art for weeks, providing ultimate protection without compromising on safety or gloss.\",\"inLanguage\":\"es\",\"potentialAction\":[{\"@type\":\"ReadAction\",\"target\":[\"https:\\\/\\\/chromeclair.com\\\/product\\\/hema-tpo-free-diamond-top-coat-15ml\\\/\"]}]},{\"@type\":\"ImageObject\",\"inLanguage\":\"es\",\"@id\":\"https:\\\/\\\/chromeclair.com\\\/product\\\/hema-tpo-free-diamond-top-coat-15ml\\\/#primaryimage\",\"url\":\"https:\\\/\\\/chromeclair.com\\\/wp-content\\\/uploads\\\/2025\\\/11\\\/Diamond-Top-Coat-1-1.webp\",\"contentUrl\":\"https:\\\/\\\/chromeclair.com\\\/wp-content\\\/uploads\\\/2025\\\/11\\\/Diamond-Top-Coat-1-1.webp\",\"width\":1000,\"height\":1000,\"caption\":\"Hema-Free and Tpo-Free Diamond Top Coat-1-CHROM\u00c9CLAIR\"},{\"@type\":\"WebSite\",\"@id\":\"https:\\\/\\\/chromeclair.com\\\/#website\",\"url\":\"https:\\\/\\\/chromeclair.com\\\/\",\"name\":\"Cat Eye Gel Polish \u2013 HEMA-Free \uff06 TPO-Free\",\"description\":\"While others focus on having more colors, we focus on having safer ingredients.\",\"publisher\":{\"@id\":\"https:\\\/\\\/chromeclair.com\\\/#organization\"},\"potentialAction\":[{\"@type\":\"SearchAction\",\"target\":{\"@type\":\"EntryPoint\",\"urlTemplate\":\"https:\\\/\\\/chromeclair.com\\\/?s={search_term_string}\"},\"query-input\":{\"@type\":\"PropertyValueSpecification\",\"valueRequired\":true,\"valueName\":\"search_term_string\"}}],\"inLanguage\":\"es\"},{\"@type\":\"Organization\",\"@id\":\"https:\\\/\\\/chromeclair.com\\\/#organization\",\"name\":\"Cat Eye Gel Polish \u2013 HEMA-Free \uff06 TPO-Free\",\"url\":\"https:\\\/\\\/chromeclair.com\\\/\",\"logo\":{\"@type\":\"ImageObject\",\"inLanguage\":\"es\",\"@id\":\"https:\\\/\\\/chromeclair.com\\\/#\\\/schema\\\/logo\\\/image\\\/\",\"url\":\"https:\\\/\\\/chromeclair.com\\\/wp-content\\\/uploads\\\/2025\\\/06\\\/cropped-CHROMECLAIR-Logo-scaled-1.png\",\"contentUrl\":\"https:\\\/\\\/chromeclair.com\\\/wp-content\\\/uploads\\\/2025\\\/06\\\/cropped-CHROMECLAIR-Logo-scaled-1.png\",\"width\":2151,\"height\":429,\"caption\":\"Cat Eye Gel Polish \u2013 HEMA-Free \uff06 TPO-Free\"},\"image\":{\"@id\":\"https:\\\/\\\/chromeclair.com\\\/#\\\/schema\\\/logo\\\/image\\\/\"}}]}<\/script>\n<!-- \/ Yoast SEO plugin. -->","yoast_head_json":{"title":"HEMA &amp; TPO Free Diamond Top Coat ong Lasting No Scratch Finish -CHROM\u00c9CLAIR","description":"Sella la perfecci\u00f3n con un brillo brillante como el cristal. CHROM\u00c9CLAIR HEMA &amp; TPO Free Diamond Top Coat es una f\u00f3rmula que no se borra y proporciona un acabado duradero y resistente a los ara\u00f1azos. Este top coat profesional de 15ML fija el color y el nail art durante semanas, proporcionando la m\u00e1xima protecci\u00f3n sin comprometer la seguridad ni el brillo.","robots":{"index":"index","follow":"follow","max-snippet":"max-snippet:-1","max-image-preview":"max-image-preview:large","max-video-preview":"max-video-preview:-1"},"canonical":"https:\/\/chromeclair.com\/es\/producto\/hema-tpo-free-diamond-top-coat-15ml\/","og_locale":"es_ES","og_type":"article","og_title":"HEMA & TPO Free Diamond Top Coat ong Lasting No Scratch Finish -CHROM\u00c9CLAIR","og_description":"Seal in perfection with a brilliant, glass-like shine. CHROM\u00c9CLAIR HEMA & TPO Free Diamond Top Coat is a no-wipe formula that delivers a durable, scratch-resistant finish. This 15ML professional top coat locks in color and nail art for weeks, providing ultimate protection without compromising on safety or gloss.","og_url":"https:\/\/chromeclair.com\/es\/producto\/hema-tpo-free-diamond-top-coat-15ml\/","og_site_name":"Cat Eye Gel Polish \u2013 HEMA-Free \uff06 TPO-Free","article_modified_time":"2026-04-13T04:29:21+00:00","og_image":[{"width":1000,"height":1000,"url":"https:\/\/chromeclair.com\/wp-content\/uploads\/2025\/11\/Diamond-Top-Coat-1-1.webp","type":"image\/webp"}],"twitter_card":"summary_large_image","twitter_misc":{"Tiempo de lectura":"1 minuto"},"schema":{"@context":"https:\/\/schema.org","@graph":[{"@type":"WebPage","@id":"https:\/\/chromeclair.com\/product\/hema-tpo-free-diamond-top-coat-15ml\/","url":"https:\/\/chromeclair.com\/product\/hema-tpo-free-diamond-top-coat-15ml\/","name":"HEMA &amp; TPO Free Diamond Top Coat ong Lasting No Scratch Finish -CHROM\u00c9CLAIR","isPartOf":{"@id":"https:\/\/chromeclair.com\/#website"},"primaryImageOfPage":{"@id":"https:\/\/chromeclair.com\/product\/hema-tpo-free-diamond-top-coat-15ml\/#primaryimage"},"image":{"@id":"https:\/\/chromeclair.com\/product\/hema-tpo-free-diamond-top-coat-15ml\/#primaryimage"},"thumbnailUrl":"https:\/\/chromeclair.com\/wp-content\/uploads\/2025\/11\/Diamond-Top-Coat-1-1.webp","datePublished":"2025-11-14T06:56:26+00:00","dateModified":"2026-04-13T04:29:21+00:00","description":"Sella la perfecci\u00f3n con un brillo brillante como el cristal. CHROM\u00c9CLAIR HEMA &amp; TPO Free Diamond Top Coat es una f\u00f3rmula que no se borra y proporciona un acabado duradero y resistente a los ara\u00f1azos. Este top coat profesional de 15ML fija el color y el nail art durante semanas, proporcionando la m\u00e1xima protecci\u00f3n sin comprometer la seguridad ni el brillo.","inLanguage":"es","potentialAction":[{"@type":"ReadAction","target":["https:\/\/chromeclair.com\/product\/hema-tpo-free-diamond-top-coat-15ml\/"]}]},{"@type":"ImageObject","inLanguage":"es","@id":"https:\/\/chromeclair.com\/product\/hema-tpo-free-diamond-top-coat-15ml\/#primaryimage","url":"https:\/\/chromeclair.com\/wp-content\/uploads\/2025\/11\/Diamond-Top-Coat-1-1.webp","contentUrl":"https:\/\/chromeclair.com\/wp-content\/uploads\/2025\/11\/Diamond-Top-Coat-1-1.webp","width":1000,"height":1000,"caption":"Hema-Free and Tpo-Free Diamond Top Coat-1-CHROM\u00c9CLAIR"},{"@type":"WebSite","@id":"https:\/\/chromeclair.com\/#website","url":"https:\/\/chromeclair.com\/","name":"Esmalte de u\u00f1as en gel Cat Eye \u2013 Sin HEMA ni TPO","description":"Mientras que otros se centran en ofrecer m\u00e1s colores, nosotros nos centramos en ofrecer ingredientes m\u00e1s seguros.","publisher":{"@id":"https:\/\/chromeclair.com\/#organization"},"potentialAction":[{"@type":"SearchAction","target":{"@type":"EntryPoint","urlTemplate":"https:\/\/chromeclair.com\/?s={search_term_string}"},"query-input":{"@type":"PropertyValueSpecification","valueRequired":true,"valueName":"search_term_string"}}],"inLanguage":"es"},{"@type":"Organization","@id":"https:\/\/chromeclair.com\/#organization","name":"Esmalte de u\u00f1as en gel Cat Eye \u2013 Sin HEMA ni TPO","url":"https:\/\/chromeclair.com\/","logo":{"@type":"ImageObject","inLanguage":"es","@id":"https:\/\/chromeclair.com\/#\/schema\/logo\/image\/","url":"https:\/\/chromeclair.com\/wp-content\/uploads\/2025\/06\/cropped-CHROMECLAIR-Logo-scaled-1.png","contentUrl":"https:\/\/chromeclair.com\/wp-content\/uploads\/2025\/06\/cropped-CHROMECLAIR-Logo-scaled-1.png","width":2151,"height":429,"caption":"Cat Eye Gel Polish \u2013 HEMA-Free \uff06 TPO-Free"},"image":{"@id":"https:\/\/chromeclair.com\/#\/schema\/logo\/image\/"}}]}},"_links":{"self":[{"href":"https:\/\/chromeclair.com\/es\/wp-json\/wp\/v2\/product\/10239","targetHints":{"allow":["GET"]}}],"collection":[{"href":"https:\/\/chromeclair.com\/es\/wp-json\/wp\/v2\/product"}],"about":[{"href":"https:\/\/chromeclair.com\/es\/wp-json\/wp\/v2\/types\/product"}],"replies":[{"embeddable":true,"href":"https:\/\/chromeclair.com\/es\/wp-json\/wp\/v2\/comments?post=10239"}],"wp:featuredmedia":[{"embeddable":true,"href":"https:\/\/chromeclair.com\/es\/wp-json\/wp\/v2\/media\/10717"}],"wp:attachment":[{"href":"https:\/\/chromeclair.com\/es\/wp-json\/wp\/v2\/media?parent=10239"}],"wp:term":[{"taxonomy":"product_brand","embeddable":true,"href":"https:\/\/chromeclair.com\/es\/wp-json\/wp\/v2\/product_brand?post=10239"},{"taxonomy":"product_cat","embeddable":true,"href":"https:\/\/chromeclair.com\/es\/wp-json\/wp\/v2\/product_cat?post=10239"},{"taxonomy":"product_tag","embeddable":true,"href":"https:\/\/chromeclair.com\/es\/wp-json\/wp\/v2\/product_tag?post=10239"}],"curies":[{"name":"wp","href":"https:\/\/api.w.org\/{rel}","templated":true}]}}