{"id":10258,"date":"2025-11-14T07:23:18","date_gmt":"2025-11-14T07:23:18","guid":{"rendered":"https:\/\/chromeclair.com\/?post_type=product&#038;p=10258"},"modified":"2026-04-16T03:28:51","modified_gmt":"2026-04-16T03:28:51","slug":"hematpo-free-cat-eye-gel-polish-17ml","status":"publish","type":"product","link":"https:\/\/chromeclair.com\/es\/producto\/hematpo-free-cat-eye-gel-polish-17ml\/","title":{"rendered":"Esmalte en gel Cat Eye sin HEMA y sin TPO CE11"},"content":{"rendered":"<p>Desata una deslumbrante magia magn\u00e9tica en un atrevido magenta. <\/p>\n\n\n\n<p>Nuestro gel para ojos de gato sin HEMA ni TPO proporciona una l\u00ednea met\u00e1lica intensa y brillante que atrae todas las miradas.<\/p>\n\n\n\n<p> La f\u00f3rmula profesional de 17 ml responde r\u00e1pidamente al im\u00e1n, lo que facilita la creaci\u00f3n de nail art espectaculares con calidad de sal\u00f3n de belleza con una sola pasada.<\/p>","protected":false},"excerpt":{"rendered":"<p>Requiere el uso de una l\u00e1mpara UV o LED<\/p>","protected":false},"featured_media":10259,"comment_status":"open","ping_status":"closed","template":"","meta":[],"product_brand":[162],"product_cat":[179],"product_tag":[],"class_list":{"0":"post-10258","1":"product","2":"type-product","3":"status-publish","4":"has-post-thumbnail","6":"product_brand-chromeclair","7":"product_cat-cat-eye-gel-polish","9":"first","10":"instock","11":"shipping-taxable","12":"purchasable","13":"product-type-simple"},"yoast_head":"<!-- This site is optimized with the Yoast SEO plugin v26.4 - https:\/\/yoast.com\/wordpress\/plugins\/seo\/ -->\n<title>Magnetic Pink Cat Eye Gel Polish | HEMA &amp; TPO Free 17ML -CHROM\u00c9CLAIR<\/title>\n<meta name=\"description\" content=\"Create a captivating, romantic glow with CHROM\u00c9CLAIR Rose Pink Cat Eye Gel. This HEMA &amp; TPO Free magnetic polish in a 17ML bottle captures light like a precious gem. Simply use the magnet to reveal a sleek, shimmering streak for a mesmerizing, deep-space effect that\u2019s both safe and stunning.\" \/>\n<meta name=\"robots\" content=\"index, follow, max-snippet:-1, max-image-preview:large, max-video-preview:-1\" \/>\n<link rel=\"canonical\" href=\"https:\/\/chromeclair.com\/es\/producto\/hematpo-free-cat-eye-gel-polish-17ml\/\" \/>\n<meta property=\"og:locale\" content=\"es_ES\" \/>\n<meta property=\"og:type\" content=\"article\" \/>\n<meta property=\"og:title\" content=\"Magnetic Pink Cat Eye Gel Polish | HEMA &amp; TPO Free 17ML -CHROM\u00c9CLAIR\" \/>\n<meta property=\"og:description\" content=\"Create a captivating, romantic glow with CHROM\u00c9CLAIR Rose Pink Cat Eye Gel. This HEMA &amp; TPO Free magnetic polish in a 17ML bottle captures light like a precious gem. Simply use the magnet to reveal a sleek, shimmering streak for a mesmerizing, deep-space effect that\u2019s both safe and stunning.\" \/>\n<meta property=\"og:url\" content=\"https:\/\/chromeclair.com\/es\/producto\/hematpo-free-cat-eye-gel-polish-17ml\/\" \/>\n<meta property=\"og:site_name\" content=\"Cat Eye Gel Polish \u2013 HEMA-Free \uff06 TPO-Free\" \/>\n<meta property=\"article:modified_time\" content=\"2026-04-16T03:28:51+00:00\" \/>\n<meta property=\"og:image\" content=\"https:\/\/chromeclair.com\/wp-content\/uploads\/2025\/11\/CE-11.webp\" \/>\n\t<meta property=\"og:image:width\" content=\"800\" \/>\n\t<meta property=\"og:image:height\" content=\"800\" \/>\n\t<meta property=\"og:image:type\" content=\"image\/webp\" \/>\n<meta name=\"twitter:card\" content=\"summary_large_image\" \/>\n<meta name=\"twitter:label1\" content=\"Tiempo de lectura\" \/>\n\t<meta name=\"twitter:data1\" content=\"1 minuto\" \/>\n<script type=\"application\/ld+json\" class=\"yoast-schema-graph\">{\"@context\":\"https:\/\/schema.org\",\"@graph\":[{\"@type\":\"WebPage\",\"@id\":\"https:\/\/chromeclair.com\/product\/hematpo-free-cat-eye-gel-polish-17ml\/\",\"url\":\"https:\/\/chromeclair.com\/product\/hematpo-free-cat-eye-gel-polish-17ml\/\",\"name\":\"Magnetic Pink Cat Eye Gel Polish | HEMA & TPO Free 17ML -CHROM\u00c9CLAIR\",\"isPartOf\":{\"@id\":\"https:\/\/chromeclair.com\/#website\"},\"primaryImageOfPage\":{\"@id\":\"https:\/\/chromeclair.com\/product\/hematpo-free-cat-eye-gel-polish-17ml\/#primaryimage\"},\"image\":{\"@id\":\"https:\/\/chromeclair.com\/product\/hematpo-free-cat-eye-gel-polish-17ml\/#primaryimage\"},\"thumbnailUrl\":\"https:\/\/chromeclair.com\/wp-content\/uploads\/2025\/11\/CE-11.webp\",\"datePublished\":\"2025-11-14T07:23:18+00:00\",\"dateModified\":\"2026-04-16T03:28:51+00:00\",\"description\":\"Create a captivating, romantic glow with CHROM\u00c9CLAIR Rose Pink Cat Eye Gel. This HEMA & TPO Free magnetic polish in a 17ML bottle captures light like a precious gem. Simply use the magnet to reveal a sleek, shimmering streak for a mesmerizing, deep-space effect that\u2019s both safe and stunning.\",\"breadcrumb\":{\"@id\":\"https:\/\/chromeclair.com\/product\/hematpo-free-cat-eye-gel-polish-17ml\/#breadcrumb\"},\"inLanguage\":\"es\",\"potentialAction\":[{\"@type\":\"ReadAction\",\"target\":[\"https:\/\/chromeclair.com\/product\/hematpo-free-cat-eye-gel-polish-17ml\/\"]}]},{\"@type\":\"ImageObject\",\"inLanguage\":\"es\",\"@id\":\"https:\/\/chromeclair.com\/product\/hematpo-free-cat-eye-gel-polish-17ml\/#primaryimage\",\"url\":\"https:\/\/chromeclair.com\/wp-content\/uploads\/2025\/11\/CE-11.webp\",\"contentUrl\":\"https:\/\/chromeclair.com\/wp-content\/uploads\/2025\/11\/CE-11.webp\",\"width\":800,\"height\":800,\"caption\":\"Hema-Free and Tpo-free Cat Eye Pink Color CE-11-CHROM\u00c9CLAIR\"},{\"@type\":\"BreadcrumbList\",\"@id\":\"https:\/\/chromeclair.com\/product\/hematpo-free-cat-eye-gel-polish-17ml\/#breadcrumb\",\"itemListElement\":[{\"@type\":\"ListItem\",\"position\":1,\"name\":\"Home\",\"item\":\"https:\/\/chromeclair.com\/\"},{\"@type\":\"ListItem\",\"position\":2,\"name\":\"Shop\",\"item\":\"https:\/\/chromeclair.com\/shop\/\"},{\"@type\":\"ListItem\",\"position\":3,\"name\":\"Cat Eye Gel Polish HEMA-Free and TPO-Free CE11\"}]},{\"@type\":\"WebSite\",\"@id\":\"https:\/\/chromeclair.com\/#website\",\"url\":\"https:\/\/chromeclair.com\/\",\"name\":\"Cat Eye Gel Polish \u2013 HEMA-Free \uff06 TPO-Free\",\"description\":\"While others focus on having more colors, we focus on having safer ingredients.\",\"publisher\":{\"@id\":\"https:\/\/chromeclair.com\/#organization\"},\"potentialAction\":[{\"@type\":\"SearchAction\",\"target\":{\"@type\":\"EntryPoint\",\"urlTemplate\":\"https:\/\/chromeclair.com\/?s={search_term_string}\"},\"query-input\":{\"@type\":\"PropertyValueSpecification\",\"valueRequired\":true,\"valueName\":\"search_term_string\"}}],\"inLanguage\":\"es\"},{\"@type\":\"Organization\",\"@id\":\"https:\/\/chromeclair.com\/#organization\",\"name\":\"Cat Eye Gel Polish \u2013 HEMA-Free \uff06 TPO-Free\",\"url\":\"https:\/\/chromeclair.com\/\",\"logo\":{\"@type\":\"ImageObject\",\"inLanguage\":\"es\",\"@id\":\"https:\/\/chromeclair.com\/#\/schema\/logo\/image\/\",\"url\":\"https:\/\/chromeclair.com\/wp-content\/uploads\/2025\/06\/cropped-CHROMECLAIR-Logo-scaled-1.png\",\"contentUrl\":\"https:\/\/chromeclair.com\/wp-content\/uploads\/2025\/06\/cropped-CHROMECLAIR-Logo-scaled-1.png\",\"width\":2151,\"height\":429,\"caption\":\"Cat Eye Gel Polish \u2013 HEMA-Free \uff06 TPO-Free\"},\"image\":{\"@id\":\"https:\/\/chromeclair.com\/#\/schema\/logo\/image\/\"}}]}<\/script>\n<!-- \/ Yoast SEO plugin. -->","yoast_head_json":{"title":"Esmalte en gel Magnetic Pink Cat Eye | Sin HEMA ni TPO 17ML -CHROM\u00c9CLAIR","description":"Cree un brillo cautivador y rom\u00e1ntico con el Gel Rose Pink Cat Eye de CHROM\u00c9CLAIR. Este esmalte magn\u00e9tico sin HEMA ni TPO en un frasco de 17 ml captura la luz como una gema preciosa. Simplemente utiliza el im\u00e1n para revelar una raya elegante y brillante para un efecto hipnotizante y profundo que es a la vez seguro y deslumbrante.","robots":{"index":"index","follow":"follow","max-snippet":"max-snippet:-1","max-image-preview":"max-image-preview:large","max-video-preview":"max-video-preview:-1"},"canonical":"https:\/\/chromeclair.com\/es\/producto\/hematpo-free-cat-eye-gel-polish-17ml\/","og_locale":"es_ES","og_type":"article","og_title":"Magnetic Pink Cat Eye Gel Polish | HEMA & TPO Free 17ML -CHROM\u00c9CLAIR","og_description":"Create a captivating, romantic glow with CHROM\u00c9CLAIR Rose Pink Cat Eye Gel. This HEMA & TPO Free magnetic polish in a 17ML bottle captures light like a precious gem. Simply use the magnet to reveal a sleek, shimmering streak for a mesmerizing, deep-space effect that\u2019s both safe and stunning.","og_url":"https:\/\/chromeclair.com\/es\/producto\/hematpo-free-cat-eye-gel-polish-17ml\/","og_site_name":"Cat Eye Gel Polish \u2013 HEMA-Free \uff06 TPO-Free","article_modified_time":"2026-04-16T03:28:51+00:00","og_image":[{"width":800,"height":800,"url":"https:\/\/chromeclair.com\/wp-content\/uploads\/2025\/11\/CE-11.webp","type":"image\/webp"}],"twitter_card":"summary_large_image","twitter_misc":{"Tiempo de lectura":"1 minuto"},"schema":{"@context":"https:\/\/schema.org","@graph":[{"@type":"WebPage","@id":"https:\/\/chromeclair.com\/product\/hematpo-free-cat-eye-gel-polish-17ml\/","url":"https:\/\/chromeclair.com\/product\/hematpo-free-cat-eye-gel-polish-17ml\/","name":"Esmalte en gel Magnetic Pink Cat Eye | Sin HEMA ni TPO 17ML -CHROM\u00c9CLAIR","isPartOf":{"@id":"https:\/\/chromeclair.com\/#website"},"primaryImageOfPage":{"@id":"https:\/\/chromeclair.com\/product\/hematpo-free-cat-eye-gel-polish-17ml\/#primaryimage"},"image":{"@id":"https:\/\/chromeclair.com\/product\/hematpo-free-cat-eye-gel-polish-17ml\/#primaryimage"},"thumbnailUrl":"https:\/\/chromeclair.com\/wp-content\/uploads\/2025\/11\/CE-11.webp","datePublished":"2025-11-14T07:23:18+00:00","dateModified":"2026-04-16T03:28:51+00:00","description":"Cree un brillo cautivador y rom\u00e1ntico con el Gel Rose Pink Cat Eye de CHROM\u00c9CLAIR. Este esmalte magn\u00e9tico sin HEMA ni TPO en un frasco de 17 ml captura la luz como una gema preciosa. Simplemente utiliza el im\u00e1n para revelar una raya elegante y brillante para un efecto hipnotizante y profundo que es a la vez seguro y deslumbrante.","breadcrumb":{"@id":"https:\/\/chromeclair.com\/product\/hematpo-free-cat-eye-gel-polish-17ml\/#breadcrumb"},"inLanguage":"es","potentialAction":[{"@type":"ReadAction","target":["https:\/\/chromeclair.com\/product\/hematpo-free-cat-eye-gel-polish-17ml\/"]}]},{"@type":"ImageObject","inLanguage":"es","@id":"https:\/\/chromeclair.com\/product\/hematpo-free-cat-eye-gel-polish-17ml\/#primaryimage","url":"https:\/\/chromeclair.com\/wp-content\/uploads\/2025\/11\/CE-11.webp","contentUrl":"https:\/\/chromeclair.com\/wp-content\/uploads\/2025\/11\/CE-11.webp","width":800,"height":800,"caption":"Hema-Free and Tpo-free Cat Eye Pink Color CE-11-CHROM\u00c9CLAIR"},{"@type":"BreadcrumbList","@id":"https:\/\/chromeclair.com\/product\/hematpo-free-cat-eye-gel-polish-17ml\/#breadcrumb","itemListElement":[{"@type":"ListItem","position":1,"name":"Home","item":"https:\/\/chromeclair.com\/"},{"@type":"ListItem","position":2,"name":"Shop","item":"https:\/\/chromeclair.com\/shop\/"},{"@type":"ListItem","position":3,"name":"Cat Eye Gel Polish HEMA-Free and TPO-Free CE11"}]},{"@type":"WebSite","@id":"https:\/\/chromeclair.com\/#website","url":"https:\/\/chromeclair.com\/","name":"Esmalte de u\u00f1as en gel Cat Eye \u2013 Sin HEMA ni TPO","description":"Mientras que otros se centran en ofrecer m\u00e1s colores, nosotros nos centramos en ofrecer ingredientes m\u00e1s seguros.","publisher":{"@id":"https:\/\/chromeclair.com\/#organization"},"potentialAction":[{"@type":"SearchAction","target":{"@type":"EntryPoint","urlTemplate":"https:\/\/chromeclair.com\/?s={search_term_string}"},"query-input":{"@type":"PropertyValueSpecification","valueRequired":true,"valueName":"search_term_string"}}],"inLanguage":"es"},{"@type":"Organization","@id":"https:\/\/chromeclair.com\/#organization","name":"Esmalte de u\u00f1as en gel Cat Eye \u2013 Sin HEMA ni TPO","url":"https:\/\/chromeclair.com\/","logo":{"@type":"ImageObject","inLanguage":"es","@id":"https:\/\/chromeclair.com\/#\/schema\/logo\/image\/","url":"https:\/\/chromeclair.com\/wp-content\/uploads\/2025\/06\/cropped-CHROMECLAIR-Logo-scaled-1.png","contentUrl":"https:\/\/chromeclair.com\/wp-content\/uploads\/2025\/06\/cropped-CHROMECLAIR-Logo-scaled-1.png","width":2151,"height":429,"caption":"Cat Eye Gel Polish \u2013 HEMA-Free \uff06 TPO-Free"},"image":{"@id":"https:\/\/chromeclair.com\/#\/schema\/logo\/image\/"}}]}},"_links":{"self":[{"href":"https:\/\/chromeclair.com\/es\/wp-json\/wp\/v2\/product\/10258","targetHints":{"allow":["GET"]}}],"collection":[{"href":"https:\/\/chromeclair.com\/es\/wp-json\/wp\/v2\/product"}],"about":[{"href":"https:\/\/chromeclair.com\/es\/wp-json\/wp\/v2\/types\/product"}],"replies":[{"embeddable":true,"href":"https:\/\/chromeclair.com\/es\/wp-json\/wp\/v2\/comments?post=10258"}],"wp:featuredmedia":[{"embeddable":true,"href":"https:\/\/chromeclair.com\/es\/wp-json\/wp\/v2\/media\/10259"}],"wp:attachment":[{"href":"https:\/\/chromeclair.com\/es\/wp-json\/wp\/v2\/media?parent=10258"}],"wp:term":[{"taxonomy":"product_brand","embeddable":true,"href":"https:\/\/chromeclair.com\/es\/wp-json\/wp\/v2\/product_brand?post=10258"},{"taxonomy":"product_cat","embeddable":true,"href":"https:\/\/chromeclair.com\/es\/wp-json\/wp\/v2\/product_cat?post=10258"},{"taxonomy":"product_tag","embeddable":true,"href":"https:\/\/chromeclair.com\/es\/wp-json\/wp\/v2\/product_tag?post=10258"}],"curies":[{"name":"wp","href":"https:\/\/api.w.org\/{rel}","templated":true}]}}