{"id":10627,"date":"2025-12-26T03:14:22","date_gmt":"2025-12-26T03:14:22","guid":{"rendered":"https:\/\/chromeclair.com\/?post_type=product&#038;p=10627"},"modified":"2026-04-16T03:29:31","modified_gmt":"2026-04-16T03:29:31","slug":"cat-eye-gel-polish-hema-free-and-tpo-free-ce12","status":"publish","type":"product","link":"https:\/\/chromeclair.com\/es\/product\/cat-eye-gel-polish-hema-free-and-tpo-free-ce12\/","title":{"rendered":"Esmalte de u\u00f1as en gel Cat Eye sin HEMA y sin TPO CE12"},"content":{"rendered":"<p>Captura el misterio de una nebulosa lejana con CE12. <\/p>\n\n\n\n<p>No es solo un ojo de gato morado, es una galaxia en una botella. <\/p>\n\n\n\n<p>Una base de color p\u00farpura intenso cobra vida gracias a unas part\u00edculas magn\u00e9ticas duales que cambian entre el azul violeta iridiscente y el dorado brillante, creando un efecto c\u00f3smico multidimensional. <\/p>\n\n\n\n<p>Todo en una f\u00f3rmula segura, sin HEMA ni TPO, de 17 ml.<\/p>","protected":false},"excerpt":{"rendered":"<p>Requiere el uso de una l\u00e1mpara UV o LED<\/p>","protected":false},"featured_media":10626,"comment_status":"open","ping_status":"closed","template":"","meta":[],"product_brand":[162],"product_cat":[179],"product_tag":[],"class_list":{"0":"post-10627","1":"product","2":"type-product","3":"status-publish","4":"has-post-thumbnail","6":"product_brand-chromeclair","7":"product_cat-cat-eye-gel-polish","9":"first","10":"instock","11":"shipping-taxable","12":"purchasable","13":"product-type-simple"},"yoast_head":"<!-- This site is optimized with the Yoast SEO plugin v27.4 - https:\/\/yoast.com\/product\/yoast-seo-wordpress\/ -->\n<title>Galaxy Purple Cat Eye Gel HEMA &amp; TPO Free CE12 with Dual Magnetic Glitter -CHROM\u00c9CLAIR<\/title>\n<meta name=\"description\" content=\"Wear the Northern Lights on your nails. CHROM\u00c9CLAIR CE12 Cat Eye Gel features a rich purple base infused with both blue-purple and golden magnetic glitters. Swipe the magnet to control the light, creating a mesmerizing aurora-like sweep that shifts and changes with every angle. A truly hypnotic, professional-grade effect.\" \/>\n<meta name=\"robots\" content=\"index, follow, max-snippet:-1, max-image-preview:large, max-video-preview:-1\" \/>\n<link rel=\"canonical\" href=\"https:\/\/chromeclair.com\/es\/producto\/cat-eye-gel-polish-hema-free-and-tpo-free-ce12\/\" \/>\n<meta property=\"og:locale\" content=\"es_ES\" \/>\n<meta property=\"og:type\" content=\"article\" \/>\n<meta property=\"og:title\" content=\"Galaxy Purple Cat Eye Gel HEMA &amp; TPO Free CE12 with Dual Magnetic Glitter -CHROM\u00c9CLAIR\" \/>\n<meta property=\"og:description\" content=\"Wear the Northern Lights on your nails. CHROM\u00c9CLAIR CE12 Cat Eye Gel features a rich purple base infused with both blue-purple and golden magnetic glitters. Swipe the magnet to control the light, creating a mesmerizing aurora-like sweep that shifts and changes with every angle. A truly hypnotic, professional-grade effect.\" \/>\n<meta property=\"og:url\" content=\"https:\/\/chromeclair.com\/es\/producto\/cat-eye-gel-polish-hema-free-and-tpo-free-ce12\/\" \/>\n<meta property=\"og:site_name\" content=\"Cat Eye Gel Polish \u2013 HEMA-Free \uff06 TPO-Free\" \/>\n<meta property=\"article:modified_time\" content=\"2026-04-16T03:29:31+00:00\" \/>\n<meta property=\"og:image\" content=\"https:\/\/chromeclair.com\/wp-content\/uploads\/2025\/12\/CE-12\u5927\u74f6.webp\" \/>\n\t<meta property=\"og:image:width\" content=\"1000\" \/>\n\t<meta property=\"og:image:height\" content=\"1000\" \/>\n\t<meta property=\"og:image:type\" content=\"image\/webp\" \/>\n<meta name=\"twitter:card\" content=\"summary_large_image\" \/>\n<meta name=\"twitter:label1\" content=\"Tiempo de lectura\" \/>\n\t<meta name=\"twitter:data1\" content=\"1 minuto\" \/>\n<script type=\"application\/ld+json\" class=\"yoast-schema-graph\">{\"@context\":\"https:\\\/\\\/schema.org\",\"@graph\":[{\"@type\":\"WebPage\",\"@id\":\"https:\\\/\\\/chromeclair.com\\\/product\\\/cat-eye-gel-polish-hema-free-and-tpo-free-ce12\\\/\",\"url\":\"https:\\\/\\\/chromeclair.com\\\/product\\\/cat-eye-gel-polish-hema-free-and-tpo-free-ce12\\\/\",\"name\":\"Galaxy Purple Cat Eye Gel HEMA & TPO Free CE12 with Dual Magnetic Glitter -CHROM\u00c9CLAIR\",\"isPartOf\":{\"@id\":\"https:\\\/\\\/chromeclair.com\\\/#website\"},\"primaryImageOfPage\":{\"@id\":\"https:\\\/\\\/chromeclair.com\\\/product\\\/cat-eye-gel-polish-hema-free-and-tpo-free-ce12\\\/#primaryimage\"},\"image\":{\"@id\":\"https:\\\/\\\/chromeclair.com\\\/product\\\/cat-eye-gel-polish-hema-free-and-tpo-free-ce12\\\/#primaryimage\"},\"thumbnailUrl\":\"https:\\\/\\\/chromeclair.com\\\/wp-content\\\/uploads\\\/2025\\\/12\\\/CE-12\u5927\u74f6.webp\",\"datePublished\":\"2025-12-26T03:14:22+00:00\",\"dateModified\":\"2026-04-16T03:29:31+00:00\",\"description\":\"Wear the Northern Lights on your nails. CHROM\u00c9CLAIR CE12 Cat Eye Gel features a rich purple base infused with both blue-purple and golden magnetic glitters. Swipe the magnet to control the light, creating a mesmerizing aurora-like sweep that shifts and changes with every angle. A truly hypnotic, professional-grade effect.\",\"inLanguage\":\"es\",\"potentialAction\":[{\"@type\":\"ReadAction\",\"target\":[\"https:\\\/\\\/chromeclair.com\\\/product\\\/cat-eye-gel-polish-hema-free-and-tpo-free-ce12\\\/\"]}]},{\"@type\":\"ImageObject\",\"inLanguage\":\"es\",\"@id\":\"https:\\\/\\\/chromeclair.com\\\/product\\\/cat-eye-gel-polish-hema-free-and-tpo-free-ce12\\\/#primaryimage\",\"url\":\"https:\\\/\\\/chromeclair.com\\\/wp-content\\\/uploads\\\/2025\\\/12\\\/CE-12\u5927\u74f6.webp\",\"contentUrl\":\"https:\\\/\\\/chromeclair.com\\\/wp-content\\\/uploads\\\/2025\\\/12\\\/CE-12\u5927\u74f6.webp\",\"width\":1000,\"height\":1000,\"caption\":\"Cat Eye Gel Polish Purple Color HEMA-Free and TPO-Free CE12\"},{\"@type\":\"WebSite\",\"@id\":\"https:\\\/\\\/chromeclair.com\\\/#website\",\"url\":\"https:\\\/\\\/chromeclair.com\\\/\",\"name\":\"Cat Eye Gel Polish \u2013 HEMA-Free \uff06 TPO-Free\",\"description\":\"While others focus on having more colors, we focus on having safer ingredients.\",\"publisher\":{\"@id\":\"https:\\\/\\\/chromeclair.com\\\/#organization\"},\"potentialAction\":[{\"@type\":\"SearchAction\",\"target\":{\"@type\":\"EntryPoint\",\"urlTemplate\":\"https:\\\/\\\/chromeclair.com\\\/?s={search_term_string}\"},\"query-input\":{\"@type\":\"PropertyValueSpecification\",\"valueRequired\":true,\"valueName\":\"search_term_string\"}}],\"inLanguage\":\"es\"},{\"@type\":\"Organization\",\"@id\":\"https:\\\/\\\/chromeclair.com\\\/#organization\",\"name\":\"Cat Eye Gel Polish \u2013 HEMA-Free \uff06 TPO-Free\",\"url\":\"https:\\\/\\\/chromeclair.com\\\/\",\"logo\":{\"@type\":\"ImageObject\",\"inLanguage\":\"es\",\"@id\":\"https:\\\/\\\/chromeclair.com\\\/#\\\/schema\\\/logo\\\/image\\\/\",\"url\":\"https:\\\/\\\/chromeclair.com\\\/wp-content\\\/uploads\\\/2025\\\/06\\\/cropped-CHROMECLAIR-Logo-scaled-1.png\",\"contentUrl\":\"https:\\\/\\\/chromeclair.com\\\/wp-content\\\/uploads\\\/2025\\\/06\\\/cropped-CHROMECLAIR-Logo-scaled-1.png\",\"width\":2151,\"height\":429,\"caption\":\"Cat Eye Gel Polish \u2013 HEMA-Free \uff06 TPO-Free\"},\"image\":{\"@id\":\"https:\\\/\\\/chromeclair.com\\\/#\\\/schema\\\/logo\\\/image\\\/\"}}]}<\/script>\n<!-- \/ Yoast SEO plugin. -->","yoast_head_json":{"title":"Gel Galaxy Purple Cat Eye sin HEMA ni TPO CE12 con purpurina magn\u00e9tica doble -CHROM\u00c9CLAIR","description":"Lleva la aurora boreal en tus u\u00f1as. El gel Cat Eye CHROM\u00c9CLAIR CE12 presenta una rica base morada con purpurina magn\u00e9tica azul-morada y dorada. Pasa el im\u00e1n para controlar la luz y crear un efecto hipn\u00f3tico similar al de la aurora boreal, que cambia y se transforma con cada \u00e1ngulo. Un efecto verdaderamente hipn\u00f3tico y de calidad profesional.","robots":{"index":"index","follow":"follow","max-snippet":"max-snippet:-1","max-image-preview":"max-image-preview:large","max-video-preview":"max-video-preview:-1"},"canonical":"https:\/\/chromeclair.com\/es\/producto\/cat-eye-gel-polish-hema-free-and-tpo-free-ce12\/","og_locale":"es_ES","og_type":"article","og_title":"Galaxy Purple Cat Eye Gel HEMA & TPO Free CE12 with Dual Magnetic Glitter -CHROM\u00c9CLAIR","og_description":"Wear the Northern Lights on your nails. CHROM\u00c9CLAIR CE12 Cat Eye Gel features a rich purple base infused with both blue-purple and golden magnetic glitters. Swipe the magnet to control the light, creating a mesmerizing aurora-like sweep that shifts and changes with every angle. A truly hypnotic, professional-grade effect.","og_url":"https:\/\/chromeclair.com\/es\/producto\/cat-eye-gel-polish-hema-free-and-tpo-free-ce12\/","og_site_name":"Cat Eye Gel Polish \u2013 HEMA-Free \uff06 TPO-Free","article_modified_time":"2026-04-16T03:29:31+00:00","og_image":[{"width":1000,"height":1000,"url":"https:\/\/chromeclair.com\/wp-content\/uploads\/2025\/12\/CE-12\u5927\u74f6.webp","type":"image\/webp"}],"twitter_card":"summary_large_image","twitter_misc":{"Tiempo de lectura":"1 minuto"},"schema":{"@context":"https:\/\/schema.org","@graph":[{"@type":"WebPage","@id":"https:\/\/chromeclair.com\/product\/cat-eye-gel-polish-hema-free-and-tpo-free-ce12\/","url":"https:\/\/chromeclair.com\/product\/cat-eye-gel-polish-hema-free-and-tpo-free-ce12\/","name":"Gel Galaxy Purple Cat Eye sin HEMA ni TPO CE12 con purpurina magn\u00e9tica doble -CHROM\u00c9CLAIR","isPartOf":{"@id":"https:\/\/chromeclair.com\/#website"},"primaryImageOfPage":{"@id":"https:\/\/chromeclair.com\/product\/cat-eye-gel-polish-hema-free-and-tpo-free-ce12\/#primaryimage"},"image":{"@id":"https:\/\/chromeclair.com\/product\/cat-eye-gel-polish-hema-free-and-tpo-free-ce12\/#primaryimage"},"thumbnailUrl":"https:\/\/chromeclair.com\/wp-content\/uploads\/2025\/12\/CE-12\u5927\u74f6.webp","datePublished":"2025-12-26T03:14:22+00:00","dateModified":"2026-04-16T03:29:31+00:00","description":"Lleva la aurora boreal en tus u\u00f1as. El gel Cat Eye CHROM\u00c9CLAIR CE12 presenta una rica base morada con purpurina magn\u00e9tica azul-morada y dorada. Pasa el im\u00e1n para controlar la luz y crear un efecto hipn\u00f3tico similar al de la aurora boreal, que cambia y se transforma con cada \u00e1ngulo. Un efecto verdaderamente hipn\u00f3tico y de calidad profesional.","inLanguage":"es","potentialAction":[{"@type":"ReadAction","target":["https:\/\/chromeclair.com\/product\/cat-eye-gel-polish-hema-free-and-tpo-free-ce12\/"]}]},{"@type":"ImageObject","inLanguage":"es","@id":"https:\/\/chromeclair.com\/product\/cat-eye-gel-polish-hema-free-and-tpo-free-ce12\/#primaryimage","url":"https:\/\/chromeclair.com\/wp-content\/uploads\/2025\/12\/CE-12\u5927\u74f6.webp","contentUrl":"https:\/\/chromeclair.com\/wp-content\/uploads\/2025\/12\/CE-12\u5927\u74f6.webp","width":1000,"height":1000,"caption":"Cat Eye Gel Polish Purple Color HEMA-Free and TPO-Free CE12"},{"@type":"WebSite","@id":"https:\/\/chromeclair.com\/#website","url":"https:\/\/chromeclair.com\/","name":"Esmalte de u\u00f1as en gel Cat Eye \u2013 Sin HEMA ni TPO","description":"Mientras que otros se centran en ofrecer m\u00e1s colores, nosotros nos centramos en ofrecer ingredientes m\u00e1s seguros.","publisher":{"@id":"https:\/\/chromeclair.com\/#organization"},"potentialAction":[{"@type":"SearchAction","target":{"@type":"EntryPoint","urlTemplate":"https:\/\/chromeclair.com\/?s={search_term_string}"},"query-input":{"@type":"PropertyValueSpecification","valueRequired":true,"valueName":"search_term_string"}}],"inLanguage":"es"},{"@type":"Organization","@id":"https:\/\/chromeclair.com\/#organization","name":"Esmalte de u\u00f1as en gel Cat Eye \u2013 Sin HEMA ni TPO","url":"https:\/\/chromeclair.com\/","logo":{"@type":"ImageObject","inLanguage":"es","@id":"https:\/\/chromeclair.com\/#\/schema\/logo\/image\/","url":"https:\/\/chromeclair.com\/wp-content\/uploads\/2025\/06\/cropped-CHROMECLAIR-Logo-scaled-1.png","contentUrl":"https:\/\/chromeclair.com\/wp-content\/uploads\/2025\/06\/cropped-CHROMECLAIR-Logo-scaled-1.png","width":2151,"height":429,"caption":"Cat Eye Gel Polish \u2013 HEMA-Free \uff06 TPO-Free"},"image":{"@id":"https:\/\/chromeclair.com\/#\/schema\/logo\/image\/"}}]}},"_links":{"self":[{"href":"https:\/\/chromeclair.com\/es\/wp-json\/wp\/v2\/product\/10627","targetHints":{"allow":["GET"]}}],"collection":[{"href":"https:\/\/chromeclair.com\/es\/wp-json\/wp\/v2\/product"}],"about":[{"href":"https:\/\/chromeclair.com\/es\/wp-json\/wp\/v2\/types\/product"}],"replies":[{"embeddable":true,"href":"https:\/\/chromeclair.com\/es\/wp-json\/wp\/v2\/comments?post=10627"}],"wp:featuredmedia":[{"embeddable":true,"href":"https:\/\/chromeclair.com\/es\/wp-json\/wp\/v2\/media\/10626"}],"wp:attachment":[{"href":"https:\/\/chromeclair.com\/es\/wp-json\/wp\/v2\/media?parent=10627"}],"wp:term":[{"taxonomy":"product_brand","embeddable":true,"href":"https:\/\/chromeclair.com\/es\/wp-json\/wp\/v2\/product_brand?post=10627"},{"taxonomy":"product_cat","embeddable":true,"href":"https:\/\/chromeclair.com\/es\/wp-json\/wp\/v2\/product_cat?post=10627"},{"taxonomy":"product_tag","embeddable":true,"href":"https:\/\/chromeclair.com\/es\/wp-json\/wp\/v2\/product_tag?post=10627"}],"curies":[{"name":"wp","href":"https:\/\/api.w.org\/{rel}","templated":true}]}}