{"id":10648,"date":"2025-12-26T04:17:48","date_gmt":"2025-12-26T04:17:48","guid":{"rendered":"https:\/\/chromeclair.com\/?post_type=product&#038;p=10648"},"modified":"2026-04-13T03:47:33","modified_gmt":"2026-04-13T03:47:33","slug":"10ml-cat-eye-gel-polish-hema-free-and-tpo-free-ce13","status":"publish","type":"product","link":"https:\/\/chromeclair.com\/es\/producto\/10ml-cat-eye-gel-polish-hema-free-and-tpo-free-ce13\/","title":{"rendered":"Esmalte en gel Cat Eye de 10 ml sin HEMA ni TPO CE13"},"content":{"rendered":"<p>Un efecto de calidad profesional en un formato que ahorra espacio. <\/p>\n\n\n\n<p>Este frasco de 10 ml de CE13 ofrece el mismo intenso cambio de color d\u00fao crom\u00e1tico de morado a verde que tanto gusta a los artistas. <\/p>\n\n\n\n<p>Perfecto para salones que desean ofrecer efectos \u00fanicos o para trabajos detallados de arte en u\u00f1as, ya que proporciona la m\u00e1xima creatividad con un m\u00ednimo espacio de almacenamiento. <\/p>\n\n\n\n<p>Formulado sin HEMA ni TPO.<\/p>\n\n\n\n<p><\/p>","protected":false},"excerpt":{"rendered":"<p>Requiere el uso de una l\u00e1mpara UV o LED<\/p>","protected":false},"featured_media":10649,"comment_status":"open","ping_status":"closed","template":"","meta":[],"product_brand":[162],"product_cat":[209],"product_tag":[],"class_list":{"0":"post-10648","1":"product","2":"type-product","3":"status-publish","4":"has-post-thumbnail","6":"product_brand-chromeclair","7":"product_cat-cat-eye-gel-polish-10ml","9":"first","10":"instock","11":"shipping-taxable","12":"purchasable","13":"product-type-simple"},"yoast_head":"<!-- This site is optimized with the Yoast SEO plugin v26.4 - https:\/\/yoast.com\/wordpress\/plugins\/seo\/ -->\n<title>10ML Peacock Cat Eye Gel HEMA &amp; TPO Free CE13, Purple with Blue-Green Shift-CHROM\u00c9CLAIR<\/title>\n<meta name=\"description\" content=\"Capture the magic of a peacock&#039;s feather in a perfect 10ML size. CHROM\u00c9CLAIR CE13 transforms from deep mystic purple to flashes of emerald green with a swipe of the magnet. This HEMA &amp; TPO Free mini gel is ideal for creating stunning accent nails or experimenting with this mesmerizing duochrome effect without a full-size commitment.\" \/>\n<meta name=\"robots\" content=\"index, follow, max-snippet:-1, max-image-preview:large, max-video-preview:-1\" \/>\n<link rel=\"canonical\" href=\"https:\/\/chromeclair.com\/es\/producto\/10ml-cat-eye-gel-polish-hema-free-and-tpo-free-ce13\/\" \/>\n<meta property=\"og:locale\" content=\"es_ES\" \/>\n<meta property=\"og:type\" content=\"article\" \/>\n<meta property=\"og:title\" content=\"10ML Peacock Cat Eye Gel HEMA &amp; TPO Free CE13, Purple with Blue-Green Shift-CHROM\u00c9CLAIR\" \/>\n<meta property=\"og:description\" content=\"Capture the magic of a peacock&#039;s feather in a perfect 10ML size. CHROM\u00c9CLAIR CE13 transforms from deep mystic purple to flashes of emerald green with a swipe of the magnet. This HEMA &amp; TPO Free mini gel is ideal for creating stunning accent nails or experimenting with this mesmerizing duochrome effect without a full-size commitment.\" \/>\n<meta property=\"og:url\" content=\"https:\/\/chromeclair.com\/es\/producto\/10ml-cat-eye-gel-polish-hema-free-and-tpo-free-ce13\/\" \/>\n<meta property=\"og:site_name\" content=\"Cat Eye Gel Polish \u2013 HEMA-Free \uff06 TPO-Free\" \/>\n<meta property=\"article:modified_time\" content=\"2026-04-13T03:47:33+00:00\" \/>\n<meta property=\"og:image\" content=\"https:\/\/chromeclair.com\/wp-content\/uploads\/2025\/12\/CE-13.webp\" \/>\n\t<meta property=\"og:image:width\" content=\"1000\" \/>\n\t<meta property=\"og:image:height\" content=\"1000\" \/>\n\t<meta property=\"og:image:type\" content=\"image\/webp\" \/>\n<meta name=\"twitter:card\" content=\"summary_large_image\" \/>\n<meta name=\"twitter:label1\" content=\"Tiempo de lectura\" \/>\n\t<meta name=\"twitter:data1\" content=\"1 minuto\" \/>\n<script type=\"application\/ld+json\" class=\"yoast-schema-graph\">{\"@context\":\"https:\/\/schema.org\",\"@graph\":[{\"@type\":\"WebPage\",\"@id\":\"https:\/\/chromeclair.com\/product\/10ml-cat-eye-gel-polish-hema-free-and-tpo-free-ce13\/\",\"url\":\"https:\/\/chromeclair.com\/product\/10ml-cat-eye-gel-polish-hema-free-and-tpo-free-ce13\/\",\"name\":\"10ML Peacock Cat Eye Gel HEMA & TPO Free CE13, Purple with Blue-Green Shift-CHROM\u00c9CLAIR\",\"isPartOf\":{\"@id\":\"https:\/\/chromeclair.com\/#website\"},\"primaryImageOfPage\":{\"@id\":\"https:\/\/chromeclair.com\/product\/10ml-cat-eye-gel-polish-hema-free-and-tpo-free-ce13\/#primaryimage\"},\"image\":{\"@id\":\"https:\/\/chromeclair.com\/product\/10ml-cat-eye-gel-polish-hema-free-and-tpo-free-ce13\/#primaryimage\"},\"thumbnailUrl\":\"https:\/\/chromeclair.com\/wp-content\/uploads\/2025\/12\/CE-13.webp\",\"datePublished\":\"2025-12-26T04:17:48+00:00\",\"dateModified\":\"2026-04-13T03:47:33+00:00\",\"description\":\"Capture the magic of a peacock's feather in a perfect 10ML size. CHROM\u00c9CLAIR CE13 transforms from deep mystic purple to flashes of emerald green with a swipe of the magnet. This HEMA & TPO Free mini gel is ideal for creating stunning accent nails or experimenting with this mesmerizing duochrome effect without a full-size commitment.\",\"breadcrumb\":{\"@id\":\"https:\/\/chromeclair.com\/product\/10ml-cat-eye-gel-polish-hema-free-and-tpo-free-ce13\/#breadcrumb\"},\"inLanguage\":\"es\",\"potentialAction\":[{\"@type\":\"ReadAction\",\"target\":[\"https:\/\/chromeclair.com\/product\/10ml-cat-eye-gel-polish-hema-free-and-tpo-free-ce13\/\"]}]},{\"@type\":\"ImageObject\",\"inLanguage\":\"es\",\"@id\":\"https:\/\/chromeclair.com\/product\/10ml-cat-eye-gel-polish-hema-free-and-tpo-free-ce13\/#primaryimage\",\"url\":\"https:\/\/chromeclair.com\/wp-content\/uploads\/2025\/12\/CE-13.webp\",\"contentUrl\":\"https:\/\/chromeclair.com\/wp-content\/uploads\/2025\/12\/CE-13.webp\",\"width\":1000,\"height\":1000,\"caption\":\"10ML Cat Eye Gel Polish HEMA-Free and TPO-Free CE13\"},{\"@type\":\"BreadcrumbList\",\"@id\":\"https:\/\/chromeclair.com\/product\/10ml-cat-eye-gel-polish-hema-free-and-tpo-free-ce13\/#breadcrumb\",\"itemListElement\":[{\"@type\":\"ListItem\",\"position\":1,\"name\":\"Home\",\"item\":\"https:\/\/chromeclair.com\/\"},{\"@type\":\"ListItem\",\"position\":2,\"name\":\"Shop\",\"item\":\"https:\/\/chromeclair.com\/shop\/\"},{\"@type\":\"ListItem\",\"position\":3,\"name\":\"10ML Cat Eye Gel Polish HEMA-Free and TPO-Free CE13\"}]},{\"@type\":\"WebSite\",\"@id\":\"https:\/\/chromeclair.com\/#website\",\"url\":\"https:\/\/chromeclair.com\/\",\"name\":\"Cat Eye Gel Polish \u2013 HEMA-Free \uff06 TPO-Free\",\"description\":\"While others focus on having more colors, we focus on having safer ingredients.\",\"publisher\":{\"@id\":\"https:\/\/chromeclair.com\/#organization\"},\"potentialAction\":[{\"@type\":\"SearchAction\",\"target\":{\"@type\":\"EntryPoint\",\"urlTemplate\":\"https:\/\/chromeclair.com\/?s={search_term_string}\"},\"query-input\":{\"@type\":\"PropertyValueSpecification\",\"valueRequired\":true,\"valueName\":\"search_term_string\"}}],\"inLanguage\":\"es\"},{\"@type\":\"Organization\",\"@id\":\"https:\/\/chromeclair.com\/#organization\",\"name\":\"Cat Eye Gel Polish \u2013 HEMA-Free \uff06 TPO-Free\",\"url\":\"https:\/\/chromeclair.com\/\",\"logo\":{\"@type\":\"ImageObject\",\"inLanguage\":\"es\",\"@id\":\"https:\/\/chromeclair.com\/#\/schema\/logo\/image\/\",\"url\":\"https:\/\/chromeclair.com\/wp-content\/uploads\/2025\/06\/cropped-CHROMECLAIR-Logo-scaled-1.png\",\"contentUrl\":\"https:\/\/chromeclair.com\/wp-content\/uploads\/2025\/06\/cropped-CHROMECLAIR-Logo-scaled-1.png\",\"width\":2151,\"height\":429,\"caption\":\"Cat Eye Gel Polish \u2013 HEMA-Free \uff06 TPO-Free\"},\"image\":{\"@id\":\"https:\/\/chromeclair.com\/#\/schema\/logo\/image\/\"}}]}<\/script>\n<!-- \/ Yoast SEO plugin. -->","yoast_head_json":{"title":"Gel Peacock Cat Eye de 10 ml sin HEMA ni TPO CE13, morado con reflejos azul verdosos - CHROM\u00c9CLAIR","description":"Captura la magia de las plumas de un pavo real en un tama\u00f1o perfecto de 10 ml. CHROM\u00c9CLAIR CE13 pasa de un profundo color p\u00farpura m\u00edstico a destellos de verde esmeralda con solo pasar el im\u00e1n. Este mini gel sin HEMA ni TPO es ideal para crear u\u00f1as con detalles impresionantes o experimentar con este fascinante efecto duocromo sin tener que comprar un tama\u00f1o grande.","robots":{"index":"index","follow":"follow","max-snippet":"max-snippet:-1","max-image-preview":"max-image-preview:large","max-video-preview":"max-video-preview:-1"},"canonical":"https:\/\/chromeclair.com\/es\/producto\/10ml-cat-eye-gel-polish-hema-free-and-tpo-free-ce13\/","og_locale":"es_ES","og_type":"article","og_title":"10ML Peacock Cat Eye Gel HEMA & TPO Free CE13, Purple with Blue-Green Shift-CHROM\u00c9CLAIR","og_description":"Capture the magic of a peacock's feather in a perfect 10ML size. CHROM\u00c9CLAIR CE13 transforms from deep mystic purple to flashes of emerald green with a swipe of the magnet. This HEMA & TPO Free mini gel is ideal for creating stunning accent nails or experimenting with this mesmerizing duochrome effect without a full-size commitment.","og_url":"https:\/\/chromeclair.com\/es\/producto\/10ml-cat-eye-gel-polish-hema-free-and-tpo-free-ce13\/","og_site_name":"Cat Eye Gel Polish \u2013 HEMA-Free \uff06 TPO-Free","article_modified_time":"2026-04-13T03:47:33+00:00","og_image":[{"width":1000,"height":1000,"url":"https:\/\/chromeclair.com\/wp-content\/uploads\/2025\/12\/CE-13.webp","type":"image\/webp"}],"twitter_card":"summary_large_image","twitter_misc":{"Tiempo de lectura":"1 minuto"},"schema":{"@context":"https:\/\/schema.org","@graph":[{"@type":"WebPage","@id":"https:\/\/chromeclair.com\/product\/10ml-cat-eye-gel-polish-hema-free-and-tpo-free-ce13\/","url":"https:\/\/chromeclair.com\/product\/10ml-cat-eye-gel-polish-hema-free-and-tpo-free-ce13\/","name":"Gel Peacock Cat Eye de 10 ml sin HEMA ni TPO CE13, morado con reflejos azul verdosos - CHROM\u00c9CLAIR","isPartOf":{"@id":"https:\/\/chromeclair.com\/#website"},"primaryImageOfPage":{"@id":"https:\/\/chromeclair.com\/product\/10ml-cat-eye-gel-polish-hema-free-and-tpo-free-ce13\/#primaryimage"},"image":{"@id":"https:\/\/chromeclair.com\/product\/10ml-cat-eye-gel-polish-hema-free-and-tpo-free-ce13\/#primaryimage"},"thumbnailUrl":"https:\/\/chromeclair.com\/wp-content\/uploads\/2025\/12\/CE-13.webp","datePublished":"2025-12-26T04:17:48+00:00","dateModified":"2026-04-13T03:47:33+00:00","description":"Captura la magia de las plumas de un pavo real en un tama\u00f1o perfecto de 10 ml. CHROM\u00c9CLAIR CE13 pasa de un profundo color p\u00farpura m\u00edstico a destellos de verde esmeralda con solo pasar el im\u00e1n. Este mini gel sin HEMA ni TPO es ideal para crear u\u00f1as con detalles impresionantes o experimentar con este fascinante efecto duocromo sin tener que comprar un tama\u00f1o grande.","breadcrumb":{"@id":"https:\/\/chromeclair.com\/product\/10ml-cat-eye-gel-polish-hema-free-and-tpo-free-ce13\/#breadcrumb"},"inLanguage":"es","potentialAction":[{"@type":"ReadAction","target":["https:\/\/chromeclair.com\/product\/10ml-cat-eye-gel-polish-hema-free-and-tpo-free-ce13\/"]}]},{"@type":"ImageObject","inLanguage":"es","@id":"https:\/\/chromeclair.com\/product\/10ml-cat-eye-gel-polish-hema-free-and-tpo-free-ce13\/#primaryimage","url":"https:\/\/chromeclair.com\/wp-content\/uploads\/2025\/12\/CE-13.webp","contentUrl":"https:\/\/chromeclair.com\/wp-content\/uploads\/2025\/12\/CE-13.webp","width":1000,"height":1000,"caption":"10ML Cat Eye Gel Polish HEMA-Free and TPO-Free CE13"},{"@type":"BreadcrumbList","@id":"https:\/\/chromeclair.com\/product\/10ml-cat-eye-gel-polish-hema-free-and-tpo-free-ce13\/#breadcrumb","itemListElement":[{"@type":"ListItem","position":1,"name":"Home","item":"https:\/\/chromeclair.com\/"},{"@type":"ListItem","position":2,"name":"Shop","item":"https:\/\/chromeclair.com\/shop\/"},{"@type":"ListItem","position":3,"name":"10ML Cat Eye Gel Polish HEMA-Free and TPO-Free CE13"}]},{"@type":"WebSite","@id":"https:\/\/chromeclair.com\/#website","url":"https:\/\/chromeclair.com\/","name":"Esmalte de u\u00f1as en gel Cat Eye \u2013 Sin HEMA ni TPO","description":"Mientras que otros se centran en ofrecer m\u00e1s colores, nosotros nos centramos en ofrecer ingredientes m\u00e1s seguros.","publisher":{"@id":"https:\/\/chromeclair.com\/#organization"},"potentialAction":[{"@type":"SearchAction","target":{"@type":"EntryPoint","urlTemplate":"https:\/\/chromeclair.com\/?s={search_term_string}"},"query-input":{"@type":"PropertyValueSpecification","valueRequired":true,"valueName":"search_term_string"}}],"inLanguage":"es"},{"@type":"Organization","@id":"https:\/\/chromeclair.com\/#organization","name":"Esmalte de u\u00f1as en gel Cat Eye \u2013 Sin HEMA ni TPO","url":"https:\/\/chromeclair.com\/","logo":{"@type":"ImageObject","inLanguage":"es","@id":"https:\/\/chromeclair.com\/#\/schema\/logo\/image\/","url":"https:\/\/chromeclair.com\/wp-content\/uploads\/2025\/06\/cropped-CHROMECLAIR-Logo-scaled-1.png","contentUrl":"https:\/\/chromeclair.com\/wp-content\/uploads\/2025\/06\/cropped-CHROMECLAIR-Logo-scaled-1.png","width":2151,"height":429,"caption":"Cat Eye Gel Polish \u2013 HEMA-Free \uff06 TPO-Free"},"image":{"@id":"https:\/\/chromeclair.com\/#\/schema\/logo\/image\/"}}]}},"_links":{"self":[{"href":"https:\/\/chromeclair.com\/es\/wp-json\/wp\/v2\/product\/10648","targetHints":{"allow":["GET"]}}],"collection":[{"href":"https:\/\/chromeclair.com\/es\/wp-json\/wp\/v2\/product"}],"about":[{"href":"https:\/\/chromeclair.com\/es\/wp-json\/wp\/v2\/types\/product"}],"replies":[{"embeddable":true,"href":"https:\/\/chromeclair.com\/es\/wp-json\/wp\/v2\/comments?post=10648"}],"wp:featuredmedia":[{"embeddable":true,"href":"https:\/\/chromeclair.com\/es\/wp-json\/wp\/v2\/media\/10649"}],"wp:attachment":[{"href":"https:\/\/chromeclair.com\/es\/wp-json\/wp\/v2\/media?parent=10648"}],"wp:term":[{"taxonomy":"product_brand","embeddable":true,"href":"https:\/\/chromeclair.com\/es\/wp-json\/wp\/v2\/product_brand?post=10648"},{"taxonomy":"product_cat","embeddable":true,"href":"https:\/\/chromeclair.com\/es\/wp-json\/wp\/v2\/product_cat?post=10648"},{"taxonomy":"product_tag","embeddable":true,"href":"https:\/\/chromeclair.com\/es\/wp-json\/wp\/v2\/product_tag?post=10648"}],"curies":[{"name":"wp","href":"https:\/\/api.w.org\/{rel}","templated":true}]}}