{"id":10795,"date":"2026-01-07T03:38:37","date_gmt":"2026-01-07T03:38:37","guid":{"rendered":"https:\/\/chromeclair.com\/?post_type=product&#038;p=10795"},"modified":"2026-04-13T03:34:11","modified_gmt":"2026-04-13T03:34:11","slug":"rotatable-resize-pattern-silicone-gel-nail-art-stamper","status":"publish","type":"product","link":"https:\/\/chromeclair.com\/es\/product\/rotatable-resize-pattern-silicone-gel-nail-art-stamper\/","title":{"rendered":"Sello giratorio para nail art con gel de silicona y patr\u00f3n redimensionable"},"content":{"rendered":"<p>Un sello, infinitas posibilidades. <\/p>\n\n\n\n<p>Nuestro revolucionario Magic Zoom Stamper te permite cambiar el tama\u00f1o de cualquier patr\u00f3n de estampado para que se adapte perfectamente a todas las u\u00f1as, \u00a1desde el me\u00f1ique hasta el pulgar! <\/p>\n\n\n\n<p>Combinado con un cabezal giratorio de 360\u00b0 para una alineaci\u00f3n perfecta, esta es la herramienta definitiva para crear dise\u00f1os de u\u00f1as totalmente personalizados y con acabado profesional con una facilidad y un control sin precedentes.<\/p>","protected":false},"excerpt":{"rendered":"<p>Un estampador, infinitas posibilidades. Nuestro revolucionario Magic Zoom Stamper le permite cambiar el tama\u00f1o de cualquier patr\u00f3n de estampado para que se adapte perfectamente a cada u\u00f1a, \u00a1desde el me\u00f1ique hasta el pulgar! Combinado con un cabezal giratorio de 360\u00b0 para una alineaci\u00f3n perfecta, esta es la herramienta definitiva para crear un nail art totalmente personalizado y perfecto para el sal\u00f3n de belleza con una facilidad y un control sin precedentes.<\/p>","protected":false},"featured_media":10796,"comment_status":"open","ping_status":"closed","template":"","meta":[],"product_brand":[162],"product_cat":[182],"product_tag":[],"class_list":{"0":"post-10795","1":"product","2":"type-product","3":"status-publish","4":"has-post-thumbnail","6":"product_brand-chromeclair","7":"product_cat-tools-accessories","9":"first","10":"instock","11":"sale","12":"shipping-taxable","13":"purchasable","14":"product-type-simple"},"yoast_head":"<!-- This site is optimized with the Yoast SEO plugin v27.4 - https:\/\/yoast.com\/product\/yoast-seo-wordpress\/ -->\n<title>Magic Zoom Nail Stamper | Rotatable &amp; Resizable Silicone Head for Custom Designs CHROM\u00c9CLAIR<\/title>\n<meta name=\"description\" content=\"Unlock your creativity\u2019s full potential. Why be limited by a plate\u2019s single pattern size? With CHROM\u00c9CLAIR innovative zoom stamper, a single etching can become a delicate accent or a bold full-nail statement. The rotating silicone head ensures perfect placement every time. Redefine what\u2019s possible with stamping and create truly unique wearable art.\" \/>\n<meta name=\"robots\" content=\"index, follow, max-snippet:-1, max-image-preview:large, max-video-preview:-1\" \/>\n<link rel=\"canonical\" href=\"https:\/\/chromeclair.com\/es\/producto\/rotatable-resize-pattern-silicone-gel-nail-art-stamper\/\" \/>\n<meta property=\"og:locale\" content=\"es_ES\" \/>\n<meta property=\"og:type\" content=\"article\" \/>\n<meta property=\"og:title\" content=\"Magic Zoom Nail Stamper | Rotatable &amp; Resizable Silicone Head for Custom Designs CHROM\u00c9CLAIR\" \/>\n<meta property=\"og:description\" content=\"Unlock your creativity\u2019s full potential. Why be limited by a plate\u2019s single pattern size? With CHROM\u00c9CLAIR innovative zoom stamper, a single etching can become a delicate accent or a bold full-nail statement. The rotating silicone head ensures perfect placement every time. Redefine what\u2019s possible with stamping and create truly unique wearable art.\" \/>\n<meta property=\"og:url\" content=\"https:\/\/chromeclair.com\/es\/producto\/rotatable-resize-pattern-silicone-gel-nail-art-stamper\/\" \/>\n<meta property=\"og:site_name\" content=\"Cat Eye Gel Polish \u2013 HEMA-Free \uff06 TPO-Free\" \/>\n<meta property=\"article:modified_time\" content=\"2026-04-13T03:34:11+00:00\" \/>\n<meta property=\"og:image\" content=\"https:\/\/chromeclair.com\/wp-content\/uploads\/2026\/01\/tu3.webp\" \/>\n\t<meta property=\"og:image:width\" content=\"1000\" \/>\n\t<meta property=\"og:image:height\" content=\"1000\" \/>\n\t<meta property=\"og:image:type\" content=\"image\/webp\" \/>\n<meta name=\"twitter:card\" content=\"summary_large_image\" \/>\n<meta name=\"twitter:label1\" content=\"Tiempo de lectura\" \/>\n\t<meta name=\"twitter:data1\" content=\"1 minuto\" \/>\n<script type=\"application\/ld+json\" class=\"yoast-schema-graph\">{\"@context\":\"https:\\\/\\\/schema.org\",\"@graph\":[{\"@type\":\"WebPage\",\"@id\":\"https:\\\/\\\/chromeclair.com\\\/product\\\/rotatable-resize-pattern-silicone-gel-nail-art-stamper\\\/\",\"url\":\"https:\\\/\\\/chromeclair.com\\\/product\\\/rotatable-resize-pattern-silicone-gel-nail-art-stamper\\\/\",\"name\":\"Magic Zoom Nail Stamper | Rotatable & Resizable Silicone Head for Custom Designs CHROM\u00c9CLAIR\",\"isPartOf\":{\"@id\":\"https:\\\/\\\/chromeclair.com\\\/#website\"},\"primaryImageOfPage\":{\"@id\":\"https:\\\/\\\/chromeclair.com\\\/product\\\/rotatable-resize-pattern-silicone-gel-nail-art-stamper\\\/#primaryimage\"},\"image\":{\"@id\":\"https:\\\/\\\/chromeclair.com\\\/product\\\/rotatable-resize-pattern-silicone-gel-nail-art-stamper\\\/#primaryimage\"},\"thumbnailUrl\":\"https:\\\/\\\/chromeclair.com\\\/wp-content\\\/uploads\\\/2026\\\/01\\\/tu3.webp\",\"datePublished\":\"2026-01-07T03:38:37+00:00\",\"dateModified\":\"2026-04-13T03:34:11+00:00\",\"description\":\"Unlock your creativity\u2019s full potential. Why be limited by a plate\u2019s single pattern size? With CHROM\u00c9CLAIR innovative zoom stamper, a single etching can become a delicate accent or a bold full-nail statement. The rotating silicone head ensures perfect placement every time. Redefine what\u2019s possible with stamping and create truly unique wearable art.\",\"inLanguage\":\"es\",\"potentialAction\":[{\"@type\":\"ReadAction\",\"target\":[\"https:\\\/\\\/chromeclair.com\\\/product\\\/rotatable-resize-pattern-silicone-gel-nail-art-stamper\\\/\"]}]},{\"@type\":\"ImageObject\",\"inLanguage\":\"es\",\"@id\":\"https:\\\/\\\/chromeclair.com\\\/product\\\/rotatable-resize-pattern-silicone-gel-nail-art-stamper\\\/#primaryimage\",\"url\":\"https:\\\/\\\/chromeclair.com\\\/wp-content\\\/uploads\\\/2026\\\/01\\\/tu3.webp\",\"contentUrl\":\"https:\\\/\\\/chromeclair.com\\\/wp-content\\\/uploads\\\/2026\\\/01\\\/tu3.webp\",\"width\":1000,\"height\":1000,\"caption\":\"Rotatable Resize pattern Silicone Gel Nail Art Stamper\"},{\"@type\":\"WebSite\",\"@id\":\"https:\\\/\\\/chromeclair.com\\\/#website\",\"url\":\"https:\\\/\\\/chromeclair.com\\\/\",\"name\":\"Cat Eye Gel Polish \u2013 HEMA-Free \uff06 TPO-Free\",\"description\":\"While others focus on having more colors, we focus on having safer ingredients.\",\"publisher\":{\"@id\":\"https:\\\/\\\/chromeclair.com\\\/#organization\"},\"potentialAction\":[{\"@type\":\"SearchAction\",\"target\":{\"@type\":\"EntryPoint\",\"urlTemplate\":\"https:\\\/\\\/chromeclair.com\\\/?s={search_term_string}\"},\"query-input\":{\"@type\":\"PropertyValueSpecification\",\"valueRequired\":true,\"valueName\":\"search_term_string\"}}],\"inLanguage\":\"es\"},{\"@type\":\"Organization\",\"@id\":\"https:\\\/\\\/chromeclair.com\\\/#organization\",\"name\":\"Cat Eye Gel Polish \u2013 HEMA-Free \uff06 TPO-Free\",\"url\":\"https:\\\/\\\/chromeclair.com\\\/\",\"logo\":{\"@type\":\"ImageObject\",\"inLanguage\":\"es\",\"@id\":\"https:\\\/\\\/chromeclair.com\\\/#\\\/schema\\\/logo\\\/image\\\/\",\"url\":\"https:\\\/\\\/chromeclair.com\\\/wp-content\\\/uploads\\\/2025\\\/06\\\/cropped-CHROMECLAIR-Logo-scaled-1.png\",\"contentUrl\":\"https:\\\/\\\/chromeclair.com\\\/wp-content\\\/uploads\\\/2025\\\/06\\\/cropped-CHROMECLAIR-Logo-scaled-1.png\",\"width\":2151,\"height\":429,\"caption\":\"Cat Eye Gel Polish \u2013 HEMA-Free \uff06 TPO-Free\"},\"image\":{\"@id\":\"https:\\\/\\\/chromeclair.com\\\/#\\\/schema\\\/logo\\\/image\\\/\"}}]}<\/script>\n<!-- \/ Yoast SEO plugin. -->","yoast_head_json":{"title":"Estampador m\u00e1gico para u\u00f1as | Cabezal giratorio y ajustable de silicona para dise\u00f1os personalizados CHROM\u00c9CLAIR","description":"Libera todo el potencial de tu creatividad. \u00bfPor qu\u00e9 limitarte al tama\u00f1o \u00fanico de un patr\u00f3n de placa? Con el innovador sello con zoom CHROM\u00c9CLAIR, un solo grabado puede convertirse en un delicado detalle o en una llamativa declaraci\u00f3n de estilo en toda la u\u00f1a. El cabezal giratorio de silicona garantiza una colocaci\u00f3n perfecta en todo momento. Redefine las posibilidades del estampado y crea un arte verdaderamente \u00fanico que puedes llevar puesto.","robots":{"index":"index","follow":"follow","max-snippet":"max-snippet:-1","max-image-preview":"max-image-preview:large","max-video-preview":"max-video-preview:-1"},"canonical":"https:\/\/chromeclair.com\/es\/producto\/rotatable-resize-pattern-silicone-gel-nail-art-stamper\/","og_locale":"es_ES","og_type":"article","og_title":"Magic Zoom Nail Stamper | Rotatable & Resizable Silicone Head for Custom Designs CHROM\u00c9CLAIR","og_description":"Unlock your creativity\u2019s full potential. Why be limited by a plate\u2019s single pattern size? With CHROM\u00c9CLAIR innovative zoom stamper, a single etching can become a delicate accent or a bold full-nail statement. The rotating silicone head ensures perfect placement every time. Redefine what\u2019s possible with stamping and create truly unique wearable art.","og_url":"https:\/\/chromeclair.com\/es\/producto\/rotatable-resize-pattern-silicone-gel-nail-art-stamper\/","og_site_name":"Cat Eye Gel Polish \u2013 HEMA-Free \uff06 TPO-Free","article_modified_time":"2026-04-13T03:34:11+00:00","og_image":[{"width":1000,"height":1000,"url":"https:\/\/chromeclair.com\/wp-content\/uploads\/2026\/01\/tu3.webp","type":"image\/webp"}],"twitter_card":"summary_large_image","twitter_misc":{"Tiempo de lectura":"1 minuto"},"schema":{"@context":"https:\/\/schema.org","@graph":[{"@type":"WebPage","@id":"https:\/\/chromeclair.com\/product\/rotatable-resize-pattern-silicone-gel-nail-art-stamper\/","url":"https:\/\/chromeclair.com\/product\/rotatable-resize-pattern-silicone-gel-nail-art-stamper\/","name":"Estampador m\u00e1gico para u\u00f1as | Cabezal giratorio y ajustable de silicona para dise\u00f1os personalizados CHROM\u00c9CLAIR","isPartOf":{"@id":"https:\/\/chromeclair.com\/#website"},"primaryImageOfPage":{"@id":"https:\/\/chromeclair.com\/product\/rotatable-resize-pattern-silicone-gel-nail-art-stamper\/#primaryimage"},"image":{"@id":"https:\/\/chromeclair.com\/product\/rotatable-resize-pattern-silicone-gel-nail-art-stamper\/#primaryimage"},"thumbnailUrl":"https:\/\/chromeclair.com\/wp-content\/uploads\/2026\/01\/tu3.webp","datePublished":"2026-01-07T03:38:37+00:00","dateModified":"2026-04-13T03:34:11+00:00","description":"Libera todo el potencial de tu creatividad. \u00bfPor qu\u00e9 limitarte al tama\u00f1o \u00fanico de un patr\u00f3n de placa? Con el innovador sello con zoom CHROM\u00c9CLAIR, un solo grabado puede convertirse en un delicado detalle o en una llamativa declaraci\u00f3n de estilo en toda la u\u00f1a. El cabezal giratorio de silicona garantiza una colocaci\u00f3n perfecta en todo momento. Redefine las posibilidades del estampado y crea un arte verdaderamente \u00fanico que puedes llevar puesto.","inLanguage":"es","potentialAction":[{"@type":"ReadAction","target":["https:\/\/chromeclair.com\/product\/rotatable-resize-pattern-silicone-gel-nail-art-stamper\/"]}]},{"@type":"ImageObject","inLanguage":"es","@id":"https:\/\/chromeclair.com\/product\/rotatable-resize-pattern-silicone-gel-nail-art-stamper\/#primaryimage","url":"https:\/\/chromeclair.com\/wp-content\/uploads\/2026\/01\/tu3.webp","contentUrl":"https:\/\/chromeclair.com\/wp-content\/uploads\/2026\/01\/tu3.webp","width":1000,"height":1000,"caption":"Rotatable Resize pattern Silicone Gel Nail Art Stamper"},{"@type":"WebSite","@id":"https:\/\/chromeclair.com\/#website","url":"https:\/\/chromeclair.com\/","name":"Esmalte de u\u00f1as en gel Cat Eye \u2013 Sin HEMA ni TPO","description":"Mientras que otros se centran en ofrecer m\u00e1s colores, nosotros nos centramos en ofrecer ingredientes m\u00e1s seguros.","publisher":{"@id":"https:\/\/chromeclair.com\/#organization"},"potentialAction":[{"@type":"SearchAction","target":{"@type":"EntryPoint","urlTemplate":"https:\/\/chromeclair.com\/?s={search_term_string}"},"query-input":{"@type":"PropertyValueSpecification","valueRequired":true,"valueName":"search_term_string"}}],"inLanguage":"es"},{"@type":"Organization","@id":"https:\/\/chromeclair.com\/#organization","name":"Esmalte de u\u00f1as en gel Cat Eye \u2013 Sin HEMA ni TPO","url":"https:\/\/chromeclair.com\/","logo":{"@type":"ImageObject","inLanguage":"es","@id":"https:\/\/chromeclair.com\/#\/schema\/logo\/image\/","url":"https:\/\/chromeclair.com\/wp-content\/uploads\/2025\/06\/cropped-CHROMECLAIR-Logo-scaled-1.png","contentUrl":"https:\/\/chromeclair.com\/wp-content\/uploads\/2025\/06\/cropped-CHROMECLAIR-Logo-scaled-1.png","width":2151,"height":429,"caption":"Cat Eye Gel Polish \u2013 HEMA-Free \uff06 TPO-Free"},"image":{"@id":"https:\/\/chromeclair.com\/#\/schema\/logo\/image\/"}}]}},"_links":{"self":[{"href":"https:\/\/chromeclair.com\/es\/wp-json\/wp\/v2\/product\/10795","targetHints":{"allow":["GET"]}}],"collection":[{"href":"https:\/\/chromeclair.com\/es\/wp-json\/wp\/v2\/product"}],"about":[{"href":"https:\/\/chromeclair.com\/es\/wp-json\/wp\/v2\/types\/product"}],"replies":[{"embeddable":true,"href":"https:\/\/chromeclair.com\/es\/wp-json\/wp\/v2\/comments?post=10795"}],"wp:featuredmedia":[{"embeddable":true,"href":"https:\/\/chromeclair.com\/es\/wp-json\/wp\/v2\/media\/10796"}],"wp:attachment":[{"href":"https:\/\/chromeclair.com\/es\/wp-json\/wp\/v2\/media?parent=10795"}],"wp:term":[{"taxonomy":"product_brand","embeddable":true,"href":"https:\/\/chromeclair.com\/es\/wp-json\/wp\/v2\/product_brand?post=10795"},{"taxonomy":"product_cat","embeddable":true,"href":"https:\/\/chromeclair.com\/es\/wp-json\/wp\/v2\/product_cat?post=10795"},{"taxonomy":"product_tag","embeddable":true,"href":"https:\/\/chromeclair.com\/es\/wp-json\/wp\/v2\/product_tag?post=10795"}],"curies":[{"name":"wp","href":"https:\/\/api.w.org\/{rel}","templated":true}]}}