{"id":11033,"date":"2026-02-02T06:58:11","date_gmt":"2026-02-02T06:58:11","guid":{"rendered":"https:\/\/chromeclair.com\/?post_type=product&#038;p=11033"},"modified":"2026-04-13T03:29:20","modified_gmt":"2026-04-13T03:29:20","slug":"city-series-london-set-gel-polish","status":"publish","type":"product","link":"https:\/\/chromeclair.com\/es\/product\/city-series-london-set-gel-polish\/","title":{"rendered":"Serie City: London Gel Polish Set"},"content":{"rendered":"<p>Esencia de Londres, embotellada.<\/p>\n\n\n\n<p>Esta colecci\u00f3n traduce en color el patrimonio tangible de la ciudad: el majestuoso bronceado de Regent Street, el verde esmeralda de Hyde Park, el c\u00e1lido lat\u00f3n antiguo de una l\u00e1mpara cl\u00e1sica y el perdurable rojo Victoria. <\/p>\n\n\n\n<p>Siete tonos 10ML que cuentan una historia de tradici\u00f3n, calidez y estilo perdurable<\/p>","protected":false},"excerpt":{"rendered":"<p>Requiere el uso de una l\u00e1mpara UV o LED<\/p>","protected":false},"featured_media":11034,"comment_status":"open","ping_status":"closed","template":"","meta":[],"product_brand":[162],"product_cat":[50],"product_tag":[],"class_list":{"0":"post-11033","1":"product","2":"type-product","3":"status-publish","4":"has-post-thumbnail","6":"product_brand-chromeclair","7":"product_cat-gel-polish-sets","9":"first","10":"instock","11":"shipping-taxable","12":"purchasable","13":"product-type-simple"},"yoast_head":"<!-- This site is optimized with the Yoast SEO plugin v27.4 - https:\/\/yoast.com\/product\/yoast-seo-wordpress\/ -->\n<title>London Heritage Gel Set Inspired Shades Hema&amp;Tpo free CHROM\u00c9CLAIR<\/title>\n<meta name=\"description\" content=\"Stroll through a London autumn at your fingertips. CHROM\u00c9CLAIR curated set captures the city&#039;s cozy grandeur: the deep Chelsea Brown of aged leather armchairs, the Kew Garden Moss of historic parks, the glowing Pub Window Gold on a foggy evening, and the iconic Westminster Brick. A timeless, earthy palette for a refined manicure.\" \/>\n<meta name=\"robots\" content=\"index, follow, max-snippet:-1, max-image-preview:large, max-video-preview:-1\" \/>\n<link rel=\"canonical\" href=\"https:\/\/chromeclair.com\/es\/producto\/city-series-london-set-gel-polish\/\" \/>\n<meta property=\"og:locale\" content=\"es_ES\" \/>\n<meta property=\"og:type\" content=\"article\" \/>\n<meta property=\"og:title\" content=\"London Heritage Gel Set Inspired Shades Hema&amp;Tpo free CHROM\u00c9CLAIR\" \/>\n<meta property=\"og:description\" content=\"Stroll through a London autumn at your fingertips. CHROM\u00c9CLAIR curated set captures the city&#039;s cozy grandeur: the deep Chelsea Brown of aged leather armchairs, the Kew Garden Moss of historic parks, the glowing Pub Window Gold on a foggy evening, and the iconic Westminster Brick. A timeless, earthy palette for a refined manicure.\" \/>\n<meta property=\"og:url\" content=\"https:\/\/chromeclair.com\/es\/producto\/city-series-london-set-gel-polish\/\" \/>\n<meta property=\"og:site_name\" content=\"Cat Eye Gel Polish \u2013 HEMA-Free \uff06 TPO-Free\" \/>\n<meta property=\"article:modified_time\" content=\"2026-04-13T03:29:20+00:00\" \/>\n<meta property=\"og:image\" content=\"https:\/\/chromeclair.com\/wp-content\/uploads\/2026\/02\/\u82f1\u56fd\u4f26\u6566.webp\" \/>\n\t<meta property=\"og:image:width\" content=\"1000\" \/>\n\t<meta property=\"og:image:height\" content=\"1000\" \/>\n\t<meta property=\"og:image:type\" content=\"image\/webp\" \/>\n<meta name=\"twitter:card\" content=\"summary_large_image\" \/>\n<meta name=\"twitter:label1\" content=\"Tiempo de lectura\" \/>\n\t<meta name=\"twitter:data1\" content=\"1 minuto\" \/>\n<script type=\"application\/ld+json\" class=\"yoast-schema-graph\">{\"@context\":\"https:\\\/\\\/schema.org\",\"@graph\":[{\"@type\":\"WebPage\",\"@id\":\"https:\\\/\\\/chromeclair.com\\\/product\\\/city-series-london-set-gel-polish\\\/\",\"url\":\"https:\\\/\\\/chromeclair.com\\\/product\\\/city-series-london-set-gel-polish\\\/\",\"name\":\"London Heritage Gel Set Inspired Shades Hema&Tpo free CHROM\u00c9CLAIR\",\"isPartOf\":{\"@id\":\"https:\\\/\\\/chromeclair.com\\\/#website\"},\"primaryImageOfPage\":{\"@id\":\"https:\\\/\\\/chromeclair.com\\\/product\\\/city-series-london-set-gel-polish\\\/#primaryimage\"},\"image\":{\"@id\":\"https:\\\/\\\/chromeclair.com\\\/product\\\/city-series-london-set-gel-polish\\\/#primaryimage\"},\"thumbnailUrl\":\"https:\\\/\\\/chromeclair.com\\\/wp-content\\\/uploads\\\/2026\\\/02\\\/\u82f1\u56fd\u4f26\u6566.webp\",\"datePublished\":\"2026-02-02T06:58:11+00:00\",\"dateModified\":\"2026-04-13T03:29:20+00:00\",\"description\":\"Stroll through a London autumn at your fingertips. CHROM\u00c9CLAIR curated set captures the city's cozy grandeur: the deep Chelsea Brown of aged leather armchairs, the Kew Garden Moss of historic parks, the glowing Pub Window Gold on a foggy evening, and the iconic Westminster Brick. A timeless, earthy palette for a refined manicure.\",\"inLanguage\":\"es\",\"potentialAction\":[{\"@type\":\"ReadAction\",\"target\":[\"https:\\\/\\\/chromeclair.com\\\/product\\\/city-series-london-set-gel-polish\\\/\"]}]},{\"@type\":\"ImageObject\",\"inLanguage\":\"es\",\"@id\":\"https:\\\/\\\/chromeclair.com\\\/product\\\/city-series-london-set-gel-polish\\\/#primaryimage\",\"url\":\"https:\\\/\\\/chromeclair.com\\\/wp-content\\\/uploads\\\/2026\\\/02\\\/\u82f1\u56fd\u4f26\u6566.webp\",\"contentUrl\":\"https:\\\/\\\/chromeclair.com\\\/wp-content\\\/uploads\\\/2026\\\/02\\\/\u82f1\u56fd\u4f26\u6566.webp\",\"width\":1000,\"height\":1000,\"caption\":\"City Series: London | Nail Gel Polish Set Hema & Tpo free\"},{\"@type\":\"WebSite\",\"@id\":\"https:\\\/\\\/chromeclair.com\\\/#website\",\"url\":\"https:\\\/\\\/chromeclair.com\\\/\",\"name\":\"Cat Eye Gel Polish \u2013 HEMA-Free \uff06 TPO-Free\",\"description\":\"While others focus on having more colors, we focus on having safer ingredients.\",\"publisher\":{\"@id\":\"https:\\\/\\\/chromeclair.com\\\/#organization\"},\"potentialAction\":[{\"@type\":\"SearchAction\",\"target\":{\"@type\":\"EntryPoint\",\"urlTemplate\":\"https:\\\/\\\/chromeclair.com\\\/?s={search_term_string}\"},\"query-input\":{\"@type\":\"PropertyValueSpecification\",\"valueRequired\":true,\"valueName\":\"search_term_string\"}}],\"inLanguage\":\"es\"},{\"@type\":\"Organization\",\"@id\":\"https:\\\/\\\/chromeclair.com\\\/#organization\",\"name\":\"Cat Eye Gel Polish \u2013 HEMA-Free \uff06 TPO-Free\",\"url\":\"https:\\\/\\\/chromeclair.com\\\/\",\"logo\":{\"@type\":\"ImageObject\",\"inLanguage\":\"es\",\"@id\":\"https:\\\/\\\/chromeclair.com\\\/#\\\/schema\\\/logo\\\/image\\\/\",\"url\":\"https:\\\/\\\/chromeclair.com\\\/wp-content\\\/uploads\\\/2025\\\/06\\\/cropped-CHROMECLAIR-Logo-scaled-1.png\",\"contentUrl\":\"https:\\\/\\\/chromeclair.com\\\/wp-content\\\/uploads\\\/2025\\\/06\\\/cropped-CHROMECLAIR-Logo-scaled-1.png\",\"width\":2151,\"height\":429,\"caption\":\"Cat Eye Gel Polish \u2013 HEMA-Free \uff06 TPO-Free\"},\"image\":{\"@id\":\"https:\\\/\\\/chromeclair.com\\\/#\\\/schema\\\/logo\\\/image\\\/\"}}]}<\/script>\n<!-- \/ Yoast SEO plugin. -->","yoast_head_json":{"title":"London Heritage Gel Set Inspired Shades Hema&amp;Tpo free CHROM\u00c9CLAIR","description":"Pasee por un Londres oto\u00f1al al alcance de su mano. El set curado CHROM\u00c9CLAIR captura la acogedora grandeza de la ciudad: el profundo marr\u00f3n Chelsea de los sillones de cuero envejecido, el musgo Kew Garden de los parques hist\u00f3ricos, el dorado resplandeciente de las ventanas de los pubs en una tarde de niebla y el ic\u00f3nico ladrillo de Westminster. Una paleta atemporal y terrosa para una manicura refinada.","robots":{"index":"index","follow":"follow","max-snippet":"max-snippet:-1","max-image-preview":"max-image-preview:large","max-video-preview":"max-video-preview:-1"},"canonical":"https:\/\/chromeclair.com\/es\/producto\/city-series-london-set-gel-polish\/","og_locale":"es_ES","og_type":"article","og_title":"London Heritage Gel Set Inspired Shades Hema&Tpo free CHROM\u00c9CLAIR","og_description":"Stroll through a London autumn at your fingertips. CHROM\u00c9CLAIR curated set captures the city's cozy grandeur: the deep Chelsea Brown of aged leather armchairs, the Kew Garden Moss of historic parks, the glowing Pub Window Gold on a foggy evening, and the iconic Westminster Brick. A timeless, earthy palette for a refined manicure.","og_url":"https:\/\/chromeclair.com\/es\/producto\/city-series-london-set-gel-polish\/","og_site_name":"Cat Eye Gel Polish \u2013 HEMA-Free \uff06 TPO-Free","article_modified_time":"2026-04-13T03:29:20+00:00","og_image":[{"width":1000,"height":1000,"url":"https:\/\/chromeclair.com\/wp-content\/uploads\/2026\/02\/\u82f1\u56fd\u4f26\u6566.webp","type":"image\/webp"}],"twitter_card":"summary_large_image","twitter_misc":{"Tiempo de lectura":"1 minuto"},"schema":{"@context":"https:\/\/schema.org","@graph":[{"@type":"WebPage","@id":"https:\/\/chromeclair.com\/product\/city-series-london-set-gel-polish\/","url":"https:\/\/chromeclair.com\/product\/city-series-london-set-gel-polish\/","name":"London Heritage Gel Set Inspired Shades Hema&amp;Tpo free CHROM\u00c9CLAIR","isPartOf":{"@id":"https:\/\/chromeclair.com\/#website"},"primaryImageOfPage":{"@id":"https:\/\/chromeclair.com\/product\/city-series-london-set-gel-polish\/#primaryimage"},"image":{"@id":"https:\/\/chromeclair.com\/product\/city-series-london-set-gel-polish\/#primaryimage"},"thumbnailUrl":"https:\/\/chromeclair.com\/wp-content\/uploads\/2026\/02\/\u82f1\u56fd\u4f26\u6566.webp","datePublished":"2026-02-02T06:58:11+00:00","dateModified":"2026-04-13T03:29:20+00:00","description":"Pasee por un Londres oto\u00f1al al alcance de su mano. El set curado CHROM\u00c9CLAIR captura la acogedora grandeza de la ciudad: el profundo marr\u00f3n Chelsea de los sillones de cuero envejecido, el musgo Kew Garden de los parques hist\u00f3ricos, el dorado resplandeciente de las ventanas de los pubs en una tarde de niebla y el ic\u00f3nico ladrillo de Westminster. Una paleta atemporal y terrosa para una manicura refinada.","inLanguage":"es","potentialAction":[{"@type":"ReadAction","target":["https:\/\/chromeclair.com\/product\/city-series-london-set-gel-polish\/"]}]},{"@type":"ImageObject","inLanguage":"es","@id":"https:\/\/chromeclair.com\/product\/city-series-london-set-gel-polish\/#primaryimage","url":"https:\/\/chromeclair.com\/wp-content\/uploads\/2026\/02\/\u82f1\u56fd\u4f26\u6566.webp","contentUrl":"https:\/\/chromeclair.com\/wp-content\/uploads\/2026\/02\/\u82f1\u56fd\u4f26\u6566.webp","width":1000,"height":1000,"caption":"City Series: London | Nail Gel Polish Set Hema & Tpo free"},{"@type":"WebSite","@id":"https:\/\/chromeclair.com\/#website","url":"https:\/\/chromeclair.com\/","name":"Esmalte de u\u00f1as en gel Cat Eye \u2013 Sin HEMA ni TPO","description":"Mientras que otros se centran en ofrecer m\u00e1s colores, nosotros nos centramos en ofrecer ingredientes m\u00e1s seguros.","publisher":{"@id":"https:\/\/chromeclair.com\/#organization"},"potentialAction":[{"@type":"SearchAction","target":{"@type":"EntryPoint","urlTemplate":"https:\/\/chromeclair.com\/?s={search_term_string}"},"query-input":{"@type":"PropertyValueSpecification","valueRequired":true,"valueName":"search_term_string"}}],"inLanguage":"es"},{"@type":"Organization","@id":"https:\/\/chromeclair.com\/#organization","name":"Esmalte de u\u00f1as en gel Cat Eye \u2013 Sin HEMA ni TPO","url":"https:\/\/chromeclair.com\/","logo":{"@type":"ImageObject","inLanguage":"es","@id":"https:\/\/chromeclair.com\/#\/schema\/logo\/image\/","url":"https:\/\/chromeclair.com\/wp-content\/uploads\/2025\/06\/cropped-CHROMECLAIR-Logo-scaled-1.png","contentUrl":"https:\/\/chromeclair.com\/wp-content\/uploads\/2025\/06\/cropped-CHROMECLAIR-Logo-scaled-1.png","width":2151,"height":429,"caption":"Cat Eye Gel Polish \u2013 HEMA-Free \uff06 TPO-Free"},"image":{"@id":"https:\/\/chromeclair.com\/#\/schema\/logo\/image\/"}}]}},"_links":{"self":[{"href":"https:\/\/chromeclair.com\/es\/wp-json\/wp\/v2\/product\/11033","targetHints":{"allow":["GET"]}}],"collection":[{"href":"https:\/\/chromeclair.com\/es\/wp-json\/wp\/v2\/product"}],"about":[{"href":"https:\/\/chromeclair.com\/es\/wp-json\/wp\/v2\/types\/product"}],"replies":[{"embeddable":true,"href":"https:\/\/chromeclair.com\/es\/wp-json\/wp\/v2\/comments?post=11033"}],"wp:featuredmedia":[{"embeddable":true,"href":"https:\/\/chromeclair.com\/es\/wp-json\/wp\/v2\/media\/11034"}],"wp:attachment":[{"href":"https:\/\/chromeclair.com\/es\/wp-json\/wp\/v2\/media?parent=11033"}],"wp:term":[{"taxonomy":"product_brand","embeddable":true,"href":"https:\/\/chromeclair.com\/es\/wp-json\/wp\/v2\/product_brand?post=11033"},{"taxonomy":"product_cat","embeddable":true,"href":"https:\/\/chromeclair.com\/es\/wp-json\/wp\/v2\/product_cat?post=11033"},{"taxonomy":"product_tag","embeddable":true,"href":"https:\/\/chromeclair.com\/es\/wp-json\/wp\/v2\/product_tag?post=11033"}],"curies":[{"name":"wp","href":"https:\/\/api.w.org\/{rel}","templated":true}]}}