{"id":7239,"date":"2025-06-19T08:46:07","date_gmt":"2025-06-19T08:46:07","guid":{"rendered":"https:\/\/chromeclair.com\/?post_type=product&#038;p=7239"},"modified":"2026-04-13T06:14:45","modified_gmt":"2026-04-13T06:14:45","slug":"hema-free-gel-polish-17ml-7pcs","status":"publish","type":"product","link":"https:\/\/chromeclair.com\/es\/product\/hema-free-gel-polish-17ml-7pcs\/","title":{"rendered":"UV1 Gel Polish Sets 17ml 7PCS"},"content":{"rendered":"<p><strong>Ingredientes<\/strong>:<\/p>\n\n\n\n<p><br>Mon\u00f3mero ACMO, fotoiniciador TMO, aceite de soja epoxidado, negro de humo blanco, polvo de mica seca, pigmento azul 29, nano di\u00f3xido de titanio, \u00f3xido de hierro, \u00f3xido de hierro amarillo, \u00f3xido de hierro negro, violeta de manganeso, copol\u00edmero acr\u00edlico (\u00e9ster).<\/p>\n\n\n\n<p><strong>1 PCS capa base (17ML) \uff06 5 PCS gel de color (17ML) \uff06 1 PCS capa superior(17ML).<\/strong><\/p>\n\n\n\n<p><strong>Ingredientes mejorados:&nbsp;<\/strong>Sin HEMA, sin TPO, sin HPMA, que cumple la norma de la UE.<\/p>\n\n\n\n<p><strong>Dise\u00f1o de botellas que cambia el juego:&nbsp;<\/strong>Los colores que aparecen en la parte inferior y en los laterales del frasco coinciden con el color del esmalte de u\u00f1as que contiene.<\/p>\n\n\n\n<p><strong>Capacidad mejorada:&nbsp;<\/strong>17ML de gran capacidad, es adecuado para su uso en diversas ocasiones y durante todo el a\u00f1o.<\/p>\n\n\n\n<p><strong>De larga duraci\u00f3n:&nbsp;<\/strong>El esmalte en gel CHROM\u00c9CLAIR puede durar m\u00e1s de 20 d\u00edas.<\/p>\n\n\n\n<p><strong>Secado r\u00e1pido:&nbsp;<\/strong>curar de 30 a 60 segundos bajo l\u00e1mparas de u\u00f1as UV o LED.<\/p>\n\n\n\n<p><strong>Si desea comprar m\u00e1s, p\u00f3ngase en contacto con nosotros a trav\u00e9s de WhatsApp en +8615169027439, y le haremos un descuento personalizado.<\/strong><\/p>\n\n\n\n<p><\/p>","protected":false},"excerpt":{"rendered":"<p>Requiere el uso de una l\u00e1mpara UV o LED<\/p>","protected":false},"featured_media":7381,"comment_status":"open","ping_status":"closed","template":"","meta":[],"product_brand":[162],"product_cat":[50],"product_tag":[],"class_list":{"0":"post-7239","1":"product","2":"type-product","3":"status-publish","4":"has-post-thumbnail","6":"product_brand-chromeclair","7":"product_cat-gel-polish-sets","9":"first","10":"instock","11":"sale","12":"shipping-taxable","13":"purchasable","14":"product-type-simple"},"yoast_head":"<!-- This site is optimized with the Yoast SEO plugin v27.4 - https:\/\/yoast.com\/product\/yoast-seo-wordpress\/ -->\n<title>HEMA free Gel Polish and TPO-free Gel Polish - CHROM\u00c9CLAIR Gel Polish<\/title>\n<meta name=\"description\" content=\"CHROM\u00c9CLAIR Gel Nail Polish has updated its Hema\/HPMA\/TPO Free &amp; Vegan and Non-TOXIC formula to enjoy a safer, healthier and more environmentally friendly.\" \/>\n<meta name=\"robots\" content=\"index, follow, max-snippet:-1, max-image-preview:large, max-video-preview:-1\" \/>\n<link rel=\"canonical\" href=\"https:\/\/chromeclair.com\/es\/producto\/hema-free-gel-polish-17ml-7pcs\/\" \/>\n<meta property=\"og:locale\" content=\"es_ES\" \/>\n<meta property=\"og:type\" content=\"article\" \/>\n<meta property=\"og:title\" content=\"HEMA free Gel Polish and TPO-free Gel Polish - CHROM\u00c9CLAIR Gel Polish\" \/>\n<meta property=\"og:description\" content=\"CHROM\u00c9CLAIR Gel Nail Polish has updated its Hema\/HPMA\/TPO Free &amp; Vegan and Non-TOXIC formula to enjoy a safer, healthier and more environmentally friendly.\" \/>\n<meta property=\"og:url\" content=\"https:\/\/chromeclair.com\/es\/producto\/hema-free-gel-polish-17ml-7pcs\/\" \/>\n<meta property=\"og:site_name\" content=\"Cat Eye Gel Polish \u2013 HEMA-Free \uff06 TPO-Free\" \/>\n<meta property=\"article:modified_time\" content=\"2026-04-13T06:14:45+00:00\" \/>\n<meta property=\"og:image\" content=\"https:\/\/chromeclair.com\/wp-content\/uploads\/2025\/06\/CHROMECLAIR-Gel-polish-7PCS-SETS-UV1.jpg\" \/>\n\t<meta property=\"og:image:width\" content=\"1920\" \/>\n\t<meta property=\"og:image:height\" content=\"1788\" \/>\n\t<meta property=\"og:image:type\" content=\"image\/jpeg\" \/>\n<meta name=\"twitter:card\" content=\"summary_large_image\" \/>\n<meta name=\"twitter:label1\" content=\"Tiempo de lectura\" \/>\n\t<meta name=\"twitter:data1\" content=\"1 minuto\" \/>\n<script type=\"application\/ld+json\" class=\"yoast-schema-graph\">{\"@context\":\"https:\\\/\\\/schema.org\",\"@graph\":[{\"@type\":\"WebPage\",\"@id\":\"https:\\\/\\\/chromeclair.com\\\/product\\\/hema-free-gel-polish-17ml-7pcs\\\/\",\"url\":\"https:\\\/\\\/chromeclair.com\\\/product\\\/hema-free-gel-polish-17ml-7pcs\\\/\",\"name\":\"HEMA free Gel Polish and TPO-free Gel Polish - CHROM\u00c9CLAIR Gel Polish\",\"isPartOf\":{\"@id\":\"https:\\\/\\\/chromeclair.com\\\/#website\"},\"primaryImageOfPage\":{\"@id\":\"https:\\\/\\\/chromeclair.com\\\/product\\\/hema-free-gel-polish-17ml-7pcs\\\/#primaryimage\"},\"image\":{\"@id\":\"https:\\\/\\\/chromeclair.com\\\/product\\\/hema-free-gel-polish-17ml-7pcs\\\/#primaryimage\"},\"thumbnailUrl\":\"https:\\\/\\\/chromeclair.com\\\/wp-content\\\/uploads\\\/2025\\\/06\\\/CHROMECLAIR-Gel-polish-7PCS-SETS-UV1.jpg\",\"datePublished\":\"2025-06-19T08:46:07+00:00\",\"dateModified\":\"2026-04-13T06:14:45+00:00\",\"description\":\"CHROM\u00c9CLAIR Gel Nail Polish has updated its Hema\\\/HPMA\\\/TPO Free & Vegan and Non-TOXIC formula to enjoy a safer, healthier and more environmentally friendly.\",\"inLanguage\":\"es\",\"potentialAction\":[{\"@type\":\"ReadAction\",\"target\":[\"https:\\\/\\\/chromeclair.com\\\/product\\\/hema-free-gel-polish-17ml-7pcs\\\/\"]}]},{\"@type\":\"ImageObject\",\"inLanguage\":\"es\",\"@id\":\"https:\\\/\\\/chromeclair.com\\\/product\\\/hema-free-gel-polish-17ml-7pcs\\\/#primaryimage\",\"url\":\"https:\\\/\\\/chromeclair.com\\\/wp-content\\\/uploads\\\/2025\\\/06\\\/CHROMECLAIR-Gel-polish-7PCS-SETS-UV1.jpg\",\"contentUrl\":\"https:\\\/\\\/chromeclair.com\\\/wp-content\\\/uploads\\\/2025\\\/06\\\/CHROMECLAIR-Gel-polish-7PCS-SETS-UV1.jpg\",\"width\":1920,\"height\":1788,\"caption\":\"CHROM\u00c9CLAIR Gel polish 7PCS SETS UV1\"},{\"@type\":\"WebSite\",\"@id\":\"https:\\\/\\\/chromeclair.com\\\/#website\",\"url\":\"https:\\\/\\\/chromeclair.com\\\/\",\"name\":\"Cat Eye Gel Polish \u2013 HEMA-Free \uff06 TPO-Free\",\"description\":\"While others focus on having more colors, we focus on having safer ingredients.\",\"publisher\":{\"@id\":\"https:\\\/\\\/chromeclair.com\\\/#organization\"},\"potentialAction\":[{\"@type\":\"SearchAction\",\"target\":{\"@type\":\"EntryPoint\",\"urlTemplate\":\"https:\\\/\\\/chromeclair.com\\\/?s={search_term_string}\"},\"query-input\":{\"@type\":\"PropertyValueSpecification\",\"valueRequired\":true,\"valueName\":\"search_term_string\"}}],\"inLanguage\":\"es\"},{\"@type\":\"Organization\",\"@id\":\"https:\\\/\\\/chromeclair.com\\\/#organization\",\"name\":\"Cat Eye Gel Polish \u2013 HEMA-Free \uff06 TPO-Free\",\"url\":\"https:\\\/\\\/chromeclair.com\\\/\",\"logo\":{\"@type\":\"ImageObject\",\"inLanguage\":\"es\",\"@id\":\"https:\\\/\\\/chromeclair.com\\\/#\\\/schema\\\/logo\\\/image\\\/\",\"url\":\"https:\\\/\\\/chromeclair.com\\\/wp-content\\\/uploads\\\/2025\\\/06\\\/cropped-CHROMECLAIR-Logo-scaled-1.png\",\"contentUrl\":\"https:\\\/\\\/chromeclair.com\\\/wp-content\\\/uploads\\\/2025\\\/06\\\/cropped-CHROMECLAIR-Logo-scaled-1.png\",\"width\":2151,\"height\":429,\"caption\":\"Cat Eye Gel Polish \u2013 HEMA-Free \uff06 TPO-Free\"},\"image\":{\"@id\":\"https:\\\/\\\/chromeclair.com\\\/#\\\/schema\\\/logo\\\/image\\\/\"}}]}<\/script>\n<!-- \/ Yoast SEO plugin. -->","yoast_head_json":{"title":"Esmalte en gel sin HEMA y esmalte en gel sin TPO - CHROM\u00c9CLAIR Gel Polish","description":"CHROM\u00c9CLAIR Esmalte de U\u00f1as de Gel ha actualizado su f\u00f3rmula Hema\/HPMA\/TPO Free &amp; Vegan y Non-TOXIC para disfrutar de un esmalte m\u00e1s seguro, saludable y respetuoso con el medio ambiente.","robots":{"index":"index","follow":"follow","max-snippet":"max-snippet:-1","max-image-preview":"max-image-preview:large","max-video-preview":"max-video-preview:-1"},"canonical":"https:\/\/chromeclair.com\/es\/producto\/hema-free-gel-polish-17ml-7pcs\/","og_locale":"es_ES","og_type":"article","og_title":"HEMA free Gel Polish and TPO-free Gel Polish - CHROM\u00c9CLAIR Gel Polish","og_description":"CHROM\u00c9CLAIR Gel Nail Polish has updated its Hema\/HPMA\/TPO Free & Vegan and Non-TOXIC formula to enjoy a safer, healthier and more environmentally friendly.","og_url":"https:\/\/chromeclair.com\/es\/producto\/hema-free-gel-polish-17ml-7pcs\/","og_site_name":"Cat Eye Gel Polish \u2013 HEMA-Free \uff06 TPO-Free","article_modified_time":"2026-04-13T06:14:45+00:00","og_image":[{"width":1920,"height":1788,"url":"https:\/\/chromeclair.com\/wp-content\/uploads\/2025\/06\/CHROMECLAIR-Gel-polish-7PCS-SETS-UV1.jpg","type":"image\/jpeg"}],"twitter_card":"summary_large_image","twitter_misc":{"Tiempo de lectura":"1 minuto"},"schema":{"@context":"https:\/\/schema.org","@graph":[{"@type":"WebPage","@id":"https:\/\/chromeclair.com\/product\/hema-free-gel-polish-17ml-7pcs\/","url":"https:\/\/chromeclair.com\/product\/hema-free-gel-polish-17ml-7pcs\/","name":"Esmalte en gel sin HEMA y esmalte en gel sin TPO - CHROM\u00c9CLAIR Gel Polish","isPartOf":{"@id":"https:\/\/chromeclair.com\/#website"},"primaryImageOfPage":{"@id":"https:\/\/chromeclair.com\/product\/hema-free-gel-polish-17ml-7pcs\/#primaryimage"},"image":{"@id":"https:\/\/chromeclair.com\/product\/hema-free-gel-polish-17ml-7pcs\/#primaryimage"},"thumbnailUrl":"https:\/\/chromeclair.com\/wp-content\/uploads\/2025\/06\/CHROMECLAIR-Gel-polish-7PCS-SETS-UV1.jpg","datePublished":"2025-06-19T08:46:07+00:00","dateModified":"2026-04-13T06:14:45+00:00","description":"CHROM\u00c9CLAIR Esmalte de U\u00f1as de Gel ha actualizado su f\u00f3rmula Hema\/HPMA\/TPO Free &amp; Vegan y Non-TOXIC para disfrutar de un esmalte m\u00e1s seguro, saludable y respetuoso con el medio ambiente.","inLanguage":"es","potentialAction":[{"@type":"ReadAction","target":["https:\/\/chromeclair.com\/product\/hema-free-gel-polish-17ml-7pcs\/"]}]},{"@type":"ImageObject","inLanguage":"es","@id":"https:\/\/chromeclair.com\/product\/hema-free-gel-polish-17ml-7pcs\/#primaryimage","url":"https:\/\/chromeclair.com\/wp-content\/uploads\/2025\/06\/CHROMECLAIR-Gel-polish-7PCS-SETS-UV1.jpg","contentUrl":"https:\/\/chromeclair.com\/wp-content\/uploads\/2025\/06\/CHROMECLAIR-Gel-polish-7PCS-SETS-UV1.jpg","width":1920,"height":1788,"caption":"CHROM\u00c9CLAIR Gel polish 7PCS SETS UV1"},{"@type":"WebSite","@id":"https:\/\/chromeclair.com\/#website","url":"https:\/\/chromeclair.com\/","name":"Esmalte de u\u00f1as en gel Cat Eye \u2013 Sin HEMA ni TPO","description":"Mientras que otros se centran en ofrecer m\u00e1s colores, nosotros nos centramos en ofrecer ingredientes m\u00e1s seguros.","publisher":{"@id":"https:\/\/chromeclair.com\/#organization"},"potentialAction":[{"@type":"SearchAction","target":{"@type":"EntryPoint","urlTemplate":"https:\/\/chromeclair.com\/?s={search_term_string}"},"query-input":{"@type":"PropertyValueSpecification","valueRequired":true,"valueName":"search_term_string"}}],"inLanguage":"es"},{"@type":"Organization","@id":"https:\/\/chromeclair.com\/#organization","name":"Esmalte de u\u00f1as en gel Cat Eye \u2013 Sin HEMA ni TPO","url":"https:\/\/chromeclair.com\/","logo":{"@type":"ImageObject","inLanguage":"es","@id":"https:\/\/chromeclair.com\/#\/schema\/logo\/image\/","url":"https:\/\/chromeclair.com\/wp-content\/uploads\/2025\/06\/cropped-CHROMECLAIR-Logo-scaled-1.png","contentUrl":"https:\/\/chromeclair.com\/wp-content\/uploads\/2025\/06\/cropped-CHROMECLAIR-Logo-scaled-1.png","width":2151,"height":429,"caption":"Cat Eye Gel Polish \u2013 HEMA-Free \uff06 TPO-Free"},"image":{"@id":"https:\/\/chromeclair.com\/#\/schema\/logo\/image\/"}}]}},"_links":{"self":[{"href":"https:\/\/chromeclair.com\/es\/wp-json\/wp\/v2\/product\/7239","targetHints":{"allow":["GET"]}}],"collection":[{"href":"https:\/\/chromeclair.com\/es\/wp-json\/wp\/v2\/product"}],"about":[{"href":"https:\/\/chromeclair.com\/es\/wp-json\/wp\/v2\/types\/product"}],"replies":[{"embeddable":true,"href":"https:\/\/chromeclair.com\/es\/wp-json\/wp\/v2\/comments?post=7239"}],"wp:featuredmedia":[{"embeddable":true,"href":"https:\/\/chromeclair.com\/es\/wp-json\/wp\/v2\/media\/7381"}],"wp:attachment":[{"href":"https:\/\/chromeclair.com\/es\/wp-json\/wp\/v2\/media?parent=7239"}],"wp:term":[{"taxonomy":"product_brand","embeddable":true,"href":"https:\/\/chromeclair.com\/es\/wp-json\/wp\/v2\/product_brand?post=7239"},{"taxonomy":"product_cat","embeddable":true,"href":"https:\/\/chromeclair.com\/es\/wp-json\/wp\/v2\/product_cat?post=7239"},{"taxonomy":"product_tag","embeddable":true,"href":"https:\/\/chromeclair.com\/es\/wp-json\/wp\/v2\/product_tag?post=7239"}],"curies":[{"name":"wp","href":"https:\/\/api.w.org\/{rel}","templated":true}]}}