{"id":7274,"date":"2025-07-09T10:06:27","date_gmt":"2025-07-09T10:06:27","guid":{"rendered":"https:\/\/chromeclair.com\/?post_type=product&#038;p=7274"},"modified":"2026-04-13T06:12:41","modified_gmt":"2026-04-13T06:12:41","slug":"hema-free-gel-nail-stickers","status":"publish","type":"product","link":"https:\/\/chromeclair.com\/es\/producto\/hema-free-gel-nail-stickers\/","title":{"rendered":"Pegatinas de u\u00f1as de gel sin HEMA Color s\u00f3lido 001-012"},"content":{"rendered":"<figure class=\"wp-block-embed is-type-video is-provider-youtube wp-block-embed-youtube wp-embed-aspect-16-9 wp-has-aspect-ratio\"><div class=\"wp-block-embed__wrapper\">\n<div class=\"video-container\"><iframe title=\"\ud83d\udc85\ud83d\udc9cUna manicura que una novata puede hacerse en diez minutos.#nailart2025 #shorts #shortvideo\" width=\"1170\" height=\"658\" src=\"https:\/\/www.youtube.com\/embed\/4j4LJcJZZRM?feature=oembed\" frameborder=\"0\" allow=\"accelerometer; autoplay; clipboard-write; encrypted-media; gyroscope; picture-in-picture; web-share\" referrerpolicy=\"strict-origin-when-cross-origin\" allowfullscreen><\/iframe><\/div>\n<\/div><\/figure>\n\n\n\n<p><strong>Aplicaci\u00f3n<\/strong><\/p>\n\n\n\n<p><strong>Preparaci\u00f3n<\/strong><br>Limar las u\u00f1as para darles la forma deseada. Limpie las u\u00f1as con un Limpiador de Bolsillo o una Toallita de U\u00f1as con Limpiador para eliminar cualquier resto de grasa. Aplique el Prep Booster sobre toda la superficie de la u\u00f1a y d\u00e9jelo secar al aire durante 30 segundos.<\/p>\n\n\n\n<p><strong>Paso 1: Elegir la pegatina adecuada<\/strong><br>Sujeta la hoja de adhesivos sobre tu u\u00f1a y elige el adhesivo que mejor se adapte. Aseg\u00farate de que el logo de Pink Gellac est\u00e1 en el lado derecho. Retira con cuidado la l\u00e1mina protectora. Si no est\u00e1s segura, elige un adhesivo ligeramente m\u00e1s estrecho que tu u\u00f1a para evitar que se levante antes de tiempo. \u00bfEl adhesivo es demasiado ancho para tus u\u00f1as? Recorta los laterales para conseguir el ajuste perfecto.<\/p>\n\n\n\n<p><strong>Paso 2: Aplicar y curar<\/strong><br>Coloca la pegatina sobre la u\u00f1a y presi\u00f3nala firmemente. Alise los bordes con la parte plana de un palito de madera y p\u00e1selo por encima de la pegatina. Deje un espacio de 1 mm entre el adhesivo y la cut\u00edcula para evitar que se levante. Recorte el adhesivo a la longitud de su u\u00f1a natural, dejando un peque\u00f1o borde, y c\u00farelo bajo la l\u00e1mpara LED durante 120 segundos.<\/p>\n\n\n\n<p><strong>Paso 3: Acabado<\/strong><br>Lime el adhesivo curado a la longitud y forma deseadas. Alise los bordes limando en una direcci\u00f3n.<\/p>\n\n\n\n<p><strong>Opcional: Aplicar Top Coat<\/strong><br>Para un brillo y durabilidad extra, aplica una fina capa de Shine Top Coat. Evite el contacto con la piel y elimine el exceso con un l\u00e1piz corrector de esmalte en gel o un bastoncillo de madera antes del curado. Cura el Top Coat durante 60 segundos bajo la l\u00e1mpara LED. Elimine la capa pegajosa con un limpiador de bolsillo o una toallita para u\u00f1as y, despu\u00e9s de 1 minuto, aplique el aceite nutritivo para cut\u00edculas para una mayor hidrataci\u00f3n.<\/p>\n\n\n\n<p><strong>Mudanzas<\/strong><\/p>\n\n\n\n<p>Desliza suavemente un palito de madera por debajo de los bordes de la pegatina. Aplica aceite para cut\u00edculas a lo largo de los bordes de la pegatina. Retira lentamente la pegatina de la u\u00f1a, a\u00f1adiendo m\u00e1s aceite bajo la pegatina a medida que avanzas para ayudar a aflojarla. Repite la operaci\u00f3n hasta que el adhesivo se haya despegado por completo.<\/p>\n\n\n\n<figure class=\"wp-block-image size-large\"><img fetchpriority=\"high\" decoding=\"async\" width=\"1024\" height=\"500\" src=\"https:\/\/chromeclair.com\/wp-content\/uploads\/2025\/07\/Packaging-1024x500.jpg\" alt=\"\" class=\"wp-image-7292\" srcset=\"https:\/\/chromeclair.com\/wp-content\/uploads\/2025\/07\/Packaging-1024x500.jpg 1024w, https:\/\/chromeclair.com\/wp-content\/uploads\/2025\/07\/Packaging-300x147.jpg 300w, https:\/\/chromeclair.com\/wp-content\/uploads\/2025\/07\/Packaging-768x375.jpg 768w, https:\/\/chromeclair.com\/wp-content\/uploads\/2025\/07\/Packaging-1536x750.jpg 1536w, https:\/\/chromeclair.com\/wp-content\/uploads\/2025\/07\/Packaging-2048x1000.jpg 2048w, https:\/\/chromeclair.com\/wp-content\/uploads\/2025\/07\/Packaging-990x484.jpg 990w, https:\/\/chromeclair.com\/wp-content\/uploads\/2025\/07\/Packaging-441x215.jpg 441w, https:\/\/chromeclair.com\/wp-content\/uploads\/2025\/07\/Packaging-800x391.jpg 800w, https:\/\/chromeclair.com\/wp-content\/uploads\/2025\/07\/Packaging-150x73.jpg 150w\" sizes=\"(max-width: 1024px) 100vw, 1024px\" \/><\/figure>\n\n\n\n<p><strong>Ingredientes<\/strong><\/p>\n\n\n\n<p>Copol\u00edmero de acrilatos, \u00e1cido poliarcr\u00edlico, pegamento ecol\u00f3gico, colorante.<\/p>","protected":false},"excerpt":{"rendered":"<p><!-- wp:list --><\/p>\n<ul class=\"wp-block-list\"><!-- wp:list-item --><\/p>\n<li>1x hoja con 20 pegatinas de gel para u\u00f1as<\/li>\n<p><!-- \/wp:list-item --><\/p>\n<p><!-- wp:list-item --><\/p>\n<li>1x lima de u\u00f1as 180\/180<\/li>\n<p><!-- \/wp:list-item --><\/p>\n<p><!-- wp:list-item --><\/p>\n<li>1x palo de madera<\/li>\n<p><!-- \/wp:list-item --><\/ul>\n<p>Cup\u00f3n de env\u00edo gratuito: <span style=\"color: #00ccff;\"><strong>3tv6x36b<\/strong><\/span><\/p>\n<p>Requiere el uso de una l\u00e1mpara UV o LED<\/p>\n<p><!-- \/wp:list --><\/p>","protected":false},"featured_media":7290,"comment_status":"open","ping_status":"closed","template":"","meta":[],"product_brand":[],"product_cat":[116],"product_tag":[],"class_list":{"0":"post-7274","1":"product","2":"type-product","3":"status-publish","4":"has-post-thumbnail","6":"product_cat-gel-nail-stickers","8":"first","9":"instock","10":"sale","11":"shipping-taxable","12":"purchasable","13":"product-type-simple"},"yoast_head":"<!-- This site is optimized with the Yoast SEO plugin v26.4 - https:\/\/yoast.com\/wordpress\/plugins\/seo\/ -->\n<title>Get best HEMA-free Gel Nail Stickers price - CHROM\u00c9CLAIR<\/title>\n<meta name=\"description\" content=\"Make beautiful nails possible for every client with our Hema free gels. Boasting nudes, reds, greens, pinks, blues, purples as well as glitters &amp; shimmers.\" \/>\n<meta name=\"robots\" content=\"index, follow, max-snippet:-1, max-image-preview:large, max-video-preview:-1\" \/>\n<link rel=\"canonical\" href=\"https:\/\/chromeclair.com\/es\/producto\/hema-free-gel-nail-stickers\/\" \/>\n<meta property=\"og:locale\" content=\"es_ES\" \/>\n<meta property=\"og:type\" content=\"article\" \/>\n<meta property=\"og:title\" content=\"Get best HEMA-free Gel Nail Stickers price - CHROM\u00c9CLAIR\" \/>\n<meta property=\"og:description\" content=\"Make beautiful nails possible for every client with our Hema free gels. Boasting nudes, reds, greens, pinks, blues, purples as well as glitters &amp; shimmers.\" \/>\n<meta property=\"og:url\" content=\"https:\/\/chromeclair.com\/es\/producto\/hema-free-gel-nail-stickers\/\" \/>\n<meta property=\"og:site_name\" content=\"Cat Eye Gel Polish \u2013 HEMA-Free \uff06 TPO-Free\" \/>\n<meta property=\"article:modified_time\" content=\"2026-04-13T06:12:41+00:00\" \/>\n<meta property=\"og:image\" content=\"https:\/\/chromeclair.com\/wp-content\/uploads\/2025\/07\/CHROMECLAIR-Gel-Nail-Stickers-SC-003-scaled.jpg\" \/>\n\t<meta property=\"og:image:width\" content=\"2560\" \/>\n\t<meta property=\"og:image:height\" content=\"2560\" \/>\n\t<meta property=\"og:image:type\" content=\"image\/jpeg\" \/>\n<meta name=\"twitter:card\" content=\"summary_large_image\" \/>\n<meta name=\"twitter:label1\" content=\"Tiempo de lectura\" \/>\n\t<meta name=\"twitter:data1\" content=\"2 minutos\" \/>\n<script type=\"application\/ld+json\" class=\"yoast-schema-graph\">{\"@context\":\"https:\/\/schema.org\",\"@graph\":[{\"@type\":\"WebPage\",\"@id\":\"https:\/\/chromeclair.com\/product\/hema-free-gel-nail-stickers\/\",\"url\":\"https:\/\/chromeclair.com\/product\/hema-free-gel-nail-stickers\/\",\"name\":\"Get best HEMA-free Gel Nail Stickers price - CHROM\u00c9CLAIR\",\"isPartOf\":{\"@id\":\"https:\/\/chromeclair.com\/#website\"},\"primaryImageOfPage\":{\"@id\":\"https:\/\/chromeclair.com\/product\/hema-free-gel-nail-stickers\/#primaryimage\"},\"image\":{\"@id\":\"https:\/\/chromeclair.com\/product\/hema-free-gel-nail-stickers\/#primaryimage\"},\"thumbnailUrl\":\"https:\/\/chromeclair.com\/wp-content\/uploads\/2025\/07\/CHROMECLAIR-Gel-Nail-Stickers-SC-003-scaled.jpg\",\"datePublished\":\"2025-07-09T10:06:27+00:00\",\"dateModified\":\"2026-04-13T06:12:41+00:00\",\"description\":\"Make beautiful nails possible for every client with our Hema free gels. Boasting nudes, reds, greens, pinks, blues, purples as well as glitters & shimmers.\",\"breadcrumb\":{\"@id\":\"https:\/\/chromeclair.com\/product\/hema-free-gel-nail-stickers\/#breadcrumb\"},\"inLanguage\":\"es\",\"potentialAction\":[{\"@type\":\"ReadAction\",\"target\":[\"https:\/\/chromeclair.com\/product\/hema-free-gel-nail-stickers\/\"]}]},{\"@type\":\"ImageObject\",\"inLanguage\":\"es\",\"@id\":\"https:\/\/chromeclair.com\/product\/hema-free-gel-nail-stickers\/#primaryimage\",\"url\":\"https:\/\/chromeclair.com\/wp-content\/uploads\/2025\/07\/CHROMECLAIR-Gel-Nail-Stickers-SC-003-scaled.jpg\",\"contentUrl\":\"https:\/\/chromeclair.com\/wp-content\/uploads\/2025\/07\/CHROMECLAIR-Gel-Nail-Stickers-SC-003-scaled.jpg\",\"width\":2560,\"height\":2560,\"caption\":\"CHROM\u00c9CLAIR Gel Nail Stickers SC-003\"},{\"@type\":\"BreadcrumbList\",\"@id\":\"https:\/\/chromeclair.com\/product\/hema-free-gel-nail-stickers\/#breadcrumb\",\"itemListElement\":[{\"@type\":\"ListItem\",\"position\":1,\"name\":\"Home\",\"item\":\"https:\/\/chromeclair.com\/\"},{\"@type\":\"ListItem\",\"position\":2,\"name\":\"Shop\",\"item\":\"https:\/\/chromeclair.com\/shop\/\"},{\"@type\":\"ListItem\",\"position\":3,\"name\":\"HEMA-free Gel Nail Stickers Solid Color 001-012\"}]},{\"@type\":\"WebSite\",\"@id\":\"https:\/\/chromeclair.com\/#website\",\"url\":\"https:\/\/chromeclair.com\/\",\"name\":\"Cat Eye Gel Polish \u2013 HEMA-Free \uff06 TPO-Free\",\"description\":\"While others focus on having more colors, we focus on having safer ingredients.\",\"publisher\":{\"@id\":\"https:\/\/chromeclair.com\/#organization\"},\"potentialAction\":[{\"@type\":\"SearchAction\",\"target\":{\"@type\":\"EntryPoint\",\"urlTemplate\":\"https:\/\/chromeclair.com\/?s={search_term_string}\"},\"query-input\":{\"@type\":\"PropertyValueSpecification\",\"valueRequired\":true,\"valueName\":\"search_term_string\"}}],\"inLanguage\":\"es\"},{\"@type\":\"Organization\",\"@id\":\"https:\/\/chromeclair.com\/#organization\",\"name\":\"Cat Eye Gel Polish \u2013 HEMA-Free \uff06 TPO-Free\",\"url\":\"https:\/\/chromeclair.com\/\",\"logo\":{\"@type\":\"ImageObject\",\"inLanguage\":\"es\",\"@id\":\"https:\/\/chromeclair.com\/#\/schema\/logo\/image\/\",\"url\":\"https:\/\/chromeclair.com\/wp-content\/uploads\/2025\/06\/cropped-CHROMECLAIR-Logo-scaled-1.png\",\"contentUrl\":\"https:\/\/chromeclair.com\/wp-content\/uploads\/2025\/06\/cropped-CHROMECLAIR-Logo-scaled-1.png\",\"width\":2151,\"height\":429,\"caption\":\"Cat Eye Gel Polish \u2013 HEMA-Free \uff06 TPO-Free\"},\"image\":{\"@id\":\"https:\/\/chromeclair.com\/#\/schema\/logo\/image\/\"}}]}<\/script>\n<!-- \/ Yoast SEO plugin. -->","yoast_head_json":{"title":"Obtener el mejor precio U\u00f1as de gel sin HEMA - CHROM\u00c9CLAIR","description":"Consiga unas u\u00f1as bonitas para todas sus clientas con nuestros geles sin hema. Con tonos nude, rojos, verdes, rosas, azules, morados, as\u00ed como purpurinas y brillos.","robots":{"index":"index","follow":"follow","max-snippet":"max-snippet:-1","max-image-preview":"max-image-preview:large","max-video-preview":"max-video-preview:-1"},"canonical":"https:\/\/chromeclair.com\/es\/producto\/hema-free-gel-nail-stickers\/","og_locale":"es_ES","og_type":"article","og_title":"Get best HEMA-free Gel Nail Stickers price - CHROM\u00c9CLAIR","og_description":"Make beautiful nails possible for every client with our Hema free gels. Boasting nudes, reds, greens, pinks, blues, purples as well as glitters & shimmers.","og_url":"https:\/\/chromeclair.com\/es\/producto\/hema-free-gel-nail-stickers\/","og_site_name":"Cat Eye Gel Polish \u2013 HEMA-Free \uff06 TPO-Free","article_modified_time":"2026-04-13T06:12:41+00:00","og_image":[{"width":2560,"height":2560,"url":"https:\/\/chromeclair.com\/wp-content\/uploads\/2025\/07\/CHROMECLAIR-Gel-Nail-Stickers-SC-003-scaled.jpg","type":"image\/jpeg"}],"twitter_card":"summary_large_image","twitter_misc":{"Tiempo de lectura":"2 minutos"},"schema":{"@context":"https:\/\/schema.org","@graph":[{"@type":"WebPage","@id":"https:\/\/chromeclair.com\/product\/hema-free-gel-nail-stickers\/","url":"https:\/\/chromeclair.com\/product\/hema-free-gel-nail-stickers\/","name":"Obtener el mejor precio U\u00f1as de gel sin HEMA - CHROM\u00c9CLAIR","isPartOf":{"@id":"https:\/\/chromeclair.com\/#website"},"primaryImageOfPage":{"@id":"https:\/\/chromeclair.com\/product\/hema-free-gel-nail-stickers\/#primaryimage"},"image":{"@id":"https:\/\/chromeclair.com\/product\/hema-free-gel-nail-stickers\/#primaryimage"},"thumbnailUrl":"https:\/\/chromeclair.com\/wp-content\/uploads\/2025\/07\/CHROMECLAIR-Gel-Nail-Stickers-SC-003-scaled.jpg","datePublished":"2025-07-09T10:06:27+00:00","dateModified":"2026-04-13T06:12:41+00:00","description":"Consiga unas u\u00f1as bonitas para todas sus clientas con nuestros geles sin hema. Con tonos nude, rojos, verdes, rosas, azules, morados, as\u00ed como purpurinas y brillos.","breadcrumb":{"@id":"https:\/\/chromeclair.com\/product\/hema-free-gel-nail-stickers\/#breadcrumb"},"inLanguage":"es","potentialAction":[{"@type":"ReadAction","target":["https:\/\/chromeclair.com\/product\/hema-free-gel-nail-stickers\/"]}]},{"@type":"ImageObject","inLanguage":"es","@id":"https:\/\/chromeclair.com\/product\/hema-free-gel-nail-stickers\/#primaryimage","url":"https:\/\/chromeclair.com\/wp-content\/uploads\/2025\/07\/CHROMECLAIR-Gel-Nail-Stickers-SC-003-scaled.jpg","contentUrl":"https:\/\/chromeclair.com\/wp-content\/uploads\/2025\/07\/CHROMECLAIR-Gel-Nail-Stickers-SC-003-scaled.jpg","width":2560,"height":2560,"caption":"CHROM\u00c9CLAIR Gel Nail Stickers SC-003"},{"@type":"BreadcrumbList","@id":"https:\/\/chromeclair.com\/product\/hema-free-gel-nail-stickers\/#breadcrumb","itemListElement":[{"@type":"ListItem","position":1,"name":"Home","item":"https:\/\/chromeclair.com\/"},{"@type":"ListItem","position":2,"name":"Shop","item":"https:\/\/chromeclair.com\/shop\/"},{"@type":"ListItem","position":3,"name":"HEMA-free Gel Nail Stickers Solid Color 001-012"}]},{"@type":"WebSite","@id":"https:\/\/chromeclair.com\/#website","url":"https:\/\/chromeclair.com\/","name":"Esmalte de u\u00f1as en gel Cat Eye \u2013 Sin HEMA ni TPO","description":"Mientras que otros se centran en ofrecer m\u00e1s colores, nosotros nos centramos en ofrecer ingredientes m\u00e1s seguros.","publisher":{"@id":"https:\/\/chromeclair.com\/#organization"},"potentialAction":[{"@type":"SearchAction","target":{"@type":"EntryPoint","urlTemplate":"https:\/\/chromeclair.com\/?s={search_term_string}"},"query-input":{"@type":"PropertyValueSpecification","valueRequired":true,"valueName":"search_term_string"}}],"inLanguage":"es"},{"@type":"Organization","@id":"https:\/\/chromeclair.com\/#organization","name":"Esmalte de u\u00f1as en gel Cat Eye \u2013 Sin HEMA ni TPO","url":"https:\/\/chromeclair.com\/","logo":{"@type":"ImageObject","inLanguage":"es","@id":"https:\/\/chromeclair.com\/#\/schema\/logo\/image\/","url":"https:\/\/chromeclair.com\/wp-content\/uploads\/2025\/06\/cropped-CHROMECLAIR-Logo-scaled-1.png","contentUrl":"https:\/\/chromeclair.com\/wp-content\/uploads\/2025\/06\/cropped-CHROMECLAIR-Logo-scaled-1.png","width":2151,"height":429,"caption":"Cat Eye Gel Polish \u2013 HEMA-Free \uff06 TPO-Free"},"image":{"@id":"https:\/\/chromeclair.com\/#\/schema\/logo\/image\/"}}]}},"_links":{"self":[{"href":"https:\/\/chromeclair.com\/es\/wp-json\/wp\/v2\/product\/7274","targetHints":{"allow":["GET"]}}],"collection":[{"href":"https:\/\/chromeclair.com\/es\/wp-json\/wp\/v2\/product"}],"about":[{"href":"https:\/\/chromeclair.com\/es\/wp-json\/wp\/v2\/types\/product"}],"replies":[{"embeddable":true,"href":"https:\/\/chromeclair.com\/es\/wp-json\/wp\/v2\/comments?post=7274"}],"wp:featuredmedia":[{"embeddable":true,"href":"https:\/\/chromeclair.com\/es\/wp-json\/wp\/v2\/media\/7290"}],"wp:attachment":[{"href":"https:\/\/chromeclair.com\/es\/wp-json\/wp\/v2\/media?parent=7274"}],"wp:term":[{"taxonomy":"product_brand","embeddable":true,"href":"https:\/\/chromeclair.com\/es\/wp-json\/wp\/v2\/product_brand?post=7274"},{"taxonomy":"product_cat","embeddable":true,"href":"https:\/\/chromeclair.com\/es\/wp-json\/wp\/v2\/product_cat?post=7274"},{"taxonomy":"product_tag","embeddable":true,"href":"https:\/\/chromeclair.com\/es\/wp-json\/wp\/v2\/product_tag?post=7274"}],"curies":[{"name":"wp","href":"https:\/\/api.w.org\/{rel}","templated":true}]}}