{"id":7487,"date":"2025-07-17T04:26:12","date_gmt":"2025-07-17T04:26:12","guid":{"rendered":"https:\/\/chromeclair.com\/?post_type=product&#038;p=7487"},"modified":"2026-04-13T06:09:00","modified_gmt":"2026-04-13T06:09:00","slug":"hema-free-and-tpo-freegel-polish-1kg-package","status":"publish","type":"product","link":"https:\/\/chromeclair.com\/es\/product\/hema-free-and-tpo-freegel-polish-1kg-package\/","title":{"rendered":"Esmalte en gel sin HEMA y sin TPO Paquete de 1KG"},"content":{"rendered":"<p><strong>Ingredientes<\/strong>:<\/p>\n\n\n\n<p><br>Mon\u00f3mero ACMO, fotoiniciador TMO, fotoiniciador 184, aceite de soja epoxidado, negro de humo blanco, polvo de mica seca, pigmento azul 29, nano di\u00f3xido de titanio, \u00f3xido de hierro, \u00f3xido de hierro amarillo, \u00f3xido de hierro negro, violeta de manganeso, copol\u00edmero acr\u00edlico (\u00e9ster).<\/p>\n\n\n\n<p>Marca: CHROM\u00c9CLAIR<\/p>\n\n\n\n<p>Caracter\u00edsticas: Sin HEMA, sin TPO, sin HPMA, sin crueldad, vegano<\/p>\n\n\n\n<p>N.W. : 1000g<\/p>\n\n\n\n<p>L\u00e1mpara de curado: L\u00e1mpara LED\/L\u00e1mpara UV<\/p>\n\n\n\n<p><strong>Si necesita un embalaje personalizado, p\u00f3ngase en contacto con nosotros en <a href=\"mailto:sales@chromeclair.com\">sales@chromeclair.com<\/a>.<\/strong><\/p>","protected":false},"excerpt":{"rendered":"<p>Cup\u00f3n de env\u00edo gratuito:\u00a0<strong>3tv6x36b<\/p>\n<p>Requiere el uso de una l\u00e1mpara UV o LED<br \/><\/strong><\/p>","protected":false},"featured_media":8689,"comment_status":"open","ping_status":"closed","template":"","meta":[],"product_brand":[162],"product_cat":[163],"product_tag":[],"class_list":{"0":"post-7487","1":"product","2":"type-product","3":"status-publish","4":"has-post-thumbnail","6":"product_brand-chromeclair","7":"product_cat-gel-polish-1kg-package","9":"first","10":"instock","11":"sale","12":"shipping-taxable","13":"purchasable","14":"product-type-simple"},"yoast_head":"<!-- This site is optimized with the Yoast SEO plugin v27.4 - https:\/\/yoast.com\/product\/yoast-seo-wordpress\/ -->\n<title>HEMA-free and TPO-free Gel Polish 1KG Package - CHROM\u00c9CLAIR<\/title>\n<meta name=\"description\" content=\"1KG Package Professional HEMA-free gel polish manufacturer offering wholesale, private label &amp; OEM\/ODM services.\" \/>\n<meta name=\"robots\" content=\"index, follow, max-snippet:-1, max-image-preview:large, max-video-preview:-1\" \/>\n<link rel=\"canonical\" href=\"https:\/\/chromeclair.com\/es\/producto\/esmalte-freegel-sin-hema-y-tpo-envase-de-1kg\/\" \/>\n<meta property=\"og:locale\" content=\"es_ES\" \/>\n<meta property=\"og:type\" content=\"article\" \/>\n<meta property=\"og:title\" content=\"HEMA-free and TPO-free Gel Polish 1KG Package - CHROM\u00c9CLAIR\" \/>\n<meta property=\"og:description\" content=\"1KG Package Professional HEMA-free gel polish manufacturer offering wholesale, private label &amp; OEM\/ODM services.\" \/>\n<meta property=\"og:url\" content=\"https:\/\/chromeclair.com\/es\/producto\/esmalte-freegel-sin-hema-y-tpo-envase-de-1kg\/\" \/>\n<meta property=\"og:site_name\" content=\"Cat Eye Gel Polish \u2013 HEMA-Free \uff06 TPO-Free\" \/>\n<meta property=\"article:modified_time\" content=\"2026-04-13T06:09:00+00:00\" \/>\n<meta property=\"og:image\" content=\"https:\/\/chromeclair.com\/wp-content\/uploads\/2025\/07\/1kg-SR-color.jpg\" \/>\n\t<meta property=\"og:image:width\" content=\"1080\" \/>\n\t<meta property=\"og:image:height\" content=\"800\" \/>\n\t<meta property=\"og:image:type\" content=\"image\/jpeg\" \/>\n<meta name=\"twitter:card\" content=\"summary_large_image\" \/>\n<meta name=\"twitter:label1\" content=\"Tiempo de lectura\" \/>\n\t<meta name=\"twitter:data1\" content=\"1 minuto\" \/>\n<script type=\"application\/ld+json\" class=\"yoast-schema-graph\">{\"@context\":\"https:\\\/\\\/schema.org\",\"@graph\":[{\"@type\":\"WebPage\",\"@id\":\"https:\\\/\\\/chromeclair.com\\\/product\\\/hema-free-and-tpo-freegel-polish-1kg-package\\\/\",\"url\":\"https:\\\/\\\/chromeclair.com\\\/product\\\/hema-free-and-tpo-freegel-polish-1kg-package\\\/\",\"name\":\"HEMA-free and TPO-free Gel Polish 1KG Package - CHROM\u00c9CLAIR\",\"isPartOf\":{\"@id\":\"https:\\\/\\\/chromeclair.com\\\/#website\"},\"primaryImageOfPage\":{\"@id\":\"https:\\\/\\\/chromeclair.com\\\/product\\\/hema-free-and-tpo-freegel-polish-1kg-package\\\/#primaryimage\"},\"image\":{\"@id\":\"https:\\\/\\\/chromeclair.com\\\/product\\\/hema-free-and-tpo-freegel-polish-1kg-package\\\/#primaryimage\"},\"thumbnailUrl\":\"https:\\\/\\\/chromeclair.com\\\/wp-content\\\/uploads\\\/2025\\\/07\\\/1kg-SR-color.jpg\",\"datePublished\":\"2025-07-17T04:26:12+00:00\",\"dateModified\":\"2026-04-13T06:09:00+00:00\",\"description\":\"1KG Package Professional HEMA-free gel polish manufacturer offering wholesale, private label & OEM\\\/ODM services.\",\"inLanguage\":\"es\",\"potentialAction\":[{\"@type\":\"ReadAction\",\"target\":[\"https:\\\/\\\/chromeclair.com\\\/product\\\/hema-free-and-tpo-freegel-polish-1kg-package\\\/\"]}]},{\"@type\":\"ImageObject\",\"inLanguage\":\"es\",\"@id\":\"https:\\\/\\\/chromeclair.com\\\/product\\\/hema-free-and-tpo-freegel-polish-1kg-package\\\/#primaryimage\",\"url\":\"https:\\\/\\\/chromeclair.com\\\/wp-content\\\/uploads\\\/2025\\\/07\\\/1kg-SR-color.jpg\",\"contentUrl\":\"https:\\\/\\\/chromeclair.com\\\/wp-content\\\/uploads\\\/2025\\\/07\\\/1kg-SR-color.jpg\",\"width\":1080,\"height\":800},{\"@type\":\"WebSite\",\"@id\":\"https:\\\/\\\/chromeclair.com\\\/#website\",\"url\":\"https:\\\/\\\/chromeclair.com\\\/\",\"name\":\"Cat Eye Gel Polish \u2013 HEMA-Free \uff06 TPO-Free\",\"description\":\"While others focus on having more colors, we focus on having safer ingredients.\",\"publisher\":{\"@id\":\"https:\\\/\\\/chromeclair.com\\\/#organization\"},\"potentialAction\":[{\"@type\":\"SearchAction\",\"target\":{\"@type\":\"EntryPoint\",\"urlTemplate\":\"https:\\\/\\\/chromeclair.com\\\/?s={search_term_string}\"},\"query-input\":{\"@type\":\"PropertyValueSpecification\",\"valueRequired\":true,\"valueName\":\"search_term_string\"}}],\"inLanguage\":\"es\"},{\"@type\":\"Organization\",\"@id\":\"https:\\\/\\\/chromeclair.com\\\/#organization\",\"name\":\"Cat Eye Gel Polish \u2013 HEMA-Free \uff06 TPO-Free\",\"url\":\"https:\\\/\\\/chromeclair.com\\\/\",\"logo\":{\"@type\":\"ImageObject\",\"inLanguage\":\"es\",\"@id\":\"https:\\\/\\\/chromeclair.com\\\/#\\\/schema\\\/logo\\\/image\\\/\",\"url\":\"https:\\\/\\\/chromeclair.com\\\/wp-content\\\/uploads\\\/2025\\\/06\\\/cropped-CHROMECLAIR-Logo-scaled-1.png\",\"contentUrl\":\"https:\\\/\\\/chromeclair.com\\\/wp-content\\\/uploads\\\/2025\\\/06\\\/cropped-CHROMECLAIR-Logo-scaled-1.png\",\"width\":2151,\"height\":429,\"caption\":\"Cat Eye Gel Polish \u2013 HEMA-Free \uff06 TPO-Free\"},\"image\":{\"@id\":\"https:\\\/\\\/chromeclair.com\\\/#\\\/schema\\\/logo\\\/image\\\/\"}}]}<\/script>\n<!-- \/ Yoast SEO plugin. -->","yoast_head_json":{"title":"Esmalte en gel sin HEMA y sin TPO Envase de 1KG - CHROM\u00c9CLAIR","description":"Paquete de 1KG Fabricante profesional de esmalte en gel sin HEMA que ofrece servicios de venta al por mayor, marca blanca y OEM\/ODM.","robots":{"index":"index","follow":"follow","max-snippet":"max-snippet:-1","max-image-preview":"max-image-preview:large","max-video-preview":"max-video-preview:-1"},"canonical":"https:\/\/chromeclair.com\/es\/producto\/esmalte-freegel-sin-hema-y-tpo-envase-de-1kg\/","og_locale":"es_ES","og_type":"article","og_title":"HEMA-free and TPO-free Gel Polish 1KG Package - CHROM\u00c9CLAIR","og_description":"1KG Package Professional HEMA-free gel polish manufacturer offering wholesale, private label & OEM\/ODM services.","og_url":"https:\/\/chromeclair.com\/es\/producto\/esmalte-freegel-sin-hema-y-tpo-envase-de-1kg\/","og_site_name":"Cat Eye Gel Polish \u2013 HEMA-Free \uff06 TPO-Free","article_modified_time":"2026-04-13T06:09:00+00:00","og_image":[{"width":1080,"height":800,"url":"https:\/\/chromeclair.com\/wp-content\/uploads\/2025\/07\/1kg-SR-color.jpg","type":"image\/jpeg"}],"twitter_card":"summary_large_image","twitter_misc":{"Tiempo de lectura":"1 minuto"},"schema":{"@context":"https:\/\/schema.org","@graph":[{"@type":"WebPage","@id":"https:\/\/chromeclair.com\/product\/hema-free-and-tpo-freegel-polish-1kg-package\/","url":"https:\/\/chromeclair.com\/product\/hema-free-and-tpo-freegel-polish-1kg-package\/","name":"Esmalte en gel sin HEMA y sin TPO Envase de 1KG - CHROM\u00c9CLAIR","isPartOf":{"@id":"https:\/\/chromeclair.com\/#website"},"primaryImageOfPage":{"@id":"https:\/\/chromeclair.com\/product\/hema-free-and-tpo-freegel-polish-1kg-package\/#primaryimage"},"image":{"@id":"https:\/\/chromeclair.com\/product\/hema-free-and-tpo-freegel-polish-1kg-package\/#primaryimage"},"thumbnailUrl":"https:\/\/chromeclair.com\/wp-content\/uploads\/2025\/07\/1kg-SR-color.jpg","datePublished":"2025-07-17T04:26:12+00:00","dateModified":"2026-04-13T06:09:00+00:00","description":"Paquete de 1KG Fabricante profesional de esmalte en gel sin HEMA que ofrece servicios de venta al por mayor, marca blanca y OEM\/ODM.","inLanguage":"es","potentialAction":[{"@type":"ReadAction","target":["https:\/\/chromeclair.com\/product\/hema-free-and-tpo-freegel-polish-1kg-package\/"]}]},{"@type":"ImageObject","inLanguage":"es","@id":"https:\/\/chromeclair.com\/product\/hema-free-and-tpo-freegel-polish-1kg-package\/#primaryimage","url":"https:\/\/chromeclair.com\/wp-content\/uploads\/2025\/07\/1kg-SR-color.jpg","contentUrl":"https:\/\/chromeclair.com\/wp-content\/uploads\/2025\/07\/1kg-SR-color.jpg","width":1080,"height":800},{"@type":"WebSite","@id":"https:\/\/chromeclair.com\/#website","url":"https:\/\/chromeclair.com\/","name":"Esmalte de u\u00f1as en gel Cat Eye \u2013 Sin HEMA ni TPO","description":"Mientras que otros se centran en ofrecer m\u00e1s colores, nosotros nos centramos en ofrecer ingredientes m\u00e1s seguros.","publisher":{"@id":"https:\/\/chromeclair.com\/#organization"},"potentialAction":[{"@type":"SearchAction","target":{"@type":"EntryPoint","urlTemplate":"https:\/\/chromeclair.com\/?s={search_term_string}"},"query-input":{"@type":"PropertyValueSpecification","valueRequired":true,"valueName":"search_term_string"}}],"inLanguage":"es"},{"@type":"Organization","@id":"https:\/\/chromeclair.com\/#organization","name":"Esmalte de u\u00f1as en gel Cat Eye \u2013 Sin HEMA ni TPO","url":"https:\/\/chromeclair.com\/","logo":{"@type":"ImageObject","inLanguage":"es","@id":"https:\/\/chromeclair.com\/#\/schema\/logo\/image\/","url":"https:\/\/chromeclair.com\/wp-content\/uploads\/2025\/06\/cropped-CHROMECLAIR-Logo-scaled-1.png","contentUrl":"https:\/\/chromeclair.com\/wp-content\/uploads\/2025\/06\/cropped-CHROMECLAIR-Logo-scaled-1.png","width":2151,"height":429,"caption":"Cat Eye Gel Polish \u2013 HEMA-Free \uff06 TPO-Free"},"image":{"@id":"https:\/\/chromeclair.com\/#\/schema\/logo\/image\/"}}]}},"_links":{"self":[{"href":"https:\/\/chromeclair.com\/es\/wp-json\/wp\/v2\/product\/7487","targetHints":{"allow":["GET"]}}],"collection":[{"href":"https:\/\/chromeclair.com\/es\/wp-json\/wp\/v2\/product"}],"about":[{"href":"https:\/\/chromeclair.com\/es\/wp-json\/wp\/v2\/types\/product"}],"replies":[{"embeddable":true,"href":"https:\/\/chromeclair.com\/es\/wp-json\/wp\/v2\/comments?post=7487"}],"wp:featuredmedia":[{"embeddable":true,"href":"https:\/\/chromeclair.com\/es\/wp-json\/wp\/v2\/media\/8689"}],"wp:attachment":[{"href":"https:\/\/chromeclair.com\/es\/wp-json\/wp\/v2\/media?parent=7487"}],"wp:term":[{"taxonomy":"product_brand","embeddable":true,"href":"https:\/\/chromeclair.com\/es\/wp-json\/wp\/v2\/product_brand?post=7487"},{"taxonomy":"product_cat","embeddable":true,"href":"https:\/\/chromeclair.com\/es\/wp-json\/wp\/v2\/product_cat?post=7487"},{"taxonomy":"product_tag","embeddable":true,"href":"https:\/\/chromeclair.com\/es\/wp-json\/wp\/v2\/product_tag?post=7487"}],"curies":[{"name":"wp","href":"https:\/\/api.w.org\/{rel}","templated":true}]}}