{"id":8423,"date":"2025-08-20T06:54:31","date_gmt":"2025-08-20T06:54:31","guid":{"rendered":"https:\/\/chromeclair.com\/?post_type=product&#038;p=8423"},"modified":"2026-04-13T06:08:06","modified_gmt":"2026-04-13T06:08:06","slug":"gel-polish-hema-free-and-tpo-free-10ml-cl01-06","status":"publish","type":"product","link":"https:\/\/chromeclair.com\/es\/product\/gel-polish-hema-free-and-tpo-free-10ml-cl01-06\/","title":{"rendered":"Esmalte en gel sin HEMA y sin TPO 10ML CL01-06"},"content":{"rendered":"<p>\u3010Ingredientes Mejorados - M\u00e1s Tranquilidad\u3011La exclusiva f\u00f3rmula SIN HEMA y SIN TPO, que cumple con las estrictas normas de seguridad de la UE, cuida suavemente el delicado lecho ungueal.<br>\u3010Large Capacity - More Enjoyment\u301110ml salon-grade large capacity, una botella es igual a dos, adecuado para todas las estaciones, acomodando f\u00e1cilmente varias ideas de arte de u\u00f1as.<br>\u3010Long-Lasting Color Locking - Better Performance\u3011Utiliza la tecnolog\u00eda premium de bloqueo de color CHROM\u00c9CLAIR, \u00a1manteniendo un acabado brillante durante m\u00e1s de 20 d\u00edas!<br>\u301060-Segundos de Secado R\u00e1pido - M\u00e1s Eficiente\u3011Acoplar con una l\u00e1mpara LED \/ u\u00f1as para el curado en tan s\u00f3lo 30 segundos, ahorr\u00e1ndole un tiempo valioso.<br>\u3010Quality Certified - More Reliable\u3011\u00a1Certificado con CE y MSDS, garantizando la seguridad y la calidad en la que puede confiar!<br>Haz clic para comprar ahora y disfrutar de un arte de u\u00f1as profesional.<\/p>\n\n\n\n<figure class=\"wp-block-image size-full\"><img fetchpriority=\"high\" decoding=\"async\" width=\"1000\" height=\"600\" src=\"https:\/\/chromeclair.com\/wp-content\/uploads\/2025\/08\/CHROMECLAIR-CL-Color.jpg\" alt=\"\" class=\"wp-image-8438\" srcset=\"https:\/\/chromeclair.com\/wp-content\/uploads\/2025\/08\/CHROMECLAIR-CL-Color.jpg 1000w, https:\/\/chromeclair.com\/wp-content\/uploads\/2025\/08\/CHROMECLAIR-CL-Color-300x180.jpg 300w, https:\/\/chromeclair.com\/wp-content\/uploads\/2025\/08\/CHROMECLAIR-CL-Color-768x461.jpg 768w, https:\/\/chromeclair.com\/wp-content\/uploads\/2025\/08\/CHROMECLAIR-CL-Color-18x12.jpg 18w, https:\/\/chromeclair.com\/wp-content\/uploads\/2025\/08\/CHROMECLAIR-CL-Color-990x594.jpg 990w, https:\/\/chromeclair.com\/wp-content\/uploads\/2025\/08\/CHROMECLAIR-CL-Color-441x265.jpg 441w, https:\/\/chromeclair.com\/wp-content\/uploads\/2025\/08\/CHROMECLAIR-CL-Color-800x480.jpg 800w, https:\/\/chromeclair.com\/wp-content\/uploads\/2025\/08\/CHROMECLAIR-CL-Color-150x90.jpg 150w\" sizes=\"(max-width: 1000px) 100vw, 1000px\" \/><\/figure>\n\n\n\n<p>Paso 1: Recortar y pulir Como de costumbre, empieza por limpiar y pulir suavemente la superficie de la u\u00f1a para preparar la base.<\/p>\n\n\n\n<p>Paso 2: Agitar bien Antes de usar, aseg\u00farese de agitar bien el frasco. \u00a1Este es un peque\u00f1o secreto para conseguir un color uniforme y bonito!<\/p>\n\n\n\n<p>Paso 3: Aplica la capa base Aplica primero una capa fina de capa base. Protege las u\u00f1as y hace que la manicura dure m\u00e1s. Cure bajo la l\u00e1mpara durante 60 segundos (las l\u00e1mparas UV o LED son ambas aceptables).<\/p>\n\n\n\n<p>Paso 4: Aplicar la capa de color Aplique la capa de color en dos capas finas para obtener mejores resultados.<\/p>\n\n\n\n<p>Primera capa: Aplicar una capa fina y curar bajo la l\u00e1mpara durante 60 segundos.<\/p>\n\n\n\n<p>Segunda capa: Aplique otra capa fina, y recuerde curar inmediatamente despu\u00e9s de la aplicaci\u00f3n durante 60 segundos.<\/p>\n\n\n\n<p>Paso 5: Aplique la capa de acabado Por \u00faltimo, aplique la capa de acabado y c\u00farela bajo la l\u00e1mpara para completar el proceso.<\/p>\n\n\n\n<p>Consejo: No olvides aplicar una capa fina para obtener mejores resultados y una mayor duraci\u00f3n.<\/p>\n\n\n\n<p><strong>\ud83c\udfa8 \u00a1Da rienda suelta a tu creatividad de forma segura con nuestro esmalte en gel sin HEMA!<\/strong><\/p>\n\n\n\n<p>\u00bfCansado de sacrificar la salud de las u\u00f1as por un color bonito? Nuestros profesionales&nbsp;<strong>Esmalte en gel sin HEMA de 10 ml<\/strong>&nbsp;proporciona un color vibrante y duradero con total tranquilidad. Formulado sin HEMA, HPMA, y otros irritantes comunes, es la elecci\u00f3n perfecta para cualquier persona con piel sensible o aquellos que buscan una rutina de manicura m\u00e1s saludable.<\/p>\n\n\n\n<p><strong>\u2728 Por qu\u00e9 te encantar\u00e1:<\/strong><\/p>\n\n\n\n<ul class=\"wp-block-list\">\n<li><strong>\ud83d\udee1\ufe0f HIPOALERG\u00c9NICO Y SEGURO:<\/strong>\u00a0Espec\u00edficamente elaborado para minimizar el riesgo de reacciones al\u00e9rgicas. Disfrute de unas impresionantes u\u00f1as de gel sin preocupaciones.<\/li>\n\n\n\n<li><strong>\ud83d\udc8e COLOR INTENSO Y ALTO BRILLO:<\/strong>\u00a0Pigmentos ultra ricos que proporcionan una cobertura completa y uniforme en una sola capa. Cura con un acabado brillante que dura hasta 3 semanas sin descascarillarse.<\/li>\n\n\n\n<li><strong>\ud83e\uddf0 RESULTADOS PROFESIONALES EN CASA:<\/strong>\u00a0El tama\u00f1o de 10 ml perfecto tanto para aficionados al bricolaje como para artistas de u\u00f1as profesionales. F\u00e1cil de aplicar, autonivelante y cura en solo 60 segundos bajo una l\u00e1mpara LED est\u00e1ndar de 48 W.<\/li>\n\n\n\n<li><strong>\ud83c\udf3f VEGANO Y SIN CRUELDAD:<\/strong>\u00a0Estamos orgullosos de contar con la certificaci\u00f3n Leaping Bunny. Nuestros productos nunca se prueban en animales.<\/li>\n\n\n\n<li><strong>\ud83c\udf08 AMPLIA GAMA DE COLORES:<\/strong>\u00a0Desde los cl\u00e1sicos nudes y rojos hasta las \u00faltimas tendencias de la moda, encuentre su tono perfecto en nuestra amplia colecci\u00f3n.<\/li>\n<\/ul>\n\n\n\n<p><strong>Perfecto para:<\/strong>&nbsp;Kits de manicura caseros, principiantes y profesionales del nail art, personas al\u00e9rgicas al gel y cualquiera que valore los productos de belleza veganos y sin crueldad.<\/p>","protected":false},"excerpt":{"rendered":"<p>Requiere el uso de una l\u00e1mpara UV o LED<\/p>","protected":false},"featured_media":8424,"comment_status":"open","ping_status":"closed","template":"","meta":[],"product_brand":[162],"product_cat":[208],"product_tag":[],"class_list":{"0":"post-8423","1":"product","2":"type-product","3":"status-publish","4":"has-post-thumbnail","6":"product_brand-chromeclair","7":"product_cat-solid-color-gel-polish-10ml","9":"first","10":"instock","11":"sale","12":"shipping-taxable","13":"purchasable","14":"product-type-simple"},"yoast_head":"<!-- This site is optimized with the Yoast SEO plugin v27.4 - https:\/\/yoast.com\/product\/yoast-seo-wordpress\/ -->\n<title>10-Free Gel Nail Polish 10ml | HEMA, HPMA, Toxin Free, Vegan, Soak Off LED Lamp Required - CHROM\u00c9CLAIR<\/title>\n<meta name=\"description\" content=\"Discover our HEMA-Free Gel Nail Polish in 10ml. Achieve a salon-quality, long-lasting manicure at home without the risk of allergies. Our hypoallergenic, vegan formula is rich in pigment, easy to apply, and cures quickly under any LED lamp. Shop over 50 vibrant, trendy colors today!\" \/>\n<meta name=\"robots\" content=\"index, follow, max-snippet:-1, max-image-preview:large, max-video-preview:-1\" \/>\n<link rel=\"canonical\" href=\"https:\/\/chromeclair.com\/es\/producto\/gel-polish-hema-free-and-tpo-free-10ml-cl01-06\/\" \/>\n<meta property=\"og:locale\" content=\"es_ES\" \/>\n<meta property=\"og:type\" content=\"article\" \/>\n<meta property=\"og:title\" content=\"10-Free Gel Nail Polish 10ml | HEMA, HPMA, Toxin Free, Vegan, Soak Off LED Lamp Required - CHROM\u00c9CLAIR\" \/>\n<meta property=\"og:description\" content=\"Discover our HEMA-Free Gel Nail Polish in 10ml. Achieve a salon-quality, long-lasting manicure at home without the risk of allergies. Our hypoallergenic, vegan formula is rich in pigment, easy to apply, and cures quickly under any LED lamp. Shop over 50 vibrant, trendy colors today!\" \/>\n<meta property=\"og:url\" content=\"https:\/\/chromeclair.com\/es\/producto\/gel-polish-hema-free-and-tpo-free-10ml-cl01-06\/\" \/>\n<meta property=\"og:site_name\" content=\"Cat Eye Gel Polish \u2013 HEMA-Free \uff06 TPO-Free\" \/>\n<meta property=\"article:modified_time\" content=\"2026-04-13T06:08:06+00:00\" \/>\n<meta property=\"og:image\" content=\"https:\/\/chromeclair.com\/wp-content\/uploads\/2025\/08\/CL-01.jpg\" \/>\n\t<meta property=\"og:image:width\" content=\"800\" \/>\n\t<meta property=\"og:image:height\" content=\"800\" \/>\n\t<meta property=\"og:image:type\" content=\"image\/jpeg\" \/>\n<meta name=\"twitter:card\" content=\"summary_large_image\" \/>\n<meta name=\"twitter:label1\" content=\"Tiempo de lectura\" \/>\n\t<meta name=\"twitter:data1\" content=\"3 minutos\" \/>\n<script type=\"application\/ld+json\" class=\"yoast-schema-graph\">{\"@context\":\"https:\\\/\\\/schema.org\",\"@graph\":[{\"@type\":\"WebPage\",\"@id\":\"https:\\\/\\\/chromeclair.com\\\/product\\\/gel-polish-hema-free-and-tpo-free-10ml-cl01-06\\\/\",\"url\":\"https:\\\/\\\/chromeclair.com\\\/product\\\/gel-polish-hema-free-and-tpo-free-10ml-cl01-06\\\/\",\"name\":\"10-Free Gel Nail Polish 10ml | HEMA, HPMA, Toxin Free, Vegan, Soak Off LED Lamp Required - CHROM\u00c9CLAIR\",\"isPartOf\":{\"@id\":\"https:\\\/\\\/chromeclair.com\\\/#website\"},\"primaryImageOfPage\":{\"@id\":\"https:\\\/\\\/chromeclair.com\\\/product\\\/gel-polish-hema-free-and-tpo-free-10ml-cl01-06\\\/#primaryimage\"},\"image\":{\"@id\":\"https:\\\/\\\/chromeclair.com\\\/product\\\/gel-polish-hema-free-and-tpo-free-10ml-cl01-06\\\/#primaryimage\"},\"thumbnailUrl\":\"https:\\\/\\\/chromeclair.com\\\/wp-content\\\/uploads\\\/2025\\\/08\\\/CL-01.jpg\",\"datePublished\":\"2025-08-20T06:54:31+00:00\",\"dateModified\":\"2026-04-13T06:08:06+00:00\",\"description\":\"Discover our HEMA-Free Gel Nail Polish in 10ml. Achieve a salon-quality, long-lasting manicure at home without the risk of allergies. Our hypoallergenic, vegan formula is rich in pigment, easy to apply, and cures quickly under any LED lamp. Shop over 50 vibrant, trendy colors today!\",\"breadcrumb\":{\"@id\":\"https:\\\/\\\/chromeclair.com\\\/product\\\/gel-polish-hema-free-and-tpo-free-10ml-cl01-06\\\/#breadcrumb\"},\"inLanguage\":\"es\",\"potentialAction\":[{\"@type\":\"ReadAction\",\"target\":[\"https:\\\/\\\/chromeclair.com\\\/product\\\/gel-polish-hema-free-and-tpo-free-10ml-cl01-06\\\/\"]}]},{\"@type\":\"ImageObject\",\"inLanguage\":\"es\",\"@id\":\"https:\\\/\\\/chromeclair.com\\\/product\\\/gel-polish-hema-free-and-tpo-free-10ml-cl01-06\\\/#primaryimage\",\"url\":\"https:\\\/\\\/chromeclair.com\\\/wp-content\\\/uploads\\\/2025\\\/08\\\/CL-01.jpg\",\"contentUrl\":\"https:\\\/\\\/chromeclair.com\\\/wp-content\\\/uploads\\\/2025\\\/08\\\/CL-01.jpg\",\"width\":800,\"height\":800,\"caption\":\"CL-01\"},{\"@type\":\"BreadcrumbList\",\"@id\":\"https:\\\/\\\/chromeclair.com\\\/product\\\/gel-polish-hema-free-and-tpo-free-10ml-cl01-06\\\/#breadcrumb\",\"itemListElement\":[{\"@type\":\"ListItem\",\"position\":1,\"name\":\"Home\",\"item\":\"https:\\\/\\\/chromeclair.com\\\/\"},{\"@type\":\"ListItem\",\"position\":2,\"name\":\"Shop\",\"item\":\"https:\\\/\\\/chromeclair.com\\\/shop\\\/\"},{\"@type\":\"ListItem\",\"position\":3,\"name\":\"Gel Polish HEMA-free and TPO-free 10ML CL01-06\"}]},{\"@type\":\"WebSite\",\"@id\":\"https:\\\/\\\/chromeclair.com\\\/#website\",\"url\":\"https:\\\/\\\/chromeclair.com\\\/\",\"name\":\"Cat Eye Gel Polish \u2013 HEMA-Free \uff06 TPO-Free\",\"description\":\"While others focus on having more colors, we focus on having safer ingredients.\",\"publisher\":{\"@id\":\"https:\\\/\\\/chromeclair.com\\\/#organization\"},\"potentialAction\":[{\"@type\":\"SearchAction\",\"target\":{\"@type\":\"EntryPoint\",\"urlTemplate\":\"https:\\\/\\\/chromeclair.com\\\/?s={search_term_string}\"},\"query-input\":{\"@type\":\"PropertyValueSpecification\",\"valueRequired\":true,\"valueName\":\"search_term_string\"}}],\"inLanguage\":\"es\"},{\"@type\":\"Organization\",\"@id\":\"https:\\\/\\\/chromeclair.com\\\/#organization\",\"name\":\"Cat Eye Gel Polish \u2013 HEMA-Free \uff06 TPO-Free\",\"url\":\"https:\\\/\\\/chromeclair.com\\\/\",\"logo\":{\"@type\":\"ImageObject\",\"inLanguage\":\"es\",\"@id\":\"https:\\\/\\\/chromeclair.com\\\/#\\\/schema\\\/logo\\\/image\\\/\",\"url\":\"https:\\\/\\\/chromeclair.com\\\/wp-content\\\/uploads\\\/2025\\\/06\\\/cropped-CHROMECLAIR-Logo-scaled-1.png\",\"contentUrl\":\"https:\\\/\\\/chromeclair.com\\\/wp-content\\\/uploads\\\/2025\\\/06\\\/cropped-CHROMECLAIR-Logo-scaled-1.png\",\"width\":2151,\"height\":429,\"caption\":\"Cat Eye Gel Polish \u2013 HEMA-Free \uff06 TPO-Free\"},\"image\":{\"@id\":\"https:\\\/\\\/chromeclair.com\\\/#\\\/schema\\\/logo\\\/image\\\/\"}}]}<\/script>\n<!-- \/ Yoast SEO plugin. -->","yoast_head_json":{"title":"Esmalte de U\u00f1as de Gel 10ml | HEMA, HPMA, Sin Toxinas, Vegano, Requiere L\u00e1mpara LED Soak Off - CHROM\u00c9CLAIR","description":"Descubra nuestro esmalte de u\u00f1as de gel sin HEMA en 10 ml. Consigue una manicura duradera y de calidad profesional en casa sin riesgo de alergias. Nuestra f\u00f3rmula hipoalerg\u00e9nica y vegana es rica en pigmentos, f\u00e1cil de aplicar y se cura r\u00e1pidamente bajo cualquier l\u00e1mpara LED. Compra hoy mismo m\u00e1s de 50 colores vibrantes y modernos.","robots":{"index":"index","follow":"follow","max-snippet":"max-snippet:-1","max-image-preview":"max-image-preview:large","max-video-preview":"max-video-preview:-1"},"canonical":"https:\/\/chromeclair.com\/es\/producto\/gel-polish-hema-free-and-tpo-free-10ml-cl01-06\/","og_locale":"es_ES","og_type":"article","og_title":"10-Free Gel Nail Polish 10ml | HEMA, HPMA, Toxin Free, Vegan, Soak Off LED Lamp Required - CHROM\u00c9CLAIR","og_description":"Discover our HEMA-Free Gel Nail Polish in 10ml. Achieve a salon-quality, long-lasting manicure at home without the risk of allergies. Our hypoallergenic, vegan formula is rich in pigment, easy to apply, and cures quickly under any LED lamp. Shop over 50 vibrant, trendy colors today!","og_url":"https:\/\/chromeclair.com\/es\/producto\/gel-polish-hema-free-and-tpo-free-10ml-cl01-06\/","og_site_name":"Cat Eye Gel Polish \u2013 HEMA-Free \uff06 TPO-Free","article_modified_time":"2026-04-13T06:08:06+00:00","og_image":[{"width":800,"height":800,"url":"https:\/\/chromeclair.com\/wp-content\/uploads\/2025\/08\/CL-01.jpg","type":"image\/jpeg"}],"twitter_card":"summary_large_image","twitter_misc":{"Tiempo de lectura":"3 minutos"},"schema":{"@context":"https:\/\/schema.org","@graph":[{"@type":"WebPage","@id":"https:\/\/chromeclair.com\/product\/gel-polish-hema-free-and-tpo-free-10ml-cl01-06\/","url":"https:\/\/chromeclair.com\/product\/gel-polish-hema-free-and-tpo-free-10ml-cl01-06\/","name":"Esmalte de U\u00f1as de Gel 10ml | HEMA, HPMA, Sin Toxinas, Vegano, Requiere L\u00e1mpara LED Soak Off - CHROM\u00c9CLAIR","isPartOf":{"@id":"https:\/\/chromeclair.com\/#website"},"primaryImageOfPage":{"@id":"https:\/\/chromeclair.com\/product\/gel-polish-hema-free-and-tpo-free-10ml-cl01-06\/#primaryimage"},"image":{"@id":"https:\/\/chromeclair.com\/product\/gel-polish-hema-free-and-tpo-free-10ml-cl01-06\/#primaryimage"},"thumbnailUrl":"https:\/\/chromeclair.com\/wp-content\/uploads\/2025\/08\/CL-01.jpg","datePublished":"2025-08-20T06:54:31+00:00","dateModified":"2026-04-13T06:08:06+00:00","description":"Descubra nuestro esmalte de u\u00f1as de gel sin HEMA en 10 ml. Consigue una manicura duradera y de calidad profesional en casa sin riesgo de alergias. Nuestra f\u00f3rmula hipoalerg\u00e9nica y vegana es rica en pigmentos, f\u00e1cil de aplicar y se cura r\u00e1pidamente bajo cualquier l\u00e1mpara LED. Compra hoy mismo m\u00e1s de 50 colores vibrantes y modernos.","breadcrumb":{"@id":"https:\/\/chromeclair.com\/product\/gel-polish-hema-free-and-tpo-free-10ml-cl01-06\/#breadcrumb"},"inLanguage":"es","potentialAction":[{"@type":"ReadAction","target":["https:\/\/chromeclair.com\/product\/gel-polish-hema-free-and-tpo-free-10ml-cl01-06\/"]}]},{"@type":"ImageObject","inLanguage":"es","@id":"https:\/\/chromeclair.com\/product\/gel-polish-hema-free-and-tpo-free-10ml-cl01-06\/#primaryimage","url":"https:\/\/chromeclair.com\/wp-content\/uploads\/2025\/08\/CL-01.jpg","contentUrl":"https:\/\/chromeclair.com\/wp-content\/uploads\/2025\/08\/CL-01.jpg","width":800,"height":800,"caption":"CL-01"},{"@type":"BreadcrumbList","@id":"https:\/\/chromeclair.com\/product\/gel-polish-hema-free-and-tpo-free-10ml-cl01-06\/#breadcrumb","itemListElement":[{"@type":"ListItem","position":1,"name":"Home","item":"https:\/\/chromeclair.com\/"},{"@type":"ListItem","position":2,"name":"Shop","item":"https:\/\/chromeclair.com\/shop\/"},{"@type":"ListItem","position":3,"name":"Gel Polish HEMA-free and TPO-free 10ML CL01-06"}]},{"@type":"WebSite","@id":"https:\/\/chromeclair.com\/#website","url":"https:\/\/chromeclair.com\/","name":"Esmalte de u\u00f1as en gel Cat Eye \u2013 Sin HEMA ni TPO","description":"Mientras que otros se centran en ofrecer m\u00e1s colores, nosotros nos centramos en ofrecer ingredientes m\u00e1s seguros.","publisher":{"@id":"https:\/\/chromeclair.com\/#organization"},"potentialAction":[{"@type":"SearchAction","target":{"@type":"EntryPoint","urlTemplate":"https:\/\/chromeclair.com\/?s={search_term_string}"},"query-input":{"@type":"PropertyValueSpecification","valueRequired":true,"valueName":"search_term_string"}}],"inLanguage":"es"},{"@type":"Organization","@id":"https:\/\/chromeclair.com\/#organization","name":"Esmalte de u\u00f1as en gel Cat Eye \u2013 Sin HEMA ni TPO","url":"https:\/\/chromeclair.com\/","logo":{"@type":"ImageObject","inLanguage":"es","@id":"https:\/\/chromeclair.com\/#\/schema\/logo\/image\/","url":"https:\/\/chromeclair.com\/wp-content\/uploads\/2025\/06\/cropped-CHROMECLAIR-Logo-scaled-1.png","contentUrl":"https:\/\/chromeclair.com\/wp-content\/uploads\/2025\/06\/cropped-CHROMECLAIR-Logo-scaled-1.png","width":2151,"height":429,"caption":"Cat Eye Gel Polish \u2013 HEMA-Free \uff06 TPO-Free"},"image":{"@id":"https:\/\/chromeclair.com\/#\/schema\/logo\/image\/"}}]}},"_links":{"self":[{"href":"https:\/\/chromeclair.com\/es\/wp-json\/wp\/v2\/product\/8423","targetHints":{"allow":["GET"]}}],"collection":[{"href":"https:\/\/chromeclair.com\/es\/wp-json\/wp\/v2\/product"}],"about":[{"href":"https:\/\/chromeclair.com\/es\/wp-json\/wp\/v2\/types\/product"}],"replies":[{"embeddable":true,"href":"https:\/\/chromeclair.com\/es\/wp-json\/wp\/v2\/comments?post=8423"}],"wp:featuredmedia":[{"embeddable":true,"href":"https:\/\/chromeclair.com\/es\/wp-json\/wp\/v2\/media\/8424"}],"wp:attachment":[{"href":"https:\/\/chromeclair.com\/es\/wp-json\/wp\/v2\/media?parent=8423"}],"wp:term":[{"taxonomy":"product_brand","embeddable":true,"href":"https:\/\/chromeclair.com\/es\/wp-json\/wp\/v2\/product_brand?post=8423"},{"taxonomy":"product_cat","embeddable":true,"href":"https:\/\/chromeclair.com\/es\/wp-json\/wp\/v2\/product_cat?post=8423"},{"taxonomy":"product_tag","embeddable":true,"href":"https:\/\/chromeclair.com\/es\/wp-json\/wp\/v2\/product_tag?post=8423"}],"curies":[{"name":"wp","href":"https:\/\/api.w.org\/{rel}","templated":true}]}}