{"id":8534,"date":"2025-08-23T07:57:57","date_gmt":"2025-08-23T07:57:57","guid":{"rendered":"https:\/\/chromeclair.com\/?post_type=product&#038;p=8534"},"modified":"2026-04-16T01:54:19","modified_gmt":"2026-04-16T01:54:19","slug":"cat-eye-gel-polish-hema-free-and-tpo-free-ce04","status":"publish","type":"product","link":"https:\/\/chromeclair.com\/es\/producto\/cat-eye-gel-polish-hema-free-and-tpo-free-ce04\/","title":{"rendered":"Esmalte en gel para ojos de gato sin HEMA ni TPO CE04"},"content":{"rendered":"<p><strong>\ud83c\udf1f Magia magn\u00e9tica hipoalerg\u00e9nica - Esmalte en gel para ojos de gato 10-free (17ml) \ud83c\udf1f<\/strong><br>Experimente el fascinante efecto ojo de gato sin concesiones. Nuestro esmalte est\u00e1 meticulosamente elaborado para ser&nbsp;<strong>100% Sin HEMA<\/strong>&nbsp;y va m\u00e1s all\u00e1, adhiri\u00e9ndose a una estricta&nbsp;<strong>\"F\u00f3rmula \"10-Free<\/strong>&nbsp;(sin HEMA, HPMA, tolueno, formaldeh\u00eddo, etc.). Creemos que un nail art impresionante nunca debe ir en detrimento de tu salud.<br><strong>La experiencia Cat Eye m\u00e1s segura:<\/strong><\/p>\n\n\n\n<ul class=\"wp-block-list\">\n<li><strong>F\u00f3rmula 10-Free:<\/strong>\u00a0Disfrute de la tranquilidad de nuestro compromiso integral de ausencia de toxinas.<\/li>\n\n\n\n<li><strong>Hipoalerg\u00e9nico y vegano:<\/strong>\u00a0Suave con las pieles m\u00e1s sensibles y nunca testado en animales. Certificado por PETA.<\/li>\n\n\n\n<li><strong>17ml de Color Seguro:<\/strong>\u00a0Un tama\u00f1o m\u00e1s grande significa manicuras m\u00e1s bonitas y sin preocupaciones.<\/li>\n\n\n\n<li><strong>Rendimiento inigualable:<\/strong>\u00a0No se deje enga\u00f1ar por su f\u00f3rmula segura: proporciona una potente atracci\u00f3n magn\u00e9tica y un acabado brillante como un espejo que dura semanas.<br><strong>Perfecto para:<\/strong>\u00a0Personas con alergias a los geles, piel sensible o cualquiera que d\u00e9 prioridad a los ingredientes de belleza limpios sin sacrificar el estilo.<\/li>\n<\/ul>","protected":false},"excerpt":{"rendered":"<p>Requiere el uso de una l\u00e1mpara UV o LED<\/p>","protected":false},"featured_media":8535,"comment_status":"open","ping_status":"closed","template":"","meta":[],"product_brand":[162],"product_cat":[179],"product_tag":[],"class_list":{"0":"post-8534","1":"product","2":"type-product","3":"status-publish","4":"has-post-thumbnail","6":"product_brand-chromeclair","7":"product_cat-cat-eye-gel-polish","9":"first","10":"instock","11":"sale","12":"shipping-taxable","13":"purchasable","14":"product-type-simple"},"yoast_head":"<!-- This site is optimized with the Yoast SEO plugin v26.4 - https:\/\/yoast.com\/wordpress\/plugins\/seo\/ -->\n<title>HEMA Free Magnetic Gel Polish Cat Eye 17ml - Professional Salon Grade, Vegan, Cruelty Free for Nail Art - CHROM\u00c9CLAIR<\/title>\n<meta name=\"description\" content=\"Built for nail techs: A professional-grade, 17ml HEMA-Free Cat Eye Gel. Its powerful magnetic pull creates sharp, defined lines quickly, maximizing your efficiency. The large size offers great value for your salon.\" \/>\n<meta name=\"robots\" content=\"index, follow, max-snippet:-1, max-image-preview:large, max-video-preview:-1\" \/>\n<link rel=\"canonical\" href=\"https:\/\/chromeclair.com\/es\/producto\/cat-eye-gel-polish-hema-free-and-tpo-free-ce04\/\" \/>\n<meta property=\"og:locale\" content=\"es_ES\" \/>\n<meta property=\"og:type\" content=\"article\" \/>\n<meta property=\"og:title\" content=\"HEMA Free Magnetic Gel Polish Cat Eye 17ml - Professional Salon Grade, Vegan, Cruelty Free for Nail Art - CHROM\u00c9CLAIR\" \/>\n<meta property=\"og:description\" content=\"Built for nail techs: A professional-grade, 17ml HEMA-Free Cat Eye Gel. Its powerful magnetic pull creates sharp, defined lines quickly, maximizing your efficiency. The large size offers great value for your salon.\" \/>\n<meta property=\"og:url\" content=\"https:\/\/chromeclair.com\/es\/producto\/cat-eye-gel-polish-hema-free-and-tpo-free-ce04\/\" \/>\n<meta property=\"og:site_name\" content=\"Cat Eye Gel Polish \u2013 HEMA-Free \uff06 TPO-Free\" \/>\n<meta property=\"article:modified_time\" content=\"2026-04-16T01:54:19+00:00\" \/>\n<meta property=\"og:image\" content=\"https:\/\/chromeclair.com\/wp-content\/uploads\/2025\/08\/CE-04.jpg\" \/>\n\t<meta property=\"og:image:width\" content=\"800\" \/>\n\t<meta property=\"og:image:height\" content=\"800\" \/>\n\t<meta property=\"og:image:type\" content=\"image\/jpeg\" \/>\n<meta name=\"twitter:card\" content=\"summary_large_image\" \/>\n<meta name=\"twitter:label1\" content=\"Tiempo de lectura\" \/>\n\t<meta name=\"twitter:data1\" content=\"1 minuto\" \/>\n<script type=\"application\/ld+json\" class=\"yoast-schema-graph\">{\"@context\":\"https:\/\/schema.org\",\"@graph\":[{\"@type\":\"WebPage\",\"@id\":\"https:\/\/chromeclair.com\/product\/cat-eye-gel-polish-hema-free-and-tpo-free-ce04\/\",\"url\":\"https:\/\/chromeclair.com\/product\/cat-eye-gel-polish-hema-free-and-tpo-free-ce04\/\",\"name\":\"HEMA Free Magnetic Gel Polish Cat Eye 17ml - Professional Salon Grade, Vegan, Cruelty Free for Nail Art - CHROM\u00c9CLAIR\",\"isPartOf\":{\"@id\":\"https:\/\/chromeclair.com\/#website\"},\"primaryImageOfPage\":{\"@id\":\"https:\/\/chromeclair.com\/product\/cat-eye-gel-polish-hema-free-and-tpo-free-ce04\/#primaryimage\"},\"image\":{\"@id\":\"https:\/\/chromeclair.com\/product\/cat-eye-gel-polish-hema-free-and-tpo-free-ce04\/#primaryimage\"},\"thumbnailUrl\":\"https:\/\/chromeclair.com\/wp-content\/uploads\/2025\/08\/CE-04.jpg\",\"datePublished\":\"2025-08-23T07:57:57+00:00\",\"dateModified\":\"2026-04-16T01:54:19+00:00\",\"description\":\"Built for nail techs: A professional-grade, 17ml HEMA-Free Cat Eye Gel. Its powerful magnetic pull creates sharp, defined lines quickly, maximizing your efficiency. The large size offers great value for your salon.\",\"breadcrumb\":{\"@id\":\"https:\/\/chromeclair.com\/product\/cat-eye-gel-polish-hema-free-and-tpo-free-ce04\/#breadcrumb\"},\"inLanguage\":\"es\",\"potentialAction\":[{\"@type\":\"ReadAction\",\"target\":[\"https:\/\/chromeclair.com\/product\/cat-eye-gel-polish-hema-free-and-tpo-free-ce04\/\"]}]},{\"@type\":\"ImageObject\",\"inLanguage\":\"es\",\"@id\":\"https:\/\/chromeclair.com\/product\/cat-eye-gel-polish-hema-free-and-tpo-free-ce04\/#primaryimage\",\"url\":\"https:\/\/chromeclair.com\/wp-content\/uploads\/2025\/08\/CE-04.jpg\",\"contentUrl\":\"https:\/\/chromeclair.com\/wp-content\/uploads\/2025\/08\/CE-04.jpg\",\"width\":800,\"height\":800,\"caption\":\"Cat eye gel polish CE-04 CHROM\u00c9CLAIR\"},{\"@type\":\"BreadcrumbList\",\"@id\":\"https:\/\/chromeclair.com\/product\/cat-eye-gel-polish-hema-free-and-tpo-free-ce04\/#breadcrumb\",\"itemListElement\":[{\"@type\":\"ListItem\",\"position\":1,\"name\":\"Home\",\"item\":\"https:\/\/chromeclair.com\/\"},{\"@type\":\"ListItem\",\"position\":2,\"name\":\"Shop\",\"item\":\"https:\/\/chromeclair.com\/shop\/\"},{\"@type\":\"ListItem\",\"position\":3,\"name\":\"Cat Eye Gel Polish HEMA-Free and TPO-Free CE04\"}]},{\"@type\":\"WebSite\",\"@id\":\"https:\/\/chromeclair.com\/#website\",\"url\":\"https:\/\/chromeclair.com\/\",\"name\":\"Cat Eye Gel Polish \u2013 HEMA-Free \uff06 TPO-Free\",\"description\":\"While others focus on having more colors, we focus on having safer ingredients.\",\"publisher\":{\"@id\":\"https:\/\/chromeclair.com\/#organization\"},\"potentialAction\":[{\"@type\":\"SearchAction\",\"target\":{\"@type\":\"EntryPoint\",\"urlTemplate\":\"https:\/\/chromeclair.com\/?s={search_term_string}\"},\"query-input\":{\"@type\":\"PropertyValueSpecification\",\"valueRequired\":true,\"valueName\":\"search_term_string\"}}],\"inLanguage\":\"es\"},{\"@type\":\"Organization\",\"@id\":\"https:\/\/chromeclair.com\/#organization\",\"name\":\"Cat Eye Gel Polish \u2013 HEMA-Free \uff06 TPO-Free\",\"url\":\"https:\/\/chromeclair.com\/\",\"logo\":{\"@type\":\"ImageObject\",\"inLanguage\":\"es\",\"@id\":\"https:\/\/chromeclair.com\/#\/schema\/logo\/image\/\",\"url\":\"https:\/\/chromeclair.com\/wp-content\/uploads\/2025\/06\/cropped-CHROMECLAIR-Logo-scaled-1.png\",\"contentUrl\":\"https:\/\/chromeclair.com\/wp-content\/uploads\/2025\/06\/cropped-CHROMECLAIR-Logo-scaled-1.png\",\"width\":2151,\"height\":429,\"caption\":\"Cat Eye Gel Polish \u2013 HEMA-Free \uff06 TPO-Free\"},\"image\":{\"@id\":\"https:\/\/chromeclair.com\/#\/schema\/logo\/image\/\"}}]}<\/script>\n<!-- \/ Yoast SEO plugin. -->","yoast_head_json":{"title":"Esmalte de Gel Magn\u00e9tico sin HEMA Ojos de Gato 17ml - Esmalte de u\u00f1as profesional, vegano, libre de crueldad - CHROM\u00c9CLAIR","description":"Creado para t\u00e9cnicos de u\u00f1as: un gel para ojos de gato sin HEMA de 17 ml y calidad profesional. Su potente tracci\u00f3n magn\u00e9tica crea l\u00edneas n\u00edtidas y definidas r\u00e1pidamente, maximizando su eficiencia. El tama\u00f1o grande ofrece un gran valor para su sal\u00f3n.","robots":{"index":"index","follow":"follow","max-snippet":"max-snippet:-1","max-image-preview":"max-image-preview:large","max-video-preview":"max-video-preview:-1"},"canonical":"https:\/\/chromeclair.com\/es\/producto\/cat-eye-gel-polish-hema-free-and-tpo-free-ce04\/","og_locale":"es_ES","og_type":"article","og_title":"HEMA Free Magnetic Gel Polish Cat Eye 17ml - Professional Salon Grade, Vegan, Cruelty Free for Nail Art - CHROM\u00c9CLAIR","og_description":"Built for nail techs: A professional-grade, 17ml HEMA-Free Cat Eye Gel. Its powerful magnetic pull creates sharp, defined lines quickly, maximizing your efficiency. The large size offers great value for your salon.","og_url":"https:\/\/chromeclair.com\/es\/producto\/cat-eye-gel-polish-hema-free-and-tpo-free-ce04\/","og_site_name":"Cat Eye Gel Polish \u2013 HEMA-Free \uff06 TPO-Free","article_modified_time":"2026-04-16T01:54:19+00:00","og_image":[{"width":800,"height":800,"url":"https:\/\/chromeclair.com\/wp-content\/uploads\/2025\/08\/CE-04.jpg","type":"image\/jpeg"}],"twitter_card":"summary_large_image","twitter_misc":{"Tiempo de lectura":"1 minuto"},"schema":{"@context":"https:\/\/schema.org","@graph":[{"@type":"WebPage","@id":"https:\/\/chromeclair.com\/product\/cat-eye-gel-polish-hema-free-and-tpo-free-ce04\/","url":"https:\/\/chromeclair.com\/product\/cat-eye-gel-polish-hema-free-and-tpo-free-ce04\/","name":"Esmalte de Gel Magn\u00e9tico sin HEMA Ojos de Gato 17ml - Esmalte de u\u00f1as profesional, vegano, libre de crueldad - CHROM\u00c9CLAIR","isPartOf":{"@id":"https:\/\/chromeclair.com\/#website"},"primaryImageOfPage":{"@id":"https:\/\/chromeclair.com\/product\/cat-eye-gel-polish-hema-free-and-tpo-free-ce04\/#primaryimage"},"image":{"@id":"https:\/\/chromeclair.com\/product\/cat-eye-gel-polish-hema-free-and-tpo-free-ce04\/#primaryimage"},"thumbnailUrl":"https:\/\/chromeclair.com\/wp-content\/uploads\/2025\/08\/CE-04.jpg","datePublished":"2025-08-23T07:57:57+00:00","dateModified":"2026-04-16T01:54:19+00:00","description":"Creado para t\u00e9cnicos de u\u00f1as: un gel para ojos de gato sin HEMA de 17 ml y calidad profesional. Su potente tracci\u00f3n magn\u00e9tica crea l\u00edneas n\u00edtidas y definidas r\u00e1pidamente, maximizando su eficiencia. El tama\u00f1o grande ofrece un gran valor para su sal\u00f3n.","breadcrumb":{"@id":"https:\/\/chromeclair.com\/product\/cat-eye-gel-polish-hema-free-and-tpo-free-ce04\/#breadcrumb"},"inLanguage":"es","potentialAction":[{"@type":"ReadAction","target":["https:\/\/chromeclair.com\/product\/cat-eye-gel-polish-hema-free-and-tpo-free-ce04\/"]}]},{"@type":"ImageObject","inLanguage":"es","@id":"https:\/\/chromeclair.com\/product\/cat-eye-gel-polish-hema-free-and-tpo-free-ce04\/#primaryimage","url":"https:\/\/chromeclair.com\/wp-content\/uploads\/2025\/08\/CE-04.jpg","contentUrl":"https:\/\/chromeclair.com\/wp-content\/uploads\/2025\/08\/CE-04.jpg","width":800,"height":800,"caption":"Cat eye gel polish CE-04 CHROM\u00c9CLAIR"},{"@type":"BreadcrumbList","@id":"https:\/\/chromeclair.com\/product\/cat-eye-gel-polish-hema-free-and-tpo-free-ce04\/#breadcrumb","itemListElement":[{"@type":"ListItem","position":1,"name":"Home","item":"https:\/\/chromeclair.com\/"},{"@type":"ListItem","position":2,"name":"Shop","item":"https:\/\/chromeclair.com\/shop\/"},{"@type":"ListItem","position":3,"name":"Cat Eye Gel Polish HEMA-Free and TPO-Free CE04"}]},{"@type":"WebSite","@id":"https:\/\/chromeclair.com\/#website","url":"https:\/\/chromeclair.com\/","name":"Esmalte de u\u00f1as en gel Cat Eye \u2013 Sin HEMA ni TPO","description":"Mientras que otros se centran en ofrecer m\u00e1s colores, nosotros nos centramos en ofrecer ingredientes m\u00e1s seguros.","publisher":{"@id":"https:\/\/chromeclair.com\/#organization"},"potentialAction":[{"@type":"SearchAction","target":{"@type":"EntryPoint","urlTemplate":"https:\/\/chromeclair.com\/?s={search_term_string}"},"query-input":{"@type":"PropertyValueSpecification","valueRequired":true,"valueName":"search_term_string"}}],"inLanguage":"es"},{"@type":"Organization","@id":"https:\/\/chromeclair.com\/#organization","name":"Esmalte de u\u00f1as en gel Cat Eye \u2013 Sin HEMA ni TPO","url":"https:\/\/chromeclair.com\/","logo":{"@type":"ImageObject","inLanguage":"es","@id":"https:\/\/chromeclair.com\/#\/schema\/logo\/image\/","url":"https:\/\/chromeclair.com\/wp-content\/uploads\/2025\/06\/cropped-CHROMECLAIR-Logo-scaled-1.png","contentUrl":"https:\/\/chromeclair.com\/wp-content\/uploads\/2025\/06\/cropped-CHROMECLAIR-Logo-scaled-1.png","width":2151,"height":429,"caption":"Cat Eye Gel Polish \u2013 HEMA-Free \uff06 TPO-Free"},"image":{"@id":"https:\/\/chromeclair.com\/#\/schema\/logo\/image\/"}}]}},"_links":{"self":[{"href":"https:\/\/chromeclair.com\/es\/wp-json\/wp\/v2\/product\/8534","targetHints":{"allow":["GET"]}}],"collection":[{"href":"https:\/\/chromeclair.com\/es\/wp-json\/wp\/v2\/product"}],"about":[{"href":"https:\/\/chromeclair.com\/es\/wp-json\/wp\/v2\/types\/product"}],"replies":[{"embeddable":true,"href":"https:\/\/chromeclair.com\/es\/wp-json\/wp\/v2\/comments?post=8534"}],"wp:featuredmedia":[{"embeddable":true,"href":"https:\/\/chromeclair.com\/es\/wp-json\/wp\/v2\/media\/8535"}],"wp:attachment":[{"href":"https:\/\/chromeclair.com\/es\/wp-json\/wp\/v2\/media?parent=8534"}],"wp:term":[{"taxonomy":"product_brand","embeddable":true,"href":"https:\/\/chromeclair.com\/es\/wp-json\/wp\/v2\/product_brand?post=8534"},{"taxonomy":"product_cat","embeddable":true,"href":"https:\/\/chromeclair.com\/es\/wp-json\/wp\/v2\/product_cat?post=8534"},{"taxonomy":"product_tag","embeddable":true,"href":"https:\/\/chromeclair.com\/es\/wp-json\/wp\/v2\/product_tag?post=8534"}],"curies":[{"name":"wp","href":"https:\/\/api.w.org\/{rel}","templated":true}]}}