{"id":8993,"date":"2025-09-05T07:42:22","date_gmt":"2025-09-05T07:42:22","guid":{"rendered":"https:\/\/chromeclair.com\/?post_type=product&#038;p=8993"},"modified":"2026-04-13T06:01:25","modified_gmt":"2026-04-13T06:01:25","slug":"10ml-cat-eye-gel-polish-ce02","status":"publish","type":"product","link":"https:\/\/chromeclair.com\/es\/product\/10ml-cat-eye-gel-polish-ce02\/","title":{"rendered":"10ML Esmalte en gel para ojos de gato sin HEMA ni TPO CE02"},"content":{"rendered":"<p><strong>\ud83c\udf1f M\u00e1s all\u00e1 de HEMA-Free: Por qu\u00e9 ser TPO-Free es importante. \ud83c\udf1f<\/strong><br>Ya ha o\u00eddo hablar de HEMA-Free, pero la pr\u00f3xima frontera en u\u00f1as de gel seguras es\u00a0<strong>Sin TPO<\/strong>. El fosfato de trifenilo (TPO) es un plastificante utilizado a menudo en los esmaltes en gel que ha suscitado preocupaci\u00f3n por la salud. Hemos eliminado ambos. Nuestro gel Cat Eye de 10 ml no s\u00f3lo es m\u00e1s seguro; es una promesa de pureza. Sum\u00e9rgete en un espectro de colores vibrantes y un impresionante efecto magn\u00e9tico, todo ello respaldado por nuestro compromiso con la transparencia y tu bienestar. Esto es nail art, evolucionado.<\/p>\n\n\n\n<p><strong>\u00a0<strong>\ud83c\udf1f <\/strong>PRINCIPALES VENTAJAS:<\/strong><\/p>\n\n\n\n<ul class=\"wp-block-list\">\n<li><strong>\u00a0M\u00c1XIMA PROTECCI\u00d3N CONTRA LAS ALERGIAS:<\/strong>\u00a0Nuestra f\u00f3rmula sin HEMA ni TPO reduce dr\u00e1sticamente el riesgo de reacciones adversas, lo que la convierte en la elecci\u00f3n de confianza para t\u00e9cnicos de u\u00f1as y clientes sensibles.<\/li>\n\n\n\n<li><strong>\u00a0EFECTO MAGN\u00c9TICO 3D INTENSO:<\/strong>\u00a0Dise\u00f1ado con una alta concentraci\u00f3n de \u00f3xido de hierro, nuestro esmalte responde instant\u00e1neamente al im\u00e1n, creando un efecto cat eye n\u00edtido, profundo y espectacular que perdura.<\/li>\n\n\n\n<li><strong>\u00a0TAMA\u00d1O PROFESIONAL DE 10 ML:<\/strong>\u00a0El tama\u00f1o perfecto tanto para los profesionales del sal\u00f3n como para los aficionados al bricolaje. Ofrece una excelente relaci\u00f3n calidad-precio y es ideal para dominar intrincados dise\u00f1os de nail art.<\/li>\n\n\n\n<li><strong>\u00a0ACABADO DE ALTO BRILLO, RESISTENTE AL DESCONCHADO:<\/strong>\u00a0Se endurece con un brillo de espejo impecable, que resiste el desconchado, los ara\u00f1azos y la decoloraci\u00f3n hasta 3 semanas de uso.<\/li>\n\n\n\n<li><strong>\u00a0VEGANO Y SIN CRUELDAD:<\/strong>\u00a0Certificado por PETA. Nunca realizamos pruebas en animales y nuestros productos no contienen ingredientes de origen animal.<br><strong>PERFECTO PARA:<\/strong>\u00a0Salones profesionales, personas con alergias al gel, piel sensible y cualquiera que priorice la belleza limpia sin sacrificar el rendimiento.<\/li>\n<\/ul>","protected":false},"excerpt":{"rendered":"<p>Requiere el uso de una l\u00e1mpara UV o LED<\/p>","protected":false},"featured_media":10425,"comment_status":"open","ping_status":"closed","template":"","meta":[],"product_brand":[162],"product_cat":[209],"product_tag":[],"class_list":{"0":"post-8993","1":"product","2":"type-product","3":"status-publish","4":"has-post-thumbnail","6":"product_brand-chromeclair","7":"product_cat-cat-eye-gel-polish-10ml","9":"first","10":"instock","11":"shipping-taxable","12":"purchasable","13":"product-type-simple"},"yoast_head":"<!-- This site is optimized with the Yoast SEO plugin v27.4 - https:\/\/yoast.com\/product\/yoast-seo-wordpress\/ -->\n<title>Professional HEMA\/TPO Free Cat Eye Gel 10ml - For Salons &amp; Sensitive Clients, Strong Magnetic Pull - CHROM\u00c9CLAIR<\/title>\n<meta name=\"description\" content=\"Salon-professional cat eye gel polish that&#039;s safe for everyone. HEMA &amp; TPO Free formula prevents allergic reactions. 10ml size for pros. Achieve a fast, intense magnetic effect every time. Browse colors.\" \/>\n<meta name=\"robots\" content=\"index, follow, max-snippet:-1, max-image-preview:large, max-video-preview:-1\" \/>\n<link rel=\"canonical\" href=\"https:\/\/chromeclair.com\/es\/producto\/10ml-cat-eye-gel-polish-ce02\/\" \/>\n<meta property=\"og:locale\" content=\"es_ES\" \/>\n<meta property=\"og:type\" content=\"article\" \/>\n<meta property=\"og:title\" content=\"Professional HEMA\/TPO Free Cat Eye Gel 10ml - For Salons &amp; Sensitive Clients, Strong Magnetic Pull - CHROM\u00c9CLAIR\" \/>\n<meta property=\"og:description\" content=\"Salon-professional cat eye gel polish that&#039;s safe for everyone. HEMA &amp; TPO Free formula prevents allergic reactions. 10ml size for pros. Achieve a fast, intense magnetic effect every time. Browse colors.\" \/>\n<meta property=\"og:url\" content=\"https:\/\/chromeclair.com\/es\/producto\/10ml-cat-eye-gel-polish-ce02\/\" \/>\n<meta property=\"og:site_name\" content=\"Cat Eye Gel Polish \u2013 HEMA-Free \uff06 TPO-Free\" \/>\n<meta property=\"article:modified_time\" content=\"2026-04-13T06:01:25+00:00\" \/>\n<meta property=\"og:image\" content=\"https:\/\/chromeclair.com\/wp-content\/uploads\/2025\/09\/CE-2.webp\" \/>\n\t<meta property=\"og:image:width\" content=\"1000\" \/>\n\t<meta property=\"og:image:height\" content=\"1000\" \/>\n\t<meta property=\"og:image:type\" content=\"image\/webp\" \/>\n<meta name=\"twitter:card\" content=\"summary_large_image\" \/>\n<meta name=\"twitter:label1\" content=\"Tiempo de lectura\" \/>\n\t<meta name=\"twitter:data1\" content=\"1 minuto\" \/>\n<script type=\"application\/ld+json\" class=\"yoast-schema-graph\">{\"@context\":\"https:\\\/\\\/schema.org\",\"@graph\":[{\"@type\":\"WebPage\",\"@id\":\"https:\\\/\\\/chromeclair.com\\\/product\\\/10ml-cat-eye-gel-polish-ce02\\\/\",\"url\":\"https:\\\/\\\/chromeclair.com\\\/product\\\/10ml-cat-eye-gel-polish-ce02\\\/\",\"name\":\"Professional HEMA\\\/TPO Free Cat Eye Gel 10ml - For Salons & Sensitive Clients, Strong Magnetic Pull - CHROM\u00c9CLAIR\",\"isPartOf\":{\"@id\":\"https:\\\/\\\/chromeclair.com\\\/#website\"},\"primaryImageOfPage\":{\"@id\":\"https:\\\/\\\/chromeclair.com\\\/product\\\/10ml-cat-eye-gel-polish-ce02\\\/#primaryimage\"},\"image\":{\"@id\":\"https:\\\/\\\/chromeclair.com\\\/product\\\/10ml-cat-eye-gel-polish-ce02\\\/#primaryimage\"},\"thumbnailUrl\":\"https:\\\/\\\/chromeclair.com\\\/wp-content\\\/uploads\\\/2025\\\/09\\\/CE-2.webp\",\"datePublished\":\"2025-09-05T07:42:22+00:00\",\"dateModified\":\"2026-04-13T06:01:25+00:00\",\"description\":\"Salon-professional cat eye gel polish that's safe for everyone. HEMA & TPO Free formula prevents allergic reactions. 10ml size for pros. Achieve a fast, intense magnetic effect every time. Browse colors.\",\"breadcrumb\":{\"@id\":\"https:\\\/\\\/chromeclair.com\\\/product\\\/10ml-cat-eye-gel-polish-ce02\\\/#breadcrumb\"},\"inLanguage\":\"es\",\"potentialAction\":[{\"@type\":\"ReadAction\",\"target\":[\"https:\\\/\\\/chromeclair.com\\\/product\\\/10ml-cat-eye-gel-polish-ce02\\\/\"]}]},{\"@type\":\"ImageObject\",\"inLanguage\":\"es\",\"@id\":\"https:\\\/\\\/chromeclair.com\\\/product\\\/10ml-cat-eye-gel-polish-ce02\\\/#primaryimage\",\"url\":\"https:\\\/\\\/chromeclair.com\\\/wp-content\\\/uploads\\\/2025\\\/09\\\/CE-2.webp\",\"contentUrl\":\"https:\\\/\\\/chromeclair.com\\\/wp-content\\\/uploads\\\/2025\\\/09\\\/CE-2.webp\",\"width\":1000,\"height\":1000,\"caption\":\"Hema-Free Tpo-Free Cat Eye Gel Polish CE02 10ml CHROM\u00c9CLAIR\"},{\"@type\":\"BreadcrumbList\",\"@id\":\"https:\\\/\\\/chromeclair.com\\\/product\\\/10ml-cat-eye-gel-polish-ce02\\\/#breadcrumb\",\"itemListElement\":[{\"@type\":\"ListItem\",\"position\":1,\"name\":\"Home\",\"item\":\"https:\\\/\\\/chromeclair.com\\\/\"},{\"@type\":\"ListItem\",\"position\":2,\"name\":\"Shop\",\"item\":\"https:\\\/\\\/chromeclair.com\\\/shop\\\/\"},{\"@type\":\"ListItem\",\"position\":3,\"name\":\"10ML Cat Eye Gel Polish HEMA-Free and TPO-Free CE02\"}]},{\"@type\":\"WebSite\",\"@id\":\"https:\\\/\\\/chromeclair.com\\\/#website\",\"url\":\"https:\\\/\\\/chromeclair.com\\\/\",\"name\":\"Cat Eye Gel Polish \u2013 HEMA-Free \uff06 TPO-Free\",\"description\":\"While others focus on having more colors, we focus on having safer ingredients.\",\"publisher\":{\"@id\":\"https:\\\/\\\/chromeclair.com\\\/#organization\"},\"potentialAction\":[{\"@type\":\"SearchAction\",\"target\":{\"@type\":\"EntryPoint\",\"urlTemplate\":\"https:\\\/\\\/chromeclair.com\\\/?s={search_term_string}\"},\"query-input\":{\"@type\":\"PropertyValueSpecification\",\"valueRequired\":true,\"valueName\":\"search_term_string\"}}],\"inLanguage\":\"es\"},{\"@type\":\"Organization\",\"@id\":\"https:\\\/\\\/chromeclair.com\\\/#organization\",\"name\":\"Cat Eye Gel Polish \u2013 HEMA-Free \uff06 TPO-Free\",\"url\":\"https:\\\/\\\/chromeclair.com\\\/\",\"logo\":{\"@type\":\"ImageObject\",\"inLanguage\":\"es\",\"@id\":\"https:\\\/\\\/chromeclair.com\\\/#\\\/schema\\\/logo\\\/image\\\/\",\"url\":\"https:\\\/\\\/chromeclair.com\\\/wp-content\\\/uploads\\\/2025\\\/06\\\/cropped-CHROMECLAIR-Logo-scaled-1.png\",\"contentUrl\":\"https:\\\/\\\/chromeclair.com\\\/wp-content\\\/uploads\\\/2025\\\/06\\\/cropped-CHROMECLAIR-Logo-scaled-1.png\",\"width\":2151,\"height\":429,\"caption\":\"Cat Eye Gel Polish \u2013 HEMA-Free \uff06 TPO-Free\"},\"image\":{\"@id\":\"https:\\\/\\\/chromeclair.com\\\/#\\\/schema\\\/logo\\\/image\\\/\"}}]}<\/script>\n<!-- \/ Yoast SEO plugin. -->","yoast_head_json":{"title":"Gel profesional para ojos de gato sin HEMA\/TPO 10ml - Para salones y clientes sensibles, fuerte atracci\u00f3n magn\u00e9tica - CHROM\u00c9CLAIR","description":"Esmalte en gel profesional para ojos de gato seguro para todo el mundo. Su f\u00f3rmula sin HEMA ni TPO previene las reacciones al\u00e9rgicas. Tama\u00f1o de 10 ml para profesionales. Consigue un efecto magn\u00e9tico r\u00e1pido e intenso en todo momento. Ver colores.","robots":{"index":"index","follow":"follow","max-snippet":"max-snippet:-1","max-image-preview":"max-image-preview:large","max-video-preview":"max-video-preview:-1"},"canonical":"https:\/\/chromeclair.com\/es\/producto\/10ml-cat-eye-gel-polish-ce02\/","og_locale":"es_ES","og_type":"article","og_title":"Professional HEMA\/TPO Free Cat Eye Gel 10ml - For Salons & Sensitive Clients, Strong Magnetic Pull - CHROM\u00c9CLAIR","og_description":"Salon-professional cat eye gel polish that's safe for everyone. HEMA & TPO Free formula prevents allergic reactions. 10ml size for pros. Achieve a fast, intense magnetic effect every time. Browse colors.","og_url":"https:\/\/chromeclair.com\/es\/producto\/10ml-cat-eye-gel-polish-ce02\/","og_site_name":"Cat Eye Gel Polish \u2013 HEMA-Free \uff06 TPO-Free","article_modified_time":"2026-04-13T06:01:25+00:00","og_image":[{"width":1000,"height":1000,"url":"https:\/\/chromeclair.com\/wp-content\/uploads\/2025\/09\/CE-2.webp","type":"image\/webp"}],"twitter_card":"summary_large_image","twitter_misc":{"Tiempo de lectura":"1 minuto"},"schema":{"@context":"https:\/\/schema.org","@graph":[{"@type":"WebPage","@id":"https:\/\/chromeclair.com\/product\/10ml-cat-eye-gel-polish-ce02\/","url":"https:\/\/chromeclair.com\/product\/10ml-cat-eye-gel-polish-ce02\/","name":"Gel profesional para ojos de gato sin HEMA\/TPO 10ml - Para salones y clientes sensibles, fuerte atracci\u00f3n magn\u00e9tica - CHROM\u00c9CLAIR","isPartOf":{"@id":"https:\/\/chromeclair.com\/#website"},"primaryImageOfPage":{"@id":"https:\/\/chromeclair.com\/product\/10ml-cat-eye-gel-polish-ce02\/#primaryimage"},"image":{"@id":"https:\/\/chromeclair.com\/product\/10ml-cat-eye-gel-polish-ce02\/#primaryimage"},"thumbnailUrl":"https:\/\/chromeclair.com\/wp-content\/uploads\/2025\/09\/CE-2.webp","datePublished":"2025-09-05T07:42:22+00:00","dateModified":"2026-04-13T06:01:25+00:00","description":"Esmalte en gel profesional para ojos de gato seguro para todo el mundo. Su f\u00f3rmula sin HEMA ni TPO previene las reacciones al\u00e9rgicas. Tama\u00f1o de 10 ml para profesionales. Consigue un efecto magn\u00e9tico r\u00e1pido e intenso en todo momento. Ver colores.","breadcrumb":{"@id":"https:\/\/chromeclair.com\/product\/10ml-cat-eye-gel-polish-ce02\/#breadcrumb"},"inLanguage":"es","potentialAction":[{"@type":"ReadAction","target":["https:\/\/chromeclair.com\/product\/10ml-cat-eye-gel-polish-ce02\/"]}]},{"@type":"ImageObject","inLanguage":"es","@id":"https:\/\/chromeclair.com\/product\/10ml-cat-eye-gel-polish-ce02\/#primaryimage","url":"https:\/\/chromeclair.com\/wp-content\/uploads\/2025\/09\/CE-2.webp","contentUrl":"https:\/\/chromeclair.com\/wp-content\/uploads\/2025\/09\/CE-2.webp","width":1000,"height":1000,"caption":"Hema-Free Tpo-Free Cat Eye Gel Polish CE02 10ml CHROM\u00c9CLAIR"},{"@type":"BreadcrumbList","@id":"https:\/\/chromeclair.com\/product\/10ml-cat-eye-gel-polish-ce02\/#breadcrumb","itemListElement":[{"@type":"ListItem","position":1,"name":"Home","item":"https:\/\/chromeclair.com\/"},{"@type":"ListItem","position":2,"name":"Shop","item":"https:\/\/chromeclair.com\/shop\/"},{"@type":"ListItem","position":3,"name":"10ML Cat Eye Gel Polish HEMA-Free and TPO-Free CE02"}]},{"@type":"WebSite","@id":"https:\/\/chromeclair.com\/#website","url":"https:\/\/chromeclair.com\/","name":"Esmalte de u\u00f1as en gel Cat Eye \u2013 Sin HEMA ni TPO","description":"Mientras que otros se centran en ofrecer m\u00e1s colores, nosotros nos centramos en ofrecer ingredientes m\u00e1s seguros.","publisher":{"@id":"https:\/\/chromeclair.com\/#organization"},"potentialAction":[{"@type":"SearchAction","target":{"@type":"EntryPoint","urlTemplate":"https:\/\/chromeclair.com\/?s={search_term_string}"},"query-input":{"@type":"PropertyValueSpecification","valueRequired":true,"valueName":"search_term_string"}}],"inLanguage":"es"},{"@type":"Organization","@id":"https:\/\/chromeclair.com\/#organization","name":"Esmalte de u\u00f1as en gel Cat Eye \u2013 Sin HEMA ni TPO","url":"https:\/\/chromeclair.com\/","logo":{"@type":"ImageObject","inLanguage":"es","@id":"https:\/\/chromeclair.com\/#\/schema\/logo\/image\/","url":"https:\/\/chromeclair.com\/wp-content\/uploads\/2025\/06\/cropped-CHROMECLAIR-Logo-scaled-1.png","contentUrl":"https:\/\/chromeclair.com\/wp-content\/uploads\/2025\/06\/cropped-CHROMECLAIR-Logo-scaled-1.png","width":2151,"height":429,"caption":"Cat Eye Gel Polish \u2013 HEMA-Free \uff06 TPO-Free"},"image":{"@id":"https:\/\/chromeclair.com\/#\/schema\/logo\/image\/"}}]}},"_links":{"self":[{"href":"https:\/\/chromeclair.com\/es\/wp-json\/wp\/v2\/product\/8993","targetHints":{"allow":["GET"]}}],"collection":[{"href":"https:\/\/chromeclair.com\/es\/wp-json\/wp\/v2\/product"}],"about":[{"href":"https:\/\/chromeclair.com\/es\/wp-json\/wp\/v2\/types\/product"}],"replies":[{"embeddable":true,"href":"https:\/\/chromeclair.com\/es\/wp-json\/wp\/v2\/comments?post=8993"}],"wp:featuredmedia":[{"embeddable":true,"href":"https:\/\/chromeclair.com\/es\/wp-json\/wp\/v2\/media\/10425"}],"wp:attachment":[{"href":"https:\/\/chromeclair.com\/es\/wp-json\/wp\/v2\/media?parent=8993"}],"wp:term":[{"taxonomy":"product_brand","embeddable":true,"href":"https:\/\/chromeclair.com\/es\/wp-json\/wp\/v2\/product_brand?post=8993"},{"taxonomy":"product_cat","embeddable":true,"href":"https:\/\/chromeclair.com\/es\/wp-json\/wp\/v2\/product_cat?post=8993"},{"taxonomy":"product_tag","embeddable":true,"href":"https:\/\/chromeclair.com\/es\/wp-json\/wp\/v2\/product_tag?post=8993"}],"curies":[{"name":"wp","href":"https:\/\/api.w.org\/{rel}","templated":true}]}}