{"id":7093,"date":"2025-06-04T09:32:00","date_gmt":"2025-06-04T09:32:00","guid":{"rendered":"https:\/\/chromeclair.com\/?page_id=7093"},"modified":"2026-01-21T07:38:30","modified_gmt":"2026-01-21T07:38:30","slug":"about-us","status":"publish","type":"page","link":"https:\/\/chromeclair.com\/fr\/a-propos-de-nous\/","title":{"rendered":"A propos de nous"},"content":{"rendered":"<figure class=\"wp-block-embed is-type-video is-provider-youtube wp-block-embed-youtube wp-embed-aspect-16-9 wp-has-aspect-ratio\"><div class=\"wp-block-embed__wrapper\">\n<div class=\"video-container\"><iframe title=\"\ud83d\udd2cIl vous permet de mieux nous conna\u00eetre. WEB\uff1ahttps:\/\/chromeclair.com\/\" width=\"563\" height=\"1000\" src=\"https:\/\/www.youtube.com\/embed\/SXO9GWrkvtE?feature=oembed\" frameborder=\"0\" allow=\"accelerometer; autoplay; clipboard-write; encrypted-media; gyroscope; picture-in-picture; web-share\" referrerpolicy=\"strict-origin-when-cross-origin\" allowfullscreen><\/iframe><\/div>\n<\/div><\/figure>\n\n\n\n<p>Derri\u00e8re le monde \u00e9blouissant du nail art se cache une histoire que peu de gens connaissent.<br>Depuis 1996, \u00e0 Changyi, en Chine, une entreprise de biochimie nomm\u00e9e <strong>Longchang<\/strong> ont entrepris une exploration approfondie et discr\u00e8te de la \u201c beaut\u00e9 \u201d. Pendant pr\u00e8s de trois d\u00e9cennies, leurs laboratoires n'ont connu aucune couleur vive, seulement une qu\u00eate incessante de la perfection au niveau mol\u00e9culaire. Ils ont fourni des ingr\u00e9dients de base s\u00fbrs et stables \u00e0 des marques mondiales de premier plan, prot\u00e9geant la beaut\u00e9 au bout des doigts dans le monde entier sans jamais se mettre en avant.<\/p>\n\n\n\n<p>En 2024, un nouveau r\u00eave est n\u00e9...<strong>CHROMA GROUP LIMITED<\/strong>.<br>Nous nous sommes demand\u00e9 : <em>Pourquoi ne pas transformer pr\u00e8s de trente ans d'expertise en biotechnologie en produits exceptionnels que tous les amateurs de beaut\u00e9 peuvent utiliser en toute confiance ?<\/em><\/p>\n\n\n\n<p>Et donc, <strong>Vernis gel UV CHROM\u00c9CLAIR<\/strong> a pris vie.<\/p>\n\n\n\n<p>Nous croyons que le v\u00e9ritable luxe est une beaut\u00e9 sans compromis. Alors qu'une grande partie de l'industrie continue de s'appuyer sur des ingr\u00e9dients potentiellement sensibilisants tels que <strong>TPO<\/strong> et <strong>HEMA<\/strong>, notre \u00e9quipe de R&amp;D s'est inspir\u00e9e de milliers de formulations d\u00e9velopp\u00e9es chez Longchang et s'est mise en t\u00eate de d\u00e9clencher une <strong>\u201c r\u00e9volution des ingr\u00e9dients sains \u201d.\u201d<\/strong><br>C'\u00e9tait une ascension difficile, mais nous avons toujours pens\u00e9 que la s\u00e9curit\u00e9 \u00e9tait la base de la beaut\u00e9.<\/p>\n\n\n\n<p>Aujourd'hui, nous sommes fiers d'annoncer que la nouvelle formule de CHROM\u00c9CLAIR r\u00e9pond \u00e0 nos <strong>\u201cPromesse \u201d doublement sans \u00bb : sans TPO et sans HEMA.<\/strong><br>Il ne s'agit pas seulement de supprimer certains ingr\u00e9dients, mais de red\u00e9finir compl\u00e8tement ce que peut \u00eatre la beaut\u00e9 des ongles sains.<br>Cela signifie moins de risques de sensibilisation.<br>Cela signifie une performance de couleur et une brillance dignes d'un salon, associ\u00e9es \u00e0 une douceur et une tranquillit\u00e9 d'esprit in\u00e9gal\u00e9es.<\/p>\n\n\n\n<p><strong>CHROM\u00c9CLAIR<\/strong> signifie \u201c clair, couleur \u00e9clatante, couleur vive \u201d.\u201d<br>Cette lampe b\u00e9n\u00e9ficie des 29 ann\u00e9es d'expertise scientifique de Longchang et de notre engagement \u00e0 permettre \u00e0 chaque utilisateur de briller en toute confiance.<\/p>\n\n\n\n<p>Nous ne sommes pas seulement une nouvelle marque. Nous sommes les h\u00e9ritiers et les innovateurs d'un savoir-faire vieux de plusieurs d\u00e9cennies.<br>Nous vous invitons \u00e0 d\u00e9couvrir cette tranquillit\u00e9 d'esprit depuis 1996.<\/p>\n\n\n\n<p><strong>\u201c Vous ne choisissez pas simplement un flacon de vernis gel, vous choisissez une nouvelle norme pour des ongles sains. Alors que d'autres utilisent encore des formules datant de plusieurs d\u00e9cennies, nous sommes d\u00e9j\u00e0 pass\u00e9s \u00e0 la g\u00e9n\u00e9ration suivante. \u201d<\/strong><\/p>\n\n\n\n<p><strong><em>Nous venons du c\u00f4t\u00e9 de la formulation - nous ne nous contentons pas de revendre des vernis en gel. <\/em><em>Nous travaillons depuis des ann\u00e9es avec des syst\u00e8mes de s\u00e9chage UV, et nous savons donc ce qui compte vraiment \u00e0 l'int\u00e9rieur de la bouteille.<\/em><\/strong><\/p>\n\n\n\n<p><strong>Cette formule n'a pas \u00e9t\u00e9 adapt\u00e9e par la suite. <\/strong><strong>Il a \u00e9t\u00e9 con\u00e7u d\u00e8s le d\u00e9part pour r\u00e9pondre aux normes de s\u00e9curit\u00e9 europ\u00e9ennes les plus strictes. Pour nous, la s\u00e9curit\u00e9 n'\u00e9tait pas une r\u00e9flexion apr\u00e8s coup, c'\u00e9tait le point de d\u00e9part.<\/strong><\/p>\n\n\n\n<figure class=\"wp-block-image size-large\"><img fetchpriority=\"high\" decoding=\"async\" width=\"1024\" height=\"683\" src=\"https:\/\/chromeclair.com\/wp-content\/uploads\/2025\/12\/CHROMECLAIR-factory-1024x683.webp\" alt=\"\" class=\"wp-image-10530\" srcset=\"https:\/\/chromeclair.com\/wp-content\/uploads\/2025\/12\/CHROMECLAIR-factory-1024x683.webp 1024w, https:\/\/chromeclair.com\/wp-content\/uploads\/2025\/12\/CHROMECLAIR-factory-300x200.webp 300w, https:\/\/chromeclair.com\/wp-content\/uploads\/2025\/12\/CHROMECLAIR-factory-768x512.webp 768w, https:\/\/chromeclair.com\/wp-content\/uploads\/2025\/12\/CHROMECLAIR-factory-1536x1024.webp 1536w, https:\/\/chromeclair.com\/wp-content\/uploads\/2025\/12\/CHROMECLAIR-factory-2048x1365.webp 2048w, https:\/\/chromeclair.com\/wp-content\/uploads\/2025\/12\/CHROMECLAIR-factory-18x12.webp 18w, https:\/\/chromeclair.com\/wp-content\/uploads\/2025\/12\/CHROMECLAIR-factory-990x660.webp 990w, https:\/\/chromeclair.com\/wp-content\/uploads\/2025\/12\/CHROMECLAIR-factory-441x294.webp 441w, https:\/\/chromeclair.com\/wp-content\/uploads\/2025\/12\/CHROMECLAIR-factory-800x533.webp 800w, https:\/\/chromeclair.com\/wp-content\/uploads\/2025\/12\/CHROMECLAIR-factory-150x100.webp 150w\" sizes=\"(max-width: 1024px) 100vw, 1024px\" \/><\/figure>\n\n\n\n<p><strong>Changyi Longchang Bio-chemical Co., Ltd.<\/strong><\/p>\n\n\n\n<p>Zone de d\u00e9veloppement de Shibu, ville de Changyi, ville de Weifang, province du Shandong.<\/p>\n\n\n\n<p><strong>Shandong Changhong Chemical Co. Ltd.<\/strong><\/p>\n\n\n\n<p>2411, Building 3, Aosheng Building, High-tech Zone, Jinan City, Shandong Province.<\/p>\n\n\n\n<p><strong>CHROMA GROUP LIMITED<\/strong><\/p>\n\n\n\n<p>APPARTEMENT 2304, 23\/F HO KING, COMM<\/p>\n\n\n\n<p>CENTRE, 2-16 FA YUEN STREET,<\/p>\n\n\n\n<p>MONG KOK<\/p>\n\n\n\n<p>HONG KONG<\/p>","protected":false},"excerpt":{"rendered":"<p>Derri\u00e8re le monde \u00e9blouissant du nail art se cache une histoire que peu de gens connaissent. Depuis 1996, \u00e0 Changyi, en Chine, une entreprise de biochimie nomm\u00e9e Longchang s'est lanc\u00e9e dans une exploration approfondie et discr\u00e8te de la \u201c beaut\u00e9 \u201d. Pendant pr\u00e8s de trois d\u00e9cennies, ses laboratoires n'ont pas vu de couleurs vives, mais seulement une qu\u00eate incessante de la perfection au niveau mol\u00e9culaire. Elle a fourni des produits s\u00fbrs et stables [\u2026]<\/p>","protected":false},"author":1,"featured_media":0,"parent":0,"menu_order":0,"comment_status":"closed","ping_status":"closed","template":"","meta":{"footnotes":""},"class_list":["post-7093","page","type-page","status-publish","hentry"],"yoast_head":"<!-- This site is optimized with the Yoast SEO plugin v26.4 - https:\/\/yoast.com\/wordpress\/plugins\/seo\/ -->\n<title>About us - Cat Eye Gel Polish \u2013 HEMA-Free \uff06 TPO-Free<\/title>\n<meta name=\"robots\" content=\"index, follow, max-snippet:-1, max-image-preview:large, max-video-preview:-1\" \/>\n<link rel=\"canonical\" href=\"https:\/\/chromeclair.com\/fr\/a-propos-de-nous\/\" \/>\n<meta property=\"og:locale\" content=\"fr_FR\" \/>\n<meta property=\"og:type\" content=\"article\" \/>\n<meta property=\"og:title\" content=\"About us - Cat Eye Gel Polish \u2013 HEMA-Free \uff06 TPO-Free\" \/>\n<meta property=\"og:description\" content=\"Behind the dazzling world of nail art lies a story few have ever heard.Since 1996, in Changyi, China, a biochemical company named Longchang began a deep and quiet exploration of \u201cbeauty.\u201d For nearly three decades, their laboratories held no vibrant colors\u2014only a relentless pursuit of perfection at the molecular level. They supplied safe, stable core [&hellip;]\" \/>\n<meta property=\"og:url\" content=\"https:\/\/chromeclair.com\/fr\/a-propos-de-nous\/\" \/>\n<meta property=\"og:site_name\" content=\"Cat Eye Gel Polish \u2013 HEMA-Free \uff06 TPO-Free\" \/>\n<meta property=\"article:modified_time\" content=\"2026-01-21T07:38:30+00:00\" \/>\n<meta property=\"og:image\" content=\"https:\/\/chromeclair.com\/wp-content\/uploads\/2025\/12\/CHROMECLAIR-factory-scaled.webp\" \/>\n\t<meta property=\"og:image:width\" content=\"2560\" \/>\n\t<meta property=\"og:image:height\" content=\"1707\" \/>\n\t<meta property=\"og:image:type\" content=\"image\/webp\" \/>\n<meta name=\"twitter:card\" content=\"summary_large_image\" \/>\n<meta name=\"twitter:label1\" content=\"Dur\u00e9e de lecture estim\u00e9e\" \/>\n\t<meta name=\"twitter:data1\" content=\"3 minutes\" \/>\n<script type=\"application\/ld+json\" class=\"yoast-schema-graph\">{\"@context\":\"https:\/\/schema.org\",\"@graph\":[{\"@type\":\"WebPage\",\"@id\":\"https:\/\/chromeclair.com\/about-us\/\",\"url\":\"https:\/\/chromeclair.com\/about-us\/\",\"name\":\"About us - Cat Eye Gel Polish \u2013 HEMA-Free \uff06 TPO-Free\",\"isPartOf\":{\"@id\":\"https:\/\/chromeclair.com\/#website\"},\"primaryImageOfPage\":{\"@id\":\"https:\/\/chromeclair.com\/about-us\/#primaryimage\"},\"image\":{\"@id\":\"https:\/\/chromeclair.com\/about-us\/#primaryimage\"},\"thumbnailUrl\":\"https:\/\/chromeclair.com\/wp-content\/uploads\/2025\/12\/CHROMECLAIR-factory-1024x683.webp\",\"datePublished\":\"2025-06-04T09:32:00+00:00\",\"dateModified\":\"2026-01-21T07:38:30+00:00\",\"breadcrumb\":{\"@id\":\"https:\/\/chromeclair.com\/about-us\/#breadcrumb\"},\"inLanguage\":\"fr-FR\",\"potentialAction\":[{\"@type\":\"ReadAction\",\"target\":[\"https:\/\/chromeclair.com\/about-us\/\"]}]},{\"@type\":\"ImageObject\",\"inLanguage\":\"fr-FR\",\"@id\":\"https:\/\/chromeclair.com\/about-us\/#primaryimage\",\"url\":\"https:\/\/chromeclair.com\/wp-content\/uploads\/2025\/12\/CHROMECLAIR-factory-1024x683.webp\",\"contentUrl\":\"https:\/\/chromeclair.com\/wp-content\/uploads\/2025\/12\/CHROMECLAIR-factory-1024x683.webp\"},{\"@type\":\"BreadcrumbList\",\"@id\":\"https:\/\/chromeclair.com\/about-us\/#breadcrumb\",\"itemListElement\":[{\"@type\":\"ListItem\",\"position\":1,\"name\":\"Home\",\"item\":\"https:\/\/chromeclair.com\/\"},{\"@type\":\"ListItem\",\"position\":2,\"name\":\"About us\"}]},{\"@type\":\"WebSite\",\"@id\":\"https:\/\/chromeclair.com\/#website\",\"url\":\"https:\/\/chromeclair.com\/\",\"name\":\"Cat Eye Gel Polish \u2013 HEMA-Free \uff06 TPO-Free\",\"description\":\"While others focus on having more colors, we focus on having safer ingredients.\",\"publisher\":{\"@id\":\"https:\/\/chromeclair.com\/#organization\"},\"potentialAction\":[{\"@type\":\"SearchAction\",\"target\":{\"@type\":\"EntryPoint\",\"urlTemplate\":\"https:\/\/chromeclair.com\/?s={search_term_string}\"},\"query-input\":{\"@type\":\"PropertyValueSpecification\",\"valueRequired\":true,\"valueName\":\"search_term_string\"}}],\"inLanguage\":\"fr-FR\"},{\"@type\":\"Organization\",\"@id\":\"https:\/\/chromeclair.com\/#organization\",\"name\":\"Cat Eye Gel Polish \u2013 HEMA-Free \uff06 TPO-Free\",\"url\":\"https:\/\/chromeclair.com\/\",\"logo\":{\"@type\":\"ImageObject\",\"inLanguage\":\"fr-FR\",\"@id\":\"https:\/\/chromeclair.com\/#\/schema\/logo\/image\/\",\"url\":\"https:\/\/chromeclair.com\/wp-content\/uploads\/2025\/06\/cropped-CHROMECLAIR-Logo-scaled-1.png\",\"contentUrl\":\"https:\/\/chromeclair.com\/wp-content\/uploads\/2025\/06\/cropped-CHROMECLAIR-Logo-scaled-1.png\",\"width\":2151,\"height\":429,\"caption\":\"Cat Eye Gel Polish \u2013 HEMA-Free \uff06 TPO-Free\"},\"image\":{\"@id\":\"https:\/\/chromeclair.com\/#\/schema\/logo\/image\/\"}}]}<\/script>\n<!-- \/ Yoast SEO plugin. -->","yoast_head_json":{"title":"A propos de nous - Cat Eye Gel Polish - Sans HEMA \uff06 Sans TPO","robots":{"index":"index","follow":"follow","max-snippet":"max-snippet:-1","max-image-preview":"max-image-preview:large","max-video-preview":"max-video-preview:-1"},"canonical":"https:\/\/chromeclair.com\/fr\/a-propos-de-nous\/","og_locale":"fr_FR","og_type":"article","og_title":"About us - Cat Eye Gel Polish \u2013 HEMA-Free \uff06 TPO-Free","og_description":"Behind the dazzling world of nail art lies a story few have ever heard.Since 1996, in Changyi, China, a biochemical company named Longchang began a deep and quiet exploration of \u201cbeauty.\u201d For nearly three decades, their laboratories held no vibrant colors\u2014only a relentless pursuit of perfection at the molecular level. They supplied safe, stable core [&hellip;]","og_url":"https:\/\/chromeclair.com\/fr\/a-propos-de-nous\/","og_site_name":"Cat Eye Gel Polish \u2013 HEMA-Free \uff06 TPO-Free","article_modified_time":"2026-01-21T07:38:30+00:00","og_image":[{"width":2560,"height":1707,"url":"https:\/\/chromeclair.com\/wp-content\/uploads\/2025\/12\/CHROMECLAIR-factory-scaled.webp","type":"image\/webp"}],"twitter_card":"summary_large_image","twitter_misc":{"Dur\u00e9e de lecture estim\u00e9e":"3 minutes"},"schema":{"@context":"https:\/\/schema.org","@graph":[{"@type":"WebPage","@id":"https:\/\/chromeclair.com\/about-us\/","url":"https:\/\/chromeclair.com\/about-us\/","name":"A propos de nous - Cat Eye Gel Polish - Sans HEMA \uff06 Sans TPO","isPartOf":{"@id":"https:\/\/chromeclair.com\/#website"},"primaryImageOfPage":{"@id":"https:\/\/chromeclair.com\/about-us\/#primaryimage"},"image":{"@id":"https:\/\/chromeclair.com\/about-us\/#primaryimage"},"thumbnailUrl":"https:\/\/chromeclair.com\/wp-content\/uploads\/2025\/12\/CHROMECLAIR-factory-1024x683.webp","datePublished":"2025-06-04T09:32:00+00:00","dateModified":"2026-01-21T07:38:30+00:00","breadcrumb":{"@id":"https:\/\/chromeclair.com\/about-us\/#breadcrumb"},"inLanguage":"fr-FR","potentialAction":[{"@type":"ReadAction","target":["https:\/\/chromeclair.com\/about-us\/"]}]},{"@type":"ImageObject","inLanguage":"fr-FR","@id":"https:\/\/chromeclair.com\/about-us\/#primaryimage","url":"https:\/\/chromeclair.com\/wp-content\/uploads\/2025\/12\/CHROMECLAIR-factory-1024x683.webp","contentUrl":"https:\/\/chromeclair.com\/wp-content\/uploads\/2025\/12\/CHROMECLAIR-factory-1024x683.webp"},{"@type":"BreadcrumbList","@id":"https:\/\/chromeclair.com\/about-us\/#breadcrumb","itemListElement":[{"@type":"ListItem","position":1,"name":"Home","item":"https:\/\/chromeclair.com\/"},{"@type":"ListItem","position":2,"name":"About us"}]},{"@type":"WebSite","@id":"https:\/\/chromeclair.com\/#website","url":"https:\/\/chromeclair.com\/","name":"Vernis gel Cat Eye \u2013 Sans HEMA ni TPO","description":"Alors que d'autres se concentrent sur l'ajout de couleurs, nous nous concentrons sur l'utilisation d'ingr\u00e9dients plus s\u00fbrs.","publisher":{"@id":"https:\/\/chromeclair.com\/#organization"},"potentialAction":[{"@type":"SearchAction","target":{"@type":"EntryPoint","urlTemplate":"https:\/\/chromeclair.com\/?s={search_term_string}"},"query-input":{"@type":"PropertyValueSpecification","valueRequired":true,"valueName":"search_term_string"}}],"inLanguage":"fr-FR"},{"@type":"Organization","@id":"https:\/\/chromeclair.com\/#organization","name":"Vernis gel Cat Eye \u2013 Sans HEMA ni TPO","url":"https:\/\/chromeclair.com\/","logo":{"@type":"ImageObject","inLanguage":"fr-FR","@id":"https:\/\/chromeclair.com\/#\/schema\/logo\/image\/","url":"https:\/\/chromeclair.com\/wp-content\/uploads\/2025\/06\/cropped-CHROMECLAIR-Logo-scaled-1.png","contentUrl":"https:\/\/chromeclair.com\/wp-content\/uploads\/2025\/06\/cropped-CHROMECLAIR-Logo-scaled-1.png","width":2151,"height":429,"caption":"Cat Eye Gel Polish \u2013 HEMA-Free \uff06 TPO-Free"},"image":{"@id":"https:\/\/chromeclair.com\/#\/schema\/logo\/image\/"}}]}},"_links":{"self":[{"href":"https:\/\/chromeclair.com\/fr\/wp-json\/wp\/v2\/pages\/7093","targetHints":{"allow":["GET"]}}],"collection":[{"href":"https:\/\/chromeclair.com\/fr\/wp-json\/wp\/v2\/pages"}],"about":[{"href":"https:\/\/chromeclair.com\/fr\/wp-json\/wp\/v2\/types\/page"}],"author":[{"embeddable":true,"href":"https:\/\/chromeclair.com\/fr\/wp-json\/wp\/v2\/users\/1"}],"replies":[{"embeddable":true,"href":"https:\/\/chromeclair.com\/fr\/wp-json\/wp\/v2\/comments?post=7093"}],"version-history":[{"count":10,"href":"https:\/\/chromeclair.com\/fr\/wp-json\/wp\/v2\/pages\/7093\/revisions"}],"predecessor-version":[{"id":10939,"href":"https:\/\/chromeclair.com\/fr\/wp-json\/wp\/v2\/pages\/7093\/revisions\/10939"}],"wp:attachment":[{"href":"https:\/\/chromeclair.com\/fr\/wp-json\/wp\/v2\/media?parent=7093"}],"curies":[{"name":"wp","href":"https:\/\/api.w.org\/{rel}","templated":true}]}}