{"id":10066,"date":"2025-11-07T02:13:06","date_gmt":"2025-11-07T02:13:06","guid":{"rendered":"https:\/\/chromeclair.com\/?post_type=product&#038;p=10066"},"modified":"2026-04-13T05:55:39","modified_gmt":"2026-04-13T05:55:39","slug":"handheld-uv-nail-lamp","status":"publish","type":"product","link":"https:\/\/chromeclair.com\/fr\/product\/handheld-uv-nail-lamp\/","title":{"rendered":"Lampe UV portative pour ongles"},"content":{"rendered":"<p><br><strong>Appr\u00e9ciez le nail art \u00e0 tout moment, n'importe o\u00f9 !<\/strong><\/p>\n\n\n\n<p>La lampe \u00e0 ongles UV portable CHROM\u00c9CLAIR est compacte, portable et rechargeable. <\/p>\n\n\n\n<p>Si <strong>utilis\u00e9 \u00e0 la maison ou en voyage, il durcit rapidement votre vernis \u00e0 ongles en gel<\/strong>Le nail art n'est donc plus limit\u00e9 par le lieu.<\/p>\n\n\n\n<p>Convient pour <strong>des proth\u00e9sistes ongulaires professionnels et des services de conception \u00e0 domicile<\/strong>. <\/p>\n\n\n\n<p>Notre lampe \u00e0 ongles professionnelle portable est dot\u00e9e d'une puissante efficacit\u00e9 de polym\u00e9risation et d'un \u00e9clairage homog\u00e8ne, ce qui la rend particuli\u00e8rement adapt\u00e9e aux retouches, aux op\u00e9rations sur un seul doigt ou \u00e0 l'am\u00e9lioration du confort des clientes.<\/p>\n\n\n\n<p><\/p>","protected":false},"excerpt":{"rendered":"<p>Enjoy nail art anytime, anywhere! The CHROM\u00c9CLAIR handheld UV nail lamp is compact, portable, and rechargeable. Whether used at home or traveling, it quickly cures your gel nail polish, making nail art no longer limited by location. Suitable for professional nail technicians and in-home design services. Our handheld professional nail lamp boasts powerful curing efficiency [&hellip;]<\/p>\n","protected":false},"featured_media":10067,"comment_status":"open","ping_status":"closed","template":"","meta":[],"product_brand":[162],"product_cat":[182],"product_tag":[],"class_list":{"0":"post-10066","1":"product","2":"type-product","3":"status-publish","4":"has-post-thumbnail","6":"product_brand-chromeclair","7":"product_cat-tools-accessories","9":"first","10":"instock","11":"shipping-taxable","12":"purchasable","13":"product-type-simple"},"yoast_head":"<!-- This site is optimized with the Yoast SEO plugin v27.4 - https:\/\/yoast.com\/product\/yoast-seo-wordpress\/ -->\n<title>Handheld UV Nail Lamp Mini Nail Dryer DIY Gel Nail Kit with Lamp -CHROM\u00c9CLAIR<\/title>\n<meta name=\"description\" content=\"Enjoy nail art anytime, anywhere! The CHROM\u00c9CLAIR handheld UV nail lamp is compact, portable, and rechargeable. Whether used at home or traveling, it quickly cures your gel nail polish, making nail art no longer limited by location.\" \/>\n<meta name=\"robots\" content=\"index, follow, max-snippet:-1, max-image-preview:large, max-video-preview:-1\" \/>\n<link rel=\"canonical\" href=\"https:\/\/chromeclair.com\/fr\/produit\/handheld-uv-nail-lamp\/\" \/>\n<meta property=\"og:locale\" content=\"fr_FR\" \/>\n<meta property=\"og:type\" content=\"article\" \/>\n<meta property=\"og:title\" content=\"Handheld UV Nail Lamp Mini Nail Dryer DIY Gel Nail Kit with Lamp -CHROM\u00c9CLAIR\" \/>\n<meta property=\"og:description\" content=\"Enjoy nail art anytime, anywhere! The CHROM\u00c9CLAIR handheld UV nail lamp is compact, portable, and rechargeable. Whether used at home or traveling, it quickly cures your gel nail polish, making nail art no longer limited by location.\" \/>\n<meta property=\"og:url\" content=\"https:\/\/chromeclair.com\/fr\/produit\/handheld-uv-nail-lamp\/\" \/>\n<meta property=\"og:site_name\" content=\"Cat Eye Gel Polish \u2013 HEMA-Free \uff06 TPO-Free\" \/>\n<meta property=\"article:modified_time\" content=\"2026-04-13T05:55:39+00:00\" \/>\n<meta property=\"og:image\" content=\"https:\/\/chromeclair.com\/wp-content\/uploads\/2025\/11\/2-10.webp\" \/>\n\t<meta property=\"og:image:width\" content=\"800\" \/>\n\t<meta property=\"og:image:height\" content=\"800\" \/>\n\t<meta property=\"og:image:type\" content=\"image\/webp\" \/>\n<meta name=\"twitter:card\" content=\"summary_large_image\" \/>\n<meta name=\"twitter:label1\" content=\"Dur\u00e9e de lecture estim\u00e9e\" \/>\n\t<meta name=\"twitter:data1\" content=\"1 minute\" \/>\n<script type=\"application\/ld+json\" class=\"yoast-schema-graph\">{\"@context\":\"https:\\\/\\\/schema.org\",\"@graph\":[{\"@type\":\"WebPage\",\"@id\":\"https:\\\/\\\/chromeclair.com\\\/product\\\/handheld-uv-nail-lamp\\\/\",\"url\":\"https:\\\/\\\/chromeclair.com\\\/product\\\/handheld-uv-nail-lamp\\\/\",\"name\":\"Handheld UV Nail Lamp Mini Nail Dryer DIY Gel Nail Kit with Lamp -CHROM\u00c9CLAIR\",\"isPartOf\":{\"@id\":\"https:\\\/\\\/chromeclair.com\\\/#website\"},\"primaryImageOfPage\":{\"@id\":\"https:\\\/\\\/chromeclair.com\\\/product\\\/handheld-uv-nail-lamp\\\/#primaryimage\"},\"image\":{\"@id\":\"https:\\\/\\\/chromeclair.com\\\/product\\\/handheld-uv-nail-lamp\\\/#primaryimage\"},\"thumbnailUrl\":\"https:\\\/\\\/chromeclair.com\\\/wp-content\\\/uploads\\\/2025\\\/11\\\/2-10.webp\",\"datePublished\":\"2025-11-07T02:13:06+00:00\",\"dateModified\":\"2026-04-13T05:55:39+00:00\",\"description\":\"Enjoy nail art anytime, anywhere! The CHROM\u00c9CLAIR handheld UV nail lamp is compact, portable, and rechargeable. Whether used at home or traveling, it quickly cures your gel nail polish, making nail art no longer limited by location.\",\"inLanguage\":\"fr-FR\",\"potentialAction\":[{\"@type\":\"ReadAction\",\"target\":[\"https:\\\/\\\/chromeclair.com\\\/product\\\/handheld-uv-nail-lamp\\\/\"]}]},{\"@type\":\"ImageObject\",\"inLanguage\":\"fr-FR\",\"@id\":\"https:\\\/\\\/chromeclair.com\\\/product\\\/handheld-uv-nail-lamp\\\/#primaryimage\",\"url\":\"https:\\\/\\\/chromeclair.com\\\/wp-content\\\/uploads\\\/2025\\\/11\\\/2-10.webp\",\"contentUrl\":\"https:\\\/\\\/chromeclair.com\\\/wp-content\\\/uploads\\\/2025\\\/11\\\/2-10.webp\",\"width\":800,\"height\":800},{\"@type\":\"WebSite\",\"@id\":\"https:\\\/\\\/chromeclair.com\\\/#website\",\"url\":\"https:\\\/\\\/chromeclair.com\\\/\",\"name\":\"Cat Eye Gel Polish \u2013 HEMA-Free \uff06 TPO-Free\",\"description\":\"While others focus on having more colors, we focus on having safer ingredients.\",\"publisher\":{\"@id\":\"https:\\\/\\\/chromeclair.com\\\/#organization\"},\"potentialAction\":[{\"@type\":\"SearchAction\",\"target\":{\"@type\":\"EntryPoint\",\"urlTemplate\":\"https:\\\/\\\/chromeclair.com\\\/?s={search_term_string}\"},\"query-input\":{\"@type\":\"PropertyValueSpecification\",\"valueRequired\":true,\"valueName\":\"search_term_string\"}}],\"inLanguage\":\"fr-FR\"},{\"@type\":\"Organization\",\"@id\":\"https:\\\/\\\/chromeclair.com\\\/#organization\",\"name\":\"Cat Eye Gel Polish \u2013 HEMA-Free \uff06 TPO-Free\",\"url\":\"https:\\\/\\\/chromeclair.com\\\/\",\"logo\":{\"@type\":\"ImageObject\",\"inLanguage\":\"fr-FR\",\"@id\":\"https:\\\/\\\/chromeclair.com\\\/#\\\/schema\\\/logo\\\/image\\\/\",\"url\":\"https:\\\/\\\/chromeclair.com\\\/wp-content\\\/uploads\\\/2025\\\/06\\\/cropped-CHROMECLAIR-Logo-scaled-1.png\",\"contentUrl\":\"https:\\\/\\\/chromeclair.com\\\/wp-content\\\/uploads\\\/2025\\\/06\\\/cropped-CHROMECLAIR-Logo-scaled-1.png\",\"width\":2151,\"height\":429,\"caption\":\"Cat Eye Gel Polish \u2013 HEMA-Free \uff06 TPO-Free\"},\"image\":{\"@id\":\"https:\\\/\\\/chromeclair.com\\\/#\\\/schema\\\/logo\\\/image\\\/\"}}]}<\/script>\n<!-- \/ Yoast SEO plugin. -->","yoast_head_json":{"title":"Lampe UV portative pour ongles Mini s\u00e8che-ongles DIY Gel Nail Kit avec lampe -CHROM\u00c9CLAIR","description":"Appr\u00e9ciez le nail art \u00e0 tout moment et en tout lieu ! La lampe \u00e0 ongles UV portable CHROM\u00c9CLAIR est compacte, portable et rechargeable. Qu'elle soit utilis\u00e9e \u00e0 la maison ou en voyage, elle durcit rapidement votre vernis \u00e0 ongles en gel, ce qui fait que le nail art n'est plus limit\u00e9 par l'endroit.","robots":{"index":"index","follow":"follow","max-snippet":"max-snippet:-1","max-image-preview":"max-image-preview:large","max-video-preview":"max-video-preview:-1"},"canonical":"https:\/\/chromeclair.com\/fr\/produit\/handheld-uv-nail-lamp\/","og_locale":"fr_FR","og_type":"article","og_title":"Handheld UV Nail Lamp Mini Nail Dryer DIY Gel Nail Kit with Lamp -CHROM\u00c9CLAIR","og_description":"Enjoy nail art anytime, anywhere! The CHROM\u00c9CLAIR handheld UV nail lamp is compact, portable, and rechargeable. Whether used at home or traveling, it quickly cures your gel nail polish, making nail art no longer limited by location.","og_url":"https:\/\/chromeclair.com\/fr\/produit\/handheld-uv-nail-lamp\/","og_site_name":"Cat Eye Gel Polish \u2013 HEMA-Free \uff06 TPO-Free","article_modified_time":"2026-04-13T05:55:39+00:00","og_image":[{"width":800,"height":800,"url":"https:\/\/chromeclair.com\/wp-content\/uploads\/2025\/11\/2-10.webp","type":"image\/webp"}],"twitter_card":"summary_large_image","twitter_misc":{"Dur\u00e9e de lecture estim\u00e9e":"1 minute"},"schema":{"@context":"https:\/\/schema.org","@graph":[{"@type":"WebPage","@id":"https:\/\/chromeclair.com\/product\/handheld-uv-nail-lamp\/","url":"https:\/\/chromeclair.com\/product\/handheld-uv-nail-lamp\/","name":"Lampe UV portative pour ongles Mini s\u00e8che-ongles DIY Gel Nail Kit avec lampe -CHROM\u00c9CLAIR","isPartOf":{"@id":"https:\/\/chromeclair.com\/#website"},"primaryImageOfPage":{"@id":"https:\/\/chromeclair.com\/product\/handheld-uv-nail-lamp\/#primaryimage"},"image":{"@id":"https:\/\/chromeclair.com\/product\/handheld-uv-nail-lamp\/#primaryimage"},"thumbnailUrl":"https:\/\/chromeclair.com\/wp-content\/uploads\/2025\/11\/2-10.webp","datePublished":"2025-11-07T02:13:06+00:00","dateModified":"2026-04-13T05:55:39+00:00","description":"Appr\u00e9ciez le nail art \u00e0 tout moment et en tout lieu ! La lampe \u00e0 ongles UV portable CHROM\u00c9CLAIR est compacte, portable et rechargeable. Qu'elle soit utilis\u00e9e \u00e0 la maison ou en voyage, elle durcit rapidement votre vernis \u00e0 ongles en gel, ce qui fait que le nail art n'est plus limit\u00e9 par l'endroit.","inLanguage":"fr-FR","potentialAction":[{"@type":"ReadAction","target":["https:\/\/chromeclair.com\/product\/handheld-uv-nail-lamp\/"]}]},{"@type":"ImageObject","inLanguage":"fr-FR","@id":"https:\/\/chromeclair.com\/product\/handheld-uv-nail-lamp\/#primaryimage","url":"https:\/\/chromeclair.com\/wp-content\/uploads\/2025\/11\/2-10.webp","contentUrl":"https:\/\/chromeclair.com\/wp-content\/uploads\/2025\/11\/2-10.webp","width":800,"height":800},{"@type":"WebSite","@id":"https:\/\/chromeclair.com\/#website","url":"https:\/\/chromeclair.com\/","name":"Vernis gel Cat Eye \u2013 Sans HEMA ni TPO","description":"Alors que d'autres se concentrent sur l'ajout de couleurs, nous nous concentrons sur l'utilisation d'ingr\u00e9dients plus s\u00fbrs.","publisher":{"@id":"https:\/\/chromeclair.com\/#organization"},"potentialAction":[{"@type":"SearchAction","target":{"@type":"EntryPoint","urlTemplate":"https:\/\/chromeclair.com\/?s={search_term_string}"},"query-input":{"@type":"PropertyValueSpecification","valueRequired":true,"valueName":"search_term_string"}}],"inLanguage":"fr-FR"},{"@type":"Organization","@id":"https:\/\/chromeclair.com\/#organization","name":"Vernis gel Cat Eye \u2013 Sans HEMA ni TPO","url":"https:\/\/chromeclair.com\/","logo":{"@type":"ImageObject","inLanguage":"fr-FR","@id":"https:\/\/chromeclair.com\/#\/schema\/logo\/image\/","url":"https:\/\/chromeclair.com\/wp-content\/uploads\/2025\/06\/cropped-CHROMECLAIR-Logo-scaled-1.png","contentUrl":"https:\/\/chromeclair.com\/wp-content\/uploads\/2025\/06\/cropped-CHROMECLAIR-Logo-scaled-1.png","width":2151,"height":429,"caption":"Cat Eye Gel Polish \u2013 HEMA-Free \uff06 TPO-Free"},"image":{"@id":"https:\/\/chromeclair.com\/#\/schema\/logo\/image\/"}}]}},"_links":{"self":[{"href":"https:\/\/chromeclair.com\/fr\/wp-json\/wp\/v2\/product\/10066","targetHints":{"allow":["GET"]}}],"collection":[{"href":"https:\/\/chromeclair.com\/fr\/wp-json\/wp\/v2\/product"}],"about":[{"href":"https:\/\/chromeclair.com\/fr\/wp-json\/wp\/v2\/types\/product"}],"replies":[{"embeddable":true,"href":"https:\/\/chromeclair.com\/fr\/wp-json\/wp\/v2\/comments?post=10066"}],"wp:featuredmedia":[{"embeddable":true,"href":"https:\/\/chromeclair.com\/fr\/wp-json\/wp\/v2\/media\/10067"}],"wp:attachment":[{"href":"https:\/\/chromeclair.com\/fr\/wp-json\/wp\/v2\/media?parent=10066"}],"wp:term":[{"taxonomy":"product_brand","embeddable":true,"href":"https:\/\/chromeclair.com\/fr\/wp-json\/wp\/v2\/product_brand?post=10066"},{"taxonomy":"product_cat","embeddable":true,"href":"https:\/\/chromeclair.com\/fr\/wp-json\/wp\/v2\/product_cat?post=10066"},{"taxonomy":"product_tag","embeddable":true,"href":"https:\/\/chromeclair.com\/fr\/wp-json\/wp\/v2\/product_tag?post=10066"}],"curies":[{"name":"wp","href":"https:\/\/api.w.org\/{rel}","templated":true}]}}