{"id":10130,"date":"2025-11-11T08:43:10","date_gmt":"2025-11-11T08:43:10","guid":{"rendered":"https:\/\/chromeclair.com\/?post_type=product&#038;p=10130"},"modified":"2026-04-13T05:54:14","modified_gmt":"2026-04-13T05:54:14","slug":"hematpo-free-solid-color-sr-01-17ml","status":"publish","type":"product","link":"https:\/\/chromeclair.com\/fr\/produit\/hematpo-free-solid-color-sr-01-17ml\/","title":{"rendered":"HEMA&amp;TPO FREE SOLID COLOR SR-01 17ML"},"content":{"rendered":"<p>Le rose framboise qui refuse tout compromis en mati\u00e8re de s\u00e9curit\u00e9.<\/p>\n\n\n\n<p>Jusqu'\u00e0 54% des utilisateurs de gel \u00e0 domicile signalent des r\u00e9actions cutan\u00e9es ind\u00e9sirables, la plupart d\u00e9clench\u00e9es par les HEMA et TPO qui se cachent dans les formules conventionnelles. Si vos ongles vous ont d\u00e9j\u00e0 d\u00e9mang\u00e9, pel\u00e9 ou se sont enflamm\u00e9s apr\u00e8s une manucure au gel, ces deux ingr\u00e9dients sont les coupables les plus probables. L'UE a interdit le TPO en septembre 2025 ; le Royaume-Uni suivra en septembre 2026. Vous m\u00e9ritez une formule qui a d\u00e9j\u00e0 une longueur d'avance.<\/p>\n\n\n\n<p>SR-01 est un rose framboise vif et chaud - suffisamment audacieux pour dominer une pi\u00e8ce, suffisamment s\u00fbr pour les peaux les plus r\u00e9actives. Totalement exempt de HEMA et de TPO, ce gel professionnel de 17 ml offre une couverture compl\u00e8te et opaque en un seul coup de pinceau. La formule autonivelante glisse sur la peau sans laisser de traces et durcit pour donner un fini ultra-brillant et r\u00e9sistant aux \u00e9clats qui dure jusqu'\u00e0 3 semaines sans se d\u00e9coller.<\/p>\n\n\n\n<p>Les proth\u00e9sistes ongulaires font confiance \u00e0 ce produit pour son pigment constant et son nettoyage facile au niveau de la ligne de la cuticule. Le format de 17 ml permet aux salons et aux particuliers d'utiliser beaucoup plus de produit par flacon - moins de remplacements, plus de manucures, un meilleur rapport qualit\u00e9-prix.<\/p>\n\n\n\n<p>Parfait pour les manucures de prestige, les pointes fran\u00e7aises audacieuses, les accents de nail art, et pour tous ceux qui veulent une couleur assur\u00e9e sans l'anxi\u00e9t\u00e9 d'une r\u00e9action. Il convient aussi bien aux teints chauds qu'aux teints froids.<\/p>\n\n\n\n<p><strong>Vegan - Sans cruaut\u00e9 - Sans HEMA - Sans TPO - Conforme aux normes de l'UE et du Royaume-Uni<\/strong><\/p>","protected":false},"excerpt":{"rendered":"<p>Doit \u00eatre utilis\u00e9 avec une lampe UV ou une lampe LED<\/p>","protected":false},"featured_media":10131,"comment_status":"open","ping_status":"closed","template":"","meta":[],"product_brand":[162],"product_cat":[180],"product_tag":[],"class_list":{"0":"post-10130","1":"product","2":"type-product","3":"status-publish","4":"has-post-thumbnail","6":"product_brand-chromeclair","7":"product_cat-solid-color-gel-polish","9":"first","10":"instock","11":"shipping-taxable","12":"purchasable","13":"product-type-simple"},"yoast_head":"<!-- This site is optimized with the Yoast SEO plugin v26.4 - https:\/\/yoast.com\/wordpress\/plugins\/seo\/ -->\n<title>HEMA &amp; TPO Free Gel Polish Hypoallergenic Solid Colors 5-Free Gel Polish -CHROM\u00c9CLAIR<\/title>\n<meta name=\"description\" content=\"Say goodbye to nail allergies! CHROM\u00c9CLAIR GEL POLISH has developed this gentle yet highly effective gel nail polish by eliminating common allergens such as HEMA and TPO. The generous 17ml packaging is designed for nail technicians and enthusiasts who prioritize safety and quality.\" \/>\n<meta name=\"robots\" content=\"index, follow, max-snippet:-1, max-image-preview:large, max-video-preview:-1\" \/>\n<link rel=\"canonical\" href=\"https:\/\/chromeclair.com\/fr\/produit\/hematpo-free-solid-color-sr-01-17ml\/\" \/>\n<meta property=\"og:locale\" content=\"fr_FR\" \/>\n<meta property=\"og:type\" content=\"article\" \/>\n<meta property=\"og:title\" content=\"HEMA &amp; TPO Free Gel Polish Hypoallergenic Solid Colors 5-Free Gel Polish -CHROM\u00c9CLAIR\" \/>\n<meta property=\"og:description\" content=\"Say goodbye to nail allergies! CHROM\u00c9CLAIR GEL POLISH has developed this gentle yet highly effective gel nail polish by eliminating common allergens such as HEMA and TPO. The generous 17ml packaging is designed for nail technicians and enthusiasts who prioritize safety and quality.\" \/>\n<meta property=\"og:url\" content=\"https:\/\/chromeclair.com\/fr\/produit\/hematpo-free-solid-color-sr-01-17ml\/\" \/>\n<meta property=\"og:site_name\" content=\"Cat Eye Gel Polish \u2013 HEMA-Free \uff06 TPO-Free\" \/>\n<meta property=\"article:modified_time\" content=\"2026-04-13T05:54:14+00:00\" \/>\n<meta property=\"og:image\" content=\"https:\/\/chromeclair.com\/wp-content\/uploads\/2025\/11\/SR-01.webp\" \/>\n\t<meta property=\"og:image:width\" content=\"1024\" \/>\n\t<meta property=\"og:image:height\" content=\"1024\" \/>\n\t<meta property=\"og:image:type\" content=\"image\/webp\" \/>\n<meta name=\"twitter:card\" content=\"summary_large_image\" \/>\n<meta name=\"twitter:label1\" content=\"Dur\u00e9e de lecture estim\u00e9e\" \/>\n\t<meta name=\"twitter:data1\" content=\"1 minute\" \/>\n<script type=\"application\/ld+json\" class=\"yoast-schema-graph\">{\"@context\":\"https:\/\/schema.org\",\"@graph\":[{\"@type\":\"WebPage\",\"@id\":\"https:\/\/chromeclair.com\/product\/hematpo-free-solid-color-sr-01-17ml\/\",\"url\":\"https:\/\/chromeclair.com\/product\/hematpo-free-solid-color-sr-01-17ml\/\",\"name\":\"HEMA & TPO Free Gel Polish Hypoallergenic Solid Colors 5-Free Gel Polish -CHROM\u00c9CLAIR\",\"isPartOf\":{\"@id\":\"https:\/\/chromeclair.com\/#website\"},\"primaryImageOfPage\":{\"@id\":\"https:\/\/chromeclair.com\/product\/hematpo-free-solid-color-sr-01-17ml\/#primaryimage\"},\"image\":{\"@id\":\"https:\/\/chromeclair.com\/product\/hematpo-free-solid-color-sr-01-17ml\/#primaryimage\"},\"thumbnailUrl\":\"https:\/\/chromeclair.com\/wp-content\/uploads\/2025\/11\/SR-01.webp\",\"datePublished\":\"2025-11-11T08:43:10+00:00\",\"dateModified\":\"2026-04-13T05:54:14+00:00\",\"description\":\"Say goodbye to nail allergies! CHROM\u00c9CLAIR GEL POLISH has developed this gentle yet highly effective gel nail polish by eliminating common allergens such as HEMA and TPO. The generous 17ml packaging is designed for nail technicians and enthusiasts who prioritize safety and quality.\",\"breadcrumb\":{\"@id\":\"https:\/\/chromeclair.com\/product\/hematpo-free-solid-color-sr-01-17ml\/#breadcrumb\"},\"inLanguage\":\"fr-FR\",\"potentialAction\":[{\"@type\":\"ReadAction\",\"target\":[\"https:\/\/chromeclair.com\/product\/hematpo-free-solid-color-sr-01-17ml\/\"]}]},{\"@type\":\"ImageObject\",\"inLanguage\":\"fr-FR\",\"@id\":\"https:\/\/chromeclair.com\/product\/hematpo-free-solid-color-sr-01-17ml\/#primaryimage\",\"url\":\"https:\/\/chromeclair.com\/wp-content\/uploads\/2025\/11\/SR-01.webp\",\"contentUrl\":\"https:\/\/chromeclair.com\/wp-content\/uploads\/2025\/11\/SR-01.webp\",\"width\":1024,\"height\":1024,\"caption\":\"Hema-Free and Tpo-free Solid Color SR-02 Red shade-CHROM\u00c9CLAIR\"},{\"@type\":\"BreadcrumbList\",\"@id\":\"https:\/\/chromeclair.com\/product\/hematpo-free-solid-color-sr-01-17ml\/#breadcrumb\",\"itemListElement\":[{\"@type\":\"ListItem\",\"position\":1,\"name\":\"Home\",\"item\":\"https:\/\/chromeclair.com\/\"},{\"@type\":\"ListItem\",\"position\":2,\"name\":\"Shop\",\"item\":\"https:\/\/chromeclair.com\/shop\/\"},{\"@type\":\"ListItem\",\"position\":3,\"name\":\"HEMA&amp;TPO FREE SOLID COLOR SR-01 17ML\"}]},{\"@type\":\"WebSite\",\"@id\":\"https:\/\/chromeclair.com\/#website\",\"url\":\"https:\/\/chromeclair.com\/\",\"name\":\"Cat Eye Gel Polish \u2013 HEMA-Free \uff06 TPO-Free\",\"description\":\"While others focus on having more colors, we focus on having safer ingredients.\",\"publisher\":{\"@id\":\"https:\/\/chromeclair.com\/#organization\"},\"potentialAction\":[{\"@type\":\"SearchAction\",\"target\":{\"@type\":\"EntryPoint\",\"urlTemplate\":\"https:\/\/chromeclair.com\/?s={search_term_string}\"},\"query-input\":{\"@type\":\"PropertyValueSpecification\",\"valueRequired\":true,\"valueName\":\"search_term_string\"}}],\"inLanguage\":\"fr-FR\"},{\"@type\":\"Organization\",\"@id\":\"https:\/\/chromeclair.com\/#organization\",\"name\":\"Cat Eye Gel Polish \u2013 HEMA-Free \uff06 TPO-Free\",\"url\":\"https:\/\/chromeclair.com\/\",\"logo\":{\"@type\":\"ImageObject\",\"inLanguage\":\"fr-FR\",\"@id\":\"https:\/\/chromeclair.com\/#\/schema\/logo\/image\/\",\"url\":\"https:\/\/chromeclair.com\/wp-content\/uploads\/2025\/06\/cropped-CHROMECLAIR-Logo-scaled-1.png\",\"contentUrl\":\"https:\/\/chromeclair.com\/wp-content\/uploads\/2025\/06\/cropped-CHROMECLAIR-Logo-scaled-1.png\",\"width\":2151,\"height\":429,\"caption\":\"Cat Eye Gel Polish \u2013 HEMA-Free \uff06 TPO-Free\"},\"image\":{\"@id\":\"https:\/\/chromeclair.com\/#\/schema\/logo\/image\/\"}}]}<\/script>\n<!-- \/ Yoast SEO plugin. -->","yoast_head_json":{"title":"Gel Polish sans HEMA ni TPO Hypoallergenic Solid Colors 5-Free Gel Polish -CHROM\u00c9CLAIR","description":"Dites adieu aux allergies des ongles ! CHROM\u00c9CLAIR GEL POLISH a mis au point ce vernis \u00e0 ongles en gel, \u00e0 la fois doux et tr\u00e8s efficace, en \u00e9liminant les allerg\u00e8nes courants tels que l'HEMA et le TPO. L'emballage g\u00e9n\u00e9reux de 17 ml est con\u00e7u pour les proth\u00e9sistes ongulaires et les passionn\u00e9es qui accordent la priorit\u00e9 \u00e0 la s\u00e9curit\u00e9 et \u00e0 la qualit\u00e9.","robots":{"index":"index","follow":"follow","max-snippet":"max-snippet:-1","max-image-preview":"max-image-preview:large","max-video-preview":"max-video-preview:-1"},"canonical":"https:\/\/chromeclair.com\/fr\/produit\/hematpo-free-solid-color-sr-01-17ml\/","og_locale":"fr_FR","og_type":"article","og_title":"HEMA & TPO Free Gel Polish Hypoallergenic Solid Colors 5-Free Gel Polish -CHROM\u00c9CLAIR","og_description":"Say goodbye to nail allergies! CHROM\u00c9CLAIR GEL POLISH has developed this gentle yet highly effective gel nail polish by eliminating common allergens such as HEMA and TPO. The generous 17ml packaging is designed for nail technicians and enthusiasts who prioritize safety and quality.","og_url":"https:\/\/chromeclair.com\/fr\/produit\/hematpo-free-solid-color-sr-01-17ml\/","og_site_name":"Cat Eye Gel Polish \u2013 HEMA-Free \uff06 TPO-Free","article_modified_time":"2026-04-13T05:54:14+00:00","og_image":[{"width":1024,"height":1024,"url":"https:\/\/chromeclair.com\/wp-content\/uploads\/2025\/11\/SR-01.webp","type":"image\/webp"}],"twitter_card":"summary_large_image","twitter_misc":{"Dur\u00e9e de lecture estim\u00e9e":"1 minute"},"schema":{"@context":"https:\/\/schema.org","@graph":[{"@type":"WebPage","@id":"https:\/\/chromeclair.com\/product\/hematpo-free-solid-color-sr-01-17ml\/","url":"https:\/\/chromeclair.com\/product\/hematpo-free-solid-color-sr-01-17ml\/","name":"Gel Polish sans HEMA ni TPO Hypoallergenic Solid Colors 5-Free Gel Polish -CHROM\u00c9CLAIR","isPartOf":{"@id":"https:\/\/chromeclair.com\/#website"},"primaryImageOfPage":{"@id":"https:\/\/chromeclair.com\/product\/hematpo-free-solid-color-sr-01-17ml\/#primaryimage"},"image":{"@id":"https:\/\/chromeclair.com\/product\/hematpo-free-solid-color-sr-01-17ml\/#primaryimage"},"thumbnailUrl":"https:\/\/chromeclair.com\/wp-content\/uploads\/2025\/11\/SR-01.webp","datePublished":"2025-11-11T08:43:10+00:00","dateModified":"2026-04-13T05:54:14+00:00","description":"Dites adieu aux allergies des ongles ! CHROM\u00c9CLAIR GEL POLISH a mis au point ce vernis \u00e0 ongles en gel, \u00e0 la fois doux et tr\u00e8s efficace, en \u00e9liminant les allerg\u00e8nes courants tels que l'HEMA et le TPO. L'emballage g\u00e9n\u00e9reux de 17 ml est con\u00e7u pour les proth\u00e9sistes ongulaires et les passionn\u00e9es qui accordent la priorit\u00e9 \u00e0 la s\u00e9curit\u00e9 et \u00e0 la qualit\u00e9.","breadcrumb":{"@id":"https:\/\/chromeclair.com\/product\/hematpo-free-solid-color-sr-01-17ml\/#breadcrumb"},"inLanguage":"fr-FR","potentialAction":[{"@type":"ReadAction","target":["https:\/\/chromeclair.com\/product\/hematpo-free-solid-color-sr-01-17ml\/"]}]},{"@type":"ImageObject","inLanguage":"fr-FR","@id":"https:\/\/chromeclair.com\/product\/hematpo-free-solid-color-sr-01-17ml\/#primaryimage","url":"https:\/\/chromeclair.com\/wp-content\/uploads\/2025\/11\/SR-01.webp","contentUrl":"https:\/\/chromeclair.com\/wp-content\/uploads\/2025\/11\/SR-01.webp","width":1024,"height":1024,"caption":"Hema-Free and Tpo-free Solid Color SR-02 Red shade-CHROM\u00c9CLAIR"},{"@type":"BreadcrumbList","@id":"https:\/\/chromeclair.com\/product\/hematpo-free-solid-color-sr-01-17ml\/#breadcrumb","itemListElement":[{"@type":"ListItem","position":1,"name":"Home","item":"https:\/\/chromeclair.com\/"},{"@type":"ListItem","position":2,"name":"Shop","item":"https:\/\/chromeclair.com\/shop\/"},{"@type":"ListItem","position":3,"name":"HEMA&amp;TPO FREE SOLID COLOR SR-01 17ML"}]},{"@type":"WebSite","@id":"https:\/\/chromeclair.com\/#website","url":"https:\/\/chromeclair.com\/","name":"Vernis gel Cat Eye \u2013 Sans HEMA ni TPO","description":"Alors que d'autres se concentrent sur l'ajout de couleurs, nous nous concentrons sur l'utilisation d'ingr\u00e9dients plus s\u00fbrs.","publisher":{"@id":"https:\/\/chromeclair.com\/#organization"},"potentialAction":[{"@type":"SearchAction","target":{"@type":"EntryPoint","urlTemplate":"https:\/\/chromeclair.com\/?s={search_term_string}"},"query-input":{"@type":"PropertyValueSpecification","valueRequired":true,"valueName":"search_term_string"}}],"inLanguage":"fr-FR"},{"@type":"Organization","@id":"https:\/\/chromeclair.com\/#organization","name":"Vernis gel Cat Eye \u2013 Sans HEMA ni TPO","url":"https:\/\/chromeclair.com\/","logo":{"@type":"ImageObject","inLanguage":"fr-FR","@id":"https:\/\/chromeclair.com\/#\/schema\/logo\/image\/","url":"https:\/\/chromeclair.com\/wp-content\/uploads\/2025\/06\/cropped-CHROMECLAIR-Logo-scaled-1.png","contentUrl":"https:\/\/chromeclair.com\/wp-content\/uploads\/2025\/06\/cropped-CHROMECLAIR-Logo-scaled-1.png","width":2151,"height":429,"caption":"Cat Eye Gel Polish \u2013 HEMA-Free \uff06 TPO-Free"},"image":{"@id":"https:\/\/chromeclair.com\/#\/schema\/logo\/image\/"}}]}},"_links":{"self":[{"href":"https:\/\/chromeclair.com\/fr\/wp-json\/wp\/v2\/product\/10130","targetHints":{"allow":["GET"]}}],"collection":[{"href":"https:\/\/chromeclair.com\/fr\/wp-json\/wp\/v2\/product"}],"about":[{"href":"https:\/\/chromeclair.com\/fr\/wp-json\/wp\/v2\/types\/product"}],"replies":[{"embeddable":true,"href":"https:\/\/chromeclair.com\/fr\/wp-json\/wp\/v2\/comments?post=10130"}],"wp:featuredmedia":[{"embeddable":true,"href":"https:\/\/chromeclair.com\/fr\/wp-json\/wp\/v2\/media\/10131"}],"wp:attachment":[{"href":"https:\/\/chromeclair.com\/fr\/wp-json\/wp\/v2\/media?parent=10130"}],"wp:term":[{"taxonomy":"product_brand","embeddable":true,"href":"https:\/\/chromeclair.com\/fr\/wp-json\/wp\/v2\/product_brand?post=10130"},{"taxonomy":"product_cat","embeddable":true,"href":"https:\/\/chromeclair.com\/fr\/wp-json\/wp\/v2\/product_cat?post=10130"},{"taxonomy":"product_tag","embeddable":true,"href":"https:\/\/chromeclair.com\/fr\/wp-json\/wp\/v2\/product_tag?post=10130"}],"curies":[{"name":"wp","href":"https:\/\/api.w.org\/{rel}","templated":true}]}}