{"id":10135,"date":"2025-11-11T09:54:51","date_gmt":"2025-11-11T09:54:51","guid":{"rendered":"https:\/\/chromeclair.com\/?post_type=product&#038;p=10135"},"modified":"2026-04-13T05:52:43","modified_gmt":"2026-04-13T05:52:43","slug":"hematpo-free-solid-color-sr-03-17ml","status":"publish","type":"product","link":"https:\/\/chromeclair.com\/fr\/product\/hematpo-free-solid-color-sr-03-17ml\/","title":{"rendered":"HEMA&amp;TPO FREE SOLID COLOR SR-03 17ML"},"content":{"rendered":"<p>Un fuchsia chaud pour la femme qui ne se contente pas d'un look terne - ou d'ingr\u00e9dients peu s\u00fbrs.<\/p>\n\n\n\n<p>Les r\u00e9actions cutan\u00e9es aux vernis en gel sont en augmentation. Les dermatologues observent de plus en plus de cas de dermatite allergique de contact li\u00e9e aux produits chimiques \u00e0 base de m\u00e9thacrylate, dont le HEMA, avec des sympt\u00f4mes allant des d\u00e9mangeaisons p\u00e9riungu\u00e9ales aux cloques, en passant par le d\u00e9collement des ongles du lit de l'ongle. Trouver un gel aussi vivant et aussi propre semblait auparavant impossible. Le SR-03 change la donne.<\/p>\n\n\n\n<p>SR-03 est un rose \u00e9lectrique, un rose vif pur - aucune nuance de rouge ne le rapproche du corail, aucune nuance de bleu ne le rapproche du violet. Il s'agit simplement d'un fuchsia net et satur\u00e9 qui se photographie brillamment et qui est saisissant sur tous les tons de peau. La formule de 17 ml sans HEMA ni TPO s'applique uniform\u00e9ment en une seule couche, durcit pour obtenir une brillance semblable \u00e0 celle du verre et tient jusqu'\u00e0 3 semaines sans se d\u00e9coller ni s'\u00e9cailler.<\/p>\n\n\n\n<p>Sa consistance auto-nivelante permet aux d\u00e9butants de l'utiliser \u00e0 la maison et aux professionnels de la coiffure de l'utiliser efficacement. Pas d'accumulation au niveau de la cuticule, pas de tra\u00een\u00e9e au niveau du bord libre.<\/p>\n\n\n\n<p>Con\u00e7u pour les manucures audacieuses, le nail art avec blocs de couleurs, les m\u00e9langes d'ombres, et pour tous ceux qui pensent que les couleurs les plus excitantes doivent aussi \u00eatre les plus s\u00fbres.<\/p>\n\n\n\n<p><strong>Vegan - Sans cruaut\u00e9 - Sans HEMA - Sans TPO - Conforme aux normes de l'UE et du Royaume-Uni<\/strong><\/p>","protected":false},"excerpt":{"rendered":"<p>Doit \u00eatre utilis\u00e9 avec une lampe UV ou une lampe LED<\/p>","protected":false},"featured_media":10136,"comment_status":"open","ping_status":"closed","template":"","meta":[],"product_brand":[162],"product_cat":[180],"product_tag":[],"class_list":{"0":"post-10135","1":"product","2":"type-product","3":"status-publish","4":"has-post-thumbnail","6":"product_brand-chromeclair","7":"product_cat-solid-color-gel-polish","9":"first","10":"instock","11":"shipping-taxable","12":"purchasable","13":"product-type-simple"},"yoast_head":"<!-- This site is optimized with the Yoast SEO plugin v27.4 - https:\/\/yoast.com\/product\/yoast-seo-wordpress\/ -->\n<title>Professional HEMA&amp;TPO free gel polish Best HEMA free gel for nail salon-CHROM\u00c9CLAIR<\/title>\n<meta name=\"description\" content=\"Designed specifically for sensitive skin. Explore CHROM\u00c9CLAIR new HEMA &amp; TPO Free solid color gel polish in shade SR-03, 17ml professional size. Offering a low-irritation experience and rich, long-lasting color, it&#039;s a safe choice for nail technicians and DIY enthusiasts alike.\" \/>\n<meta name=\"robots\" content=\"index, follow, max-snippet:-1, max-image-preview:large, max-video-preview:-1\" \/>\n<link rel=\"canonical\" href=\"https:\/\/chromeclair.com\/fr\/produit\/hematpo-free-solid-color-sr-03-17ml\/\" \/>\n<meta property=\"og:locale\" content=\"fr_FR\" \/>\n<meta property=\"og:type\" content=\"article\" \/>\n<meta property=\"og:title\" content=\"Professional HEMA&amp;TPO free gel polish Best HEMA free gel for nail salon-CHROM\u00c9CLAIR\" \/>\n<meta property=\"og:description\" content=\"Designed specifically for sensitive skin. Explore CHROM\u00c9CLAIR new HEMA &amp; TPO Free solid color gel polish in shade SR-03, 17ml professional size. Offering a low-irritation experience and rich, long-lasting color, it&#039;s a safe choice for nail technicians and DIY enthusiasts alike.\" \/>\n<meta property=\"og:url\" content=\"https:\/\/chromeclair.com\/fr\/produit\/hematpo-free-solid-color-sr-03-17ml\/\" \/>\n<meta property=\"og:site_name\" content=\"Cat Eye Gel Polish \u2013 HEMA-Free \uff06 TPO-Free\" \/>\n<meta property=\"article:modified_time\" content=\"2026-04-13T05:52:43+00:00\" \/>\n<meta property=\"og:image\" content=\"https:\/\/chromeclair.com\/wp-content\/uploads\/2025\/11\/SR-03.webp\" \/>\n\t<meta property=\"og:image:width\" content=\"1024\" \/>\n\t<meta property=\"og:image:height\" content=\"1024\" \/>\n\t<meta property=\"og:image:type\" content=\"image\/webp\" \/>\n<meta name=\"twitter:card\" content=\"summary_large_image\" \/>\n<meta name=\"twitter:label1\" content=\"Dur\u00e9e de lecture estim\u00e9e\" \/>\n\t<meta name=\"twitter:data1\" content=\"1 minute\" \/>\n<script type=\"application\/ld+json\" class=\"yoast-schema-graph\">{\"@context\":\"https:\\\/\\\/schema.org\",\"@graph\":[{\"@type\":\"WebPage\",\"@id\":\"https:\\\/\\\/chromeclair.com\\\/product\\\/hematpo-free-solid-color-sr-03-17ml\\\/\",\"url\":\"https:\\\/\\\/chromeclair.com\\\/product\\\/hematpo-free-solid-color-sr-03-17ml\\\/\",\"name\":\"Professional HEMA&TPO free gel polish Best HEMA free gel for nail salon-CHROM\u00c9CLAIR\",\"isPartOf\":{\"@id\":\"https:\\\/\\\/chromeclair.com\\\/#website\"},\"primaryImageOfPage\":{\"@id\":\"https:\\\/\\\/chromeclair.com\\\/product\\\/hematpo-free-solid-color-sr-03-17ml\\\/#primaryimage\"},\"image\":{\"@id\":\"https:\\\/\\\/chromeclair.com\\\/product\\\/hematpo-free-solid-color-sr-03-17ml\\\/#primaryimage\"},\"thumbnailUrl\":\"https:\\\/\\\/chromeclair.com\\\/wp-content\\\/uploads\\\/2025\\\/11\\\/SR-03.webp\",\"datePublished\":\"2025-11-11T09:54:51+00:00\",\"dateModified\":\"2026-04-13T05:52:43+00:00\",\"description\":\"Designed specifically for sensitive skin. Explore CHROM\u00c9CLAIR new HEMA & TPO Free solid color gel polish in shade SR-03, 17ml professional size. Offering a low-irritation experience and rich, long-lasting color, it's a safe choice for nail technicians and DIY enthusiasts alike.\",\"inLanguage\":\"fr-FR\",\"potentialAction\":[{\"@type\":\"ReadAction\",\"target\":[\"https:\\\/\\\/chromeclair.com\\\/product\\\/hematpo-free-solid-color-sr-03-17ml\\\/\"]}]},{\"@type\":\"ImageObject\",\"inLanguage\":\"fr-FR\",\"@id\":\"https:\\\/\\\/chromeclair.com\\\/product\\\/hematpo-free-solid-color-sr-03-17ml\\\/#primaryimage\",\"url\":\"https:\\\/\\\/chromeclair.com\\\/wp-content\\\/uploads\\\/2025\\\/11\\\/SR-03.webp\",\"contentUrl\":\"https:\\\/\\\/chromeclair.com\\\/wp-content\\\/uploads\\\/2025\\\/11\\\/SR-03.webp\",\"width\":1024,\"height\":1024,\"caption\":\"Hema-Free and Tpo-free Solid Color SR-03 Plum shade-CHROM\u00c9CLAIR\"},{\"@type\":\"WebSite\",\"@id\":\"https:\\\/\\\/chromeclair.com\\\/#website\",\"url\":\"https:\\\/\\\/chromeclair.com\\\/\",\"name\":\"Cat Eye Gel Polish \u2013 HEMA-Free \uff06 TPO-Free\",\"description\":\"While others focus on having more colors, we focus on having safer ingredients.\",\"publisher\":{\"@id\":\"https:\\\/\\\/chromeclair.com\\\/#organization\"},\"potentialAction\":[{\"@type\":\"SearchAction\",\"target\":{\"@type\":\"EntryPoint\",\"urlTemplate\":\"https:\\\/\\\/chromeclair.com\\\/?s={search_term_string}\"},\"query-input\":{\"@type\":\"PropertyValueSpecification\",\"valueRequired\":true,\"valueName\":\"search_term_string\"}}],\"inLanguage\":\"fr-FR\"},{\"@type\":\"Organization\",\"@id\":\"https:\\\/\\\/chromeclair.com\\\/#organization\",\"name\":\"Cat Eye Gel Polish \u2013 HEMA-Free \uff06 TPO-Free\",\"url\":\"https:\\\/\\\/chromeclair.com\\\/\",\"logo\":{\"@type\":\"ImageObject\",\"inLanguage\":\"fr-FR\",\"@id\":\"https:\\\/\\\/chromeclair.com\\\/#\\\/schema\\\/logo\\\/image\\\/\",\"url\":\"https:\\\/\\\/chromeclair.com\\\/wp-content\\\/uploads\\\/2025\\\/06\\\/cropped-CHROMECLAIR-Logo-scaled-1.png\",\"contentUrl\":\"https:\\\/\\\/chromeclair.com\\\/wp-content\\\/uploads\\\/2025\\\/06\\\/cropped-CHROMECLAIR-Logo-scaled-1.png\",\"width\":2151,\"height\":429,\"caption\":\"Cat Eye Gel Polish \u2013 HEMA-Free \uff06 TPO-Free\"},\"image\":{\"@id\":\"https:\\\/\\\/chromeclair.com\\\/#\\\/schema\\\/logo\\\/image\\\/\"}}]}<\/script>\n<!-- \/ Yoast SEO plugin. -->","yoast_head_json":{"title":"Vernis gel professionnel sans HEMA&amp;TPO Meilleur gel sans HEMA pour salon de manucure-CHROM\u00c9CLAIR","description":"Con\u00e7u sp\u00e9cifiquement pour les peaux sensibles. D\u00e9couvrez le nouveau vernis gel sans HEMA ni TPO de CHROM\u00c9CLAIR dans la teinte SR-03, format professionnel de 17 ml. Offrant une exp\u00e9rience \u00e0 faible irritation et une couleur riche et durable, c'est un choix s\u00fbr pour les techniciens de l'ongle et les amateurs de bricolage.","robots":{"index":"index","follow":"follow","max-snippet":"max-snippet:-1","max-image-preview":"max-image-preview:large","max-video-preview":"max-video-preview:-1"},"canonical":"https:\/\/chromeclair.com\/fr\/produit\/hematpo-free-solid-color-sr-03-17ml\/","og_locale":"fr_FR","og_type":"article","og_title":"Professional HEMA&TPO free gel polish Best HEMA free gel for nail salon-CHROM\u00c9CLAIR","og_description":"Designed specifically for sensitive skin. Explore CHROM\u00c9CLAIR new HEMA & TPO Free solid color gel polish in shade SR-03, 17ml professional size. Offering a low-irritation experience and rich, long-lasting color, it's a safe choice for nail technicians and DIY enthusiasts alike.","og_url":"https:\/\/chromeclair.com\/fr\/produit\/hematpo-free-solid-color-sr-03-17ml\/","og_site_name":"Cat Eye Gel Polish \u2013 HEMA-Free \uff06 TPO-Free","article_modified_time":"2026-04-13T05:52:43+00:00","og_image":[{"width":1024,"height":1024,"url":"https:\/\/chromeclair.com\/wp-content\/uploads\/2025\/11\/SR-03.webp","type":"image\/webp"}],"twitter_card":"summary_large_image","twitter_misc":{"Dur\u00e9e de lecture estim\u00e9e":"1 minute"},"schema":{"@context":"https:\/\/schema.org","@graph":[{"@type":"WebPage","@id":"https:\/\/chromeclair.com\/product\/hematpo-free-solid-color-sr-03-17ml\/","url":"https:\/\/chromeclair.com\/product\/hematpo-free-solid-color-sr-03-17ml\/","name":"Vernis gel professionnel sans HEMA&amp;TPO Meilleur gel sans HEMA pour salon de manucure-CHROM\u00c9CLAIR","isPartOf":{"@id":"https:\/\/chromeclair.com\/#website"},"primaryImageOfPage":{"@id":"https:\/\/chromeclair.com\/product\/hematpo-free-solid-color-sr-03-17ml\/#primaryimage"},"image":{"@id":"https:\/\/chromeclair.com\/product\/hematpo-free-solid-color-sr-03-17ml\/#primaryimage"},"thumbnailUrl":"https:\/\/chromeclair.com\/wp-content\/uploads\/2025\/11\/SR-03.webp","datePublished":"2025-11-11T09:54:51+00:00","dateModified":"2026-04-13T05:52:43+00:00","description":"Con\u00e7u sp\u00e9cifiquement pour les peaux sensibles. D\u00e9couvrez le nouveau vernis gel sans HEMA ni TPO de CHROM\u00c9CLAIR dans la teinte SR-03, format professionnel de 17 ml. Offrant une exp\u00e9rience \u00e0 faible irritation et une couleur riche et durable, c'est un choix s\u00fbr pour les techniciens de l'ongle et les amateurs de bricolage.","inLanguage":"fr-FR","potentialAction":[{"@type":"ReadAction","target":["https:\/\/chromeclair.com\/product\/hematpo-free-solid-color-sr-03-17ml\/"]}]},{"@type":"ImageObject","inLanguage":"fr-FR","@id":"https:\/\/chromeclair.com\/product\/hematpo-free-solid-color-sr-03-17ml\/#primaryimage","url":"https:\/\/chromeclair.com\/wp-content\/uploads\/2025\/11\/SR-03.webp","contentUrl":"https:\/\/chromeclair.com\/wp-content\/uploads\/2025\/11\/SR-03.webp","width":1024,"height":1024,"caption":"Hema-Free and Tpo-free Solid Color SR-03 Plum shade-CHROM\u00c9CLAIR"},{"@type":"WebSite","@id":"https:\/\/chromeclair.com\/#website","url":"https:\/\/chromeclair.com\/","name":"Vernis gel Cat Eye \u2013 Sans HEMA ni TPO","description":"Alors que d'autres se concentrent sur l'ajout de couleurs, nous nous concentrons sur l'utilisation d'ingr\u00e9dients plus s\u00fbrs.","publisher":{"@id":"https:\/\/chromeclair.com\/#organization"},"potentialAction":[{"@type":"SearchAction","target":{"@type":"EntryPoint","urlTemplate":"https:\/\/chromeclair.com\/?s={search_term_string}"},"query-input":{"@type":"PropertyValueSpecification","valueRequired":true,"valueName":"search_term_string"}}],"inLanguage":"fr-FR"},{"@type":"Organization","@id":"https:\/\/chromeclair.com\/#organization","name":"Vernis gel Cat Eye \u2013 Sans HEMA ni TPO","url":"https:\/\/chromeclair.com\/","logo":{"@type":"ImageObject","inLanguage":"fr-FR","@id":"https:\/\/chromeclair.com\/#\/schema\/logo\/image\/","url":"https:\/\/chromeclair.com\/wp-content\/uploads\/2025\/06\/cropped-CHROMECLAIR-Logo-scaled-1.png","contentUrl":"https:\/\/chromeclair.com\/wp-content\/uploads\/2025\/06\/cropped-CHROMECLAIR-Logo-scaled-1.png","width":2151,"height":429,"caption":"Cat Eye Gel Polish \u2013 HEMA-Free \uff06 TPO-Free"},"image":{"@id":"https:\/\/chromeclair.com\/#\/schema\/logo\/image\/"}}]}},"_links":{"self":[{"href":"https:\/\/chromeclair.com\/fr\/wp-json\/wp\/v2\/product\/10135","targetHints":{"allow":["GET"]}}],"collection":[{"href":"https:\/\/chromeclair.com\/fr\/wp-json\/wp\/v2\/product"}],"about":[{"href":"https:\/\/chromeclair.com\/fr\/wp-json\/wp\/v2\/types\/product"}],"replies":[{"embeddable":true,"href":"https:\/\/chromeclair.com\/fr\/wp-json\/wp\/v2\/comments?post=10135"}],"wp:featuredmedia":[{"embeddable":true,"href":"https:\/\/chromeclair.com\/fr\/wp-json\/wp\/v2\/media\/10136"}],"wp:attachment":[{"href":"https:\/\/chromeclair.com\/fr\/wp-json\/wp\/v2\/media?parent=10135"}],"wp:term":[{"taxonomy":"product_brand","embeddable":true,"href":"https:\/\/chromeclair.com\/fr\/wp-json\/wp\/v2\/product_brand?post=10135"},{"taxonomy":"product_cat","embeddable":true,"href":"https:\/\/chromeclair.com\/fr\/wp-json\/wp\/v2\/product_cat?post=10135"},{"taxonomy":"product_tag","embeddable":true,"href":"https:\/\/chromeclair.com\/fr\/wp-json\/wp\/v2\/product_tag?post=10135"}],"curies":[{"name":"wp","href":"https:\/\/api.w.org\/{rel}","templated":true}]}}