{"id":10140,"date":"2025-11-12T02:23:59","date_gmt":"2025-11-12T02:23:59","guid":{"rendered":"https:\/\/chromeclair.com\/?post_type=product&#038;p=10140"},"modified":"2026-04-13T05:52:20","modified_gmt":"2026-04-13T05:52:20","slug":"hematpo-free-solid-color-sr-05-17ml","status":"publish","type":"product","link":"https:\/\/chromeclair.com\/fr\/produit\/hematpo-free-solid-color-sr-05-17ml\/","title":{"rendered":"HEMA&amp;TPO SANS COULEUR UNIE SR-05 17 ML"},"content":{"rendered":"<p>Le noir que vous aviez peur de porter est d\u00e9sormais la couleur la plus s\u00fbre de votre collection.<\/p>\n\n\n\n<p>Les couleurs spectaculaires attirent les formules spectaculaires - et les gels noirs conventionnels ne font pas exception. La plupart contiennent encore du HEMA, un monom\u00e8re soluble dans l'eau qui p\u00e9n\u00e8tre dans la peau lors de lavages r\u00e9p\u00e9t\u00e9s et peut d\u00e9clencher une allergie permanente \u00e0 vie. En septembre 2025, l'Union europ\u00e9enne a interdit l'utilisation du photo-initiateur TPO dans tous les produits pour ongles en gel en raison de sa classification en tant que substance toxique pour la reproduction. Le SR-05 a \u00e9t\u00e9 reformul\u00e9 avant ces deux dates.<\/p>\n\n\n\n<p>SR-05 est un v\u00e9ritable noir de jais opaque - sans sous-ton gris, sans compromis. En un seul passage, il offre une couverture de 100% avec une brillance miroir qui tient jusqu'\u00e0 3 semaines sans se soulever, s'\u00e9cailler ou se r\u00e9tr\u00e9cir sur les bords. Le flacon professionnel de 17 ml permet de r\u00e9aliser environ 30 manucures compl\u00e8tes - ou bien plus lorsqu'il est utilis\u00e9 pour les d\u00e9tails de nail art et les pointes fran\u00e7aises.<\/p>\n\n\n\n<p>La confiance des artistes professionnels de l'ongle pour les dessins g\u00e9om\u00e9triques tr\u00e8s contrast\u00e9s, l'art de l'espace n\u00e9gatif et les manucures fran\u00e7aises graphiques. Tout aussi fiable pour une utilisation \u00e0 domicile, la formule autonivelante pardonne une main instable et se nettoie proprement \u00e0 la cuticule.<\/p>\n\n\n\n<p>Pour les manucures audacieuses \u00e0 couverture totale, les ombres port\u00e9es, les travaux d'art de l'ongle et tous les looks qui prouvent que l'\u00e9l\u00e9gance et la s\u00e9curit\u00e9 ne sont pas oppos\u00e9es.<\/p>\n\n\n\n<p><strong>Vegan - Sans cruaut\u00e9 - Sans HEMA - Sans TPO - Conforme aux normes de l'UE et du Royaume-Uni<\/strong><\/p>","protected":false},"excerpt":{"rendered":"<p>Le noir que vous aviez peur de porter est d\u00e9sormais la couleur la plus s\u00fbre de votre collection. Les couleurs spectaculaires attirent les formules spectaculaires - et les gels noirs conventionnels ne font pas exception. La plupart d'entre eux contiennent encore du HEMA, un monom\u00e8re soluble dans l'eau qui p\u00e9n\u00e8tre dans la peau lors de lavages r\u00e9p\u00e9t\u00e9s et peut d\u00e9clencher une allergie permanente \u00e0 vie. L'UE a interdit l'utilisation du photo-initiateur TPO [...]<\/p>","protected":false},"featured_media":10141,"comment_status":"open","ping_status":"closed","template":"","meta":[],"product_brand":[162],"product_cat":[180],"product_tag":[],"class_list":{"0":"post-10140","1":"product","2":"type-product","3":"status-publish","4":"has-post-thumbnail","6":"product_brand-chromeclair","7":"product_cat-solid-color-gel-polish","9":"first","10":"instock","11":"shipping-taxable","12":"purchasable","13":"product-type-simple"},"yoast_head":"<!-- This site is optimized with the Yoast SEO plugin v26.4 - https:\/\/yoast.com\/wordpress\/plugins\/seo\/ -->\n<title>HEMA Free Black Gel Polish TPO Free Solid Jet Black SR-05, 17ML -CHROM\u00c9CLAIR<\/title>\n<meta name=\"description\" content=\"Discover CHROM\u00c9CLAIR SR-05, our deepest Jet Black in a HEMA &amp; TPO Free formula. This 17ML professional gel delivers unparalleled opacity and a high-gloss finish in one stroke. Achieve crisp nail art and intense, classic black manicures with a gentle, low-irritation gel trusted by professionals.\" \/>\n<meta name=\"robots\" content=\"index, follow, max-snippet:-1, max-image-preview:large, max-video-preview:-1\" \/>\n<link rel=\"canonical\" href=\"https:\/\/chromeclair.com\/fr\/produit\/hematpo-free-solid-color-sr-05-17ml\/\" \/>\n<meta property=\"og:locale\" content=\"fr_FR\" \/>\n<meta property=\"og:type\" content=\"article\" \/>\n<meta property=\"og:title\" content=\"HEMA Free Black Gel Polish TPO Free Solid Jet Black SR-05, 17ML -CHROM\u00c9CLAIR\" \/>\n<meta property=\"og:description\" content=\"Discover CHROM\u00c9CLAIR SR-05, our deepest Jet Black in a HEMA &amp; TPO Free formula. This 17ML professional gel delivers unparalleled opacity and a high-gloss finish in one stroke. Achieve crisp nail art and intense, classic black manicures with a gentle, low-irritation gel trusted by professionals.\" \/>\n<meta property=\"og:url\" content=\"https:\/\/chromeclair.com\/fr\/produit\/hematpo-free-solid-color-sr-05-17ml\/\" \/>\n<meta property=\"og:site_name\" content=\"Cat Eye Gel Polish \u2013 HEMA-Free \uff06 TPO-Free\" \/>\n<meta property=\"article:modified_time\" content=\"2026-04-13T05:52:20+00:00\" \/>\n<meta property=\"og:image\" content=\"https:\/\/chromeclair.com\/wp-content\/uploads\/2025\/11\/SR-05.webp\" \/>\n\t<meta property=\"og:image:width\" content=\"1024\" \/>\n\t<meta property=\"og:image:height\" content=\"1024\" \/>\n\t<meta property=\"og:image:type\" content=\"image\/webp\" \/>\n<meta name=\"twitter:card\" content=\"summary_large_image\" \/>\n<meta name=\"twitter:label1\" content=\"Dur\u00e9e de lecture estim\u00e9e\" \/>\n\t<meta name=\"twitter:data1\" content=\"1 minute\" \/>\n<script type=\"application\/ld+json\" class=\"yoast-schema-graph\">{\"@context\":\"https:\/\/schema.org\",\"@graph\":[{\"@type\":\"WebPage\",\"@id\":\"https:\/\/chromeclair.com\/product\/hematpo-free-solid-color-sr-05-17ml\/\",\"url\":\"https:\/\/chromeclair.com\/product\/hematpo-free-solid-color-sr-05-17ml\/\",\"name\":\"HEMA Free Black Gel Polish TPO Free Solid Jet Black SR-05, 17ML -CHROM\u00c9CLAIR\",\"isPartOf\":{\"@id\":\"https:\/\/chromeclair.com\/#website\"},\"primaryImageOfPage\":{\"@id\":\"https:\/\/chromeclair.com\/product\/hematpo-free-solid-color-sr-05-17ml\/#primaryimage\"},\"image\":{\"@id\":\"https:\/\/chromeclair.com\/product\/hematpo-free-solid-color-sr-05-17ml\/#primaryimage\"},\"thumbnailUrl\":\"https:\/\/chromeclair.com\/wp-content\/uploads\/2025\/11\/SR-05.webp\",\"datePublished\":\"2025-11-12T02:23:59+00:00\",\"dateModified\":\"2026-04-13T05:52:20+00:00\",\"description\":\"Discover CHROM\u00c9CLAIR SR-05, our deepest Jet Black in a HEMA & TPO Free formula. This 17ML professional gel delivers unparalleled opacity and a high-gloss finish in one stroke. Achieve crisp nail art and intense, classic black manicures with a gentle, low-irritation gel trusted by professionals.\",\"breadcrumb\":{\"@id\":\"https:\/\/chromeclair.com\/product\/hematpo-free-solid-color-sr-05-17ml\/#breadcrumb\"},\"inLanguage\":\"fr-FR\",\"potentialAction\":[{\"@type\":\"ReadAction\",\"target\":[\"https:\/\/chromeclair.com\/product\/hematpo-free-solid-color-sr-05-17ml\/\"]}]},{\"@type\":\"ImageObject\",\"inLanguage\":\"fr-FR\",\"@id\":\"https:\/\/chromeclair.com\/product\/hematpo-free-solid-color-sr-05-17ml\/#primaryimage\",\"url\":\"https:\/\/chromeclair.com\/wp-content\/uploads\/2025\/11\/SR-05.webp\",\"contentUrl\":\"https:\/\/chromeclair.com\/wp-content\/uploads\/2025\/11\/SR-05.webp\",\"width\":1024,\"height\":1024,\"caption\":\"Hema-Free and Tpo-free Solid Color SR-05 Black shade-CHROM\u00c9CLAIR\"},{\"@type\":\"BreadcrumbList\",\"@id\":\"https:\/\/chromeclair.com\/product\/hematpo-free-solid-color-sr-05-17ml\/#breadcrumb\",\"itemListElement\":[{\"@type\":\"ListItem\",\"position\":1,\"name\":\"Home\",\"item\":\"https:\/\/chromeclair.com\/\"},{\"@type\":\"ListItem\",\"position\":2,\"name\":\"Shop\",\"item\":\"https:\/\/chromeclair.com\/shop\/\"},{\"@type\":\"ListItem\",\"position\":3,\"name\":\"HEMA&amp;TPO FREE SOLID COLOR SR-05 17ML\"}]},{\"@type\":\"WebSite\",\"@id\":\"https:\/\/chromeclair.com\/#website\",\"url\":\"https:\/\/chromeclair.com\/\",\"name\":\"Cat Eye Gel Polish \u2013 HEMA-Free \uff06 TPO-Free\",\"description\":\"While others focus on having more colors, we focus on having safer ingredients.\",\"publisher\":{\"@id\":\"https:\/\/chromeclair.com\/#organization\"},\"potentialAction\":[{\"@type\":\"SearchAction\",\"target\":{\"@type\":\"EntryPoint\",\"urlTemplate\":\"https:\/\/chromeclair.com\/?s={search_term_string}\"},\"query-input\":{\"@type\":\"PropertyValueSpecification\",\"valueRequired\":true,\"valueName\":\"search_term_string\"}}],\"inLanguage\":\"fr-FR\"},{\"@type\":\"Organization\",\"@id\":\"https:\/\/chromeclair.com\/#organization\",\"name\":\"Cat Eye Gel Polish \u2013 HEMA-Free \uff06 TPO-Free\",\"url\":\"https:\/\/chromeclair.com\/\",\"logo\":{\"@type\":\"ImageObject\",\"inLanguage\":\"fr-FR\",\"@id\":\"https:\/\/chromeclair.com\/#\/schema\/logo\/image\/\",\"url\":\"https:\/\/chromeclair.com\/wp-content\/uploads\/2025\/06\/cropped-CHROMECLAIR-Logo-scaled-1.png\",\"contentUrl\":\"https:\/\/chromeclair.com\/wp-content\/uploads\/2025\/06\/cropped-CHROMECLAIR-Logo-scaled-1.png\",\"width\":2151,\"height\":429,\"caption\":\"Cat Eye Gel Polish \u2013 HEMA-Free \uff06 TPO-Free\"},\"image\":{\"@id\":\"https:\/\/chromeclair.com\/#\/schema\/logo\/image\/\"}}]}<\/script>\n<!-- \/ Yoast SEO plugin. -->","yoast_head_json":{"title":"HEMA Free Black Gel Polish TPO Free Solid Jet Black SR-05, 17ML -CHROM\u00c9CLAIR","description":"D\u00e9couvrez CHROM\u00c9CLAIR SR-05, notre noir de jais le plus profond, dans une formule sans HEMA ni TPO. Ce gel professionnel de 17 ml offre une opacit\u00e9 in\u00e9gal\u00e9e et un fini ultra-brillant en un seul coup de pinceau. R\u00e9alisez des nail art croustillants et des manucures noires intenses et classiques avec un gel doux, \u00e0 faible irritation, qui a la confiance des professionnels.","robots":{"index":"index","follow":"follow","max-snippet":"max-snippet:-1","max-image-preview":"max-image-preview:large","max-video-preview":"max-video-preview:-1"},"canonical":"https:\/\/chromeclair.com\/fr\/produit\/hematpo-free-solid-color-sr-05-17ml\/","og_locale":"fr_FR","og_type":"article","og_title":"HEMA Free Black Gel Polish TPO Free Solid Jet Black SR-05, 17ML -CHROM\u00c9CLAIR","og_description":"Discover CHROM\u00c9CLAIR SR-05, our deepest Jet Black in a HEMA & TPO Free formula. This 17ML professional gel delivers unparalleled opacity and a high-gloss finish in one stroke. Achieve crisp nail art and intense, classic black manicures with a gentle, low-irritation gel trusted by professionals.","og_url":"https:\/\/chromeclair.com\/fr\/produit\/hematpo-free-solid-color-sr-05-17ml\/","og_site_name":"Cat Eye Gel Polish \u2013 HEMA-Free \uff06 TPO-Free","article_modified_time":"2026-04-13T05:52:20+00:00","og_image":[{"width":1024,"height":1024,"url":"https:\/\/chromeclair.com\/wp-content\/uploads\/2025\/11\/SR-05.webp","type":"image\/webp"}],"twitter_card":"summary_large_image","twitter_misc":{"Dur\u00e9e de lecture estim\u00e9e":"1 minute"},"schema":{"@context":"https:\/\/schema.org","@graph":[{"@type":"WebPage","@id":"https:\/\/chromeclair.com\/product\/hematpo-free-solid-color-sr-05-17ml\/","url":"https:\/\/chromeclair.com\/product\/hematpo-free-solid-color-sr-05-17ml\/","name":"HEMA Free Black Gel Polish TPO Free Solid Jet Black SR-05, 17ML -CHROM\u00c9CLAIR","isPartOf":{"@id":"https:\/\/chromeclair.com\/#website"},"primaryImageOfPage":{"@id":"https:\/\/chromeclair.com\/product\/hematpo-free-solid-color-sr-05-17ml\/#primaryimage"},"image":{"@id":"https:\/\/chromeclair.com\/product\/hematpo-free-solid-color-sr-05-17ml\/#primaryimage"},"thumbnailUrl":"https:\/\/chromeclair.com\/wp-content\/uploads\/2025\/11\/SR-05.webp","datePublished":"2025-11-12T02:23:59+00:00","dateModified":"2026-04-13T05:52:20+00:00","description":"D\u00e9couvrez CHROM\u00c9CLAIR SR-05, notre noir de jais le plus profond, dans une formule sans HEMA ni TPO. Ce gel professionnel de 17 ml offre une opacit\u00e9 in\u00e9gal\u00e9e et un fini ultra-brillant en un seul coup de pinceau. R\u00e9alisez des nail art croustillants et des manucures noires intenses et classiques avec un gel doux, \u00e0 faible irritation, qui a la confiance des professionnels.","breadcrumb":{"@id":"https:\/\/chromeclair.com\/product\/hematpo-free-solid-color-sr-05-17ml\/#breadcrumb"},"inLanguage":"fr-FR","potentialAction":[{"@type":"ReadAction","target":["https:\/\/chromeclair.com\/product\/hematpo-free-solid-color-sr-05-17ml\/"]}]},{"@type":"ImageObject","inLanguage":"fr-FR","@id":"https:\/\/chromeclair.com\/product\/hematpo-free-solid-color-sr-05-17ml\/#primaryimage","url":"https:\/\/chromeclair.com\/wp-content\/uploads\/2025\/11\/SR-05.webp","contentUrl":"https:\/\/chromeclair.com\/wp-content\/uploads\/2025\/11\/SR-05.webp","width":1024,"height":1024,"caption":"Hema-Free and Tpo-free Solid Color SR-05 Black shade-CHROM\u00c9CLAIR"},{"@type":"BreadcrumbList","@id":"https:\/\/chromeclair.com\/product\/hematpo-free-solid-color-sr-05-17ml\/#breadcrumb","itemListElement":[{"@type":"ListItem","position":1,"name":"Home","item":"https:\/\/chromeclair.com\/"},{"@type":"ListItem","position":2,"name":"Shop","item":"https:\/\/chromeclair.com\/shop\/"},{"@type":"ListItem","position":3,"name":"HEMA&amp;TPO FREE SOLID COLOR SR-05 17ML"}]},{"@type":"WebSite","@id":"https:\/\/chromeclair.com\/#website","url":"https:\/\/chromeclair.com\/","name":"Vernis gel Cat Eye \u2013 Sans HEMA ni TPO","description":"Alors que d'autres se concentrent sur l'ajout de couleurs, nous nous concentrons sur l'utilisation d'ingr\u00e9dients plus s\u00fbrs.","publisher":{"@id":"https:\/\/chromeclair.com\/#organization"},"potentialAction":[{"@type":"SearchAction","target":{"@type":"EntryPoint","urlTemplate":"https:\/\/chromeclair.com\/?s={search_term_string}"},"query-input":{"@type":"PropertyValueSpecification","valueRequired":true,"valueName":"search_term_string"}}],"inLanguage":"fr-FR"},{"@type":"Organization","@id":"https:\/\/chromeclair.com\/#organization","name":"Vernis gel Cat Eye \u2013 Sans HEMA ni TPO","url":"https:\/\/chromeclair.com\/","logo":{"@type":"ImageObject","inLanguage":"fr-FR","@id":"https:\/\/chromeclair.com\/#\/schema\/logo\/image\/","url":"https:\/\/chromeclair.com\/wp-content\/uploads\/2025\/06\/cropped-CHROMECLAIR-Logo-scaled-1.png","contentUrl":"https:\/\/chromeclair.com\/wp-content\/uploads\/2025\/06\/cropped-CHROMECLAIR-Logo-scaled-1.png","width":2151,"height":429,"caption":"Cat Eye Gel Polish \u2013 HEMA-Free \uff06 TPO-Free"},"image":{"@id":"https:\/\/chromeclair.com\/#\/schema\/logo\/image\/"}}]}},"_links":{"self":[{"href":"https:\/\/chromeclair.com\/fr\/wp-json\/wp\/v2\/product\/10140","targetHints":{"allow":["GET"]}}],"collection":[{"href":"https:\/\/chromeclair.com\/fr\/wp-json\/wp\/v2\/product"}],"about":[{"href":"https:\/\/chromeclair.com\/fr\/wp-json\/wp\/v2\/types\/product"}],"replies":[{"embeddable":true,"href":"https:\/\/chromeclair.com\/fr\/wp-json\/wp\/v2\/comments?post=10140"}],"wp:featuredmedia":[{"embeddable":true,"href":"https:\/\/chromeclair.com\/fr\/wp-json\/wp\/v2\/media\/10141"}],"wp:attachment":[{"href":"https:\/\/chromeclair.com\/fr\/wp-json\/wp\/v2\/media?parent=10140"}],"wp:term":[{"taxonomy":"product_brand","embeddable":true,"href":"https:\/\/chromeclair.com\/fr\/wp-json\/wp\/v2\/product_brand?post=10140"},{"taxonomy":"product_cat","embeddable":true,"href":"https:\/\/chromeclair.com\/fr\/wp-json\/wp\/v2\/product_cat?post=10140"},{"taxonomy":"product_tag","embeddable":true,"href":"https:\/\/chromeclair.com\/fr\/wp-json\/wp\/v2\/product_tag?post=10140"}],"curies":[{"name":"wp","href":"https:\/\/api.w.org\/{rel}","templated":true}]}}