{"id":10148,"date":"2025-11-12T03:00:17","date_gmt":"2025-11-12T03:00:17","guid":{"rendered":"https:\/\/chromeclair.com\/?post_type=product&#038;p=10148"},"modified":"2026-04-13T05:51:39","modified_gmt":"2026-04-13T05:51:39","slug":"hematpo-free-solid-color-sr-09-17ml","status":"publish","type":"product","link":"https:\/\/chromeclair.com\/fr\/produit\/hematpo-free-solid-color-sr-09-17ml\/","title":{"rendered":"HEMA&amp;TPO FREE SOLID COLOR SR-09 17ML"},"content":{"rendered":"<p>La fra\u00eecheur de l'eau \u00e0 la menthe, d\u00e9livr\u00e9e par une formule dont votre peau vous remerciera.<\/p>\n\n\n\n<p>Les gels pastel ont l'air doux, mais leurs formules le sont rarement. Pour obtenir une saturation douce et laiteuse des couleurs dans les pastels, il faut souvent des concentrations plus \u00e9lev\u00e9es de monom\u00e8res et de photo-initiateurs - les compos\u00e9s les plus souvent associ\u00e9s \u00e0 l'allergie de contact aux gels. Une recherche m\u00e9dicale publi\u00e9e en 2026 a r\u00e9v\u00e9l\u00e9 que 54% des utilisateurs r\u00e9guliers de gel \u00e0 domicile ont signal\u00e9 des r\u00e9actions cutan\u00e9es ind\u00e9sirables. SR-09 a \u00e9t\u00e9 con\u00e7u pour que vous ne fassiez pas partie de ces statistiques.<\/p>\n\n\n\n<p>SR-09 est d'une douce couleur menthe-aqua - fra\u00eeche, nette et uniforme, sans la d\u00e9rive jaune qui peut donner aux pastels un aspect vieillot. Sans HEMA ni TPO, la formule de 17 ml offre une couverture lisse et modulable qui durcit pour obtenir un fini semblable \u00e0 celui du verre. Deux couches fines permettent d'obtenir une opacit\u00e9 totale sans trace ; une couche l\u00e9g\u00e8re cr\u00e9e un effet transparent et g\u00e9lifi\u00e9, parfait pour le nail art en d\u00e9grad\u00e9.<\/p>\n\n\n\n<p>Populaire aupr\u00e8s des artistes de l'ongle pour sa polyvalence : utilisez-le comme un pastel autonome, comme base pour le stamping, ou m\u00e9lang\u00e9 avec le bleu poudre SR-11 pour une ombre sans faille. Les clientes ayant des sensibilit\u00e9s connues et \u00e0 qui l'on a dit d'arr\u00eater compl\u00e8tement le gel lui font confiance.<\/p>\n\n\n\n<p>Parfait pour les looks de printemps et d'\u00e9t\u00e9, le nail art inspir\u00e9 de la plage, les effets d'aquarelle, et pour tous ceux qui veulent une couleur aussi douce au toucher qu'\u00e0 l'\u0153il.<\/p>\n\n\n\n<p><strong>Vegan - Sans cruaut\u00e9 - Sans HEMA - Sans TPO - Conforme aux normes de l'UE et du Royaume-Uni<\/strong><\/p>","protected":false},"excerpt":{"rendered":"<p>Doit \u00eatre utilis\u00e9 avec une lampe UV ou une lampe LED<\/p>","protected":false},"featured_media":10149,"comment_status":"open","ping_status":"closed","template":"","meta":[],"product_brand":[162],"product_cat":[180],"product_tag":[],"class_list":{"0":"post-10148","1":"product","2":"type-product","3":"status-publish","4":"has-post-thumbnail","6":"product_brand-chromeclair","7":"product_cat-solid-color-gel-polish","9":"first","10":"instock","11":"shipping-taxable","12":"purchasable","13":"product-type-simple"},"yoast_head":"<!-- This site is optimized with the Yoast SEO plugin v26.4 - https:\/\/yoast.com\/wordpress\/plugins\/seo\/ -->\n<title>HEMA Free Pastel Turquoise Nail Polish Soft Seafoam SR-09, 17ML Professional -CHROM\u00c9CLAIR<\/title>\n<meta name=\"description\" content=\"Elevate your palette with CHROM\u00c9CLAIR SR-09, a refined pastel turquoise. This unique blue-green shade is HEMA Free and housed in a professional 17ML bottle. Delivering even, opaque coverage, it&#039;s ideal for creating serene nail designs, French manicure accents, and looks that radiate understated luxury.\" \/>\n<meta name=\"robots\" content=\"index, follow, max-snippet:-1, max-image-preview:large, max-video-preview:-1\" \/>\n<link rel=\"canonical\" href=\"https:\/\/chromeclair.com\/fr\/produit\/hematpo-free-solid-color-sr-09-17ml\/\" \/>\n<meta property=\"og:locale\" content=\"fr_FR\" \/>\n<meta property=\"og:type\" content=\"article\" \/>\n<meta property=\"og:title\" content=\"HEMA Free Pastel Turquoise Nail Polish Soft Seafoam SR-09, 17ML Professional -CHROM\u00c9CLAIR\" \/>\n<meta property=\"og:description\" content=\"Elevate your palette with CHROM\u00c9CLAIR SR-09, a refined pastel turquoise. This unique blue-green shade is HEMA Free and housed in a professional 17ML bottle. Delivering even, opaque coverage, it&#039;s ideal for creating serene nail designs, French manicure accents, and looks that radiate understated luxury.\" \/>\n<meta property=\"og:url\" content=\"https:\/\/chromeclair.com\/fr\/produit\/hematpo-free-solid-color-sr-09-17ml\/\" \/>\n<meta property=\"og:site_name\" content=\"Cat Eye Gel Polish \u2013 HEMA-Free \uff06 TPO-Free\" \/>\n<meta property=\"article:modified_time\" content=\"2026-04-13T05:51:39+00:00\" \/>\n<meta property=\"og:image\" content=\"https:\/\/chromeclair.com\/wp-content\/uploads\/2025\/11\/SR-09.webp\" \/>\n\t<meta property=\"og:image:width\" content=\"1024\" \/>\n\t<meta property=\"og:image:height\" content=\"1024\" \/>\n\t<meta property=\"og:image:type\" content=\"image\/webp\" \/>\n<meta name=\"twitter:card\" content=\"summary_large_image\" \/>\n<meta name=\"twitter:label1\" content=\"Dur\u00e9e de lecture estim\u00e9e\" \/>\n\t<meta name=\"twitter:data1\" content=\"1 minute\" \/>\n<script type=\"application\/ld+json\" class=\"yoast-schema-graph\">{\"@context\":\"https:\/\/schema.org\",\"@graph\":[{\"@type\":\"WebPage\",\"@id\":\"https:\/\/chromeclair.com\/product\/hematpo-free-solid-color-sr-09-17ml\/\",\"url\":\"https:\/\/chromeclair.com\/product\/hematpo-free-solid-color-sr-09-17ml\/\",\"name\":\"HEMA Free Pastel Turquoise Nail Polish Soft Seafoam SR-09, 17ML Professional -CHROM\u00c9CLAIR\",\"isPartOf\":{\"@id\":\"https:\/\/chromeclair.com\/#website\"},\"primaryImageOfPage\":{\"@id\":\"https:\/\/chromeclair.com\/product\/hematpo-free-solid-color-sr-09-17ml\/#primaryimage\"},\"image\":{\"@id\":\"https:\/\/chromeclair.com\/product\/hematpo-free-solid-color-sr-09-17ml\/#primaryimage\"},\"thumbnailUrl\":\"https:\/\/chromeclair.com\/wp-content\/uploads\/2025\/11\/SR-09.webp\",\"datePublished\":\"2025-11-12T03:00:17+00:00\",\"dateModified\":\"2026-04-13T05:51:39+00:00\",\"description\":\"Elevate your palette with CHROM\u00c9CLAIR SR-09, a refined pastel turquoise. This unique blue-green shade is HEMA Free and housed in a professional 17ML bottle. Delivering even, opaque coverage, it's ideal for creating serene nail designs, French manicure accents, and looks that radiate understated luxury.\",\"breadcrumb\":{\"@id\":\"https:\/\/chromeclair.com\/product\/hematpo-free-solid-color-sr-09-17ml\/#breadcrumb\"},\"inLanguage\":\"fr-FR\",\"potentialAction\":[{\"@type\":\"ReadAction\",\"target\":[\"https:\/\/chromeclair.com\/product\/hematpo-free-solid-color-sr-09-17ml\/\"]}]},{\"@type\":\"ImageObject\",\"inLanguage\":\"fr-FR\",\"@id\":\"https:\/\/chromeclair.com\/product\/hematpo-free-solid-color-sr-09-17ml\/#primaryimage\",\"url\":\"https:\/\/chromeclair.com\/wp-content\/uploads\/2025\/11\/SR-09.webp\",\"contentUrl\":\"https:\/\/chromeclair.com\/wp-content\/uploads\/2025\/11\/SR-09.webp\",\"width\":1024,\"height\":1024},{\"@type\":\"BreadcrumbList\",\"@id\":\"https:\/\/chromeclair.com\/product\/hematpo-free-solid-color-sr-09-17ml\/#breadcrumb\",\"itemListElement\":[{\"@type\":\"ListItem\",\"position\":1,\"name\":\"Home\",\"item\":\"https:\/\/chromeclair.com\/\"},{\"@type\":\"ListItem\",\"position\":2,\"name\":\"Shop\",\"item\":\"https:\/\/chromeclair.com\/shop\/\"},{\"@type\":\"ListItem\",\"position\":3,\"name\":\"HEMA&amp;TPO FREE SOLID COLOR SR-09 17ML\"}]},{\"@type\":\"WebSite\",\"@id\":\"https:\/\/chromeclair.com\/#website\",\"url\":\"https:\/\/chromeclair.com\/\",\"name\":\"Cat Eye Gel Polish \u2013 HEMA-Free \uff06 TPO-Free\",\"description\":\"While others focus on having more colors, we focus on having safer ingredients.\",\"publisher\":{\"@id\":\"https:\/\/chromeclair.com\/#organization\"},\"potentialAction\":[{\"@type\":\"SearchAction\",\"target\":{\"@type\":\"EntryPoint\",\"urlTemplate\":\"https:\/\/chromeclair.com\/?s={search_term_string}\"},\"query-input\":{\"@type\":\"PropertyValueSpecification\",\"valueRequired\":true,\"valueName\":\"search_term_string\"}}],\"inLanguage\":\"fr-FR\"},{\"@type\":\"Organization\",\"@id\":\"https:\/\/chromeclair.com\/#organization\",\"name\":\"Cat Eye Gel Polish \u2013 HEMA-Free \uff06 TPO-Free\",\"url\":\"https:\/\/chromeclair.com\/\",\"logo\":{\"@type\":\"ImageObject\",\"inLanguage\":\"fr-FR\",\"@id\":\"https:\/\/chromeclair.com\/#\/schema\/logo\/image\/\",\"url\":\"https:\/\/chromeclair.com\/wp-content\/uploads\/2025\/06\/cropped-CHROMECLAIR-Logo-scaled-1.png\",\"contentUrl\":\"https:\/\/chromeclair.com\/wp-content\/uploads\/2025\/06\/cropped-CHROMECLAIR-Logo-scaled-1.png\",\"width\":2151,\"height\":429,\"caption\":\"Cat Eye Gel Polish \u2013 HEMA-Free \uff06 TPO-Free\"},\"image\":{\"@id\":\"https:\/\/chromeclair.com\/#\/schema\/logo\/image\/\"}}]}<\/script>\n<!-- \/ Yoast SEO plugin. -->","yoast_head_json":{"title":"Vernis \u00e0 ongles pastel turquoise sans HEMA Soft Seafoam SR-09, 17ML Professionnel -CHROM\u00c9CLAIR","description":"Rehaussez votre palette avec CHROM\u00c9CLAIR SR-09, un turquoise pastel raffin\u00e9. Cette teinte bleu-vert unique est exempte de HEMA et se pr\u00e9sente dans un flacon professionnel de 17 ml. Offrant une couverture uniforme et opaque, elle est id\u00e9ale pour cr\u00e9er des dessins d'ongles sereins, des accents de manucure fran\u00e7aise et des looks qui rayonnent d'un luxe discret.","robots":{"index":"index","follow":"follow","max-snippet":"max-snippet:-1","max-image-preview":"max-image-preview:large","max-video-preview":"max-video-preview:-1"},"canonical":"https:\/\/chromeclair.com\/fr\/produit\/hematpo-free-solid-color-sr-09-17ml\/","og_locale":"fr_FR","og_type":"article","og_title":"HEMA Free Pastel Turquoise Nail Polish Soft Seafoam SR-09, 17ML Professional -CHROM\u00c9CLAIR","og_description":"Elevate your palette with CHROM\u00c9CLAIR SR-09, a refined pastel turquoise. This unique blue-green shade is HEMA Free and housed in a professional 17ML bottle. Delivering even, opaque coverage, it's ideal for creating serene nail designs, French manicure accents, and looks that radiate understated luxury.","og_url":"https:\/\/chromeclair.com\/fr\/produit\/hematpo-free-solid-color-sr-09-17ml\/","og_site_name":"Cat Eye Gel Polish \u2013 HEMA-Free \uff06 TPO-Free","article_modified_time":"2026-04-13T05:51:39+00:00","og_image":[{"width":1024,"height":1024,"url":"https:\/\/chromeclair.com\/wp-content\/uploads\/2025\/11\/SR-09.webp","type":"image\/webp"}],"twitter_card":"summary_large_image","twitter_misc":{"Dur\u00e9e de lecture estim\u00e9e":"1 minute"},"schema":{"@context":"https:\/\/schema.org","@graph":[{"@type":"WebPage","@id":"https:\/\/chromeclair.com\/product\/hematpo-free-solid-color-sr-09-17ml\/","url":"https:\/\/chromeclair.com\/product\/hematpo-free-solid-color-sr-09-17ml\/","name":"Vernis \u00e0 ongles pastel turquoise sans HEMA Soft Seafoam SR-09, 17ML Professionnel -CHROM\u00c9CLAIR","isPartOf":{"@id":"https:\/\/chromeclair.com\/#website"},"primaryImageOfPage":{"@id":"https:\/\/chromeclair.com\/product\/hematpo-free-solid-color-sr-09-17ml\/#primaryimage"},"image":{"@id":"https:\/\/chromeclair.com\/product\/hematpo-free-solid-color-sr-09-17ml\/#primaryimage"},"thumbnailUrl":"https:\/\/chromeclair.com\/wp-content\/uploads\/2025\/11\/SR-09.webp","datePublished":"2025-11-12T03:00:17+00:00","dateModified":"2026-04-13T05:51:39+00:00","description":"Rehaussez votre palette avec CHROM\u00c9CLAIR SR-09, un turquoise pastel raffin\u00e9. Cette teinte bleu-vert unique est exempte de HEMA et se pr\u00e9sente dans un flacon professionnel de 17 ml. Offrant une couverture uniforme et opaque, elle est id\u00e9ale pour cr\u00e9er des dessins d'ongles sereins, des accents de manucure fran\u00e7aise et des looks qui rayonnent d'un luxe discret.","breadcrumb":{"@id":"https:\/\/chromeclair.com\/product\/hematpo-free-solid-color-sr-09-17ml\/#breadcrumb"},"inLanguage":"fr-FR","potentialAction":[{"@type":"ReadAction","target":["https:\/\/chromeclair.com\/product\/hematpo-free-solid-color-sr-09-17ml\/"]}]},{"@type":"ImageObject","inLanguage":"fr-FR","@id":"https:\/\/chromeclair.com\/product\/hematpo-free-solid-color-sr-09-17ml\/#primaryimage","url":"https:\/\/chromeclair.com\/wp-content\/uploads\/2025\/11\/SR-09.webp","contentUrl":"https:\/\/chromeclair.com\/wp-content\/uploads\/2025\/11\/SR-09.webp","width":1024,"height":1024},{"@type":"BreadcrumbList","@id":"https:\/\/chromeclair.com\/product\/hematpo-free-solid-color-sr-09-17ml\/#breadcrumb","itemListElement":[{"@type":"ListItem","position":1,"name":"Home","item":"https:\/\/chromeclair.com\/"},{"@type":"ListItem","position":2,"name":"Shop","item":"https:\/\/chromeclair.com\/shop\/"},{"@type":"ListItem","position":3,"name":"HEMA&amp;TPO FREE SOLID COLOR SR-09 17ML"}]},{"@type":"WebSite","@id":"https:\/\/chromeclair.com\/#website","url":"https:\/\/chromeclair.com\/","name":"Vernis gel Cat Eye \u2013 Sans HEMA ni TPO","description":"Alors que d'autres se concentrent sur l'ajout de couleurs, nous nous concentrons sur l'utilisation d'ingr\u00e9dients plus s\u00fbrs.","publisher":{"@id":"https:\/\/chromeclair.com\/#organization"},"potentialAction":[{"@type":"SearchAction","target":{"@type":"EntryPoint","urlTemplate":"https:\/\/chromeclair.com\/?s={search_term_string}"},"query-input":{"@type":"PropertyValueSpecification","valueRequired":true,"valueName":"search_term_string"}}],"inLanguage":"fr-FR"},{"@type":"Organization","@id":"https:\/\/chromeclair.com\/#organization","name":"Vernis gel Cat Eye \u2013 Sans HEMA ni TPO","url":"https:\/\/chromeclair.com\/","logo":{"@type":"ImageObject","inLanguage":"fr-FR","@id":"https:\/\/chromeclair.com\/#\/schema\/logo\/image\/","url":"https:\/\/chromeclair.com\/wp-content\/uploads\/2025\/06\/cropped-CHROMECLAIR-Logo-scaled-1.png","contentUrl":"https:\/\/chromeclair.com\/wp-content\/uploads\/2025\/06\/cropped-CHROMECLAIR-Logo-scaled-1.png","width":2151,"height":429,"caption":"Cat Eye Gel Polish \u2013 HEMA-Free \uff06 TPO-Free"},"image":{"@id":"https:\/\/chromeclair.com\/#\/schema\/logo\/image\/"}}]}},"_links":{"self":[{"href":"https:\/\/chromeclair.com\/fr\/wp-json\/wp\/v2\/product\/10148","targetHints":{"allow":["GET"]}}],"collection":[{"href":"https:\/\/chromeclair.com\/fr\/wp-json\/wp\/v2\/product"}],"about":[{"href":"https:\/\/chromeclair.com\/fr\/wp-json\/wp\/v2\/types\/product"}],"replies":[{"embeddable":true,"href":"https:\/\/chromeclair.com\/fr\/wp-json\/wp\/v2\/comments?post=10148"}],"wp:featuredmedia":[{"embeddable":true,"href":"https:\/\/chromeclair.com\/fr\/wp-json\/wp\/v2\/media\/10149"}],"wp:attachment":[{"href":"https:\/\/chromeclair.com\/fr\/wp-json\/wp\/v2\/media?parent=10148"}],"wp:term":[{"taxonomy":"product_brand","embeddable":true,"href":"https:\/\/chromeclair.com\/fr\/wp-json\/wp\/v2\/product_brand?post=10148"},{"taxonomy":"product_cat","embeddable":true,"href":"https:\/\/chromeclair.com\/fr\/wp-json\/wp\/v2\/product_cat?post=10148"},{"taxonomy":"product_tag","embeddable":true,"href":"https:\/\/chromeclair.com\/fr\/wp-json\/wp\/v2\/product_tag?post=10148"}],"curies":[{"name":"wp","href":"https:\/\/api.w.org\/{rel}","templated":true}]}}