{"id":10158,"date":"2025-11-12T03:29:50","date_gmt":"2025-11-12T03:29:50","guid":{"rendered":"https:\/\/chromeclair.com\/?post_type=product&#038;p=10158"},"modified":"2026-04-13T05:50:44","modified_gmt":"2026-04-13T05:50:44","slug":"hematpo-free-solid-color-sr-13-17ml","status":"publish","type":"product","link":"https:\/\/chromeclair.com\/fr\/product\/hematpo-free-solid-color-sr-13-17ml\/","title":{"rendered":"HEMA&amp;TPO FREE SOLID COLOR SR-13 17ML"},"content":{"rendered":"<p>Le nude beige chaud qui convient \u00e0 toutes les carnations - et qui n'agit jamais contre votre peau.<\/p>\n\n\n\n<p>Le vernis gel nude est la couleur que la plupart des clientes portent le plus souvent - et donc la formule \u00e0 laquelle elles sont le plus souvent expos\u00e9es. L'exposition cumulative aux HEMA est le principal facteur d'allergie de contact au gel. Les professionnels de l'ongle qui comprennent le mieux le risque de sensibilisation sont ceux qui ont d'abord adopt\u00e9 des formules sans HEMA pour leurs clientes de tous les jours. SR-13 est le nu qu'ils utilisent.<\/p>\n\n\n\n<p>SR-13 est un beige-rose chaud et \u00e9quilibr\u00e9 - pas trop rose pour ressembler \u00e0 un nude, pas trop beige pour para\u00eetre d\u00e9lav\u00e9. Il se situe au point m\u00e9dian pr\u00e9cis qui allonge l'ongle et compl\u00e8te les tons de peau clairs et moyens sans cr\u00e9er de contraste. Sans HEMA ni TPO, la formule de 17 ml offre une couverture lisse et sans stries, ainsi qu'un fini brillant et durable qui tient pendant 2 \u00e0 3 semaines.<\/p>\n\n\n\n<p>Le choix par excellence pour les manucures de mari\u00e9es, les environnements professionnels, les pointes fran\u00e7aises et les clientes qui veulent une couleur qui dispara\u00eet dans leur main de la mani\u00e8re la plus flatteuse possible. S\u00fbr pour un usage quotidien sans risque de sensibilisation cumulative.<\/p>\n\n\n\n<p>Souvent utilis\u00e9 comme base de m\u00e9lange pour cr\u00e9er des teintes nude personnalis\u00e9es. S'associe parfaitement au blanc SR-21 pour une manucure fran\u00e7aise douce.<\/p>\n\n\n\n<p><strong>Vegan - Sans cruaut\u00e9 - Sans HEMA - Sans TPO - Conforme aux normes de l'UE et du Royaume-Uni<\/strong><\/p>","protected":false},"excerpt":{"rendered":"<p>Doit \u00eatre utilis\u00e9 avec une lampe UV ou une lampe LED<\/p>","protected":false},"featured_media":10159,"comment_status":"open","ping_status":"closed","template":"","meta":[],"product_brand":[162],"product_cat":[180],"product_tag":[],"class_list":{"0":"post-10158","1":"product","2":"type-product","3":"status-publish","4":"has-post-thumbnail","6":"product_brand-chromeclair","7":"product_cat-solid-color-gel-polish","9":"first","10":"instock","11":"shipping-taxable","12":"purchasable","13":"product-type-simple"},"yoast_head":"<!-- This site is optimized with the Yoast SEO plugin v27.4 - https:\/\/yoast.com\/product\/yoast-seo-wordpress\/ -->\n<title>Nude Gel Polish SR-13 HEMA Free TPO Free Pinkish Beige -CHROM\u00c9CLAIR<\/title>\n<meta name=\"description\" content=\"Meet CHROM\u00c9CLAIR SR-13 - your perfect everyday greige. This soft pinkish-beige shade is HEMA &amp; TPO Free, providing a versatile 17ML option for understated elegance. Its warm tone complements all skin tones, making it ideal for office wear, French manicures, and minimalist nail art with a luxurious touch.\" \/>\n<meta name=\"robots\" content=\"index, follow, max-snippet:-1, max-image-preview:large, max-video-preview:-1\" \/>\n<link rel=\"canonical\" href=\"https:\/\/chromeclair.com\/fr\/produit\/hematpo-free-solid-color-sr-13-17ml\/\" \/>\n<meta property=\"og:locale\" content=\"fr_FR\" \/>\n<meta property=\"og:type\" content=\"article\" \/>\n<meta property=\"og:title\" content=\"Nude Gel Polish SR-13 HEMA Free TPO Free Pinkish Beige -CHROM\u00c9CLAIR\" \/>\n<meta property=\"og:description\" content=\"Meet CHROM\u00c9CLAIR SR-13 - your perfect everyday greige. This soft pinkish-beige shade is HEMA &amp; TPO Free, providing a versatile 17ML option for understated elegance. Its warm tone complements all skin tones, making it ideal for office wear, French manicures, and minimalist nail art with a luxurious touch.\" \/>\n<meta property=\"og:url\" content=\"https:\/\/chromeclair.com\/fr\/produit\/hematpo-free-solid-color-sr-13-17ml\/\" \/>\n<meta property=\"og:site_name\" content=\"Cat Eye Gel Polish \u2013 HEMA-Free \uff06 TPO-Free\" \/>\n<meta property=\"article:modified_time\" content=\"2026-04-13T05:50:44+00:00\" \/>\n<meta property=\"og:image\" content=\"https:\/\/chromeclair.com\/wp-content\/uploads\/2025\/11\/SR-13.webp\" \/>\n\t<meta property=\"og:image:width\" content=\"1024\" \/>\n\t<meta property=\"og:image:height\" content=\"1024\" \/>\n\t<meta property=\"og:image:type\" content=\"image\/webp\" \/>\n<meta name=\"twitter:card\" content=\"summary_large_image\" \/>\n<meta name=\"twitter:label1\" content=\"Dur\u00e9e de lecture estim\u00e9e\" \/>\n\t<meta name=\"twitter:data1\" content=\"1 minute\" \/>\n<script type=\"application\/ld+json\" class=\"yoast-schema-graph\">{\"@context\":\"https:\\\/\\\/schema.org\",\"@graph\":[{\"@type\":\"WebPage\",\"@id\":\"https:\\\/\\\/chromeclair.com\\\/product\\\/hematpo-free-solid-color-sr-13-17ml\\\/\",\"url\":\"https:\\\/\\\/chromeclair.com\\\/product\\\/hematpo-free-solid-color-sr-13-17ml\\\/\",\"name\":\"Nude Gel Polish SR-13 HEMA Free TPO Free Pinkish Beige -CHROM\u00c9CLAIR\",\"isPartOf\":{\"@id\":\"https:\\\/\\\/chromeclair.com\\\/#website\"},\"primaryImageOfPage\":{\"@id\":\"https:\\\/\\\/chromeclair.com\\\/product\\\/hematpo-free-solid-color-sr-13-17ml\\\/#primaryimage\"},\"image\":{\"@id\":\"https:\\\/\\\/chromeclair.com\\\/product\\\/hematpo-free-solid-color-sr-13-17ml\\\/#primaryimage\"},\"thumbnailUrl\":\"https:\\\/\\\/chromeclair.com\\\/wp-content\\\/uploads\\\/2025\\\/11\\\/SR-13.webp\",\"datePublished\":\"2025-11-12T03:29:50+00:00\",\"dateModified\":\"2026-04-13T05:50:44+00:00\",\"description\":\"Meet CHROM\u00c9CLAIR SR-13 - your perfect everyday greige. This soft pinkish-beige shade is HEMA & TPO Free, providing a versatile 17ML option for understated elegance. Its warm tone complements all skin tones, making it ideal for office wear, French manicures, and minimalist nail art with a luxurious touch.\",\"inLanguage\":\"fr-FR\",\"potentialAction\":[{\"@type\":\"ReadAction\",\"target\":[\"https:\\\/\\\/chromeclair.com\\\/product\\\/hematpo-free-solid-color-sr-13-17ml\\\/\"]}]},{\"@type\":\"ImageObject\",\"inLanguage\":\"fr-FR\",\"@id\":\"https:\\\/\\\/chromeclair.com\\\/product\\\/hematpo-free-solid-color-sr-13-17ml\\\/#primaryimage\",\"url\":\"https:\\\/\\\/chromeclair.com\\\/wp-content\\\/uploads\\\/2025\\\/11\\\/SR-13.webp\",\"contentUrl\":\"https:\\\/\\\/chromeclair.com\\\/wp-content\\\/uploads\\\/2025\\\/11\\\/SR-13.webp\",\"width\":1024,\"height\":1024,\"caption\":\"Hema-Free and Tpo-free Solid Color SR-13 Beige shade-CHROM\u00c9CLAIR\"},{\"@type\":\"WebSite\",\"@id\":\"https:\\\/\\\/chromeclair.com\\\/#website\",\"url\":\"https:\\\/\\\/chromeclair.com\\\/\",\"name\":\"Cat Eye Gel Polish \u2013 HEMA-Free \uff06 TPO-Free\",\"description\":\"While others focus on having more colors, we focus on having safer ingredients.\",\"publisher\":{\"@id\":\"https:\\\/\\\/chromeclair.com\\\/#organization\"},\"potentialAction\":[{\"@type\":\"SearchAction\",\"target\":{\"@type\":\"EntryPoint\",\"urlTemplate\":\"https:\\\/\\\/chromeclair.com\\\/?s={search_term_string}\"},\"query-input\":{\"@type\":\"PropertyValueSpecification\",\"valueRequired\":true,\"valueName\":\"search_term_string\"}}],\"inLanguage\":\"fr-FR\"},{\"@type\":\"Organization\",\"@id\":\"https:\\\/\\\/chromeclair.com\\\/#organization\",\"name\":\"Cat Eye Gel Polish \u2013 HEMA-Free \uff06 TPO-Free\",\"url\":\"https:\\\/\\\/chromeclair.com\\\/\",\"logo\":{\"@type\":\"ImageObject\",\"inLanguage\":\"fr-FR\",\"@id\":\"https:\\\/\\\/chromeclair.com\\\/#\\\/schema\\\/logo\\\/image\\\/\",\"url\":\"https:\\\/\\\/chromeclair.com\\\/wp-content\\\/uploads\\\/2025\\\/06\\\/cropped-CHROMECLAIR-Logo-scaled-1.png\",\"contentUrl\":\"https:\\\/\\\/chromeclair.com\\\/wp-content\\\/uploads\\\/2025\\\/06\\\/cropped-CHROMECLAIR-Logo-scaled-1.png\",\"width\":2151,\"height\":429,\"caption\":\"Cat Eye Gel Polish \u2013 HEMA-Free \uff06 TPO-Free\"},\"image\":{\"@id\":\"https:\\\/\\\/chromeclair.com\\\/#\\\/schema\\\/logo\\\/image\\\/\"}}]}<\/script>\n<!-- \/ Yoast SEO plugin. -->","yoast_head_json":{"title":"Nude Gel Polish SR-13 Sans HEMA Sans TPO Beige ros\u00e9 -CHROM\u00c9CLAIR","description":"Voici CHROM\u00c9CLAIR SR-13 - le gris parfait pour tous les jours. Cette douce teinte beige ros\u00e9 est exempte de HEMA et de TPO, et constitue une option polyvalente de 17ML pour une \u00e9l\u00e9gance discr\u00e8te. Son ton chaud s'harmonise avec toutes les carnations, ce qui la rend id\u00e9ale pour les tenues de bureau, les manucures \u00e0 la fran\u00e7aise et le nail art minimaliste avec une touche luxueuse.","robots":{"index":"index","follow":"follow","max-snippet":"max-snippet:-1","max-image-preview":"max-image-preview:large","max-video-preview":"max-video-preview:-1"},"canonical":"https:\/\/chromeclair.com\/fr\/produit\/hematpo-free-solid-color-sr-13-17ml\/","og_locale":"fr_FR","og_type":"article","og_title":"Nude Gel Polish SR-13 HEMA Free TPO Free Pinkish Beige -CHROM\u00c9CLAIR","og_description":"Meet CHROM\u00c9CLAIR SR-13 - your perfect everyday greige. This soft pinkish-beige shade is HEMA & TPO Free, providing a versatile 17ML option for understated elegance. Its warm tone complements all skin tones, making it ideal for office wear, French manicures, and minimalist nail art with a luxurious touch.","og_url":"https:\/\/chromeclair.com\/fr\/produit\/hematpo-free-solid-color-sr-13-17ml\/","og_site_name":"Cat Eye Gel Polish \u2013 HEMA-Free \uff06 TPO-Free","article_modified_time":"2026-04-13T05:50:44+00:00","og_image":[{"width":1024,"height":1024,"url":"https:\/\/chromeclair.com\/wp-content\/uploads\/2025\/11\/SR-13.webp","type":"image\/webp"}],"twitter_card":"summary_large_image","twitter_misc":{"Dur\u00e9e de lecture estim\u00e9e":"1 minute"},"schema":{"@context":"https:\/\/schema.org","@graph":[{"@type":"WebPage","@id":"https:\/\/chromeclair.com\/product\/hematpo-free-solid-color-sr-13-17ml\/","url":"https:\/\/chromeclair.com\/product\/hematpo-free-solid-color-sr-13-17ml\/","name":"Nude Gel Polish SR-13 Sans HEMA Sans TPO Beige ros\u00e9 -CHROM\u00c9CLAIR","isPartOf":{"@id":"https:\/\/chromeclair.com\/#website"},"primaryImageOfPage":{"@id":"https:\/\/chromeclair.com\/product\/hematpo-free-solid-color-sr-13-17ml\/#primaryimage"},"image":{"@id":"https:\/\/chromeclair.com\/product\/hematpo-free-solid-color-sr-13-17ml\/#primaryimage"},"thumbnailUrl":"https:\/\/chromeclair.com\/wp-content\/uploads\/2025\/11\/SR-13.webp","datePublished":"2025-11-12T03:29:50+00:00","dateModified":"2026-04-13T05:50:44+00:00","description":"Voici CHROM\u00c9CLAIR SR-13 - le gris parfait pour tous les jours. Cette douce teinte beige ros\u00e9 est exempte de HEMA et de TPO, et constitue une option polyvalente de 17ML pour une \u00e9l\u00e9gance discr\u00e8te. Son ton chaud s'harmonise avec toutes les carnations, ce qui la rend id\u00e9ale pour les tenues de bureau, les manucures \u00e0 la fran\u00e7aise et le nail art minimaliste avec une touche luxueuse.","inLanguage":"fr-FR","potentialAction":[{"@type":"ReadAction","target":["https:\/\/chromeclair.com\/product\/hematpo-free-solid-color-sr-13-17ml\/"]}]},{"@type":"ImageObject","inLanguage":"fr-FR","@id":"https:\/\/chromeclair.com\/product\/hematpo-free-solid-color-sr-13-17ml\/#primaryimage","url":"https:\/\/chromeclair.com\/wp-content\/uploads\/2025\/11\/SR-13.webp","contentUrl":"https:\/\/chromeclair.com\/wp-content\/uploads\/2025\/11\/SR-13.webp","width":1024,"height":1024,"caption":"Hema-Free and Tpo-free Solid Color SR-13 Beige shade-CHROM\u00c9CLAIR"},{"@type":"WebSite","@id":"https:\/\/chromeclair.com\/#website","url":"https:\/\/chromeclair.com\/","name":"Vernis gel Cat Eye \u2013 Sans HEMA ni TPO","description":"Alors que d'autres se concentrent sur l'ajout de couleurs, nous nous concentrons sur l'utilisation d'ingr\u00e9dients plus s\u00fbrs.","publisher":{"@id":"https:\/\/chromeclair.com\/#organization"},"potentialAction":[{"@type":"SearchAction","target":{"@type":"EntryPoint","urlTemplate":"https:\/\/chromeclair.com\/?s={search_term_string}"},"query-input":{"@type":"PropertyValueSpecification","valueRequired":true,"valueName":"search_term_string"}}],"inLanguage":"fr-FR"},{"@type":"Organization","@id":"https:\/\/chromeclair.com\/#organization","name":"Vernis gel Cat Eye \u2013 Sans HEMA ni TPO","url":"https:\/\/chromeclair.com\/","logo":{"@type":"ImageObject","inLanguage":"fr-FR","@id":"https:\/\/chromeclair.com\/#\/schema\/logo\/image\/","url":"https:\/\/chromeclair.com\/wp-content\/uploads\/2025\/06\/cropped-CHROMECLAIR-Logo-scaled-1.png","contentUrl":"https:\/\/chromeclair.com\/wp-content\/uploads\/2025\/06\/cropped-CHROMECLAIR-Logo-scaled-1.png","width":2151,"height":429,"caption":"Cat Eye Gel Polish \u2013 HEMA-Free \uff06 TPO-Free"},"image":{"@id":"https:\/\/chromeclair.com\/#\/schema\/logo\/image\/"}}]}},"_links":{"self":[{"href":"https:\/\/chromeclair.com\/fr\/wp-json\/wp\/v2\/product\/10158","targetHints":{"allow":["GET"]}}],"collection":[{"href":"https:\/\/chromeclair.com\/fr\/wp-json\/wp\/v2\/product"}],"about":[{"href":"https:\/\/chromeclair.com\/fr\/wp-json\/wp\/v2\/types\/product"}],"replies":[{"embeddable":true,"href":"https:\/\/chromeclair.com\/fr\/wp-json\/wp\/v2\/comments?post=10158"}],"wp:featuredmedia":[{"embeddable":true,"href":"https:\/\/chromeclair.com\/fr\/wp-json\/wp\/v2\/media\/10159"}],"wp:attachment":[{"href":"https:\/\/chromeclair.com\/fr\/wp-json\/wp\/v2\/media?parent=10158"}],"wp:term":[{"taxonomy":"product_brand","embeddable":true,"href":"https:\/\/chromeclair.com\/fr\/wp-json\/wp\/v2\/product_brand?post=10158"},{"taxonomy":"product_cat","embeddable":true,"href":"https:\/\/chromeclair.com\/fr\/wp-json\/wp\/v2\/product_cat?post=10158"},{"taxonomy":"product_tag","embeddable":true,"href":"https:\/\/chromeclair.com\/fr\/wp-json\/wp\/v2\/product_tag?post=10158"}],"curies":[{"name":"wp","href":"https:\/\/api.w.org\/{rel}","templated":true}]}}