{"id":10170,"date":"2025-11-12T04:20:34","date_gmt":"2025-11-12T04:20:34","guid":{"rendered":"https:\/\/chromeclair.com\/?post_type=product&#038;p=10170"},"modified":"2026-04-13T05:49:35","modified_gmt":"2026-04-13T05:49:35","slug":"hematpo-free-solid-color-sr-19-17ml","status":"publish","type":"product","link":"https:\/\/chromeclair.com\/fr\/product\/hematpo-free-solid-color-sr-19-17ml\/","title":{"rendered":"HEMA&amp;TPO FREE SOLID COLOR SR-19 17ML"},"content":{"rendered":"<p>Le vert arm\u00e9e pour la femme qui n'en peut plus de pr\u00e9tendre que les neutres sont sans risque.<\/p>\n\n\n\n<p>Les verts terreux sont associ\u00e9s \u00e0 la beaut\u00e9 naturelle et organique, mais les formules des gels qui les composent sont rarement aussi propres que la couleur le sugg\u00e8re. Nombre d'entre elles utilisent des concentrations \u00e9lev\u00e9es de monom\u00e8res pour obtenir l'opacit\u00e9 sourde qui donne au vert arm\u00e9e un aspect sophistiqu\u00e9 plut\u00f4t que plat. SR-19 permet d'obtenir le m\u00eame r\u00e9sultat gr\u00e2ce \u00e0 une meilleure chimie.<\/p>\n\n\n\n<p>SR-19 est un vert sauge sourd et profond - terreux, ancr\u00e9 et suffisamment complexe pour \u00eatre photographi\u00e9 diff\u00e9remment selon l'\u00e9clairage. Plus oliv\u00e2tre qu'un vert botanique, plus satur\u00e9 qu'un gris-vert sourd. Sans HEMA ni TPO, la formule de 17 ml offre une couverture compl\u00e8te et uniforme en une seule couche et durcit pour donner un fini riche, semblable \u00e0 une laque, qui tient pendant 2 \u00e0 3 semaines sans se soulever, s'\u00e9cailler ou s'estomper.<\/p>\n\n\n\n<p>Un favori actuel dans les salons professionnels pour les collections automne\/hiver, les ensembles de manucure capsule et les clientes qui veulent une couleur qui semble \u00e0 la fois actuelle et compl\u00e8tement intemporelle. Cette couleur peut \u00eatre utilis\u00e9e seule ou comme base pour des d\u00e9tails de nail art dor\u00e9s.<\/p>\n\n\n\n<p>S'associe naturellement avec SR-30 antique gold, SR-17 espresso, et SR-28 dark chocolate pour un ensemble de tons riches, inspir\u00e9s de la nature.<\/p>\n\n\n\n<p><strong>Vegan - Sans cruaut\u00e9 - Sans HEMA - Sans TPO - Conforme aux normes de l'UE et du Royaume-Uni<\/strong><\/p>","protected":false},"excerpt":{"rendered":"<p>Doit \u00eatre utilis\u00e9 avec une lampe UV ou une lampe LED<\/p>","protected":false},"featured_media":10171,"comment_status":"open","ping_status":"closed","template":"","meta":[],"product_brand":[162],"product_cat":[180],"product_tag":[],"class_list":{"0":"post-10170","1":"product","2":"type-product","3":"status-publish","4":"has-post-thumbnail","6":"product_brand-chromeclair","7":"product_cat-solid-color-gel-polish","9":"first","10":"instock","11":"shipping-taxable","12":"purchasable","13":"product-type-simple"},"yoast_head":"<!-- This site is optimized with the Yoast SEO plugin v27.4 - https:\/\/yoast.com\/product\/yoast-seo-wordpress\/ -->\n<title>HEMA Free TPO Free Olive Green Gel Polish SR-19 vintage green 17ML -CHROM\u00c9CLAIR<\/title>\n<meta name=\"description\" content=\"Anchor your collection with CHROM\u00c9CLAIR SR-19, an army green that exudes sophisticated earthiness. This HEMA Free deep sage shade is housed in a professional 17ML bottle. Providing full, even coverage, it&#039;s the perfect statement neutral for creating fashion-forward manicures, geometric designs, and a polished, nature-inspired look.\" \/>\n<meta name=\"robots\" content=\"index, follow, max-snippet:-1, max-image-preview:large, max-video-preview:-1\" \/>\n<link rel=\"canonical\" href=\"https:\/\/chromeclair.com\/fr\/produit\/hematpo-free-solid-color-sr-19-17ml\/\" \/>\n<meta property=\"og:locale\" content=\"fr_FR\" \/>\n<meta property=\"og:type\" content=\"article\" \/>\n<meta property=\"og:title\" content=\"HEMA Free TPO Free Olive Green Gel Polish SR-19 vintage green 17ML -CHROM\u00c9CLAIR\" \/>\n<meta property=\"og:description\" content=\"Anchor your collection with CHROM\u00c9CLAIR SR-19, an army green that exudes sophisticated earthiness. This HEMA Free deep sage shade is housed in a professional 17ML bottle. Providing full, even coverage, it&#039;s the perfect statement neutral for creating fashion-forward manicures, geometric designs, and a polished, nature-inspired look.\" \/>\n<meta property=\"og:url\" content=\"https:\/\/chromeclair.com\/fr\/produit\/hematpo-free-solid-color-sr-19-17ml\/\" \/>\n<meta property=\"og:site_name\" content=\"Cat Eye Gel Polish \u2013 HEMA-Free \uff06 TPO-Free\" \/>\n<meta property=\"article:modified_time\" content=\"2026-04-13T05:49:35+00:00\" \/>\n<meta property=\"og:image\" content=\"https:\/\/chromeclair.com\/wp-content\/uploads\/2025\/11\/SR-19.webp\" \/>\n\t<meta property=\"og:image:width\" content=\"1024\" \/>\n\t<meta property=\"og:image:height\" content=\"1024\" \/>\n\t<meta property=\"og:image:type\" content=\"image\/webp\" \/>\n<meta name=\"twitter:card\" content=\"summary_large_image\" \/>\n<meta name=\"twitter:label1\" content=\"Dur\u00e9e de lecture estim\u00e9e\" \/>\n\t<meta name=\"twitter:data1\" content=\"1 minute\" \/>\n<script type=\"application\/ld+json\" class=\"yoast-schema-graph\">{\"@context\":\"https:\\\/\\\/schema.org\",\"@graph\":[{\"@type\":\"WebPage\",\"@id\":\"https:\\\/\\\/chromeclair.com\\\/product\\\/hematpo-free-solid-color-sr-19-17ml\\\/\",\"url\":\"https:\\\/\\\/chromeclair.com\\\/product\\\/hematpo-free-solid-color-sr-19-17ml\\\/\",\"name\":\"HEMA Free TPO Free Olive Green Gel Polish SR-19 vintage green 17ML -CHROM\u00c9CLAIR\",\"isPartOf\":{\"@id\":\"https:\\\/\\\/chromeclair.com\\\/#website\"},\"primaryImageOfPage\":{\"@id\":\"https:\\\/\\\/chromeclair.com\\\/product\\\/hematpo-free-solid-color-sr-19-17ml\\\/#primaryimage\"},\"image\":{\"@id\":\"https:\\\/\\\/chromeclair.com\\\/product\\\/hematpo-free-solid-color-sr-19-17ml\\\/#primaryimage\"},\"thumbnailUrl\":\"https:\\\/\\\/chromeclair.com\\\/wp-content\\\/uploads\\\/2025\\\/11\\\/SR-19.webp\",\"datePublished\":\"2025-11-12T04:20:34+00:00\",\"dateModified\":\"2026-04-13T05:49:35+00:00\",\"description\":\"Anchor your collection with CHROM\u00c9CLAIR SR-19, an army green that exudes sophisticated earthiness. This HEMA Free deep sage shade is housed in a professional 17ML bottle. Providing full, even coverage, it's the perfect statement neutral for creating fashion-forward manicures, geometric designs, and a polished, nature-inspired look.\",\"inLanguage\":\"fr-FR\",\"potentialAction\":[{\"@type\":\"ReadAction\",\"target\":[\"https:\\\/\\\/chromeclair.com\\\/product\\\/hematpo-free-solid-color-sr-19-17ml\\\/\"]}]},{\"@type\":\"ImageObject\",\"inLanguage\":\"fr-FR\",\"@id\":\"https:\\\/\\\/chromeclair.com\\\/product\\\/hematpo-free-solid-color-sr-19-17ml\\\/#primaryimage\",\"url\":\"https:\\\/\\\/chromeclair.com\\\/wp-content\\\/uploads\\\/2025\\\/11\\\/SR-19.webp\",\"contentUrl\":\"https:\\\/\\\/chromeclair.com\\\/wp-content\\\/uploads\\\/2025\\\/11\\\/SR-19.webp\",\"width\":1024,\"height\":1024,\"caption\":\"Hema-Free and Tpo-free Solid Color SR-19 Green shade-CHROM\u00c9CLAIR\"},{\"@type\":\"WebSite\",\"@id\":\"https:\\\/\\\/chromeclair.com\\\/#website\",\"url\":\"https:\\\/\\\/chromeclair.com\\\/\",\"name\":\"Cat Eye Gel Polish \u2013 HEMA-Free \uff06 TPO-Free\",\"description\":\"While others focus on having more colors, we focus on having safer ingredients.\",\"publisher\":{\"@id\":\"https:\\\/\\\/chromeclair.com\\\/#organization\"},\"potentialAction\":[{\"@type\":\"SearchAction\",\"target\":{\"@type\":\"EntryPoint\",\"urlTemplate\":\"https:\\\/\\\/chromeclair.com\\\/?s={search_term_string}\"},\"query-input\":{\"@type\":\"PropertyValueSpecification\",\"valueRequired\":true,\"valueName\":\"search_term_string\"}}],\"inLanguage\":\"fr-FR\"},{\"@type\":\"Organization\",\"@id\":\"https:\\\/\\\/chromeclair.com\\\/#organization\",\"name\":\"Cat Eye Gel Polish \u2013 HEMA-Free \uff06 TPO-Free\",\"url\":\"https:\\\/\\\/chromeclair.com\\\/\",\"logo\":{\"@type\":\"ImageObject\",\"inLanguage\":\"fr-FR\",\"@id\":\"https:\\\/\\\/chromeclair.com\\\/#\\\/schema\\\/logo\\\/image\\\/\",\"url\":\"https:\\\/\\\/chromeclair.com\\\/wp-content\\\/uploads\\\/2025\\\/06\\\/cropped-CHROMECLAIR-Logo-scaled-1.png\",\"contentUrl\":\"https:\\\/\\\/chromeclair.com\\\/wp-content\\\/uploads\\\/2025\\\/06\\\/cropped-CHROMECLAIR-Logo-scaled-1.png\",\"width\":2151,\"height\":429,\"caption\":\"Cat Eye Gel Polish \u2013 HEMA-Free \uff06 TPO-Free\"},\"image\":{\"@id\":\"https:\\\/\\\/chromeclair.com\\\/#\\\/schema\\\/logo\\\/image\\\/\"}}]}<\/script>\n<!-- \/ Yoast SEO plugin. -->","yoast_head_json":{"title":"HEMA Free TPO Free Olive Green Gel Polish SR-19 vintage green 17ML -CHROM\u00c9CLAIR","description":"Ancrez votre collection avec CHROM\u00c9CLAIR SR-19, un vert militaire qui exsude une terre sophistiqu\u00e9e. Cette nuance de sauge profonde sans HEMA est pr\u00e9sent\u00e9e dans un flacon professionnel de 17 ml. Offrant une couverture compl\u00e8te et uniforme, c'est la couleur neutre parfaite pour cr\u00e9er des manucures \u00e0 la mode, des motifs g\u00e9om\u00e9triques et un look poli inspir\u00e9 de la nature.","robots":{"index":"index","follow":"follow","max-snippet":"max-snippet:-1","max-image-preview":"max-image-preview:large","max-video-preview":"max-video-preview:-1"},"canonical":"https:\/\/chromeclair.com\/fr\/produit\/hematpo-free-solid-color-sr-19-17ml\/","og_locale":"fr_FR","og_type":"article","og_title":"HEMA Free TPO Free Olive Green Gel Polish SR-19 vintage green 17ML -CHROM\u00c9CLAIR","og_description":"Anchor your collection with CHROM\u00c9CLAIR SR-19, an army green that exudes sophisticated earthiness. This HEMA Free deep sage shade is housed in a professional 17ML bottle. Providing full, even coverage, it's the perfect statement neutral for creating fashion-forward manicures, geometric designs, and a polished, nature-inspired look.","og_url":"https:\/\/chromeclair.com\/fr\/produit\/hematpo-free-solid-color-sr-19-17ml\/","og_site_name":"Cat Eye Gel Polish \u2013 HEMA-Free \uff06 TPO-Free","article_modified_time":"2026-04-13T05:49:35+00:00","og_image":[{"width":1024,"height":1024,"url":"https:\/\/chromeclair.com\/wp-content\/uploads\/2025\/11\/SR-19.webp","type":"image\/webp"}],"twitter_card":"summary_large_image","twitter_misc":{"Dur\u00e9e de lecture estim\u00e9e":"1 minute"},"schema":{"@context":"https:\/\/schema.org","@graph":[{"@type":"WebPage","@id":"https:\/\/chromeclair.com\/product\/hematpo-free-solid-color-sr-19-17ml\/","url":"https:\/\/chromeclair.com\/product\/hematpo-free-solid-color-sr-19-17ml\/","name":"HEMA Free TPO Free Olive Green Gel Polish SR-19 vintage green 17ML -CHROM\u00c9CLAIR","isPartOf":{"@id":"https:\/\/chromeclair.com\/#website"},"primaryImageOfPage":{"@id":"https:\/\/chromeclair.com\/product\/hematpo-free-solid-color-sr-19-17ml\/#primaryimage"},"image":{"@id":"https:\/\/chromeclair.com\/product\/hematpo-free-solid-color-sr-19-17ml\/#primaryimage"},"thumbnailUrl":"https:\/\/chromeclair.com\/wp-content\/uploads\/2025\/11\/SR-19.webp","datePublished":"2025-11-12T04:20:34+00:00","dateModified":"2026-04-13T05:49:35+00:00","description":"Ancrez votre collection avec CHROM\u00c9CLAIR SR-19, un vert militaire qui exsude une terre sophistiqu\u00e9e. Cette nuance de sauge profonde sans HEMA est pr\u00e9sent\u00e9e dans un flacon professionnel de 17 ml. Offrant une couverture compl\u00e8te et uniforme, c'est la couleur neutre parfaite pour cr\u00e9er des manucures \u00e0 la mode, des motifs g\u00e9om\u00e9triques et un look poli inspir\u00e9 de la nature.","inLanguage":"fr-FR","potentialAction":[{"@type":"ReadAction","target":["https:\/\/chromeclair.com\/product\/hematpo-free-solid-color-sr-19-17ml\/"]}]},{"@type":"ImageObject","inLanguage":"fr-FR","@id":"https:\/\/chromeclair.com\/product\/hematpo-free-solid-color-sr-19-17ml\/#primaryimage","url":"https:\/\/chromeclair.com\/wp-content\/uploads\/2025\/11\/SR-19.webp","contentUrl":"https:\/\/chromeclair.com\/wp-content\/uploads\/2025\/11\/SR-19.webp","width":1024,"height":1024,"caption":"Hema-Free and Tpo-free Solid Color SR-19 Green shade-CHROM\u00c9CLAIR"},{"@type":"WebSite","@id":"https:\/\/chromeclair.com\/#website","url":"https:\/\/chromeclair.com\/","name":"Vernis gel Cat Eye \u2013 Sans HEMA ni TPO","description":"Alors que d'autres se concentrent sur l'ajout de couleurs, nous nous concentrons sur l'utilisation d'ingr\u00e9dients plus s\u00fbrs.","publisher":{"@id":"https:\/\/chromeclair.com\/#organization"},"potentialAction":[{"@type":"SearchAction","target":{"@type":"EntryPoint","urlTemplate":"https:\/\/chromeclair.com\/?s={search_term_string}"},"query-input":{"@type":"PropertyValueSpecification","valueRequired":true,"valueName":"search_term_string"}}],"inLanguage":"fr-FR"},{"@type":"Organization","@id":"https:\/\/chromeclair.com\/#organization","name":"Vernis gel Cat Eye \u2013 Sans HEMA ni TPO","url":"https:\/\/chromeclair.com\/","logo":{"@type":"ImageObject","inLanguage":"fr-FR","@id":"https:\/\/chromeclair.com\/#\/schema\/logo\/image\/","url":"https:\/\/chromeclair.com\/wp-content\/uploads\/2025\/06\/cropped-CHROMECLAIR-Logo-scaled-1.png","contentUrl":"https:\/\/chromeclair.com\/wp-content\/uploads\/2025\/06\/cropped-CHROMECLAIR-Logo-scaled-1.png","width":2151,"height":429,"caption":"Cat Eye Gel Polish \u2013 HEMA-Free \uff06 TPO-Free"},"image":{"@id":"https:\/\/chromeclair.com\/#\/schema\/logo\/image\/"}}]}},"_links":{"self":[{"href":"https:\/\/chromeclair.com\/fr\/wp-json\/wp\/v2\/product\/10170","targetHints":{"allow":["GET"]}}],"collection":[{"href":"https:\/\/chromeclair.com\/fr\/wp-json\/wp\/v2\/product"}],"about":[{"href":"https:\/\/chromeclair.com\/fr\/wp-json\/wp\/v2\/types\/product"}],"replies":[{"embeddable":true,"href":"https:\/\/chromeclair.com\/fr\/wp-json\/wp\/v2\/comments?post=10170"}],"wp:featuredmedia":[{"embeddable":true,"href":"https:\/\/chromeclair.com\/fr\/wp-json\/wp\/v2\/media\/10171"}],"wp:attachment":[{"href":"https:\/\/chromeclair.com\/fr\/wp-json\/wp\/v2\/media?parent=10170"}],"wp:term":[{"taxonomy":"product_brand","embeddable":true,"href":"https:\/\/chromeclair.com\/fr\/wp-json\/wp\/v2\/product_brand?post=10170"},{"taxonomy":"product_cat","embeddable":true,"href":"https:\/\/chromeclair.com\/fr\/wp-json\/wp\/v2\/product_cat?post=10170"},{"taxonomy":"product_tag","embeddable":true,"href":"https:\/\/chromeclair.com\/fr\/wp-json\/wp\/v2\/product_tag?post=10170"}],"curies":[{"name":"wp","href":"https:\/\/api.w.org\/{rel}","templated":true}]}}