{"id":10201,"date":"2025-11-12T08:37:47","date_gmt":"2025-11-12T08:37:47","guid":{"rendered":"https:\/\/chromeclair.com\/?post_type=product&#038;p=10201"},"modified":"2026-04-13T04:31:06","modified_gmt":"2026-04-13T04:31:06","slug":"hematpo-free-solid-color-sr-33-17ml","status":"publish","type":"product","link":"https:\/\/chromeclair.com\/fr\/product\/hematpo-free-solid-color-sr-33-17ml\/","title":{"rendered":"HEMA&amp;TPO FREE SOLID COLOR SR-33 17ML"},"content":{"rendered":"<p>Attirer l'attention avec SR-33<\/p>\n\n\n\n<p>Un rouge vampire qui respire la puissance moderne. Cette teinte profonde sans HEMA ni TPO est pr\u00e9sent\u00e9e dans un flacon professionnel de 17 ml. <\/p>\n\n\n\n<p>Offrant une couverture intense et compl\u00e8te, il est parfait pour cr\u00e9er des manucures \u00e0 la pointe de la mode, des dessins artistiques et des looks qui affichent une profondeur et une force captivantes.<\/p>\n\n\n\n<p><\/p>","protected":false},"excerpt":{"rendered":"<p>Doit \u00eatre utilis\u00e9 avec une lampe UV ou une lampe LED<\/p>","protected":false},"featured_media":10202,"comment_status":"open","ping_status":"closed","template":"","meta":[],"product_brand":[162],"product_cat":[180],"product_tag":[],"class_list":{"0":"post-10201","1":"product","2":"type-product","3":"status-publish","4":"has-post-thumbnail","6":"product_brand-chromeclair","7":"product_cat-solid-color-gel-polish","9":"first","10":"instock","11":"shipping-taxable","12":"purchasable","13":"product-type-simple"},"yoast_head":"<!-- This site is optimized with the Yoast SEO plugin v27.4 - https:\/\/yoast.com\/product\/yoast-seo-wordpress\/ -->\n<title>HEMA &amp; TPO Free SR-33 Blackberry Gel Polish Oxblood Red 17ML -CHROM\u00c9CLAIR<\/title>\n<meta name=\"description\" content=\"Embrace the drama of darkness with CHROM\u00c9CLAIR SR-33. This oxblood red is HEMA &amp; TPO Free, delivering a rich, velvety finish in a safe 17ML bottle. Its deep burgundy undertones create a mesmerizing effect, ideal for creating statement nail designs and looks that command attention with gothic allure.\" \/>\n<meta name=\"robots\" content=\"index, follow, max-snippet:-1, max-image-preview:large, max-video-preview:-1\" \/>\n<link rel=\"canonical\" href=\"https:\/\/chromeclair.com\/fr\/produit\/hematpo-free-solid-color-sr-33-17ml\/\" \/>\n<meta property=\"og:locale\" content=\"fr_FR\" \/>\n<meta property=\"og:type\" content=\"article\" \/>\n<meta property=\"og:title\" content=\"HEMA &amp; TPO Free SR-33 Blackberry Gel Polish Oxblood Red 17ML -CHROM\u00c9CLAIR\" \/>\n<meta property=\"og:description\" content=\"Embrace the drama of darkness with CHROM\u00c9CLAIR SR-33. This oxblood red is HEMA &amp; TPO Free, delivering a rich, velvety finish in a safe 17ML bottle. Its deep burgundy undertones create a mesmerizing effect, ideal for creating statement nail designs and looks that command attention with gothic allure.\" \/>\n<meta property=\"og:url\" content=\"https:\/\/chromeclair.com\/fr\/produit\/hematpo-free-solid-color-sr-33-17ml\/\" \/>\n<meta property=\"og:site_name\" content=\"Cat Eye Gel Polish \u2013 HEMA-Free \uff06 TPO-Free\" \/>\n<meta property=\"article:modified_time\" content=\"2026-04-13T04:31:06+00:00\" \/>\n<meta property=\"og:image\" content=\"https:\/\/chromeclair.com\/wp-content\/uploads\/2025\/11\/SR-33.webp\" \/>\n\t<meta property=\"og:image:width\" content=\"1024\" \/>\n\t<meta property=\"og:image:height\" content=\"1024\" \/>\n\t<meta property=\"og:image:type\" content=\"image\/webp\" \/>\n<meta name=\"twitter:card\" content=\"summary_large_image\" \/>\n<meta name=\"twitter:label1\" content=\"Dur\u00e9e de lecture estim\u00e9e\" \/>\n\t<meta name=\"twitter:data1\" content=\"1 minute\" \/>\n<script type=\"application\/ld+json\" class=\"yoast-schema-graph\">{\"@context\":\"https:\\\/\\\/schema.org\",\"@graph\":[{\"@type\":\"WebPage\",\"@id\":\"https:\\\/\\\/chromeclair.com\\\/product\\\/hematpo-free-solid-color-sr-33-17ml\\\/\",\"url\":\"https:\\\/\\\/chromeclair.com\\\/product\\\/hematpo-free-solid-color-sr-33-17ml\\\/\",\"name\":\"HEMA & TPO Free SR-33 Blackberry Gel Polish Oxblood Red 17ML -CHROM\u00c9CLAIR\",\"isPartOf\":{\"@id\":\"https:\\\/\\\/chromeclair.com\\\/#website\"},\"primaryImageOfPage\":{\"@id\":\"https:\\\/\\\/chromeclair.com\\\/product\\\/hematpo-free-solid-color-sr-33-17ml\\\/#primaryimage\"},\"image\":{\"@id\":\"https:\\\/\\\/chromeclair.com\\\/product\\\/hematpo-free-solid-color-sr-33-17ml\\\/#primaryimage\"},\"thumbnailUrl\":\"https:\\\/\\\/chromeclair.com\\\/wp-content\\\/uploads\\\/2025\\\/11\\\/SR-33.webp\",\"datePublished\":\"2025-11-12T08:37:47+00:00\",\"dateModified\":\"2026-04-13T04:31:06+00:00\",\"description\":\"Embrace the drama of darkness with CHROM\u00c9CLAIR SR-33. This oxblood red is HEMA & TPO Free, delivering a rich, velvety finish in a safe 17ML bottle. Its deep burgundy undertones create a mesmerizing effect, ideal for creating statement nail designs and looks that command attention with gothic allure.\",\"inLanguage\":\"fr-FR\",\"potentialAction\":[{\"@type\":\"ReadAction\",\"target\":[\"https:\\\/\\\/chromeclair.com\\\/product\\\/hematpo-free-solid-color-sr-33-17ml\\\/\"]}]},{\"@type\":\"ImageObject\",\"inLanguage\":\"fr-FR\",\"@id\":\"https:\\\/\\\/chromeclair.com\\\/product\\\/hematpo-free-solid-color-sr-33-17ml\\\/#primaryimage\",\"url\":\"https:\\\/\\\/chromeclair.com\\\/wp-content\\\/uploads\\\/2025\\\/11\\\/SR-33.webp\",\"contentUrl\":\"https:\\\/\\\/chromeclair.com\\\/wp-content\\\/uploads\\\/2025\\\/11\\\/SR-33.webp\",\"width\":1024,\"height\":1024,\"caption\":\"Hema-Free and Tpo-free Solid Color SR-33 Red shade-CHROM\u00c9CLAIR\"},{\"@type\":\"WebSite\",\"@id\":\"https:\\\/\\\/chromeclair.com\\\/#website\",\"url\":\"https:\\\/\\\/chromeclair.com\\\/\",\"name\":\"Cat Eye Gel Polish \u2013 HEMA-Free \uff06 TPO-Free\",\"description\":\"While others focus on having more colors, we focus on having safer ingredients.\",\"publisher\":{\"@id\":\"https:\\\/\\\/chromeclair.com\\\/#organization\"},\"potentialAction\":[{\"@type\":\"SearchAction\",\"target\":{\"@type\":\"EntryPoint\",\"urlTemplate\":\"https:\\\/\\\/chromeclair.com\\\/?s={search_term_string}\"},\"query-input\":{\"@type\":\"PropertyValueSpecification\",\"valueRequired\":true,\"valueName\":\"search_term_string\"}}],\"inLanguage\":\"fr-FR\"},{\"@type\":\"Organization\",\"@id\":\"https:\\\/\\\/chromeclair.com\\\/#organization\",\"name\":\"Cat Eye Gel Polish \u2013 HEMA-Free \uff06 TPO-Free\",\"url\":\"https:\\\/\\\/chromeclair.com\\\/\",\"logo\":{\"@type\":\"ImageObject\",\"inLanguage\":\"fr-FR\",\"@id\":\"https:\\\/\\\/chromeclair.com\\\/#\\\/schema\\\/logo\\\/image\\\/\",\"url\":\"https:\\\/\\\/chromeclair.com\\\/wp-content\\\/uploads\\\/2025\\\/06\\\/cropped-CHROMECLAIR-Logo-scaled-1.png\",\"contentUrl\":\"https:\\\/\\\/chromeclair.com\\\/wp-content\\\/uploads\\\/2025\\\/06\\\/cropped-CHROMECLAIR-Logo-scaled-1.png\",\"width\":2151,\"height\":429,\"caption\":\"Cat Eye Gel Polish \u2013 HEMA-Free \uff06 TPO-Free\"},\"image\":{\"@id\":\"https:\\\/\\\/chromeclair.com\\\/#\\\/schema\\\/logo\\\/image\\\/\"}}]}<\/script>\n<!-- \/ Yoast SEO plugin. -->","yoast_head_json":{"title":"Sans HEMA ni TPO SR-33 Blackberry Gel Polish Oxblood Red 17ML -CHROM\u00c9CLAIR","description":"Embrassez le drame de l'obscurit\u00e9 avec CHROM\u00c9CLAIR SR-33. Ce rouge sang de b\u0153uf est exempt de HEMA et de TPO et offre un fini riche et velout\u00e9 dans un flacon s\u00fbr de 17 ml. Ses tons bordeaux profonds cr\u00e9ent un effet hypnotique, id\u00e9al pour cr\u00e9er des dessins d'ongles et des looks qui attirent l'attention avec une allure gothique.","robots":{"index":"index","follow":"follow","max-snippet":"max-snippet:-1","max-image-preview":"max-image-preview:large","max-video-preview":"max-video-preview:-1"},"canonical":"https:\/\/chromeclair.com\/fr\/produit\/hematpo-free-solid-color-sr-33-17ml\/","og_locale":"fr_FR","og_type":"article","og_title":"HEMA & TPO Free SR-33 Blackberry Gel Polish Oxblood Red 17ML -CHROM\u00c9CLAIR","og_description":"Embrace the drama of darkness with CHROM\u00c9CLAIR SR-33. This oxblood red is HEMA & TPO Free, delivering a rich, velvety finish in a safe 17ML bottle. Its deep burgundy undertones create a mesmerizing effect, ideal for creating statement nail designs and looks that command attention with gothic allure.","og_url":"https:\/\/chromeclair.com\/fr\/produit\/hematpo-free-solid-color-sr-33-17ml\/","og_site_name":"Cat Eye Gel Polish \u2013 HEMA-Free \uff06 TPO-Free","article_modified_time":"2026-04-13T04:31:06+00:00","og_image":[{"width":1024,"height":1024,"url":"https:\/\/chromeclair.com\/wp-content\/uploads\/2025\/11\/SR-33.webp","type":"image\/webp"}],"twitter_card":"summary_large_image","twitter_misc":{"Dur\u00e9e de lecture estim\u00e9e":"1 minute"},"schema":{"@context":"https:\/\/schema.org","@graph":[{"@type":"WebPage","@id":"https:\/\/chromeclair.com\/product\/hematpo-free-solid-color-sr-33-17ml\/","url":"https:\/\/chromeclair.com\/product\/hematpo-free-solid-color-sr-33-17ml\/","name":"Sans HEMA ni TPO SR-33 Blackberry Gel Polish Oxblood Red 17ML -CHROM\u00c9CLAIR","isPartOf":{"@id":"https:\/\/chromeclair.com\/#website"},"primaryImageOfPage":{"@id":"https:\/\/chromeclair.com\/product\/hematpo-free-solid-color-sr-33-17ml\/#primaryimage"},"image":{"@id":"https:\/\/chromeclair.com\/product\/hematpo-free-solid-color-sr-33-17ml\/#primaryimage"},"thumbnailUrl":"https:\/\/chromeclair.com\/wp-content\/uploads\/2025\/11\/SR-33.webp","datePublished":"2025-11-12T08:37:47+00:00","dateModified":"2026-04-13T04:31:06+00:00","description":"Embrassez le drame de l'obscurit\u00e9 avec CHROM\u00c9CLAIR SR-33. Ce rouge sang de b\u0153uf est exempt de HEMA et de TPO et offre un fini riche et velout\u00e9 dans un flacon s\u00fbr de 17 ml. Ses tons bordeaux profonds cr\u00e9ent un effet hypnotique, id\u00e9al pour cr\u00e9er des dessins d'ongles et des looks qui attirent l'attention avec une allure gothique.","inLanguage":"fr-FR","potentialAction":[{"@type":"ReadAction","target":["https:\/\/chromeclair.com\/product\/hematpo-free-solid-color-sr-33-17ml\/"]}]},{"@type":"ImageObject","inLanguage":"fr-FR","@id":"https:\/\/chromeclair.com\/product\/hematpo-free-solid-color-sr-33-17ml\/#primaryimage","url":"https:\/\/chromeclair.com\/wp-content\/uploads\/2025\/11\/SR-33.webp","contentUrl":"https:\/\/chromeclair.com\/wp-content\/uploads\/2025\/11\/SR-33.webp","width":1024,"height":1024,"caption":"Hema-Free and Tpo-free Solid Color SR-33 Red shade-CHROM\u00c9CLAIR"},{"@type":"WebSite","@id":"https:\/\/chromeclair.com\/#website","url":"https:\/\/chromeclair.com\/","name":"Vernis gel Cat Eye \u2013 Sans HEMA ni TPO","description":"Alors que d'autres se concentrent sur l'ajout de couleurs, nous nous concentrons sur l'utilisation d'ingr\u00e9dients plus s\u00fbrs.","publisher":{"@id":"https:\/\/chromeclair.com\/#organization"},"potentialAction":[{"@type":"SearchAction","target":{"@type":"EntryPoint","urlTemplate":"https:\/\/chromeclair.com\/?s={search_term_string}"},"query-input":{"@type":"PropertyValueSpecification","valueRequired":true,"valueName":"search_term_string"}}],"inLanguage":"fr-FR"},{"@type":"Organization","@id":"https:\/\/chromeclair.com\/#organization","name":"Vernis gel Cat Eye \u2013 Sans HEMA ni TPO","url":"https:\/\/chromeclair.com\/","logo":{"@type":"ImageObject","inLanguage":"fr-FR","@id":"https:\/\/chromeclair.com\/#\/schema\/logo\/image\/","url":"https:\/\/chromeclair.com\/wp-content\/uploads\/2025\/06\/cropped-CHROMECLAIR-Logo-scaled-1.png","contentUrl":"https:\/\/chromeclair.com\/wp-content\/uploads\/2025\/06\/cropped-CHROMECLAIR-Logo-scaled-1.png","width":2151,"height":429,"caption":"Cat Eye Gel Polish \u2013 HEMA-Free \uff06 TPO-Free"},"image":{"@id":"https:\/\/chromeclair.com\/#\/schema\/logo\/image\/"}}]}},"_links":{"self":[{"href":"https:\/\/chromeclair.com\/fr\/wp-json\/wp\/v2\/product\/10201","targetHints":{"allow":["GET"]}}],"collection":[{"href":"https:\/\/chromeclair.com\/fr\/wp-json\/wp\/v2\/product"}],"about":[{"href":"https:\/\/chromeclair.com\/fr\/wp-json\/wp\/v2\/types\/product"}],"replies":[{"embeddable":true,"href":"https:\/\/chromeclair.com\/fr\/wp-json\/wp\/v2\/comments?post=10201"}],"wp:featuredmedia":[{"embeddable":true,"href":"https:\/\/chromeclair.com\/fr\/wp-json\/wp\/v2\/media\/10202"}],"wp:attachment":[{"href":"https:\/\/chromeclair.com\/fr\/wp-json\/wp\/v2\/media?parent=10201"}],"wp:term":[{"taxonomy":"product_brand","embeddable":true,"href":"https:\/\/chromeclair.com\/fr\/wp-json\/wp\/v2\/product_brand?post=10201"},{"taxonomy":"product_cat","embeddable":true,"href":"https:\/\/chromeclair.com\/fr\/wp-json\/wp\/v2\/product_cat?post=10201"},{"taxonomy":"product_tag","embeddable":true,"href":"https:\/\/chromeclair.com\/fr\/wp-json\/wp\/v2\/product_tag?post=10201"}],"curies":[{"name":"wp","href":"https:\/\/api.w.org\/{rel}","templated":true}]}}