{"id":10203,"date":"2025-11-12T08:48:56","date_gmt":"2025-11-12T08:48:56","guid":{"rendered":"https:\/\/chromeclair.com\/?post_type=product&#038;p=10203"},"modified":"2026-04-13T04:30:55","modified_gmt":"2026-04-13T04:30:55","slug":"hematpo-free-solid-color-sr-34-17ml","status":"publish","type":"product","link":"https:\/\/chromeclair.com\/fr\/product\/hematpo-free-solid-color-sr-34-17ml\/","title":{"rendered":"HEMA&amp;TPO FREE SOLID COLOR SR-34 17ML"},"content":{"rendered":"<p>Adoptez l'aspect dramatique et discret de la SR-34. <\/p>\n\n\n\n<p>Ce lilas fum\u00e9 est exempt de HEMA et de TPO et offre un fini violet cendr\u00e9 unique dans un flacon s\u00fbr de 17 ml. <\/p>\n\n\n\n<p>Ses nuances complexes gris-lavande cr\u00e9ent un effet saisissant mais subtil, id\u00e9al pour les personnes \u00e0 la pointe de la mode qui pr\u00e9f\u00e8rent la subtilit\u00e9 \u00e0 l'ostentation.<\/p>","protected":false},"excerpt":{"rendered":"<p>Doit \u00eatre utilis\u00e9 avec une lampe UV ou une lampe LED<\/p>","protected":false},"featured_media":10204,"comment_status":"open","ping_status":"closed","template":"","meta":[],"product_brand":[162],"product_cat":[180],"product_tag":[],"class_list":{"0":"post-10203","1":"product","2":"type-product","3":"status-publish","4":"has-post-thumbnail","6":"product_brand-chromeclair","7":"product_cat-solid-color-gel-polish","9":"first","10":"instock","11":"shipping-taxable","12":"purchasable","13":"product-type-simple"},"yoast_head":"<!-- This site is optimized with the Yoast SEO plugin v27.4 - https:\/\/yoast.com\/product\/yoast-seo-wordpress\/ -->\n<title>HEMA &amp; TPO Free SR-34 Dusty Mauve Gel Polish Smoky Purple 17ML -CHROM\u00c9CLAIR<\/title>\n<meta name=\"description\" content=\"Discover a new neutral for the modern palette. CHROM\u00c9CLAIR SR-34 is a refined grey lavender crafted without HEMA and TPO. This versatile 17ML polish provides a wash of sophisticated, cool-toned color, challenging conventional pinks and purples with its uniquely muted and androgynous charm.\" \/>\n<meta name=\"robots\" content=\"index, follow, max-snippet:-1, max-image-preview:large, max-video-preview:-1\" \/>\n<link rel=\"canonical\" href=\"https:\/\/chromeclair.com\/fr\/produit\/hematpo-free-solid-color-sr-34-17ml\/\" \/>\n<meta property=\"og:locale\" content=\"fr_FR\" \/>\n<meta property=\"og:type\" content=\"article\" \/>\n<meta property=\"og:title\" content=\"HEMA &amp; TPO Free SR-34 Dusty Mauve Gel Polish Smoky Purple 17ML -CHROM\u00c9CLAIR\" \/>\n<meta property=\"og:description\" content=\"Discover a new neutral for the modern palette. CHROM\u00c9CLAIR SR-34 is a refined grey lavender crafted without HEMA and TPO. This versatile 17ML polish provides a wash of sophisticated, cool-toned color, challenging conventional pinks and purples with its uniquely muted and androgynous charm.\" \/>\n<meta property=\"og:url\" content=\"https:\/\/chromeclair.com\/fr\/produit\/hematpo-free-solid-color-sr-34-17ml\/\" \/>\n<meta property=\"og:site_name\" content=\"Cat Eye Gel Polish \u2013 HEMA-Free \uff06 TPO-Free\" \/>\n<meta property=\"article:modified_time\" content=\"2026-04-13T04:30:55+00:00\" \/>\n<meta property=\"og:image\" content=\"https:\/\/chromeclair.com\/wp-content\/uploads\/2025\/11\/SR-34.webp\" \/>\n\t<meta property=\"og:image:width\" content=\"1024\" \/>\n\t<meta property=\"og:image:height\" content=\"1024\" \/>\n\t<meta property=\"og:image:type\" content=\"image\/webp\" \/>\n<meta name=\"twitter:card\" content=\"summary_large_image\" \/>\n<meta name=\"twitter:label1\" content=\"Dur\u00e9e de lecture estim\u00e9e\" \/>\n\t<meta name=\"twitter:data1\" content=\"1 minute\" \/>\n<script type=\"application\/ld+json\" class=\"yoast-schema-graph\">{\"@context\":\"https:\\\/\\\/schema.org\",\"@graph\":[{\"@type\":\"WebPage\",\"@id\":\"https:\\\/\\\/chromeclair.com\\\/product\\\/hematpo-free-solid-color-sr-34-17ml\\\/\",\"url\":\"https:\\\/\\\/chromeclair.com\\\/product\\\/hematpo-free-solid-color-sr-34-17ml\\\/\",\"name\":\"HEMA & TPO Free SR-34 Dusty Mauve Gel Polish Smoky Purple 17ML -CHROM\u00c9CLAIR\",\"isPartOf\":{\"@id\":\"https:\\\/\\\/chromeclair.com\\\/#website\"},\"primaryImageOfPage\":{\"@id\":\"https:\\\/\\\/chromeclair.com\\\/product\\\/hematpo-free-solid-color-sr-34-17ml\\\/#primaryimage\"},\"image\":{\"@id\":\"https:\\\/\\\/chromeclair.com\\\/product\\\/hematpo-free-solid-color-sr-34-17ml\\\/#primaryimage\"},\"thumbnailUrl\":\"https:\\\/\\\/chromeclair.com\\\/wp-content\\\/uploads\\\/2025\\\/11\\\/SR-34.webp\",\"datePublished\":\"2025-11-12T08:48:56+00:00\",\"dateModified\":\"2026-04-13T04:30:55+00:00\",\"description\":\"Discover a new neutral for the modern palette. CHROM\u00c9CLAIR SR-34 is a refined grey lavender crafted without HEMA and TPO. This versatile 17ML polish provides a wash of sophisticated, cool-toned color, challenging conventional pinks and purples with its uniquely muted and androgynous charm.\",\"breadcrumb\":{\"@id\":\"https:\\\/\\\/chromeclair.com\\\/product\\\/hematpo-free-solid-color-sr-34-17ml\\\/#breadcrumb\"},\"inLanguage\":\"fr-FR\",\"potentialAction\":[{\"@type\":\"ReadAction\",\"target\":[\"https:\\\/\\\/chromeclair.com\\\/product\\\/hematpo-free-solid-color-sr-34-17ml\\\/\"]}]},{\"@type\":\"ImageObject\",\"inLanguage\":\"fr-FR\",\"@id\":\"https:\\\/\\\/chromeclair.com\\\/product\\\/hematpo-free-solid-color-sr-34-17ml\\\/#primaryimage\",\"url\":\"https:\\\/\\\/chromeclair.com\\\/wp-content\\\/uploads\\\/2025\\\/11\\\/SR-34.webp\",\"contentUrl\":\"https:\\\/\\\/chromeclair.com\\\/wp-content\\\/uploads\\\/2025\\\/11\\\/SR-34.webp\",\"width\":1024,\"height\":1024,\"caption\":\"Hema-Free and Tpo-free Solid Color SR-34 Lilac shade-CHROM\u00c9CLAIR\"},{\"@type\":\"BreadcrumbList\",\"@id\":\"https:\\\/\\\/chromeclair.com\\\/product\\\/hematpo-free-solid-color-sr-34-17ml\\\/#breadcrumb\",\"itemListElement\":[{\"@type\":\"ListItem\",\"position\":1,\"name\":\"Home\",\"item\":\"https:\\\/\\\/chromeclair.com\\\/\"},{\"@type\":\"ListItem\",\"position\":2,\"name\":\"Shop\",\"item\":\"https:\\\/\\\/chromeclair.com\\\/shop\\\/\"},{\"@type\":\"ListItem\",\"position\":3,\"name\":\"HEMA&amp;TPO FREE SOLID COLOR SR-34 17ML\"}]},{\"@type\":\"WebSite\",\"@id\":\"https:\\\/\\\/chromeclair.com\\\/#website\",\"url\":\"https:\\\/\\\/chromeclair.com\\\/\",\"name\":\"Cat Eye Gel Polish \u2013 HEMA-Free \uff06 TPO-Free\",\"description\":\"While others focus on having more colors, we focus on having safer ingredients.\",\"publisher\":{\"@id\":\"https:\\\/\\\/chromeclair.com\\\/#organization\"},\"potentialAction\":[{\"@type\":\"SearchAction\",\"target\":{\"@type\":\"EntryPoint\",\"urlTemplate\":\"https:\\\/\\\/chromeclair.com\\\/?s={search_term_string}\"},\"query-input\":{\"@type\":\"PropertyValueSpecification\",\"valueRequired\":true,\"valueName\":\"search_term_string\"}}],\"inLanguage\":\"fr-FR\"},{\"@type\":\"Organization\",\"@id\":\"https:\\\/\\\/chromeclair.com\\\/#organization\",\"name\":\"Cat Eye Gel Polish \u2013 HEMA-Free \uff06 TPO-Free\",\"url\":\"https:\\\/\\\/chromeclair.com\\\/\",\"logo\":{\"@type\":\"ImageObject\",\"inLanguage\":\"fr-FR\",\"@id\":\"https:\\\/\\\/chromeclair.com\\\/#\\\/schema\\\/logo\\\/image\\\/\",\"url\":\"https:\\\/\\\/chromeclair.com\\\/wp-content\\\/uploads\\\/2025\\\/06\\\/cropped-CHROMECLAIR-Logo-scaled-1.png\",\"contentUrl\":\"https:\\\/\\\/chromeclair.com\\\/wp-content\\\/uploads\\\/2025\\\/06\\\/cropped-CHROMECLAIR-Logo-scaled-1.png\",\"width\":2151,\"height\":429,\"caption\":\"Cat Eye Gel Polish \u2013 HEMA-Free \uff06 TPO-Free\"},\"image\":{\"@id\":\"https:\\\/\\\/chromeclair.com\\\/#\\\/schema\\\/logo\\\/image\\\/\"}}]}<\/script>\n<!-- \/ Yoast SEO plugin. -->","yoast_head_json":{"title":"SR-34 Dusty Mauve Gel Polish Smoky Purple 17ML -CHROM\u00c9CLAIR","description":"D\u00e9couvrez un nouveau neutre pour la palette moderne. CHROM\u00c9CLAIR SR-34 est un gris lavande raffin\u00e9, fabriqu\u00e9 sans HEMA ni TPO. Ce vernis polyvalent de 17 ml apporte une touche de couleur sophistiqu\u00e9e aux tons froids, d\u00e9fiant les roses et les violets conventionnels avec son charme unique et androgyne.","robots":{"index":"index","follow":"follow","max-snippet":"max-snippet:-1","max-image-preview":"max-image-preview:large","max-video-preview":"max-video-preview:-1"},"canonical":"https:\/\/chromeclair.com\/fr\/produit\/hematpo-free-solid-color-sr-34-17ml\/","og_locale":"fr_FR","og_type":"article","og_title":"HEMA & TPO Free SR-34 Dusty Mauve Gel Polish Smoky Purple 17ML -CHROM\u00c9CLAIR","og_description":"Discover a new neutral for the modern palette. CHROM\u00c9CLAIR SR-34 is a refined grey lavender crafted without HEMA and TPO. This versatile 17ML polish provides a wash of sophisticated, cool-toned color, challenging conventional pinks and purples with its uniquely muted and androgynous charm.","og_url":"https:\/\/chromeclair.com\/fr\/produit\/hematpo-free-solid-color-sr-34-17ml\/","og_site_name":"Cat Eye Gel Polish \u2013 HEMA-Free \uff06 TPO-Free","article_modified_time":"2026-04-13T04:30:55+00:00","og_image":[{"width":1024,"height":1024,"url":"https:\/\/chromeclair.com\/wp-content\/uploads\/2025\/11\/SR-34.webp","type":"image\/webp"}],"twitter_card":"summary_large_image","twitter_misc":{"Dur\u00e9e de lecture estim\u00e9e":"1 minute"},"schema":{"@context":"https:\/\/schema.org","@graph":[{"@type":"WebPage","@id":"https:\/\/chromeclair.com\/product\/hematpo-free-solid-color-sr-34-17ml\/","url":"https:\/\/chromeclair.com\/product\/hematpo-free-solid-color-sr-34-17ml\/","name":"SR-34 Dusty Mauve Gel Polish Smoky Purple 17ML -CHROM\u00c9CLAIR","isPartOf":{"@id":"https:\/\/chromeclair.com\/#website"},"primaryImageOfPage":{"@id":"https:\/\/chromeclair.com\/product\/hematpo-free-solid-color-sr-34-17ml\/#primaryimage"},"image":{"@id":"https:\/\/chromeclair.com\/product\/hematpo-free-solid-color-sr-34-17ml\/#primaryimage"},"thumbnailUrl":"https:\/\/chromeclair.com\/wp-content\/uploads\/2025\/11\/SR-34.webp","datePublished":"2025-11-12T08:48:56+00:00","dateModified":"2026-04-13T04:30:55+00:00","description":"D\u00e9couvrez un nouveau neutre pour la palette moderne. CHROM\u00c9CLAIR SR-34 est un gris lavande raffin\u00e9, fabriqu\u00e9 sans HEMA ni TPO. Ce vernis polyvalent de 17 ml apporte une touche de couleur sophistiqu\u00e9e aux tons froids, d\u00e9fiant les roses et les violets conventionnels avec son charme unique et androgyne.","breadcrumb":{"@id":"https:\/\/chromeclair.com\/product\/hematpo-free-solid-color-sr-34-17ml\/#breadcrumb"},"inLanguage":"fr-FR","potentialAction":[{"@type":"ReadAction","target":["https:\/\/chromeclair.com\/product\/hematpo-free-solid-color-sr-34-17ml\/"]}]},{"@type":"ImageObject","inLanguage":"fr-FR","@id":"https:\/\/chromeclair.com\/product\/hematpo-free-solid-color-sr-34-17ml\/#primaryimage","url":"https:\/\/chromeclair.com\/wp-content\/uploads\/2025\/11\/SR-34.webp","contentUrl":"https:\/\/chromeclair.com\/wp-content\/uploads\/2025\/11\/SR-34.webp","width":1024,"height":1024,"caption":"Hema-Free and Tpo-free Solid Color SR-34 Lilac shade-CHROM\u00c9CLAIR"},{"@type":"BreadcrumbList","@id":"https:\/\/chromeclair.com\/product\/hematpo-free-solid-color-sr-34-17ml\/#breadcrumb","itemListElement":[{"@type":"ListItem","position":1,"name":"Home","item":"https:\/\/chromeclair.com\/"},{"@type":"ListItem","position":2,"name":"Shop","item":"https:\/\/chromeclair.com\/shop\/"},{"@type":"ListItem","position":3,"name":"HEMA&amp;TPO FREE SOLID COLOR SR-34 17ML"}]},{"@type":"WebSite","@id":"https:\/\/chromeclair.com\/#website","url":"https:\/\/chromeclair.com\/","name":"Vernis gel Cat Eye \u2013 Sans HEMA ni TPO","description":"Alors que d'autres se concentrent sur l'ajout de couleurs, nous nous concentrons sur l'utilisation d'ingr\u00e9dients plus s\u00fbrs.","publisher":{"@id":"https:\/\/chromeclair.com\/#organization"},"potentialAction":[{"@type":"SearchAction","target":{"@type":"EntryPoint","urlTemplate":"https:\/\/chromeclair.com\/?s={search_term_string}"},"query-input":{"@type":"PropertyValueSpecification","valueRequired":true,"valueName":"search_term_string"}}],"inLanguage":"fr-FR"},{"@type":"Organization","@id":"https:\/\/chromeclair.com\/#organization","name":"Vernis gel Cat Eye \u2013 Sans HEMA ni TPO","url":"https:\/\/chromeclair.com\/","logo":{"@type":"ImageObject","inLanguage":"fr-FR","@id":"https:\/\/chromeclair.com\/#\/schema\/logo\/image\/","url":"https:\/\/chromeclair.com\/wp-content\/uploads\/2025\/06\/cropped-CHROMECLAIR-Logo-scaled-1.png","contentUrl":"https:\/\/chromeclair.com\/wp-content\/uploads\/2025\/06\/cropped-CHROMECLAIR-Logo-scaled-1.png","width":2151,"height":429,"caption":"Cat Eye Gel Polish \u2013 HEMA-Free \uff06 TPO-Free"},"image":{"@id":"https:\/\/chromeclair.com\/#\/schema\/logo\/image\/"}}]}},"_links":{"self":[{"href":"https:\/\/chromeclair.com\/fr\/wp-json\/wp\/v2\/product\/10203","targetHints":{"allow":["GET"]}}],"collection":[{"href":"https:\/\/chromeclair.com\/fr\/wp-json\/wp\/v2\/product"}],"about":[{"href":"https:\/\/chromeclair.com\/fr\/wp-json\/wp\/v2\/types\/product"}],"replies":[{"embeddable":true,"href":"https:\/\/chromeclair.com\/fr\/wp-json\/wp\/v2\/comments?post=10203"}],"wp:featuredmedia":[{"embeddable":true,"href":"https:\/\/chromeclair.com\/fr\/wp-json\/wp\/v2\/media\/10204"}],"wp:attachment":[{"href":"https:\/\/chromeclair.com\/fr\/wp-json\/wp\/v2\/media?parent=10203"}],"wp:term":[{"taxonomy":"product_brand","embeddable":true,"href":"https:\/\/chromeclair.com\/fr\/wp-json\/wp\/v2\/product_brand?post=10203"},{"taxonomy":"product_cat","embeddable":true,"href":"https:\/\/chromeclair.com\/fr\/wp-json\/wp\/v2\/product_cat?post=10203"},{"taxonomy":"product_tag","embeddable":true,"href":"https:\/\/chromeclair.com\/fr\/wp-json\/wp\/v2\/product_tag?post=10203"}],"curies":[{"name":"wp","href":"https:\/\/api.w.org\/{rel}","templated":true}]}}