{"id":10209,"date":"2025-11-12T09:13:35","date_gmt":"2025-11-12T09:13:35","guid":{"rendered":"https:\/\/chromeclair.com\/?post_type=product&#038;p=10209"},"modified":"2026-04-13T04:30:16","modified_gmt":"2026-04-13T04:30:16","slug":"hematpo-free-solid-color-sr-37-17ml","status":"publish","type":"product","link":"https:\/\/chromeclair.com\/fr\/produit\/hematpo-free-solid-color-sr-37-17ml\/","title":{"rendered":"HEMA&amp;TPO FREE SOLID COLOR SR-37 17ML"},"content":{"rendered":"<p>Faites une d\u00e9claration audacieuse avec le dernier de la s\u00e9rie. <\/p>\n\n\n\n<p>SR-37 est un orange vif et \u00e9nergisant, fabriqu\u00e9 sans HEMA ni TPO. <\/p>\n\n\n\n<p>Pr\u00e9sent\u00e9e dans un flacon professionnel de 17 ml, cette teinte hautement pigment\u00e9e est l'outil ultime pour cr\u00e9er des manucures \u00e0 la pointe de la mode qu'il est impossible d'ignorer.<\/p>\n\n\n\n<p><\/p>","protected":false},"excerpt":{"rendered":"<p>Doit \u00eatre utilis\u00e9 avec une lampe UV ou une lampe LED<\/p>","protected":false},"featured_media":10210,"comment_status":"open","ping_status":"closed","template":"","meta":[],"product_brand":[162],"product_cat":[180],"product_tag":[],"class_list":{"0":"post-10209","1":"product","2":"type-product","3":"status-publish","4":"has-post-thumbnail","6":"product_brand-chromeclair","7":"product_cat-solid-color-gel-polish","9":"first","10":"instock","11":"shipping-taxable","12":"purchasable","13":"product-type-simple"},"yoast_head":"<!-- This site is optimized with the Yoast SEO plugin v26.4 - https:\/\/yoast.com\/wordpress\/plugins\/seo\/ -->\n<title>HEMA &amp; TPO Free SR-37 Sunset Orange Gel Polish Bright Color 17ML -CHROM\u00c9CLAIR<\/title>\n<meta name=\"description\" content=\"Go out with a brilliant finish. CHROM\u00c9CLAIR SR-37, a juicy tangerine orange, is HEMA &amp; TPO Free. This final addition to your collection delivers a creamy, opaque finish in a safe 17ML bottle, offering the perfect pop of color to elevate any design with its warm, sunny energy.\" \/>\n<meta name=\"robots\" content=\"index, follow, max-snippet:-1, max-image-preview:large, max-video-preview:-1\" \/>\n<link rel=\"canonical\" href=\"https:\/\/chromeclair.com\/fr\/produit\/hematpo-free-solid-color-sr-37-17ml\/\" \/>\n<meta property=\"og:locale\" content=\"fr_FR\" \/>\n<meta property=\"og:type\" content=\"article\" \/>\n<meta property=\"og:title\" content=\"HEMA &amp; TPO Free SR-37 Sunset Orange Gel Polish Bright Color 17ML -CHROM\u00c9CLAIR\" \/>\n<meta property=\"og:description\" content=\"Go out with a brilliant finish. CHROM\u00c9CLAIR SR-37, a juicy tangerine orange, is HEMA &amp; TPO Free. This final addition to your collection delivers a creamy, opaque finish in a safe 17ML bottle, offering the perfect pop of color to elevate any design with its warm, sunny energy.\" \/>\n<meta property=\"og:url\" content=\"https:\/\/chromeclair.com\/fr\/produit\/hematpo-free-solid-color-sr-37-17ml\/\" \/>\n<meta property=\"og:site_name\" content=\"Cat Eye Gel Polish \u2013 HEMA-Free \uff06 TPO-Free\" \/>\n<meta property=\"article:modified_time\" content=\"2026-04-13T04:30:16+00:00\" \/>\n<meta property=\"og:image\" content=\"https:\/\/chromeclair.com\/wp-content\/uploads\/2025\/11\/SR-37.webp\" \/>\n\t<meta property=\"og:image:width\" content=\"1024\" \/>\n\t<meta property=\"og:image:height\" content=\"1024\" \/>\n\t<meta property=\"og:image:type\" content=\"image\/webp\" \/>\n<meta name=\"twitter:card\" content=\"summary_large_image\" \/>\n<meta name=\"twitter:label1\" content=\"Dur\u00e9e de lecture estim\u00e9e\" \/>\n\t<meta name=\"twitter:data1\" content=\"1 minute\" \/>\n<script type=\"application\/ld+json\" class=\"yoast-schema-graph\">{\"@context\":\"https:\/\/schema.org\",\"@graph\":[{\"@type\":\"WebPage\",\"@id\":\"https:\/\/chromeclair.com\/product\/hematpo-free-solid-color-sr-37-17ml\/\",\"url\":\"https:\/\/chromeclair.com\/product\/hematpo-free-solid-color-sr-37-17ml\/\",\"name\":\"HEMA & TPO Free SR-37 Sunset Orange Gel Polish Bright Color 17ML -CHROM\u00c9CLAIR\",\"isPartOf\":{\"@id\":\"https:\/\/chromeclair.com\/#website\"},\"primaryImageOfPage\":{\"@id\":\"https:\/\/chromeclair.com\/product\/hematpo-free-solid-color-sr-37-17ml\/#primaryimage\"},\"image\":{\"@id\":\"https:\/\/chromeclair.com\/product\/hematpo-free-solid-color-sr-37-17ml\/#primaryimage\"},\"thumbnailUrl\":\"https:\/\/chromeclair.com\/wp-content\/uploads\/2025\/11\/SR-37.webp\",\"datePublished\":\"2025-11-12T09:13:35+00:00\",\"dateModified\":\"2026-04-13T04:30:16+00:00\",\"description\":\"Go out with a brilliant finish. CHROM\u00c9CLAIR SR-37, a juicy tangerine orange, is HEMA & TPO Free. This final addition to your collection delivers a creamy, opaque finish in a safe 17ML bottle, offering the perfect pop of color to elevate any design with its warm, sunny energy.\",\"breadcrumb\":{\"@id\":\"https:\/\/chromeclair.com\/product\/hematpo-free-solid-color-sr-37-17ml\/#breadcrumb\"},\"inLanguage\":\"fr-FR\",\"potentialAction\":[{\"@type\":\"ReadAction\",\"target\":[\"https:\/\/chromeclair.com\/product\/hematpo-free-solid-color-sr-37-17ml\/\"]}]},{\"@type\":\"ImageObject\",\"inLanguage\":\"fr-FR\",\"@id\":\"https:\/\/chromeclair.com\/product\/hematpo-free-solid-color-sr-37-17ml\/#primaryimage\",\"url\":\"https:\/\/chromeclair.com\/wp-content\/uploads\/2025\/11\/SR-37.webp\",\"contentUrl\":\"https:\/\/chromeclair.com\/wp-content\/uploads\/2025\/11\/SR-37.webp\",\"width\":1024,\"height\":1024,\"caption\":\"Hema-Free and Tpo-free Solid Color SR-37 nude shade-CHROM\u00c9CLAIR\"},{\"@type\":\"BreadcrumbList\",\"@id\":\"https:\/\/chromeclair.com\/product\/hematpo-free-solid-color-sr-37-17ml\/#breadcrumb\",\"itemListElement\":[{\"@type\":\"ListItem\",\"position\":1,\"name\":\"Home\",\"item\":\"https:\/\/chromeclair.com\/\"},{\"@type\":\"ListItem\",\"position\":2,\"name\":\"Shop\",\"item\":\"https:\/\/chromeclair.com\/shop\/\"},{\"@type\":\"ListItem\",\"position\":3,\"name\":\"HEMA&amp;TPO FREE SOLID COLOR SR-37 17ML\"}]},{\"@type\":\"WebSite\",\"@id\":\"https:\/\/chromeclair.com\/#website\",\"url\":\"https:\/\/chromeclair.com\/\",\"name\":\"Cat Eye Gel Polish \u2013 HEMA-Free \uff06 TPO-Free\",\"description\":\"While others focus on having more colors, we focus on having safer ingredients.\",\"publisher\":{\"@id\":\"https:\/\/chromeclair.com\/#organization\"},\"potentialAction\":[{\"@type\":\"SearchAction\",\"target\":{\"@type\":\"EntryPoint\",\"urlTemplate\":\"https:\/\/chromeclair.com\/?s={search_term_string}\"},\"query-input\":{\"@type\":\"PropertyValueSpecification\",\"valueRequired\":true,\"valueName\":\"search_term_string\"}}],\"inLanguage\":\"fr-FR\"},{\"@type\":\"Organization\",\"@id\":\"https:\/\/chromeclair.com\/#organization\",\"name\":\"Cat Eye Gel Polish \u2013 HEMA-Free \uff06 TPO-Free\",\"url\":\"https:\/\/chromeclair.com\/\",\"logo\":{\"@type\":\"ImageObject\",\"inLanguage\":\"fr-FR\",\"@id\":\"https:\/\/chromeclair.com\/#\/schema\/logo\/image\/\",\"url\":\"https:\/\/chromeclair.com\/wp-content\/uploads\/2025\/06\/cropped-CHROMECLAIR-Logo-scaled-1.png\",\"contentUrl\":\"https:\/\/chromeclair.com\/wp-content\/uploads\/2025\/06\/cropped-CHROMECLAIR-Logo-scaled-1.png\",\"width\":2151,\"height\":429,\"caption\":\"Cat Eye Gel Polish \u2013 HEMA-Free \uff06 TPO-Free\"},\"image\":{\"@id\":\"https:\/\/chromeclair.com\/#\/schema\/logo\/image\/\"}}]}<\/script>\n<!-- \/ Yoast SEO plugin. -->","yoast_head_json":{"title":"Sans HEMA ni TPO SR-37 Sunset Orange Gel Polish Bright Color 17ML -CHROM\u00c9CLAIR","description":"Sortez avec une finition brillante. CHROM\u00c9CLAIR SR-37, un orange tangerine juteux, est exempt de HEMA et de TPO. Cette derni\u00e8re addition \u00e0 votre collection offre un fini cr\u00e9meux et opaque dans un flacon s\u00e9curitaire de 17ML, offrant le parfait \u00e9clat de couleur pour rehausser n'importe quel design avec son \u00e9nergie chaude et ensoleill\u00e9e.","robots":{"index":"index","follow":"follow","max-snippet":"max-snippet:-1","max-image-preview":"max-image-preview:large","max-video-preview":"max-video-preview:-1"},"canonical":"https:\/\/chromeclair.com\/fr\/produit\/hematpo-free-solid-color-sr-37-17ml\/","og_locale":"fr_FR","og_type":"article","og_title":"HEMA & TPO Free SR-37 Sunset Orange Gel Polish Bright Color 17ML -CHROM\u00c9CLAIR","og_description":"Go out with a brilliant finish. CHROM\u00c9CLAIR SR-37, a juicy tangerine orange, is HEMA & TPO Free. This final addition to your collection delivers a creamy, opaque finish in a safe 17ML bottle, offering the perfect pop of color to elevate any design with its warm, sunny energy.","og_url":"https:\/\/chromeclair.com\/fr\/produit\/hematpo-free-solid-color-sr-37-17ml\/","og_site_name":"Cat Eye Gel Polish \u2013 HEMA-Free \uff06 TPO-Free","article_modified_time":"2026-04-13T04:30:16+00:00","og_image":[{"width":1024,"height":1024,"url":"https:\/\/chromeclair.com\/wp-content\/uploads\/2025\/11\/SR-37.webp","type":"image\/webp"}],"twitter_card":"summary_large_image","twitter_misc":{"Dur\u00e9e de lecture estim\u00e9e":"1 minute"},"schema":{"@context":"https:\/\/schema.org","@graph":[{"@type":"WebPage","@id":"https:\/\/chromeclair.com\/product\/hematpo-free-solid-color-sr-37-17ml\/","url":"https:\/\/chromeclair.com\/product\/hematpo-free-solid-color-sr-37-17ml\/","name":"Sans HEMA ni TPO SR-37 Sunset Orange Gel Polish Bright Color 17ML -CHROM\u00c9CLAIR","isPartOf":{"@id":"https:\/\/chromeclair.com\/#website"},"primaryImageOfPage":{"@id":"https:\/\/chromeclair.com\/product\/hematpo-free-solid-color-sr-37-17ml\/#primaryimage"},"image":{"@id":"https:\/\/chromeclair.com\/product\/hematpo-free-solid-color-sr-37-17ml\/#primaryimage"},"thumbnailUrl":"https:\/\/chromeclair.com\/wp-content\/uploads\/2025\/11\/SR-37.webp","datePublished":"2025-11-12T09:13:35+00:00","dateModified":"2026-04-13T04:30:16+00:00","description":"Sortez avec une finition brillante. CHROM\u00c9CLAIR SR-37, un orange tangerine juteux, est exempt de HEMA et de TPO. Cette derni\u00e8re addition \u00e0 votre collection offre un fini cr\u00e9meux et opaque dans un flacon s\u00e9curitaire de 17ML, offrant le parfait \u00e9clat de couleur pour rehausser n'importe quel design avec son \u00e9nergie chaude et ensoleill\u00e9e.","breadcrumb":{"@id":"https:\/\/chromeclair.com\/product\/hematpo-free-solid-color-sr-37-17ml\/#breadcrumb"},"inLanguage":"fr-FR","potentialAction":[{"@type":"ReadAction","target":["https:\/\/chromeclair.com\/product\/hematpo-free-solid-color-sr-37-17ml\/"]}]},{"@type":"ImageObject","inLanguage":"fr-FR","@id":"https:\/\/chromeclair.com\/product\/hematpo-free-solid-color-sr-37-17ml\/#primaryimage","url":"https:\/\/chromeclair.com\/wp-content\/uploads\/2025\/11\/SR-37.webp","contentUrl":"https:\/\/chromeclair.com\/wp-content\/uploads\/2025\/11\/SR-37.webp","width":1024,"height":1024,"caption":"Hema-Free and Tpo-free Solid Color SR-37 nude shade-CHROM\u00c9CLAIR"},{"@type":"BreadcrumbList","@id":"https:\/\/chromeclair.com\/product\/hematpo-free-solid-color-sr-37-17ml\/#breadcrumb","itemListElement":[{"@type":"ListItem","position":1,"name":"Home","item":"https:\/\/chromeclair.com\/"},{"@type":"ListItem","position":2,"name":"Shop","item":"https:\/\/chromeclair.com\/shop\/"},{"@type":"ListItem","position":3,"name":"HEMA&amp;TPO FREE SOLID COLOR SR-37 17ML"}]},{"@type":"WebSite","@id":"https:\/\/chromeclair.com\/#website","url":"https:\/\/chromeclair.com\/","name":"Vernis gel Cat Eye \u2013 Sans HEMA ni TPO","description":"Alors que d'autres se concentrent sur l'ajout de couleurs, nous nous concentrons sur l'utilisation d'ingr\u00e9dients plus s\u00fbrs.","publisher":{"@id":"https:\/\/chromeclair.com\/#organization"},"potentialAction":[{"@type":"SearchAction","target":{"@type":"EntryPoint","urlTemplate":"https:\/\/chromeclair.com\/?s={search_term_string}"},"query-input":{"@type":"PropertyValueSpecification","valueRequired":true,"valueName":"search_term_string"}}],"inLanguage":"fr-FR"},{"@type":"Organization","@id":"https:\/\/chromeclair.com\/#organization","name":"Vernis gel Cat Eye \u2013 Sans HEMA ni TPO","url":"https:\/\/chromeclair.com\/","logo":{"@type":"ImageObject","inLanguage":"fr-FR","@id":"https:\/\/chromeclair.com\/#\/schema\/logo\/image\/","url":"https:\/\/chromeclair.com\/wp-content\/uploads\/2025\/06\/cropped-CHROMECLAIR-Logo-scaled-1.png","contentUrl":"https:\/\/chromeclair.com\/wp-content\/uploads\/2025\/06\/cropped-CHROMECLAIR-Logo-scaled-1.png","width":2151,"height":429,"caption":"Cat Eye Gel Polish \u2013 HEMA-Free \uff06 TPO-Free"},"image":{"@id":"https:\/\/chromeclair.com\/#\/schema\/logo\/image\/"}}]}},"_links":{"self":[{"href":"https:\/\/chromeclair.com\/fr\/wp-json\/wp\/v2\/product\/10209","targetHints":{"allow":["GET"]}}],"collection":[{"href":"https:\/\/chromeclair.com\/fr\/wp-json\/wp\/v2\/product"}],"about":[{"href":"https:\/\/chromeclair.com\/fr\/wp-json\/wp\/v2\/types\/product"}],"replies":[{"embeddable":true,"href":"https:\/\/chromeclair.com\/fr\/wp-json\/wp\/v2\/comments?post=10209"}],"wp:featuredmedia":[{"embeddable":true,"href":"https:\/\/chromeclair.com\/fr\/wp-json\/wp\/v2\/media\/10210"}],"wp:attachment":[{"href":"https:\/\/chromeclair.com\/fr\/wp-json\/wp\/v2\/media?parent=10209"}],"wp:term":[{"taxonomy":"product_brand","embeddable":true,"href":"https:\/\/chromeclair.com\/fr\/wp-json\/wp\/v2\/product_brand?post=10209"},{"taxonomy":"product_cat","embeddable":true,"href":"https:\/\/chromeclair.com\/fr\/wp-json\/wp\/v2\/product_cat?post=10209"},{"taxonomy":"product_tag","embeddable":true,"href":"https:\/\/chromeclair.com\/fr\/wp-json\/wp\/v2\/product_tag?post=10209"}],"curies":[{"name":"wp","href":"https:\/\/api.w.org\/{rel}","templated":true}]}}