{"id":10246,"date":"2025-11-14T07:05:43","date_gmt":"2025-11-14T07:05:43","guid":{"rendered":"https:\/\/chromeclair.com\/?post_type=product&#038;p=10246"},"modified":"2026-02-05T09:52:02","modified_gmt":"2026-02-05T09:52:02","slug":"hema-tpo-free-no-wipe-top-coat-15ml","status":"publish","type":"product","link":"https:\/\/chromeclair.com\/fr\/produit\/hema-tpo-free-no-wipe-top-coat-15ml\/","title":{"rendered":"Top Coat sans HEMA ni TPO 15ML"},"content":{"rendered":"<p>Rapidit\u00e9 et perfection \u00e0 la fois. <\/p>\n\n\n\n<p>Notre couche de finition sans essuyage est exempte de HEMA et de TPO, ce qui \u00e9limine le besoin de nettoyage et vous permet de gagner un temps pr\u00e9cieux. <\/p>\n\n\n\n<p>Cette formule professionnelle de 15 ml durcit pour donner une finition brillante et cristalline avec une excellente r\u00e9sistance aux rayures et au jaunissement. <\/p>\n\n\n\n<p>Utilisez notre poudre miroir professionnelle pour garantir que votre manucure reste impeccable pendant longtemps.<\/p>\n\n\n\n<p><\/p>","protected":false},"excerpt":{"rendered":"<p>Doit \u00eatre utilis\u00e9 avec une lampe UV ou une lampe LED<\/p>","protected":false},"featured_media":10715,"comment_status":"open","ping_status":"closed","template":"","meta":[],"product_brand":[162],"product_cat":[178],"product_tag":[],"class_list":{"0":"post-10246","1":"product","2":"type-product","3":"status-publish","4":"has-post-thumbnail","6":"product_brand-chromeclair","7":"product_cat-base-top-coat","9":"first","10":"instock","11":"shipping-taxable","12":"purchasable","13":"product-type-simple"},"yoast_head":"<!-- This site is optimized with the Yoast SEO plugin v26.4 - https:\/\/yoast.com\/wordpress\/plugins\/seo\/ -->\n<title>HEMA &amp; TPO Free No Wipe Top Coat - Fast Curing Mirror Finish 15ML -CHROM\u00c9CLAIR<\/title>\n<meta name=\"description\" content=\"Achieve a perfect mirror-like shine without wiping. CHROM\u00c9CLAIR no-wipe top coat gel is formulated with a strict safety margin, free of HEMA and TPO, making it hypoallergenic. It achieves a glass-like shine after UV\/LED lamp treatment. When used with the Magic Mirror Powder, its non-yellowing formula ensures your vibrant colors and intricate nail designs last a long time.\" \/>\n<meta name=\"robots\" content=\"index, follow, max-snippet:-1, max-image-preview:large, max-video-preview:-1\" \/>\n<link rel=\"canonical\" href=\"https:\/\/chromeclair.com\/fr\/produit\/hema-tpo-free-no-wipe-top-coat-15ml\/\" \/>\n<meta property=\"og:locale\" content=\"fr_FR\" \/>\n<meta property=\"og:type\" content=\"article\" \/>\n<meta property=\"og:title\" content=\"HEMA &amp; TPO Free No Wipe Top Coat - Fast Curing Mirror Finish 15ML -CHROM\u00c9CLAIR\" \/>\n<meta property=\"og:description\" content=\"Achieve a perfect mirror-like shine without wiping. CHROM\u00c9CLAIR no-wipe top coat gel is formulated with a strict safety margin, free of HEMA and TPO, making it hypoallergenic. It achieves a glass-like shine after UV\/LED lamp treatment. When used with the Magic Mirror Powder, its non-yellowing formula ensures your vibrant colors and intricate nail designs last a long time.\" \/>\n<meta property=\"og:url\" content=\"https:\/\/chromeclair.com\/fr\/produit\/hema-tpo-free-no-wipe-top-coat-15ml\/\" \/>\n<meta property=\"og:site_name\" content=\"chromeclair.com\" \/>\n<meta property=\"article:modified_time\" content=\"2026-02-05T09:52:02+00:00\" \/>\n<meta property=\"og:image\" content=\"https:\/\/chromeclair.com\/wp-content\/uploads\/2025\/11\/No-Wipe-Top-Coat-1-2.webp\" \/>\n\t<meta property=\"og:image:width\" content=\"1000\" \/>\n\t<meta property=\"og:image:height\" content=\"1000\" \/>\n\t<meta property=\"og:image:type\" content=\"image\/webp\" \/>\n<meta name=\"twitter:card\" content=\"summary_large_image\" \/>\n<meta name=\"twitter:label1\" content=\"Dur\u00e9e de lecture estim\u00e9e\" \/>\n\t<meta name=\"twitter:data1\" content=\"1 minute\" \/>\n<script type=\"application\/ld+json\" class=\"yoast-schema-graph\">{\"@context\":\"https:\/\/schema.org\",\"@graph\":[{\"@type\":\"WebPage\",\"@id\":\"https:\/\/chromeclair.com\/product\/hema-tpo-free-no-wipe-top-coat-15ml\/\",\"url\":\"https:\/\/chromeclair.com\/product\/hema-tpo-free-no-wipe-top-coat-15ml\/\",\"name\":\"HEMA & TPO Free No Wipe Top Coat - Fast Curing Mirror Finish 15ML -CHROM\u00c9CLAIR\",\"isPartOf\":{\"@id\":\"https:\/\/chromeclair.com\/#website\"},\"primaryImageOfPage\":{\"@id\":\"https:\/\/chromeclair.com\/product\/hema-tpo-free-no-wipe-top-coat-15ml\/#primaryimage\"},\"image\":{\"@id\":\"https:\/\/chromeclair.com\/product\/hema-tpo-free-no-wipe-top-coat-15ml\/#primaryimage\"},\"thumbnailUrl\":\"https:\/\/chromeclair.com\/wp-content\/uploads\/2025\/11\/No-Wipe-Top-Coat-1-2.webp\",\"datePublished\":\"2025-11-14T07:05:43+00:00\",\"dateModified\":\"2026-02-05T09:52:02+00:00\",\"description\":\"Achieve a perfect mirror-like shine without wiping. CHROM\u00c9CLAIR no-wipe top coat gel is formulated with a strict safety margin, free of HEMA and TPO, making it hypoallergenic. It achieves a glass-like shine after UV\/LED lamp treatment. When used with the Magic Mirror Powder, its non-yellowing formula ensures your vibrant colors and intricate nail designs last a long time.\",\"breadcrumb\":{\"@id\":\"https:\/\/chromeclair.com\/product\/hema-tpo-free-no-wipe-top-coat-15ml\/#breadcrumb\"},\"inLanguage\":\"fr-FR\",\"potentialAction\":[{\"@type\":\"ReadAction\",\"target\":[\"https:\/\/chromeclair.com\/product\/hema-tpo-free-no-wipe-top-coat-15ml\/\"]}]},{\"@type\":\"ImageObject\",\"inLanguage\":\"fr-FR\",\"@id\":\"https:\/\/chromeclair.com\/product\/hema-tpo-free-no-wipe-top-coat-15ml\/#primaryimage\",\"url\":\"https:\/\/chromeclair.com\/wp-content\/uploads\/2025\/11\/No-Wipe-Top-Coat-1-2.webp\",\"contentUrl\":\"https:\/\/chromeclair.com\/wp-content\/uploads\/2025\/11\/No-Wipe-Top-Coat-1-2.webp\",\"width\":1000,\"height\":1000,\"caption\":\"Hema-Free and Tpo-Free No Wipe Top Coat-1 -CHROM\u00c9CLAIR\"},{\"@type\":\"BreadcrumbList\",\"@id\":\"https:\/\/chromeclair.com\/product\/hema-tpo-free-no-wipe-top-coat-15ml\/#breadcrumb\",\"itemListElement\":[{\"@type\":\"ListItem\",\"position\":1,\"name\":\"Home\",\"item\":\"https:\/\/chromeclair.com\/\"},{\"@type\":\"ListItem\",\"position\":2,\"name\":\"Shop\",\"item\":\"https:\/\/chromeclair.com\/shop\/\"},{\"@type\":\"ListItem\",\"position\":3,\"name\":\"HEMA &amp; TPO Free No Wipe Top Coat 15ML\"}]},{\"@type\":\"WebSite\",\"@id\":\"https:\/\/chromeclair.com\/#website\",\"url\":\"https:\/\/chromeclair.com\/\",\"name\":\"chromeclair.com\",\"description\":\"\",\"publisher\":{\"@id\":\"https:\/\/chromeclair.com\/#organization\"},\"potentialAction\":[{\"@type\":\"SearchAction\",\"target\":{\"@type\":\"EntryPoint\",\"urlTemplate\":\"https:\/\/chromeclair.com\/?s={search_term_string}\"},\"query-input\":{\"@type\":\"PropertyValueSpecification\",\"valueRequired\":true,\"valueName\":\"search_term_string\"}}],\"inLanguage\":\"fr-FR\"},{\"@type\":\"Organization\",\"@id\":\"https:\/\/chromeclair.com\/#organization\",\"name\":\"chromeclair.com\",\"url\":\"https:\/\/chromeclair.com\/\",\"logo\":{\"@type\":\"ImageObject\",\"inLanguage\":\"fr-FR\",\"@id\":\"https:\/\/chromeclair.com\/#\/schema\/logo\/image\/\",\"url\":\"https:\/\/chromeclair.com\/wp-content\/uploads\/2025\/06\/cropped-CHROMECLAIR-Logo-scaled-1.png\",\"contentUrl\":\"https:\/\/chromeclair.com\/wp-content\/uploads\/2025\/06\/cropped-CHROMECLAIR-Logo-scaled-1.png\",\"width\":2151,\"height\":429,\"caption\":\"chromeclair.com\"},\"image\":{\"@id\":\"https:\/\/chromeclair.com\/#\/schema\/logo\/image\/\"}}]}<\/script>\n<!-- \/ Yoast SEO plugin. -->","yoast_head_json":{"title":"Top Coat sans HEMA ni TPO, sans essuyage, \u00e0 s\u00e9chage rapide et fini miroir 15ML -CHROM\u00c9CLAIR","description":"Obtenez une brillance parfaite comme un miroir sans essuyage. Le gel top coat CHROM\u00c9CLAIR sans essuyage est formul\u00e9 avec une marge de s\u00e9curit\u00e9 stricte, sans HEMA ni TPO, ce qui le rend hypoallerg\u00e9nique. Il atteint une brillance semblable \u00e0 celle du verre apr\u00e8s un traitement \u00e0 la lampe UV\/LED. Lorsqu'il est utilis\u00e9 avec la poudre Magic Mirror, sa formule non jaunissante garantit que vos couleurs vibrantes et vos dessins d'ongles complexes durent longtemps.","robots":{"index":"index","follow":"follow","max-snippet":"max-snippet:-1","max-image-preview":"max-image-preview:large","max-video-preview":"max-video-preview:-1"},"canonical":"https:\/\/chromeclair.com\/fr\/produit\/hema-tpo-free-no-wipe-top-coat-15ml\/","og_locale":"fr_FR","og_type":"article","og_title":"HEMA & TPO Free No Wipe Top Coat - Fast Curing Mirror Finish 15ML -CHROM\u00c9CLAIR","og_description":"Achieve a perfect mirror-like shine without wiping. CHROM\u00c9CLAIR no-wipe top coat gel is formulated with a strict safety margin, free of HEMA and TPO, making it hypoallergenic. It achieves a glass-like shine after UV\/LED lamp treatment. When used with the Magic Mirror Powder, its non-yellowing formula ensures your vibrant colors and intricate nail designs last a long time.","og_url":"https:\/\/chromeclair.com\/fr\/produit\/hema-tpo-free-no-wipe-top-coat-15ml\/","og_site_name":"chromeclair.com","article_modified_time":"2026-02-05T09:52:02+00:00","og_image":[{"width":1000,"height":1000,"url":"https:\/\/chromeclair.com\/wp-content\/uploads\/2025\/11\/No-Wipe-Top-Coat-1-2.webp","type":"image\/webp"}],"twitter_card":"summary_large_image","twitter_misc":{"Dur\u00e9e de lecture estim\u00e9e":"1 minute"},"schema":{"@context":"https:\/\/schema.org","@graph":[{"@type":"WebPage","@id":"https:\/\/chromeclair.com\/product\/hema-tpo-free-no-wipe-top-coat-15ml\/","url":"https:\/\/chromeclair.com\/product\/hema-tpo-free-no-wipe-top-coat-15ml\/","name":"Top Coat sans HEMA ni TPO, sans essuyage, \u00e0 s\u00e9chage rapide et fini miroir 15ML -CHROM\u00c9CLAIR","isPartOf":{"@id":"https:\/\/chromeclair.com\/#website"},"primaryImageOfPage":{"@id":"https:\/\/chromeclair.com\/product\/hema-tpo-free-no-wipe-top-coat-15ml\/#primaryimage"},"image":{"@id":"https:\/\/chromeclair.com\/product\/hema-tpo-free-no-wipe-top-coat-15ml\/#primaryimage"},"thumbnailUrl":"https:\/\/chromeclair.com\/wp-content\/uploads\/2025\/11\/No-Wipe-Top-Coat-1-2.webp","datePublished":"2025-11-14T07:05:43+00:00","dateModified":"2026-02-05T09:52:02+00:00","description":"Obtenez une brillance parfaite comme un miroir sans essuyage. Le gel top coat CHROM\u00c9CLAIR sans essuyage est formul\u00e9 avec une marge de s\u00e9curit\u00e9 stricte, sans HEMA ni TPO, ce qui le rend hypoallerg\u00e9nique. Il atteint une brillance semblable \u00e0 celle du verre apr\u00e8s un traitement \u00e0 la lampe UV\/LED. Lorsqu'il est utilis\u00e9 avec la poudre Magic Mirror, sa formule non jaunissante garantit que vos couleurs vibrantes et vos dessins d'ongles complexes durent longtemps.","breadcrumb":{"@id":"https:\/\/chromeclair.com\/product\/hema-tpo-free-no-wipe-top-coat-15ml\/#breadcrumb"},"inLanguage":"fr-FR","potentialAction":[{"@type":"ReadAction","target":["https:\/\/chromeclair.com\/product\/hema-tpo-free-no-wipe-top-coat-15ml\/"]}]},{"@type":"ImageObject","inLanguage":"fr-FR","@id":"https:\/\/chromeclair.com\/product\/hema-tpo-free-no-wipe-top-coat-15ml\/#primaryimage","url":"https:\/\/chromeclair.com\/wp-content\/uploads\/2025\/11\/No-Wipe-Top-Coat-1-2.webp","contentUrl":"https:\/\/chromeclair.com\/wp-content\/uploads\/2025\/11\/No-Wipe-Top-Coat-1-2.webp","width":1000,"height":1000,"caption":"Hema-Free and Tpo-Free No Wipe Top Coat-1 -CHROM\u00c9CLAIR"},{"@type":"BreadcrumbList","@id":"https:\/\/chromeclair.com\/product\/hema-tpo-free-no-wipe-top-coat-15ml\/#breadcrumb","itemListElement":[{"@type":"ListItem","position":1,"name":"Home","item":"https:\/\/chromeclair.com\/"},{"@type":"ListItem","position":2,"name":"Shop","item":"https:\/\/chromeclair.com\/shop\/"},{"@type":"ListItem","position":3,"name":"HEMA &amp; TPO Free No Wipe Top Coat 15ML"}]},{"@type":"WebSite","@id":"https:\/\/chromeclair.com\/#website","url":"https:\/\/chromeclair.com\/","name":"chromeclair.com","description":"","publisher":{"@id":"https:\/\/chromeclair.com\/#organization"},"potentialAction":[{"@type":"SearchAction","target":{"@type":"EntryPoint","urlTemplate":"https:\/\/chromeclair.com\/?s={search_term_string}"},"query-input":{"@type":"PropertyValueSpecification","valueRequired":true,"valueName":"search_term_string"}}],"inLanguage":"fr-FR"},{"@type":"Organization","@id":"https:\/\/chromeclair.com\/#organization","name":"chromeclair.com","url":"https:\/\/chromeclair.com\/","logo":{"@type":"ImageObject","inLanguage":"fr-FR","@id":"https:\/\/chromeclair.com\/#\/schema\/logo\/image\/","url":"https:\/\/chromeclair.com\/wp-content\/uploads\/2025\/06\/cropped-CHROMECLAIR-Logo-scaled-1.png","contentUrl":"https:\/\/chromeclair.com\/wp-content\/uploads\/2025\/06\/cropped-CHROMECLAIR-Logo-scaled-1.png","width":2151,"height":429,"caption":"chromeclair.com"},"image":{"@id":"https:\/\/chromeclair.com\/#\/schema\/logo\/image\/"}}]}},"_links":{"self":[{"href":"https:\/\/chromeclair.com\/fr\/wp-json\/wp\/v2\/product\/10246","targetHints":{"allow":["GET"]}}],"collection":[{"href":"https:\/\/chromeclair.com\/fr\/wp-json\/wp\/v2\/product"}],"about":[{"href":"https:\/\/chromeclair.com\/fr\/wp-json\/wp\/v2\/types\/product"}],"replies":[{"embeddable":true,"href":"https:\/\/chromeclair.com\/fr\/wp-json\/wp\/v2\/comments?post=10246"}],"wp:featuredmedia":[{"embeddable":true,"href":"https:\/\/chromeclair.com\/fr\/wp-json\/wp\/v2\/media\/10715"}],"wp:attachment":[{"href":"https:\/\/chromeclair.com\/fr\/wp-json\/wp\/v2\/media?parent=10246"}],"wp:term":[{"taxonomy":"product_brand","embeddable":true,"href":"https:\/\/chromeclair.com\/fr\/wp-json\/wp\/v2\/product_brand?post=10246"},{"taxonomy":"product_cat","embeddable":true,"href":"https:\/\/chromeclair.com\/fr\/wp-json\/wp\/v2\/product_cat?post=10246"},{"taxonomy":"product_tag","embeddable":true,"href":"https:\/\/chromeclair.com\/fr\/wp-json\/wp\/v2\/product_tag?post=10246"}],"curies":[{"name":"wp","href":"https:\/\/api.w.org\/{rel}","templated":true}]}}